{"id":133111,"date":"2023-01-04T00:00:00","date_gmt":"2023-01-04T00:00:00","guid":{"rendered":"https:\/\/www.iplay.com\/games\/mystery-solitaire-dreamcatcher-3\/"},"modified":"2023-01-04T00:00:00","modified_gmt":"2023-01-04T00:00:00","slug":"mystery-solitaire-dreamcatcher-3","status":"publish","type":"product","link":"https:\/\/www.iplay.com\/fr\/games\/mystery-solitaire-dreamcatcher-3\/","title":{"rendered":"Mystery Solitaire Dreamcatcher 3"},"content":{"rendered":"<p>Dans une tentative de retrouver son fr\u00e8re perdu, une fille est entr\u00e9e dans le royaume des r\u00eaves et des visions ! Les r\u00eaves sont un endroit effrayant et sans fin, mais la fille n\u2019abandonnera pas tant qu\u2019elle n\u2019aura pas atteint son objectif ! Elle pourrait passer le reste de sa vie coinc\u00e9e dans le pays des r\u00eaves si elle ne se r\u00e9veille pas \u00e0 temps. D\u00e9couvrez des endroits incroyables, aidez la fille endormie \u00e0 retrouver son fr\u00e8re et percez tous les myst\u00e8res du monde des r\u00eaves ! Vous allez vous lancer dans un voyage incroyable rempli de mises en page de cartes \u00e9labor\u00e9es ! Vous y parviendrez, mais cela demandera un peu de travail !     <\/p>\n<p>&nbsp;<\/p>\n<p>&nbsp;<\/p>\n<p><strong>Fonctionnalit\u00e9s:<\/strong><\/p>\n<p>&nbsp;<\/p>\n<p>&#8211; Montrez votre valeur en terminant chaque niveau !<br \/>\n&#8211; Cr\u00e9ez des cha\u00eenes de cartes dans le jeu de cartes solitaire ! Il n\u2019y a jamais de moment d\u2019ennui \u00e0 cause des niveaux incroyablement excitants ! <\/p>\n<p>&#8211; Les visuels anim\u00e9s et la musique sur le th\u00e8me des pirates font de ce solitaire un gagnant !<\/p>\n<p>&#8211; Les jokers vous permettent de vous d\u00e9fausser des cartes plus rapidement et d\u2019augmenter le multiplicateur de combinaison pour augmenter vos gains de pi\u00e8ces !<\/p>\n<p>&#8211; Les joueurs audacieux vont se r\u00e9galer avec plus de 15 prix et missions sp\u00e9ciales !<\/p>\n","protected":false},"excerpt":{"rendered":"<p>Avec Mystery Solitaire Dreamcatcher 3, vous pouvez jouer au solitaire et r\u00e9soudre les myst\u00e8res du royaume des r\u00eaves.<\/p>\n","protected":false},"author":13,"featured_media":74821,"comment_status":"open","ping_status":"closed","template":"","meta":{"_acf_changed":false,"inline_featured_image":false},"product_brand":[],"product_cat":[155,207],"product_tag":[287],"class_list":{"0":"post-133111","1":"product","2":"type-product","3":"status-publish","4":"has-post-thumbnail","6":"product_cat-card-fr-2","7":"product_cat-solitaire-fr","8":"product_tag-play-on-pc-fr","10":"first","11":"instock","12":"shipping-taxable","13":"purchasable","14":"product-type-simple"},"acf":[],"yoast_head":"<!-- This site is optimized with the Yoast SEO Premium plugin v25.2 (Yoast SEO v25.2) - https:\/\/yoast.com\/wordpress\/plugins\/seo\/ -->\n<title>Mystery Solitaire Dreamcatcher 3 - Jouez au solitaire et percez les myst\u00e8res du monde des r\u00eaves<\/title>\n<meta name=\"description\" content=\"Avec Mystery Solitaire Dreamcatcher 3, vous pouvez jouer au solitaire et r\u00e9soudre les myst\u00e8res du royaume des r\u00eaves.\" \/>\n<meta name=\"robots\" content=\"index, follow, max-snippet:-1, max-image-preview:large, max-video-preview:-1\" \/>\n<link rel=\"canonical\" href=\"https:\/\/www.iplay.com\/fr\/games\/mystery-solitaire-dreamcatcher-3\/\" \/>\n<meta property=\"og:locale\" content=\"fr_FR\" \/>\n<meta property=\"og:type\" content=\"article\" \/>\n<meta property=\"og:title\" content=\"Mystery Solitaire Dreamcatcher 3\" \/>\n<meta property=\"og:description\" content=\"Avec Mystery Solitaire Dreamcatcher 3, vous pouvez jouer au solitaire et r\u00e9soudre les myst\u00e8res du royaume des r\u00eaves.\" \/>\n<meta property=\"og:url\" content=\"https:\/\/www.iplay.com\/fr\/games\/mystery-solitaire-dreamcatcher-3\/\" \/>\n<meta property=\"og:site_name\" content=\"IPlay\" \/>\n<meta property=\"og:image\" content=\"https:\/\/www.iplay.com\/wp-content\/uploads\/2023\/12\/large_square_tile_image-2170.jpg\" \/>\n\t<meta property=\"og:image:width\" content=\"310\" \/>\n\t<meta property=\"og:image:height\" content=\"310\" \/>\n\t<meta property=\"og:image:type\" content=\"image\/jpeg\" \/>\n<meta name=\"twitter:card\" content=\"summary_large_image\" \/>\n<meta name=\"twitter:label1\" content=\"Dur\u00e9e de lecture estim\u00e9e\" \/>\n\t<meta name=\"twitter:data1\" content=\"1 minute\" \/>\n<script type=\"application\/ld+json\" class=\"yoast-schema-graph\">{\"@context\":\"https:\/\/schema.org\",\"@graph\":[{\"@type\":\"WebPage\",\"@id\":\"https:\/\/www.iplay.com\/fr\/games\/mystery-solitaire-dreamcatcher-3\/\",\"url\":\"https:\/\/www.iplay.com\/fr\/games\/mystery-solitaire-dreamcatcher-3\/\",\"name\":\"Mystery Solitaire Dreamcatcher 3 - Jouez au solitaire et percez les myst\u00e8res du monde des r\u00eaves\",\"isPartOf\":{\"@id\":\"https:\/\/www.iplay.com\/en\/#website\"},\"primaryImageOfPage\":{\"@id\":\"https:\/\/www.iplay.com\/fr\/games\/mystery-solitaire-dreamcatcher-3\/#primaryimage\"},\"image\":{\"@id\":\"https:\/\/www.iplay.com\/fr\/games\/mystery-solitaire-dreamcatcher-3\/#primaryimage\"},\"thumbnailUrl\":\"https:\/\/www.iplay.com\/wp-content\/uploads\/2023\/12\/large_square_tile_image-2170.jpg\",\"datePublished\":\"2023-01-04T00:00:00+00:00\",\"description\":\"Avec Mystery Solitaire Dreamcatcher 3, vous pouvez jouer au solitaire et r\u00e9soudre les myst\u00e8res du royaume des r\u00eaves.\",\"breadcrumb\":{\"@id\":\"https:\/\/www.iplay.com\/fr\/games\/mystery-solitaire-dreamcatcher-3\/#breadcrumb\"},\"inLanguage\":\"fr-FR\",\"potentialAction\":[{\"@type\":\"ReadAction\",\"target\":[\"https:\/\/www.iplay.com\/fr\/games\/mystery-solitaire-dreamcatcher-3\/\"]}]},{\"@type\":\"ImageObject\",\"inLanguage\":\"fr-FR\",\"@id\":\"https:\/\/www.iplay.com\/fr\/games\/mystery-solitaire-dreamcatcher-3\/#primaryimage\",\"url\":\"https:\/\/www.iplay.com\/wp-content\/uploads\/2023\/12\/large_square_tile_image-2170.jpg\",\"contentUrl\":\"https:\/\/www.iplay.com\/wp-content\/uploads\/2023\/12\/large_square_tile_image-2170.jpg\",\"width\":310,\"height\":310},{\"@type\":\"BreadcrumbList\",\"@id\":\"https:\/\/www.iplay.com\/fr\/games\/mystery-solitaire-dreamcatcher-3\/#breadcrumb\",\"itemListElement\":[{\"@type\":\"ListItem\",\"position\":1,\"name\":\"Home\",\"item\":\"https:\/\/www.iplay.com\/fr\/home-page-2\/\"},{\"@type\":\"ListItem\",\"position\":2,\"name\":\"Shop\",\"item\":\"https:\/\/www.iplay.com\/en\/shop\/\"},{\"@type\":\"ListItem\",\"position\":3,\"name\":\"Mystery Solitaire Dreamcatcher 3\"}]},{\"@type\":\"WebSite\",\"@id\":\"https:\/\/www.iplay.com\/en\/#website\",\"url\":\"https:\/\/www.iplay.com\/en\/\",\"name\":\"IPlay\",\"description\":\"The Best Casual Games!\",\"publisher\":{\"@id\":\"https:\/\/www.iplay.com\/en\/#organization\"},\"potentialAction\":[{\"@type\":\"SearchAction\",\"target\":{\"@type\":\"EntryPoint\",\"urlTemplate\":\"https:\/\/www.iplay.com\/en\/?s={search_term_string}\"},\"query-input\":{\"@type\":\"PropertyValueSpecification\",\"valueRequired\":true,\"valueName\":\"search_term_string\"}}],\"inLanguage\":\"fr-FR\"},{\"@type\":\"Organization\",\"@id\":\"https:\/\/www.iplay.com\/en\/#organization\",\"name\":\"IPlay\",\"url\":\"https:\/\/www.iplay.com\/en\/\",\"logo\":{\"@type\":\"ImageObject\",\"inLanguage\":\"fr-FR\",\"@id\":\"https:\/\/www.iplay.com\/en\/#\/schema\/logo\/image\/\",\"url\":\"https:\/\/www.iplay.com\/wp-content\/uploads\/2023\/11\/Group-6100.svg\",\"contentUrl\":\"https:\/\/www.iplay.com\/wp-content\/uploads\/2023\/11\/Group-6100.svg\",\"width\":98,\"height\":25,\"caption\":\"IPlay\"},\"image\":{\"@id\":\"https:\/\/www.iplay.com\/en\/#\/schema\/logo\/image\/\"}}]}<\/script>\n<!-- \/ Yoast SEO Premium plugin. -->","yoast_head_json":{"title":"Mystery Solitaire Dreamcatcher 3 - Jouez au solitaire et percez les myst\u00e8res du monde des r\u00eaves","description":"Avec Mystery Solitaire Dreamcatcher 3, vous pouvez jouer au solitaire et r\u00e9soudre les myst\u00e8res du royaume des r\u00eaves.","robots":{"index":"index","follow":"follow","max-snippet":"max-snippet:-1","max-image-preview":"max-image-preview:large","max-video-preview":"max-video-preview:-1"},"canonical":"https:\/\/www.iplay.com\/fr\/games\/mystery-solitaire-dreamcatcher-3\/","og_locale":"fr_FR","og_type":"article","og_title":"Mystery Solitaire Dreamcatcher 3","og_description":"Avec Mystery Solitaire Dreamcatcher 3, vous pouvez jouer au solitaire et r\u00e9soudre les myst\u00e8res du royaume des r\u00eaves.","og_url":"https:\/\/www.iplay.com\/fr\/games\/mystery-solitaire-dreamcatcher-3\/","og_site_name":"IPlay","og_image":[{"width":310,"height":310,"url":"https:\/\/www.iplay.com\/wp-content\/uploads\/2023\/12\/large_square_tile_image-2170.jpg","type":"image\/jpeg"}],"twitter_card":"summary_large_image","twitter_misc":{"Dur\u00e9e de lecture estim\u00e9e":"1 minute"},"schema":{"@context":"https:\/\/schema.org","@graph":[{"@type":"WebPage","@id":"https:\/\/www.iplay.com\/fr\/games\/mystery-solitaire-dreamcatcher-3\/","url":"https:\/\/www.iplay.com\/fr\/games\/mystery-solitaire-dreamcatcher-3\/","name":"Mystery Solitaire Dreamcatcher 3 - Jouez au solitaire et percez les myst\u00e8res du monde des r\u00eaves","isPartOf":{"@id":"https:\/\/www.iplay.com\/en\/#website"},"primaryImageOfPage":{"@id":"https:\/\/www.iplay.com\/fr\/games\/mystery-solitaire-dreamcatcher-3\/#primaryimage"},"image":{"@id":"https:\/\/www.iplay.com\/fr\/games\/mystery-solitaire-dreamcatcher-3\/#primaryimage"},"thumbnailUrl":"https:\/\/www.iplay.com\/wp-content\/uploads\/2023\/12\/large_square_tile_image-2170.jpg","datePublished":"2023-01-04T00:00:00+00:00","description":"Avec Mystery Solitaire Dreamcatcher 3, vous pouvez jouer au solitaire et r\u00e9soudre les myst\u00e8res du royaume des r\u00eaves.","breadcrumb":{"@id":"https:\/\/www.iplay.com\/fr\/games\/mystery-solitaire-dreamcatcher-3\/#breadcrumb"},"inLanguage":"fr-FR","potentialAction":[{"@type":"ReadAction","target":["https:\/\/www.iplay.com\/fr\/games\/mystery-solitaire-dreamcatcher-3\/"]}]},{"@type":"ImageObject","inLanguage":"fr-FR","@id":"https:\/\/www.iplay.com\/fr\/games\/mystery-solitaire-dreamcatcher-3\/#primaryimage","url":"https:\/\/www.iplay.com\/wp-content\/uploads\/2023\/12\/large_square_tile_image-2170.jpg","contentUrl":"https:\/\/www.iplay.com\/wp-content\/uploads\/2023\/12\/large_square_tile_image-2170.jpg","width":310,"height":310},{"@type":"BreadcrumbList","@id":"https:\/\/www.iplay.com\/fr\/games\/mystery-solitaire-dreamcatcher-3\/#breadcrumb","itemListElement":[{"@type":"ListItem","position":1,"name":"Home","item":"https:\/\/www.iplay.com\/fr\/home-page-2\/"},{"@type":"ListItem","position":2,"name":"Shop","item":"https:\/\/www.iplay.com\/en\/shop\/"},{"@type":"ListItem","position":3,"name":"Mystery Solitaire Dreamcatcher 3"}]},{"@type":"WebSite","@id":"https:\/\/www.iplay.com\/en\/#website","url":"https:\/\/www.iplay.com\/en\/","name":"IPlay","description":"The Best Casual Games!","publisher":{"@id":"https:\/\/www.iplay.com\/en\/#organization"},"potentialAction":[{"@type":"SearchAction","target":{"@type":"EntryPoint","urlTemplate":"https:\/\/www.iplay.com\/en\/?s={search_term_string}"},"query-input":{"@type":"PropertyValueSpecification","valueRequired":true,"valueName":"search_term_string"}}],"inLanguage":"fr-FR"},{"@type":"Organization","@id":"https:\/\/www.iplay.com\/en\/#organization","name":"IPlay","url":"https:\/\/www.iplay.com\/en\/","logo":{"@type":"ImageObject","inLanguage":"fr-FR","@id":"https:\/\/www.iplay.com\/en\/#\/schema\/logo\/image\/","url":"https:\/\/www.iplay.com\/wp-content\/uploads\/2023\/11\/Group-6100.svg","contentUrl":"https:\/\/www.iplay.com\/wp-content\/uploads\/2023\/11\/Group-6100.svg","width":98,"height":25,"caption":"IPlay"},"image":{"@id":"https:\/\/www.iplay.com\/en\/#\/schema\/logo\/image\/"}}]}},"_links":{"self":[{"href":"https:\/\/www.iplay.com\/fr\/wp-json\/wp\/v2\/product\/133111","targetHints":{"allow":["GET"]}}],"collection":[{"href":"https:\/\/www.iplay.com\/fr\/wp-json\/wp\/v2\/product"}],"about":[{"href":"https:\/\/www.iplay.com\/fr\/wp-json\/wp\/v2\/types\/product"}],"author":[{"embeddable":true,"href":"https:\/\/www.iplay.com\/fr\/wp-json\/wp\/v2\/users\/13"}],"replies":[{"embeddable":true,"href":"https:\/\/www.iplay.com\/fr\/wp-json\/wp\/v2\/comments?post=133111"}],"wp:featuredmedia":[{"embeddable":true,"href":"https:\/\/www.iplay.com\/fr\/wp-json\/wp\/v2\/media\/74821"}],"wp:attachment":[{"href":"https:\/\/www.iplay.com\/fr\/wp-json\/wp\/v2\/media?parent=133111"}],"wp:term":[{"taxonomy":"product_brand","embeddable":true,"href":"https:\/\/www.iplay.com\/fr\/wp-json\/wp\/v2\/product_brand?post=133111"},{"taxonomy":"product_cat","embeddable":true,"href":"https:\/\/www.iplay.com\/fr\/wp-json\/wp\/v2\/product_cat?post=133111"},{"taxonomy":"product_tag","embeddable":true,"href":"https:\/\/www.iplay.com\/fr\/wp-json\/wp\/v2\/product_tag?post=133111"}],"curies":[{"name":"wp","href":"https:\/\/api.w.org\/{rel}","templated":true}]}}