{"id":133068,"date":"2023-01-13T00:00:00","date_gmt":"2023-01-13T00:00:00","guid":{"rendered":"https:\/\/www.iplay.com\/games\/adventure-mosaics-lost-expedition\/"},"modified":"2023-01-13T00:00:00","modified_gmt":"2023-01-13T00:00:00","slug":"adventure-mosaics-lost-expedition","status":"publish","type":"product","link":"https:\/\/www.iplay.com\/fr\/games\/adventure-mosaics-lost-expedition\/","title":{"rendered":"Adventure Mosaics &#8211; Lost Expedition"},"content":{"rendered":"<p>Apr\u00e8s le crash de son avion, Ellie se lance dans un p\u00e9riple risqu\u00e9 pour rentrer chez elle. Le voyage sera difficile, mais les amis d\u00e9vou\u00e9s d\u2019Ellie viendront \u00e0 son secours. S\u2019ils travaillent ensemble, ils peuvent tout endurer, que ce soit le d\u00e9sert ou la jungle tropicale ! 150 mots crois\u00e9s japonais color\u00e9s de capacit\u00e9s vari\u00e9es, un r\u00e9cit estival d\u00e9licieux et une musique charmante vous divertiront et vous divertiront ! Ces puzzles sont un excellent moyen de vous mettre au d\u00e9fi ! Terminez les \u00e9tapes, r\u00e9solvez les \u00e9nigmes et aidez Ellie et ses compagnons \u00e0 atteindre leurs objectifs !     <\/p>\n<p>&nbsp;<\/p>\n<p>&nbsp;<\/p>\n<p><strong>Fonctionnalit\u00e9s:<\/strong><\/p>\n<p>&nbsp;<\/p>\n<p>&#8211; 150 niveaux vifs et inoubliables !<\/p>\n<p>&#8211; Des effets visuels exceptionnels !<\/p>\n<p>&#8211; Une exp\u00e9rience passionnante !<\/p>\n<p>&#8211; Une pl\u00e9thore de couleurs estivales !<\/p>\n<p>&#8211; Aiguisez vos capacit\u00e9s de raisonnement logique et abstrait !<\/p>\n<p>&#8211; Une interface utilisateur simple et un gameplay addictif !<\/p>\n","protected":false},"excerpt":{"rendered":"<p>L\u2019avion d\u2019Ellie s\u2019\u00e9crase, alors elle entreprend un dangereux voyage de retour.<\/p>\n","protected":false},"author":39,"featured_media":74677,"comment_status":"open","ping_status":"closed","template":"","meta":{"_acf_changed":false,"inline_featured_image":false},"product_brand":[],"product_cat":[193],"product_tag":[],"class_list":{"0":"post-133068","1":"product","2":"type-product","3":"status-publish","4":"has-post-thumbnail","6":"product_cat-puzzle-fr","8":"first","9":"instock","10":"shipping-taxable","11":"purchasable","12":"product-type-simple"},"acf":[],"yoast_head":"<!-- This site is optimized with the Yoast SEO Premium plugin v25.2 (Yoast SEO v25.2) - https:\/\/yoast.com\/wordpress\/plugins\/seo\/ -->\n<title>Adventure Mosaics - Lost Expedition - Ellie voyage pour rentrer chez elle apr\u00e8s le crash p\u00e9rilleux de son avion<\/title>\n<meta name=\"description\" content=\"L\u2019avion d\u2019Ellie s\u2019\u00e9crase, alors elle entreprend un dangereux voyage de retour.\" \/>\n<meta name=\"robots\" content=\"index, follow, max-snippet:-1, max-image-preview:large, max-video-preview:-1\" \/>\n<link rel=\"canonical\" href=\"https:\/\/www.iplay.com\/fr\/games\/adventure-mosaics-lost-expedition\/\" \/>\n<meta property=\"og:locale\" content=\"fr_FR\" \/>\n<meta property=\"og:type\" content=\"article\" \/>\n<meta property=\"og:title\" content=\"Adventure Mosaics - Lost Expedition\" \/>\n<meta property=\"og:description\" content=\"L\u2019avion d\u2019Ellie s\u2019\u00e9crase, alors elle entreprend un dangereux voyage de retour.\" \/>\n<meta property=\"og:url\" content=\"https:\/\/www.iplay.com\/fr\/games\/adventure-mosaics-lost-expedition\/\" \/>\n<meta property=\"og:site_name\" content=\"IPlay\" \/>\n<meta property=\"og:image\" content=\"https:\/\/www.iplay.com\/wp-content\/uploads\/2023\/12\/large_square_tile_image-2161.jpg\" \/>\n\t<meta property=\"og:image:width\" content=\"310\" \/>\n\t<meta property=\"og:image:height\" content=\"310\" \/>\n\t<meta property=\"og:image:type\" content=\"image\/jpeg\" \/>\n<meta name=\"twitter:card\" content=\"summary_large_image\" \/>\n<meta name=\"twitter:label1\" content=\"Dur\u00e9e de lecture estim\u00e9e\" \/>\n\t<meta name=\"twitter:data1\" content=\"1 minute\" \/>\n<script type=\"application\/ld+json\" class=\"yoast-schema-graph\">{\"@context\":\"https:\/\/schema.org\",\"@graph\":[{\"@type\":\"WebPage\",\"@id\":\"https:\/\/www.iplay.com\/fr\/games\/adventure-mosaics-lost-expedition\/\",\"url\":\"https:\/\/www.iplay.com\/fr\/games\/adventure-mosaics-lost-expedition\/\",\"name\":\"Adventure Mosaics - Lost Expedition - Ellie voyage pour rentrer chez elle apr\u00e8s le crash p\u00e9rilleux de son avion\",\"isPartOf\":{\"@id\":\"https:\/\/www.iplay.com\/en\/#website\"},\"primaryImageOfPage\":{\"@id\":\"https:\/\/www.iplay.com\/fr\/games\/adventure-mosaics-lost-expedition\/#primaryimage\"},\"image\":{\"@id\":\"https:\/\/www.iplay.com\/fr\/games\/adventure-mosaics-lost-expedition\/#primaryimage\"},\"thumbnailUrl\":\"https:\/\/www.iplay.com\/wp-content\/uploads\/2023\/12\/large_square_tile_image-2161.jpg\",\"datePublished\":\"2023-01-13T00:00:00+00:00\",\"description\":\"L\u2019avion d\u2019Ellie s\u2019\u00e9crase, alors elle entreprend un dangereux voyage de retour.\",\"breadcrumb\":{\"@id\":\"https:\/\/www.iplay.com\/fr\/games\/adventure-mosaics-lost-expedition\/#breadcrumb\"},\"inLanguage\":\"fr-FR\",\"potentialAction\":[{\"@type\":\"ReadAction\",\"target\":[\"https:\/\/www.iplay.com\/fr\/games\/adventure-mosaics-lost-expedition\/\"]}]},{\"@type\":\"ImageObject\",\"inLanguage\":\"fr-FR\",\"@id\":\"https:\/\/www.iplay.com\/fr\/games\/adventure-mosaics-lost-expedition\/#primaryimage\",\"url\":\"https:\/\/www.iplay.com\/wp-content\/uploads\/2023\/12\/large_square_tile_image-2161.jpg\",\"contentUrl\":\"https:\/\/www.iplay.com\/wp-content\/uploads\/2023\/12\/large_square_tile_image-2161.jpg\",\"width\":310,\"height\":310},{\"@type\":\"BreadcrumbList\",\"@id\":\"https:\/\/www.iplay.com\/fr\/games\/adventure-mosaics-lost-expedition\/#breadcrumb\",\"itemListElement\":[{\"@type\":\"ListItem\",\"position\":1,\"name\":\"Home\",\"item\":\"https:\/\/www.iplay.com\/fr\/home-page-2\/\"},{\"@type\":\"ListItem\",\"position\":2,\"name\":\"Shop\",\"item\":\"https:\/\/www.iplay.com\/en\/shop\/\"},{\"@type\":\"ListItem\",\"position\":3,\"name\":\"Adventure Mosaics &#8211; Lost Expedition\"}]},{\"@type\":\"WebSite\",\"@id\":\"https:\/\/www.iplay.com\/en\/#website\",\"url\":\"https:\/\/www.iplay.com\/en\/\",\"name\":\"IPlay\",\"description\":\"The Best Casual Games!\",\"publisher\":{\"@id\":\"https:\/\/www.iplay.com\/en\/#organization\"},\"potentialAction\":[{\"@type\":\"SearchAction\",\"target\":{\"@type\":\"EntryPoint\",\"urlTemplate\":\"https:\/\/www.iplay.com\/en\/?s={search_term_string}\"},\"query-input\":{\"@type\":\"PropertyValueSpecification\",\"valueRequired\":true,\"valueName\":\"search_term_string\"}}],\"inLanguage\":\"fr-FR\"},{\"@type\":\"Organization\",\"@id\":\"https:\/\/www.iplay.com\/en\/#organization\",\"name\":\"IPlay\",\"url\":\"https:\/\/www.iplay.com\/en\/\",\"logo\":{\"@type\":\"ImageObject\",\"inLanguage\":\"fr-FR\",\"@id\":\"https:\/\/www.iplay.com\/en\/#\/schema\/logo\/image\/\",\"url\":\"https:\/\/www.iplay.com\/wp-content\/uploads\/2023\/11\/Group-6100.svg\",\"contentUrl\":\"https:\/\/www.iplay.com\/wp-content\/uploads\/2023\/11\/Group-6100.svg\",\"width\":98,\"height\":25,\"caption\":\"IPlay\"},\"image\":{\"@id\":\"https:\/\/www.iplay.com\/en\/#\/schema\/logo\/image\/\"}}]}<\/script>\n<!-- \/ Yoast SEO Premium plugin. -->","yoast_head_json":{"title":"Adventure Mosaics - Lost Expedition - Ellie voyage pour rentrer chez elle apr\u00e8s le crash p\u00e9rilleux de son avion","description":"L\u2019avion d\u2019Ellie s\u2019\u00e9crase, alors elle entreprend un dangereux voyage de retour.","robots":{"index":"index","follow":"follow","max-snippet":"max-snippet:-1","max-image-preview":"max-image-preview:large","max-video-preview":"max-video-preview:-1"},"canonical":"https:\/\/www.iplay.com\/fr\/games\/adventure-mosaics-lost-expedition\/","og_locale":"fr_FR","og_type":"article","og_title":"Adventure Mosaics - Lost Expedition","og_description":"L\u2019avion d\u2019Ellie s\u2019\u00e9crase, alors elle entreprend un dangereux voyage de retour.","og_url":"https:\/\/www.iplay.com\/fr\/games\/adventure-mosaics-lost-expedition\/","og_site_name":"IPlay","og_image":[{"width":310,"height":310,"url":"https:\/\/www.iplay.com\/wp-content\/uploads\/2023\/12\/large_square_tile_image-2161.jpg","type":"image\/jpeg"}],"twitter_card":"summary_large_image","twitter_misc":{"Dur\u00e9e de lecture estim\u00e9e":"1 minute"},"schema":{"@context":"https:\/\/schema.org","@graph":[{"@type":"WebPage","@id":"https:\/\/www.iplay.com\/fr\/games\/adventure-mosaics-lost-expedition\/","url":"https:\/\/www.iplay.com\/fr\/games\/adventure-mosaics-lost-expedition\/","name":"Adventure Mosaics - Lost Expedition - Ellie voyage pour rentrer chez elle apr\u00e8s le crash p\u00e9rilleux de son avion","isPartOf":{"@id":"https:\/\/www.iplay.com\/en\/#website"},"primaryImageOfPage":{"@id":"https:\/\/www.iplay.com\/fr\/games\/adventure-mosaics-lost-expedition\/#primaryimage"},"image":{"@id":"https:\/\/www.iplay.com\/fr\/games\/adventure-mosaics-lost-expedition\/#primaryimage"},"thumbnailUrl":"https:\/\/www.iplay.com\/wp-content\/uploads\/2023\/12\/large_square_tile_image-2161.jpg","datePublished":"2023-01-13T00:00:00+00:00","description":"L\u2019avion d\u2019Ellie s\u2019\u00e9crase, alors elle entreprend un dangereux voyage de retour.","breadcrumb":{"@id":"https:\/\/www.iplay.com\/fr\/games\/adventure-mosaics-lost-expedition\/#breadcrumb"},"inLanguage":"fr-FR","potentialAction":[{"@type":"ReadAction","target":["https:\/\/www.iplay.com\/fr\/games\/adventure-mosaics-lost-expedition\/"]}]},{"@type":"ImageObject","inLanguage":"fr-FR","@id":"https:\/\/www.iplay.com\/fr\/games\/adventure-mosaics-lost-expedition\/#primaryimage","url":"https:\/\/www.iplay.com\/wp-content\/uploads\/2023\/12\/large_square_tile_image-2161.jpg","contentUrl":"https:\/\/www.iplay.com\/wp-content\/uploads\/2023\/12\/large_square_tile_image-2161.jpg","width":310,"height":310},{"@type":"BreadcrumbList","@id":"https:\/\/www.iplay.com\/fr\/games\/adventure-mosaics-lost-expedition\/#breadcrumb","itemListElement":[{"@type":"ListItem","position":1,"name":"Home","item":"https:\/\/www.iplay.com\/fr\/home-page-2\/"},{"@type":"ListItem","position":2,"name":"Shop","item":"https:\/\/www.iplay.com\/en\/shop\/"},{"@type":"ListItem","position":3,"name":"Adventure Mosaics &#8211; Lost Expedition"}]},{"@type":"WebSite","@id":"https:\/\/www.iplay.com\/en\/#website","url":"https:\/\/www.iplay.com\/en\/","name":"IPlay","description":"The Best Casual Games!","publisher":{"@id":"https:\/\/www.iplay.com\/en\/#organization"},"potentialAction":[{"@type":"SearchAction","target":{"@type":"EntryPoint","urlTemplate":"https:\/\/www.iplay.com\/en\/?s={search_term_string}"},"query-input":{"@type":"PropertyValueSpecification","valueRequired":true,"valueName":"search_term_string"}}],"inLanguage":"fr-FR"},{"@type":"Organization","@id":"https:\/\/www.iplay.com\/en\/#organization","name":"IPlay","url":"https:\/\/www.iplay.com\/en\/","logo":{"@type":"ImageObject","inLanguage":"fr-FR","@id":"https:\/\/www.iplay.com\/en\/#\/schema\/logo\/image\/","url":"https:\/\/www.iplay.com\/wp-content\/uploads\/2023\/11\/Group-6100.svg","contentUrl":"https:\/\/www.iplay.com\/wp-content\/uploads\/2023\/11\/Group-6100.svg","width":98,"height":25,"caption":"IPlay"},"image":{"@id":"https:\/\/www.iplay.com\/en\/#\/schema\/logo\/image\/"}}]}},"_links":{"self":[{"href":"https:\/\/www.iplay.com\/fr\/wp-json\/wp\/v2\/product\/133068","targetHints":{"allow":["GET"]}}],"collection":[{"href":"https:\/\/www.iplay.com\/fr\/wp-json\/wp\/v2\/product"}],"about":[{"href":"https:\/\/www.iplay.com\/fr\/wp-json\/wp\/v2\/types\/product"}],"author":[{"embeddable":true,"href":"https:\/\/www.iplay.com\/fr\/wp-json\/wp\/v2\/users\/39"}],"replies":[{"embeddable":true,"href":"https:\/\/www.iplay.com\/fr\/wp-json\/wp\/v2\/comments?post=133068"}],"wp:featuredmedia":[{"embeddable":true,"href":"https:\/\/www.iplay.com\/fr\/wp-json\/wp\/v2\/media\/74677"}],"wp:attachment":[{"href":"https:\/\/www.iplay.com\/fr\/wp-json\/wp\/v2\/media?parent=133068"}],"wp:term":[{"taxonomy":"product_brand","embeddable":true,"href":"https:\/\/www.iplay.com\/fr\/wp-json\/wp\/v2\/product_brand?post=133068"},{"taxonomy":"product_cat","embeddable":true,"href":"https:\/\/www.iplay.com\/fr\/wp-json\/wp\/v2\/product_cat?post=133068"},{"taxonomy":"product_tag","embeddable":true,"href":"https:\/\/www.iplay.com\/fr\/wp-json\/wp\/v2\/product_tag?post=133068"}],"curies":[{"name":"wp","href":"https:\/\/api.w.org\/{rel}","templated":true}]}}