{"id":132928,"date":"2024-07-01T22:06:43","date_gmt":"2024-07-01T22:06:43","guid":{"rendered":"https:\/\/www.iplay.com\/games\/cross-road-exit\/"},"modified":"2024-07-01T22:06:43","modified_gmt":"2024-07-01T22:06:43","slug":"cross-road-exit","status":"publish","type":"product","link":"https:\/\/www.iplay.com\/fr\/games\/cross-road-exit\/","title":{"rendered":"Cross Road Exit"},"content":{"rendered":"<p>Une centaine de niveaux complexes sont mis \u00e0 l\u2019\u00e9preuve pour mettre \u00e0 l\u2019\u00e9preuve votre logique et votre raisonnement spatial dans ce jeu de puzzle captivant.<\/p>\n<p>Des v\u00e9hicules de toutes sortes \u2013 voitures, bus et remorques \u2013 ont encombr\u00e9 un parking, et votre t\u00e2che consiste \u00e0 sortir l\u2019un de ces v\u00e9hicules du chaos.<\/p>\n<p>La difficult\u00e9 augmente \u00e0 chaque niveau, mettant \u00e0 l\u2019\u00e9preuve votre r\u00e9flexion strat\u00e9gique et votre patience.<\/p>\n<p>Parfait pour les moments pass\u00e9s \u00e0 l\u2019heure de pointe ou lors de longues attentes, \u00ab&nbsp;Cross Road Exit&nbsp;\u00bb offre des divertissements pour tous les \u00e2ges.<\/p>\n<p>Toute la famille est encourag\u00e9e \u00e0 se joindre au plaisir de d\u00e9m\u00ealer les embouteillages.<\/p>\n<p>Ce jeu est fortement recommand\u00e9 pour tout le monde !<\/p>\n","protected":false},"excerpt":{"rendered":"<p>D\u00e9placez les v\u00e9hicules pour d\u00e9gager le chemin et sortez le v\u00f4tre.<\/p>\n","protected":false},"author":333,"featured_media":0,"comment_status":"open","ping_status":"closed","template":"","meta":{"_acf_changed":false,"inline_featured_image":false},"product_brand":[],"product_cat":[179,193],"product_tag":[285,305,287],"class_list":{"0":"post-132928","1":"product","2":"type-product","3":"status-publish","5":"product_cat-mobile-games-fr","6":"product_cat-puzzle-fr","7":"product_tag-play-on-mac-fr","8":"product_tag-play-on-mobile-fr","9":"product_tag-play-on-pc-fr","11":"first","12":"instock","13":"shipping-taxable","14":"purchasable","15":"product-type-html5_game"},"acf":[],"yoast_head":"<!-- This site is optimized with the Yoast SEO Premium plugin v25.2 (Yoast SEO v25.2) - https:\/\/yoast.com\/wordpress\/plugins\/seo\/ -->\n<title>Cross Road Exit - Jouez sur IPlay<\/title>\n<meta name=\"description\" content=\"D\u00e9placez les v\u00e9hicules pour d\u00e9gager le chemin et sortez le v\u00f4tre.\" \/>\n<meta name=\"robots\" content=\"index, follow, max-snippet:-1, max-image-preview:large, max-video-preview:-1\" \/>\n<link rel=\"canonical\" href=\"https:\/\/www.iplay.com\/fr\/games\/cross-road-exit\/\" \/>\n<meta property=\"og:locale\" content=\"fr_FR\" \/>\n<meta property=\"og:type\" content=\"article\" \/>\n<meta property=\"og:title\" content=\"Cross Road Exit\" \/>\n<meta property=\"og:description\" content=\"D\u00e9placez les v\u00e9hicules pour d\u00e9gager le chemin et sortez le v\u00f4tre.\" \/>\n<meta property=\"og:url\" content=\"https:\/\/www.iplay.com\/fr\/games\/cross-road-exit\/\" \/>\n<meta property=\"og:site_name\" content=\"IPlay\" \/>\n<meta name=\"twitter:card\" content=\"summary_large_image\" \/>\n<meta name=\"twitter:label1\" content=\"Dur\u00e9e de lecture estim\u00e9e\" \/>\n\t<meta name=\"twitter:data1\" content=\"1 minute\" \/>\n<script type=\"application\/ld+json\" class=\"yoast-schema-graph\">{\"@context\":\"https:\/\/schema.org\",\"@graph\":[{\"@type\":\"WebPage\",\"@id\":\"https:\/\/www.iplay.com\/fr\/games\/cross-road-exit\/\",\"url\":\"https:\/\/www.iplay.com\/fr\/games\/cross-road-exit\/\",\"name\":\"Cross Road Exit - Jouez sur IPlay\",\"isPartOf\":{\"@id\":\"https:\/\/www.iplay.com\/en\/#website\"},\"datePublished\":\"2024-07-01T22:06:43+00:00\",\"description\":\"D\u00e9placez les v\u00e9hicules pour d\u00e9gager le chemin et sortez le v\u00f4tre.\",\"breadcrumb\":{\"@id\":\"https:\/\/www.iplay.com\/fr\/games\/cross-road-exit\/#breadcrumb\"},\"inLanguage\":\"fr-FR\",\"potentialAction\":[{\"@type\":\"ReadAction\",\"target\":[\"https:\/\/www.iplay.com\/fr\/games\/cross-road-exit\/\"]}]},{\"@type\":\"BreadcrumbList\",\"@id\":\"https:\/\/www.iplay.com\/fr\/games\/cross-road-exit\/#breadcrumb\",\"itemListElement\":[{\"@type\":\"ListItem\",\"position\":1,\"name\":\"Home\",\"item\":\"https:\/\/www.iplay.com\/fr\/home-page-2\/\"},{\"@type\":\"ListItem\",\"position\":2,\"name\":\"Shop\",\"item\":\"https:\/\/www.iplay.com\/en\/shop\/\"},{\"@type\":\"ListItem\",\"position\":3,\"name\":\"Cross Road Exit\"}]},{\"@type\":\"WebSite\",\"@id\":\"https:\/\/www.iplay.com\/en\/#website\",\"url\":\"https:\/\/www.iplay.com\/en\/\",\"name\":\"IPlay\",\"description\":\"The Best Casual Games!\",\"publisher\":{\"@id\":\"https:\/\/www.iplay.com\/en\/#organization\"},\"potentialAction\":[{\"@type\":\"SearchAction\",\"target\":{\"@type\":\"EntryPoint\",\"urlTemplate\":\"https:\/\/www.iplay.com\/en\/?s={search_term_string}\"},\"query-input\":{\"@type\":\"PropertyValueSpecification\",\"valueRequired\":true,\"valueName\":\"search_term_string\"}}],\"inLanguage\":\"fr-FR\"},{\"@type\":\"Organization\",\"@id\":\"https:\/\/www.iplay.com\/en\/#organization\",\"name\":\"IPlay\",\"url\":\"https:\/\/www.iplay.com\/en\/\",\"logo\":{\"@type\":\"ImageObject\",\"inLanguage\":\"fr-FR\",\"@id\":\"https:\/\/www.iplay.com\/en\/#\/schema\/logo\/image\/\",\"url\":\"https:\/\/www.iplay.com\/wp-content\/uploads\/2023\/11\/Group-6100.svg\",\"contentUrl\":\"https:\/\/www.iplay.com\/wp-content\/uploads\/2023\/11\/Group-6100.svg\",\"width\":98,\"height\":25,\"caption\":\"IPlay\"},\"image\":{\"@id\":\"https:\/\/www.iplay.com\/en\/#\/schema\/logo\/image\/\"}}]}<\/script>\n<!-- \/ Yoast SEO Premium plugin. -->","yoast_head_json":{"title":"Cross Road Exit - Jouez sur IPlay","description":"D\u00e9placez les v\u00e9hicules pour d\u00e9gager le chemin et sortez le v\u00f4tre.","robots":{"index":"index","follow":"follow","max-snippet":"max-snippet:-1","max-image-preview":"max-image-preview:large","max-video-preview":"max-video-preview:-1"},"canonical":"https:\/\/www.iplay.com\/fr\/games\/cross-road-exit\/","og_locale":"fr_FR","og_type":"article","og_title":"Cross Road Exit","og_description":"D\u00e9placez les v\u00e9hicules pour d\u00e9gager le chemin et sortez le v\u00f4tre.","og_url":"https:\/\/www.iplay.com\/fr\/games\/cross-road-exit\/","og_site_name":"IPlay","twitter_card":"summary_large_image","twitter_misc":{"Dur\u00e9e de lecture estim\u00e9e":"1 minute"},"schema":{"@context":"https:\/\/schema.org","@graph":[{"@type":"WebPage","@id":"https:\/\/www.iplay.com\/fr\/games\/cross-road-exit\/","url":"https:\/\/www.iplay.com\/fr\/games\/cross-road-exit\/","name":"Cross Road Exit - Jouez sur IPlay","isPartOf":{"@id":"https:\/\/www.iplay.com\/en\/#website"},"datePublished":"2024-07-01T22:06:43+00:00","description":"D\u00e9placez les v\u00e9hicules pour d\u00e9gager le chemin et sortez le v\u00f4tre.","breadcrumb":{"@id":"https:\/\/www.iplay.com\/fr\/games\/cross-road-exit\/#breadcrumb"},"inLanguage":"fr-FR","potentialAction":[{"@type":"ReadAction","target":["https:\/\/www.iplay.com\/fr\/games\/cross-road-exit\/"]}]},{"@type":"BreadcrumbList","@id":"https:\/\/www.iplay.com\/fr\/games\/cross-road-exit\/#breadcrumb","itemListElement":[{"@type":"ListItem","position":1,"name":"Home","item":"https:\/\/www.iplay.com\/fr\/home-page-2\/"},{"@type":"ListItem","position":2,"name":"Shop","item":"https:\/\/www.iplay.com\/en\/shop\/"},{"@type":"ListItem","position":3,"name":"Cross Road Exit"}]},{"@type":"WebSite","@id":"https:\/\/www.iplay.com\/en\/#website","url":"https:\/\/www.iplay.com\/en\/","name":"IPlay","description":"The Best Casual Games!","publisher":{"@id":"https:\/\/www.iplay.com\/en\/#organization"},"potentialAction":[{"@type":"SearchAction","target":{"@type":"EntryPoint","urlTemplate":"https:\/\/www.iplay.com\/en\/?s={search_term_string}"},"query-input":{"@type":"PropertyValueSpecification","valueRequired":true,"valueName":"search_term_string"}}],"inLanguage":"fr-FR"},{"@type":"Organization","@id":"https:\/\/www.iplay.com\/en\/#organization","name":"IPlay","url":"https:\/\/www.iplay.com\/en\/","logo":{"@type":"ImageObject","inLanguage":"fr-FR","@id":"https:\/\/www.iplay.com\/en\/#\/schema\/logo\/image\/","url":"https:\/\/www.iplay.com\/wp-content\/uploads\/2023\/11\/Group-6100.svg","contentUrl":"https:\/\/www.iplay.com\/wp-content\/uploads\/2023\/11\/Group-6100.svg","width":98,"height":25,"caption":"IPlay"},"image":{"@id":"https:\/\/www.iplay.com\/en\/#\/schema\/logo\/image\/"}}]}},"_links":{"self":[{"href":"https:\/\/www.iplay.com\/fr\/wp-json\/wp\/v2\/product\/132928","targetHints":{"allow":["GET"]}}],"collection":[{"href":"https:\/\/www.iplay.com\/fr\/wp-json\/wp\/v2\/product"}],"about":[{"href":"https:\/\/www.iplay.com\/fr\/wp-json\/wp\/v2\/types\/product"}],"author":[{"embeddable":true,"href":"https:\/\/www.iplay.com\/fr\/wp-json\/wp\/v2\/users\/333"}],"replies":[{"embeddable":true,"href":"https:\/\/www.iplay.com\/fr\/wp-json\/wp\/v2\/comments?post=132928"}],"wp:attachment":[{"href":"https:\/\/www.iplay.com\/fr\/wp-json\/wp\/v2\/media?parent=132928"}],"wp:term":[{"taxonomy":"product_brand","embeddable":true,"href":"https:\/\/www.iplay.com\/fr\/wp-json\/wp\/v2\/product_brand?post=132928"},{"taxonomy":"product_cat","embeddable":true,"href":"https:\/\/www.iplay.com\/fr\/wp-json\/wp\/v2\/product_cat?post=132928"},{"taxonomy":"product_tag","embeddable":true,"href":"https:\/\/www.iplay.com\/fr\/wp-json\/wp\/v2\/product_tag?post=132928"}],"curies":[{"name":"wp","href":"https:\/\/api.w.org\/{rel}","templated":true}]}}