{"id":132874,"date":"2024-07-01T22:06:32","date_gmt":"2024-07-01T22:06:32","guid":{"rendered":"https:\/\/www.iplay.com\/games\/brain-teasers-avoid-crash\/"},"modified":"2024-07-01T22:06:32","modified_gmt":"2024-07-01T22:06:32","slug":"brain-teasers-avoid-crash","status":"publish","type":"product","link":"https:\/\/www.iplay.com\/fr\/games\/brain-teasers-avoid-crash\/","title":{"rendered":"Brain Teasers : Avoid Crash"},"content":{"rendered":"<p>Casse-t\u00eate&nbsp;: Avoid Crash est un jeu de puzzle stimulant o\u00f9 les joueurs doivent assurer le passage en toute s\u00e9curit\u00e9 des voitures \u00e0 travers des intersections de plus en plus complexes.<\/p>\n<p>En contr\u00f4lant les feux de circulation, les joueurs doivent \u00e9viter les collisions et maintenir la fluidit\u00e9 de la circulation.<\/p>\n<p>Le jeu comporte une centaine de niveaux, chacun devenant de plus en plus difficile, n\u00e9cessitant un timing minutieux et une planification strat\u00e9gique pour \u00e9viter les plantages.<\/p>\n<p>Les joueurs sont charg\u00e9s d\u2019obtenir le score le plus \u00e9lev\u00e9 possible en terminant tous les niveaux avec trois \u00e9toiles.<\/p>\n<p>Ce jeu offre une exp\u00e9rience palpitante semblable \u00e0 celle d\u2019un contr\u00f4leur de la circulation \u00e0 un carrefour dangereux.<\/p>\n","protected":false},"excerpt":{"rendered":"<p>Casse-t\u00eate &#8211; Avoid Crash est un jeu de puzzle stimulant o\u00f9 les joueurs doivent assurer le passage en toute s\u00e9curit\u00e9 des voitures \u00e0 travers des intersections de plus en plus complexes.<\/p>\n","protected":false},"author":333,"featured_media":0,"comment_status":"open","ping_status":"closed","template":"","meta":{"_acf_changed":false,"inline_featured_image":false},"product_brand":[],"product_cat":[179,193],"product_tag":[285,305,287],"class_list":{"0":"post-132874","1":"product","2":"type-product","3":"status-publish","5":"product_cat-mobile-games-fr","6":"product_cat-puzzle-fr","7":"product_tag-play-on-mac-fr","8":"product_tag-play-on-mobile-fr","9":"product_tag-play-on-pc-fr","11":"first","12":"instock","13":"shipping-taxable","14":"purchasable","15":"product-type-html5_game"},"acf":[],"yoast_head":"<!-- This site is optimized with the Yoast SEO Premium plugin v25.2 (Yoast SEO v25.2) - https:\/\/yoast.com\/wordpress\/plugins\/seo\/ -->\n<title>casse-t\u00eate : Eviter le crash - Jouez sur IPlay<\/title>\n<meta name=\"description\" content=\"Casse-t\u00eate - Avoid Crash est un jeu de puzzle stimulant o\u00f9 les joueurs doivent assurer le passage en toute s\u00e9curit\u00e9 des voitures \u00e0 travers des intersections de plus en plus complexes.\" \/>\n<meta name=\"robots\" content=\"index, follow, max-snippet:-1, max-image-preview:large, max-video-preview:-1\" \/>\n<link rel=\"canonical\" href=\"https:\/\/www.iplay.com\/fr\/games\/brain-teasers-avoid-crash\/\" \/>\n<meta property=\"og:locale\" content=\"fr_FR\" \/>\n<meta property=\"og:type\" content=\"article\" \/>\n<meta property=\"og:title\" content=\"Brain Teasers : Avoid Crash\" \/>\n<meta property=\"og:description\" content=\"Casse-t\u00eate - Avoid Crash est un jeu de puzzle stimulant o\u00f9 les joueurs doivent assurer le passage en toute s\u00e9curit\u00e9 des voitures \u00e0 travers des intersections de plus en plus complexes.\" \/>\n<meta property=\"og:url\" content=\"https:\/\/www.iplay.com\/fr\/games\/brain-teasers-avoid-crash\/\" \/>\n<meta property=\"og:site_name\" content=\"IPlay\" \/>\n<meta name=\"twitter:card\" content=\"summary_large_image\" \/>\n<meta name=\"twitter:label1\" content=\"Dur\u00e9e de lecture estim\u00e9e\" \/>\n\t<meta name=\"twitter:data1\" content=\"1 minute\" \/>\n<script type=\"application\/ld+json\" class=\"yoast-schema-graph\">{\"@context\":\"https:\/\/schema.org\",\"@graph\":[{\"@type\":\"WebPage\",\"@id\":\"https:\/\/www.iplay.com\/fr\/games\/brain-teasers-avoid-crash\/\",\"url\":\"https:\/\/www.iplay.com\/fr\/games\/brain-teasers-avoid-crash\/\",\"name\":\"casse-t\u00eate : Eviter le crash - Jouez sur IPlay\",\"isPartOf\":{\"@id\":\"https:\/\/www.iplay.com\/en\/#website\"},\"datePublished\":\"2024-07-01T22:06:32+00:00\",\"description\":\"Casse-t\u00eate - Avoid Crash est un jeu de puzzle stimulant o\u00f9 les joueurs doivent assurer le passage en toute s\u00e9curit\u00e9 des voitures \u00e0 travers des intersections de plus en plus complexes.\",\"breadcrumb\":{\"@id\":\"https:\/\/www.iplay.com\/fr\/games\/brain-teasers-avoid-crash\/#breadcrumb\"},\"inLanguage\":\"fr-FR\",\"potentialAction\":[{\"@type\":\"ReadAction\",\"target\":[\"https:\/\/www.iplay.com\/fr\/games\/brain-teasers-avoid-crash\/\"]}]},{\"@type\":\"BreadcrumbList\",\"@id\":\"https:\/\/www.iplay.com\/fr\/games\/brain-teasers-avoid-crash\/#breadcrumb\",\"itemListElement\":[{\"@type\":\"ListItem\",\"position\":1,\"name\":\"Home\",\"item\":\"https:\/\/www.iplay.com\/fr\/home-page-2\/\"},{\"@type\":\"ListItem\",\"position\":2,\"name\":\"Shop\",\"item\":\"https:\/\/www.iplay.com\/en\/shop\/\"},{\"@type\":\"ListItem\",\"position\":3,\"name\":\"Brain Teasers : Avoid Crash\"}]},{\"@type\":\"WebSite\",\"@id\":\"https:\/\/www.iplay.com\/en\/#website\",\"url\":\"https:\/\/www.iplay.com\/en\/\",\"name\":\"IPlay\",\"description\":\"The Best Casual Games!\",\"publisher\":{\"@id\":\"https:\/\/www.iplay.com\/en\/#organization\"},\"potentialAction\":[{\"@type\":\"SearchAction\",\"target\":{\"@type\":\"EntryPoint\",\"urlTemplate\":\"https:\/\/www.iplay.com\/en\/?s={search_term_string}\"},\"query-input\":{\"@type\":\"PropertyValueSpecification\",\"valueRequired\":true,\"valueName\":\"search_term_string\"}}],\"inLanguage\":\"fr-FR\"},{\"@type\":\"Organization\",\"@id\":\"https:\/\/www.iplay.com\/en\/#organization\",\"name\":\"IPlay\",\"url\":\"https:\/\/www.iplay.com\/en\/\",\"logo\":{\"@type\":\"ImageObject\",\"inLanguage\":\"fr-FR\",\"@id\":\"https:\/\/www.iplay.com\/en\/#\/schema\/logo\/image\/\",\"url\":\"https:\/\/www.iplay.com\/wp-content\/uploads\/2023\/11\/Group-6100.svg\",\"contentUrl\":\"https:\/\/www.iplay.com\/wp-content\/uploads\/2023\/11\/Group-6100.svg\",\"width\":98,\"height\":25,\"caption\":\"IPlay\"},\"image\":{\"@id\":\"https:\/\/www.iplay.com\/en\/#\/schema\/logo\/image\/\"}}]}<\/script>\n<!-- \/ Yoast SEO Premium plugin. -->","yoast_head_json":{"title":"casse-t\u00eate : Eviter le crash - Jouez sur IPlay","description":"Casse-t\u00eate - Avoid Crash est un jeu de puzzle stimulant o\u00f9 les joueurs doivent assurer le passage en toute s\u00e9curit\u00e9 des voitures \u00e0 travers des intersections de plus en plus complexes.","robots":{"index":"index","follow":"follow","max-snippet":"max-snippet:-1","max-image-preview":"max-image-preview:large","max-video-preview":"max-video-preview:-1"},"canonical":"https:\/\/www.iplay.com\/fr\/games\/brain-teasers-avoid-crash\/","og_locale":"fr_FR","og_type":"article","og_title":"Brain Teasers : Avoid Crash","og_description":"Casse-t\u00eate - Avoid Crash est un jeu de puzzle stimulant o\u00f9 les joueurs doivent assurer le passage en toute s\u00e9curit\u00e9 des voitures \u00e0 travers des intersections de plus en plus complexes.","og_url":"https:\/\/www.iplay.com\/fr\/games\/brain-teasers-avoid-crash\/","og_site_name":"IPlay","twitter_card":"summary_large_image","twitter_misc":{"Dur\u00e9e de lecture estim\u00e9e":"1 minute"},"schema":{"@context":"https:\/\/schema.org","@graph":[{"@type":"WebPage","@id":"https:\/\/www.iplay.com\/fr\/games\/brain-teasers-avoid-crash\/","url":"https:\/\/www.iplay.com\/fr\/games\/brain-teasers-avoid-crash\/","name":"casse-t\u00eate : Eviter le crash - Jouez sur IPlay","isPartOf":{"@id":"https:\/\/www.iplay.com\/en\/#website"},"datePublished":"2024-07-01T22:06:32+00:00","description":"Casse-t\u00eate - Avoid Crash est un jeu de puzzle stimulant o\u00f9 les joueurs doivent assurer le passage en toute s\u00e9curit\u00e9 des voitures \u00e0 travers des intersections de plus en plus complexes.","breadcrumb":{"@id":"https:\/\/www.iplay.com\/fr\/games\/brain-teasers-avoid-crash\/#breadcrumb"},"inLanguage":"fr-FR","potentialAction":[{"@type":"ReadAction","target":["https:\/\/www.iplay.com\/fr\/games\/brain-teasers-avoid-crash\/"]}]},{"@type":"BreadcrumbList","@id":"https:\/\/www.iplay.com\/fr\/games\/brain-teasers-avoid-crash\/#breadcrumb","itemListElement":[{"@type":"ListItem","position":1,"name":"Home","item":"https:\/\/www.iplay.com\/fr\/home-page-2\/"},{"@type":"ListItem","position":2,"name":"Shop","item":"https:\/\/www.iplay.com\/en\/shop\/"},{"@type":"ListItem","position":3,"name":"Brain Teasers : Avoid Crash"}]},{"@type":"WebSite","@id":"https:\/\/www.iplay.com\/en\/#website","url":"https:\/\/www.iplay.com\/en\/","name":"IPlay","description":"The Best Casual Games!","publisher":{"@id":"https:\/\/www.iplay.com\/en\/#organization"},"potentialAction":[{"@type":"SearchAction","target":{"@type":"EntryPoint","urlTemplate":"https:\/\/www.iplay.com\/en\/?s={search_term_string}"},"query-input":{"@type":"PropertyValueSpecification","valueRequired":true,"valueName":"search_term_string"}}],"inLanguage":"fr-FR"},{"@type":"Organization","@id":"https:\/\/www.iplay.com\/en\/#organization","name":"IPlay","url":"https:\/\/www.iplay.com\/en\/","logo":{"@type":"ImageObject","inLanguage":"fr-FR","@id":"https:\/\/www.iplay.com\/en\/#\/schema\/logo\/image\/","url":"https:\/\/www.iplay.com\/wp-content\/uploads\/2023\/11\/Group-6100.svg","contentUrl":"https:\/\/www.iplay.com\/wp-content\/uploads\/2023\/11\/Group-6100.svg","width":98,"height":25,"caption":"IPlay"},"image":{"@id":"https:\/\/www.iplay.com\/en\/#\/schema\/logo\/image\/"}}]}},"_links":{"self":[{"href":"https:\/\/www.iplay.com\/fr\/wp-json\/wp\/v2\/product\/132874","targetHints":{"allow":["GET"]}}],"collection":[{"href":"https:\/\/www.iplay.com\/fr\/wp-json\/wp\/v2\/product"}],"about":[{"href":"https:\/\/www.iplay.com\/fr\/wp-json\/wp\/v2\/types\/product"}],"author":[{"embeddable":true,"href":"https:\/\/www.iplay.com\/fr\/wp-json\/wp\/v2\/users\/333"}],"replies":[{"embeddable":true,"href":"https:\/\/www.iplay.com\/fr\/wp-json\/wp\/v2\/comments?post=132874"}],"wp:attachment":[{"href":"https:\/\/www.iplay.com\/fr\/wp-json\/wp\/v2\/media?parent=132874"}],"wp:term":[{"taxonomy":"product_brand","embeddable":true,"href":"https:\/\/www.iplay.com\/fr\/wp-json\/wp\/v2\/product_brand?post=132874"},{"taxonomy":"product_cat","embeddable":true,"href":"https:\/\/www.iplay.com\/fr\/wp-json\/wp\/v2\/product_cat?post=132874"},{"taxonomy":"product_tag","embeddable":true,"href":"https:\/\/www.iplay.com\/fr\/wp-json\/wp\/v2\/product_tag?post=132874"}],"curies":[{"name":"wp","href":"https:\/\/api.w.org\/{rel}","templated":true}]}}