{"id":132773,"date":"2024-07-01T22:06:25","date_gmt":"2024-07-01T22:06:25","guid":{"rendered":"https:\/\/www.iplay.com\/games\/become-a-mechanic\/"},"modified":"2024-07-01T22:06:25","modified_gmt":"2024-07-01T22:06:25","slug":"become-a-mechanic","status":"publish","type":"product","link":"https:\/\/www.iplay.com\/fr\/games\/become-a-mechanic\/","title":{"rendered":"Become a Mechanic"},"content":{"rendered":"<p>Si la passion de r\u00e9parer des choses et de g\u00e9rer un garage vous passionne, alors Become a Mechanic est le jeu parfait.<\/p>\n<p>En prenant le contr\u00f4le de votre propre garage, les v\u00e9hicules seront r\u00e9par\u00e9s pour satisfaire les clients et \u00e9clipser les concurrents.<\/p>\n<p>Ce jeu de gestion vous oblige \u00e0 prendre les cl\u00e9s du client, \u00e0 placer des v\u00e9hicules, \u00e0 effectuer des tests de diagnostic et \u00e0 trouver les pi\u00e8ces n\u00e9cessaires avant d\u2019effectuer les r\u00e9parations.<\/p>\n<p>N\u2019oubliez pas d\u2019\u00e9mettre la facture finale, bien que les prix soient suffisamment \u00e9lev\u00e9s pour faire s\u2019\u00e9vanouir un homme adulte !<\/p>\n<p>Au cours d\u2019une soixantaine de niveaux de plus en plus difficiles, vos r\u00e9flexes et l\u2019efficacit\u00e9 de votre service seront mis \u00e0 l\u2019\u00e9preuve.<\/p>\n<p>Au fur et \u00e0 mesure que le rythme s\u2019intensifie, r\u00e9parez de plus en plus de v\u00e9hicules et devenez le champion de la m\u00e9canique.<\/p>\n","protected":false},"excerpt":{"rendered":"<p>Prenez le contr\u00f4le de votre propre garage, les v\u00e9hicules seront r\u00e9par\u00e9s pour satisfaire les clients et \u00e9clipser les concurrents.<\/p>\n","protected":false},"author":333,"featured_media":0,"comment_status":"open","ping_status":"closed","template":"","meta":{"_acf_changed":false,"inline_featured_image":false},"product_brand":[],"product_cat":[179,216],"product_tag":[285,305,287],"class_list":{"0":"post-132773","1":"product","2":"type-product","3":"status-publish","5":"product_cat-mobile-games-fr","6":"product_cat-time-management-fr","7":"product_tag-play-on-mac-fr","8":"product_tag-play-on-mobile-fr","9":"product_tag-play-on-pc-fr","11":"first","12":"instock","13":"shipping-taxable","14":"purchasable","15":"product-type-html5_game"},"acf":[],"yoast_head":"<!-- This site is optimized with the Yoast SEO Premium plugin v25.2 (Yoast SEO v25.2) - https:\/\/yoast.com\/wordpress\/plugins\/seo\/ -->\n<title>Devenez m\u00e9canicien - Jouez sur IPlay<\/title>\n<meta name=\"description\" content=\"Prenez le contr\u00f4le de votre propre garage, les v\u00e9hicules seront r\u00e9par\u00e9s pour satisfaire les clients et \u00e9clipser les concurrents.\" \/>\n<meta name=\"robots\" content=\"index, follow, max-snippet:-1, max-image-preview:large, max-video-preview:-1\" \/>\n<link rel=\"canonical\" href=\"https:\/\/www.iplay.com\/fr\/games\/become-a-mechanic\/\" \/>\n<meta property=\"og:locale\" content=\"fr_FR\" \/>\n<meta property=\"og:type\" content=\"article\" \/>\n<meta property=\"og:title\" content=\"Become a Mechanic\" \/>\n<meta property=\"og:description\" content=\"Prenez le contr\u00f4le de votre propre garage, les v\u00e9hicules seront r\u00e9par\u00e9s pour satisfaire les clients et \u00e9clipser les concurrents.\" \/>\n<meta property=\"og:url\" content=\"https:\/\/www.iplay.com\/fr\/games\/become-a-mechanic\/\" \/>\n<meta property=\"og:site_name\" content=\"IPlay\" \/>\n<meta name=\"twitter:card\" content=\"summary_large_image\" \/>\n<meta name=\"twitter:label1\" content=\"Dur\u00e9e de lecture estim\u00e9e\" \/>\n\t<meta name=\"twitter:data1\" content=\"1 minute\" \/>\n<script type=\"application\/ld+json\" class=\"yoast-schema-graph\">{\"@context\":\"https:\/\/schema.org\",\"@graph\":[{\"@type\":\"WebPage\",\"@id\":\"https:\/\/www.iplay.com\/fr\/games\/become-a-mechanic\/\",\"url\":\"https:\/\/www.iplay.com\/fr\/games\/become-a-mechanic\/\",\"name\":\"Devenez m\u00e9canicien - Jouez sur IPlay\",\"isPartOf\":{\"@id\":\"https:\/\/www.iplay.com\/en\/#website\"},\"datePublished\":\"2024-07-01T22:06:25+00:00\",\"description\":\"Prenez le contr\u00f4le de votre propre garage, les v\u00e9hicules seront r\u00e9par\u00e9s pour satisfaire les clients et \u00e9clipser les concurrents.\",\"breadcrumb\":{\"@id\":\"https:\/\/www.iplay.com\/fr\/games\/become-a-mechanic\/#breadcrumb\"},\"inLanguage\":\"fr-FR\",\"potentialAction\":[{\"@type\":\"ReadAction\",\"target\":[\"https:\/\/www.iplay.com\/fr\/games\/become-a-mechanic\/\"]}]},{\"@type\":\"BreadcrumbList\",\"@id\":\"https:\/\/www.iplay.com\/fr\/games\/become-a-mechanic\/#breadcrumb\",\"itemListElement\":[{\"@type\":\"ListItem\",\"position\":1,\"name\":\"Home\",\"item\":\"https:\/\/www.iplay.com\/fr\/home-page-2\/\"},{\"@type\":\"ListItem\",\"position\":2,\"name\":\"Shop\",\"item\":\"https:\/\/www.iplay.com\/en\/shop\/\"},{\"@type\":\"ListItem\",\"position\":3,\"name\":\"Become a Mechanic\"}]},{\"@type\":\"WebSite\",\"@id\":\"https:\/\/www.iplay.com\/en\/#website\",\"url\":\"https:\/\/www.iplay.com\/en\/\",\"name\":\"IPlay\",\"description\":\"The Best Casual Games!\",\"publisher\":{\"@id\":\"https:\/\/www.iplay.com\/en\/#organization\"},\"potentialAction\":[{\"@type\":\"SearchAction\",\"target\":{\"@type\":\"EntryPoint\",\"urlTemplate\":\"https:\/\/www.iplay.com\/en\/?s={search_term_string}\"},\"query-input\":{\"@type\":\"PropertyValueSpecification\",\"valueRequired\":true,\"valueName\":\"search_term_string\"}}],\"inLanguage\":\"fr-FR\"},{\"@type\":\"Organization\",\"@id\":\"https:\/\/www.iplay.com\/en\/#organization\",\"name\":\"IPlay\",\"url\":\"https:\/\/www.iplay.com\/en\/\",\"logo\":{\"@type\":\"ImageObject\",\"inLanguage\":\"fr-FR\",\"@id\":\"https:\/\/www.iplay.com\/en\/#\/schema\/logo\/image\/\",\"url\":\"https:\/\/www.iplay.com\/wp-content\/uploads\/2023\/11\/Group-6100.svg\",\"contentUrl\":\"https:\/\/www.iplay.com\/wp-content\/uploads\/2023\/11\/Group-6100.svg\",\"width\":98,\"height\":25,\"caption\":\"IPlay\"},\"image\":{\"@id\":\"https:\/\/www.iplay.com\/en\/#\/schema\/logo\/image\/\"}}]}<\/script>\n<!-- \/ Yoast SEO Premium plugin. -->","yoast_head_json":{"title":"Devenez m\u00e9canicien - Jouez sur IPlay","description":"Prenez le contr\u00f4le de votre propre garage, les v\u00e9hicules seront r\u00e9par\u00e9s pour satisfaire les clients et \u00e9clipser les concurrents.","robots":{"index":"index","follow":"follow","max-snippet":"max-snippet:-1","max-image-preview":"max-image-preview:large","max-video-preview":"max-video-preview:-1"},"canonical":"https:\/\/www.iplay.com\/fr\/games\/become-a-mechanic\/","og_locale":"fr_FR","og_type":"article","og_title":"Become a Mechanic","og_description":"Prenez le contr\u00f4le de votre propre garage, les v\u00e9hicules seront r\u00e9par\u00e9s pour satisfaire les clients et \u00e9clipser les concurrents.","og_url":"https:\/\/www.iplay.com\/fr\/games\/become-a-mechanic\/","og_site_name":"IPlay","twitter_card":"summary_large_image","twitter_misc":{"Dur\u00e9e de lecture estim\u00e9e":"1 minute"},"schema":{"@context":"https:\/\/schema.org","@graph":[{"@type":"WebPage","@id":"https:\/\/www.iplay.com\/fr\/games\/become-a-mechanic\/","url":"https:\/\/www.iplay.com\/fr\/games\/become-a-mechanic\/","name":"Devenez m\u00e9canicien - Jouez sur IPlay","isPartOf":{"@id":"https:\/\/www.iplay.com\/en\/#website"},"datePublished":"2024-07-01T22:06:25+00:00","description":"Prenez le contr\u00f4le de votre propre garage, les v\u00e9hicules seront r\u00e9par\u00e9s pour satisfaire les clients et \u00e9clipser les concurrents.","breadcrumb":{"@id":"https:\/\/www.iplay.com\/fr\/games\/become-a-mechanic\/#breadcrumb"},"inLanguage":"fr-FR","potentialAction":[{"@type":"ReadAction","target":["https:\/\/www.iplay.com\/fr\/games\/become-a-mechanic\/"]}]},{"@type":"BreadcrumbList","@id":"https:\/\/www.iplay.com\/fr\/games\/become-a-mechanic\/#breadcrumb","itemListElement":[{"@type":"ListItem","position":1,"name":"Home","item":"https:\/\/www.iplay.com\/fr\/home-page-2\/"},{"@type":"ListItem","position":2,"name":"Shop","item":"https:\/\/www.iplay.com\/en\/shop\/"},{"@type":"ListItem","position":3,"name":"Become a Mechanic"}]},{"@type":"WebSite","@id":"https:\/\/www.iplay.com\/en\/#website","url":"https:\/\/www.iplay.com\/en\/","name":"IPlay","description":"The Best Casual Games!","publisher":{"@id":"https:\/\/www.iplay.com\/en\/#organization"},"potentialAction":[{"@type":"SearchAction","target":{"@type":"EntryPoint","urlTemplate":"https:\/\/www.iplay.com\/en\/?s={search_term_string}"},"query-input":{"@type":"PropertyValueSpecification","valueRequired":true,"valueName":"search_term_string"}}],"inLanguage":"fr-FR"},{"@type":"Organization","@id":"https:\/\/www.iplay.com\/en\/#organization","name":"IPlay","url":"https:\/\/www.iplay.com\/en\/","logo":{"@type":"ImageObject","inLanguage":"fr-FR","@id":"https:\/\/www.iplay.com\/en\/#\/schema\/logo\/image\/","url":"https:\/\/www.iplay.com\/wp-content\/uploads\/2023\/11\/Group-6100.svg","contentUrl":"https:\/\/www.iplay.com\/wp-content\/uploads\/2023\/11\/Group-6100.svg","width":98,"height":25,"caption":"IPlay"},"image":{"@id":"https:\/\/www.iplay.com\/en\/#\/schema\/logo\/image\/"}}]}},"_links":{"self":[{"href":"https:\/\/www.iplay.com\/fr\/wp-json\/wp\/v2\/product\/132773","targetHints":{"allow":["GET"]}}],"collection":[{"href":"https:\/\/www.iplay.com\/fr\/wp-json\/wp\/v2\/product"}],"about":[{"href":"https:\/\/www.iplay.com\/fr\/wp-json\/wp\/v2\/types\/product"}],"author":[{"embeddable":true,"href":"https:\/\/www.iplay.com\/fr\/wp-json\/wp\/v2\/users\/333"}],"replies":[{"embeddable":true,"href":"https:\/\/www.iplay.com\/fr\/wp-json\/wp\/v2\/comments?post=132773"}],"wp:attachment":[{"href":"https:\/\/www.iplay.com\/fr\/wp-json\/wp\/v2\/media?parent=132773"}],"wp:term":[{"taxonomy":"product_brand","embeddable":true,"href":"https:\/\/www.iplay.com\/fr\/wp-json\/wp\/v2\/product_brand?post=132773"},{"taxonomy":"product_cat","embeddable":true,"href":"https:\/\/www.iplay.com\/fr\/wp-json\/wp\/v2\/product_cat?post=132773"},{"taxonomy":"product_tag","embeddable":true,"href":"https:\/\/www.iplay.com\/fr\/wp-json\/wp\/v2\/product_tag?post=132773"}],"curies":[{"name":"wp","href":"https:\/\/api.w.org\/{rel}","templated":true}]}}