{"id":132741,"date":"2024-07-01T22:06:27","date_gmt":"2024-07-01T22:06:27","guid":{"rendered":"https:\/\/www.iplay.com\/games\/berries-jumper\/"},"modified":"2024-07-01T22:06:27","modified_gmt":"2024-07-01T22:06:27","slug":"berries-jumper","status":"publish","type":"product","link":"https:\/\/www.iplay.com\/fr\/games\/berries-jumper\/","title":{"rendered":"Berries Jumper"},"content":{"rendered":"<p>La l\u00e9gende d\u2019un petit gar\u00e7on sauvage vivant dans la for\u00eat de baies est vraie, et il a besoin d\u2019\u00eatre guid\u00e9 avec soin lorsqu\u2019il saute de baie en baie.<\/p>\n<p>Dans Berries Jumper, ses sauts doivent \u00eatre soigneusement dirig\u00e9s d\u2019une plate-forme \u00e0 l\u2019autre, en s\u2019assurant qu\u2019il \u00e9vite de tomber dans le vide &#8211; toute chute pourrait \u00eatre fatale.<\/p>\n<p>Ce jeu bas\u00e9 sur le r\u00e9flexe et l\u2019anticipation met les joueurs au d\u00e9fi de naviguer dans l\u2019atmosph\u00e8re color\u00e9e et enchanteresse sans faire la moindre erreur.<\/p>\n<p>Au fur et \u00e0 mesure que le jeu progresse, le but est de voir jusqu\u2019o\u00f9 le gar\u00e7on peut \u00eatre guid\u00e9 tout en maintenant des sauts sans faute.<\/p>\n<p>Jusqu\u2019o\u00f9 l\u2019aventure peut-elle aller sans un faux pas ?<\/p>\n","protected":false},"excerpt":{"rendered":"<p>La l\u00e9gende d\u2019un petit gar\u00e7on sauvage vivant dans la for\u00eat de baies est vraie<\/p>\n","protected":false},"author":333,"featured_media":0,"comment_status":"open","ping_status":"closed","template":"","meta":{"_acf_changed":false,"inline_featured_image":false},"product_brand":[],"product_cat":[151,179],"product_tag":[285,305,287],"class_list":{"0":"post-132741","1":"product","2":"type-product","3":"status-publish","5":"product_cat-arcade-fr","6":"product_cat-mobile-games-fr","7":"product_tag-play-on-mac-fr","8":"product_tag-play-on-mobile-fr","9":"product_tag-play-on-pc-fr","11":"first","12":"instock","13":"shipping-taxable","14":"purchasable","15":"product-type-html5_game"},"acf":[],"yoast_head":"<!-- This site is optimized with the Yoast SEO Premium plugin v25.2 (Yoast SEO v25.2) - https:\/\/yoast.com\/wordpress\/plugins\/seo\/ -->\n<title>Berries Jumper - Jouez sur IPlay<\/title>\n<meta name=\"description\" content=\"La l\u00e9gende d\u2019un petit gar\u00e7on sauvage vivant dans la for\u00eat de baies est vraie\" \/>\n<meta name=\"robots\" content=\"index, follow, max-snippet:-1, max-image-preview:large, max-video-preview:-1\" \/>\n<link rel=\"canonical\" href=\"https:\/\/www.iplay.com\/fr\/games\/berries-jumper\/\" \/>\n<meta property=\"og:locale\" content=\"fr_FR\" \/>\n<meta property=\"og:type\" content=\"article\" \/>\n<meta property=\"og:title\" content=\"Berries Jumper\" \/>\n<meta property=\"og:description\" content=\"La l\u00e9gende d\u2019un petit gar\u00e7on sauvage vivant dans la for\u00eat de baies est vraie\" \/>\n<meta property=\"og:url\" content=\"https:\/\/www.iplay.com\/fr\/games\/berries-jumper\/\" \/>\n<meta property=\"og:site_name\" content=\"IPlay\" \/>\n<meta name=\"twitter:card\" content=\"summary_large_image\" \/>\n<meta name=\"twitter:label1\" content=\"Dur\u00e9e de lecture estim\u00e9e\" \/>\n\t<meta name=\"twitter:data1\" content=\"1 minute\" \/>\n<script type=\"application\/ld+json\" class=\"yoast-schema-graph\">{\"@context\":\"https:\/\/schema.org\",\"@graph\":[{\"@type\":\"WebPage\",\"@id\":\"https:\/\/www.iplay.com\/fr\/games\/berries-jumper\/\",\"url\":\"https:\/\/www.iplay.com\/fr\/games\/berries-jumper\/\",\"name\":\"Berries Jumper - Jouez sur IPlay\",\"isPartOf\":{\"@id\":\"https:\/\/www.iplay.com\/en\/#website\"},\"datePublished\":\"2024-07-01T22:06:27+00:00\",\"description\":\"La l\u00e9gende d\u2019un petit gar\u00e7on sauvage vivant dans la for\u00eat de baies est vraie\",\"breadcrumb\":{\"@id\":\"https:\/\/www.iplay.com\/fr\/games\/berries-jumper\/#breadcrumb\"},\"inLanguage\":\"fr-FR\",\"potentialAction\":[{\"@type\":\"ReadAction\",\"target\":[\"https:\/\/www.iplay.com\/fr\/games\/berries-jumper\/\"]}]},{\"@type\":\"BreadcrumbList\",\"@id\":\"https:\/\/www.iplay.com\/fr\/games\/berries-jumper\/#breadcrumb\",\"itemListElement\":[{\"@type\":\"ListItem\",\"position\":1,\"name\":\"Home\",\"item\":\"https:\/\/www.iplay.com\/fr\/home-page-2\/\"},{\"@type\":\"ListItem\",\"position\":2,\"name\":\"Shop\",\"item\":\"https:\/\/www.iplay.com\/en\/shop\/\"},{\"@type\":\"ListItem\",\"position\":3,\"name\":\"Berries Jumper\"}]},{\"@type\":\"WebSite\",\"@id\":\"https:\/\/www.iplay.com\/en\/#website\",\"url\":\"https:\/\/www.iplay.com\/en\/\",\"name\":\"IPlay\",\"description\":\"The Best Casual Games!\",\"publisher\":{\"@id\":\"https:\/\/www.iplay.com\/en\/#organization\"},\"potentialAction\":[{\"@type\":\"SearchAction\",\"target\":{\"@type\":\"EntryPoint\",\"urlTemplate\":\"https:\/\/www.iplay.com\/en\/?s={search_term_string}\"},\"query-input\":{\"@type\":\"PropertyValueSpecification\",\"valueRequired\":true,\"valueName\":\"search_term_string\"}}],\"inLanguage\":\"fr-FR\"},{\"@type\":\"Organization\",\"@id\":\"https:\/\/www.iplay.com\/en\/#organization\",\"name\":\"IPlay\",\"url\":\"https:\/\/www.iplay.com\/en\/\",\"logo\":{\"@type\":\"ImageObject\",\"inLanguage\":\"fr-FR\",\"@id\":\"https:\/\/www.iplay.com\/en\/#\/schema\/logo\/image\/\",\"url\":\"https:\/\/www.iplay.com\/wp-content\/uploads\/2023\/11\/Group-6100.svg\",\"contentUrl\":\"https:\/\/www.iplay.com\/wp-content\/uploads\/2023\/11\/Group-6100.svg\",\"width\":98,\"height\":25,\"caption\":\"IPlay\"},\"image\":{\"@id\":\"https:\/\/www.iplay.com\/en\/#\/schema\/logo\/image\/\"}}]}<\/script>\n<!-- \/ Yoast SEO Premium plugin. -->","yoast_head_json":{"title":"Berries Jumper - Jouez sur IPlay","description":"La l\u00e9gende d\u2019un petit gar\u00e7on sauvage vivant dans la for\u00eat de baies est vraie","robots":{"index":"index","follow":"follow","max-snippet":"max-snippet:-1","max-image-preview":"max-image-preview:large","max-video-preview":"max-video-preview:-1"},"canonical":"https:\/\/www.iplay.com\/fr\/games\/berries-jumper\/","og_locale":"fr_FR","og_type":"article","og_title":"Berries Jumper","og_description":"La l\u00e9gende d\u2019un petit gar\u00e7on sauvage vivant dans la for\u00eat de baies est vraie","og_url":"https:\/\/www.iplay.com\/fr\/games\/berries-jumper\/","og_site_name":"IPlay","twitter_card":"summary_large_image","twitter_misc":{"Dur\u00e9e de lecture estim\u00e9e":"1 minute"},"schema":{"@context":"https:\/\/schema.org","@graph":[{"@type":"WebPage","@id":"https:\/\/www.iplay.com\/fr\/games\/berries-jumper\/","url":"https:\/\/www.iplay.com\/fr\/games\/berries-jumper\/","name":"Berries Jumper - Jouez sur IPlay","isPartOf":{"@id":"https:\/\/www.iplay.com\/en\/#website"},"datePublished":"2024-07-01T22:06:27+00:00","description":"La l\u00e9gende d\u2019un petit gar\u00e7on sauvage vivant dans la for\u00eat de baies est vraie","breadcrumb":{"@id":"https:\/\/www.iplay.com\/fr\/games\/berries-jumper\/#breadcrumb"},"inLanguage":"fr-FR","potentialAction":[{"@type":"ReadAction","target":["https:\/\/www.iplay.com\/fr\/games\/berries-jumper\/"]}]},{"@type":"BreadcrumbList","@id":"https:\/\/www.iplay.com\/fr\/games\/berries-jumper\/#breadcrumb","itemListElement":[{"@type":"ListItem","position":1,"name":"Home","item":"https:\/\/www.iplay.com\/fr\/home-page-2\/"},{"@type":"ListItem","position":2,"name":"Shop","item":"https:\/\/www.iplay.com\/en\/shop\/"},{"@type":"ListItem","position":3,"name":"Berries Jumper"}]},{"@type":"WebSite","@id":"https:\/\/www.iplay.com\/en\/#website","url":"https:\/\/www.iplay.com\/en\/","name":"IPlay","description":"The Best Casual Games!","publisher":{"@id":"https:\/\/www.iplay.com\/en\/#organization"},"potentialAction":[{"@type":"SearchAction","target":{"@type":"EntryPoint","urlTemplate":"https:\/\/www.iplay.com\/en\/?s={search_term_string}"},"query-input":{"@type":"PropertyValueSpecification","valueRequired":true,"valueName":"search_term_string"}}],"inLanguage":"fr-FR"},{"@type":"Organization","@id":"https:\/\/www.iplay.com\/en\/#organization","name":"IPlay","url":"https:\/\/www.iplay.com\/en\/","logo":{"@type":"ImageObject","inLanguage":"fr-FR","@id":"https:\/\/www.iplay.com\/en\/#\/schema\/logo\/image\/","url":"https:\/\/www.iplay.com\/wp-content\/uploads\/2023\/11\/Group-6100.svg","contentUrl":"https:\/\/www.iplay.com\/wp-content\/uploads\/2023\/11\/Group-6100.svg","width":98,"height":25,"caption":"IPlay"},"image":{"@id":"https:\/\/www.iplay.com\/en\/#\/schema\/logo\/image\/"}}]}},"_links":{"self":[{"href":"https:\/\/www.iplay.com\/fr\/wp-json\/wp\/v2\/product\/132741","targetHints":{"allow":["GET"]}}],"collection":[{"href":"https:\/\/www.iplay.com\/fr\/wp-json\/wp\/v2\/product"}],"about":[{"href":"https:\/\/www.iplay.com\/fr\/wp-json\/wp\/v2\/types\/product"}],"author":[{"embeddable":true,"href":"https:\/\/www.iplay.com\/fr\/wp-json\/wp\/v2\/users\/333"}],"replies":[{"embeddable":true,"href":"https:\/\/www.iplay.com\/fr\/wp-json\/wp\/v2\/comments?post=132741"}],"wp:attachment":[{"href":"https:\/\/www.iplay.com\/fr\/wp-json\/wp\/v2\/media?parent=132741"}],"wp:term":[{"taxonomy":"product_brand","embeddable":true,"href":"https:\/\/www.iplay.com\/fr\/wp-json\/wp\/v2\/product_brand?post=132741"},{"taxonomy":"product_cat","embeddable":true,"href":"https:\/\/www.iplay.com\/fr\/wp-json\/wp\/v2\/product_cat?post=132741"},{"taxonomy":"product_tag","embeddable":true,"href":"https:\/\/www.iplay.com\/fr\/wp-json\/wp\/v2\/product_tag?post=132741"}],"curies":[{"name":"wp","href":"https:\/\/api.w.org\/{rel}","templated":true}]}}