{"id":132677,"date":"2024-06-19T11:35:27","date_gmt":"2024-06-19T11:35:27","guid":{"rendered":"https:\/\/www.iplay.com\/games\/astronaut-warrior\/"},"modified":"2024-06-19T11:35:27","modified_gmt":"2024-06-19T11:35:27","slug":"astronaut-warrior","status":"publish","type":"product","link":"https:\/\/www.iplay.com\/fr\/games\/astronaut-warrior\/","title":{"rendered":"Astronaut Warrior"},"content":{"rendered":"<p>Il est temps d\u2019explorer les merveilles de l\u2019espace ! Enfilez votre combinaison spatiale et embarquez \u00e0 bord de votre nouveau vaisseau spatial. <\/p>\n<p>Contemplez les vues \u00e0 couper le souffle du cosmos, mais restez vigilant contre les monstres rencontr\u00e9s.<\/p>\n<p>Am\u00e9liorez \u00e0 la fois votre vaisseau spatial et votre combinaison spatiale au fur et \u00e0 mesure que vous vous \u00e9levez pour devenir le ma\u00eetre de l\u2019univers dans Astronaut Warrior.<\/p>\n<p>Ce jeu d\u2019anticipation teste vos r\u00e9flexes au milieu de personnages charismatiques, promettant une exp\u00e9rience de jeu unique o\u00f9 l\u2019univers attend votre exploration.<\/p>\n","protected":false},"excerpt":{"rendered":"<p>Enfilez votre \u00e9quipement, montez \u00e0 bord de votre navette et tuez des monstres de l\u2019espace !<\/p>\n","protected":false},"author":333,"featured_media":0,"comment_status":"open","ping_status":"closed","template":"","meta":{"_acf_changed":false,"inline_featured_image":false},"product_brand":[],"product_cat":[151,179],"product_tag":[285,305,287],"class_list":{"0":"post-132677","1":"product","2":"type-product","3":"status-publish","5":"product_cat-arcade-fr","6":"product_cat-mobile-games-fr","7":"product_tag-play-on-mac-fr","8":"product_tag-play-on-mobile-fr","9":"product_tag-play-on-pc-fr","11":"first","12":"instock","13":"shipping-taxable","14":"purchasable","15":"product-type-html5_game"},"acf":[],"yoast_head":"<!-- This site is optimized with the Yoast SEO Premium plugin v25.2 (Yoast SEO v25.2) - https:\/\/yoast.com\/wordpress\/plugins\/seo\/ -->\n<title>Astronaut Warrior - Jouez sur IPlay<\/title>\n<meta name=\"description\" content=\"Enfilez votre \u00e9quipement, montez \u00e0 bord de votre navette et tuez des monstres de l\u2019espace !\" \/>\n<meta name=\"robots\" content=\"index, follow, max-snippet:-1, max-image-preview:large, max-video-preview:-1\" \/>\n<link rel=\"canonical\" href=\"https:\/\/www.iplay.com\/fr\/games\/astronaut-warrior\/\" \/>\n<meta property=\"og:locale\" content=\"fr_FR\" \/>\n<meta property=\"og:type\" content=\"article\" \/>\n<meta property=\"og:title\" content=\"Astronaut Warrior\" \/>\n<meta property=\"og:description\" content=\"Enfilez votre \u00e9quipement, montez \u00e0 bord de votre navette et tuez des monstres de l\u2019espace !\" \/>\n<meta property=\"og:url\" content=\"https:\/\/www.iplay.com\/fr\/games\/astronaut-warrior\/\" \/>\n<meta property=\"og:site_name\" content=\"IPlay\" \/>\n<meta name=\"twitter:card\" content=\"summary_large_image\" \/>\n<script type=\"application\/ld+json\" class=\"yoast-schema-graph\">{\"@context\":\"https:\/\/schema.org\",\"@graph\":[{\"@type\":\"WebPage\",\"@id\":\"https:\/\/www.iplay.com\/fr\/games\/astronaut-warrior\/\",\"url\":\"https:\/\/www.iplay.com\/fr\/games\/astronaut-warrior\/\",\"name\":\"Astronaut Warrior - Jouez sur IPlay\",\"isPartOf\":{\"@id\":\"https:\/\/www.iplay.com\/en\/#website\"},\"datePublished\":\"2024-06-19T11:35:27+00:00\",\"description\":\"Enfilez votre \u00e9quipement, montez \u00e0 bord de votre navette et tuez des monstres de l\u2019espace !\",\"breadcrumb\":{\"@id\":\"https:\/\/www.iplay.com\/fr\/games\/astronaut-warrior\/#breadcrumb\"},\"inLanguage\":\"fr-FR\",\"potentialAction\":[{\"@type\":\"ReadAction\",\"target\":[\"https:\/\/www.iplay.com\/fr\/games\/astronaut-warrior\/\"]}]},{\"@type\":\"BreadcrumbList\",\"@id\":\"https:\/\/www.iplay.com\/fr\/games\/astronaut-warrior\/#breadcrumb\",\"itemListElement\":[{\"@type\":\"ListItem\",\"position\":1,\"name\":\"Home\",\"item\":\"https:\/\/www.iplay.com\/fr\/home-page-2\/\"},{\"@type\":\"ListItem\",\"position\":2,\"name\":\"Shop\",\"item\":\"https:\/\/www.iplay.com\/en\/shop\/\"},{\"@type\":\"ListItem\",\"position\":3,\"name\":\"Astronaut Warrior\"}]},{\"@type\":\"WebSite\",\"@id\":\"https:\/\/www.iplay.com\/en\/#website\",\"url\":\"https:\/\/www.iplay.com\/en\/\",\"name\":\"IPlay\",\"description\":\"The Best Casual Games!\",\"publisher\":{\"@id\":\"https:\/\/www.iplay.com\/en\/#organization\"},\"potentialAction\":[{\"@type\":\"SearchAction\",\"target\":{\"@type\":\"EntryPoint\",\"urlTemplate\":\"https:\/\/www.iplay.com\/en\/?s={search_term_string}\"},\"query-input\":{\"@type\":\"PropertyValueSpecification\",\"valueRequired\":true,\"valueName\":\"search_term_string\"}}],\"inLanguage\":\"fr-FR\"},{\"@type\":\"Organization\",\"@id\":\"https:\/\/www.iplay.com\/en\/#organization\",\"name\":\"IPlay\",\"url\":\"https:\/\/www.iplay.com\/en\/\",\"logo\":{\"@type\":\"ImageObject\",\"inLanguage\":\"fr-FR\",\"@id\":\"https:\/\/www.iplay.com\/en\/#\/schema\/logo\/image\/\",\"url\":\"https:\/\/www.iplay.com\/wp-content\/uploads\/2023\/11\/Group-6100.svg\",\"contentUrl\":\"https:\/\/www.iplay.com\/wp-content\/uploads\/2023\/11\/Group-6100.svg\",\"width\":98,\"height\":25,\"caption\":\"IPlay\"},\"image\":{\"@id\":\"https:\/\/www.iplay.com\/en\/#\/schema\/logo\/image\/\"}}]}<\/script>\n<!-- \/ Yoast SEO Premium plugin. -->","yoast_head_json":{"title":"Astronaut Warrior - Jouez sur IPlay","description":"Enfilez votre \u00e9quipement, montez \u00e0 bord de votre navette et tuez des monstres de l\u2019espace !","robots":{"index":"index","follow":"follow","max-snippet":"max-snippet:-1","max-image-preview":"max-image-preview:large","max-video-preview":"max-video-preview:-1"},"canonical":"https:\/\/www.iplay.com\/fr\/games\/astronaut-warrior\/","og_locale":"fr_FR","og_type":"article","og_title":"Astronaut Warrior","og_description":"Enfilez votre \u00e9quipement, montez \u00e0 bord de votre navette et tuez des monstres de l\u2019espace !","og_url":"https:\/\/www.iplay.com\/fr\/games\/astronaut-warrior\/","og_site_name":"IPlay","twitter_card":"summary_large_image","schema":{"@context":"https:\/\/schema.org","@graph":[{"@type":"WebPage","@id":"https:\/\/www.iplay.com\/fr\/games\/astronaut-warrior\/","url":"https:\/\/www.iplay.com\/fr\/games\/astronaut-warrior\/","name":"Astronaut Warrior - Jouez sur IPlay","isPartOf":{"@id":"https:\/\/www.iplay.com\/en\/#website"},"datePublished":"2024-06-19T11:35:27+00:00","description":"Enfilez votre \u00e9quipement, montez \u00e0 bord de votre navette et tuez des monstres de l\u2019espace !","breadcrumb":{"@id":"https:\/\/www.iplay.com\/fr\/games\/astronaut-warrior\/#breadcrumb"},"inLanguage":"fr-FR","potentialAction":[{"@type":"ReadAction","target":["https:\/\/www.iplay.com\/fr\/games\/astronaut-warrior\/"]}]},{"@type":"BreadcrumbList","@id":"https:\/\/www.iplay.com\/fr\/games\/astronaut-warrior\/#breadcrumb","itemListElement":[{"@type":"ListItem","position":1,"name":"Home","item":"https:\/\/www.iplay.com\/fr\/home-page-2\/"},{"@type":"ListItem","position":2,"name":"Shop","item":"https:\/\/www.iplay.com\/en\/shop\/"},{"@type":"ListItem","position":3,"name":"Astronaut Warrior"}]},{"@type":"WebSite","@id":"https:\/\/www.iplay.com\/en\/#website","url":"https:\/\/www.iplay.com\/en\/","name":"IPlay","description":"The Best Casual Games!","publisher":{"@id":"https:\/\/www.iplay.com\/en\/#organization"},"potentialAction":[{"@type":"SearchAction","target":{"@type":"EntryPoint","urlTemplate":"https:\/\/www.iplay.com\/en\/?s={search_term_string}"},"query-input":{"@type":"PropertyValueSpecification","valueRequired":true,"valueName":"search_term_string"}}],"inLanguage":"fr-FR"},{"@type":"Organization","@id":"https:\/\/www.iplay.com\/en\/#organization","name":"IPlay","url":"https:\/\/www.iplay.com\/en\/","logo":{"@type":"ImageObject","inLanguage":"fr-FR","@id":"https:\/\/www.iplay.com\/en\/#\/schema\/logo\/image\/","url":"https:\/\/www.iplay.com\/wp-content\/uploads\/2023\/11\/Group-6100.svg","contentUrl":"https:\/\/www.iplay.com\/wp-content\/uploads\/2023\/11\/Group-6100.svg","width":98,"height":25,"caption":"IPlay"},"image":{"@id":"https:\/\/www.iplay.com\/en\/#\/schema\/logo\/image\/"}}]}},"_links":{"self":[{"href":"https:\/\/www.iplay.com\/fr\/wp-json\/wp\/v2\/product\/132677","targetHints":{"allow":["GET"]}}],"collection":[{"href":"https:\/\/www.iplay.com\/fr\/wp-json\/wp\/v2\/product"}],"about":[{"href":"https:\/\/www.iplay.com\/fr\/wp-json\/wp\/v2\/types\/product"}],"author":[{"embeddable":true,"href":"https:\/\/www.iplay.com\/fr\/wp-json\/wp\/v2\/users\/333"}],"replies":[{"embeddable":true,"href":"https:\/\/www.iplay.com\/fr\/wp-json\/wp\/v2\/comments?post=132677"}],"wp:attachment":[{"href":"https:\/\/www.iplay.com\/fr\/wp-json\/wp\/v2\/media?parent=132677"}],"wp:term":[{"taxonomy":"product_brand","embeddable":true,"href":"https:\/\/www.iplay.com\/fr\/wp-json\/wp\/v2\/product_brand?post=132677"},{"taxonomy":"product_cat","embeddable":true,"href":"https:\/\/www.iplay.com\/fr\/wp-json\/wp\/v2\/product_cat?post=132677"},{"taxonomy":"product_tag","embeddable":true,"href":"https:\/\/www.iplay.com\/fr\/wp-json\/wp\/v2\/product_tag?post=132677"}],"curies":[{"name":"wp","href":"https:\/\/api.w.org\/{rel}","templated":true}]}}