{"id":132632,"date":"2024-06-28T08:00:50","date_gmt":"2024-06-28T08:00:50","guid":{"rendered":"https:\/\/www.iplay.com\/games\/new-yankee-14-through-the-history-mirror-collectors-edition\/"},"modified":"2025-05-13T22:07:07","modified_gmt":"2025-05-13T22:07:07","slug":"new-yankee-14-through-the-history-mirror-collectors-edition","status":"publish","type":"product","link":"https:\/\/www.iplay.com\/fr\/games\/new-yankee-14-through-the-history-mirror-collectors-edition\/","title":{"rendered":"New Yankee 14: Through the History Mirror Collector&#8217;s Edition"},"content":{"rendered":"<p>Rejoignez John, Mary et leurs amis dans un voyage extraordinaire \u00e0 travers deux aventures parall\u00e8les d\u00e9bordant d\u2019excitation, de danger et de d\u00e9fis quotidiens. De nouveaux mondes et de nouvelles \u00e9poques seront explor\u00e9s, et des ph\u00e9nom\u00e8nes mystiques seront navigu\u00e9s au fur et \u00e0 mesure de leur voyage \u00e0 travers l\u2019espace et le temps. <\/p>\n<p>&nbsp;<\/p>\n<p><strong>Fonctionnalit\u00e9s<\/strong><\/p>\n<ul>\n<li>45 niveaux captivants, plus 11 niveaux de mini-jeux.<\/li>\n<li>Trois niveaux de difficult\u00e9 r\u00e9glables : facile, normal et difficile.<\/li>\n<li>Une vari\u00e9t\u00e9 de mini-jeux captivants \u00e0 jouer.<\/li>\n<li>De nombreux succ\u00e8s \u00e0 d\u00e9bloquer.<\/li>\n<li>Un gameplay intuitif avec des commandes simples \u00e0 la souris.<\/li>\n<\/ul>\n<p><strong>Contenu exclusif de l\u2019\u00c9dition Collector<\/strong><\/p>\n<ul>\n<li>15 niveaux suppl\u00e9mentaires, dont deux nouveaux niveaux de mini-jeu.<\/li>\n<li>Un guide complet de strat\u00e9gie des niveaux.<\/li>\n<li>Les bandes originales sont disponibles en t\u00e9l\u00e9chargement.<\/li>\n<li>Superbes fonds d\u2019\u00e9cran \u00e0 t\u00e9l\u00e9charger.<\/li>\n<li>Acc\u00e8s direct \u00e0 des clips vid\u00e9o, aux biographies des personnages, \u00e0 un guide d\u00e9taill\u00e9 et \u00e0 un puzzle unique.<\/li>\n<li>Pi\u00e8ces de puzzle \u00e0 collectionner \u00e0 rassembler et \u00e0 assembler.<\/li>\n<li>Pr\u00e9parez-vous pour une aventure \u00e9blouissante o\u00f9 les fronti\u00e8res entre la r\u00e9alit\u00e9 et l\u2019extraordinaire s\u2019estompent, et chaque pas vous rapproche de la d\u00e9couverte des myst\u00e8res de l\u2019espace et du temps !<\/li>\n<\/ul>\n","protected":false},"excerpt":{"rendered":"<p>Aidez John et Mary \u00e0 \u00e9chapper \u00e0 leur boucle temporelle avec <strong>New Yankee 14&nbsp;: \u00c0 travers l\u2019Histoire Miroir \u00c9dition Collector<\/strong><\/p>\n","protected":false},"author":8,"featured_media":112234,"comment_status":"open","ping_status":"closed","template":"","meta":{"_acf_changed":false,"inline_featured_image":false},"product_brand":[],"product_cat":[216],"product_tag":[287],"class_list":{"0":"post-132632","1":"product","2":"type-product","3":"status-publish","4":"has-post-thumbnail","6":"product_cat-time-management-fr","7":"product_tag-play-on-pc-fr","9":"first","10":"instock","11":"shipping-taxable","12":"purchasable","13":"product-type-simple"},"acf":[],"yoast_head":"<!-- This site is optimized with the Yoast SEO Premium plugin v25.2 (Yoast SEO v25.2) - https:\/\/yoast.com\/wordpress\/plugins\/seo\/ -->\n<title>New Yankee 14\u00a0: \u00c0 travers l\u2019Histoire Miroir \u00c9dition Collector<\/title>\n<meta name=\"description\" content=\"Aidez John et Mary \u00e0 \u00e9chapper \u00e0 leur boucle temporelle avec New Yankee 14&nbsp;: \u00c0 travers l\u2019Histoire Miroir \u00c9dition Collector\" \/>\n<meta name=\"robots\" content=\"index, follow, max-snippet:-1, max-image-preview:large, max-video-preview:-1\" \/>\n<link rel=\"canonical\" href=\"https:\/\/www.iplay.com\/fr\/games\/new-yankee-14-through-the-history-mirror-collectors-edition\/\" \/>\n<meta property=\"og:locale\" content=\"fr_FR\" \/>\n<meta property=\"og:type\" content=\"article\" \/>\n<meta property=\"og:title\" content=\"New Yankee 14: Through the History Mirror Collector&#039;s Edition\" \/>\n<meta property=\"og:description\" content=\"Aidez John et Mary \u00e0 \u00e9chapper \u00e0 leur boucle temporelle avec New Yankee 14&nbsp;: \u00c0 travers l\u2019Histoire Miroir \u00c9dition Collector\" \/>\n<meta property=\"og:url\" content=\"https:\/\/www.iplay.com\/fr\/games\/new-yankee-14-through-the-history-mirror-collectors-edition\/\" \/>\n<meta property=\"og:site_name\" content=\"IPlay\" \/>\n<meta property=\"article:modified_time\" content=\"2025-05-13T22:07:07+00:00\" \/>\n<meta property=\"og:image\" content=\"https:\/\/www.iplay.com\/wp-content\/uploads\/2024\/06\/New-Yankee-Through-the-History-Mirror-CE_large_square_tile_image.webp\" \/>\n\t<meta property=\"og:image:width\" content=\"715\" \/>\n\t<meta property=\"og:image:height\" content=\"485\" \/>\n\t<meta property=\"og:image:type\" content=\"image\/webp\" \/>\n<meta name=\"twitter:card\" content=\"summary_large_image\" \/>\n<meta name=\"twitter:label1\" content=\"Dur\u00e9e de lecture estim\u00e9e\" \/>\n\t<meta name=\"twitter:data1\" content=\"1 minute\" \/>\n<script type=\"application\/ld+json\" class=\"yoast-schema-graph\">{\"@context\":\"https:\/\/schema.org\",\"@graph\":[{\"@type\":\"WebPage\",\"@id\":\"https:\/\/www.iplay.com\/fr\/games\/new-yankee-14-through-the-history-mirror-collectors-edition\/\",\"url\":\"https:\/\/www.iplay.com\/fr\/games\/new-yankee-14-through-the-history-mirror-collectors-edition\/\",\"name\":\"New Yankee 14\u00a0: \u00c0 travers l\u2019Histoire Miroir \u00c9dition Collector\",\"isPartOf\":{\"@id\":\"https:\/\/www.iplay.com\/en\/#website\"},\"primaryImageOfPage\":{\"@id\":\"https:\/\/www.iplay.com\/fr\/games\/new-yankee-14-through-the-history-mirror-collectors-edition\/#primaryimage\"},\"image\":{\"@id\":\"https:\/\/www.iplay.com\/fr\/games\/new-yankee-14-through-the-history-mirror-collectors-edition\/#primaryimage\"},\"thumbnailUrl\":\"https:\/\/www.iplay.com\/wp-content\/uploads\/2024\/06\/New-Yankee-Through-the-History-Mirror-CE_large_square_tile_image.webp\",\"datePublished\":\"2024-06-28T08:00:50+00:00\",\"dateModified\":\"2025-05-13T22:07:07+00:00\",\"description\":\"Aidez John et Mary \u00e0 \u00e9chapper \u00e0 leur boucle temporelle avec New Yankee 14&nbsp;: \u00c0 travers l\u2019Histoire Miroir \u00c9dition Collector\",\"breadcrumb\":{\"@id\":\"https:\/\/www.iplay.com\/fr\/games\/new-yankee-14-through-the-history-mirror-collectors-edition\/#breadcrumb\"},\"inLanguage\":\"fr-FR\",\"potentialAction\":[{\"@type\":\"ReadAction\",\"target\":[\"https:\/\/www.iplay.com\/fr\/games\/new-yankee-14-through-the-history-mirror-collectors-edition\/\"]}]},{\"@type\":\"ImageObject\",\"inLanguage\":\"fr-FR\",\"@id\":\"https:\/\/www.iplay.com\/fr\/games\/new-yankee-14-through-the-history-mirror-collectors-edition\/#primaryimage\",\"url\":\"https:\/\/www.iplay.com\/wp-content\/uploads\/2024\/06\/New-Yankee-Through-the-History-Mirror-CE_large_square_tile_image.webp\",\"contentUrl\":\"https:\/\/www.iplay.com\/wp-content\/uploads\/2024\/06\/New-Yankee-Through-the-History-Mirror-CE_large_square_tile_image.webp\",\"width\":715,\"height\":485},{\"@type\":\"BreadcrumbList\",\"@id\":\"https:\/\/www.iplay.com\/fr\/games\/new-yankee-14-through-the-history-mirror-collectors-edition\/#breadcrumb\",\"itemListElement\":[{\"@type\":\"ListItem\",\"position\":1,\"name\":\"Home\",\"item\":\"https:\/\/www.iplay.com\/fr\/home-page-2\/\"},{\"@type\":\"ListItem\",\"position\":2,\"name\":\"Shop\",\"item\":\"https:\/\/www.iplay.com\/en\/shop\/\"},{\"@type\":\"ListItem\",\"position\":3,\"name\":\"New Yankee 14: Through the History Mirror Collector&#8217;s Edition\"}]},{\"@type\":\"WebSite\",\"@id\":\"https:\/\/www.iplay.com\/en\/#website\",\"url\":\"https:\/\/www.iplay.com\/en\/\",\"name\":\"IPlay\",\"description\":\"The Best Casual Games!\",\"publisher\":{\"@id\":\"https:\/\/www.iplay.com\/en\/#organization\"},\"potentialAction\":[{\"@type\":\"SearchAction\",\"target\":{\"@type\":\"EntryPoint\",\"urlTemplate\":\"https:\/\/www.iplay.com\/en\/?s={search_term_string}\"},\"query-input\":{\"@type\":\"PropertyValueSpecification\",\"valueRequired\":true,\"valueName\":\"search_term_string\"}}],\"inLanguage\":\"fr-FR\"},{\"@type\":\"Organization\",\"@id\":\"https:\/\/www.iplay.com\/en\/#organization\",\"name\":\"IPlay\",\"url\":\"https:\/\/www.iplay.com\/en\/\",\"logo\":{\"@type\":\"ImageObject\",\"inLanguage\":\"fr-FR\",\"@id\":\"https:\/\/www.iplay.com\/en\/#\/schema\/logo\/image\/\",\"url\":\"https:\/\/www.iplay.com\/wp-content\/uploads\/2023\/11\/Group-6100.svg\",\"contentUrl\":\"https:\/\/www.iplay.com\/wp-content\/uploads\/2023\/11\/Group-6100.svg\",\"width\":98,\"height\":25,\"caption\":\"IPlay\"},\"image\":{\"@id\":\"https:\/\/www.iplay.com\/en\/#\/schema\/logo\/image\/\"}}]}<\/script>\n<!-- \/ Yoast SEO Premium plugin. -->","yoast_head_json":{"title":"New Yankee 14\u00a0: \u00c0 travers l\u2019Histoire Miroir \u00c9dition Collector","description":"Aidez John et Mary \u00e0 \u00e9chapper \u00e0 leur boucle temporelle avec New Yankee 14&nbsp;: \u00c0 travers l\u2019Histoire Miroir \u00c9dition Collector","robots":{"index":"index","follow":"follow","max-snippet":"max-snippet:-1","max-image-preview":"max-image-preview:large","max-video-preview":"max-video-preview:-1"},"canonical":"https:\/\/www.iplay.com\/fr\/games\/new-yankee-14-through-the-history-mirror-collectors-edition\/","og_locale":"fr_FR","og_type":"article","og_title":"New Yankee 14: Through the History Mirror Collector's Edition","og_description":"Aidez John et Mary \u00e0 \u00e9chapper \u00e0 leur boucle temporelle avec New Yankee 14&nbsp;: \u00c0 travers l\u2019Histoire Miroir \u00c9dition Collector","og_url":"https:\/\/www.iplay.com\/fr\/games\/new-yankee-14-through-the-history-mirror-collectors-edition\/","og_site_name":"IPlay","article_modified_time":"2025-05-13T22:07:07+00:00","og_image":[{"width":715,"height":485,"url":"https:\/\/www.iplay.com\/wp-content\/uploads\/2024\/06\/New-Yankee-Through-the-History-Mirror-CE_large_square_tile_image.webp","type":"image\/webp"}],"twitter_card":"summary_large_image","twitter_misc":{"Dur\u00e9e de lecture estim\u00e9e":"1 minute"},"schema":{"@context":"https:\/\/schema.org","@graph":[{"@type":"WebPage","@id":"https:\/\/www.iplay.com\/fr\/games\/new-yankee-14-through-the-history-mirror-collectors-edition\/","url":"https:\/\/www.iplay.com\/fr\/games\/new-yankee-14-through-the-history-mirror-collectors-edition\/","name":"New Yankee 14\u00a0: \u00c0 travers l\u2019Histoire Miroir \u00c9dition Collector","isPartOf":{"@id":"https:\/\/www.iplay.com\/en\/#website"},"primaryImageOfPage":{"@id":"https:\/\/www.iplay.com\/fr\/games\/new-yankee-14-through-the-history-mirror-collectors-edition\/#primaryimage"},"image":{"@id":"https:\/\/www.iplay.com\/fr\/games\/new-yankee-14-through-the-history-mirror-collectors-edition\/#primaryimage"},"thumbnailUrl":"https:\/\/www.iplay.com\/wp-content\/uploads\/2024\/06\/New-Yankee-Through-the-History-Mirror-CE_large_square_tile_image.webp","datePublished":"2024-06-28T08:00:50+00:00","dateModified":"2025-05-13T22:07:07+00:00","description":"Aidez John et Mary \u00e0 \u00e9chapper \u00e0 leur boucle temporelle avec New Yankee 14&nbsp;: \u00c0 travers l\u2019Histoire Miroir \u00c9dition Collector","breadcrumb":{"@id":"https:\/\/www.iplay.com\/fr\/games\/new-yankee-14-through-the-history-mirror-collectors-edition\/#breadcrumb"},"inLanguage":"fr-FR","potentialAction":[{"@type":"ReadAction","target":["https:\/\/www.iplay.com\/fr\/games\/new-yankee-14-through-the-history-mirror-collectors-edition\/"]}]},{"@type":"ImageObject","inLanguage":"fr-FR","@id":"https:\/\/www.iplay.com\/fr\/games\/new-yankee-14-through-the-history-mirror-collectors-edition\/#primaryimage","url":"https:\/\/www.iplay.com\/wp-content\/uploads\/2024\/06\/New-Yankee-Through-the-History-Mirror-CE_large_square_tile_image.webp","contentUrl":"https:\/\/www.iplay.com\/wp-content\/uploads\/2024\/06\/New-Yankee-Through-the-History-Mirror-CE_large_square_tile_image.webp","width":715,"height":485},{"@type":"BreadcrumbList","@id":"https:\/\/www.iplay.com\/fr\/games\/new-yankee-14-through-the-history-mirror-collectors-edition\/#breadcrumb","itemListElement":[{"@type":"ListItem","position":1,"name":"Home","item":"https:\/\/www.iplay.com\/fr\/home-page-2\/"},{"@type":"ListItem","position":2,"name":"Shop","item":"https:\/\/www.iplay.com\/en\/shop\/"},{"@type":"ListItem","position":3,"name":"New Yankee 14: Through the History Mirror Collector&#8217;s Edition"}]},{"@type":"WebSite","@id":"https:\/\/www.iplay.com\/en\/#website","url":"https:\/\/www.iplay.com\/en\/","name":"IPlay","description":"The Best Casual Games!","publisher":{"@id":"https:\/\/www.iplay.com\/en\/#organization"},"potentialAction":[{"@type":"SearchAction","target":{"@type":"EntryPoint","urlTemplate":"https:\/\/www.iplay.com\/en\/?s={search_term_string}"},"query-input":{"@type":"PropertyValueSpecification","valueRequired":true,"valueName":"search_term_string"}}],"inLanguage":"fr-FR"},{"@type":"Organization","@id":"https:\/\/www.iplay.com\/en\/#organization","name":"IPlay","url":"https:\/\/www.iplay.com\/en\/","logo":{"@type":"ImageObject","inLanguage":"fr-FR","@id":"https:\/\/www.iplay.com\/en\/#\/schema\/logo\/image\/","url":"https:\/\/www.iplay.com\/wp-content\/uploads\/2023\/11\/Group-6100.svg","contentUrl":"https:\/\/www.iplay.com\/wp-content\/uploads\/2023\/11\/Group-6100.svg","width":98,"height":25,"caption":"IPlay"},"image":{"@id":"https:\/\/www.iplay.com\/en\/#\/schema\/logo\/image\/"}}]}},"_links":{"self":[{"href":"https:\/\/www.iplay.com\/fr\/wp-json\/wp\/v2\/product\/132632","targetHints":{"allow":["GET"]}}],"collection":[{"href":"https:\/\/www.iplay.com\/fr\/wp-json\/wp\/v2\/product"}],"about":[{"href":"https:\/\/www.iplay.com\/fr\/wp-json\/wp\/v2\/types\/product"}],"author":[{"embeddable":true,"href":"https:\/\/www.iplay.com\/fr\/wp-json\/wp\/v2\/users\/8"}],"replies":[{"embeddable":true,"href":"https:\/\/www.iplay.com\/fr\/wp-json\/wp\/v2\/comments?post=132632"}],"wp:featuredmedia":[{"embeddable":true,"href":"https:\/\/www.iplay.com\/fr\/wp-json\/wp\/v2\/media\/112234"}],"wp:attachment":[{"href":"https:\/\/www.iplay.com\/fr\/wp-json\/wp\/v2\/media?parent=132632"}],"wp:term":[{"taxonomy":"product_brand","embeddable":true,"href":"https:\/\/www.iplay.com\/fr\/wp-json\/wp\/v2\/product_brand?post=132632"},{"taxonomy":"product_cat","embeddable":true,"href":"https:\/\/www.iplay.com\/fr\/wp-json\/wp\/v2\/product_cat?post=132632"},{"taxonomy":"product_tag","embeddable":true,"href":"https:\/\/www.iplay.com\/fr\/wp-json\/wp\/v2\/product_tag?post=132632"}],"curies":[{"name":"wp","href":"https:\/\/api.w.org\/{rel}","templated":true}]}}