{"id":132497,"date":"2022-11-22T00:00:00","date_gmt":"2022-11-22T00:00:00","guid":{"rendered":"https:\/\/www.iplay.com\/games\/new-yankee-in-king-arthurs-court-2\/"},"modified":"2022-11-22T00:00:00","modified_gmt":"2022-11-22T00:00:00","slug":"new-yankee-in-king-arthurs-court-2","status":"publish","type":"product","link":"https:\/\/www.iplay.com\/fr\/games\/new-yankee-in-king-arthurs-court-2\/","title":{"rendered":"New Yankee in King Arthur&#8217;s Court 2"},"content":{"rendered":"<p>Aidez un chevalier involontaire et sa femme fougueuse \u00e0 localiser la fontaine d\u2019eau vive en voyageant dans le temps jusqu\u2019\u00e0 l\u2019\u00e9poque de la magie, des vierges, des gobelins et de la richesse ! Pour y arriver, vous devrez traverser un terrain accident\u00e9, combattre des squelettes de zombies et surmonter d\u2019\u00e9normes obstacles, mais vous ne remarquerez m\u00eame pas les autres difficult\u00e9s car la belle dame du chevalier vous plaisantera en cours de route. Vous devrez soigneusement \u00e9quilibrer vos ressources en r\u00e9coltant de la nourriture, en extrayant de l\u2019or, en r\u00e9parant des ponts, en construisant des b\u00e2timents et en repoussant les sorci\u00e8res pour terminer 40 niveaux d\u2019action de gestion du temps savamment chronom\u00e9tr\u00e9e. Les objectifs de New Yankee 2 pr\u00e9sentent \u00e9galement de toutes nouvelles difficult\u00e9s, telles que l\u2019esquive des tirs et la navigation sournoise parmi les gardes \u00e9parpill\u00e9s pendant que vos employ\u00e9s terminent les t\u00e2ches que vous leur attribuez. Les seuls joueurs qui parviendront \u00e0 terminer chaque \u00e9tape le plus rapidement remporteront l\u2019or ! Pr\u00eat \u00e0 d\u00e9montrer vos capacit\u00e9s ? Alors commencez \u00e0 profiter de cette \u00e9pop\u00e9e hilarante d\u00e8s maintenant !      <\/p>\n<p>&nbsp;<\/p>\n<p>&nbsp;<\/p>\n<p><strong>Fonctionnalit\u00e9s:<\/strong><\/p>\n<p>&nbsp;<\/p>\n<p>&#8211; 40 degr\u00e9s Celsius<\/p>\n<p>&#8211; Il y a six places.<\/p>\n<p>&#8211; Plus d\u2019une dizaine de b\u00e2timents<\/p>\n<p>&#8211; Cinq adversaires<\/p>\n<p>-8 incantations<\/p>\n","protected":false},"excerpt":{"rendered":"<p>Revenez \u00e0 l\u2019\u00e9poque des gobelins, de la magie, des vierges et de l\u2019or !<\/p>\n","protected":false},"author":8,"featured_media":57381,"comment_status":"open","ping_status":"closed","template":"","meta":{"_acf_changed":false,"inline_featured_image":false},"product_brand":[],"product_cat":[216],"product_tag":[275,287],"class_list":{"0":"post-132497","1":"product","2":"type-product","3":"status-publish","4":"has-post-thumbnail","6":"product_cat-time-management-fr","7":"product_tag-new-yankee-series-fr","8":"product_tag-play-on-pc-fr","10":"first","11":"instock","12":"shipping-taxable","13":"purchasable","14":"product-type-simple"},"acf":[],"yoast_head":"<!-- This site is optimized with the Yoast SEO Premium plugin v25.2 (Yoast SEO v25.2) - https:\/\/yoast.com\/wordpress\/plugins\/seo\/ -->\n<title>Nouveau Yankee dans King Arthur\u2019s Court 2 - Retour \u00e0 une \u00e8re de magie, de vierges, de gobelins et d\u2019or<\/title>\n<meta name=\"description\" content=\"Revenez \u00e0 l\u2019\u00e9poque des gobelins, de la magie, des vierges et de l\u2019or !\" \/>\n<meta name=\"robots\" content=\"index, follow, max-snippet:-1, max-image-preview:large, max-video-preview:-1\" \/>\n<link rel=\"canonical\" href=\"https:\/\/www.iplay.com\/fr\/games\/new-yankee-in-king-arthurs-court-2\/\" \/>\n<meta property=\"og:locale\" content=\"fr_FR\" \/>\n<meta property=\"og:type\" content=\"article\" \/>\n<meta property=\"og:title\" content=\"New Yankee in King Arthur&#039;s Court 2\" \/>\n<meta property=\"og:description\" content=\"Revenez \u00e0 l\u2019\u00e9poque des gobelins, de la magie, des vierges et de l\u2019or !\" \/>\n<meta property=\"og:url\" content=\"https:\/\/www.iplay.com\/fr\/games\/new-yankee-in-king-arthurs-court-2\/\" \/>\n<meta property=\"og:site_name\" content=\"IPlay\" \/>\n<meta property=\"og:image\" content=\"https:\/\/www.iplay.com\/wp-content\/uploads\/2023\/12\/large_square_tile_image-1059.jpg\" \/>\n\t<meta property=\"og:image:width\" content=\"310\" \/>\n\t<meta property=\"og:image:height\" content=\"310\" \/>\n\t<meta property=\"og:image:type\" content=\"image\/jpeg\" \/>\n<meta name=\"twitter:card\" content=\"summary_large_image\" \/>\n<meta name=\"twitter:label1\" content=\"Dur\u00e9e de lecture estim\u00e9e\" \/>\n\t<meta name=\"twitter:data1\" content=\"1 minute\" \/>\n<script type=\"application\/ld+json\" class=\"yoast-schema-graph\">{\"@context\":\"https:\/\/schema.org\",\"@graph\":[{\"@type\":\"WebPage\",\"@id\":\"https:\/\/www.iplay.com\/fr\/games\/new-yankee-in-king-arthurs-court-2\/\",\"url\":\"https:\/\/www.iplay.com\/fr\/games\/new-yankee-in-king-arthurs-court-2\/\",\"name\":\"Nouveau Yankee dans King Arthur\u2019s Court 2 - Retour \u00e0 une \u00e8re de magie, de vierges, de gobelins et d\u2019or\",\"isPartOf\":{\"@id\":\"https:\/\/www.iplay.com\/en\/#website\"},\"primaryImageOfPage\":{\"@id\":\"https:\/\/www.iplay.com\/fr\/games\/new-yankee-in-king-arthurs-court-2\/#primaryimage\"},\"image\":{\"@id\":\"https:\/\/www.iplay.com\/fr\/games\/new-yankee-in-king-arthurs-court-2\/#primaryimage\"},\"thumbnailUrl\":\"https:\/\/www.iplay.com\/wp-content\/uploads\/2023\/12\/large_square_tile_image-1059.jpg\",\"datePublished\":\"2022-11-22T00:00:00+00:00\",\"description\":\"Revenez \u00e0 l\u2019\u00e9poque des gobelins, de la magie, des vierges et de l\u2019or !\",\"breadcrumb\":{\"@id\":\"https:\/\/www.iplay.com\/fr\/games\/new-yankee-in-king-arthurs-court-2\/#breadcrumb\"},\"inLanguage\":\"fr-FR\",\"potentialAction\":[{\"@type\":\"ReadAction\",\"target\":[\"https:\/\/www.iplay.com\/fr\/games\/new-yankee-in-king-arthurs-court-2\/\"]}]},{\"@type\":\"ImageObject\",\"inLanguage\":\"fr-FR\",\"@id\":\"https:\/\/www.iplay.com\/fr\/games\/new-yankee-in-king-arthurs-court-2\/#primaryimage\",\"url\":\"https:\/\/www.iplay.com\/wp-content\/uploads\/2023\/12\/large_square_tile_image-1059.jpg\",\"contentUrl\":\"https:\/\/www.iplay.com\/wp-content\/uploads\/2023\/12\/large_square_tile_image-1059.jpg\",\"width\":310,\"height\":310},{\"@type\":\"BreadcrumbList\",\"@id\":\"https:\/\/www.iplay.com\/fr\/games\/new-yankee-in-king-arthurs-court-2\/#breadcrumb\",\"itemListElement\":[{\"@type\":\"ListItem\",\"position\":1,\"name\":\"Home\",\"item\":\"https:\/\/www.iplay.com\/fr\/home-page-2\/\"},{\"@type\":\"ListItem\",\"position\":2,\"name\":\"Shop\",\"item\":\"https:\/\/www.iplay.com\/en\/shop\/\"},{\"@type\":\"ListItem\",\"position\":3,\"name\":\"New Yankee in King Arthur&#8217;s Court 2\"}]},{\"@type\":\"WebSite\",\"@id\":\"https:\/\/www.iplay.com\/en\/#website\",\"url\":\"https:\/\/www.iplay.com\/en\/\",\"name\":\"IPlay\",\"description\":\"The Best Casual Games!\",\"publisher\":{\"@id\":\"https:\/\/www.iplay.com\/en\/#organization\"},\"potentialAction\":[{\"@type\":\"SearchAction\",\"target\":{\"@type\":\"EntryPoint\",\"urlTemplate\":\"https:\/\/www.iplay.com\/en\/?s={search_term_string}\"},\"query-input\":{\"@type\":\"PropertyValueSpecification\",\"valueRequired\":true,\"valueName\":\"search_term_string\"}}],\"inLanguage\":\"fr-FR\"},{\"@type\":\"Organization\",\"@id\":\"https:\/\/www.iplay.com\/en\/#organization\",\"name\":\"IPlay\",\"url\":\"https:\/\/www.iplay.com\/en\/\",\"logo\":{\"@type\":\"ImageObject\",\"inLanguage\":\"fr-FR\",\"@id\":\"https:\/\/www.iplay.com\/en\/#\/schema\/logo\/image\/\",\"url\":\"https:\/\/www.iplay.com\/wp-content\/uploads\/2023\/11\/Group-6100.svg\",\"contentUrl\":\"https:\/\/www.iplay.com\/wp-content\/uploads\/2023\/11\/Group-6100.svg\",\"width\":98,\"height\":25,\"caption\":\"IPlay\"},\"image\":{\"@id\":\"https:\/\/www.iplay.com\/en\/#\/schema\/logo\/image\/\"}}]}<\/script>\n<!-- \/ Yoast SEO Premium plugin. -->","yoast_head_json":{"title":"Nouveau Yankee dans King Arthur\u2019s Court 2 - Retour \u00e0 une \u00e8re de magie, de vierges, de gobelins et d\u2019or","description":"Revenez \u00e0 l\u2019\u00e9poque des gobelins, de la magie, des vierges et de l\u2019or !","robots":{"index":"index","follow":"follow","max-snippet":"max-snippet:-1","max-image-preview":"max-image-preview:large","max-video-preview":"max-video-preview:-1"},"canonical":"https:\/\/www.iplay.com\/fr\/games\/new-yankee-in-king-arthurs-court-2\/","og_locale":"fr_FR","og_type":"article","og_title":"New Yankee in King Arthur's Court 2","og_description":"Revenez \u00e0 l\u2019\u00e9poque des gobelins, de la magie, des vierges et de l\u2019or !","og_url":"https:\/\/www.iplay.com\/fr\/games\/new-yankee-in-king-arthurs-court-2\/","og_site_name":"IPlay","og_image":[{"width":310,"height":310,"url":"https:\/\/www.iplay.com\/wp-content\/uploads\/2023\/12\/large_square_tile_image-1059.jpg","type":"image\/jpeg"}],"twitter_card":"summary_large_image","twitter_misc":{"Dur\u00e9e de lecture estim\u00e9e":"1 minute"},"schema":{"@context":"https:\/\/schema.org","@graph":[{"@type":"WebPage","@id":"https:\/\/www.iplay.com\/fr\/games\/new-yankee-in-king-arthurs-court-2\/","url":"https:\/\/www.iplay.com\/fr\/games\/new-yankee-in-king-arthurs-court-2\/","name":"Nouveau Yankee dans King Arthur\u2019s Court 2 - Retour \u00e0 une \u00e8re de magie, de vierges, de gobelins et d\u2019or","isPartOf":{"@id":"https:\/\/www.iplay.com\/en\/#website"},"primaryImageOfPage":{"@id":"https:\/\/www.iplay.com\/fr\/games\/new-yankee-in-king-arthurs-court-2\/#primaryimage"},"image":{"@id":"https:\/\/www.iplay.com\/fr\/games\/new-yankee-in-king-arthurs-court-2\/#primaryimage"},"thumbnailUrl":"https:\/\/www.iplay.com\/wp-content\/uploads\/2023\/12\/large_square_tile_image-1059.jpg","datePublished":"2022-11-22T00:00:00+00:00","description":"Revenez \u00e0 l\u2019\u00e9poque des gobelins, de la magie, des vierges et de l\u2019or !","breadcrumb":{"@id":"https:\/\/www.iplay.com\/fr\/games\/new-yankee-in-king-arthurs-court-2\/#breadcrumb"},"inLanguage":"fr-FR","potentialAction":[{"@type":"ReadAction","target":["https:\/\/www.iplay.com\/fr\/games\/new-yankee-in-king-arthurs-court-2\/"]}]},{"@type":"ImageObject","inLanguage":"fr-FR","@id":"https:\/\/www.iplay.com\/fr\/games\/new-yankee-in-king-arthurs-court-2\/#primaryimage","url":"https:\/\/www.iplay.com\/wp-content\/uploads\/2023\/12\/large_square_tile_image-1059.jpg","contentUrl":"https:\/\/www.iplay.com\/wp-content\/uploads\/2023\/12\/large_square_tile_image-1059.jpg","width":310,"height":310},{"@type":"BreadcrumbList","@id":"https:\/\/www.iplay.com\/fr\/games\/new-yankee-in-king-arthurs-court-2\/#breadcrumb","itemListElement":[{"@type":"ListItem","position":1,"name":"Home","item":"https:\/\/www.iplay.com\/fr\/home-page-2\/"},{"@type":"ListItem","position":2,"name":"Shop","item":"https:\/\/www.iplay.com\/en\/shop\/"},{"@type":"ListItem","position":3,"name":"New Yankee in King Arthur&#8217;s Court 2"}]},{"@type":"WebSite","@id":"https:\/\/www.iplay.com\/en\/#website","url":"https:\/\/www.iplay.com\/en\/","name":"IPlay","description":"The Best Casual Games!","publisher":{"@id":"https:\/\/www.iplay.com\/en\/#organization"},"potentialAction":[{"@type":"SearchAction","target":{"@type":"EntryPoint","urlTemplate":"https:\/\/www.iplay.com\/en\/?s={search_term_string}"},"query-input":{"@type":"PropertyValueSpecification","valueRequired":true,"valueName":"search_term_string"}}],"inLanguage":"fr-FR"},{"@type":"Organization","@id":"https:\/\/www.iplay.com\/en\/#organization","name":"IPlay","url":"https:\/\/www.iplay.com\/en\/","logo":{"@type":"ImageObject","inLanguage":"fr-FR","@id":"https:\/\/www.iplay.com\/en\/#\/schema\/logo\/image\/","url":"https:\/\/www.iplay.com\/wp-content\/uploads\/2023\/11\/Group-6100.svg","contentUrl":"https:\/\/www.iplay.com\/wp-content\/uploads\/2023\/11\/Group-6100.svg","width":98,"height":25,"caption":"IPlay"},"image":{"@id":"https:\/\/www.iplay.com\/en\/#\/schema\/logo\/image\/"}}]}},"_links":{"self":[{"href":"https:\/\/www.iplay.com\/fr\/wp-json\/wp\/v2\/product\/132497","targetHints":{"allow":["GET"]}}],"collection":[{"href":"https:\/\/www.iplay.com\/fr\/wp-json\/wp\/v2\/product"}],"about":[{"href":"https:\/\/www.iplay.com\/fr\/wp-json\/wp\/v2\/types\/product"}],"author":[{"embeddable":true,"href":"https:\/\/www.iplay.com\/fr\/wp-json\/wp\/v2\/users\/8"}],"replies":[{"embeddable":true,"href":"https:\/\/www.iplay.com\/fr\/wp-json\/wp\/v2\/comments?post=132497"}],"wp:featuredmedia":[{"embeddable":true,"href":"https:\/\/www.iplay.com\/fr\/wp-json\/wp\/v2\/media\/57381"}],"wp:attachment":[{"href":"https:\/\/www.iplay.com\/fr\/wp-json\/wp\/v2\/media?parent=132497"}],"wp:term":[{"taxonomy":"product_brand","embeddable":true,"href":"https:\/\/www.iplay.com\/fr\/wp-json\/wp\/v2\/product_brand?post=132497"},{"taxonomy":"product_cat","embeddable":true,"href":"https:\/\/www.iplay.com\/fr\/wp-json\/wp\/v2\/product_cat?post=132497"},{"taxonomy":"product_tag","embeddable":true,"href":"https:\/\/www.iplay.com\/fr\/wp-json\/wp\/v2\/product_tag?post=132497"}],"curies":[{"name":"wp","href":"https:\/\/api.w.org\/{rel}","templated":true}]}}