{"id":132488,"date":"2022-11-25T00:00:00","date_gmt":"2022-11-25T00:00:00","guid":{"rendered":"https:\/\/www.iplay.com\/games\/finding-america-the-heartland-collectors-edition\/"},"modified":"2022-11-25T00:00:00","modified_gmt":"2022-11-25T00:00:00","slug":"finding-america-the-heartland-collectors-edition","status":"publish","type":"product","link":"https:\/\/www.iplay.com\/fr\/games\/finding-america-the-heartland-collectors-edition\/","title":{"rendered":"Finding America: The Heartland Collector&#8217;s Edition"},"content":{"rendered":"<p>Attachez vos ceintures, car nous voyageons au c\u0153ur des \u00c9tats-Unis ! Ce n\u2019est pas n\u2019importe quel voyage en voiture, cependant&nbsp;; chaque lieu, des clubs de jazz de l\u2019Illinois aux fromageries du Wisconsin en passant par les parcs nationaux de l\u2019Ohio, a \u00e9t\u00e9 minutieusement transform\u00e9 en sc\u00e8ne d\u2019objets cach\u00e9s ou en mini-jeu ! Profitez de tout ce que Heartland a \u00e0 offrir, terminez chaque chapitre de ce jeu d\u2019objets cach\u00e9s enti\u00e8rement am\u00e9ricain et d\u00e9couvrez une tonne de connaissances vari\u00e9es ! Voici quelques-uns des points forts du Heartland que vous pouvez voir dans un style d\u2019objets cach\u00e9s.   <\/p>\n<p>&nbsp;<\/p>\n<p>&nbsp;<\/p>\n<p><strong>Fonctionnalit\u00e9s:<\/strong><\/p>\n<p>&nbsp;<\/p>\n<p>&#8211; Jouez \u00e0 plus de 30 mini-jeux sur le th\u00e8me de Heartland !<br \/>\n&#8211; D\u00e9couvrez des faits obscurs sur le Midwest ! Offre une bande-son compl\u00e8te et des fonds d\u2019\u00e9cran !<br \/>\n&#8211; Revenez en arri\u00e8re et revivez vos meilleurs moments en mode illimit\u00e9 !<\/p>\n<p>&nbsp;<\/p>\n<p>&nbsp;<\/p>\n<p><strong>Caract\u00e9ristiques de l\u2019\u00e9dition Collector :<\/strong><\/p>\n<p>&nbsp;<\/p>\n<p>&#8211; Il y a 14 chapitres suppl\u00e9mentaires dans l\u2019\u00c9dition Collector, y compris 6 sc\u00e9narios d\u2019objets cach\u00e9s qui ne sont disponibles que dans le CE !<\/p>\n","protected":false},"excerpt":{"rendered":"<p>Explorez les images et les sons du c\u0153ur ch\u00e9ri de l\u2019Am\u00e9rique !<\/p>\n","protected":false},"author":18,"featured_media":75322,"comment_status":"open","ping_status":"closed","template":"","meta":{"_acf_changed":false,"inline_featured_image":false},"product_brand":[],"product_cat":[165],"product_tag":[287],"class_list":{"0":"post-132488","1":"product","2":"type-product","3":"status-publish","4":"has-post-thumbnail","6":"product_cat-hidden-object-fr","7":"product_tag-play-on-pc-fr","9":"first","10":"instock","11":"shipping-taxable","12":"purchasable","13":"product-type-simple"},"acf":[],"yoast_head":"<!-- This site is optimized with the Yoast SEO Premium plugin v25.2 (Yoast SEO v25.2) - https:\/\/yoast.com\/wordpress\/plugins\/seo\/ -->\n<title>Finding America\u00a0: The Heartland Collector\u2019s Edition - D\u00e9couvrez les images et les sons du Heartland bien-aim\u00e9 de l\u2019Am\u00e9rique<\/title>\n<meta name=\"description\" content=\"Explorez les images et les sons du c\u0153ur ch\u00e9ri de l\u2019Am\u00e9rique !\" \/>\n<meta name=\"robots\" content=\"index, follow, max-snippet:-1, max-image-preview:large, max-video-preview:-1\" \/>\n<link rel=\"canonical\" href=\"https:\/\/www.iplay.com\/fr\/games\/finding-america-the-heartland-collectors-edition\/\" \/>\n<meta property=\"og:locale\" content=\"fr_FR\" \/>\n<meta property=\"og:type\" content=\"article\" \/>\n<meta property=\"og:title\" content=\"Finding America: The Heartland Collector&#039;s Edition\" \/>\n<meta property=\"og:description\" content=\"Explorez les images et les sons du c\u0153ur ch\u00e9ri de l\u2019Am\u00e9rique !\" \/>\n<meta property=\"og:url\" content=\"https:\/\/www.iplay.com\/fr\/games\/finding-america-the-heartland-collectors-edition\/\" \/>\n<meta property=\"og:site_name\" content=\"IPlay\" \/>\n<meta property=\"og:image\" content=\"https:\/\/www.iplay.com\/wp-content\/uploads\/2023\/12\/large_square_tile_image-2202.jpg\" \/>\n\t<meta property=\"og:image:width\" content=\"96\" \/>\n\t<meta property=\"og:image:height\" content=\"96\" \/>\n\t<meta property=\"og:image:type\" content=\"image\/jpeg\" \/>\n<meta name=\"twitter:card\" content=\"summary_large_image\" \/>\n<meta name=\"twitter:label1\" content=\"Dur\u00e9e de lecture estim\u00e9e\" \/>\n\t<meta name=\"twitter:data1\" content=\"1 minute\" \/>\n<script type=\"application\/ld+json\" class=\"yoast-schema-graph\">{\"@context\":\"https:\/\/schema.org\",\"@graph\":[{\"@type\":\"WebPage\",\"@id\":\"https:\/\/www.iplay.com\/fr\/games\/finding-america-the-heartland-collectors-edition\/\",\"url\":\"https:\/\/www.iplay.com\/fr\/games\/finding-america-the-heartland-collectors-edition\/\",\"name\":\"Finding America\u00a0: The Heartland Collector\u2019s Edition - D\u00e9couvrez les images et les sons du Heartland bien-aim\u00e9 de l\u2019Am\u00e9rique\",\"isPartOf\":{\"@id\":\"https:\/\/www.iplay.com\/en\/#website\"},\"primaryImageOfPage\":{\"@id\":\"https:\/\/www.iplay.com\/fr\/games\/finding-america-the-heartland-collectors-edition\/#primaryimage\"},\"image\":{\"@id\":\"https:\/\/www.iplay.com\/fr\/games\/finding-america-the-heartland-collectors-edition\/#primaryimage\"},\"thumbnailUrl\":\"https:\/\/www.iplay.com\/wp-content\/uploads\/2023\/12\/large_square_tile_image-2202.jpg\",\"datePublished\":\"2022-11-25T00:00:00+00:00\",\"description\":\"Explorez les images et les sons du c\u0153ur ch\u00e9ri de l\u2019Am\u00e9rique !\",\"breadcrumb\":{\"@id\":\"https:\/\/www.iplay.com\/fr\/games\/finding-america-the-heartland-collectors-edition\/#breadcrumb\"},\"inLanguage\":\"fr-FR\",\"potentialAction\":[{\"@type\":\"ReadAction\",\"target\":[\"https:\/\/www.iplay.com\/fr\/games\/finding-america-the-heartland-collectors-edition\/\"]}]},{\"@type\":\"ImageObject\",\"inLanguage\":\"fr-FR\",\"@id\":\"https:\/\/www.iplay.com\/fr\/games\/finding-america-the-heartland-collectors-edition\/#primaryimage\",\"url\":\"https:\/\/www.iplay.com\/wp-content\/uploads\/2023\/12\/large_square_tile_image-2202.jpg\",\"contentUrl\":\"https:\/\/www.iplay.com\/wp-content\/uploads\/2023\/12\/large_square_tile_image-2202.jpg\",\"width\":96,\"height\":96},{\"@type\":\"BreadcrumbList\",\"@id\":\"https:\/\/www.iplay.com\/fr\/games\/finding-america-the-heartland-collectors-edition\/#breadcrumb\",\"itemListElement\":[{\"@type\":\"ListItem\",\"position\":1,\"name\":\"Home\",\"item\":\"https:\/\/www.iplay.com\/fr\/home-page-2\/\"},{\"@type\":\"ListItem\",\"position\":2,\"name\":\"Shop\",\"item\":\"https:\/\/www.iplay.com\/en\/shop\/\"},{\"@type\":\"ListItem\",\"position\":3,\"name\":\"Finding America: The Heartland Collector&#8217;s Edition\"}]},{\"@type\":\"WebSite\",\"@id\":\"https:\/\/www.iplay.com\/en\/#website\",\"url\":\"https:\/\/www.iplay.com\/en\/\",\"name\":\"IPlay\",\"description\":\"The Best Casual Games!\",\"publisher\":{\"@id\":\"https:\/\/www.iplay.com\/en\/#organization\"},\"potentialAction\":[{\"@type\":\"SearchAction\",\"target\":{\"@type\":\"EntryPoint\",\"urlTemplate\":\"https:\/\/www.iplay.com\/en\/?s={search_term_string}\"},\"query-input\":{\"@type\":\"PropertyValueSpecification\",\"valueRequired\":true,\"valueName\":\"search_term_string\"}}],\"inLanguage\":\"fr-FR\"},{\"@type\":\"Organization\",\"@id\":\"https:\/\/www.iplay.com\/en\/#organization\",\"name\":\"IPlay\",\"url\":\"https:\/\/www.iplay.com\/en\/\",\"logo\":{\"@type\":\"ImageObject\",\"inLanguage\":\"fr-FR\",\"@id\":\"https:\/\/www.iplay.com\/en\/#\/schema\/logo\/image\/\",\"url\":\"https:\/\/www.iplay.com\/wp-content\/uploads\/2023\/11\/Group-6100.svg\",\"contentUrl\":\"https:\/\/www.iplay.com\/wp-content\/uploads\/2023\/11\/Group-6100.svg\",\"width\":98,\"height\":25,\"caption\":\"IPlay\"},\"image\":{\"@id\":\"https:\/\/www.iplay.com\/en\/#\/schema\/logo\/image\/\"}}]}<\/script>\n<!-- \/ Yoast SEO Premium plugin. -->","yoast_head_json":{"title":"Finding America\u00a0: The Heartland Collector\u2019s Edition - D\u00e9couvrez les images et les sons du Heartland bien-aim\u00e9 de l\u2019Am\u00e9rique","description":"Explorez les images et les sons du c\u0153ur ch\u00e9ri de l\u2019Am\u00e9rique !","robots":{"index":"index","follow":"follow","max-snippet":"max-snippet:-1","max-image-preview":"max-image-preview:large","max-video-preview":"max-video-preview:-1"},"canonical":"https:\/\/www.iplay.com\/fr\/games\/finding-america-the-heartland-collectors-edition\/","og_locale":"fr_FR","og_type":"article","og_title":"Finding America: The Heartland Collector's Edition","og_description":"Explorez les images et les sons du c\u0153ur ch\u00e9ri de l\u2019Am\u00e9rique !","og_url":"https:\/\/www.iplay.com\/fr\/games\/finding-america-the-heartland-collectors-edition\/","og_site_name":"IPlay","og_image":[{"width":96,"height":96,"url":"https:\/\/www.iplay.com\/wp-content\/uploads\/2023\/12\/large_square_tile_image-2202.jpg","type":"image\/jpeg"}],"twitter_card":"summary_large_image","twitter_misc":{"Dur\u00e9e de lecture estim\u00e9e":"1 minute"},"schema":{"@context":"https:\/\/schema.org","@graph":[{"@type":"WebPage","@id":"https:\/\/www.iplay.com\/fr\/games\/finding-america-the-heartland-collectors-edition\/","url":"https:\/\/www.iplay.com\/fr\/games\/finding-america-the-heartland-collectors-edition\/","name":"Finding America\u00a0: The Heartland Collector\u2019s Edition - D\u00e9couvrez les images et les sons du Heartland bien-aim\u00e9 de l\u2019Am\u00e9rique","isPartOf":{"@id":"https:\/\/www.iplay.com\/en\/#website"},"primaryImageOfPage":{"@id":"https:\/\/www.iplay.com\/fr\/games\/finding-america-the-heartland-collectors-edition\/#primaryimage"},"image":{"@id":"https:\/\/www.iplay.com\/fr\/games\/finding-america-the-heartland-collectors-edition\/#primaryimage"},"thumbnailUrl":"https:\/\/www.iplay.com\/wp-content\/uploads\/2023\/12\/large_square_tile_image-2202.jpg","datePublished":"2022-11-25T00:00:00+00:00","description":"Explorez les images et les sons du c\u0153ur ch\u00e9ri de l\u2019Am\u00e9rique !","breadcrumb":{"@id":"https:\/\/www.iplay.com\/fr\/games\/finding-america-the-heartland-collectors-edition\/#breadcrumb"},"inLanguage":"fr-FR","potentialAction":[{"@type":"ReadAction","target":["https:\/\/www.iplay.com\/fr\/games\/finding-america-the-heartland-collectors-edition\/"]}]},{"@type":"ImageObject","inLanguage":"fr-FR","@id":"https:\/\/www.iplay.com\/fr\/games\/finding-america-the-heartland-collectors-edition\/#primaryimage","url":"https:\/\/www.iplay.com\/wp-content\/uploads\/2023\/12\/large_square_tile_image-2202.jpg","contentUrl":"https:\/\/www.iplay.com\/wp-content\/uploads\/2023\/12\/large_square_tile_image-2202.jpg","width":96,"height":96},{"@type":"BreadcrumbList","@id":"https:\/\/www.iplay.com\/fr\/games\/finding-america-the-heartland-collectors-edition\/#breadcrumb","itemListElement":[{"@type":"ListItem","position":1,"name":"Home","item":"https:\/\/www.iplay.com\/fr\/home-page-2\/"},{"@type":"ListItem","position":2,"name":"Shop","item":"https:\/\/www.iplay.com\/en\/shop\/"},{"@type":"ListItem","position":3,"name":"Finding America: The Heartland Collector&#8217;s Edition"}]},{"@type":"WebSite","@id":"https:\/\/www.iplay.com\/en\/#website","url":"https:\/\/www.iplay.com\/en\/","name":"IPlay","description":"The Best Casual Games!","publisher":{"@id":"https:\/\/www.iplay.com\/en\/#organization"},"potentialAction":[{"@type":"SearchAction","target":{"@type":"EntryPoint","urlTemplate":"https:\/\/www.iplay.com\/en\/?s={search_term_string}"},"query-input":{"@type":"PropertyValueSpecification","valueRequired":true,"valueName":"search_term_string"}}],"inLanguage":"fr-FR"},{"@type":"Organization","@id":"https:\/\/www.iplay.com\/en\/#organization","name":"IPlay","url":"https:\/\/www.iplay.com\/en\/","logo":{"@type":"ImageObject","inLanguage":"fr-FR","@id":"https:\/\/www.iplay.com\/en\/#\/schema\/logo\/image\/","url":"https:\/\/www.iplay.com\/wp-content\/uploads\/2023\/11\/Group-6100.svg","contentUrl":"https:\/\/www.iplay.com\/wp-content\/uploads\/2023\/11\/Group-6100.svg","width":98,"height":25,"caption":"IPlay"},"image":{"@id":"https:\/\/www.iplay.com\/en\/#\/schema\/logo\/image\/"}}]}},"_links":{"self":[{"href":"https:\/\/www.iplay.com\/fr\/wp-json\/wp\/v2\/product\/132488","targetHints":{"allow":["GET"]}}],"collection":[{"href":"https:\/\/www.iplay.com\/fr\/wp-json\/wp\/v2\/product"}],"about":[{"href":"https:\/\/www.iplay.com\/fr\/wp-json\/wp\/v2\/types\/product"}],"author":[{"embeddable":true,"href":"https:\/\/www.iplay.com\/fr\/wp-json\/wp\/v2\/users\/18"}],"replies":[{"embeddable":true,"href":"https:\/\/www.iplay.com\/fr\/wp-json\/wp\/v2\/comments?post=132488"}],"wp:featuredmedia":[{"embeddable":true,"href":"https:\/\/www.iplay.com\/fr\/wp-json\/wp\/v2\/media\/75322"}],"wp:attachment":[{"href":"https:\/\/www.iplay.com\/fr\/wp-json\/wp\/v2\/media?parent=132488"}],"wp:term":[{"taxonomy":"product_brand","embeddable":true,"href":"https:\/\/www.iplay.com\/fr\/wp-json\/wp\/v2\/product_brand?post=132488"},{"taxonomy":"product_cat","embeddable":true,"href":"https:\/\/www.iplay.com\/fr\/wp-json\/wp\/v2\/product_cat?post=132488"},{"taxonomy":"product_tag","embeddable":true,"href":"https:\/\/www.iplay.com\/fr\/wp-json\/wp\/v2\/product_tag?post=132488"}],"curies":[{"name":"wp","href":"https:\/\/api.w.org\/{rel}","templated":true}]}}