{"id":132472,"date":"2022-11-30T00:00:00","date_gmt":"2022-11-30T00:00:00","guid":{"rendered":"https:\/\/www.iplay.com\/games\/match-marbles-5\/"},"modified":"2022-11-30T00:00:00","modified_gmt":"2022-11-30T00:00:00","slug":"match-marbles-5","status":"publish","type":"product","link":"https:\/\/www.iplay.com\/fr\/games\/match-marbles-5\/","title":{"rendered":"Match Marbles 5"},"content":{"rendered":"<p>Le cinqui\u00e8me jeu d\u2019une s\u00e9rie unique qui m\u00e9lange les genres Match3 et Marble Popper s\u2019appelle Match Marbles 5. Autrefois, les occupants des ch\u00e2teaux de pierre miteux s\u2019installaient dans des habitations confortables au sommet d\u2019arbres massifs et majestueux. Vous devriez \u00e9galement essayer de prendre l\u2019air frais. Sur tout votre corps, sentez le vent ludique. C\u2019est le sentiment de clart\u00e9 et de libert\u00e9 physique, spirituelle et mentale. Mais r\u00e9sistez \u00e0 l\u2019envie de laisser vos pens\u00e9es devenir trop \u00e0 l\u2019aise ; Au lieu de cela, saisissez l\u2019occasion et affrontez les niveaux strat\u00e9giquement difficiles de ce royaume enchant\u00e9 ! Vous \u00eates libre de jouer et de r\u00e9fl\u00e9chir aussi longtemps que vous le souhaitez car il n\u2019y a pas de minuterie. Pour rehausser encore la beaut\u00e9 \u00e9poustouflante de votre voyage, le jeu comprend d\u00e9sormais des \u00e9l\u00e9ments d\u00e9coratifs suppl\u00e9mentaires tels que de la terre, des buissons et des fleurs. L\u2019un des points forts du jeu est ses 135 niveaux stimulants et son ajout de nouveaux objets de jeu, tels que des fleurs, des buissons et de la terre.        <\/p>\n<p>&nbsp;<\/p>\n<p>&nbsp;<\/p>\n<p><strong>  Fonctionnalit\u00e9s:<\/strong><\/p>\n<p>&nbsp;<\/p>\n<p>&#8211; Utilisez une gamme de tactiques pour gagner.<\/p>\n<p>&#8211; Jouez sans aucune restriction de temps.<\/p>\n","protected":false},"excerpt":{"rendered":"<p>Savourez le cinqui\u00e8me volet de cette s\u00e9rie de jeux intrigante qui m\u00e9lange les genres Match 3 et Marble Popper.<\/p>\n","protected":false},"author":23,"featured_media":102802,"comment_status":"open","ping_status":"closed","template":"","meta":{"_acf_changed":false,"inline_featured_image":false},"product_brand":[],"product_cat":[193],"product_tag":[],"class_list":{"0":"post-132472","1":"product","2":"type-product","3":"status-publish","4":"has-post-thumbnail","6":"product_cat-puzzle-fr","8":"first","9":"instock","10":"shipping-taxable","11":"purchasable","12":"product-type-simple"},"acf":[],"yoast_head":"<!-- This site is optimized with the Yoast SEO Premium plugin v25.2 (Yoast SEO v25.2) - https:\/\/yoast.com\/wordpress\/plugins\/seo\/ -->\n<title>Match Marbles 5 - Cinqui\u00e8me d\u2019une s\u00e9rie unique combinant Match3 et Marble Popping<\/title>\n<meta name=\"description\" content=\"Savourez le cinqui\u00e8me volet de cette s\u00e9rie de jeux intrigante qui m\u00e9lange les genres Match 3 et Marble Popper.\" \/>\n<meta name=\"robots\" content=\"index, follow, max-snippet:-1, max-image-preview:large, max-video-preview:-1\" \/>\n<link rel=\"canonical\" href=\"https:\/\/www.iplay.com\/fr\/games\/match-marbles-5\/\" \/>\n<meta property=\"og:locale\" content=\"fr_FR\" \/>\n<meta property=\"og:type\" content=\"article\" \/>\n<meta property=\"og:title\" content=\"Match Marbles 5\" \/>\n<meta property=\"og:description\" content=\"Savourez le cinqui\u00e8me volet de cette s\u00e9rie de jeux intrigante qui m\u00e9lange les genres Match 3 et Marble Popper.\" \/>\n<meta property=\"og:url\" content=\"https:\/\/www.iplay.com\/fr\/games\/match-marbles-5\/\" \/>\n<meta property=\"og:site_name\" content=\"IPlay\" \/>\n<meta property=\"og:image\" content=\"https:\/\/www.iplay.com\/wp-content\/uploads\/2023\/12\/large_square_tile_image-3939.jpg\" \/>\n\t<meta property=\"og:image:width\" content=\"310\" \/>\n\t<meta property=\"og:image:height\" content=\"310\" \/>\n\t<meta property=\"og:image:type\" content=\"image\/jpeg\" \/>\n<meta name=\"twitter:card\" content=\"summary_large_image\" \/>\n<meta name=\"twitter:label1\" content=\"Dur\u00e9e de lecture estim\u00e9e\" \/>\n\t<meta name=\"twitter:data1\" content=\"1 minute\" \/>\n<script type=\"application\/ld+json\" class=\"yoast-schema-graph\">{\"@context\":\"https:\/\/schema.org\",\"@graph\":[{\"@type\":\"WebPage\",\"@id\":\"https:\/\/www.iplay.com\/fr\/games\/match-marbles-5\/\",\"url\":\"https:\/\/www.iplay.com\/fr\/games\/match-marbles-5\/\",\"name\":\"Match Marbles 5 - Cinqui\u00e8me d\u2019une s\u00e9rie unique combinant Match3 et Marble Popping\",\"isPartOf\":{\"@id\":\"https:\/\/www.iplay.com\/en\/#website\"},\"primaryImageOfPage\":{\"@id\":\"https:\/\/www.iplay.com\/fr\/games\/match-marbles-5\/#primaryimage\"},\"image\":{\"@id\":\"https:\/\/www.iplay.com\/fr\/games\/match-marbles-5\/#primaryimage\"},\"thumbnailUrl\":\"https:\/\/www.iplay.com\/wp-content\/uploads\/2023\/12\/large_square_tile_image-3939.jpg\",\"datePublished\":\"2022-11-30T00:00:00+00:00\",\"description\":\"Savourez le cinqui\u00e8me volet de cette s\u00e9rie de jeux intrigante qui m\u00e9lange les genres Match 3 et Marble Popper.\",\"breadcrumb\":{\"@id\":\"https:\/\/www.iplay.com\/fr\/games\/match-marbles-5\/#breadcrumb\"},\"inLanguage\":\"fr-FR\",\"potentialAction\":[{\"@type\":\"ReadAction\",\"target\":[\"https:\/\/www.iplay.com\/fr\/games\/match-marbles-5\/\"]}]},{\"@type\":\"ImageObject\",\"inLanguage\":\"fr-FR\",\"@id\":\"https:\/\/www.iplay.com\/fr\/games\/match-marbles-5\/#primaryimage\",\"url\":\"https:\/\/www.iplay.com\/wp-content\/uploads\/2023\/12\/large_square_tile_image-3939.jpg\",\"contentUrl\":\"https:\/\/www.iplay.com\/wp-content\/uploads\/2023\/12\/large_square_tile_image-3939.jpg\",\"width\":310,\"height\":310},{\"@type\":\"BreadcrumbList\",\"@id\":\"https:\/\/www.iplay.com\/fr\/games\/match-marbles-5\/#breadcrumb\",\"itemListElement\":[{\"@type\":\"ListItem\",\"position\":1,\"name\":\"Home\",\"item\":\"https:\/\/www.iplay.com\/fr\/home-page-2\/\"},{\"@type\":\"ListItem\",\"position\":2,\"name\":\"Shop\",\"item\":\"https:\/\/www.iplay.com\/en\/shop\/\"},{\"@type\":\"ListItem\",\"position\":3,\"name\":\"Match Marbles 5\"}]},{\"@type\":\"WebSite\",\"@id\":\"https:\/\/www.iplay.com\/en\/#website\",\"url\":\"https:\/\/www.iplay.com\/en\/\",\"name\":\"IPlay\",\"description\":\"The Best Casual Games!\",\"publisher\":{\"@id\":\"https:\/\/www.iplay.com\/en\/#organization\"},\"potentialAction\":[{\"@type\":\"SearchAction\",\"target\":{\"@type\":\"EntryPoint\",\"urlTemplate\":\"https:\/\/www.iplay.com\/en\/?s={search_term_string}\"},\"query-input\":{\"@type\":\"PropertyValueSpecification\",\"valueRequired\":true,\"valueName\":\"search_term_string\"}}],\"inLanguage\":\"fr-FR\"},{\"@type\":\"Organization\",\"@id\":\"https:\/\/www.iplay.com\/en\/#organization\",\"name\":\"IPlay\",\"url\":\"https:\/\/www.iplay.com\/en\/\",\"logo\":{\"@type\":\"ImageObject\",\"inLanguage\":\"fr-FR\",\"@id\":\"https:\/\/www.iplay.com\/en\/#\/schema\/logo\/image\/\",\"url\":\"https:\/\/www.iplay.com\/wp-content\/uploads\/2023\/11\/Group-6100.svg\",\"contentUrl\":\"https:\/\/www.iplay.com\/wp-content\/uploads\/2023\/11\/Group-6100.svg\",\"width\":98,\"height\":25,\"caption\":\"IPlay\"},\"image\":{\"@id\":\"https:\/\/www.iplay.com\/en\/#\/schema\/logo\/image\/\"}}]}<\/script>\n<!-- \/ Yoast SEO Premium plugin. -->","yoast_head_json":{"title":"Match Marbles 5 - Cinqui\u00e8me d\u2019une s\u00e9rie unique combinant Match3 et Marble Popping","description":"Savourez le cinqui\u00e8me volet de cette s\u00e9rie de jeux intrigante qui m\u00e9lange les genres Match 3 et Marble Popper.","robots":{"index":"index","follow":"follow","max-snippet":"max-snippet:-1","max-image-preview":"max-image-preview:large","max-video-preview":"max-video-preview:-1"},"canonical":"https:\/\/www.iplay.com\/fr\/games\/match-marbles-5\/","og_locale":"fr_FR","og_type":"article","og_title":"Match Marbles 5","og_description":"Savourez le cinqui\u00e8me volet de cette s\u00e9rie de jeux intrigante qui m\u00e9lange les genres Match 3 et Marble Popper.","og_url":"https:\/\/www.iplay.com\/fr\/games\/match-marbles-5\/","og_site_name":"IPlay","og_image":[{"width":310,"height":310,"url":"https:\/\/www.iplay.com\/wp-content\/uploads\/2023\/12\/large_square_tile_image-3939.jpg","type":"image\/jpeg"}],"twitter_card":"summary_large_image","twitter_misc":{"Dur\u00e9e de lecture estim\u00e9e":"1 minute"},"schema":{"@context":"https:\/\/schema.org","@graph":[{"@type":"WebPage","@id":"https:\/\/www.iplay.com\/fr\/games\/match-marbles-5\/","url":"https:\/\/www.iplay.com\/fr\/games\/match-marbles-5\/","name":"Match Marbles 5 - Cinqui\u00e8me d\u2019une s\u00e9rie unique combinant Match3 et Marble Popping","isPartOf":{"@id":"https:\/\/www.iplay.com\/en\/#website"},"primaryImageOfPage":{"@id":"https:\/\/www.iplay.com\/fr\/games\/match-marbles-5\/#primaryimage"},"image":{"@id":"https:\/\/www.iplay.com\/fr\/games\/match-marbles-5\/#primaryimage"},"thumbnailUrl":"https:\/\/www.iplay.com\/wp-content\/uploads\/2023\/12\/large_square_tile_image-3939.jpg","datePublished":"2022-11-30T00:00:00+00:00","description":"Savourez le cinqui\u00e8me volet de cette s\u00e9rie de jeux intrigante qui m\u00e9lange les genres Match 3 et Marble Popper.","breadcrumb":{"@id":"https:\/\/www.iplay.com\/fr\/games\/match-marbles-5\/#breadcrumb"},"inLanguage":"fr-FR","potentialAction":[{"@type":"ReadAction","target":["https:\/\/www.iplay.com\/fr\/games\/match-marbles-5\/"]}]},{"@type":"ImageObject","inLanguage":"fr-FR","@id":"https:\/\/www.iplay.com\/fr\/games\/match-marbles-5\/#primaryimage","url":"https:\/\/www.iplay.com\/wp-content\/uploads\/2023\/12\/large_square_tile_image-3939.jpg","contentUrl":"https:\/\/www.iplay.com\/wp-content\/uploads\/2023\/12\/large_square_tile_image-3939.jpg","width":310,"height":310},{"@type":"BreadcrumbList","@id":"https:\/\/www.iplay.com\/fr\/games\/match-marbles-5\/#breadcrumb","itemListElement":[{"@type":"ListItem","position":1,"name":"Home","item":"https:\/\/www.iplay.com\/fr\/home-page-2\/"},{"@type":"ListItem","position":2,"name":"Shop","item":"https:\/\/www.iplay.com\/en\/shop\/"},{"@type":"ListItem","position":3,"name":"Match Marbles 5"}]},{"@type":"WebSite","@id":"https:\/\/www.iplay.com\/en\/#website","url":"https:\/\/www.iplay.com\/en\/","name":"IPlay","description":"The Best Casual Games!","publisher":{"@id":"https:\/\/www.iplay.com\/en\/#organization"},"potentialAction":[{"@type":"SearchAction","target":{"@type":"EntryPoint","urlTemplate":"https:\/\/www.iplay.com\/en\/?s={search_term_string}"},"query-input":{"@type":"PropertyValueSpecification","valueRequired":true,"valueName":"search_term_string"}}],"inLanguage":"fr-FR"},{"@type":"Organization","@id":"https:\/\/www.iplay.com\/en\/#organization","name":"IPlay","url":"https:\/\/www.iplay.com\/en\/","logo":{"@type":"ImageObject","inLanguage":"fr-FR","@id":"https:\/\/www.iplay.com\/en\/#\/schema\/logo\/image\/","url":"https:\/\/www.iplay.com\/wp-content\/uploads\/2023\/11\/Group-6100.svg","contentUrl":"https:\/\/www.iplay.com\/wp-content\/uploads\/2023\/11\/Group-6100.svg","width":98,"height":25,"caption":"IPlay"},"image":{"@id":"https:\/\/www.iplay.com\/en\/#\/schema\/logo\/image\/"}}]}},"_links":{"self":[{"href":"https:\/\/www.iplay.com\/fr\/wp-json\/wp\/v2\/product\/132472","targetHints":{"allow":["GET"]}}],"collection":[{"href":"https:\/\/www.iplay.com\/fr\/wp-json\/wp\/v2\/product"}],"about":[{"href":"https:\/\/www.iplay.com\/fr\/wp-json\/wp\/v2\/types\/product"}],"author":[{"embeddable":true,"href":"https:\/\/www.iplay.com\/fr\/wp-json\/wp\/v2\/users\/23"}],"replies":[{"embeddable":true,"href":"https:\/\/www.iplay.com\/fr\/wp-json\/wp\/v2\/comments?post=132472"}],"wp:featuredmedia":[{"embeddable":true,"href":"https:\/\/www.iplay.com\/fr\/wp-json\/wp\/v2\/media\/102802"}],"wp:attachment":[{"href":"https:\/\/www.iplay.com\/fr\/wp-json\/wp\/v2\/media?parent=132472"}],"wp:term":[{"taxonomy":"product_brand","embeddable":true,"href":"https:\/\/www.iplay.com\/fr\/wp-json\/wp\/v2\/product_brand?post=132472"},{"taxonomy":"product_cat","embeddable":true,"href":"https:\/\/www.iplay.com\/fr\/wp-json\/wp\/v2\/product_cat?post=132472"},{"taxonomy":"product_tag","embeddable":true,"href":"https:\/\/www.iplay.com\/fr\/wp-json\/wp\/v2\/product_tag?post=132472"}],"curies":[{"name":"wp","href":"https:\/\/api.w.org\/{rel}","templated":true}]}}