{"id":132447,"date":"2022-12-26T00:00:00","date_gmt":"2022-12-26T00:00:00","guid":{"rendered":"https:\/\/www.iplay.com\/games\/city-legends-trapped-in-mirror-collectors-edition\/"},"modified":"2022-12-26T00:00:00","modified_gmt":"2022-12-26T00:00:00","slug":"city-legends-trapped-in-mirror-collectors-edition","status":"publish","type":"product","link":"https:\/\/www.iplay.com\/fr\/games\/city-legends-trapped-in-mirror-collectors-edition\/","title":{"rendered":"City Legends: Trapped in Mirror Collector&#8217;s Edition"},"content":{"rendered":"<p>Votre livre \u00e0 succ\u00e8s sur l\u2019Ordre des Sorci\u00e8res Mal\u00e9fiques a attir\u00e9 l\u2019attention d\u2019un \u00e9diteur de premier plan. Ils ont besoin du premier manuscrit de votre prochain livre d\u2019horreur d\u00e8s que possible, mais ils sont pr\u00eats \u00e0 vous payer. Vous pouvez choisir de cr\u00e9er une composition sur Bloody Mary. Quelle chance j\u2019ai ! Le mus\u00e9e de Pennsylvanie comprend une exposition unique qui pr\u00e9sente le miroir de Marie. Lorsque vous vous y rendez pour mener une enqu\u00eate, vous d\u00e9couvrez que la l\u00e9gende est r\u00e9elle. Essayez de survivre \u00e0 la rencontre avec un fant\u00f4me malveillant en compl\u00e9tant des \u00e9nigmes et en recherchant des artefacts cach\u00e9s dans les royaumes humains et fantomatiques !      <\/p>\n<p>&nbsp;<\/p>\n<p>&nbsp;<\/p>\n<p><strong>Fonctionnalit\u00e9s:<\/strong><\/p>\n<p>&nbsp;<\/p>\n<p>&#8211; Enqu\u00eatez sur la disparition d\u2019une jeune femme et apprenez-en plus sur l\u2019\u00e9nigmatique La Llorona dans le chapitre bonus !<\/p>\n<p>&#8211; Revivez vos meilleures SOC et mini-jeux !<\/p>\n<p>&#8211; Trouvez plus d\u2019objets de collection et changeants !<\/p>\n<p>&#8211; Obtenez de la musique et des fonds d\u2019\u00e9cran t\u00e9l\u00e9chargeables !<\/p>\n","protected":false},"excerpt":{"rendered":"<p>Pr\u00e9parez-vous au p\u00e9ril en \u00e9crivant le livre paranormal parfait !<\/p>\n","protected":false},"author":52,"featured_media":89396,"comment_status":"open","ping_status":"closed","template":"","meta":{"_acf_changed":false,"inline_featured_image":false},"product_brand":[],"product_cat":[165],"product_tag":[287],"class_list":{"0":"post-132447","1":"product","2":"type-product","3":"status-publish","4":"has-post-thumbnail","6":"product_cat-hidden-object-fr","7":"product_tag-play-on-pc-fr","9":"first","10":"instock","11":"shipping-taxable","12":"purchasable","13":"product-type-simple"},"acf":[],"yoast_head":"<!-- This site is optimized with the Yoast SEO Premium plugin v25.2 (Yoast SEO v25.2) - https:\/\/yoast.com\/wordpress\/plugins\/seo\/ -->\n<title>City Legends\u00a0: Pi\u00e9g\u00e9 dans le miroir Edition Collector - Affrontez le danger dans sa qu\u00eate du roman surnaturel id\u00e9al<\/title>\n<meta name=\"description\" content=\"Pr\u00e9parez-vous au p\u00e9ril en \u00e9crivant le livre paranormal parfait !\" \/>\n<meta name=\"robots\" content=\"index, follow, max-snippet:-1, max-image-preview:large, max-video-preview:-1\" \/>\n<link rel=\"canonical\" href=\"https:\/\/www.iplay.com\/fr\/games\/city-legends-trapped-in-mirror-collectors-edition\/\" \/>\n<meta property=\"og:locale\" content=\"fr_FR\" \/>\n<meta property=\"og:type\" content=\"article\" \/>\n<meta property=\"og:title\" content=\"City Legends: Trapped in Mirror Collector&#039;s Edition\" \/>\n<meta property=\"og:description\" content=\"Pr\u00e9parez-vous au p\u00e9ril en \u00e9crivant le livre paranormal parfait !\" \/>\n<meta property=\"og:url\" content=\"https:\/\/www.iplay.com\/fr\/games\/city-legends-trapped-in-mirror-collectors-edition\/\" \/>\n<meta property=\"og:site_name\" content=\"IPlay\" \/>\n<meta property=\"og:image\" content=\"https:\/\/www.iplay.com\/wp-content\/uploads\/2023\/12\/large_square_tile_image-3099.jpg\" \/>\n\t<meta property=\"og:image:width\" content=\"310\" \/>\n\t<meta property=\"og:image:height\" content=\"310\" \/>\n\t<meta property=\"og:image:type\" content=\"image\/jpeg\" \/>\n<meta name=\"twitter:card\" content=\"summary_large_image\" \/>\n<meta name=\"twitter:label1\" content=\"Dur\u00e9e de lecture estim\u00e9e\" \/>\n\t<meta name=\"twitter:data1\" content=\"1 minute\" \/>\n<script type=\"application\/ld+json\" class=\"yoast-schema-graph\">{\"@context\":\"https:\/\/schema.org\",\"@graph\":[{\"@type\":\"WebPage\",\"@id\":\"https:\/\/www.iplay.com\/fr\/games\/city-legends-trapped-in-mirror-collectors-edition\/\",\"url\":\"https:\/\/www.iplay.com\/fr\/games\/city-legends-trapped-in-mirror-collectors-edition\/\",\"name\":\"City Legends\u00a0: Pi\u00e9g\u00e9 dans le miroir Edition Collector - Affrontez le danger dans sa qu\u00eate du roman surnaturel id\u00e9al\",\"isPartOf\":{\"@id\":\"https:\/\/www.iplay.com\/en\/#website\"},\"primaryImageOfPage\":{\"@id\":\"https:\/\/www.iplay.com\/fr\/games\/city-legends-trapped-in-mirror-collectors-edition\/#primaryimage\"},\"image\":{\"@id\":\"https:\/\/www.iplay.com\/fr\/games\/city-legends-trapped-in-mirror-collectors-edition\/#primaryimage\"},\"thumbnailUrl\":\"https:\/\/www.iplay.com\/wp-content\/uploads\/2023\/12\/large_square_tile_image-3099.jpg\",\"datePublished\":\"2022-12-26T00:00:00+00:00\",\"description\":\"Pr\u00e9parez-vous au p\u00e9ril en \u00e9crivant le livre paranormal parfait !\",\"breadcrumb\":{\"@id\":\"https:\/\/www.iplay.com\/fr\/games\/city-legends-trapped-in-mirror-collectors-edition\/#breadcrumb\"},\"inLanguage\":\"fr-FR\",\"potentialAction\":[{\"@type\":\"ReadAction\",\"target\":[\"https:\/\/www.iplay.com\/fr\/games\/city-legends-trapped-in-mirror-collectors-edition\/\"]}]},{\"@type\":\"ImageObject\",\"inLanguage\":\"fr-FR\",\"@id\":\"https:\/\/www.iplay.com\/fr\/games\/city-legends-trapped-in-mirror-collectors-edition\/#primaryimage\",\"url\":\"https:\/\/www.iplay.com\/wp-content\/uploads\/2023\/12\/large_square_tile_image-3099.jpg\",\"contentUrl\":\"https:\/\/www.iplay.com\/wp-content\/uploads\/2023\/12\/large_square_tile_image-3099.jpg\",\"width\":310,\"height\":310},{\"@type\":\"BreadcrumbList\",\"@id\":\"https:\/\/www.iplay.com\/fr\/games\/city-legends-trapped-in-mirror-collectors-edition\/#breadcrumb\",\"itemListElement\":[{\"@type\":\"ListItem\",\"position\":1,\"name\":\"Home\",\"item\":\"https:\/\/www.iplay.com\/fr\/home-page-2\/\"},{\"@type\":\"ListItem\",\"position\":2,\"name\":\"Shop\",\"item\":\"https:\/\/www.iplay.com\/en\/shop\/\"},{\"@type\":\"ListItem\",\"position\":3,\"name\":\"City Legends: Trapped in Mirror Collector&#8217;s Edition\"}]},{\"@type\":\"WebSite\",\"@id\":\"https:\/\/www.iplay.com\/en\/#website\",\"url\":\"https:\/\/www.iplay.com\/en\/\",\"name\":\"IPlay\",\"description\":\"The Best Casual Games!\",\"publisher\":{\"@id\":\"https:\/\/www.iplay.com\/en\/#organization\"},\"potentialAction\":[{\"@type\":\"SearchAction\",\"target\":{\"@type\":\"EntryPoint\",\"urlTemplate\":\"https:\/\/www.iplay.com\/en\/?s={search_term_string}\"},\"query-input\":{\"@type\":\"PropertyValueSpecification\",\"valueRequired\":true,\"valueName\":\"search_term_string\"}}],\"inLanguage\":\"fr-FR\"},{\"@type\":\"Organization\",\"@id\":\"https:\/\/www.iplay.com\/en\/#organization\",\"name\":\"IPlay\",\"url\":\"https:\/\/www.iplay.com\/en\/\",\"logo\":{\"@type\":\"ImageObject\",\"inLanguage\":\"fr-FR\",\"@id\":\"https:\/\/www.iplay.com\/en\/#\/schema\/logo\/image\/\",\"url\":\"https:\/\/www.iplay.com\/wp-content\/uploads\/2023\/11\/Group-6100.svg\",\"contentUrl\":\"https:\/\/www.iplay.com\/wp-content\/uploads\/2023\/11\/Group-6100.svg\",\"width\":98,\"height\":25,\"caption\":\"IPlay\"},\"image\":{\"@id\":\"https:\/\/www.iplay.com\/en\/#\/schema\/logo\/image\/\"}}]}<\/script>\n<!-- \/ Yoast SEO Premium plugin. -->","yoast_head_json":{"title":"City Legends\u00a0: Pi\u00e9g\u00e9 dans le miroir Edition Collector - Affrontez le danger dans sa qu\u00eate du roman surnaturel id\u00e9al","description":"Pr\u00e9parez-vous au p\u00e9ril en \u00e9crivant le livre paranormal parfait !","robots":{"index":"index","follow":"follow","max-snippet":"max-snippet:-1","max-image-preview":"max-image-preview:large","max-video-preview":"max-video-preview:-1"},"canonical":"https:\/\/www.iplay.com\/fr\/games\/city-legends-trapped-in-mirror-collectors-edition\/","og_locale":"fr_FR","og_type":"article","og_title":"City Legends: Trapped in Mirror Collector's Edition","og_description":"Pr\u00e9parez-vous au p\u00e9ril en \u00e9crivant le livre paranormal parfait !","og_url":"https:\/\/www.iplay.com\/fr\/games\/city-legends-trapped-in-mirror-collectors-edition\/","og_site_name":"IPlay","og_image":[{"width":310,"height":310,"url":"https:\/\/www.iplay.com\/wp-content\/uploads\/2023\/12\/large_square_tile_image-3099.jpg","type":"image\/jpeg"}],"twitter_card":"summary_large_image","twitter_misc":{"Dur\u00e9e de lecture estim\u00e9e":"1 minute"},"schema":{"@context":"https:\/\/schema.org","@graph":[{"@type":"WebPage","@id":"https:\/\/www.iplay.com\/fr\/games\/city-legends-trapped-in-mirror-collectors-edition\/","url":"https:\/\/www.iplay.com\/fr\/games\/city-legends-trapped-in-mirror-collectors-edition\/","name":"City Legends\u00a0: Pi\u00e9g\u00e9 dans le miroir Edition Collector - Affrontez le danger dans sa qu\u00eate du roman surnaturel id\u00e9al","isPartOf":{"@id":"https:\/\/www.iplay.com\/en\/#website"},"primaryImageOfPage":{"@id":"https:\/\/www.iplay.com\/fr\/games\/city-legends-trapped-in-mirror-collectors-edition\/#primaryimage"},"image":{"@id":"https:\/\/www.iplay.com\/fr\/games\/city-legends-trapped-in-mirror-collectors-edition\/#primaryimage"},"thumbnailUrl":"https:\/\/www.iplay.com\/wp-content\/uploads\/2023\/12\/large_square_tile_image-3099.jpg","datePublished":"2022-12-26T00:00:00+00:00","description":"Pr\u00e9parez-vous au p\u00e9ril en \u00e9crivant le livre paranormal parfait !","breadcrumb":{"@id":"https:\/\/www.iplay.com\/fr\/games\/city-legends-trapped-in-mirror-collectors-edition\/#breadcrumb"},"inLanguage":"fr-FR","potentialAction":[{"@type":"ReadAction","target":["https:\/\/www.iplay.com\/fr\/games\/city-legends-trapped-in-mirror-collectors-edition\/"]}]},{"@type":"ImageObject","inLanguage":"fr-FR","@id":"https:\/\/www.iplay.com\/fr\/games\/city-legends-trapped-in-mirror-collectors-edition\/#primaryimage","url":"https:\/\/www.iplay.com\/wp-content\/uploads\/2023\/12\/large_square_tile_image-3099.jpg","contentUrl":"https:\/\/www.iplay.com\/wp-content\/uploads\/2023\/12\/large_square_tile_image-3099.jpg","width":310,"height":310},{"@type":"BreadcrumbList","@id":"https:\/\/www.iplay.com\/fr\/games\/city-legends-trapped-in-mirror-collectors-edition\/#breadcrumb","itemListElement":[{"@type":"ListItem","position":1,"name":"Home","item":"https:\/\/www.iplay.com\/fr\/home-page-2\/"},{"@type":"ListItem","position":2,"name":"Shop","item":"https:\/\/www.iplay.com\/en\/shop\/"},{"@type":"ListItem","position":3,"name":"City Legends: Trapped in Mirror Collector&#8217;s Edition"}]},{"@type":"WebSite","@id":"https:\/\/www.iplay.com\/en\/#website","url":"https:\/\/www.iplay.com\/en\/","name":"IPlay","description":"The Best Casual Games!","publisher":{"@id":"https:\/\/www.iplay.com\/en\/#organization"},"potentialAction":[{"@type":"SearchAction","target":{"@type":"EntryPoint","urlTemplate":"https:\/\/www.iplay.com\/en\/?s={search_term_string}"},"query-input":{"@type":"PropertyValueSpecification","valueRequired":true,"valueName":"search_term_string"}}],"inLanguage":"fr-FR"},{"@type":"Organization","@id":"https:\/\/www.iplay.com\/en\/#organization","name":"IPlay","url":"https:\/\/www.iplay.com\/en\/","logo":{"@type":"ImageObject","inLanguage":"fr-FR","@id":"https:\/\/www.iplay.com\/en\/#\/schema\/logo\/image\/","url":"https:\/\/www.iplay.com\/wp-content\/uploads\/2023\/11\/Group-6100.svg","contentUrl":"https:\/\/www.iplay.com\/wp-content\/uploads\/2023\/11\/Group-6100.svg","width":98,"height":25,"caption":"IPlay"},"image":{"@id":"https:\/\/www.iplay.com\/en\/#\/schema\/logo\/image\/"}}]}},"_links":{"self":[{"href":"https:\/\/www.iplay.com\/fr\/wp-json\/wp\/v2\/product\/132447","targetHints":{"allow":["GET"]}}],"collection":[{"href":"https:\/\/www.iplay.com\/fr\/wp-json\/wp\/v2\/product"}],"about":[{"href":"https:\/\/www.iplay.com\/fr\/wp-json\/wp\/v2\/types\/product"}],"author":[{"embeddable":true,"href":"https:\/\/www.iplay.com\/fr\/wp-json\/wp\/v2\/users\/52"}],"replies":[{"embeddable":true,"href":"https:\/\/www.iplay.com\/fr\/wp-json\/wp\/v2\/comments?post=132447"}],"wp:featuredmedia":[{"embeddable":true,"href":"https:\/\/www.iplay.com\/fr\/wp-json\/wp\/v2\/media\/89396"}],"wp:attachment":[{"href":"https:\/\/www.iplay.com\/fr\/wp-json\/wp\/v2\/media?parent=132447"}],"wp:term":[{"taxonomy":"product_brand","embeddable":true,"href":"https:\/\/www.iplay.com\/fr\/wp-json\/wp\/v2\/product_brand?post=132447"},{"taxonomy":"product_cat","embeddable":true,"href":"https:\/\/www.iplay.com\/fr\/wp-json\/wp\/v2\/product_cat?post=132447"},{"taxonomy":"product_tag","embeddable":true,"href":"https:\/\/www.iplay.com\/fr\/wp-json\/wp\/v2\/product_tag?post=132447"}],"curies":[{"name":"wp","href":"https:\/\/api.w.org\/{rel}","templated":true}]}}