{"id":132292,"date":"2023-01-27T00:00:00","date_gmt":"2023-01-27T00:00:00","guid":{"rendered":"https:\/\/www.iplay.com\/games\/art-by-numbers-35\/"},"modified":"2023-01-27T00:00:00","modified_gmt":"2023-01-27T00:00:00","slug":"art-by-numbers-35","status":"publish","type":"product","link":"https:\/\/www.iplay.com\/fr\/games\/art-by-numbers-35\/","title":{"rendered":"Art By Numbers 35"},"content":{"rendered":"<p>Art By Numbers est plus qu\u2019un simple jeu de peinture. C\u2019est tout un univers de belles peintures, de courbes d\u00e9licates et de teintes brillantes. Seule votre passion suffira \u00e0 faire de vous un cr\u00e9atif d\u00e8s maintenant ! Choisissez une couleur et un nombre, puis \u00e9claboussez de peinture vive sur toute l\u2019image. Pour \u00eatre un artiste \u00e0 succ\u00e8s, vous devez cr\u00e9er de belles \u0153uvres d\u2019art !    <\/p>\n<p>&nbsp;<\/p>\n<p>&nbsp;<\/p>\n<p><strong>Fonctionnalit\u00e9s:<\/strong><\/p>\n<p>&nbsp;<\/p>\n<p>&#8211; 72 \u0153uvres d\u2019art vives sont incluses.<\/p>\n<p>&#8211; Peignez la couleur sur la toile avec un pinceau pointu.<\/p>\n<p>&#8211; Alternez entre la coloration \u00e0 plat et la peinture textur\u00e9e.<\/p>\n<p>&#8211; Le mode de coloration libre vous permet de colorier l\u2019image avec n\u2019importe quelle combinaison de couleurs.<\/p>\n<p>&#8211; Profitez de beaucoup de plaisir !<\/p>\n","protected":false},"excerpt":{"rendered":"<p>Cr\u00e9ez des \u0153uvres d\u2019art incroyables en utilisant Art By Numbers 35 pour devenir un artiste \u00e0 succ\u00e8s.<\/p>\n","protected":false},"author":16,"featured_media":74581,"comment_status":"open","ping_status":"closed","template":"","meta":{"_acf_changed":false,"inline_featured_image":false},"product_brand":[],"product_cat":[183],"product_tag":[231,287],"class_list":{"0":"post-132292","1":"product","2":"type-product","3":"status-publish","4":"has-post-thumbnail","6":"product_cat-paint-by-numbers-series-fr","7":"product_tag-art-by-numbers-series-fr","8":"product_tag-play-on-pc-fr","10":"first","11":"instock","12":"shipping-taxable","13":"purchasable","14":"product-type-simple"},"acf":[],"yoast_head":"<!-- This site is optimized with the Yoast SEO Premium plugin v25.2 (Yoast SEO v25.2) - https:\/\/yoast.com\/wordpress\/plugins\/seo\/ -->\n<title>Art By Numbers 35 - R\u00e9ussissez en tant qu\u2019artiste en cr\u00e9ant des \u0153uvres d\u2019art fantastiques<\/title>\n<meta name=\"description\" content=\"Cr\u00e9ez des \u0153uvres d\u2019art incroyables en utilisant Art By Numbers 35 pour devenir un artiste \u00e0 succ\u00e8s.\" \/>\n<meta name=\"robots\" content=\"index, follow, max-snippet:-1, max-image-preview:large, max-video-preview:-1\" \/>\n<link rel=\"canonical\" href=\"https:\/\/www.iplay.com\/fr\/games\/art-by-numbers-35\/\" \/>\n<meta property=\"og:locale\" content=\"fr_FR\" \/>\n<meta property=\"og:type\" content=\"article\" \/>\n<meta property=\"og:title\" content=\"Art By Numbers 35\" \/>\n<meta property=\"og:description\" content=\"Cr\u00e9ez des \u0153uvres d\u2019art incroyables en utilisant Art By Numbers 35 pour devenir un artiste \u00e0 succ\u00e8s.\" \/>\n<meta property=\"og:url\" content=\"https:\/\/www.iplay.com\/fr\/games\/art-by-numbers-35\/\" \/>\n<meta property=\"og:site_name\" content=\"IPlay\" \/>\n<meta property=\"og:image\" content=\"https:\/\/www.iplay.com\/wp-content\/uploads\/2023\/12\/large_square_tile_image-2155.jpg\" \/>\n\t<meta property=\"og:image:width\" content=\"310\" \/>\n\t<meta property=\"og:image:height\" content=\"310\" \/>\n\t<meta property=\"og:image:type\" content=\"image\/jpeg\" \/>\n<meta name=\"twitter:card\" content=\"summary_large_image\" \/>\n<meta name=\"twitter:label1\" content=\"Dur\u00e9e de lecture estim\u00e9e\" \/>\n\t<meta name=\"twitter:data1\" content=\"1 minute\" \/>\n<script type=\"application\/ld+json\" class=\"yoast-schema-graph\">{\"@context\":\"https:\/\/schema.org\",\"@graph\":[{\"@type\":\"WebPage\",\"@id\":\"https:\/\/www.iplay.com\/fr\/games\/art-by-numbers-35\/\",\"url\":\"https:\/\/www.iplay.com\/fr\/games\/art-by-numbers-35\/\",\"name\":\"Art By Numbers 35 - R\u00e9ussissez en tant qu\u2019artiste en cr\u00e9ant des \u0153uvres d\u2019art fantastiques\",\"isPartOf\":{\"@id\":\"https:\/\/www.iplay.com\/en\/#website\"},\"primaryImageOfPage\":{\"@id\":\"https:\/\/www.iplay.com\/fr\/games\/art-by-numbers-35\/#primaryimage\"},\"image\":{\"@id\":\"https:\/\/www.iplay.com\/fr\/games\/art-by-numbers-35\/#primaryimage\"},\"thumbnailUrl\":\"https:\/\/www.iplay.com\/wp-content\/uploads\/2023\/12\/large_square_tile_image-2155.jpg\",\"datePublished\":\"2023-01-27T00:00:00+00:00\",\"description\":\"Cr\u00e9ez des \u0153uvres d\u2019art incroyables en utilisant Art By Numbers 35 pour devenir un artiste \u00e0 succ\u00e8s.\",\"breadcrumb\":{\"@id\":\"https:\/\/www.iplay.com\/fr\/games\/art-by-numbers-35\/#breadcrumb\"},\"inLanguage\":\"fr-FR\",\"potentialAction\":[{\"@type\":\"ReadAction\",\"target\":[\"https:\/\/www.iplay.com\/fr\/games\/art-by-numbers-35\/\"]}]},{\"@type\":\"ImageObject\",\"inLanguage\":\"fr-FR\",\"@id\":\"https:\/\/www.iplay.com\/fr\/games\/art-by-numbers-35\/#primaryimage\",\"url\":\"https:\/\/www.iplay.com\/wp-content\/uploads\/2023\/12\/large_square_tile_image-2155.jpg\",\"contentUrl\":\"https:\/\/www.iplay.com\/wp-content\/uploads\/2023\/12\/large_square_tile_image-2155.jpg\",\"width\":310,\"height\":310},{\"@type\":\"BreadcrumbList\",\"@id\":\"https:\/\/www.iplay.com\/fr\/games\/art-by-numbers-35\/#breadcrumb\",\"itemListElement\":[{\"@type\":\"ListItem\",\"position\":1,\"name\":\"Home\",\"item\":\"https:\/\/www.iplay.com\/fr\/home-page-2\/\"},{\"@type\":\"ListItem\",\"position\":2,\"name\":\"Shop\",\"item\":\"https:\/\/www.iplay.com\/en\/shop\/\"},{\"@type\":\"ListItem\",\"position\":3,\"name\":\"Art By Numbers 35\"}]},{\"@type\":\"WebSite\",\"@id\":\"https:\/\/www.iplay.com\/en\/#website\",\"url\":\"https:\/\/www.iplay.com\/en\/\",\"name\":\"IPlay\",\"description\":\"The Best Casual Games!\",\"publisher\":{\"@id\":\"https:\/\/www.iplay.com\/en\/#organization\"},\"potentialAction\":[{\"@type\":\"SearchAction\",\"target\":{\"@type\":\"EntryPoint\",\"urlTemplate\":\"https:\/\/www.iplay.com\/en\/?s={search_term_string}\"},\"query-input\":{\"@type\":\"PropertyValueSpecification\",\"valueRequired\":true,\"valueName\":\"search_term_string\"}}],\"inLanguage\":\"fr-FR\"},{\"@type\":\"Organization\",\"@id\":\"https:\/\/www.iplay.com\/en\/#organization\",\"name\":\"IPlay\",\"url\":\"https:\/\/www.iplay.com\/en\/\",\"logo\":{\"@type\":\"ImageObject\",\"inLanguage\":\"fr-FR\",\"@id\":\"https:\/\/www.iplay.com\/en\/#\/schema\/logo\/image\/\",\"url\":\"https:\/\/www.iplay.com\/wp-content\/uploads\/2023\/11\/Group-6100.svg\",\"contentUrl\":\"https:\/\/www.iplay.com\/wp-content\/uploads\/2023\/11\/Group-6100.svg\",\"width\":98,\"height\":25,\"caption\":\"IPlay\"},\"image\":{\"@id\":\"https:\/\/www.iplay.com\/en\/#\/schema\/logo\/image\/\"}}]}<\/script>\n<!-- \/ Yoast SEO Premium plugin. -->","yoast_head_json":{"title":"Art By Numbers 35 - R\u00e9ussissez en tant qu\u2019artiste en cr\u00e9ant des \u0153uvres d\u2019art fantastiques","description":"Cr\u00e9ez des \u0153uvres d\u2019art incroyables en utilisant Art By Numbers 35 pour devenir un artiste \u00e0 succ\u00e8s.","robots":{"index":"index","follow":"follow","max-snippet":"max-snippet:-1","max-image-preview":"max-image-preview:large","max-video-preview":"max-video-preview:-1"},"canonical":"https:\/\/www.iplay.com\/fr\/games\/art-by-numbers-35\/","og_locale":"fr_FR","og_type":"article","og_title":"Art By Numbers 35","og_description":"Cr\u00e9ez des \u0153uvres d\u2019art incroyables en utilisant Art By Numbers 35 pour devenir un artiste \u00e0 succ\u00e8s.","og_url":"https:\/\/www.iplay.com\/fr\/games\/art-by-numbers-35\/","og_site_name":"IPlay","og_image":[{"width":310,"height":310,"url":"https:\/\/www.iplay.com\/wp-content\/uploads\/2023\/12\/large_square_tile_image-2155.jpg","type":"image\/jpeg"}],"twitter_card":"summary_large_image","twitter_misc":{"Dur\u00e9e de lecture estim\u00e9e":"1 minute"},"schema":{"@context":"https:\/\/schema.org","@graph":[{"@type":"WebPage","@id":"https:\/\/www.iplay.com\/fr\/games\/art-by-numbers-35\/","url":"https:\/\/www.iplay.com\/fr\/games\/art-by-numbers-35\/","name":"Art By Numbers 35 - R\u00e9ussissez en tant qu\u2019artiste en cr\u00e9ant des \u0153uvres d\u2019art fantastiques","isPartOf":{"@id":"https:\/\/www.iplay.com\/en\/#website"},"primaryImageOfPage":{"@id":"https:\/\/www.iplay.com\/fr\/games\/art-by-numbers-35\/#primaryimage"},"image":{"@id":"https:\/\/www.iplay.com\/fr\/games\/art-by-numbers-35\/#primaryimage"},"thumbnailUrl":"https:\/\/www.iplay.com\/wp-content\/uploads\/2023\/12\/large_square_tile_image-2155.jpg","datePublished":"2023-01-27T00:00:00+00:00","description":"Cr\u00e9ez des \u0153uvres d\u2019art incroyables en utilisant Art By Numbers 35 pour devenir un artiste \u00e0 succ\u00e8s.","breadcrumb":{"@id":"https:\/\/www.iplay.com\/fr\/games\/art-by-numbers-35\/#breadcrumb"},"inLanguage":"fr-FR","potentialAction":[{"@type":"ReadAction","target":["https:\/\/www.iplay.com\/fr\/games\/art-by-numbers-35\/"]}]},{"@type":"ImageObject","inLanguage":"fr-FR","@id":"https:\/\/www.iplay.com\/fr\/games\/art-by-numbers-35\/#primaryimage","url":"https:\/\/www.iplay.com\/wp-content\/uploads\/2023\/12\/large_square_tile_image-2155.jpg","contentUrl":"https:\/\/www.iplay.com\/wp-content\/uploads\/2023\/12\/large_square_tile_image-2155.jpg","width":310,"height":310},{"@type":"BreadcrumbList","@id":"https:\/\/www.iplay.com\/fr\/games\/art-by-numbers-35\/#breadcrumb","itemListElement":[{"@type":"ListItem","position":1,"name":"Home","item":"https:\/\/www.iplay.com\/fr\/home-page-2\/"},{"@type":"ListItem","position":2,"name":"Shop","item":"https:\/\/www.iplay.com\/en\/shop\/"},{"@type":"ListItem","position":3,"name":"Art By Numbers 35"}]},{"@type":"WebSite","@id":"https:\/\/www.iplay.com\/en\/#website","url":"https:\/\/www.iplay.com\/en\/","name":"IPlay","description":"The Best Casual Games!","publisher":{"@id":"https:\/\/www.iplay.com\/en\/#organization"},"potentialAction":[{"@type":"SearchAction","target":{"@type":"EntryPoint","urlTemplate":"https:\/\/www.iplay.com\/en\/?s={search_term_string}"},"query-input":{"@type":"PropertyValueSpecification","valueRequired":true,"valueName":"search_term_string"}}],"inLanguage":"fr-FR"},{"@type":"Organization","@id":"https:\/\/www.iplay.com\/en\/#organization","name":"IPlay","url":"https:\/\/www.iplay.com\/en\/","logo":{"@type":"ImageObject","inLanguage":"fr-FR","@id":"https:\/\/www.iplay.com\/en\/#\/schema\/logo\/image\/","url":"https:\/\/www.iplay.com\/wp-content\/uploads\/2023\/11\/Group-6100.svg","contentUrl":"https:\/\/www.iplay.com\/wp-content\/uploads\/2023\/11\/Group-6100.svg","width":98,"height":25,"caption":"IPlay"},"image":{"@id":"https:\/\/www.iplay.com\/en\/#\/schema\/logo\/image\/"}}]}},"_links":{"self":[{"href":"https:\/\/www.iplay.com\/fr\/wp-json\/wp\/v2\/product\/132292","targetHints":{"allow":["GET"]}}],"collection":[{"href":"https:\/\/www.iplay.com\/fr\/wp-json\/wp\/v2\/product"}],"about":[{"href":"https:\/\/www.iplay.com\/fr\/wp-json\/wp\/v2\/types\/product"}],"author":[{"embeddable":true,"href":"https:\/\/www.iplay.com\/fr\/wp-json\/wp\/v2\/users\/16"}],"replies":[{"embeddable":true,"href":"https:\/\/www.iplay.com\/fr\/wp-json\/wp\/v2\/comments?post=132292"}],"wp:featuredmedia":[{"embeddable":true,"href":"https:\/\/www.iplay.com\/fr\/wp-json\/wp\/v2\/media\/74581"}],"wp:attachment":[{"href":"https:\/\/www.iplay.com\/fr\/wp-json\/wp\/v2\/media?parent=132292"}],"wp:term":[{"taxonomy":"product_brand","embeddable":true,"href":"https:\/\/www.iplay.com\/fr\/wp-json\/wp\/v2\/product_brand?post=132292"},{"taxonomy":"product_cat","embeddable":true,"href":"https:\/\/www.iplay.com\/fr\/wp-json\/wp\/v2\/product_cat?post=132292"},{"taxonomy":"product_tag","embeddable":true,"href":"https:\/\/www.iplay.com\/fr\/wp-json\/wp\/v2\/product_tag?post=132292"}],"curies":[{"name":"wp","href":"https:\/\/api.w.org\/{rel}","templated":true}]}}