{"id":132265,"date":"2023-02-03T00:00:02","date_gmt":"2023-02-03T00:00:02","guid":{"rendered":"https:\/\/www.iplay.com\/games\/travel-cuisine-collectors-edition\/"},"modified":"2023-02-03T00:00:02","modified_gmt":"2023-02-03T00:00:02","slug":"travel-cuisine-collectors-edition","status":"publish","type":"product","link":"https:\/\/www.iplay.com\/fr\/games\/travel-cuisine-collectors-edition\/","title":{"rendered":"Travel Cuisine Collector&#8217;s Edition"},"content":{"rendered":"<p>Tammy et Matthew veulent ouvrir et exploiter leur propre restaurant&nbsp;! Mais sans les outils et l\u2019exp\u00e9rience dont vous avez besoin, comment pouvez-vous atteindre vos objectifs ? Le concours culinaire a la solution \u00e0 chaque probl\u00e8me. Malgr\u00e9 les obstacles et les p\u00e9rils, les h\u00e9ros vont pers\u00e9v\u00e9rer et se lancer dans une aventure culinaire pour en apprendre davantage sur les subtilit\u00e9s de la restauration et les techniques culinaires de divers restaurants \u00e0 travers le monde. Ils saisiront in\u00e9vitablement le r\u00eave et la victoire entre leurs mains si vous les aidez en cours de route ! Amusez-vous \u00e9norm\u00e9ment pendant que vous partez pour un agr\u00e9able voyage culinaire autour du monde ! D\u00e9couvrez les d\u00e9lices culinaires du monde !      <\/p>\n<p>&nbsp;<\/p>\n<p>&nbsp;<\/p>\n<p><strong>Fonctionnalit\u00e9s:<\/strong><\/p>\n<p>&nbsp;<\/p>\n<p>&#8211; Des plats d\u00e9licieux comme les burritos, les sushis, les p\u00e2tisseries et les soupes \u00e0 la cr\u00e8me, entre autres ! Tammy et Matthew, deux jeunes restaurateurs, vous accompagneront dans votre p\u00e9riple en tout temps&nbsp;!<br \/>\n&#8211; Une narration profonde, des illustrations color\u00e9es et des personnages uniques !<br \/>\n&#8211; Un gameplay passionnant avec la possibilit\u00e9 de prendre le contr\u00f4le de la cuisine d\u2019un restaurant d\u2019\u00e9lite.<\/p>\n<p>&#8211; Il y a beaucoup de clients int\u00e9ressants et affam\u00e9s.<\/p>\n<p>&#8211; Quarante-cinq niveaux distincts.<br \/>\n&#8211; Trois \u00e9tablissements o\u00f9 beaucoup de travail sera \u00e0 pr\u00e9voir : un bar \u00e0 sushis \u00e0 th\u00e8me oriental, une boulangerie classique et un restaurant mexicain !<\/p>\n<p>&#8211; Plus de 25 heures de jeu passionnant adapt\u00e9 \u00e0 tous les groupes d\u2019\u00e2ge.<br \/>\n&#8211; Une musique harmonieuse<\/p>\n","protected":false},"excerpt":{"rendered":"<p>Tammy et Matthew veulent ouvrir et exploiter leur propre restaurant&nbsp;! Aidez-les dans CE Travel Cuisine&nbsp;! <\/p>\n","protected":false},"author":13,"featured_media":74501,"comment_status":"open","ping_status":"closed","template":"","meta":{"_acf_changed":false,"inline_featured_image":false},"product_brand":[],"product_cat":[216],"product_tag":[287,314],"class_list":{"0":"post-132265","1":"product","2":"type-product","3":"status-publish","4":"has-post-thumbnail","6":"product_cat-time-management-fr","7":"product_tag-play-on-pc-fr","8":"product_tag-travel-cuisine-series-fr","10":"first","11":"instock","12":"shipping-taxable","13":"purchasable","14":"product-type-simple"},"acf":[],"yoast_head":"<!-- This site is optimized with the Yoast SEO Premium plugin v25.2 (Yoast SEO v25.2) - https:\/\/yoast.com\/wordpress\/plugins\/seo\/ -->\n<title>Travel Cuisine Collector\u2019s Edition - Aidez Matthew et Tammy \u00e0 g\u00e9rer leur restaurant dans Travel Cuisine CE<\/title>\n<meta name=\"description\" content=\"Tammy et Matthew veulent ouvrir et exploiter leur propre restaurant&nbsp;! Aidez-les dans CE Travel Cuisine&nbsp;!\" \/>\n<meta name=\"robots\" content=\"index, follow, max-snippet:-1, max-image-preview:large, max-video-preview:-1\" \/>\n<link rel=\"canonical\" href=\"https:\/\/www.iplay.com\/fr\/games\/travel-cuisine-collectors-edition\/\" \/>\n<meta property=\"og:locale\" content=\"fr_FR\" \/>\n<meta property=\"og:type\" content=\"article\" \/>\n<meta property=\"og:title\" content=\"Travel Cuisine Collector&#039;s Edition\" \/>\n<meta property=\"og:description\" content=\"Tammy et Matthew veulent ouvrir et exploiter leur propre restaurant&nbsp;! Aidez-les dans CE Travel Cuisine&nbsp;!\" \/>\n<meta property=\"og:url\" content=\"https:\/\/www.iplay.com\/fr\/games\/travel-cuisine-collectors-edition\/\" \/>\n<meta property=\"og:site_name\" content=\"IPlay\" \/>\n<meta property=\"og:image\" content=\"https:\/\/www.iplay.com\/wp-content\/uploads\/2023\/12\/large_square_tile_image-2150.jpg\" \/>\n\t<meta property=\"og:image:width\" content=\"310\" \/>\n\t<meta property=\"og:image:height\" content=\"310\" \/>\n\t<meta property=\"og:image:type\" content=\"image\/jpeg\" \/>\n<meta name=\"twitter:card\" content=\"summary_large_image\" \/>\n<meta name=\"twitter:label1\" content=\"Dur\u00e9e de lecture estim\u00e9e\" \/>\n\t<meta name=\"twitter:data1\" content=\"1 minute\" \/>\n<script type=\"application\/ld+json\" class=\"yoast-schema-graph\">{\"@context\":\"https:\/\/schema.org\",\"@graph\":[{\"@type\":\"WebPage\",\"@id\":\"https:\/\/www.iplay.com\/fr\/games\/travel-cuisine-collectors-edition\/\",\"url\":\"https:\/\/www.iplay.com\/fr\/games\/travel-cuisine-collectors-edition\/\",\"name\":\"Travel Cuisine Collector\u2019s Edition - Aidez Matthew et Tammy \u00e0 g\u00e9rer leur restaurant dans Travel Cuisine CE\",\"isPartOf\":{\"@id\":\"https:\/\/www.iplay.com\/en\/#website\"},\"primaryImageOfPage\":{\"@id\":\"https:\/\/www.iplay.com\/fr\/games\/travel-cuisine-collectors-edition\/#primaryimage\"},\"image\":{\"@id\":\"https:\/\/www.iplay.com\/fr\/games\/travel-cuisine-collectors-edition\/#primaryimage\"},\"thumbnailUrl\":\"https:\/\/www.iplay.com\/wp-content\/uploads\/2023\/12\/large_square_tile_image-2150.jpg\",\"datePublished\":\"2023-02-03T00:00:02+00:00\",\"description\":\"Tammy et Matthew veulent ouvrir et exploiter leur propre restaurant&nbsp;! Aidez-les dans CE Travel Cuisine&nbsp;!\",\"breadcrumb\":{\"@id\":\"https:\/\/www.iplay.com\/fr\/games\/travel-cuisine-collectors-edition\/#breadcrumb\"},\"inLanguage\":\"fr-FR\",\"potentialAction\":[{\"@type\":\"ReadAction\",\"target\":[\"https:\/\/www.iplay.com\/fr\/games\/travel-cuisine-collectors-edition\/\"]}]},{\"@type\":\"ImageObject\",\"inLanguage\":\"fr-FR\",\"@id\":\"https:\/\/www.iplay.com\/fr\/games\/travel-cuisine-collectors-edition\/#primaryimage\",\"url\":\"https:\/\/www.iplay.com\/wp-content\/uploads\/2023\/12\/large_square_tile_image-2150.jpg\",\"contentUrl\":\"https:\/\/www.iplay.com\/wp-content\/uploads\/2023\/12\/large_square_tile_image-2150.jpg\",\"width\":310,\"height\":310},{\"@type\":\"BreadcrumbList\",\"@id\":\"https:\/\/www.iplay.com\/fr\/games\/travel-cuisine-collectors-edition\/#breadcrumb\",\"itemListElement\":[{\"@type\":\"ListItem\",\"position\":1,\"name\":\"Home\",\"item\":\"https:\/\/www.iplay.com\/fr\/home-page-2\/\"},{\"@type\":\"ListItem\",\"position\":2,\"name\":\"Shop\",\"item\":\"https:\/\/www.iplay.com\/en\/shop\/\"},{\"@type\":\"ListItem\",\"position\":3,\"name\":\"Travel Cuisine Collector&#8217;s Edition\"}]},{\"@type\":\"WebSite\",\"@id\":\"https:\/\/www.iplay.com\/en\/#website\",\"url\":\"https:\/\/www.iplay.com\/en\/\",\"name\":\"IPlay\",\"description\":\"The Best Casual Games!\",\"publisher\":{\"@id\":\"https:\/\/www.iplay.com\/en\/#organization\"},\"potentialAction\":[{\"@type\":\"SearchAction\",\"target\":{\"@type\":\"EntryPoint\",\"urlTemplate\":\"https:\/\/www.iplay.com\/en\/?s={search_term_string}\"},\"query-input\":{\"@type\":\"PropertyValueSpecification\",\"valueRequired\":true,\"valueName\":\"search_term_string\"}}],\"inLanguage\":\"fr-FR\"},{\"@type\":\"Organization\",\"@id\":\"https:\/\/www.iplay.com\/en\/#organization\",\"name\":\"IPlay\",\"url\":\"https:\/\/www.iplay.com\/en\/\",\"logo\":{\"@type\":\"ImageObject\",\"inLanguage\":\"fr-FR\",\"@id\":\"https:\/\/www.iplay.com\/en\/#\/schema\/logo\/image\/\",\"url\":\"https:\/\/www.iplay.com\/wp-content\/uploads\/2023\/11\/Group-6100.svg\",\"contentUrl\":\"https:\/\/www.iplay.com\/wp-content\/uploads\/2023\/11\/Group-6100.svg\",\"width\":98,\"height\":25,\"caption\":\"IPlay\"},\"image\":{\"@id\":\"https:\/\/www.iplay.com\/en\/#\/schema\/logo\/image\/\"}}]}<\/script>\n<!-- \/ Yoast SEO Premium plugin. -->","yoast_head_json":{"title":"Travel Cuisine Collector\u2019s Edition - Aidez Matthew et Tammy \u00e0 g\u00e9rer leur restaurant dans Travel Cuisine CE","description":"Tammy et Matthew veulent ouvrir et exploiter leur propre restaurant&nbsp;! Aidez-les dans CE Travel Cuisine&nbsp;!","robots":{"index":"index","follow":"follow","max-snippet":"max-snippet:-1","max-image-preview":"max-image-preview:large","max-video-preview":"max-video-preview:-1"},"canonical":"https:\/\/www.iplay.com\/fr\/games\/travel-cuisine-collectors-edition\/","og_locale":"fr_FR","og_type":"article","og_title":"Travel Cuisine Collector's Edition","og_description":"Tammy et Matthew veulent ouvrir et exploiter leur propre restaurant&nbsp;! Aidez-les dans CE Travel Cuisine&nbsp;!","og_url":"https:\/\/www.iplay.com\/fr\/games\/travel-cuisine-collectors-edition\/","og_site_name":"IPlay","og_image":[{"width":310,"height":310,"url":"https:\/\/www.iplay.com\/wp-content\/uploads\/2023\/12\/large_square_tile_image-2150.jpg","type":"image\/jpeg"}],"twitter_card":"summary_large_image","twitter_misc":{"Dur\u00e9e de lecture estim\u00e9e":"1 minute"},"schema":{"@context":"https:\/\/schema.org","@graph":[{"@type":"WebPage","@id":"https:\/\/www.iplay.com\/fr\/games\/travel-cuisine-collectors-edition\/","url":"https:\/\/www.iplay.com\/fr\/games\/travel-cuisine-collectors-edition\/","name":"Travel Cuisine Collector\u2019s Edition - Aidez Matthew et Tammy \u00e0 g\u00e9rer leur restaurant dans Travel Cuisine CE","isPartOf":{"@id":"https:\/\/www.iplay.com\/en\/#website"},"primaryImageOfPage":{"@id":"https:\/\/www.iplay.com\/fr\/games\/travel-cuisine-collectors-edition\/#primaryimage"},"image":{"@id":"https:\/\/www.iplay.com\/fr\/games\/travel-cuisine-collectors-edition\/#primaryimage"},"thumbnailUrl":"https:\/\/www.iplay.com\/wp-content\/uploads\/2023\/12\/large_square_tile_image-2150.jpg","datePublished":"2023-02-03T00:00:02+00:00","description":"Tammy et Matthew veulent ouvrir et exploiter leur propre restaurant&nbsp;! Aidez-les dans CE Travel Cuisine&nbsp;!","breadcrumb":{"@id":"https:\/\/www.iplay.com\/fr\/games\/travel-cuisine-collectors-edition\/#breadcrumb"},"inLanguage":"fr-FR","potentialAction":[{"@type":"ReadAction","target":["https:\/\/www.iplay.com\/fr\/games\/travel-cuisine-collectors-edition\/"]}]},{"@type":"ImageObject","inLanguage":"fr-FR","@id":"https:\/\/www.iplay.com\/fr\/games\/travel-cuisine-collectors-edition\/#primaryimage","url":"https:\/\/www.iplay.com\/wp-content\/uploads\/2023\/12\/large_square_tile_image-2150.jpg","contentUrl":"https:\/\/www.iplay.com\/wp-content\/uploads\/2023\/12\/large_square_tile_image-2150.jpg","width":310,"height":310},{"@type":"BreadcrumbList","@id":"https:\/\/www.iplay.com\/fr\/games\/travel-cuisine-collectors-edition\/#breadcrumb","itemListElement":[{"@type":"ListItem","position":1,"name":"Home","item":"https:\/\/www.iplay.com\/fr\/home-page-2\/"},{"@type":"ListItem","position":2,"name":"Shop","item":"https:\/\/www.iplay.com\/en\/shop\/"},{"@type":"ListItem","position":3,"name":"Travel Cuisine Collector&#8217;s Edition"}]},{"@type":"WebSite","@id":"https:\/\/www.iplay.com\/en\/#website","url":"https:\/\/www.iplay.com\/en\/","name":"IPlay","description":"The Best Casual Games!","publisher":{"@id":"https:\/\/www.iplay.com\/en\/#organization"},"potentialAction":[{"@type":"SearchAction","target":{"@type":"EntryPoint","urlTemplate":"https:\/\/www.iplay.com\/en\/?s={search_term_string}"},"query-input":{"@type":"PropertyValueSpecification","valueRequired":true,"valueName":"search_term_string"}}],"inLanguage":"fr-FR"},{"@type":"Organization","@id":"https:\/\/www.iplay.com\/en\/#organization","name":"IPlay","url":"https:\/\/www.iplay.com\/en\/","logo":{"@type":"ImageObject","inLanguage":"fr-FR","@id":"https:\/\/www.iplay.com\/en\/#\/schema\/logo\/image\/","url":"https:\/\/www.iplay.com\/wp-content\/uploads\/2023\/11\/Group-6100.svg","contentUrl":"https:\/\/www.iplay.com\/wp-content\/uploads\/2023\/11\/Group-6100.svg","width":98,"height":25,"caption":"IPlay"},"image":{"@id":"https:\/\/www.iplay.com\/en\/#\/schema\/logo\/image\/"}}]}},"_links":{"self":[{"href":"https:\/\/www.iplay.com\/fr\/wp-json\/wp\/v2\/product\/132265","targetHints":{"allow":["GET"]}}],"collection":[{"href":"https:\/\/www.iplay.com\/fr\/wp-json\/wp\/v2\/product"}],"about":[{"href":"https:\/\/www.iplay.com\/fr\/wp-json\/wp\/v2\/types\/product"}],"author":[{"embeddable":true,"href":"https:\/\/www.iplay.com\/fr\/wp-json\/wp\/v2\/users\/13"}],"replies":[{"embeddable":true,"href":"https:\/\/www.iplay.com\/fr\/wp-json\/wp\/v2\/comments?post=132265"}],"wp:featuredmedia":[{"embeddable":true,"href":"https:\/\/www.iplay.com\/fr\/wp-json\/wp\/v2\/media\/74501"}],"wp:attachment":[{"href":"https:\/\/www.iplay.com\/fr\/wp-json\/wp\/v2\/media?parent=132265"}],"wp:term":[{"taxonomy":"product_brand","embeddable":true,"href":"https:\/\/www.iplay.com\/fr\/wp-json\/wp\/v2\/product_brand?post=132265"},{"taxonomy":"product_cat","embeddable":true,"href":"https:\/\/www.iplay.com\/fr\/wp-json\/wp\/v2\/product_cat?post=132265"},{"taxonomy":"product_tag","embeddable":true,"href":"https:\/\/www.iplay.com\/fr\/wp-json\/wp\/v2\/product_tag?post=132265"}],"curies":[{"name":"wp","href":"https:\/\/api.w.org\/{rel}","templated":true}]}}