{"id":132144,"date":"2024-04-08T16:51:35","date_gmt":"2024-04-08T16:51:35","guid":{"rendered":"https:\/\/www.iplay.com\/games\/delicious-emilys-cook-and-go\/"},"modified":"2024-04-08T16:51:35","modified_gmt":"2024-04-08T16:51:35","slug":"delicious-emilys-cook-and-go","status":"publish","type":"product","link":"https:\/\/www.iplay.com\/fr\/games\/delicious-emilys-cook-and-go\/","title":{"rendered":"Delicious &#8211; Emily&#8217;s Cook and Go"},"content":{"rendered":"<p>Cette \u00e9dition sp\u00e9ciale de Delicious est \u00e0 nouveau consacr\u00e9e au service de la nourriture. Avec Emily, les joueurs voyagent \u00e0 Hawa\u00ef, aux Pays-Bas, au Br\u00e9sil et dans de nombreux autres endroits. Il est con\u00e7u pour que les joueurs ma\u00eetrisent leurs comp\u00e9tences en gestion du temps et profitent d\u2019un jeu sans fin en d\u00e9placement.  <\/p>\n<p>&nbsp;<\/p>\n<p><b>FONCTIONNALIT\u00c9S<\/b><\/p>\n<ul>\n<li>Commandes simples<\/li>\n<li>Facile \u00e0 apprendre<\/li>\n<li>Personnages pr\u00e9f\u00e9r\u00e9s de l\u2019univers Delicious<\/li>\n<\/ul>\n<p>&nbsp;<\/p>\n<p><b>COMMENT JOUER<\/b><\/p>\n<ul>\n<li>Cr\u00e9ez les articles command\u00e9s par les clients en appuyant ou en cliquant sur les ic\u00f4nes correspondantes.<\/li>\n<li>Lorsque vous avez pr\u00e9par\u00e9 tous les articles, apportez la commande au client en tapotant ou en cliquant dessus.<\/li>\n<li>Certains articles peuvent n\u00e9cessiter plusieurs actions de pr\u00e9paration.<\/li>\n<li>Finalisez la vente en appuyant ou en cliquant sur la caisse enregistreuse.<\/li>\n<li>Remplissez le bar de fr\u00e9n\u00e9sie en compl\u00e9tant les commandes.<\/li>\n<li>Une fois plein, vous pouvez appuyer ou cliquer dessus pour donner un \u00e9norme coup de pouce \u00e0 Emily !<\/li>\n<\/ul>\n","protected":false},"excerpt":{"rendered":"<p>Aidez Emily \u00e0 recommencer \u00e0 servir de la nourriture<\/p>\n","protected":false},"author":10,"featured_media":117994,"comment_status":"open","ping_status":"closed","template":"","meta":{"_acf_changed":false,"inline_featured_image":false},"product_brand":[],"product_cat":[179,216],"product_tag":[285,305,287],"class_list":{"0":"post-132144","1":"product","2":"type-product","3":"status-publish","4":"has-post-thumbnail","6":"product_cat-mobile-games-fr","7":"product_cat-time-management-fr","8":"product_tag-play-on-mac-fr","9":"product_tag-play-on-mobile-fr","10":"product_tag-play-on-pc-fr","12":"first","13":"instock","14":"shipping-taxable","15":"purchasable","16":"product-type-html5_game"},"acf":[],"yoast_head":"<!-- This site is optimized with the Yoast SEO Premium plugin v25.2 (Yoast SEO v25.2) - https:\/\/yoast.com\/wordpress\/plugins\/seo\/ -->\n<title>Delicious - Emily\u2019s Cook and Go - Jouez sur IPlay<\/title>\n<meta name=\"description\" content=\"Aidez Emily \u00e0 recommencer \u00e0 servir de la nourriture\" \/>\n<meta name=\"robots\" content=\"index, follow, max-snippet:-1, max-image-preview:large, max-video-preview:-1\" \/>\n<link rel=\"canonical\" href=\"https:\/\/www.iplay.com\/fr\/games\/delicious-emilys-cook-and-go\/\" \/>\n<meta property=\"og:locale\" content=\"fr_FR\" \/>\n<meta property=\"og:type\" content=\"article\" \/>\n<meta property=\"og:title\" content=\"Delicious - Emily&#039;s Cook and Go\" \/>\n<meta property=\"og:description\" content=\"Aidez Emily \u00e0 recommencer \u00e0 servir de la nourriture\" \/>\n<meta property=\"og:url\" content=\"https:\/\/www.iplay.com\/fr\/games\/delicious-emilys-cook-and-go\/\" \/>\n<meta property=\"og:site_name\" content=\"IPlay\" \/>\n<meta property=\"og:image\" content=\"https:\/\/www.iplay.com\/wp-content\/uploads\/2024\/04\/delicious_emilys_cook_and_go_thumb200x200-3.webp\" \/>\n\t<meta property=\"og:image:width\" content=\"715\" \/>\n\t<meta property=\"og:image:height\" content=\"485\" \/>\n\t<meta property=\"og:image:type\" content=\"image\/webp\" \/>\n<meta name=\"twitter:card\" content=\"summary_large_image\" \/>\n<meta name=\"twitter:label1\" content=\"Dur\u00e9e de lecture estim\u00e9e\" \/>\n\t<meta name=\"twitter:data1\" content=\"1 minute\" \/>\n<script type=\"application\/ld+json\" class=\"yoast-schema-graph\">{\"@context\":\"https:\/\/schema.org\",\"@graph\":[{\"@type\":\"WebPage\",\"@id\":\"https:\/\/www.iplay.com\/fr\/games\/delicious-emilys-cook-and-go\/\",\"url\":\"https:\/\/www.iplay.com\/fr\/games\/delicious-emilys-cook-and-go\/\",\"name\":\"Delicious - Emily\u2019s Cook and Go - Jouez sur IPlay\",\"isPartOf\":{\"@id\":\"https:\/\/www.iplay.com\/en\/#website\"},\"primaryImageOfPage\":{\"@id\":\"https:\/\/www.iplay.com\/fr\/games\/delicious-emilys-cook-and-go\/#primaryimage\"},\"image\":{\"@id\":\"https:\/\/www.iplay.com\/fr\/games\/delicious-emilys-cook-and-go\/#primaryimage\"},\"thumbnailUrl\":\"https:\/\/www.iplay.com\/wp-content\/uploads\/2024\/04\/delicious_emilys_cook_and_go_thumb200x200-3.webp\",\"datePublished\":\"2024-04-08T16:51:35+00:00\",\"description\":\"Aidez Emily \u00e0 recommencer \u00e0 servir de la nourriture\",\"breadcrumb\":{\"@id\":\"https:\/\/www.iplay.com\/fr\/games\/delicious-emilys-cook-and-go\/#breadcrumb\"},\"inLanguage\":\"fr-FR\",\"potentialAction\":[{\"@type\":\"ReadAction\",\"target\":[\"https:\/\/www.iplay.com\/fr\/games\/delicious-emilys-cook-and-go\/\"]}]},{\"@type\":\"ImageObject\",\"inLanguage\":\"fr-FR\",\"@id\":\"https:\/\/www.iplay.com\/fr\/games\/delicious-emilys-cook-and-go\/#primaryimage\",\"url\":\"https:\/\/www.iplay.com\/wp-content\/uploads\/2024\/04\/delicious_emilys_cook_and_go_thumb200x200-3.webp\",\"contentUrl\":\"https:\/\/www.iplay.com\/wp-content\/uploads\/2024\/04\/delicious_emilys_cook_and_go_thumb200x200-3.webp\",\"width\":715,\"height\":485},{\"@type\":\"BreadcrumbList\",\"@id\":\"https:\/\/www.iplay.com\/fr\/games\/delicious-emilys-cook-and-go\/#breadcrumb\",\"itemListElement\":[{\"@type\":\"ListItem\",\"position\":1,\"name\":\"Home\",\"item\":\"https:\/\/www.iplay.com\/fr\/home-page-2\/\"},{\"@type\":\"ListItem\",\"position\":2,\"name\":\"Shop\",\"item\":\"https:\/\/www.iplay.com\/en\/shop\/\"},{\"@type\":\"ListItem\",\"position\":3,\"name\":\"Delicious &#8211; Emily&#8217;s Cook and Go\"}]},{\"@type\":\"WebSite\",\"@id\":\"https:\/\/www.iplay.com\/en\/#website\",\"url\":\"https:\/\/www.iplay.com\/en\/\",\"name\":\"IPlay\",\"description\":\"The Best Casual Games!\",\"publisher\":{\"@id\":\"https:\/\/www.iplay.com\/en\/#organization\"},\"potentialAction\":[{\"@type\":\"SearchAction\",\"target\":{\"@type\":\"EntryPoint\",\"urlTemplate\":\"https:\/\/www.iplay.com\/en\/?s={search_term_string}\"},\"query-input\":{\"@type\":\"PropertyValueSpecification\",\"valueRequired\":true,\"valueName\":\"search_term_string\"}}],\"inLanguage\":\"fr-FR\"},{\"@type\":\"Organization\",\"@id\":\"https:\/\/www.iplay.com\/en\/#organization\",\"name\":\"IPlay\",\"url\":\"https:\/\/www.iplay.com\/en\/\",\"logo\":{\"@type\":\"ImageObject\",\"inLanguage\":\"fr-FR\",\"@id\":\"https:\/\/www.iplay.com\/en\/#\/schema\/logo\/image\/\",\"url\":\"https:\/\/www.iplay.com\/wp-content\/uploads\/2023\/11\/Group-6100.svg\",\"contentUrl\":\"https:\/\/www.iplay.com\/wp-content\/uploads\/2023\/11\/Group-6100.svg\",\"width\":98,\"height\":25,\"caption\":\"IPlay\"},\"image\":{\"@id\":\"https:\/\/www.iplay.com\/en\/#\/schema\/logo\/image\/\"}}]}<\/script>\n<!-- \/ Yoast SEO Premium plugin. -->","yoast_head_json":{"title":"Delicious - Emily\u2019s Cook and Go - Jouez sur IPlay","description":"Aidez Emily \u00e0 recommencer \u00e0 servir de la nourriture","robots":{"index":"index","follow":"follow","max-snippet":"max-snippet:-1","max-image-preview":"max-image-preview:large","max-video-preview":"max-video-preview:-1"},"canonical":"https:\/\/www.iplay.com\/fr\/games\/delicious-emilys-cook-and-go\/","og_locale":"fr_FR","og_type":"article","og_title":"Delicious - Emily's Cook and Go","og_description":"Aidez Emily \u00e0 recommencer \u00e0 servir de la nourriture","og_url":"https:\/\/www.iplay.com\/fr\/games\/delicious-emilys-cook-and-go\/","og_site_name":"IPlay","og_image":[{"width":715,"height":485,"url":"https:\/\/www.iplay.com\/wp-content\/uploads\/2024\/04\/delicious_emilys_cook_and_go_thumb200x200-3.webp","type":"image\/webp"}],"twitter_card":"summary_large_image","twitter_misc":{"Dur\u00e9e de lecture estim\u00e9e":"1 minute"},"schema":{"@context":"https:\/\/schema.org","@graph":[{"@type":"WebPage","@id":"https:\/\/www.iplay.com\/fr\/games\/delicious-emilys-cook-and-go\/","url":"https:\/\/www.iplay.com\/fr\/games\/delicious-emilys-cook-and-go\/","name":"Delicious - Emily\u2019s Cook and Go - Jouez sur IPlay","isPartOf":{"@id":"https:\/\/www.iplay.com\/en\/#website"},"primaryImageOfPage":{"@id":"https:\/\/www.iplay.com\/fr\/games\/delicious-emilys-cook-and-go\/#primaryimage"},"image":{"@id":"https:\/\/www.iplay.com\/fr\/games\/delicious-emilys-cook-and-go\/#primaryimage"},"thumbnailUrl":"https:\/\/www.iplay.com\/wp-content\/uploads\/2024\/04\/delicious_emilys_cook_and_go_thumb200x200-3.webp","datePublished":"2024-04-08T16:51:35+00:00","description":"Aidez Emily \u00e0 recommencer \u00e0 servir de la nourriture","breadcrumb":{"@id":"https:\/\/www.iplay.com\/fr\/games\/delicious-emilys-cook-and-go\/#breadcrumb"},"inLanguage":"fr-FR","potentialAction":[{"@type":"ReadAction","target":["https:\/\/www.iplay.com\/fr\/games\/delicious-emilys-cook-and-go\/"]}]},{"@type":"ImageObject","inLanguage":"fr-FR","@id":"https:\/\/www.iplay.com\/fr\/games\/delicious-emilys-cook-and-go\/#primaryimage","url":"https:\/\/www.iplay.com\/wp-content\/uploads\/2024\/04\/delicious_emilys_cook_and_go_thumb200x200-3.webp","contentUrl":"https:\/\/www.iplay.com\/wp-content\/uploads\/2024\/04\/delicious_emilys_cook_and_go_thumb200x200-3.webp","width":715,"height":485},{"@type":"BreadcrumbList","@id":"https:\/\/www.iplay.com\/fr\/games\/delicious-emilys-cook-and-go\/#breadcrumb","itemListElement":[{"@type":"ListItem","position":1,"name":"Home","item":"https:\/\/www.iplay.com\/fr\/home-page-2\/"},{"@type":"ListItem","position":2,"name":"Shop","item":"https:\/\/www.iplay.com\/en\/shop\/"},{"@type":"ListItem","position":3,"name":"Delicious &#8211; Emily&#8217;s Cook and Go"}]},{"@type":"WebSite","@id":"https:\/\/www.iplay.com\/en\/#website","url":"https:\/\/www.iplay.com\/en\/","name":"IPlay","description":"The Best Casual Games!","publisher":{"@id":"https:\/\/www.iplay.com\/en\/#organization"},"potentialAction":[{"@type":"SearchAction","target":{"@type":"EntryPoint","urlTemplate":"https:\/\/www.iplay.com\/en\/?s={search_term_string}"},"query-input":{"@type":"PropertyValueSpecification","valueRequired":true,"valueName":"search_term_string"}}],"inLanguage":"fr-FR"},{"@type":"Organization","@id":"https:\/\/www.iplay.com\/en\/#organization","name":"IPlay","url":"https:\/\/www.iplay.com\/en\/","logo":{"@type":"ImageObject","inLanguage":"fr-FR","@id":"https:\/\/www.iplay.com\/en\/#\/schema\/logo\/image\/","url":"https:\/\/www.iplay.com\/wp-content\/uploads\/2023\/11\/Group-6100.svg","contentUrl":"https:\/\/www.iplay.com\/wp-content\/uploads\/2023\/11\/Group-6100.svg","width":98,"height":25,"caption":"IPlay"},"image":{"@id":"https:\/\/www.iplay.com\/en\/#\/schema\/logo\/image\/"}}]}},"_links":{"self":[{"href":"https:\/\/www.iplay.com\/fr\/wp-json\/wp\/v2\/product\/132144","targetHints":{"allow":["GET"]}}],"collection":[{"href":"https:\/\/www.iplay.com\/fr\/wp-json\/wp\/v2\/product"}],"about":[{"href":"https:\/\/www.iplay.com\/fr\/wp-json\/wp\/v2\/types\/product"}],"author":[{"embeddable":true,"href":"https:\/\/www.iplay.com\/fr\/wp-json\/wp\/v2\/users\/10"}],"replies":[{"embeddable":true,"href":"https:\/\/www.iplay.com\/fr\/wp-json\/wp\/v2\/comments?post=132144"}],"wp:featuredmedia":[{"embeddable":true,"href":"https:\/\/www.iplay.com\/fr\/wp-json\/wp\/v2\/media\/117994"}],"wp:attachment":[{"href":"https:\/\/www.iplay.com\/fr\/wp-json\/wp\/v2\/media?parent=132144"}],"wp:term":[{"taxonomy":"product_brand","embeddable":true,"href":"https:\/\/www.iplay.com\/fr\/wp-json\/wp\/v2\/product_brand?post=132144"},{"taxonomy":"product_cat","embeddable":true,"href":"https:\/\/www.iplay.com\/fr\/wp-json\/wp\/v2\/product_cat?post=132144"},{"taxonomy":"product_tag","embeddable":true,"href":"https:\/\/www.iplay.com\/fr\/wp-json\/wp\/v2\/product_tag?post=132144"}],"curies":[{"name":"wp","href":"https:\/\/api.w.org\/{rel}","templated":true}]}}