{"id":132041,"date":"2022-12-06T00:00:00","date_gmt":"2022-12-06T00:00:00","guid":{"rendered":"https:\/\/www.iplay.com\/games\/new-yankee-10-under-the-genies-thumb-collectors-edition\/"},"modified":"2022-12-06T00:00:00","modified_gmt":"2022-12-06T00:00:00","slug":"new-yankee-10-under-the-genies-thumb-collectors-edition","status":"publish","type":"product","link":"https:\/\/www.iplay.com\/fr\/games\/new-yankee-10-under-the-genies-thumb-collectors-edition\/","title":{"rendered":"New Yankee 10 Under the Genie&#8217;s Thumb Collector&#8217;s Edition"},"content":{"rendered":"<p>Dans cette toute nouvelle aventure mettant en sc\u00e8ne le redoutable Sir John et l\u2019enchant\u00e9e Lady Mary, un g\u00e9nie dans une lampe exige que deux h\u00e9ros voyageant dans le temps exaucent ses d\u00e9sirs ! New Yankee&nbsp;: Under the Genie\u2019s Thumb vous donnera l\u2019impression que vos souhaits se sont r\u00e9alis\u00e9s, que vous souhaitiez jouer un seul niveau pour tuer le temps ou vous perdre pendant des heures ! <\/p>\n<p>&nbsp;<\/p>\n<p>&nbsp;<\/p>\n<p><strong>Caract\u00e9ristiques<\/strong> :<\/p>\n<p>&nbsp;<\/p>\n<p>&#8211; Terminez 53 niveaux agr\u00e9ables et difficiles.<\/p>\n<p>&#8211; Partez \u00e0 la conqu\u00eate de trois mini-jeux captivants.<\/p>\n<p>&#8211; Compiler plusieurs r\u00e9alisations.<\/p>\n<p>&#8211; Vous pouvez \u00e9galement choisir l\u2019un des modes Expert, Normal et Relax.<\/p>\n<p>&nbsp;<\/p>\n<p>&nbsp;<\/p>\n<p><strong>Caract\u00e9ristiques de l\u2019\u00e9dition collector<\/strong> :<\/p>\n<p>&nbsp;<\/p>\n<p>&#8211; Un chapitre suppl\u00e9mentaire comprenant 17 niveaux<\/p>\n<p>&#8211; Manuel de strat\u00e9gie int\u00e9gr\u00e9e<\/p>\n<p>&#8211; Une bande-son audacieuse disponible en t\u00e9l\u00e9chargement<\/p>\n<p>&#8211; De magnifiques arri\u00e8re-plans de bureau<\/p>\n<p>&#8211; Trouvez les pi\u00e8ces manquantes du puzzle pour assembler l\u2019image. R\u00e9sum\u00e9s des personnages<\/p>\n","protected":false},"excerpt":{"rendered":"<p>R\u00e9alisez les souhaits d\u2019un g\u00e9nie ! Sous la coupe du g\u00e9nie \u00c9dition collector de New Yankee <\/p>\n","protected":false},"author":8,"featured_media":75194,"comment_status":"open","ping_status":"closed","template":"","meta":{"_acf_changed":false,"inline_featured_image":false},"product_brand":[],"product_cat":[216],"product_tag":[275,287],"class_list":{"0":"post-132041","1":"product","2":"type-product","3":"status-publish","4":"has-post-thumbnail","6":"product_cat-time-management-fr","7":"product_tag-new-yankee-series-fr","8":"product_tag-play-on-pc-fr","10":"first","11":"instock","12":"shipping-taxable","13":"purchasable","14":"product-type-simple"},"acf":[],"yoast_head":"<!-- This site is optimized with the Yoast SEO Premium plugin v25.2 (Yoast SEO v25.2) - https:\/\/yoast.com\/wordpress\/plugins\/seo\/ -->\n<title>New Yankee 10 Under the Genie\u2019s Thumb Collector\u2019s Edition - Pouvez-vous r\u00e9aliser les souhaits d\u2019un g\u00e9nie<\/title>\n<meta name=\"description\" content=\"R\u00e9alisez les souhaits d\u2019un g\u00e9nie ! Sous la coupe du g\u00e9nie \u00c9dition collector de New Yankee\" \/>\n<meta name=\"robots\" content=\"index, follow, max-snippet:-1, max-image-preview:large, max-video-preview:-1\" \/>\n<link rel=\"canonical\" href=\"https:\/\/www.iplay.com\/fr\/games\/new-yankee-10-under-the-genies-thumb-collectors-edition\/\" \/>\n<meta property=\"og:locale\" content=\"fr_FR\" \/>\n<meta property=\"og:type\" content=\"article\" \/>\n<meta property=\"og:title\" content=\"New Yankee 10 Under the Genie&#039;s Thumb Collector&#039;s Edition\" \/>\n<meta property=\"og:description\" content=\"R\u00e9alisez les souhaits d\u2019un g\u00e9nie ! Sous la coupe du g\u00e9nie \u00c9dition collector de New Yankee\" \/>\n<meta property=\"og:url\" content=\"https:\/\/www.iplay.com\/fr\/games\/new-yankee-10-under-the-genies-thumb-collectors-edition\/\" \/>\n<meta property=\"og:site_name\" content=\"IPlay\" \/>\n<meta property=\"og:image\" content=\"https:\/\/www.iplay.com\/wp-content\/uploads\/2023\/12\/large_square_tile_image-2194.jpg\" \/>\n\t<meta property=\"og:image:width\" content=\"310\" \/>\n\t<meta property=\"og:image:height\" content=\"310\" \/>\n\t<meta property=\"og:image:type\" content=\"image\/jpeg\" \/>\n<meta name=\"twitter:card\" content=\"summary_large_image\" \/>\n<meta name=\"twitter:label1\" content=\"Dur\u00e9e de lecture estim\u00e9e\" \/>\n\t<meta name=\"twitter:data1\" content=\"1 minute\" \/>\n<script type=\"application\/ld+json\" class=\"yoast-schema-graph\">{\"@context\":\"https:\/\/schema.org\",\"@graph\":[{\"@type\":\"WebPage\",\"@id\":\"https:\/\/www.iplay.com\/fr\/games\/new-yankee-10-under-the-genies-thumb-collectors-edition\/\",\"url\":\"https:\/\/www.iplay.com\/fr\/games\/new-yankee-10-under-the-genies-thumb-collectors-edition\/\",\"name\":\"New Yankee 10 Under the Genie\u2019s Thumb Collector\u2019s Edition - Pouvez-vous r\u00e9aliser les souhaits d\u2019un g\u00e9nie\",\"isPartOf\":{\"@id\":\"https:\/\/www.iplay.com\/en\/#website\"},\"primaryImageOfPage\":{\"@id\":\"https:\/\/www.iplay.com\/fr\/games\/new-yankee-10-under-the-genies-thumb-collectors-edition\/#primaryimage\"},\"image\":{\"@id\":\"https:\/\/www.iplay.com\/fr\/games\/new-yankee-10-under-the-genies-thumb-collectors-edition\/#primaryimage\"},\"thumbnailUrl\":\"https:\/\/www.iplay.com\/wp-content\/uploads\/2023\/12\/large_square_tile_image-2194.jpg\",\"datePublished\":\"2022-12-06T00:00:00+00:00\",\"description\":\"R\u00e9alisez les souhaits d\u2019un g\u00e9nie ! Sous la coupe du g\u00e9nie \u00c9dition collector de New Yankee\",\"breadcrumb\":{\"@id\":\"https:\/\/www.iplay.com\/fr\/games\/new-yankee-10-under-the-genies-thumb-collectors-edition\/#breadcrumb\"},\"inLanguage\":\"fr-FR\",\"potentialAction\":[{\"@type\":\"ReadAction\",\"target\":[\"https:\/\/www.iplay.com\/fr\/games\/new-yankee-10-under-the-genies-thumb-collectors-edition\/\"]}]},{\"@type\":\"ImageObject\",\"inLanguage\":\"fr-FR\",\"@id\":\"https:\/\/www.iplay.com\/fr\/games\/new-yankee-10-under-the-genies-thumb-collectors-edition\/#primaryimage\",\"url\":\"https:\/\/www.iplay.com\/wp-content\/uploads\/2023\/12\/large_square_tile_image-2194.jpg\",\"contentUrl\":\"https:\/\/www.iplay.com\/wp-content\/uploads\/2023\/12\/large_square_tile_image-2194.jpg\",\"width\":310,\"height\":310},{\"@type\":\"BreadcrumbList\",\"@id\":\"https:\/\/www.iplay.com\/fr\/games\/new-yankee-10-under-the-genies-thumb-collectors-edition\/#breadcrumb\",\"itemListElement\":[{\"@type\":\"ListItem\",\"position\":1,\"name\":\"Home\",\"item\":\"https:\/\/www.iplay.com\/fr\/home-page-2\/\"},{\"@type\":\"ListItem\",\"position\":2,\"name\":\"Shop\",\"item\":\"https:\/\/www.iplay.com\/en\/shop\/\"},{\"@type\":\"ListItem\",\"position\":3,\"name\":\"New Yankee 10 Under the Genie&#8217;s Thumb Collector&#8217;s Edition\"}]},{\"@type\":\"WebSite\",\"@id\":\"https:\/\/www.iplay.com\/en\/#website\",\"url\":\"https:\/\/www.iplay.com\/en\/\",\"name\":\"IPlay\",\"description\":\"The Best Casual Games!\",\"publisher\":{\"@id\":\"https:\/\/www.iplay.com\/en\/#organization\"},\"potentialAction\":[{\"@type\":\"SearchAction\",\"target\":{\"@type\":\"EntryPoint\",\"urlTemplate\":\"https:\/\/www.iplay.com\/en\/?s={search_term_string}\"},\"query-input\":{\"@type\":\"PropertyValueSpecification\",\"valueRequired\":true,\"valueName\":\"search_term_string\"}}],\"inLanguage\":\"fr-FR\"},{\"@type\":\"Organization\",\"@id\":\"https:\/\/www.iplay.com\/en\/#organization\",\"name\":\"IPlay\",\"url\":\"https:\/\/www.iplay.com\/en\/\",\"logo\":{\"@type\":\"ImageObject\",\"inLanguage\":\"fr-FR\",\"@id\":\"https:\/\/www.iplay.com\/en\/#\/schema\/logo\/image\/\",\"url\":\"https:\/\/www.iplay.com\/wp-content\/uploads\/2023\/11\/Group-6100.svg\",\"contentUrl\":\"https:\/\/www.iplay.com\/wp-content\/uploads\/2023\/11\/Group-6100.svg\",\"width\":98,\"height\":25,\"caption\":\"IPlay\"},\"image\":{\"@id\":\"https:\/\/www.iplay.com\/en\/#\/schema\/logo\/image\/\"}}]}<\/script>\n<!-- \/ Yoast SEO Premium plugin. -->","yoast_head_json":{"title":"New Yankee 10 Under the Genie\u2019s Thumb Collector\u2019s Edition - Pouvez-vous r\u00e9aliser les souhaits d\u2019un g\u00e9nie","description":"R\u00e9alisez les souhaits d\u2019un g\u00e9nie ! Sous la coupe du g\u00e9nie \u00c9dition collector de New Yankee","robots":{"index":"index","follow":"follow","max-snippet":"max-snippet:-1","max-image-preview":"max-image-preview:large","max-video-preview":"max-video-preview:-1"},"canonical":"https:\/\/www.iplay.com\/fr\/games\/new-yankee-10-under-the-genies-thumb-collectors-edition\/","og_locale":"fr_FR","og_type":"article","og_title":"New Yankee 10 Under the Genie's Thumb Collector's Edition","og_description":"R\u00e9alisez les souhaits d\u2019un g\u00e9nie ! Sous la coupe du g\u00e9nie \u00c9dition collector de New Yankee","og_url":"https:\/\/www.iplay.com\/fr\/games\/new-yankee-10-under-the-genies-thumb-collectors-edition\/","og_site_name":"IPlay","og_image":[{"width":310,"height":310,"url":"https:\/\/www.iplay.com\/wp-content\/uploads\/2023\/12\/large_square_tile_image-2194.jpg","type":"image\/jpeg"}],"twitter_card":"summary_large_image","twitter_misc":{"Dur\u00e9e de lecture estim\u00e9e":"1 minute"},"schema":{"@context":"https:\/\/schema.org","@graph":[{"@type":"WebPage","@id":"https:\/\/www.iplay.com\/fr\/games\/new-yankee-10-under-the-genies-thumb-collectors-edition\/","url":"https:\/\/www.iplay.com\/fr\/games\/new-yankee-10-under-the-genies-thumb-collectors-edition\/","name":"New Yankee 10 Under the Genie\u2019s Thumb Collector\u2019s Edition - Pouvez-vous r\u00e9aliser les souhaits d\u2019un g\u00e9nie","isPartOf":{"@id":"https:\/\/www.iplay.com\/en\/#website"},"primaryImageOfPage":{"@id":"https:\/\/www.iplay.com\/fr\/games\/new-yankee-10-under-the-genies-thumb-collectors-edition\/#primaryimage"},"image":{"@id":"https:\/\/www.iplay.com\/fr\/games\/new-yankee-10-under-the-genies-thumb-collectors-edition\/#primaryimage"},"thumbnailUrl":"https:\/\/www.iplay.com\/wp-content\/uploads\/2023\/12\/large_square_tile_image-2194.jpg","datePublished":"2022-12-06T00:00:00+00:00","description":"R\u00e9alisez les souhaits d\u2019un g\u00e9nie ! Sous la coupe du g\u00e9nie \u00c9dition collector de New Yankee","breadcrumb":{"@id":"https:\/\/www.iplay.com\/fr\/games\/new-yankee-10-under-the-genies-thumb-collectors-edition\/#breadcrumb"},"inLanguage":"fr-FR","potentialAction":[{"@type":"ReadAction","target":["https:\/\/www.iplay.com\/fr\/games\/new-yankee-10-under-the-genies-thumb-collectors-edition\/"]}]},{"@type":"ImageObject","inLanguage":"fr-FR","@id":"https:\/\/www.iplay.com\/fr\/games\/new-yankee-10-under-the-genies-thumb-collectors-edition\/#primaryimage","url":"https:\/\/www.iplay.com\/wp-content\/uploads\/2023\/12\/large_square_tile_image-2194.jpg","contentUrl":"https:\/\/www.iplay.com\/wp-content\/uploads\/2023\/12\/large_square_tile_image-2194.jpg","width":310,"height":310},{"@type":"BreadcrumbList","@id":"https:\/\/www.iplay.com\/fr\/games\/new-yankee-10-under-the-genies-thumb-collectors-edition\/#breadcrumb","itemListElement":[{"@type":"ListItem","position":1,"name":"Home","item":"https:\/\/www.iplay.com\/fr\/home-page-2\/"},{"@type":"ListItem","position":2,"name":"Shop","item":"https:\/\/www.iplay.com\/en\/shop\/"},{"@type":"ListItem","position":3,"name":"New Yankee 10 Under the Genie&#8217;s Thumb Collector&#8217;s Edition"}]},{"@type":"WebSite","@id":"https:\/\/www.iplay.com\/en\/#website","url":"https:\/\/www.iplay.com\/en\/","name":"IPlay","description":"The Best Casual Games!","publisher":{"@id":"https:\/\/www.iplay.com\/en\/#organization"},"potentialAction":[{"@type":"SearchAction","target":{"@type":"EntryPoint","urlTemplate":"https:\/\/www.iplay.com\/en\/?s={search_term_string}"},"query-input":{"@type":"PropertyValueSpecification","valueRequired":true,"valueName":"search_term_string"}}],"inLanguage":"fr-FR"},{"@type":"Organization","@id":"https:\/\/www.iplay.com\/en\/#organization","name":"IPlay","url":"https:\/\/www.iplay.com\/en\/","logo":{"@type":"ImageObject","inLanguage":"fr-FR","@id":"https:\/\/www.iplay.com\/en\/#\/schema\/logo\/image\/","url":"https:\/\/www.iplay.com\/wp-content\/uploads\/2023\/11\/Group-6100.svg","contentUrl":"https:\/\/www.iplay.com\/wp-content\/uploads\/2023\/11\/Group-6100.svg","width":98,"height":25,"caption":"IPlay"},"image":{"@id":"https:\/\/www.iplay.com\/en\/#\/schema\/logo\/image\/"}}]}},"_links":{"self":[{"href":"https:\/\/www.iplay.com\/fr\/wp-json\/wp\/v2\/product\/132041","targetHints":{"allow":["GET"]}}],"collection":[{"href":"https:\/\/www.iplay.com\/fr\/wp-json\/wp\/v2\/product"}],"about":[{"href":"https:\/\/www.iplay.com\/fr\/wp-json\/wp\/v2\/types\/product"}],"author":[{"embeddable":true,"href":"https:\/\/www.iplay.com\/fr\/wp-json\/wp\/v2\/users\/8"}],"replies":[{"embeddable":true,"href":"https:\/\/www.iplay.com\/fr\/wp-json\/wp\/v2\/comments?post=132041"}],"wp:featuredmedia":[{"embeddable":true,"href":"https:\/\/www.iplay.com\/fr\/wp-json\/wp\/v2\/media\/75194"}],"wp:attachment":[{"href":"https:\/\/www.iplay.com\/fr\/wp-json\/wp\/v2\/media?parent=132041"}],"wp:term":[{"taxonomy":"product_brand","embeddable":true,"href":"https:\/\/www.iplay.com\/fr\/wp-json\/wp\/v2\/product_brand?post=132041"},{"taxonomy":"product_cat","embeddable":true,"href":"https:\/\/www.iplay.com\/fr\/wp-json\/wp\/v2\/product_cat?post=132041"},{"taxonomy":"product_tag","embeddable":true,"href":"https:\/\/www.iplay.com\/fr\/wp-json\/wp\/v2\/product_tag?post=132041"}],"curies":[{"name":"wp","href":"https:\/\/api.w.org\/{rel}","templated":true}]}}