{"id":132020,"date":"2022-12-09T00:00:01","date_gmt":"2022-12-09T00:00:01","guid":{"rendered":"https:\/\/www.iplay.com\/games\/puzzle-vacations-ireland\/"},"modified":"2022-12-09T00:00:01","modified_gmt":"2022-12-09T00:00:01","slug":"puzzle-vacations-ireland","status":"publish","type":"product","link":"https:\/\/www.iplay.com\/fr\/games\/puzzle-vacations-ireland\/","title":{"rendered":"Puzzle Vacations: Ireland"},"content":{"rendered":"<p>Pour les amateurs de puzzles qui aiment les d\u00e9fis, Puzzle Vacations&nbsp;: Ireland est un jeu facile \u00e0 apprendre mais gratifiant. Il y a 14 250 puzzles au total, y compris les coupes artistiques, o\u00f9 chaque pi\u00e8ce est unique, 125 images magnifiques, deux modes de puzzle, 33 types de probl\u00e8mes et des tailles allant de 100 \u00e0 400 pi\u00e8ces ! <\/p>\n<p>&nbsp;<\/p>\n<p>&nbsp;<\/p>\n<p><strong>Fonctionnalit\u00e9s:<\/strong><\/p>\n<p>&nbsp;<\/p>\n<p>&#8211; D\u00e9couvrez la beaut\u00e9 de l\u2019Irlande avec 125 photographies !<br \/>\n&#8211; Choisissez entre 17 puzzles Swap et 16 puzzles !<br \/>\n&#8211; Compl\u00e9tez des puzzles de 400 pi\u00e8ces ou plus !<br \/>\n&#8211; Chaque image comporte deux coupes artistiques distinctes !<br \/>\n&#8211; Rotation, remaniement, minuterie, astuce et bien d\u2019autres fonctionnalit\u00e9s !<br \/>\n&#8211; Toute la bande-son et les fonds d\u2019\u00e9cran !<br \/>\n&#8211; Vous pouvez jouer comme vous le souhaitez car il n\u2019y a pas de niveaux verrouill\u00e9s !<\/p>\n","protected":false},"excerpt":{"rendered":"<p>Puzzle Vacations&nbsp;: Ireland propose 33 types de puzzles et 125 photographies pour vous aider \u00e0 d\u00e9couvrir la beaut\u00e9 de l\u2019Irlande.<\/p>\n","protected":false},"author":18,"featured_media":75130,"comment_status":"open","ping_status":"closed","template":"","meta":{"_acf_changed":false,"inline_featured_image":false},"product_brand":[],"product_cat":[193],"product_tag":[],"class_list":{"0":"post-132020","1":"product","2":"type-product","3":"status-publish","4":"has-post-thumbnail","6":"product_cat-puzzle-fr","8":"first","9":"instock","10":"shipping-taxable","11":"purchasable","12":"product-type-simple"},"acf":[],"yoast_head":"<!-- This site is optimized with the Yoast SEO Premium plugin v25.2 (Yoast SEO v25.2) - https:\/\/yoast.com\/wordpress\/plugins\/seo\/ -->\n<title>Puzzle Vacations\u00a0: Ireland - Explorez la beaut\u00e9 de l\u2019Irlande en 125 photos et 33 types de puzzles<\/title>\n<meta name=\"description\" content=\"Puzzle Vacations&nbsp;: Ireland propose 33 types de puzzles et 125 photographies pour vous aider \u00e0 d\u00e9couvrir la beaut\u00e9 de l\u2019Irlande.\" \/>\n<meta name=\"robots\" content=\"index, follow, max-snippet:-1, max-image-preview:large, max-video-preview:-1\" \/>\n<link rel=\"canonical\" href=\"https:\/\/www.iplay.com\/fr\/games\/puzzle-vacations-ireland\/\" \/>\n<meta property=\"og:locale\" content=\"fr_FR\" \/>\n<meta property=\"og:type\" content=\"article\" \/>\n<meta property=\"og:title\" content=\"Puzzle Vacations: Ireland\" \/>\n<meta property=\"og:description\" content=\"Puzzle Vacations&nbsp;: Ireland propose 33 types de puzzles et 125 photographies pour vous aider \u00e0 d\u00e9couvrir la beaut\u00e9 de l\u2019Irlande.\" \/>\n<meta property=\"og:url\" content=\"https:\/\/www.iplay.com\/fr\/games\/puzzle-vacations-ireland\/\" \/>\n<meta property=\"og:site_name\" content=\"IPlay\" \/>\n<meta property=\"og:image\" content=\"https:\/\/www.iplay.com\/wp-content\/uploads\/2023\/12\/large_square_tile_image-2190.jpg\" \/>\n\t<meta property=\"og:image:width\" content=\"310\" \/>\n\t<meta property=\"og:image:height\" content=\"310\" \/>\n\t<meta property=\"og:image:type\" content=\"image\/jpeg\" \/>\n<meta name=\"twitter:card\" content=\"summary_large_image\" \/>\n<meta name=\"twitter:label1\" content=\"Dur\u00e9e de lecture estim\u00e9e\" \/>\n\t<meta name=\"twitter:data1\" content=\"1 minute\" \/>\n<script type=\"application\/ld+json\" class=\"yoast-schema-graph\">{\"@context\":\"https:\/\/schema.org\",\"@graph\":[{\"@type\":\"WebPage\",\"@id\":\"https:\/\/www.iplay.com\/fr\/games\/puzzle-vacations-ireland\/\",\"url\":\"https:\/\/www.iplay.com\/fr\/games\/puzzle-vacations-ireland\/\",\"name\":\"Puzzle Vacations\u00a0: Ireland - Explorez la beaut\u00e9 de l\u2019Irlande en 125 photos et 33 types de puzzles\",\"isPartOf\":{\"@id\":\"https:\/\/www.iplay.com\/en\/#website\"},\"primaryImageOfPage\":{\"@id\":\"https:\/\/www.iplay.com\/fr\/games\/puzzle-vacations-ireland\/#primaryimage\"},\"image\":{\"@id\":\"https:\/\/www.iplay.com\/fr\/games\/puzzle-vacations-ireland\/#primaryimage\"},\"thumbnailUrl\":\"https:\/\/www.iplay.com\/wp-content\/uploads\/2023\/12\/large_square_tile_image-2190.jpg\",\"datePublished\":\"2022-12-09T00:00:01+00:00\",\"description\":\"Puzzle Vacations&nbsp;: Ireland propose 33 types de puzzles et 125 photographies pour vous aider \u00e0 d\u00e9couvrir la beaut\u00e9 de l\u2019Irlande.\",\"breadcrumb\":{\"@id\":\"https:\/\/www.iplay.com\/fr\/games\/puzzle-vacations-ireland\/#breadcrumb\"},\"inLanguage\":\"fr-FR\",\"potentialAction\":[{\"@type\":\"ReadAction\",\"target\":[\"https:\/\/www.iplay.com\/fr\/games\/puzzle-vacations-ireland\/\"]}]},{\"@type\":\"ImageObject\",\"inLanguage\":\"fr-FR\",\"@id\":\"https:\/\/www.iplay.com\/fr\/games\/puzzle-vacations-ireland\/#primaryimage\",\"url\":\"https:\/\/www.iplay.com\/wp-content\/uploads\/2023\/12\/large_square_tile_image-2190.jpg\",\"contentUrl\":\"https:\/\/www.iplay.com\/wp-content\/uploads\/2023\/12\/large_square_tile_image-2190.jpg\",\"width\":310,\"height\":310},{\"@type\":\"BreadcrumbList\",\"@id\":\"https:\/\/www.iplay.com\/fr\/games\/puzzle-vacations-ireland\/#breadcrumb\",\"itemListElement\":[{\"@type\":\"ListItem\",\"position\":1,\"name\":\"Home\",\"item\":\"https:\/\/www.iplay.com\/fr\/home-page-2\/\"},{\"@type\":\"ListItem\",\"position\":2,\"name\":\"Shop\",\"item\":\"https:\/\/www.iplay.com\/en\/shop\/\"},{\"@type\":\"ListItem\",\"position\":3,\"name\":\"Puzzle Vacations: Ireland\"}]},{\"@type\":\"WebSite\",\"@id\":\"https:\/\/www.iplay.com\/en\/#website\",\"url\":\"https:\/\/www.iplay.com\/en\/\",\"name\":\"IPlay\",\"description\":\"The Best Casual Games!\",\"publisher\":{\"@id\":\"https:\/\/www.iplay.com\/en\/#organization\"},\"potentialAction\":[{\"@type\":\"SearchAction\",\"target\":{\"@type\":\"EntryPoint\",\"urlTemplate\":\"https:\/\/www.iplay.com\/en\/?s={search_term_string}\"},\"query-input\":{\"@type\":\"PropertyValueSpecification\",\"valueRequired\":true,\"valueName\":\"search_term_string\"}}],\"inLanguage\":\"fr-FR\"},{\"@type\":\"Organization\",\"@id\":\"https:\/\/www.iplay.com\/en\/#organization\",\"name\":\"IPlay\",\"url\":\"https:\/\/www.iplay.com\/en\/\",\"logo\":{\"@type\":\"ImageObject\",\"inLanguage\":\"fr-FR\",\"@id\":\"https:\/\/www.iplay.com\/en\/#\/schema\/logo\/image\/\",\"url\":\"https:\/\/www.iplay.com\/wp-content\/uploads\/2023\/11\/Group-6100.svg\",\"contentUrl\":\"https:\/\/www.iplay.com\/wp-content\/uploads\/2023\/11\/Group-6100.svg\",\"width\":98,\"height\":25,\"caption\":\"IPlay\"},\"image\":{\"@id\":\"https:\/\/www.iplay.com\/en\/#\/schema\/logo\/image\/\"}}]}<\/script>\n<!-- \/ Yoast SEO Premium plugin. -->","yoast_head_json":{"title":"Puzzle Vacations\u00a0: Ireland - Explorez la beaut\u00e9 de l\u2019Irlande en 125 photos et 33 types de puzzles","description":"Puzzle Vacations&nbsp;: Ireland propose 33 types de puzzles et 125 photographies pour vous aider \u00e0 d\u00e9couvrir la beaut\u00e9 de l\u2019Irlande.","robots":{"index":"index","follow":"follow","max-snippet":"max-snippet:-1","max-image-preview":"max-image-preview:large","max-video-preview":"max-video-preview:-1"},"canonical":"https:\/\/www.iplay.com\/fr\/games\/puzzle-vacations-ireland\/","og_locale":"fr_FR","og_type":"article","og_title":"Puzzle Vacations: Ireland","og_description":"Puzzle Vacations&nbsp;: Ireland propose 33 types de puzzles et 125 photographies pour vous aider \u00e0 d\u00e9couvrir la beaut\u00e9 de l\u2019Irlande.","og_url":"https:\/\/www.iplay.com\/fr\/games\/puzzle-vacations-ireland\/","og_site_name":"IPlay","og_image":[{"width":310,"height":310,"url":"https:\/\/www.iplay.com\/wp-content\/uploads\/2023\/12\/large_square_tile_image-2190.jpg","type":"image\/jpeg"}],"twitter_card":"summary_large_image","twitter_misc":{"Dur\u00e9e de lecture estim\u00e9e":"1 minute"},"schema":{"@context":"https:\/\/schema.org","@graph":[{"@type":"WebPage","@id":"https:\/\/www.iplay.com\/fr\/games\/puzzle-vacations-ireland\/","url":"https:\/\/www.iplay.com\/fr\/games\/puzzle-vacations-ireland\/","name":"Puzzle Vacations\u00a0: Ireland - Explorez la beaut\u00e9 de l\u2019Irlande en 125 photos et 33 types de puzzles","isPartOf":{"@id":"https:\/\/www.iplay.com\/en\/#website"},"primaryImageOfPage":{"@id":"https:\/\/www.iplay.com\/fr\/games\/puzzle-vacations-ireland\/#primaryimage"},"image":{"@id":"https:\/\/www.iplay.com\/fr\/games\/puzzle-vacations-ireland\/#primaryimage"},"thumbnailUrl":"https:\/\/www.iplay.com\/wp-content\/uploads\/2023\/12\/large_square_tile_image-2190.jpg","datePublished":"2022-12-09T00:00:01+00:00","description":"Puzzle Vacations&nbsp;: Ireland propose 33 types de puzzles et 125 photographies pour vous aider \u00e0 d\u00e9couvrir la beaut\u00e9 de l\u2019Irlande.","breadcrumb":{"@id":"https:\/\/www.iplay.com\/fr\/games\/puzzle-vacations-ireland\/#breadcrumb"},"inLanguage":"fr-FR","potentialAction":[{"@type":"ReadAction","target":["https:\/\/www.iplay.com\/fr\/games\/puzzle-vacations-ireland\/"]}]},{"@type":"ImageObject","inLanguage":"fr-FR","@id":"https:\/\/www.iplay.com\/fr\/games\/puzzle-vacations-ireland\/#primaryimage","url":"https:\/\/www.iplay.com\/wp-content\/uploads\/2023\/12\/large_square_tile_image-2190.jpg","contentUrl":"https:\/\/www.iplay.com\/wp-content\/uploads\/2023\/12\/large_square_tile_image-2190.jpg","width":310,"height":310},{"@type":"BreadcrumbList","@id":"https:\/\/www.iplay.com\/fr\/games\/puzzle-vacations-ireland\/#breadcrumb","itemListElement":[{"@type":"ListItem","position":1,"name":"Home","item":"https:\/\/www.iplay.com\/fr\/home-page-2\/"},{"@type":"ListItem","position":2,"name":"Shop","item":"https:\/\/www.iplay.com\/en\/shop\/"},{"@type":"ListItem","position":3,"name":"Puzzle Vacations: Ireland"}]},{"@type":"WebSite","@id":"https:\/\/www.iplay.com\/en\/#website","url":"https:\/\/www.iplay.com\/en\/","name":"IPlay","description":"The Best Casual Games!","publisher":{"@id":"https:\/\/www.iplay.com\/en\/#organization"},"potentialAction":[{"@type":"SearchAction","target":{"@type":"EntryPoint","urlTemplate":"https:\/\/www.iplay.com\/en\/?s={search_term_string}"},"query-input":{"@type":"PropertyValueSpecification","valueRequired":true,"valueName":"search_term_string"}}],"inLanguage":"fr-FR"},{"@type":"Organization","@id":"https:\/\/www.iplay.com\/en\/#organization","name":"IPlay","url":"https:\/\/www.iplay.com\/en\/","logo":{"@type":"ImageObject","inLanguage":"fr-FR","@id":"https:\/\/www.iplay.com\/en\/#\/schema\/logo\/image\/","url":"https:\/\/www.iplay.com\/wp-content\/uploads\/2023\/11\/Group-6100.svg","contentUrl":"https:\/\/www.iplay.com\/wp-content\/uploads\/2023\/11\/Group-6100.svg","width":98,"height":25,"caption":"IPlay"},"image":{"@id":"https:\/\/www.iplay.com\/en\/#\/schema\/logo\/image\/"}}]}},"_links":{"self":[{"href":"https:\/\/www.iplay.com\/fr\/wp-json\/wp\/v2\/product\/132020","targetHints":{"allow":["GET"]}}],"collection":[{"href":"https:\/\/www.iplay.com\/fr\/wp-json\/wp\/v2\/product"}],"about":[{"href":"https:\/\/www.iplay.com\/fr\/wp-json\/wp\/v2\/types\/product"}],"author":[{"embeddable":true,"href":"https:\/\/www.iplay.com\/fr\/wp-json\/wp\/v2\/users\/18"}],"replies":[{"embeddable":true,"href":"https:\/\/www.iplay.com\/fr\/wp-json\/wp\/v2\/comments?post=132020"}],"wp:featuredmedia":[{"embeddable":true,"href":"https:\/\/www.iplay.com\/fr\/wp-json\/wp\/v2\/media\/75130"}],"wp:attachment":[{"href":"https:\/\/www.iplay.com\/fr\/wp-json\/wp\/v2\/media?parent=132020"}],"wp:term":[{"taxonomy":"product_brand","embeddable":true,"href":"https:\/\/www.iplay.com\/fr\/wp-json\/wp\/v2\/product_brand?post=132020"},{"taxonomy":"product_cat","embeddable":true,"href":"https:\/\/www.iplay.com\/fr\/wp-json\/wp\/v2\/product_cat?post=132020"},{"taxonomy":"product_tag","embeddable":true,"href":"https:\/\/www.iplay.com\/fr\/wp-json\/wp\/v2\/product_tag?post=132020"}],"curies":[{"name":"wp","href":"https:\/\/api.w.org\/{rel}","templated":true}]}}