{"id":132000,"date":"2022-12-15T00:00:00","date_gmt":"2022-12-15T00:00:00","guid":{"rendered":"https:\/\/www.iplay.com\/games\/travel-mosaics-6-christmas-around-the-world\/"},"modified":"2022-12-15T00:00:00","modified_gmt":"2022-12-15T00:00:00","slug":"travel-mosaics-6-christmas-around-the-world","status":"publish","type":"product","link":"https:\/\/www.iplay.com\/fr\/games\/travel-mosaics-6-christmas-around-the-world\/","title":{"rendered":"Travel Mosaics 6: Christmas Around the World"},"content":{"rendered":"<p>Connaissez-vous le nom finnois du P\u00e8re No\u00ebl ? Quelle est la pi\u00e8ce ma\u00eetresse de la table de No\u00ebl en R\u00e9publique tch\u00e8que ? O\u00f9 se trouve le plus grand sapin de No\u00ebl flottant du monde ? En Australie, quel animal porte le P\u00e8re No\u00ebl ? Toutes ces informations et bien plus encore peuvent \u00eatre trouv\u00e9es dans Travel Mosaics 6&nbsp;: Christmas Around the World&nbsp;! Accompagnez la famille Walker alors qu\u2019elle entame sa tourn\u00e9e mondiale de No\u00ebl. Jouez, d\u00e9couvrez une mine d\u2019informations int\u00e9ressantes, r\u00e9solvez des questions triviales difficiles, gagnez des pi\u00e8ces d\u2019or et ramenez des souvenirs \u00e0 la maison. Il y a 140 puzzles de nonogrammes dans le jeu, parfois appel\u00e9s Picross ou Griddlers. Mais contrairement aux nonogrammes traditionnels, les puzzles Travel Mosaics ont un code couleur. Les joueurs pers\u00e9v\u00e9rants et concentr\u00e9s pourront \u00e9galement acc\u00e9der \u00e0 20 niveaux de puzzle suppl\u00e9mentaires. Travel Mosaics 6&nbsp;: Christmas Around the World est un casse-t\u00eate fantastique pour tous ceux qui cherchent \u00e0 se mettre dans l\u2019ambiance des f\u00eates, \u00e0 d\u00e9couvrir de nouvelles coutumes de No\u00ebl du monde entier ou simplement \u00e0 s\u2019amuser !          <\/p>\n<p>&nbsp;<\/p>\n<p>&nbsp;<\/p>\n<p><strong>Fonctionnalit\u00e9s:<\/strong><\/p>\n<p>&nbsp;<\/p>\n<ul>\n<li>Des images festives, des animations et de la musique pour vous mettre dans l\u2019ambiance de No\u00ebl<\/li>\n<li>Une visite virtuelle \u00e9poustouflante autour du monde, montrant comment les gens c\u00e9l\u00e8brent No\u00ebl dans diff\u00e9rentes villes et pays<\/li>\n<li>Trois modes de difficult\u00e9, allant d\u2019un jeu d\u00e9tendu d\u2019une seule couleur \u00e0 de v\u00e9ritables d\u00e9fis avec changement de couleur (jusqu\u2019\u00e0 6 couleurs)<\/li>\n<li>140 nonogrammes \u00e0 code couleur, 20 nonogrammes bonus + 20 puzzles suppl\u00e9mentaires<\/li>\n<li>Questions de quiz amusantes et stimulantes sur les coutumes de la c\u00e9l\u00e9bration de No\u00ebl dans diff\u00e9rents pays<\/li>\n<li>Des images festives \u00e9nigmatiques semi-abstraites \u00e0 r\u00e9v\u00e9ler \u00e0 chaque niveau<\/li>\n<li>Une tonne de plaisir et beaucoup d\u2019informations ludo-\u00e9ducatives<\/li>\n<\/ul>\n","protected":false},"excerpt":{"rendered":"<p>Dans Travel Mosaics 6&nbsp;: Christmas Around the World, rejoignez les promeneurs dans un voyage de No\u00ebl mondial.<\/p>\n","protected":false},"author":14,"featured_media":95012,"comment_status":"open","ping_status":"closed","template":"","meta":{"_acf_changed":false,"inline_featured_image":false},"product_brand":[],"product_cat":[193],"product_tag":[],"class_list":{"0":"post-132000","1":"product","2":"type-product","3":"status-publish","4":"has-post-thumbnail","6":"product_cat-puzzle-fr","8":"first","9":"instock","10":"shipping-taxable","11":"purchasable","12":"product-type-simple"},"acf":[],"yoast_head":"<!-- This site is optimized with the Yoast SEO Premium plugin v25.2 (Yoast SEO v25.2) - https:\/\/yoast.com\/wordpress\/plugins\/seo\/ -->\n<title>Travel Mosaics 6\u00a0: No\u00ebl autour du monde - Rejoignez les promeneurs pour une tourn\u00e9e de No\u00ebl dans le monde entier<\/title>\n<meta name=\"description\" content=\"Dans Travel Mosaics 6&nbsp;: Christmas Around the World, rejoignez les promeneurs dans un voyage de No\u00ebl mondial.\" \/>\n<meta name=\"robots\" content=\"index, follow, max-snippet:-1, max-image-preview:large, max-video-preview:-1\" \/>\n<link rel=\"canonical\" href=\"https:\/\/www.iplay.com\/fr\/games\/travel-mosaics-6-christmas-around-the-world\/\" \/>\n<meta property=\"og:locale\" content=\"fr_FR\" \/>\n<meta property=\"og:type\" content=\"article\" \/>\n<meta property=\"og:title\" content=\"Travel Mosaics 6: Christmas Around the World\" \/>\n<meta property=\"og:description\" content=\"Dans Travel Mosaics 6&nbsp;: Christmas Around the World, rejoignez les promeneurs dans un voyage de No\u00ebl mondial.\" \/>\n<meta property=\"og:url\" content=\"https:\/\/www.iplay.com\/fr\/games\/travel-mosaics-6-christmas-around-the-world\/\" \/>\n<meta property=\"og:site_name\" content=\"IPlay\" \/>\n<meta property=\"og:image\" content=\"https:\/\/www.iplay.com\/wp-content\/uploads\/2023\/12\/large_square_tile_image-3456.jpg\" \/>\n\t<meta property=\"og:image:width\" content=\"310\" \/>\n\t<meta property=\"og:image:height\" content=\"310\" \/>\n\t<meta property=\"og:image:type\" content=\"image\/jpeg\" \/>\n<meta name=\"twitter:card\" content=\"summary_large_image\" \/>\n<meta name=\"twitter:label1\" content=\"Dur\u00e9e de lecture estim\u00e9e\" \/>\n\t<meta name=\"twitter:data1\" content=\"2 minutes\" \/>\n<script type=\"application\/ld+json\" class=\"yoast-schema-graph\">{\"@context\":\"https:\/\/schema.org\",\"@graph\":[{\"@type\":\"WebPage\",\"@id\":\"https:\/\/www.iplay.com\/fr\/games\/travel-mosaics-6-christmas-around-the-world\/\",\"url\":\"https:\/\/www.iplay.com\/fr\/games\/travel-mosaics-6-christmas-around-the-world\/\",\"name\":\"Travel Mosaics 6\u00a0: No\u00ebl autour du monde - Rejoignez les promeneurs pour une tourn\u00e9e de No\u00ebl dans le monde entier\",\"isPartOf\":{\"@id\":\"https:\/\/www.iplay.com\/en\/#website\"},\"primaryImageOfPage\":{\"@id\":\"https:\/\/www.iplay.com\/fr\/games\/travel-mosaics-6-christmas-around-the-world\/#primaryimage\"},\"image\":{\"@id\":\"https:\/\/www.iplay.com\/fr\/games\/travel-mosaics-6-christmas-around-the-world\/#primaryimage\"},\"thumbnailUrl\":\"https:\/\/www.iplay.com\/wp-content\/uploads\/2023\/12\/large_square_tile_image-3456.jpg\",\"datePublished\":\"2022-12-15T00:00:00+00:00\",\"description\":\"Dans Travel Mosaics 6&nbsp;: Christmas Around the World, rejoignez les promeneurs dans un voyage de No\u00ebl mondial.\",\"breadcrumb\":{\"@id\":\"https:\/\/www.iplay.com\/fr\/games\/travel-mosaics-6-christmas-around-the-world\/#breadcrumb\"},\"inLanguage\":\"fr-FR\",\"potentialAction\":[{\"@type\":\"ReadAction\",\"target\":[\"https:\/\/www.iplay.com\/fr\/games\/travel-mosaics-6-christmas-around-the-world\/\"]}]},{\"@type\":\"ImageObject\",\"inLanguage\":\"fr-FR\",\"@id\":\"https:\/\/www.iplay.com\/fr\/games\/travel-mosaics-6-christmas-around-the-world\/#primaryimage\",\"url\":\"https:\/\/www.iplay.com\/wp-content\/uploads\/2023\/12\/large_square_tile_image-3456.jpg\",\"contentUrl\":\"https:\/\/www.iplay.com\/wp-content\/uploads\/2023\/12\/large_square_tile_image-3456.jpg\",\"width\":310,\"height\":310},{\"@type\":\"BreadcrumbList\",\"@id\":\"https:\/\/www.iplay.com\/fr\/games\/travel-mosaics-6-christmas-around-the-world\/#breadcrumb\",\"itemListElement\":[{\"@type\":\"ListItem\",\"position\":1,\"name\":\"Home\",\"item\":\"https:\/\/www.iplay.com\/fr\/home-page-2\/\"},{\"@type\":\"ListItem\",\"position\":2,\"name\":\"Shop\",\"item\":\"https:\/\/www.iplay.com\/en\/shop\/\"},{\"@type\":\"ListItem\",\"position\":3,\"name\":\"Travel Mosaics 6: Christmas Around the World\"}]},{\"@type\":\"WebSite\",\"@id\":\"https:\/\/www.iplay.com\/en\/#website\",\"url\":\"https:\/\/www.iplay.com\/en\/\",\"name\":\"IPlay\",\"description\":\"The Best Casual Games!\",\"publisher\":{\"@id\":\"https:\/\/www.iplay.com\/en\/#organization\"},\"potentialAction\":[{\"@type\":\"SearchAction\",\"target\":{\"@type\":\"EntryPoint\",\"urlTemplate\":\"https:\/\/www.iplay.com\/en\/?s={search_term_string}\"},\"query-input\":{\"@type\":\"PropertyValueSpecification\",\"valueRequired\":true,\"valueName\":\"search_term_string\"}}],\"inLanguage\":\"fr-FR\"},{\"@type\":\"Organization\",\"@id\":\"https:\/\/www.iplay.com\/en\/#organization\",\"name\":\"IPlay\",\"url\":\"https:\/\/www.iplay.com\/en\/\",\"logo\":{\"@type\":\"ImageObject\",\"inLanguage\":\"fr-FR\",\"@id\":\"https:\/\/www.iplay.com\/en\/#\/schema\/logo\/image\/\",\"url\":\"https:\/\/www.iplay.com\/wp-content\/uploads\/2023\/11\/Group-6100.svg\",\"contentUrl\":\"https:\/\/www.iplay.com\/wp-content\/uploads\/2023\/11\/Group-6100.svg\",\"width\":98,\"height\":25,\"caption\":\"IPlay\"},\"image\":{\"@id\":\"https:\/\/www.iplay.com\/en\/#\/schema\/logo\/image\/\"}}]}<\/script>\n<!-- \/ Yoast SEO Premium plugin. -->","yoast_head_json":{"title":"Travel Mosaics 6\u00a0: No\u00ebl autour du monde - Rejoignez les promeneurs pour une tourn\u00e9e de No\u00ebl dans le monde entier","description":"Dans Travel Mosaics 6&nbsp;: Christmas Around the World, rejoignez les promeneurs dans un voyage de No\u00ebl mondial.","robots":{"index":"index","follow":"follow","max-snippet":"max-snippet:-1","max-image-preview":"max-image-preview:large","max-video-preview":"max-video-preview:-1"},"canonical":"https:\/\/www.iplay.com\/fr\/games\/travel-mosaics-6-christmas-around-the-world\/","og_locale":"fr_FR","og_type":"article","og_title":"Travel Mosaics 6: Christmas Around the World","og_description":"Dans Travel Mosaics 6&nbsp;: Christmas Around the World, rejoignez les promeneurs dans un voyage de No\u00ebl mondial.","og_url":"https:\/\/www.iplay.com\/fr\/games\/travel-mosaics-6-christmas-around-the-world\/","og_site_name":"IPlay","og_image":[{"width":310,"height":310,"url":"https:\/\/www.iplay.com\/wp-content\/uploads\/2023\/12\/large_square_tile_image-3456.jpg","type":"image\/jpeg"}],"twitter_card":"summary_large_image","twitter_misc":{"Dur\u00e9e de lecture estim\u00e9e":"2 minutes"},"schema":{"@context":"https:\/\/schema.org","@graph":[{"@type":"WebPage","@id":"https:\/\/www.iplay.com\/fr\/games\/travel-mosaics-6-christmas-around-the-world\/","url":"https:\/\/www.iplay.com\/fr\/games\/travel-mosaics-6-christmas-around-the-world\/","name":"Travel Mosaics 6\u00a0: No\u00ebl autour du monde - Rejoignez les promeneurs pour une tourn\u00e9e de No\u00ebl dans le monde entier","isPartOf":{"@id":"https:\/\/www.iplay.com\/en\/#website"},"primaryImageOfPage":{"@id":"https:\/\/www.iplay.com\/fr\/games\/travel-mosaics-6-christmas-around-the-world\/#primaryimage"},"image":{"@id":"https:\/\/www.iplay.com\/fr\/games\/travel-mosaics-6-christmas-around-the-world\/#primaryimage"},"thumbnailUrl":"https:\/\/www.iplay.com\/wp-content\/uploads\/2023\/12\/large_square_tile_image-3456.jpg","datePublished":"2022-12-15T00:00:00+00:00","description":"Dans Travel Mosaics 6&nbsp;: Christmas Around the World, rejoignez les promeneurs dans un voyage de No\u00ebl mondial.","breadcrumb":{"@id":"https:\/\/www.iplay.com\/fr\/games\/travel-mosaics-6-christmas-around-the-world\/#breadcrumb"},"inLanguage":"fr-FR","potentialAction":[{"@type":"ReadAction","target":["https:\/\/www.iplay.com\/fr\/games\/travel-mosaics-6-christmas-around-the-world\/"]}]},{"@type":"ImageObject","inLanguage":"fr-FR","@id":"https:\/\/www.iplay.com\/fr\/games\/travel-mosaics-6-christmas-around-the-world\/#primaryimage","url":"https:\/\/www.iplay.com\/wp-content\/uploads\/2023\/12\/large_square_tile_image-3456.jpg","contentUrl":"https:\/\/www.iplay.com\/wp-content\/uploads\/2023\/12\/large_square_tile_image-3456.jpg","width":310,"height":310},{"@type":"BreadcrumbList","@id":"https:\/\/www.iplay.com\/fr\/games\/travel-mosaics-6-christmas-around-the-world\/#breadcrumb","itemListElement":[{"@type":"ListItem","position":1,"name":"Home","item":"https:\/\/www.iplay.com\/fr\/home-page-2\/"},{"@type":"ListItem","position":2,"name":"Shop","item":"https:\/\/www.iplay.com\/en\/shop\/"},{"@type":"ListItem","position":3,"name":"Travel Mosaics 6: Christmas Around the World"}]},{"@type":"WebSite","@id":"https:\/\/www.iplay.com\/en\/#website","url":"https:\/\/www.iplay.com\/en\/","name":"IPlay","description":"The Best Casual Games!","publisher":{"@id":"https:\/\/www.iplay.com\/en\/#organization"},"potentialAction":[{"@type":"SearchAction","target":{"@type":"EntryPoint","urlTemplate":"https:\/\/www.iplay.com\/en\/?s={search_term_string}"},"query-input":{"@type":"PropertyValueSpecification","valueRequired":true,"valueName":"search_term_string"}}],"inLanguage":"fr-FR"},{"@type":"Organization","@id":"https:\/\/www.iplay.com\/en\/#organization","name":"IPlay","url":"https:\/\/www.iplay.com\/en\/","logo":{"@type":"ImageObject","inLanguage":"fr-FR","@id":"https:\/\/www.iplay.com\/en\/#\/schema\/logo\/image\/","url":"https:\/\/www.iplay.com\/wp-content\/uploads\/2023\/11\/Group-6100.svg","contentUrl":"https:\/\/www.iplay.com\/wp-content\/uploads\/2023\/11\/Group-6100.svg","width":98,"height":25,"caption":"IPlay"},"image":{"@id":"https:\/\/www.iplay.com\/en\/#\/schema\/logo\/image\/"}}]}},"_links":{"self":[{"href":"https:\/\/www.iplay.com\/fr\/wp-json\/wp\/v2\/product\/132000","targetHints":{"allow":["GET"]}}],"collection":[{"href":"https:\/\/www.iplay.com\/fr\/wp-json\/wp\/v2\/product"}],"about":[{"href":"https:\/\/www.iplay.com\/fr\/wp-json\/wp\/v2\/types\/product"}],"author":[{"embeddable":true,"href":"https:\/\/www.iplay.com\/fr\/wp-json\/wp\/v2\/users\/14"}],"replies":[{"embeddable":true,"href":"https:\/\/www.iplay.com\/fr\/wp-json\/wp\/v2\/comments?post=132000"}],"wp:featuredmedia":[{"embeddable":true,"href":"https:\/\/www.iplay.com\/fr\/wp-json\/wp\/v2\/media\/95012"}],"wp:attachment":[{"href":"https:\/\/www.iplay.com\/fr\/wp-json\/wp\/v2\/media?parent=132000"}],"wp:term":[{"taxonomy":"product_brand","embeddable":true,"href":"https:\/\/www.iplay.com\/fr\/wp-json\/wp\/v2\/product_brand?post=132000"},{"taxonomy":"product_cat","embeddable":true,"href":"https:\/\/www.iplay.com\/fr\/wp-json\/wp\/v2\/product_cat?post=132000"},{"taxonomy":"product_tag","embeddable":true,"href":"https:\/\/www.iplay.com\/fr\/wp-json\/wp\/v2\/product_tag?post=132000"}],"curies":[{"name":"wp","href":"https:\/\/api.w.org\/{rel}","templated":true}]}}