{"id":131992,"date":"2022-12-16T00:00:01","date_gmt":"2022-12-16T00:00:01","guid":{"rendered":"https:\/\/www.iplay.com\/games\/new-yankee-12-karma-tales-collectors-edition\/"},"modified":"2022-12-16T00:00:01","modified_gmt":"2022-12-16T00:00:01","slug":"new-yankee-12-karma-tales-collectors-edition","status":"publish","type":"product","link":"https:\/\/www.iplay.com\/fr\/games\/new-yankee-12-karma-tales-collectors-edition\/","title":{"rendered":"New Yankee 12: Karma Tales Collector&#8217;s Edition"},"content":{"rendered":"<p>John et Mary, l\u2019\u00e9quipe courageuse et redoutable, se sont vu confier une autre t\u00e2che extr\u00eamement importante par le roi Arthur. C\u2019est \u00e0 John, Mary et \u00e0 leurs amis de d\u00e9terminer pourquoi un flux normalement constant de soie, d\u2019\u00e9pices, de curiosit\u00e9s et de ressources a cess\u00e9 ! Le raja qui \u00e9tait normalement charg\u00e9 d\u2019envoyer ces marchandises, que lui est-il arriv\u00e9 ? Est-il en danger, ou y a-t-il une autre raison \u00e0 sa disparition ? Il est de votre responsabilit\u00e9 d\u2019aider Jean et Marie \u00e0 retrouver le raja disparu. Au cours du voyage, vous rencontrerez de nouvelles personnes dont certaines pourraient m\u00eame vous \u00eatre utiles ! Vous devrez pers\u00e9v\u00e9rer \u00e0 travers les nombreuses \u00e9preuves que nos h\u00e9ros rencontreront en recherchant le Raja perdu. Naviguez \u00e0 travers des paysages magnifiques en pointant et en cliquant pendant que vous faites la course contre la montre. Pour garantir des d\u00e9placements en toute s\u00e9curit\u00e9, entretenez et am\u00e9liorez les b\u00e2timents, collectez des ressources, exploitez des richesses et bien plus encore ! En cours de route, vous devrez peut-\u00eatre m\u00eame cr\u00e9er quelques images, r\u00e9soudre des \u00e9nigmes, trouver un mantra occasionnel et m\u00eame danser un peu ! Cela pourrait \u00eatre le dernier moment pour le raja disparu. Qui sait dans quel p\u00e9ril il peut d\u00e9j\u00e0 \u00eatre ? Le texte est en gras.            <\/p>\n<p>&nbsp;<\/p>\n<p>&nbsp;<\/p>\n<p><strong>Fonctionnalit\u00e9s:<\/strong><\/p>\n<p>&nbsp;<\/p>\n<p>&#8211; 45 niveaux<br \/>\n chronom\u00e9tr\u00e9s uniques et stimulants- 8 niveaux suppl\u00e9mentaires incorporant des tours de signalisation<br \/>\n&#8211; 11 niveaux de mini-jeux avec trois types de mini-jeux captivants<\/p>\n<p>&#8211; Trois d\u00e9fis distincts pour tester vos capacit\u00e9s<br \/>\n&#8211; Une pl\u00e9thore d\u2019am\u00e9liorations et de r\u00e9alisations attendent d\u2019\u00eatre obtenues.- Environnement exquis\u00e9ment cr\u00e9\u00e9 et vari\u00e9 Le texte est en gras.<\/p>\n<p>&nbsp;<\/p>\n<p><strong>Caract\u00e9ristiques de l\u2019\u00e9dition collector<\/strong> :<\/p>\n<p>&nbsp;<\/p>\n<p>&#8211; Un chapitre suppl\u00e9mentaire avec quinze \u00e9tapes suppl\u00e9mentaires<\/p>\n<p>&#8211; Deux autres niveaux avec des tours de signalisation<\/p>\n<p>&#8211; Trois nouvelles \u00e9tapes pour le mini-jeu<\/p>\n<p>&#8211; Manuel de strat\u00e9gie complet<\/p>\n<p>&#8211; Des t\u00e9l\u00e9chargements des bandes originales sont offerts.<\/p>\n<p>&#8211; Images d\u2019arri\u00e8re-plan &#8211; Un probl\u00e8me \u00e0 r\u00e9soudre &#8211; R\u00e9sum\u00e9s des personnages<\/p>\n","protected":false},"excerpt":{"rendered":"<p>Il y a un long et difficile voyage \u00e0 faire pour retrouver le raja perdu ! Dans Karma Tales CE, New Yankee 12 <\/p>\n","protected":false},"author":8,"featured_media":75066,"comment_status":"open","ping_status":"closed","template":"","meta":{"_acf_changed":false,"inline_featured_image":false},"product_brand":[],"product_cat":[216],"product_tag":[275,287],"class_list":{"0":"post-131992","1":"product","2":"type-product","3":"status-publish","4":"has-post-thumbnail","6":"product_cat-time-management-fr","7":"product_tag-new-yankee-series-fr","8":"product_tag-play-on-pc-fr","10":"first","11":"instock","12":"shipping-taxable","13":"purchasable","14":"product-type-simple"},"acf":[],"yoast_head":"<!-- This site is optimized with the Yoast SEO Premium plugin v25.2 (Yoast SEO v25.2) - https:\/\/yoast.com\/wordpress\/plugins\/seo\/ -->\n<title>New Yankee 12\u00a0: Karma Tales \u00c9dition Collector - Le voyage pour retrouver le raja disparu sera long et difficile<\/title>\n<meta name=\"description\" content=\"Il y a un long et difficile voyage \u00e0 faire pour retrouver le raja perdu ! Dans Karma Tales CE, New Yankee 12\" \/>\n<meta name=\"robots\" content=\"index, follow, max-snippet:-1, max-image-preview:large, max-video-preview:-1\" \/>\n<link rel=\"canonical\" href=\"https:\/\/www.iplay.com\/fr\/games\/new-yankee-12-karma-tales-collectors-edition\/\" \/>\n<meta property=\"og:locale\" content=\"fr_FR\" \/>\n<meta property=\"og:type\" content=\"article\" \/>\n<meta property=\"og:title\" content=\"New Yankee 12: Karma Tales Collector&#039;s Edition\" \/>\n<meta property=\"og:description\" content=\"Il y a un long et difficile voyage \u00e0 faire pour retrouver le raja perdu ! Dans Karma Tales CE, New Yankee 12\" \/>\n<meta property=\"og:url\" content=\"https:\/\/www.iplay.com\/fr\/games\/new-yankee-12-karma-tales-collectors-edition\/\" \/>\n<meta property=\"og:site_name\" content=\"IPlay\" \/>\n<meta property=\"og:image\" content=\"https:\/\/www.iplay.com\/wp-content\/uploads\/2023\/12\/large_square_tile_image-2186.jpg\" \/>\n\t<meta property=\"og:image:width\" content=\"310\" \/>\n\t<meta property=\"og:image:height\" content=\"310\" \/>\n\t<meta property=\"og:image:type\" content=\"image\/jpeg\" \/>\n<meta name=\"twitter:card\" content=\"summary_large_image\" \/>\n<meta name=\"twitter:label1\" content=\"Dur\u00e9e de lecture estim\u00e9e\" \/>\n\t<meta name=\"twitter:data1\" content=\"2 minutes\" \/>\n<script type=\"application\/ld+json\" class=\"yoast-schema-graph\">{\"@context\":\"https:\/\/schema.org\",\"@graph\":[{\"@type\":\"WebPage\",\"@id\":\"https:\/\/www.iplay.com\/fr\/games\/new-yankee-12-karma-tales-collectors-edition\/\",\"url\":\"https:\/\/www.iplay.com\/fr\/games\/new-yankee-12-karma-tales-collectors-edition\/\",\"name\":\"New Yankee 12\u00a0: Karma Tales \u00c9dition Collector - Le voyage pour retrouver le raja disparu sera long et difficile\",\"isPartOf\":{\"@id\":\"https:\/\/www.iplay.com\/en\/#website\"},\"primaryImageOfPage\":{\"@id\":\"https:\/\/www.iplay.com\/fr\/games\/new-yankee-12-karma-tales-collectors-edition\/#primaryimage\"},\"image\":{\"@id\":\"https:\/\/www.iplay.com\/fr\/games\/new-yankee-12-karma-tales-collectors-edition\/#primaryimage\"},\"thumbnailUrl\":\"https:\/\/www.iplay.com\/wp-content\/uploads\/2023\/12\/large_square_tile_image-2186.jpg\",\"datePublished\":\"2022-12-16T00:00:01+00:00\",\"description\":\"Il y a un long et difficile voyage \u00e0 faire pour retrouver le raja perdu ! Dans Karma Tales CE, New Yankee 12\",\"breadcrumb\":{\"@id\":\"https:\/\/www.iplay.com\/fr\/games\/new-yankee-12-karma-tales-collectors-edition\/#breadcrumb\"},\"inLanguage\":\"fr-FR\",\"potentialAction\":[{\"@type\":\"ReadAction\",\"target\":[\"https:\/\/www.iplay.com\/fr\/games\/new-yankee-12-karma-tales-collectors-edition\/\"]}]},{\"@type\":\"ImageObject\",\"inLanguage\":\"fr-FR\",\"@id\":\"https:\/\/www.iplay.com\/fr\/games\/new-yankee-12-karma-tales-collectors-edition\/#primaryimage\",\"url\":\"https:\/\/www.iplay.com\/wp-content\/uploads\/2023\/12\/large_square_tile_image-2186.jpg\",\"contentUrl\":\"https:\/\/www.iplay.com\/wp-content\/uploads\/2023\/12\/large_square_tile_image-2186.jpg\",\"width\":310,\"height\":310},{\"@type\":\"BreadcrumbList\",\"@id\":\"https:\/\/www.iplay.com\/fr\/games\/new-yankee-12-karma-tales-collectors-edition\/#breadcrumb\",\"itemListElement\":[{\"@type\":\"ListItem\",\"position\":1,\"name\":\"Home\",\"item\":\"https:\/\/www.iplay.com\/fr\/home-page-2\/\"},{\"@type\":\"ListItem\",\"position\":2,\"name\":\"Shop\",\"item\":\"https:\/\/www.iplay.com\/en\/shop\/\"},{\"@type\":\"ListItem\",\"position\":3,\"name\":\"New Yankee 12: Karma Tales Collector&#8217;s Edition\"}]},{\"@type\":\"WebSite\",\"@id\":\"https:\/\/www.iplay.com\/en\/#website\",\"url\":\"https:\/\/www.iplay.com\/en\/\",\"name\":\"IPlay\",\"description\":\"The Best Casual Games!\",\"publisher\":{\"@id\":\"https:\/\/www.iplay.com\/en\/#organization\"},\"potentialAction\":[{\"@type\":\"SearchAction\",\"target\":{\"@type\":\"EntryPoint\",\"urlTemplate\":\"https:\/\/www.iplay.com\/en\/?s={search_term_string}\"},\"query-input\":{\"@type\":\"PropertyValueSpecification\",\"valueRequired\":true,\"valueName\":\"search_term_string\"}}],\"inLanguage\":\"fr-FR\"},{\"@type\":\"Organization\",\"@id\":\"https:\/\/www.iplay.com\/en\/#organization\",\"name\":\"IPlay\",\"url\":\"https:\/\/www.iplay.com\/en\/\",\"logo\":{\"@type\":\"ImageObject\",\"inLanguage\":\"fr-FR\",\"@id\":\"https:\/\/www.iplay.com\/en\/#\/schema\/logo\/image\/\",\"url\":\"https:\/\/www.iplay.com\/wp-content\/uploads\/2023\/11\/Group-6100.svg\",\"contentUrl\":\"https:\/\/www.iplay.com\/wp-content\/uploads\/2023\/11\/Group-6100.svg\",\"width\":98,\"height\":25,\"caption\":\"IPlay\"},\"image\":{\"@id\":\"https:\/\/www.iplay.com\/en\/#\/schema\/logo\/image\/\"}}]}<\/script>\n<!-- \/ Yoast SEO Premium plugin. -->","yoast_head_json":{"title":"New Yankee 12\u00a0: Karma Tales \u00c9dition Collector - Le voyage pour retrouver le raja disparu sera long et difficile","description":"Il y a un long et difficile voyage \u00e0 faire pour retrouver le raja perdu ! Dans Karma Tales CE, New Yankee 12","robots":{"index":"index","follow":"follow","max-snippet":"max-snippet:-1","max-image-preview":"max-image-preview:large","max-video-preview":"max-video-preview:-1"},"canonical":"https:\/\/www.iplay.com\/fr\/games\/new-yankee-12-karma-tales-collectors-edition\/","og_locale":"fr_FR","og_type":"article","og_title":"New Yankee 12: Karma Tales Collector's Edition","og_description":"Il y a un long et difficile voyage \u00e0 faire pour retrouver le raja perdu ! Dans Karma Tales CE, New Yankee 12","og_url":"https:\/\/www.iplay.com\/fr\/games\/new-yankee-12-karma-tales-collectors-edition\/","og_site_name":"IPlay","og_image":[{"width":310,"height":310,"url":"https:\/\/www.iplay.com\/wp-content\/uploads\/2023\/12\/large_square_tile_image-2186.jpg","type":"image\/jpeg"}],"twitter_card":"summary_large_image","twitter_misc":{"Dur\u00e9e de lecture estim\u00e9e":"2 minutes"},"schema":{"@context":"https:\/\/schema.org","@graph":[{"@type":"WebPage","@id":"https:\/\/www.iplay.com\/fr\/games\/new-yankee-12-karma-tales-collectors-edition\/","url":"https:\/\/www.iplay.com\/fr\/games\/new-yankee-12-karma-tales-collectors-edition\/","name":"New Yankee 12\u00a0: Karma Tales \u00c9dition Collector - Le voyage pour retrouver le raja disparu sera long et difficile","isPartOf":{"@id":"https:\/\/www.iplay.com\/en\/#website"},"primaryImageOfPage":{"@id":"https:\/\/www.iplay.com\/fr\/games\/new-yankee-12-karma-tales-collectors-edition\/#primaryimage"},"image":{"@id":"https:\/\/www.iplay.com\/fr\/games\/new-yankee-12-karma-tales-collectors-edition\/#primaryimage"},"thumbnailUrl":"https:\/\/www.iplay.com\/wp-content\/uploads\/2023\/12\/large_square_tile_image-2186.jpg","datePublished":"2022-12-16T00:00:01+00:00","description":"Il y a un long et difficile voyage \u00e0 faire pour retrouver le raja perdu ! Dans Karma Tales CE, New Yankee 12","breadcrumb":{"@id":"https:\/\/www.iplay.com\/fr\/games\/new-yankee-12-karma-tales-collectors-edition\/#breadcrumb"},"inLanguage":"fr-FR","potentialAction":[{"@type":"ReadAction","target":["https:\/\/www.iplay.com\/fr\/games\/new-yankee-12-karma-tales-collectors-edition\/"]}]},{"@type":"ImageObject","inLanguage":"fr-FR","@id":"https:\/\/www.iplay.com\/fr\/games\/new-yankee-12-karma-tales-collectors-edition\/#primaryimage","url":"https:\/\/www.iplay.com\/wp-content\/uploads\/2023\/12\/large_square_tile_image-2186.jpg","contentUrl":"https:\/\/www.iplay.com\/wp-content\/uploads\/2023\/12\/large_square_tile_image-2186.jpg","width":310,"height":310},{"@type":"BreadcrumbList","@id":"https:\/\/www.iplay.com\/fr\/games\/new-yankee-12-karma-tales-collectors-edition\/#breadcrumb","itemListElement":[{"@type":"ListItem","position":1,"name":"Home","item":"https:\/\/www.iplay.com\/fr\/home-page-2\/"},{"@type":"ListItem","position":2,"name":"Shop","item":"https:\/\/www.iplay.com\/en\/shop\/"},{"@type":"ListItem","position":3,"name":"New Yankee 12: Karma Tales Collector&#8217;s Edition"}]},{"@type":"WebSite","@id":"https:\/\/www.iplay.com\/en\/#website","url":"https:\/\/www.iplay.com\/en\/","name":"IPlay","description":"The Best Casual Games!","publisher":{"@id":"https:\/\/www.iplay.com\/en\/#organization"},"potentialAction":[{"@type":"SearchAction","target":{"@type":"EntryPoint","urlTemplate":"https:\/\/www.iplay.com\/en\/?s={search_term_string}"},"query-input":{"@type":"PropertyValueSpecification","valueRequired":true,"valueName":"search_term_string"}}],"inLanguage":"fr-FR"},{"@type":"Organization","@id":"https:\/\/www.iplay.com\/en\/#organization","name":"IPlay","url":"https:\/\/www.iplay.com\/en\/","logo":{"@type":"ImageObject","inLanguage":"fr-FR","@id":"https:\/\/www.iplay.com\/en\/#\/schema\/logo\/image\/","url":"https:\/\/www.iplay.com\/wp-content\/uploads\/2023\/11\/Group-6100.svg","contentUrl":"https:\/\/www.iplay.com\/wp-content\/uploads\/2023\/11\/Group-6100.svg","width":98,"height":25,"caption":"IPlay"},"image":{"@id":"https:\/\/www.iplay.com\/en\/#\/schema\/logo\/image\/"}}]}},"_links":{"self":[{"href":"https:\/\/www.iplay.com\/fr\/wp-json\/wp\/v2\/product\/131992","targetHints":{"allow":["GET"]}}],"collection":[{"href":"https:\/\/www.iplay.com\/fr\/wp-json\/wp\/v2\/product"}],"about":[{"href":"https:\/\/www.iplay.com\/fr\/wp-json\/wp\/v2\/types\/product"}],"author":[{"embeddable":true,"href":"https:\/\/www.iplay.com\/fr\/wp-json\/wp\/v2\/users\/8"}],"replies":[{"embeddable":true,"href":"https:\/\/www.iplay.com\/fr\/wp-json\/wp\/v2\/comments?post=131992"}],"wp:featuredmedia":[{"embeddable":true,"href":"https:\/\/www.iplay.com\/fr\/wp-json\/wp\/v2\/media\/75066"}],"wp:attachment":[{"href":"https:\/\/www.iplay.com\/fr\/wp-json\/wp\/v2\/media?parent=131992"}],"wp:term":[{"taxonomy":"product_brand","embeddable":true,"href":"https:\/\/www.iplay.com\/fr\/wp-json\/wp\/v2\/product_brand?post=131992"},{"taxonomy":"product_cat","embeddable":true,"href":"https:\/\/www.iplay.com\/fr\/wp-json\/wp\/v2\/product_cat?post=131992"},{"taxonomy":"product_tag","embeddable":true,"href":"https:\/\/www.iplay.com\/fr\/wp-json\/wp\/v2\/product_tag?post=131992"}],"curies":[{"name":"wp","href":"https:\/\/api.w.org\/{rel}","templated":true}]}}