{"id":131990,"date":"2022-12-16T00:00:02","date_gmt":"2022-12-16T00:00:02","guid":{"rendered":"https:\/\/www.iplay.com\/games\/the-christmas-spirit-golden-ticket-collectors-edition\/"},"modified":"2022-12-16T00:00:02","modified_gmt":"2022-12-16T00:00:02","slug":"the-christmas-spirit-golden-ticket-collectors-edition","status":"publish","type":"product","link":"https:\/\/www.iplay.com\/fr\/games\/the-christmas-spirit-golden-ticket-collectors-edition\/","title":{"rendered":"The Christmas Spirit: Golden Ticket Collector&#8217;s Edition"},"content":{"rendered":"<p>Nous vous invitons cordialement \u00e0 embarquer pour un voyage inoubliable dans L\u2019Esprit de No\u00ebl : Golden Ticket ! Vous voulez seulement prouver \u00e0 vos parents qu\u2019il y a des miracles des f\u00eates parce que No\u00ebl est presque l\u00e0. Vous \u00eates donc ravi de recevoir un billet d\u2019or sur le Polar Express pour le domicile du P\u00e8re No\u00ebl ! Mais votre bonheur est bient\u00f4t \u00e9clips\u00e9 lorsque les enfants de la mauvaise liste r\u00e9quisitionnent le Polar Express ! Ils en ont assez de ne recevoir que du charbon, alors cette ann\u00e9e, ils volent des cadeaux \u00e0 tout le monde ! Pouvez-vous les emp\u00eacher de d\u00e9truire l\u2019esprit de No\u00ebl et de prendre les cadeaux du monde ? Dans cette captivante aventure de puzzle d\u2019objets cach\u00e9s, trouvez la solution !      <\/p>\n<p>&nbsp;<\/p>\n<p>&nbsp;<\/p>\n<p><strong>Fonctionnalit\u00e9s:<\/strong><\/p>\n<p>&nbsp;<\/p>\n<p>&#8211; Le P\u00e8re No\u00ebl a besoin de votre aide pour emp\u00eacher One Very Bad Elf de ruiner les v\u0153ux de No\u00ebl pour toujours ! Jouez et rejouez \u00e0 des mini-jeux, des films et des SOC pour d\u00e9bloquer des succ\u00e8s !<br \/>\n&#8211; Terminez de rassembler de fantastiques collections de cartes de No\u00ebl et \u00e9quipez votre wagon de pain d\u2019\u00e9pice !<br \/>\n&#8211; T\u00e9l\u00e9chargez des bandes sonores, des fonds d\u2019\u00e9cran et des illustrations originaux !<br \/>\n&#8211; Vous pouvez atteindre le p\u00f4le Nord et revenir en toute s\u00e9curit\u00e9 \u00e0 l\u2019aide du guide de strat\u00e9gie utile.<\/p>\n","protected":false},"excerpt":{"rendered":"<p>Vous avez besoin d\u2019un miracle \u00e0 No\u00ebl ! Pour en savoir plus, lisez L\u2019esprit de No\u00ebl : billet d\u2019or CE. <\/p>\n","protected":false},"author":17,"featured_media":75050,"comment_status":"open","ping_status":"closed","template":"","meta":{"_acf_changed":false,"inline_featured_image":false},"product_brand":[],"product_cat":[165],"product_tag":[287],"class_list":{"0":"post-131990","1":"product","2":"type-product","3":"status-publish","4":"has-post-thumbnail","6":"product_cat-hidden-object-fr","7":"product_tag-play-on-pc-fr","9":"first","10":"instock","11":"shipping-taxable","12":"purchasable","13":"product-type-simple"},"acf":[],"yoast_head":"<!-- This site is optimized with the Yoast SEO Premium plugin v25.2 (Yoast SEO v25.2) - https:\/\/yoast.com\/wordpress\/plugins\/seo\/ -->\n<title>L\u2019Esprit de No\u00ebl\u00a0: Golden Ticket \u00c9dition Collector - R\u00e9alisez un miracle de No\u00ebl au moment o\u00f9 vous en avez le plus besoin<\/title>\n<meta name=\"description\" content=\"Vous avez besoin d\u2019un miracle \u00e0 No\u00ebl ! Pour en savoir plus, lisez L\u2019esprit de No\u00ebl : billet d\u2019or CE.\" \/>\n<meta name=\"robots\" content=\"index, follow, max-snippet:-1, max-image-preview:large, max-video-preview:-1\" \/>\n<link rel=\"canonical\" href=\"https:\/\/www.iplay.com\/fr\/games\/the-christmas-spirit-golden-ticket-collectors-edition\/\" \/>\n<meta property=\"og:locale\" content=\"fr_FR\" \/>\n<meta property=\"og:type\" content=\"article\" \/>\n<meta property=\"og:title\" content=\"The Christmas Spirit: Golden Ticket Collector&#039;s Edition\" \/>\n<meta property=\"og:description\" content=\"Vous avez besoin d\u2019un miracle \u00e0 No\u00ebl ! Pour en savoir plus, lisez L\u2019esprit de No\u00ebl : billet d\u2019or CE.\" \/>\n<meta property=\"og:url\" content=\"https:\/\/www.iplay.com\/fr\/games\/the-christmas-spirit-golden-ticket-collectors-edition\/\" \/>\n<meta property=\"og:site_name\" content=\"IPlay\" \/>\n<meta property=\"og:image\" content=\"https:\/\/www.iplay.com\/wp-content\/uploads\/2023\/12\/large_square_tile_image-2185.jpg\" \/>\n\t<meta property=\"og:image:width\" content=\"310\" \/>\n\t<meta property=\"og:image:height\" content=\"310\" \/>\n\t<meta property=\"og:image:type\" content=\"image\/jpeg\" \/>\n<meta name=\"twitter:card\" content=\"summary_large_image\" \/>\n<meta name=\"twitter:label1\" content=\"Dur\u00e9e de lecture estim\u00e9e\" \/>\n\t<meta name=\"twitter:data1\" content=\"1 minute\" \/>\n<script type=\"application\/ld+json\" class=\"yoast-schema-graph\">{\"@context\":\"https:\/\/schema.org\",\"@graph\":[{\"@type\":\"WebPage\",\"@id\":\"https:\/\/www.iplay.com\/fr\/games\/the-christmas-spirit-golden-ticket-collectors-edition\/\",\"url\":\"https:\/\/www.iplay.com\/fr\/games\/the-christmas-spirit-golden-ticket-collectors-edition\/\",\"name\":\"L\u2019Esprit de No\u00ebl\u00a0: Golden Ticket \u00c9dition Collector - R\u00e9alisez un miracle de No\u00ebl au moment o\u00f9 vous en avez le plus besoin\",\"isPartOf\":{\"@id\":\"https:\/\/www.iplay.com\/en\/#website\"},\"primaryImageOfPage\":{\"@id\":\"https:\/\/www.iplay.com\/fr\/games\/the-christmas-spirit-golden-ticket-collectors-edition\/#primaryimage\"},\"image\":{\"@id\":\"https:\/\/www.iplay.com\/fr\/games\/the-christmas-spirit-golden-ticket-collectors-edition\/#primaryimage\"},\"thumbnailUrl\":\"https:\/\/www.iplay.com\/wp-content\/uploads\/2023\/12\/large_square_tile_image-2185.jpg\",\"datePublished\":\"2022-12-16T00:00:02+00:00\",\"description\":\"Vous avez besoin d\u2019un miracle \u00e0 No\u00ebl ! Pour en savoir plus, lisez L\u2019esprit de No\u00ebl : billet d\u2019or CE.\",\"breadcrumb\":{\"@id\":\"https:\/\/www.iplay.com\/fr\/games\/the-christmas-spirit-golden-ticket-collectors-edition\/#breadcrumb\"},\"inLanguage\":\"fr-FR\",\"potentialAction\":[{\"@type\":\"ReadAction\",\"target\":[\"https:\/\/www.iplay.com\/fr\/games\/the-christmas-spirit-golden-ticket-collectors-edition\/\"]}]},{\"@type\":\"ImageObject\",\"inLanguage\":\"fr-FR\",\"@id\":\"https:\/\/www.iplay.com\/fr\/games\/the-christmas-spirit-golden-ticket-collectors-edition\/#primaryimage\",\"url\":\"https:\/\/www.iplay.com\/wp-content\/uploads\/2023\/12\/large_square_tile_image-2185.jpg\",\"contentUrl\":\"https:\/\/www.iplay.com\/wp-content\/uploads\/2023\/12\/large_square_tile_image-2185.jpg\",\"width\":310,\"height\":310},{\"@type\":\"BreadcrumbList\",\"@id\":\"https:\/\/www.iplay.com\/fr\/games\/the-christmas-spirit-golden-ticket-collectors-edition\/#breadcrumb\",\"itemListElement\":[{\"@type\":\"ListItem\",\"position\":1,\"name\":\"Home\",\"item\":\"https:\/\/www.iplay.com\/fr\/home-page-2\/\"},{\"@type\":\"ListItem\",\"position\":2,\"name\":\"Shop\",\"item\":\"https:\/\/www.iplay.com\/en\/shop\/\"},{\"@type\":\"ListItem\",\"position\":3,\"name\":\"The Christmas Spirit: Golden Ticket Collector&#8217;s Edition\"}]},{\"@type\":\"WebSite\",\"@id\":\"https:\/\/www.iplay.com\/en\/#website\",\"url\":\"https:\/\/www.iplay.com\/en\/\",\"name\":\"IPlay\",\"description\":\"The Best Casual Games!\",\"publisher\":{\"@id\":\"https:\/\/www.iplay.com\/en\/#organization\"},\"potentialAction\":[{\"@type\":\"SearchAction\",\"target\":{\"@type\":\"EntryPoint\",\"urlTemplate\":\"https:\/\/www.iplay.com\/en\/?s={search_term_string}\"},\"query-input\":{\"@type\":\"PropertyValueSpecification\",\"valueRequired\":true,\"valueName\":\"search_term_string\"}}],\"inLanguage\":\"fr-FR\"},{\"@type\":\"Organization\",\"@id\":\"https:\/\/www.iplay.com\/en\/#organization\",\"name\":\"IPlay\",\"url\":\"https:\/\/www.iplay.com\/en\/\",\"logo\":{\"@type\":\"ImageObject\",\"inLanguage\":\"fr-FR\",\"@id\":\"https:\/\/www.iplay.com\/en\/#\/schema\/logo\/image\/\",\"url\":\"https:\/\/www.iplay.com\/wp-content\/uploads\/2023\/11\/Group-6100.svg\",\"contentUrl\":\"https:\/\/www.iplay.com\/wp-content\/uploads\/2023\/11\/Group-6100.svg\",\"width\":98,\"height\":25,\"caption\":\"IPlay\"},\"image\":{\"@id\":\"https:\/\/www.iplay.com\/en\/#\/schema\/logo\/image\/\"}}]}<\/script>\n<!-- \/ Yoast SEO Premium plugin. -->","yoast_head_json":{"title":"L\u2019Esprit de No\u00ebl\u00a0: Golden Ticket \u00c9dition Collector - R\u00e9alisez un miracle de No\u00ebl au moment o\u00f9 vous en avez le plus besoin","description":"Vous avez besoin d\u2019un miracle \u00e0 No\u00ebl ! Pour en savoir plus, lisez L\u2019esprit de No\u00ebl : billet d\u2019or CE.","robots":{"index":"index","follow":"follow","max-snippet":"max-snippet:-1","max-image-preview":"max-image-preview:large","max-video-preview":"max-video-preview:-1"},"canonical":"https:\/\/www.iplay.com\/fr\/games\/the-christmas-spirit-golden-ticket-collectors-edition\/","og_locale":"fr_FR","og_type":"article","og_title":"The Christmas Spirit: Golden Ticket Collector's Edition","og_description":"Vous avez besoin d\u2019un miracle \u00e0 No\u00ebl ! Pour en savoir plus, lisez L\u2019esprit de No\u00ebl : billet d\u2019or CE.","og_url":"https:\/\/www.iplay.com\/fr\/games\/the-christmas-spirit-golden-ticket-collectors-edition\/","og_site_name":"IPlay","og_image":[{"width":310,"height":310,"url":"https:\/\/www.iplay.com\/wp-content\/uploads\/2023\/12\/large_square_tile_image-2185.jpg","type":"image\/jpeg"}],"twitter_card":"summary_large_image","twitter_misc":{"Dur\u00e9e de lecture estim\u00e9e":"1 minute"},"schema":{"@context":"https:\/\/schema.org","@graph":[{"@type":"WebPage","@id":"https:\/\/www.iplay.com\/fr\/games\/the-christmas-spirit-golden-ticket-collectors-edition\/","url":"https:\/\/www.iplay.com\/fr\/games\/the-christmas-spirit-golden-ticket-collectors-edition\/","name":"L\u2019Esprit de No\u00ebl\u00a0: Golden Ticket \u00c9dition Collector - R\u00e9alisez un miracle de No\u00ebl au moment o\u00f9 vous en avez le plus besoin","isPartOf":{"@id":"https:\/\/www.iplay.com\/en\/#website"},"primaryImageOfPage":{"@id":"https:\/\/www.iplay.com\/fr\/games\/the-christmas-spirit-golden-ticket-collectors-edition\/#primaryimage"},"image":{"@id":"https:\/\/www.iplay.com\/fr\/games\/the-christmas-spirit-golden-ticket-collectors-edition\/#primaryimage"},"thumbnailUrl":"https:\/\/www.iplay.com\/wp-content\/uploads\/2023\/12\/large_square_tile_image-2185.jpg","datePublished":"2022-12-16T00:00:02+00:00","description":"Vous avez besoin d\u2019un miracle \u00e0 No\u00ebl ! Pour en savoir plus, lisez L\u2019esprit de No\u00ebl : billet d\u2019or CE.","breadcrumb":{"@id":"https:\/\/www.iplay.com\/fr\/games\/the-christmas-spirit-golden-ticket-collectors-edition\/#breadcrumb"},"inLanguage":"fr-FR","potentialAction":[{"@type":"ReadAction","target":["https:\/\/www.iplay.com\/fr\/games\/the-christmas-spirit-golden-ticket-collectors-edition\/"]}]},{"@type":"ImageObject","inLanguage":"fr-FR","@id":"https:\/\/www.iplay.com\/fr\/games\/the-christmas-spirit-golden-ticket-collectors-edition\/#primaryimage","url":"https:\/\/www.iplay.com\/wp-content\/uploads\/2023\/12\/large_square_tile_image-2185.jpg","contentUrl":"https:\/\/www.iplay.com\/wp-content\/uploads\/2023\/12\/large_square_tile_image-2185.jpg","width":310,"height":310},{"@type":"BreadcrumbList","@id":"https:\/\/www.iplay.com\/fr\/games\/the-christmas-spirit-golden-ticket-collectors-edition\/#breadcrumb","itemListElement":[{"@type":"ListItem","position":1,"name":"Home","item":"https:\/\/www.iplay.com\/fr\/home-page-2\/"},{"@type":"ListItem","position":2,"name":"Shop","item":"https:\/\/www.iplay.com\/en\/shop\/"},{"@type":"ListItem","position":3,"name":"The Christmas Spirit: Golden Ticket Collector&#8217;s Edition"}]},{"@type":"WebSite","@id":"https:\/\/www.iplay.com\/en\/#website","url":"https:\/\/www.iplay.com\/en\/","name":"IPlay","description":"The Best Casual Games!","publisher":{"@id":"https:\/\/www.iplay.com\/en\/#organization"},"potentialAction":[{"@type":"SearchAction","target":{"@type":"EntryPoint","urlTemplate":"https:\/\/www.iplay.com\/en\/?s={search_term_string}"},"query-input":{"@type":"PropertyValueSpecification","valueRequired":true,"valueName":"search_term_string"}}],"inLanguage":"fr-FR"},{"@type":"Organization","@id":"https:\/\/www.iplay.com\/en\/#organization","name":"IPlay","url":"https:\/\/www.iplay.com\/en\/","logo":{"@type":"ImageObject","inLanguage":"fr-FR","@id":"https:\/\/www.iplay.com\/en\/#\/schema\/logo\/image\/","url":"https:\/\/www.iplay.com\/wp-content\/uploads\/2023\/11\/Group-6100.svg","contentUrl":"https:\/\/www.iplay.com\/wp-content\/uploads\/2023\/11\/Group-6100.svg","width":98,"height":25,"caption":"IPlay"},"image":{"@id":"https:\/\/www.iplay.com\/en\/#\/schema\/logo\/image\/"}}]}},"_links":{"self":[{"href":"https:\/\/www.iplay.com\/fr\/wp-json\/wp\/v2\/product\/131990","targetHints":{"allow":["GET"]}}],"collection":[{"href":"https:\/\/www.iplay.com\/fr\/wp-json\/wp\/v2\/product"}],"about":[{"href":"https:\/\/www.iplay.com\/fr\/wp-json\/wp\/v2\/types\/product"}],"author":[{"embeddable":true,"href":"https:\/\/www.iplay.com\/fr\/wp-json\/wp\/v2\/users\/17"}],"replies":[{"embeddable":true,"href":"https:\/\/www.iplay.com\/fr\/wp-json\/wp\/v2\/comments?post=131990"}],"wp:featuredmedia":[{"embeddable":true,"href":"https:\/\/www.iplay.com\/fr\/wp-json\/wp\/v2\/media\/75050"}],"wp:attachment":[{"href":"https:\/\/www.iplay.com\/fr\/wp-json\/wp\/v2\/media?parent=131990"}],"wp:term":[{"taxonomy":"product_brand","embeddable":true,"href":"https:\/\/www.iplay.com\/fr\/wp-json\/wp\/v2\/product_brand?post=131990"},{"taxonomy":"product_cat","embeddable":true,"href":"https:\/\/www.iplay.com\/fr\/wp-json\/wp\/v2\/product_cat?post=131990"},{"taxonomy":"product_tag","embeddable":true,"href":"https:\/\/www.iplay.com\/fr\/wp-json\/wp\/v2\/product_tag?post=131990"}],"curies":[{"name":"wp","href":"https:\/\/api.w.org\/{rel}","templated":true}]}}