{"id":131987,"date":"2022-12-16T00:00:03","date_gmt":"2022-12-16T00:00:03","guid":{"rendered":"https:\/\/www.iplay.com\/games\/magic-city-detective-secret-desire-collectors-edition\/"},"modified":"2022-12-16T00:00:03","modified_gmt":"2022-12-16T00:00:03","slug":"magic-city-detective-secret-desire-collectors-edition","status":"publish","type":"product","link":"https:\/\/www.iplay.com\/fr\/games\/magic-city-detective-secret-desire-collectors-edition\/","title":{"rendered":"Magic City Detective: Secret Desire Collector&#8217;s Edition"},"content":{"rendered":"<p>Le c\u00e9l\u00e8bre enqu\u00eateur du monde magique est de retour sur la piste, cette fois accompagn\u00e9 de son compagnon elfe Ymir ! Un ambassadeur des vampires veut votre aide cette fois-ci. Une horrible calamit\u00e9 s\u2019est abattue sur la communaut\u00e9 des vampires. La personne qui a cr\u00e9\u00e9 le s\u00e9rum sanguin artificiel a disparu. Les vampires ne peuvent plus vivre en paix et cacher leur vraie nature au monde ext\u00e9rieur sans le s\u00e9rum. Trouver le c\u00e9l\u00e8bre alchimiste est essentiel si vous et votre compagnon voulez \u00e9viter que les vampires ne subissent des dommages irr\u00e9versibles. Enqu\u00eatez de mani\u00e8re ind\u00e9pendante en recherchant des objets et en r\u00e9solvant des \u00e9nigmes captivantes. Traquez le fauteur de troubles et sauvez le monde ! Rassemblez votre ruse pour un incroyable roman policier dans cette nouvelle aventure palpitante de puzzle d\u2019objets cach\u00e9s !        <\/p>\n<p>&nbsp;<\/p>\n<p>&nbsp;<\/p>\n<p><strong>Fonctionnalit\u00e9s:  <\/strong><\/p>\n<p>&nbsp;<\/p>\n<p>&#8211; Trouvez le personnage \u00e9nigmatique qui essaie d\u2019\u00e9liminer les vampires dans le chapitre bonus !<\/p>\n<p>&#8211; Profitez de choses suppl\u00e9mentaires, notamment des illustrations conceptuelles, de la musique, des fonds d\u2019\u00e9cran et bien plus encore !<\/p>\n<p>&#8211; Rassemblez des objets qui vous aideront \u00e0 vous renseigner sur la communaut\u00e9 des vampires !<\/p>\n<p>&#8211; Localisez des objets, r\u00e9solvez des \u00e9nigmes, participez \u00e0 des mini-jeux et d\u00e9bloquez des succ\u00e8s !<\/p>\n","protected":false},"excerpt":{"rendered":"<p>Le c\u00e9l\u00e8bre enqu\u00eateur du monde magique est de retour, et un envoy\u00e9 vampire demande votre aide.<\/p>\n","protected":false},"author":52,"featured_media":75034,"comment_status":"open","ping_status":"closed","template":"","meta":{"_acf_changed":false,"inline_featured_image":false},"product_brand":[],"product_cat":[165],"product_tag":[287],"class_list":{"0":"post-131987","1":"product","2":"type-product","3":"status-publish","4":"has-post-thumbnail","6":"product_cat-hidden-object-fr","7":"product_tag-play-on-pc-fr","9":"first","10":"instock","11":"shipping-taxable","12":"purchasable","13":"product-type-simple"},"acf":[],"yoast_head":"<!-- This site is optimized with the Yoast SEO Premium plugin v25.2 (Yoast SEO v25.2) - https:\/\/yoast.com\/wordpress\/plugins\/seo\/ -->\n<title>Magic City Detective\u00a0: Secret Desire Collector\u2019s Edition - Un envoy\u00e9 vampire demande l\u2019aide d\u2019un c\u00e9l\u00e8bre d\u00e9tective magique<\/title>\n<meta name=\"description\" content=\"Le c\u00e9l\u00e8bre enqu\u00eateur du monde magique est de retour, et un envoy\u00e9 vampire demande votre aide.\" \/>\n<meta name=\"robots\" content=\"index, follow, max-snippet:-1, max-image-preview:large, max-video-preview:-1\" \/>\n<link rel=\"canonical\" href=\"https:\/\/www.iplay.com\/fr\/games\/magic-city-detective-secret-desire-collectors-edition\/\" \/>\n<meta property=\"og:locale\" content=\"fr_FR\" \/>\n<meta property=\"og:type\" content=\"article\" \/>\n<meta property=\"og:title\" content=\"Magic City Detective: Secret Desire Collector&#039;s Edition\" \/>\n<meta property=\"og:description\" content=\"Le c\u00e9l\u00e8bre enqu\u00eateur du monde magique est de retour, et un envoy\u00e9 vampire demande votre aide.\" \/>\n<meta property=\"og:url\" content=\"https:\/\/www.iplay.com\/fr\/games\/magic-city-detective-secret-desire-collectors-edition\/\" \/>\n<meta property=\"og:site_name\" content=\"IPlay\" \/>\n<meta property=\"og:image\" content=\"https:\/\/www.iplay.com\/wp-content\/uploads\/2023\/12\/large_square_tile_image-2184.jpg\" \/>\n\t<meta property=\"og:image:width\" content=\"310\" \/>\n\t<meta property=\"og:image:height\" content=\"310\" \/>\n\t<meta property=\"og:image:type\" content=\"image\/jpeg\" \/>\n<meta name=\"twitter:card\" content=\"summary_large_image\" \/>\n<meta name=\"twitter:label1\" content=\"Dur\u00e9e de lecture estim\u00e9e\" \/>\n\t<meta name=\"twitter:data1\" content=\"1 minute\" \/>\n<script type=\"application\/ld+json\" class=\"yoast-schema-graph\">{\"@context\":\"https:\/\/schema.org\",\"@graph\":[{\"@type\":\"WebPage\",\"@id\":\"https:\/\/www.iplay.com\/fr\/games\/magic-city-detective-secret-desire-collectors-edition\/\",\"url\":\"https:\/\/www.iplay.com\/fr\/games\/magic-city-detective-secret-desire-collectors-edition\/\",\"name\":\"Magic City Detective\u00a0: Secret Desire Collector\u2019s Edition - Un envoy\u00e9 vampire demande l\u2019aide d\u2019un c\u00e9l\u00e8bre d\u00e9tective magique\",\"isPartOf\":{\"@id\":\"https:\/\/www.iplay.com\/en\/#website\"},\"primaryImageOfPage\":{\"@id\":\"https:\/\/www.iplay.com\/fr\/games\/magic-city-detective-secret-desire-collectors-edition\/#primaryimage\"},\"image\":{\"@id\":\"https:\/\/www.iplay.com\/fr\/games\/magic-city-detective-secret-desire-collectors-edition\/#primaryimage\"},\"thumbnailUrl\":\"https:\/\/www.iplay.com\/wp-content\/uploads\/2023\/12\/large_square_tile_image-2184.jpg\",\"datePublished\":\"2022-12-16T00:00:03+00:00\",\"description\":\"Le c\u00e9l\u00e8bre enqu\u00eateur du monde magique est de retour, et un envoy\u00e9 vampire demande votre aide.\",\"breadcrumb\":{\"@id\":\"https:\/\/www.iplay.com\/fr\/games\/magic-city-detective-secret-desire-collectors-edition\/#breadcrumb\"},\"inLanguage\":\"fr-FR\",\"potentialAction\":[{\"@type\":\"ReadAction\",\"target\":[\"https:\/\/www.iplay.com\/fr\/games\/magic-city-detective-secret-desire-collectors-edition\/\"]}]},{\"@type\":\"ImageObject\",\"inLanguage\":\"fr-FR\",\"@id\":\"https:\/\/www.iplay.com\/fr\/games\/magic-city-detective-secret-desire-collectors-edition\/#primaryimage\",\"url\":\"https:\/\/www.iplay.com\/wp-content\/uploads\/2023\/12\/large_square_tile_image-2184.jpg\",\"contentUrl\":\"https:\/\/www.iplay.com\/wp-content\/uploads\/2023\/12\/large_square_tile_image-2184.jpg\",\"width\":310,\"height\":310},{\"@type\":\"BreadcrumbList\",\"@id\":\"https:\/\/www.iplay.com\/fr\/games\/magic-city-detective-secret-desire-collectors-edition\/#breadcrumb\",\"itemListElement\":[{\"@type\":\"ListItem\",\"position\":1,\"name\":\"Home\",\"item\":\"https:\/\/www.iplay.com\/fr\/home-page-2\/\"},{\"@type\":\"ListItem\",\"position\":2,\"name\":\"Shop\",\"item\":\"https:\/\/www.iplay.com\/en\/shop\/\"},{\"@type\":\"ListItem\",\"position\":3,\"name\":\"Magic City Detective: Secret Desire Collector&#8217;s Edition\"}]},{\"@type\":\"WebSite\",\"@id\":\"https:\/\/www.iplay.com\/en\/#website\",\"url\":\"https:\/\/www.iplay.com\/en\/\",\"name\":\"IPlay\",\"description\":\"The Best Casual Games!\",\"publisher\":{\"@id\":\"https:\/\/www.iplay.com\/en\/#organization\"},\"potentialAction\":[{\"@type\":\"SearchAction\",\"target\":{\"@type\":\"EntryPoint\",\"urlTemplate\":\"https:\/\/www.iplay.com\/en\/?s={search_term_string}\"},\"query-input\":{\"@type\":\"PropertyValueSpecification\",\"valueRequired\":true,\"valueName\":\"search_term_string\"}}],\"inLanguage\":\"fr-FR\"},{\"@type\":\"Organization\",\"@id\":\"https:\/\/www.iplay.com\/en\/#organization\",\"name\":\"IPlay\",\"url\":\"https:\/\/www.iplay.com\/en\/\",\"logo\":{\"@type\":\"ImageObject\",\"inLanguage\":\"fr-FR\",\"@id\":\"https:\/\/www.iplay.com\/en\/#\/schema\/logo\/image\/\",\"url\":\"https:\/\/www.iplay.com\/wp-content\/uploads\/2023\/11\/Group-6100.svg\",\"contentUrl\":\"https:\/\/www.iplay.com\/wp-content\/uploads\/2023\/11\/Group-6100.svg\",\"width\":98,\"height\":25,\"caption\":\"IPlay\"},\"image\":{\"@id\":\"https:\/\/www.iplay.com\/en\/#\/schema\/logo\/image\/\"}}]}<\/script>\n<!-- \/ Yoast SEO Premium plugin. -->","yoast_head_json":{"title":"Magic City Detective\u00a0: Secret Desire Collector\u2019s Edition - Un envoy\u00e9 vampire demande l\u2019aide d\u2019un c\u00e9l\u00e8bre d\u00e9tective magique","description":"Le c\u00e9l\u00e8bre enqu\u00eateur du monde magique est de retour, et un envoy\u00e9 vampire demande votre aide.","robots":{"index":"index","follow":"follow","max-snippet":"max-snippet:-1","max-image-preview":"max-image-preview:large","max-video-preview":"max-video-preview:-1"},"canonical":"https:\/\/www.iplay.com\/fr\/games\/magic-city-detective-secret-desire-collectors-edition\/","og_locale":"fr_FR","og_type":"article","og_title":"Magic City Detective: Secret Desire Collector's Edition","og_description":"Le c\u00e9l\u00e8bre enqu\u00eateur du monde magique est de retour, et un envoy\u00e9 vampire demande votre aide.","og_url":"https:\/\/www.iplay.com\/fr\/games\/magic-city-detective-secret-desire-collectors-edition\/","og_site_name":"IPlay","og_image":[{"width":310,"height":310,"url":"https:\/\/www.iplay.com\/wp-content\/uploads\/2023\/12\/large_square_tile_image-2184.jpg","type":"image\/jpeg"}],"twitter_card":"summary_large_image","twitter_misc":{"Dur\u00e9e de lecture estim\u00e9e":"1 minute"},"schema":{"@context":"https:\/\/schema.org","@graph":[{"@type":"WebPage","@id":"https:\/\/www.iplay.com\/fr\/games\/magic-city-detective-secret-desire-collectors-edition\/","url":"https:\/\/www.iplay.com\/fr\/games\/magic-city-detective-secret-desire-collectors-edition\/","name":"Magic City Detective\u00a0: Secret Desire Collector\u2019s Edition - Un envoy\u00e9 vampire demande l\u2019aide d\u2019un c\u00e9l\u00e8bre d\u00e9tective magique","isPartOf":{"@id":"https:\/\/www.iplay.com\/en\/#website"},"primaryImageOfPage":{"@id":"https:\/\/www.iplay.com\/fr\/games\/magic-city-detective-secret-desire-collectors-edition\/#primaryimage"},"image":{"@id":"https:\/\/www.iplay.com\/fr\/games\/magic-city-detective-secret-desire-collectors-edition\/#primaryimage"},"thumbnailUrl":"https:\/\/www.iplay.com\/wp-content\/uploads\/2023\/12\/large_square_tile_image-2184.jpg","datePublished":"2022-12-16T00:00:03+00:00","description":"Le c\u00e9l\u00e8bre enqu\u00eateur du monde magique est de retour, et un envoy\u00e9 vampire demande votre aide.","breadcrumb":{"@id":"https:\/\/www.iplay.com\/fr\/games\/magic-city-detective-secret-desire-collectors-edition\/#breadcrumb"},"inLanguage":"fr-FR","potentialAction":[{"@type":"ReadAction","target":["https:\/\/www.iplay.com\/fr\/games\/magic-city-detective-secret-desire-collectors-edition\/"]}]},{"@type":"ImageObject","inLanguage":"fr-FR","@id":"https:\/\/www.iplay.com\/fr\/games\/magic-city-detective-secret-desire-collectors-edition\/#primaryimage","url":"https:\/\/www.iplay.com\/wp-content\/uploads\/2023\/12\/large_square_tile_image-2184.jpg","contentUrl":"https:\/\/www.iplay.com\/wp-content\/uploads\/2023\/12\/large_square_tile_image-2184.jpg","width":310,"height":310},{"@type":"BreadcrumbList","@id":"https:\/\/www.iplay.com\/fr\/games\/magic-city-detective-secret-desire-collectors-edition\/#breadcrumb","itemListElement":[{"@type":"ListItem","position":1,"name":"Home","item":"https:\/\/www.iplay.com\/fr\/home-page-2\/"},{"@type":"ListItem","position":2,"name":"Shop","item":"https:\/\/www.iplay.com\/en\/shop\/"},{"@type":"ListItem","position":3,"name":"Magic City Detective: Secret Desire Collector&#8217;s Edition"}]},{"@type":"WebSite","@id":"https:\/\/www.iplay.com\/en\/#website","url":"https:\/\/www.iplay.com\/en\/","name":"IPlay","description":"The Best Casual Games!","publisher":{"@id":"https:\/\/www.iplay.com\/en\/#organization"},"potentialAction":[{"@type":"SearchAction","target":{"@type":"EntryPoint","urlTemplate":"https:\/\/www.iplay.com\/en\/?s={search_term_string}"},"query-input":{"@type":"PropertyValueSpecification","valueRequired":true,"valueName":"search_term_string"}}],"inLanguage":"fr-FR"},{"@type":"Organization","@id":"https:\/\/www.iplay.com\/en\/#organization","name":"IPlay","url":"https:\/\/www.iplay.com\/en\/","logo":{"@type":"ImageObject","inLanguage":"fr-FR","@id":"https:\/\/www.iplay.com\/en\/#\/schema\/logo\/image\/","url":"https:\/\/www.iplay.com\/wp-content\/uploads\/2023\/11\/Group-6100.svg","contentUrl":"https:\/\/www.iplay.com\/wp-content\/uploads\/2023\/11\/Group-6100.svg","width":98,"height":25,"caption":"IPlay"},"image":{"@id":"https:\/\/www.iplay.com\/en\/#\/schema\/logo\/image\/"}}]}},"_links":{"self":[{"href":"https:\/\/www.iplay.com\/fr\/wp-json\/wp\/v2\/product\/131987","targetHints":{"allow":["GET"]}}],"collection":[{"href":"https:\/\/www.iplay.com\/fr\/wp-json\/wp\/v2\/product"}],"about":[{"href":"https:\/\/www.iplay.com\/fr\/wp-json\/wp\/v2\/types\/product"}],"author":[{"embeddable":true,"href":"https:\/\/www.iplay.com\/fr\/wp-json\/wp\/v2\/users\/52"}],"replies":[{"embeddable":true,"href":"https:\/\/www.iplay.com\/fr\/wp-json\/wp\/v2\/comments?post=131987"}],"wp:featuredmedia":[{"embeddable":true,"href":"https:\/\/www.iplay.com\/fr\/wp-json\/wp\/v2\/media\/75034"}],"wp:attachment":[{"href":"https:\/\/www.iplay.com\/fr\/wp-json\/wp\/v2\/media?parent=131987"}],"wp:term":[{"taxonomy":"product_brand","embeddable":true,"href":"https:\/\/www.iplay.com\/fr\/wp-json\/wp\/v2\/product_brand?post=131987"},{"taxonomy":"product_cat","embeddable":true,"href":"https:\/\/www.iplay.com\/fr\/wp-json\/wp\/v2\/product_cat?post=131987"},{"taxonomy":"product_tag","embeddable":true,"href":"https:\/\/www.iplay.com\/fr\/wp-json\/wp\/v2\/product_tag?post=131987"}],"curies":[{"name":"wp","href":"https:\/\/api.w.org\/{rel}","templated":true}]}}