{"id":131944,"date":"2025-04-23T07:30:41","date_gmt":"2025-04-23T07:30:41","guid":{"rendered":"https:\/\/www.iplay.com\/?post_type=product&p=131944"},"modified":"2025-04-23T07:30:41","modified_gmt":"2025-04-23T07:30:41","slug":"ms-holmes-letter-m-collectors-edition","status":"publish","type":"product","link":"https:\/\/www.iplay.com\/fr\/games\/ms-holmes-letter-m-collectors-edition\/","title":{"rendered":"Ms. Holmes: Letter M Collector&#8217;s Edition"},"content":{"rendered":"<p class=\"whitespace-pre-wrap break-words\">Le brillant d\u00e9tective connu pour r\u00e9soudre les myst\u00e8res les plus difficiles prend vie dans cette aventure captivante. Une affaire de porte-\u00e0-porte est livr\u00e9e lorsqu\u2019un ing\u00e9nieur en d\u00e9tresse et bless\u00e9 tombe inopin\u00e9ment dans la vie de votre ami Oscar. <\/p>\n<p class=\"whitespace-pre-wrap break-words\">Les fils enchev\u00eatr\u00e9s de cet \u00e9v\u00e9nement particulier sont d\u00e9m\u00eal\u00e9s lorsque vous vous mettez \u00e0 la place de Sharlotte, tandis que les liens avec des figures sombres de votre pass\u00e9 sont d\u00e9voil\u00e9s. Votre compr\u00e9hension du monde environnant est mise \u00e0 l\u2019\u00e9preuve alors que l\u2019esprit est mis \u00e0 l\u2019\u00e9preuve ultime, tout en r\u00e9v\u00e9lant la v\u00e9rit\u00e9 derri\u00e8re une s\u00e9rie d\u2019\u00e9v\u00e9nements surprenants. D\u2019anciens adversaires sont affront\u00e9s et l\u2019\u00e9nigme centrale de cette captivante aventure de puzzle d\u2019objets cach\u00e9s est r\u00e9solue gr\u00e2ce \u00e0 vos talents de d\u00e9tective.  <\/p>\n<p>&nbsp;<\/p>\n<p class=\"text-xl font-bold text-text-100 mt-1 -mb-0.5\"><strong>Caract\u00e9ristiques de l\u2019\u00e9dition collector<\/strong><\/p>\n<ul class=\"[&amp;:not(:last-child)_ul]:pb-1 [&amp;:not(:last-child)_ol]:pb-1 list-disc space-y-1.5 pl-7\">\n<li class=\"whitespace-normal break-words\">Le guide de strat\u00e9gie complet permet d\u2019obtenir un avantage en mati\u00e8re d\u2019enqu\u00eate.<\/li>\n<li class=\"whitespace-normal break-words\">Une immersion plus profonde est v\u00e9cue avec des fonds d\u2019\u00e9cran exclusifs et une bande-son envo\u00fbtante.<\/li>\n<li class=\"whitespace-normal break-words\">Des tr\u00e9sors cach\u00e9s, y compris des objets de collection et des fragments de puzzle, sont d\u00e9couverts pour plus de plaisir.<\/li>\n<li class=\"whitespace-normal break-words\">Un chapitre bonus est inclus o\u00f9 un complot mena\u00e7ant Mme Holmes elle-m\u00eame est r\u00e9v\u00e9l\u00e9.<\/li>\n<li class=\"whitespace-normal break-words\">Les mini-jeux et les puzzles d\u2019objets cach\u00e9s pr\u00e9f\u00e9r\u00e9s peuvent \u00eatre revisit\u00e9s au fur et \u00e0 mesure que les succ\u00e8s s\u2019accumulent.<\/li>\n<\/ul>\n","protected":false},"excerpt":{"rendered":"<p>Incarnez la d\u00e9tective Sharlotte Holmes r\u00e9solvant une myst\u00e9rieuse affaire li\u00e9e \u00e0 votre pass\u00e9 &#8211; Testez votre intelligence dans cette aventure de puzzle d\u2019objets cach\u00e9s avec des rebondissements inattendus.<\/p>\n","protected":false},"author":17,"featured_media":131880,"comment_status":"open","ping_status":"closed","template":"","meta":{"_acf_changed":false,"inline_featured_image":false},"product_brand":[],"product_cat":[148,165],"product_tag":[287],"class_list":{"0":"post-131944","1":"product","2":"type-product","3":"status-publish","4":"has-post-thumbnail","6":"product_cat-adventure-fr","7":"product_cat-hidden-object-fr","8":"product_tag-play-on-pc-fr","10":"first","11":"instock","12":"shipping-taxable","13":"purchasable","14":"product-type-simple"},"acf":[],"yoast_head":"<!-- This site is optimized with the Yoast SEO Premium plugin v25.2 (Yoast SEO v25.2) - https:\/\/yoast.com\/wordpress\/plugins\/seo\/ -->\n<title>Mme Holmes : Lettre M CE - R\u00e9solvez le myst\u00e8re maintenant !<\/title>\n<meta name=\"description\" content=\"Incarnez la d\u00e9tective Sharlotte Holmes r\u00e9solvant une myst\u00e9rieuse affaire li\u00e9e \u00e0 votre pass\u00e9 - Testez votre intelligence dans cette aventure de puzzle d\u2019objets cach\u00e9s avec des rebondissements inattendus.\" \/>\n<meta name=\"robots\" content=\"index, follow, max-snippet:-1, max-image-preview:large, max-video-preview:-1\" \/>\n<link rel=\"canonical\" href=\"https:\/\/www.iplay.com\/en\/games\/ms-holmes-letter-m-collectors-edition\/\" \/>\n<meta property=\"og:locale\" content=\"fr_FR\" \/>\n<meta property=\"og:type\" content=\"article\" \/>\n<meta property=\"og:title\" content=\"Ms. Holmes: Letter M Collector&#039;s Edition\" \/>\n<meta property=\"og:description\" content=\"Incarnez la d\u00e9tective Sharlotte Holmes r\u00e9solvant une myst\u00e9rieuse affaire li\u00e9e \u00e0 votre pass\u00e9 - Testez votre intelligence dans cette aventure de puzzle d\u2019objets cach\u00e9s avec des rebondissements inattendus.\" \/>\n<meta property=\"og:url\" content=\"https:\/\/www.iplay.com\/en\/games\/ms-holmes-letter-m-collectors-edition\/\" \/>\n<meta property=\"og:site_name\" content=\"IPlay\" \/>\n<meta property=\"og:image\" content=\"https:\/\/www.iplay.com\/wp-content\/uploads\/2025\/04\/ms_holmes_letter_m_ce_large_video_screenshot.webp\" \/>\n\t<meta property=\"og:image:width\" content=\"715\" \/>\n\t<meta property=\"og:image:height\" content=\"485\" \/>\n\t<meta property=\"og:image:type\" content=\"image\/webp\" \/>\n<meta name=\"twitter:card\" content=\"summary_large_image\" \/>\n<meta name=\"twitter:label1\" content=\"Dur\u00e9e de lecture estim\u00e9e\" \/>\n\t<meta name=\"twitter:data1\" content=\"1 minute\" \/>\n<script type=\"application\/ld+json\" class=\"yoast-schema-graph\">{\"@context\":\"https:\/\/schema.org\",\"@graph\":[{\"@type\":\"WebPage\",\"@id\":\"https:\/\/www.iplay.com\/en\/games\/ms-holmes-letter-m-collectors-edition\/\",\"url\":\"https:\/\/www.iplay.com\/en\/games\/ms-holmes-letter-m-collectors-edition\/\",\"name\":\"Mme Holmes : Lettre M CE - R\u00e9solvez le myst\u00e8re maintenant !\",\"isPartOf\":{\"@id\":\"https:\/\/www.iplay.com\/en\/#website\"},\"primaryImageOfPage\":{\"@id\":\"https:\/\/www.iplay.com\/en\/games\/ms-holmes-letter-m-collectors-edition\/#primaryimage\"},\"image\":{\"@id\":\"https:\/\/www.iplay.com\/en\/games\/ms-holmes-letter-m-collectors-edition\/#primaryimage\"},\"thumbnailUrl\":\"https:\/\/www.iplay.com\/wp-content\/uploads\/2025\/04\/ms_holmes_letter_m_ce_large_square_tile_image.webp\",\"datePublished\":\"2025-04-23T07:30:41+00:00\",\"description\":\"Incarnez la d\u00e9tective Sharlotte Holmes r\u00e9solvant une myst\u00e9rieuse affaire li\u00e9e \u00e0 votre pass\u00e9 - Testez votre intelligence dans cette aventure de puzzle d\u2019objets cach\u00e9s avec des rebondissements inattendus.\",\"breadcrumb\":{\"@id\":\"https:\/\/www.iplay.com\/en\/games\/ms-holmes-letter-m-collectors-edition\/#breadcrumb\"},\"inLanguage\":\"fr-FR\",\"potentialAction\":[{\"@type\":\"ReadAction\",\"target\":[\"https:\/\/www.iplay.com\/en\/games\/ms-holmes-letter-m-collectors-edition\/\"]}]},{\"@type\":\"ImageObject\",\"inLanguage\":\"fr-FR\",\"@id\":\"https:\/\/www.iplay.com\/en\/games\/ms-holmes-letter-m-collectors-edition\/#primaryimage\",\"url\":\"https:\/\/www.iplay.com\/wp-content\/uploads\/2025\/04\/ms_holmes_letter_m_ce_large_square_tile_image.webp\",\"contentUrl\":\"https:\/\/www.iplay.com\/wp-content\/uploads\/2025\/04\/ms_holmes_letter_m_ce_large_square_tile_image.webp\",\"width\":310,\"height\":310},{\"@type\":\"BreadcrumbList\",\"@id\":\"https:\/\/www.iplay.com\/en\/games\/ms-holmes-letter-m-collectors-edition\/#breadcrumb\",\"itemListElement\":[{\"@type\":\"ListItem\",\"position\":1,\"name\":\"Home\",\"item\":\"https:\/\/www.iplay.com\/fr\/home-page-2\/\"},{\"@type\":\"ListItem\",\"position\":2,\"name\":\"Shop\",\"item\":\"https:\/\/www.iplay.com\/en\/shop\/\"},{\"@type\":\"ListItem\",\"position\":3,\"name\":\"Ms. Holmes: Letter M Collector&#8217;s Edition\"}]},{\"@type\":\"WebSite\",\"@id\":\"https:\/\/www.iplay.com\/en\/#website\",\"url\":\"https:\/\/www.iplay.com\/en\/\",\"name\":\"IPlay\",\"description\":\"The Best Casual Games!\",\"publisher\":{\"@id\":\"https:\/\/www.iplay.com\/en\/#organization\"},\"potentialAction\":[{\"@type\":\"SearchAction\",\"target\":{\"@type\":\"EntryPoint\",\"urlTemplate\":\"https:\/\/www.iplay.com\/en\/?s={search_term_string}\"},\"query-input\":{\"@type\":\"PropertyValueSpecification\",\"valueRequired\":true,\"valueName\":\"search_term_string\"}}],\"inLanguage\":\"fr-FR\"},{\"@type\":\"Organization\",\"@id\":\"https:\/\/www.iplay.com\/en\/#organization\",\"name\":\"IPlay\",\"url\":\"https:\/\/www.iplay.com\/en\/\",\"logo\":{\"@type\":\"ImageObject\",\"inLanguage\":\"fr-FR\",\"@id\":\"https:\/\/www.iplay.com\/en\/#\/schema\/logo\/image\/\",\"url\":\"https:\/\/www.iplay.com\/wp-content\/uploads\/2023\/11\/Group-6100.svg\",\"contentUrl\":\"https:\/\/www.iplay.com\/wp-content\/uploads\/2023\/11\/Group-6100.svg\",\"width\":98,\"height\":25,\"caption\":\"IPlay\"},\"image\":{\"@id\":\"https:\/\/www.iplay.com\/en\/#\/schema\/logo\/image\/\"}}]}<\/script>\n<!-- \/ Yoast SEO Premium plugin. -->","yoast_head_json":{"title":"Mme Holmes : Lettre M CE - R\u00e9solvez le myst\u00e8re maintenant !","description":"Incarnez la d\u00e9tective Sharlotte Holmes r\u00e9solvant une myst\u00e9rieuse affaire li\u00e9e \u00e0 votre pass\u00e9 - Testez votre intelligence dans cette aventure de puzzle d\u2019objets cach\u00e9s avec des rebondissements inattendus.","robots":{"index":"index","follow":"follow","max-snippet":"max-snippet:-1","max-image-preview":"max-image-preview:large","max-video-preview":"max-video-preview:-1"},"canonical":"https:\/\/www.iplay.com\/en\/games\/ms-holmes-letter-m-collectors-edition\/","og_locale":"fr_FR","og_type":"article","og_title":"Ms. Holmes: Letter M Collector's Edition","og_description":"Incarnez la d\u00e9tective Sharlotte Holmes r\u00e9solvant une myst\u00e9rieuse affaire li\u00e9e \u00e0 votre pass\u00e9 - Testez votre intelligence dans cette aventure de puzzle d\u2019objets cach\u00e9s avec des rebondissements inattendus.","og_url":"https:\/\/www.iplay.com\/en\/games\/ms-holmes-letter-m-collectors-edition\/","og_site_name":"IPlay","og_image":[{"width":715,"height":485,"url":"https:\/\/www.iplay.com\/wp-content\/uploads\/2025\/04\/ms_holmes_letter_m_ce_large_video_screenshot.webp","type":"image\/webp"}],"twitter_card":"summary_large_image","twitter_misc":{"Dur\u00e9e de lecture estim\u00e9e":"1 minute"},"schema":{"@context":"https:\/\/schema.org","@graph":[{"@type":"WebPage","@id":"https:\/\/www.iplay.com\/en\/games\/ms-holmes-letter-m-collectors-edition\/","url":"https:\/\/www.iplay.com\/en\/games\/ms-holmes-letter-m-collectors-edition\/","name":"Mme Holmes : Lettre M CE - R\u00e9solvez le myst\u00e8re maintenant !","isPartOf":{"@id":"https:\/\/www.iplay.com\/en\/#website"},"primaryImageOfPage":{"@id":"https:\/\/www.iplay.com\/en\/games\/ms-holmes-letter-m-collectors-edition\/#primaryimage"},"image":{"@id":"https:\/\/www.iplay.com\/en\/games\/ms-holmes-letter-m-collectors-edition\/#primaryimage"},"thumbnailUrl":"https:\/\/www.iplay.com\/wp-content\/uploads\/2025\/04\/ms_holmes_letter_m_ce_large_square_tile_image.webp","datePublished":"2025-04-23T07:30:41+00:00","description":"Incarnez la d\u00e9tective Sharlotte Holmes r\u00e9solvant une myst\u00e9rieuse affaire li\u00e9e \u00e0 votre pass\u00e9 - Testez votre intelligence dans cette aventure de puzzle d\u2019objets cach\u00e9s avec des rebondissements inattendus.","breadcrumb":{"@id":"https:\/\/www.iplay.com\/en\/games\/ms-holmes-letter-m-collectors-edition\/#breadcrumb"},"inLanguage":"fr-FR","potentialAction":[{"@type":"ReadAction","target":["https:\/\/www.iplay.com\/en\/games\/ms-holmes-letter-m-collectors-edition\/"]}]},{"@type":"ImageObject","inLanguage":"fr-FR","@id":"https:\/\/www.iplay.com\/en\/games\/ms-holmes-letter-m-collectors-edition\/#primaryimage","url":"https:\/\/www.iplay.com\/wp-content\/uploads\/2025\/04\/ms_holmes_letter_m_ce_large_square_tile_image.webp","contentUrl":"https:\/\/www.iplay.com\/wp-content\/uploads\/2025\/04\/ms_holmes_letter_m_ce_large_square_tile_image.webp","width":310,"height":310},{"@type":"BreadcrumbList","@id":"https:\/\/www.iplay.com\/en\/games\/ms-holmes-letter-m-collectors-edition\/#breadcrumb","itemListElement":[{"@type":"ListItem","position":1,"name":"Home","item":"https:\/\/www.iplay.com\/fr\/home-page-2\/"},{"@type":"ListItem","position":2,"name":"Shop","item":"https:\/\/www.iplay.com\/en\/shop\/"},{"@type":"ListItem","position":3,"name":"Ms. Holmes: Letter M Collector&#8217;s Edition"}]},{"@type":"WebSite","@id":"https:\/\/www.iplay.com\/en\/#website","url":"https:\/\/www.iplay.com\/en\/","name":"IPlay","description":"The Best Casual Games!","publisher":{"@id":"https:\/\/www.iplay.com\/en\/#organization"},"potentialAction":[{"@type":"SearchAction","target":{"@type":"EntryPoint","urlTemplate":"https:\/\/www.iplay.com\/en\/?s={search_term_string}"},"query-input":{"@type":"PropertyValueSpecification","valueRequired":true,"valueName":"search_term_string"}}],"inLanguage":"fr-FR"},{"@type":"Organization","@id":"https:\/\/www.iplay.com\/en\/#organization","name":"IPlay","url":"https:\/\/www.iplay.com\/en\/","logo":{"@type":"ImageObject","inLanguage":"fr-FR","@id":"https:\/\/www.iplay.com\/en\/#\/schema\/logo\/image\/","url":"https:\/\/www.iplay.com\/wp-content\/uploads\/2023\/11\/Group-6100.svg","contentUrl":"https:\/\/www.iplay.com\/wp-content\/uploads\/2023\/11\/Group-6100.svg","width":98,"height":25,"caption":"IPlay"},"image":{"@id":"https:\/\/www.iplay.com\/en\/#\/schema\/logo\/image\/"}}]}},"_links":{"self":[{"href":"https:\/\/www.iplay.com\/fr\/wp-json\/wp\/v2\/product\/131944","targetHints":{"allow":["GET"]}}],"collection":[{"href":"https:\/\/www.iplay.com\/fr\/wp-json\/wp\/v2\/product"}],"about":[{"href":"https:\/\/www.iplay.com\/fr\/wp-json\/wp\/v2\/types\/product"}],"author":[{"embeddable":true,"href":"https:\/\/www.iplay.com\/fr\/wp-json\/wp\/v2\/users\/17"}],"replies":[{"embeddable":true,"href":"https:\/\/www.iplay.com\/fr\/wp-json\/wp\/v2\/comments?post=131944"}],"wp:featuredmedia":[{"embeddable":true,"href":"https:\/\/www.iplay.com\/fr\/wp-json\/wp\/v2\/media\/131880"}],"wp:attachment":[{"href":"https:\/\/www.iplay.com\/fr\/wp-json\/wp\/v2\/media?parent=131944"}],"wp:term":[{"taxonomy":"product_brand","embeddable":true,"href":"https:\/\/www.iplay.com\/fr\/wp-json\/wp\/v2\/product_brand?post=131944"},{"taxonomy":"product_cat","embeddable":true,"href":"https:\/\/www.iplay.com\/fr\/wp-json\/wp\/v2\/product_cat?post=131944"},{"taxonomy":"product_tag","embeddable":true,"href":"https:\/\/www.iplay.com\/fr\/wp-json\/wp\/v2\/product_tag?post=131944"}],"curies":[{"name":"wp","href":"https:\/\/api.w.org\/{rel}","templated":true}]}}