{"id":131937,"date":"2025-04-25T07:30:39","date_gmt":"2025-04-25T07:30:39","guid":{"rendered":"https:\/\/www.iplay.com\/?post_type=product&p=131937"},"modified":"2025-04-25T07:30:39","modified_gmt":"2025-04-25T07:30:39","slug":"mirrors-of-deception-the-silver-peaks-secret","status":"publish","type":"product","link":"https:\/\/www.iplay.com\/fr\/games\/mirrors-of-deception-the-silver-peaks-secret\/","title":{"rendered":"Mirrors of Deception: The Silver Peaks Secret"},"content":{"rendered":"<p class=\"whitespace-pre-wrap break-words\">Une retraite paisible se transforme en un cauchemar captivant lorsqu\u2019Agatha Hastings visite la station de ski enneig\u00e9e de Silver Peaks. Le chaos se d\u00e9cha\u00eene dans toute la station apr\u00e8s la mort soudaine et myst\u00e9rieuse de Victor Marchand, un riche homme d\u2019affaires. Toutes les routes sont boucl\u00e9es par une violente temp\u00eate de neige, et tout le monde est pi\u00e9g\u00e9 \u00e0 l\u2019int\u00e9rieur alors que la tension monte &#8211; il devient effroyablement clair que le tueur se prom\u00e8ne parmi les invit\u00e9s.  <\/p>\n<p class=\"whitespace-pre-wrap break-words\">Un r\u00e9seau d\u2019intrigues, de mensonges et de tromperies doit \u00eatre navigu\u00e9 alors que la v\u00e9rit\u00e9 derri\u00e8re le meurtre est d\u00e9couverte gr\u00e2ce aux comp\u00e9tences d\u2019enqu\u00eate d\u2019Agatha. Les capacit\u00e9s d\u2019observation s\u2019aiguisent \u00e0 chaque mouvement alors que 140 \u00e9nigmes hallucinantes sont r\u00e9solues, que des objets cach\u00e9s sont d\u00e9couverts dans des sc\u00e8nes chaotiques et que le myst\u00e8re est progressivement \u00e9lucid\u00e9. Pour ceux qui recherchent de plus grands d\u00e9fis, 20 \u00e9nigmes suppl\u00e9mentaires sont fournies pour tester la patience et l\u2019intellect jusqu\u2019\u00e0 leurs limites.  <\/p>\n<p class=\"whitespace-pre-wrap break-words\">Il est \u00e0 noter que le danger se rapproche de plus en plus au fur et \u00e0 mesure que l\u2019on d\u00e9couvre un indice. Dans cette sinistre histoire, rien n\u2019est ce qu\u2019il semble \u00eatre : la confiance doit \u00eatre retenue, tout doit \u00eatre remis en question et le tueur doit \u00eatre identifi\u00e9 avant qu\u2019une autre victime ne soit revendiqu\u00e9e. <\/p>\n<p>&nbsp;<\/p>\n<p class=\"text-xl font-bold text-text-100 mt-1 -mb-0.5\"><strong>Fonctionnalit\u00e9s<\/strong><\/p>\n<ul class=\"[&amp;:not(:last-child)_ul]:pb-1 [&amp;:not(:last-child)_ol]:pb-1 list-disc space-y-1.5 pl-7\">\n<li class=\"whitespace-normal break-words\">Un myst\u00e8re de meurtre \u00e0 suspense se d\u00e9roule dans les limites isol\u00e9es de la station de ski de Silver Peaks, o\u00f9 l\u2019immersion est garantie !<\/li>\n<li class=\"whitespace-normal break-words\">Les d\u00e9fis d\u2019objets cach\u00e9s sont regroup\u00e9s dans 140 \u00e9nigmes palpitantes qui doivent \u00eatre surmont\u00e9es !<\/li>\n<li class=\"whitespace-normal break-words\">Les d\u00e9tectives les plus observateurs et les plus soucieux du d\u00e9tail sont mis au d\u00e9fi par 20 \u00e9nigmes bonus con\u00e7ues pour une satisfaction ultime !<\/li>\n<li class=\"whitespace-normal break-words\">Des sonorit\u00e9s atmosph\u00e9riques et des compositions musicales \u00e9poustouflantes sont pr\u00e9vues pour des moments de d\u00e9tente entre des investigations intenses !<\/li>\n<li class=\"whitespace-normal break-words\">Des rebondissements sont v\u00e9cus tout au long du voyage &#8211; la tromperie est tiss\u00e9e dans l\u2019histoire de chaque personnage !<\/li>\n<li class=\"whitespace-normal break-words\">Les comp\u00e9tences d\u2019enqu\u00eate sont affin\u00e9es au fur et \u00e0 mesure que des indices sont d\u00e9couverts et que des couches de tromperie sont m\u00e9thodiquement \u00e9pluch\u00e9es !<\/li>\n<\/ul>\n","protected":false},"excerpt":{"rendered":"<p>R\u00e9solvez 140+ \u00e9nigmes d\u2019encombrement alors qu\u2019Agatha Hastings d\u00e9couvre un meurtre dans une station de ski enneig\u00e9e &#8211; Trouvez des objets cach\u00e9s et exposez le tueur qui se cache parmi les invit\u00e9s pi\u00e9g\u00e9s.<\/p>\n","protected":false},"author":14,"featured_media":131901,"comment_status":"open","ping_status":"closed","template":"","meta":{"_acf_changed":false,"inline_featured_image":false},"product_brand":[],"product_cat":[165,193],"product_tag":[287],"class_list":{"0":"post-131937","1":"product","2":"type-product","3":"status-publish","4":"has-post-thumbnail","6":"product_cat-hidden-object-fr","7":"product_cat-puzzle-fr","8":"product_tag-play-on-pc-fr","10":"first","11":"instock","12":"shipping-taxable","13":"purchasable","14":"product-type-simple"},"acf":[],"yoast_head":"<!-- This site is optimized with the Yoast SEO Premium plugin v25.2 (Yoast SEO v25.2) - https:\/\/yoast.com\/wordpress\/plugins\/seo\/ -->\n<title>Meurtre de Silver Peaks : aidez Agatha \u00e0 d\u00e9couvrir la v\u00e9rit\u00e9<\/title>\n<meta name=\"description\" content=\"R\u00e9solvez 140+ \u00e9nigmes d\u2019encombrement alors qu\u2019Agatha Hastings d\u00e9couvre un meurtre dans une station de ski enneig\u00e9e - Trouvez des objets cach\u00e9s et exposez le tueur qui se cache parmi les invit\u00e9s pi\u00e9g\u00e9s.\" \/>\n<meta name=\"robots\" content=\"index, follow, max-snippet:-1, max-image-preview:large, max-video-preview:-1\" \/>\n<link rel=\"canonical\" href=\"https:\/\/www.iplay.com\/en\/games\/mirrors-of-deception-the-silver-peaks-secret\/\" \/>\n<meta property=\"og:locale\" content=\"fr_FR\" \/>\n<meta property=\"og:type\" content=\"article\" \/>\n<meta property=\"og:title\" content=\"Mirrors of Deception: The Silver Peaks Secret\" \/>\n<meta property=\"og:description\" content=\"R\u00e9solvez 140+ \u00e9nigmes d\u2019encombrement alors qu\u2019Agatha Hastings d\u00e9couvre un meurtre dans une station de ski enneig\u00e9e - Trouvez des objets cach\u00e9s et exposez le tueur qui se cache parmi les invit\u00e9s pi\u00e9g\u00e9s.\" \/>\n<meta property=\"og:url\" content=\"https:\/\/www.iplay.com\/en\/games\/mirrors-of-deception-the-silver-peaks-secret\/\" \/>\n<meta property=\"og:site_name\" content=\"IPlay\" \/>\n<meta property=\"og:image\" content=\"https:\/\/www.iplay.com\/wp-content\/uploads\/2025\/04\/mirrors_of_deception_the_silver_peaks_secret_large_video_screenshot.webp\" \/>\n\t<meta property=\"og:image:width\" content=\"715\" \/>\n\t<meta property=\"og:image:height\" content=\"485\" \/>\n\t<meta property=\"og:image:type\" content=\"image\/webp\" \/>\n<meta name=\"twitter:card\" content=\"summary_large_image\" \/>\n<meta name=\"twitter:label1\" content=\"Dur\u00e9e de lecture estim\u00e9e\" \/>\n\t<meta name=\"twitter:data1\" content=\"2 minutes\" \/>\n<script type=\"application\/ld+json\" class=\"yoast-schema-graph\">{\"@context\":\"https:\/\/schema.org\",\"@graph\":[{\"@type\":\"WebPage\",\"@id\":\"https:\/\/www.iplay.com\/en\/games\/mirrors-of-deception-the-silver-peaks-secret\/\",\"url\":\"https:\/\/www.iplay.com\/en\/games\/mirrors-of-deception-the-silver-peaks-secret\/\",\"name\":\"Meurtre de Silver Peaks : aidez Agatha \u00e0 d\u00e9couvrir la v\u00e9rit\u00e9\",\"isPartOf\":{\"@id\":\"https:\/\/www.iplay.com\/en\/#website\"},\"primaryImageOfPage\":{\"@id\":\"https:\/\/www.iplay.com\/en\/games\/mirrors-of-deception-the-silver-peaks-secret\/#primaryimage\"},\"image\":{\"@id\":\"https:\/\/www.iplay.com\/en\/games\/mirrors-of-deception-the-silver-peaks-secret\/#primaryimage\"},\"thumbnailUrl\":\"https:\/\/www.iplay.com\/wp-content\/uploads\/2025\/04\/mirrors_of_deception_the_silver_peaks_secret_large_square_tile_image.webp\",\"datePublished\":\"2025-04-25T07:30:39+00:00\",\"description\":\"R\u00e9solvez 140+ \u00e9nigmes d\u2019encombrement alors qu\u2019Agatha Hastings d\u00e9couvre un meurtre dans une station de ski enneig\u00e9e - Trouvez des objets cach\u00e9s et exposez le tueur qui se cache parmi les invit\u00e9s pi\u00e9g\u00e9s.\",\"breadcrumb\":{\"@id\":\"https:\/\/www.iplay.com\/en\/games\/mirrors-of-deception-the-silver-peaks-secret\/#breadcrumb\"},\"inLanguage\":\"fr-FR\",\"potentialAction\":[{\"@type\":\"ReadAction\",\"target\":[\"https:\/\/www.iplay.com\/en\/games\/mirrors-of-deception-the-silver-peaks-secret\/\"]}]},{\"@type\":\"ImageObject\",\"inLanguage\":\"fr-FR\",\"@id\":\"https:\/\/www.iplay.com\/en\/games\/mirrors-of-deception-the-silver-peaks-secret\/#primaryimage\",\"url\":\"https:\/\/www.iplay.com\/wp-content\/uploads\/2025\/04\/mirrors_of_deception_the_silver_peaks_secret_large_square_tile_image.webp\",\"contentUrl\":\"https:\/\/www.iplay.com\/wp-content\/uploads\/2025\/04\/mirrors_of_deception_the_silver_peaks_secret_large_square_tile_image.webp\",\"width\":310,\"height\":310},{\"@type\":\"BreadcrumbList\",\"@id\":\"https:\/\/www.iplay.com\/en\/games\/mirrors-of-deception-the-silver-peaks-secret\/#breadcrumb\",\"itemListElement\":[{\"@type\":\"ListItem\",\"position\":1,\"name\":\"Home\",\"item\":\"https:\/\/www.iplay.com\/fr\/home-page-2\/\"},{\"@type\":\"ListItem\",\"position\":2,\"name\":\"Shop\",\"item\":\"https:\/\/www.iplay.com\/en\/shop\/\"},{\"@type\":\"ListItem\",\"position\":3,\"name\":\"Mirrors of Deception: The Silver Peaks Secret\"}]},{\"@type\":\"WebSite\",\"@id\":\"https:\/\/www.iplay.com\/en\/#website\",\"url\":\"https:\/\/www.iplay.com\/en\/\",\"name\":\"IPlay\",\"description\":\"The Best Casual Games!\",\"publisher\":{\"@id\":\"https:\/\/www.iplay.com\/en\/#organization\"},\"potentialAction\":[{\"@type\":\"SearchAction\",\"target\":{\"@type\":\"EntryPoint\",\"urlTemplate\":\"https:\/\/www.iplay.com\/en\/?s={search_term_string}\"},\"query-input\":{\"@type\":\"PropertyValueSpecification\",\"valueRequired\":true,\"valueName\":\"search_term_string\"}}],\"inLanguage\":\"fr-FR\"},{\"@type\":\"Organization\",\"@id\":\"https:\/\/www.iplay.com\/en\/#organization\",\"name\":\"IPlay\",\"url\":\"https:\/\/www.iplay.com\/en\/\",\"logo\":{\"@type\":\"ImageObject\",\"inLanguage\":\"fr-FR\",\"@id\":\"https:\/\/www.iplay.com\/en\/#\/schema\/logo\/image\/\",\"url\":\"https:\/\/www.iplay.com\/wp-content\/uploads\/2023\/11\/Group-6100.svg\",\"contentUrl\":\"https:\/\/www.iplay.com\/wp-content\/uploads\/2023\/11\/Group-6100.svg\",\"width\":98,\"height\":25,\"caption\":\"IPlay\"},\"image\":{\"@id\":\"https:\/\/www.iplay.com\/en\/#\/schema\/logo\/image\/\"}}]}<\/script>\n<!-- \/ Yoast SEO Premium plugin. -->","yoast_head_json":{"title":"Meurtre de Silver Peaks : aidez Agatha \u00e0 d\u00e9couvrir la v\u00e9rit\u00e9","description":"R\u00e9solvez 140+ \u00e9nigmes d\u2019encombrement alors qu\u2019Agatha Hastings d\u00e9couvre un meurtre dans une station de ski enneig\u00e9e - Trouvez des objets cach\u00e9s et exposez le tueur qui se cache parmi les invit\u00e9s pi\u00e9g\u00e9s.","robots":{"index":"index","follow":"follow","max-snippet":"max-snippet:-1","max-image-preview":"max-image-preview:large","max-video-preview":"max-video-preview:-1"},"canonical":"https:\/\/www.iplay.com\/en\/games\/mirrors-of-deception-the-silver-peaks-secret\/","og_locale":"fr_FR","og_type":"article","og_title":"Mirrors of Deception: The Silver Peaks Secret","og_description":"R\u00e9solvez 140+ \u00e9nigmes d\u2019encombrement alors qu\u2019Agatha Hastings d\u00e9couvre un meurtre dans une station de ski enneig\u00e9e - Trouvez des objets cach\u00e9s et exposez le tueur qui se cache parmi les invit\u00e9s pi\u00e9g\u00e9s.","og_url":"https:\/\/www.iplay.com\/en\/games\/mirrors-of-deception-the-silver-peaks-secret\/","og_site_name":"IPlay","og_image":[{"width":715,"height":485,"url":"https:\/\/www.iplay.com\/wp-content\/uploads\/2025\/04\/mirrors_of_deception_the_silver_peaks_secret_large_video_screenshot.webp","type":"image\/webp"}],"twitter_card":"summary_large_image","twitter_misc":{"Dur\u00e9e de lecture estim\u00e9e":"2 minutes"},"schema":{"@context":"https:\/\/schema.org","@graph":[{"@type":"WebPage","@id":"https:\/\/www.iplay.com\/en\/games\/mirrors-of-deception-the-silver-peaks-secret\/","url":"https:\/\/www.iplay.com\/en\/games\/mirrors-of-deception-the-silver-peaks-secret\/","name":"Meurtre de Silver Peaks : aidez Agatha \u00e0 d\u00e9couvrir la v\u00e9rit\u00e9","isPartOf":{"@id":"https:\/\/www.iplay.com\/en\/#website"},"primaryImageOfPage":{"@id":"https:\/\/www.iplay.com\/en\/games\/mirrors-of-deception-the-silver-peaks-secret\/#primaryimage"},"image":{"@id":"https:\/\/www.iplay.com\/en\/games\/mirrors-of-deception-the-silver-peaks-secret\/#primaryimage"},"thumbnailUrl":"https:\/\/www.iplay.com\/wp-content\/uploads\/2025\/04\/mirrors_of_deception_the_silver_peaks_secret_large_square_tile_image.webp","datePublished":"2025-04-25T07:30:39+00:00","description":"R\u00e9solvez 140+ \u00e9nigmes d\u2019encombrement alors qu\u2019Agatha Hastings d\u00e9couvre un meurtre dans une station de ski enneig\u00e9e - Trouvez des objets cach\u00e9s et exposez le tueur qui se cache parmi les invit\u00e9s pi\u00e9g\u00e9s.","breadcrumb":{"@id":"https:\/\/www.iplay.com\/en\/games\/mirrors-of-deception-the-silver-peaks-secret\/#breadcrumb"},"inLanguage":"fr-FR","potentialAction":[{"@type":"ReadAction","target":["https:\/\/www.iplay.com\/en\/games\/mirrors-of-deception-the-silver-peaks-secret\/"]}]},{"@type":"ImageObject","inLanguage":"fr-FR","@id":"https:\/\/www.iplay.com\/en\/games\/mirrors-of-deception-the-silver-peaks-secret\/#primaryimage","url":"https:\/\/www.iplay.com\/wp-content\/uploads\/2025\/04\/mirrors_of_deception_the_silver_peaks_secret_large_square_tile_image.webp","contentUrl":"https:\/\/www.iplay.com\/wp-content\/uploads\/2025\/04\/mirrors_of_deception_the_silver_peaks_secret_large_square_tile_image.webp","width":310,"height":310},{"@type":"BreadcrumbList","@id":"https:\/\/www.iplay.com\/en\/games\/mirrors-of-deception-the-silver-peaks-secret\/#breadcrumb","itemListElement":[{"@type":"ListItem","position":1,"name":"Home","item":"https:\/\/www.iplay.com\/fr\/home-page-2\/"},{"@type":"ListItem","position":2,"name":"Shop","item":"https:\/\/www.iplay.com\/en\/shop\/"},{"@type":"ListItem","position":3,"name":"Mirrors of Deception: The Silver Peaks Secret"}]},{"@type":"WebSite","@id":"https:\/\/www.iplay.com\/en\/#website","url":"https:\/\/www.iplay.com\/en\/","name":"IPlay","description":"The Best Casual Games!","publisher":{"@id":"https:\/\/www.iplay.com\/en\/#organization"},"potentialAction":[{"@type":"SearchAction","target":{"@type":"EntryPoint","urlTemplate":"https:\/\/www.iplay.com\/en\/?s={search_term_string}"},"query-input":{"@type":"PropertyValueSpecification","valueRequired":true,"valueName":"search_term_string"}}],"inLanguage":"fr-FR"},{"@type":"Organization","@id":"https:\/\/www.iplay.com\/en\/#organization","name":"IPlay","url":"https:\/\/www.iplay.com\/en\/","logo":{"@type":"ImageObject","inLanguage":"fr-FR","@id":"https:\/\/www.iplay.com\/en\/#\/schema\/logo\/image\/","url":"https:\/\/www.iplay.com\/wp-content\/uploads\/2023\/11\/Group-6100.svg","contentUrl":"https:\/\/www.iplay.com\/wp-content\/uploads\/2023\/11\/Group-6100.svg","width":98,"height":25,"caption":"IPlay"},"image":{"@id":"https:\/\/www.iplay.com\/en\/#\/schema\/logo\/image\/"}}]}},"_links":{"self":[{"href":"https:\/\/www.iplay.com\/fr\/wp-json\/wp\/v2\/product\/131937","targetHints":{"allow":["GET"]}}],"collection":[{"href":"https:\/\/www.iplay.com\/fr\/wp-json\/wp\/v2\/product"}],"about":[{"href":"https:\/\/www.iplay.com\/fr\/wp-json\/wp\/v2\/types\/product"}],"author":[{"embeddable":true,"href":"https:\/\/www.iplay.com\/fr\/wp-json\/wp\/v2\/users\/14"}],"replies":[{"embeddable":true,"href":"https:\/\/www.iplay.com\/fr\/wp-json\/wp\/v2\/comments?post=131937"}],"wp:featuredmedia":[{"embeddable":true,"href":"https:\/\/www.iplay.com\/fr\/wp-json\/wp\/v2\/media\/131901"}],"wp:attachment":[{"href":"https:\/\/www.iplay.com\/fr\/wp-json\/wp\/v2\/media?parent=131937"}],"wp:term":[{"taxonomy":"product_brand","embeddable":true,"href":"https:\/\/www.iplay.com\/fr\/wp-json\/wp\/v2\/product_brand?post=131937"},{"taxonomy":"product_cat","embeddable":true,"href":"https:\/\/www.iplay.com\/fr\/wp-json\/wp\/v2\/product_cat?post=131937"},{"taxonomy":"product_tag","embeddable":true,"href":"https:\/\/www.iplay.com\/fr\/wp-json\/wp\/v2\/product_tag?post=131937"}],"curies":[{"name":"wp","href":"https:\/\/api.w.org\/{rel}","templated":true}]}}