{"id":131716,"date":"2024-07-12T14:06:07","date_gmt":"2024-07-12T14:06:07","guid":{"rendered":"https:\/\/www.iplay.com\/games\/monkeys-ropes-party\/"},"modified":"2024-07-12T14:06:07","modified_gmt":"2024-07-12T14:06:07","slug":"monkeys-ropes-party","status":"publish","type":"product","link":"https:\/\/www.iplay.com\/fr\/games\/monkeys-ropes-party\/","title":{"rendered":"Monkey&#8217;s ropes party"},"content":{"rendered":"<p>Le plaisir entre amis est garanti dans ce nouveau jeu multijoueur, o\u00f9 jusqu\u2019\u00e0 quatre joueurs peuvent s\u2019affronter sur le m\u00eame \u00e9cran.<\/p>\n<p>L\u2019objectif est simple : \u00eatre le premier \u00e0 atteindre le sommet de l\u2019arbre.<\/p>\n<p>Le contr\u00f4le d\u2019un petit l\u00e9murien est pris, et pendant l\u2019ascension, des projectiles peuvent \u00eatre lanc\u00e9s et des bonus peuvent \u00eatre collect\u00e9s. 100&nbsp;% de plaisir garanti ! <\/p>\n<p>Monkey\u2019s Ropes Party est un jeu amusant qui mettra \u00e0 l\u2019\u00e9preuve la vitesse et les r\u00e9flexes.<\/p>\n<p>Le score le plus \u00e9lev\u00e9 doit \u00eatre atteint et les amis doivent \u00eatre battus.<\/p>\n","protected":false},"excerpt":{"rendered":"<p>Vous devez arriver le premier au sommet de votre arbre. Vous pouvez jouer jusqu\u2019\u00e0 4 joueurs. <\/p>\n","protected":false},"author":333,"featured_media":130695,"comment_status":"open","ping_status":"closed","template":"","meta":{"_acf_changed":false,"inline_featured_image":false},"product_brand":[],"product_cat":[151,179],"product_tag":[285,305,287],"class_list":{"0":"post-131716","1":"product","2":"type-product","3":"status-publish","4":"has-post-thumbnail","6":"product_cat-arcade-fr","7":"product_cat-mobile-games-fr","8":"product_tag-play-on-mac-fr","9":"product_tag-play-on-mobile-fr","10":"product_tag-play-on-pc-fr","12":"first","13":"instock","14":"shipping-taxable","15":"purchasable","16":"product-type-html5_game"},"acf":[],"yoast_head":"<!-- This site is optimized with the Yoast SEO Premium plugin v25.2 (Yoast SEO v25.2) - https:\/\/yoast.com\/wordpress\/plugins\/seo\/ -->\n<title>Monkey\u2019s ropes party - Jouez sur IPlay<\/title>\n<meta name=\"description\" content=\"Vous devez arriver le premier au sommet de votre arbre. Vous pouvez jouer jusqu\u2019\u00e0 4 joueurs.\" \/>\n<meta name=\"robots\" content=\"index, follow, max-snippet:-1, max-image-preview:large, max-video-preview:-1\" \/>\n<link rel=\"canonical\" href=\"https:\/\/www.iplay.com\/fr\/games\/monkeys-ropes-party\/\" \/>\n<meta property=\"og:locale\" content=\"fr_FR\" \/>\n<meta property=\"og:type\" content=\"article\" \/>\n<meta property=\"og:title\" content=\"Monkey&#039;s ropes party\" \/>\n<meta property=\"og:description\" content=\"Vous devez arriver le premier au sommet de votre arbre. Vous pouvez jouer jusqu\u2019\u00e0 4 joueurs.\" \/>\n<meta property=\"og:url\" content=\"https:\/\/www.iplay.com\/fr\/games\/monkeys-ropes-party\/\" \/>\n<meta property=\"og:site_name\" content=\"IPlay\" \/>\n<meta property=\"og:image\" content=\"https:\/\/www.iplay.com\/wp-content\/uploads\/2024\/07\/310x310-monkeysRopesParty.webp\" \/>\n\t<meta property=\"og:image:width\" content=\"310\" \/>\n\t<meta property=\"og:image:height\" content=\"310\" \/>\n\t<meta property=\"og:image:type\" content=\"image\/webp\" \/>\n<meta name=\"twitter:card\" content=\"summary_large_image\" \/>\n<script type=\"application\/ld+json\" class=\"yoast-schema-graph\">{\"@context\":\"https:\/\/schema.org\",\"@graph\":[{\"@type\":\"WebPage\",\"@id\":\"https:\/\/www.iplay.com\/fr\/games\/monkeys-ropes-party\/\",\"url\":\"https:\/\/www.iplay.com\/fr\/games\/monkeys-ropes-party\/\",\"name\":\"Monkey\u2019s ropes party - Jouez sur IPlay\",\"isPartOf\":{\"@id\":\"https:\/\/www.iplay.com\/en\/#website\"},\"primaryImageOfPage\":{\"@id\":\"https:\/\/www.iplay.com\/fr\/games\/monkeys-ropes-party\/#primaryimage\"},\"image\":{\"@id\":\"https:\/\/www.iplay.com\/fr\/games\/monkeys-ropes-party\/#primaryimage\"},\"thumbnailUrl\":\"https:\/\/www.iplay.com\/wp-content\/uploads\/2024\/07\/310x310-monkeysRopesParty.webp\",\"datePublished\":\"2024-07-12T14:06:07+00:00\",\"description\":\"Vous devez arriver le premier au sommet de votre arbre. Vous pouvez jouer jusqu\u2019\u00e0 4 joueurs.\",\"breadcrumb\":{\"@id\":\"https:\/\/www.iplay.com\/fr\/games\/monkeys-ropes-party\/#breadcrumb\"},\"inLanguage\":\"fr-FR\",\"potentialAction\":[{\"@type\":\"ReadAction\",\"target\":[\"https:\/\/www.iplay.com\/fr\/games\/monkeys-ropes-party\/\"]}]},{\"@type\":\"ImageObject\",\"inLanguage\":\"fr-FR\",\"@id\":\"https:\/\/www.iplay.com\/fr\/games\/monkeys-ropes-party\/#primaryimage\",\"url\":\"https:\/\/www.iplay.com\/wp-content\/uploads\/2024\/07\/310x310-monkeysRopesParty.webp\",\"contentUrl\":\"https:\/\/www.iplay.com\/wp-content\/uploads\/2024\/07\/310x310-monkeysRopesParty.webp\",\"width\":310,\"height\":310},{\"@type\":\"BreadcrumbList\",\"@id\":\"https:\/\/www.iplay.com\/fr\/games\/monkeys-ropes-party\/#breadcrumb\",\"itemListElement\":[{\"@type\":\"ListItem\",\"position\":1,\"name\":\"Home\",\"item\":\"https:\/\/www.iplay.com\/fr\/home-page-2\/\"},{\"@type\":\"ListItem\",\"position\":2,\"name\":\"Shop\",\"item\":\"https:\/\/www.iplay.com\/en\/shop\/\"},{\"@type\":\"ListItem\",\"position\":3,\"name\":\"Monkey&#8217;s ropes party\"}]},{\"@type\":\"WebSite\",\"@id\":\"https:\/\/www.iplay.com\/en\/#website\",\"url\":\"https:\/\/www.iplay.com\/en\/\",\"name\":\"IPlay\",\"description\":\"The Best Casual Games!\",\"publisher\":{\"@id\":\"https:\/\/www.iplay.com\/en\/#organization\"},\"potentialAction\":[{\"@type\":\"SearchAction\",\"target\":{\"@type\":\"EntryPoint\",\"urlTemplate\":\"https:\/\/www.iplay.com\/en\/?s={search_term_string}\"},\"query-input\":{\"@type\":\"PropertyValueSpecification\",\"valueRequired\":true,\"valueName\":\"search_term_string\"}}],\"inLanguage\":\"fr-FR\"},{\"@type\":\"Organization\",\"@id\":\"https:\/\/www.iplay.com\/en\/#organization\",\"name\":\"IPlay\",\"url\":\"https:\/\/www.iplay.com\/en\/\",\"logo\":{\"@type\":\"ImageObject\",\"inLanguage\":\"fr-FR\",\"@id\":\"https:\/\/www.iplay.com\/en\/#\/schema\/logo\/image\/\",\"url\":\"https:\/\/www.iplay.com\/wp-content\/uploads\/2023\/11\/Group-6100.svg\",\"contentUrl\":\"https:\/\/www.iplay.com\/wp-content\/uploads\/2023\/11\/Group-6100.svg\",\"width\":98,\"height\":25,\"caption\":\"IPlay\"},\"image\":{\"@id\":\"https:\/\/www.iplay.com\/en\/#\/schema\/logo\/image\/\"}}]}<\/script>\n<!-- \/ Yoast SEO Premium plugin. -->","yoast_head_json":{"title":"Monkey\u2019s ropes party - Jouez sur IPlay","description":"Vous devez arriver le premier au sommet de votre arbre. Vous pouvez jouer jusqu\u2019\u00e0 4 joueurs.","robots":{"index":"index","follow":"follow","max-snippet":"max-snippet:-1","max-image-preview":"max-image-preview:large","max-video-preview":"max-video-preview:-1"},"canonical":"https:\/\/www.iplay.com\/fr\/games\/monkeys-ropes-party\/","og_locale":"fr_FR","og_type":"article","og_title":"Monkey's ropes party","og_description":"Vous devez arriver le premier au sommet de votre arbre. Vous pouvez jouer jusqu\u2019\u00e0 4 joueurs.","og_url":"https:\/\/www.iplay.com\/fr\/games\/monkeys-ropes-party\/","og_site_name":"IPlay","og_image":[{"width":310,"height":310,"url":"https:\/\/www.iplay.com\/wp-content\/uploads\/2024\/07\/310x310-monkeysRopesParty.webp","type":"image\/webp"}],"twitter_card":"summary_large_image","schema":{"@context":"https:\/\/schema.org","@graph":[{"@type":"WebPage","@id":"https:\/\/www.iplay.com\/fr\/games\/monkeys-ropes-party\/","url":"https:\/\/www.iplay.com\/fr\/games\/monkeys-ropes-party\/","name":"Monkey\u2019s ropes party - Jouez sur IPlay","isPartOf":{"@id":"https:\/\/www.iplay.com\/en\/#website"},"primaryImageOfPage":{"@id":"https:\/\/www.iplay.com\/fr\/games\/monkeys-ropes-party\/#primaryimage"},"image":{"@id":"https:\/\/www.iplay.com\/fr\/games\/monkeys-ropes-party\/#primaryimage"},"thumbnailUrl":"https:\/\/www.iplay.com\/wp-content\/uploads\/2024\/07\/310x310-monkeysRopesParty.webp","datePublished":"2024-07-12T14:06:07+00:00","description":"Vous devez arriver le premier au sommet de votre arbre. Vous pouvez jouer jusqu\u2019\u00e0 4 joueurs.","breadcrumb":{"@id":"https:\/\/www.iplay.com\/fr\/games\/monkeys-ropes-party\/#breadcrumb"},"inLanguage":"fr-FR","potentialAction":[{"@type":"ReadAction","target":["https:\/\/www.iplay.com\/fr\/games\/monkeys-ropes-party\/"]}]},{"@type":"ImageObject","inLanguage":"fr-FR","@id":"https:\/\/www.iplay.com\/fr\/games\/monkeys-ropes-party\/#primaryimage","url":"https:\/\/www.iplay.com\/wp-content\/uploads\/2024\/07\/310x310-monkeysRopesParty.webp","contentUrl":"https:\/\/www.iplay.com\/wp-content\/uploads\/2024\/07\/310x310-monkeysRopesParty.webp","width":310,"height":310},{"@type":"BreadcrumbList","@id":"https:\/\/www.iplay.com\/fr\/games\/monkeys-ropes-party\/#breadcrumb","itemListElement":[{"@type":"ListItem","position":1,"name":"Home","item":"https:\/\/www.iplay.com\/fr\/home-page-2\/"},{"@type":"ListItem","position":2,"name":"Shop","item":"https:\/\/www.iplay.com\/en\/shop\/"},{"@type":"ListItem","position":3,"name":"Monkey&#8217;s ropes party"}]},{"@type":"WebSite","@id":"https:\/\/www.iplay.com\/en\/#website","url":"https:\/\/www.iplay.com\/en\/","name":"IPlay","description":"The Best Casual Games!","publisher":{"@id":"https:\/\/www.iplay.com\/en\/#organization"},"potentialAction":[{"@type":"SearchAction","target":{"@type":"EntryPoint","urlTemplate":"https:\/\/www.iplay.com\/en\/?s={search_term_string}"},"query-input":{"@type":"PropertyValueSpecification","valueRequired":true,"valueName":"search_term_string"}}],"inLanguage":"fr-FR"},{"@type":"Organization","@id":"https:\/\/www.iplay.com\/en\/#organization","name":"IPlay","url":"https:\/\/www.iplay.com\/en\/","logo":{"@type":"ImageObject","inLanguage":"fr-FR","@id":"https:\/\/www.iplay.com\/en\/#\/schema\/logo\/image\/","url":"https:\/\/www.iplay.com\/wp-content\/uploads\/2023\/11\/Group-6100.svg","contentUrl":"https:\/\/www.iplay.com\/wp-content\/uploads\/2023\/11\/Group-6100.svg","width":98,"height":25,"caption":"IPlay"},"image":{"@id":"https:\/\/www.iplay.com\/en\/#\/schema\/logo\/image\/"}}]}},"_links":{"self":[{"href":"https:\/\/www.iplay.com\/fr\/wp-json\/wp\/v2\/product\/131716","targetHints":{"allow":["GET"]}}],"collection":[{"href":"https:\/\/www.iplay.com\/fr\/wp-json\/wp\/v2\/product"}],"about":[{"href":"https:\/\/www.iplay.com\/fr\/wp-json\/wp\/v2\/types\/product"}],"author":[{"embeddable":true,"href":"https:\/\/www.iplay.com\/fr\/wp-json\/wp\/v2\/users\/333"}],"replies":[{"embeddable":true,"href":"https:\/\/www.iplay.com\/fr\/wp-json\/wp\/v2\/comments?post=131716"}],"wp:featuredmedia":[{"embeddable":true,"href":"https:\/\/www.iplay.com\/fr\/wp-json\/wp\/v2\/media\/130695"}],"wp:attachment":[{"href":"https:\/\/www.iplay.com\/fr\/wp-json\/wp\/v2\/media?parent=131716"}],"wp:term":[{"taxonomy":"product_brand","embeddable":true,"href":"https:\/\/www.iplay.com\/fr\/wp-json\/wp\/v2\/product_brand?post=131716"},{"taxonomy":"product_cat","embeddable":true,"href":"https:\/\/www.iplay.com\/fr\/wp-json\/wp\/v2\/product_cat?post=131716"},{"taxonomy":"product_tag","embeddable":true,"href":"https:\/\/www.iplay.com\/fr\/wp-json\/wp\/v2\/product_tag?post=131716"}],"curies":[{"name":"wp","href":"https:\/\/api.w.org\/{rel}","templated":true}]}}