{"id":131680,"date":"2024-07-12T14:06:10","date_gmt":"2024-07-12T14:06:10","guid":{"rendered":"https:\/\/www.iplay.com\/games\/100-2\/"},"modified":"2026-03-19T16:02:13","modified_gmt":"2026-03-19T16:02:13","slug":"100-2","status":"publish","type":"product","link":"https:\/\/www.iplay.com\/fr\/games\/100-2\/","title":{"rendered":"100"},"content":{"rendered":"<p>Si plusieurs passe-temps incluent les chiffres, l\u2019alchimie et l\u2019extermination de petites cr\u00e9atures innocentes, 100 est le jeu parfait.<\/p>\n<p>Dans une tour personnelle, le chaudron, les fioles et les flacons seront sortis pour pr\u00e9parer les concoctions les plus \u00e9tranges qui soient.<\/p>\n<p>100 est un jeu de puzzles et de r\u00e9flexion o\u00f9 de petites cr\u00e9atures mignonnes marqu\u00e9es d\u2019un pourcentage doivent \u00eatre regroup\u00e9es pour recr\u00e9er des cubes de 100 %.<\/p>\n<p>Les cr\u00e9atures peuvent \u00eatre gliss\u00e9es horizontalement et verticalement dans le niveau pour ajouter leurs pourcentages les unes aux autres.<\/p>\n<p>Une fois qu\u2019un cube 100&nbsp;% est fabriqu\u00e9, il se fige et ne peut plus \u00eatre utilis\u00e9 ou d\u00e9plac\u00e9.<\/p>\n<p>Tous les cubes doivent \u00eatre assembl\u00e9s pour atteindre la fin du niveau.<\/p>\n<p>Les neurones seront test\u00e9s \u00e0 travers une soixantaine de niveaux diff\u00e9rents, de plus en plus complexes.<\/p>\n<p>Toutes les cr\u00e9atures doivent \u00eatre rassembl\u00e9es, les potions les plus terrifiantes cr\u00e9\u00e9es et le titre de plus grand alchimiste prouv\u00e9.<\/p>\n","protected":false},"excerpt":{"rendered":"<p>Vos passe-temps incluent-ils l\u2019extermination de petites cr\u00e9atures ? Dans ce cas, essayez-en 100 ! <\/p>\n","protected":false},"author":333,"featured_media":130750,"comment_status":"open","ping_status":"closed","template":"","meta":{"_acf_changed":false,"inline_featured_image":false},"product_brand":[],"product_cat":[179,193],"product_tag":[285,305,287],"class_list":{"0":"post-131680","1":"product","2":"type-product","3":"status-publish","4":"has-post-thumbnail","6":"product_cat-mobile-games-fr","7":"product_cat-puzzle-fr","8":"product_tag-play-on-mac-fr","9":"product_tag-play-on-mobile-fr","10":"product_tag-play-on-pc-fr","12":"first","13":"instock","14":"shipping-taxable","15":"purchasable","16":"product-type-html5_game"},"acf":[],"yoast_head":"<!-- This site is optimized with the Yoast SEO Premium plugin v25.2 (Yoast SEO v25.2) - https:\/\/yoast.com\/wordpress\/plugins\/seo\/ -->\n<title>100 - Jouez sur IPlay<\/title>\n<meta name=\"description\" content=\"Vos passe-temps incluent-ils l\u2019extermination de petites cr\u00e9atures ? Dans ce cas, essayez-en 100 !\" \/>\n<meta name=\"robots\" content=\"index, follow, max-snippet:-1, max-image-preview:large, max-video-preview:-1\" \/>\n<link rel=\"canonical\" href=\"https:\/\/www.iplay.com\/fr\/games\/100-2\/\" \/>\n<meta property=\"og:locale\" content=\"fr_FR\" \/>\n<meta property=\"og:type\" content=\"article\" \/>\n<meta property=\"og:title\" content=\"100\" \/>\n<meta property=\"og:description\" content=\"Vos passe-temps incluent-ils l\u2019extermination de petites cr\u00e9atures ? Dans ce cas, essayez-en 100 !\" \/>\n<meta property=\"og:url\" content=\"https:\/\/www.iplay.com\/fr\/games\/100-2\/\" \/>\n<meta property=\"og:site_name\" content=\"IPlay\" \/>\n<meta property=\"article:modified_time\" content=\"2026-03-19T16:02:13+00:00\" \/>\n<meta property=\"og:image\" content=\"https:\/\/www.iplay.com\/wp-content\/uploads\/2024\/07\/310x310-oneHundred.webp\" \/>\n\t<meta property=\"og:image:width\" content=\"310\" \/>\n\t<meta property=\"og:image:height\" content=\"310\" \/>\n\t<meta property=\"og:image:type\" content=\"image\/webp\" \/>\n<meta name=\"twitter:card\" content=\"summary_large_image\" \/>\n<meta name=\"twitter:label1\" content=\"Dur\u00e9e de lecture estim\u00e9e\" \/>\n\t<meta name=\"twitter:data1\" content=\"1 minute\" \/>\n<script type=\"application\/ld+json\" class=\"yoast-schema-graph\">{\"@context\":\"https:\/\/schema.org\",\"@graph\":[{\"@type\":\"WebPage\",\"@id\":\"https:\/\/www.iplay.com\/fr\/games\/100-2\/\",\"url\":\"https:\/\/www.iplay.com\/fr\/games\/100-2\/\",\"name\":\"100 - Jouez sur IPlay\",\"isPartOf\":{\"@id\":\"https:\/\/www.iplay.com\/en\/#website\"},\"primaryImageOfPage\":{\"@id\":\"https:\/\/www.iplay.com\/fr\/games\/100-2\/#primaryimage\"},\"image\":{\"@id\":\"https:\/\/www.iplay.com\/fr\/games\/100-2\/#primaryimage\"},\"thumbnailUrl\":\"https:\/\/www.iplay.com\/wp-content\/uploads\/2024\/07\/310x310-oneHundred.webp\",\"datePublished\":\"2024-07-12T14:06:10+00:00\",\"dateModified\":\"2026-03-19T16:02:13+00:00\",\"description\":\"Vos passe-temps incluent-ils l\u2019extermination de petites cr\u00e9atures ? Dans ce cas, essayez-en 100 !\",\"breadcrumb\":{\"@id\":\"https:\/\/www.iplay.com\/fr\/games\/100-2\/#breadcrumb\"},\"inLanguage\":\"fr-FR\",\"potentialAction\":[{\"@type\":\"ReadAction\",\"target\":[\"https:\/\/www.iplay.com\/fr\/games\/100-2\/\"]}]},{\"@type\":\"ImageObject\",\"inLanguage\":\"fr-FR\",\"@id\":\"https:\/\/www.iplay.com\/fr\/games\/100-2\/#primaryimage\",\"url\":\"https:\/\/www.iplay.com\/wp-content\/uploads\/2024\/07\/310x310-oneHundred.webp\",\"contentUrl\":\"https:\/\/www.iplay.com\/wp-content\/uploads\/2024\/07\/310x310-oneHundred.webp\",\"width\":310,\"height\":310},{\"@type\":\"BreadcrumbList\",\"@id\":\"https:\/\/www.iplay.com\/fr\/games\/100-2\/#breadcrumb\",\"itemListElement\":[{\"@type\":\"ListItem\",\"position\":1,\"name\":\"Home\",\"item\":\"https:\/\/www.iplay.com\/fr\/home-page-2\/\"},{\"@type\":\"ListItem\",\"position\":2,\"name\":\"Shop\",\"item\":\"https:\/\/www.iplay.com\/en\/shop\/\"},{\"@type\":\"ListItem\",\"position\":3,\"name\":\"100\"}]},{\"@type\":\"WebSite\",\"@id\":\"https:\/\/www.iplay.com\/en\/#website\",\"url\":\"https:\/\/www.iplay.com\/en\/\",\"name\":\"IPlay\",\"description\":\"The Best Casual Games!\",\"publisher\":{\"@id\":\"https:\/\/www.iplay.com\/en\/#organization\"},\"potentialAction\":[{\"@type\":\"SearchAction\",\"target\":{\"@type\":\"EntryPoint\",\"urlTemplate\":\"https:\/\/www.iplay.com\/en\/?s={search_term_string}\"},\"query-input\":{\"@type\":\"PropertyValueSpecification\",\"valueRequired\":true,\"valueName\":\"search_term_string\"}}],\"inLanguage\":\"fr-FR\"},{\"@type\":\"Organization\",\"@id\":\"https:\/\/www.iplay.com\/en\/#organization\",\"name\":\"IPlay\",\"url\":\"https:\/\/www.iplay.com\/en\/\",\"logo\":{\"@type\":\"ImageObject\",\"inLanguage\":\"fr-FR\",\"@id\":\"https:\/\/www.iplay.com\/en\/#\/schema\/logo\/image\/\",\"url\":\"https:\/\/www.iplay.com\/wp-content\/uploads\/2023\/11\/Group-6100.svg\",\"contentUrl\":\"https:\/\/www.iplay.com\/wp-content\/uploads\/2023\/11\/Group-6100.svg\",\"width\":98,\"height\":25,\"caption\":\"IPlay\"},\"image\":{\"@id\":\"https:\/\/www.iplay.com\/en\/#\/schema\/logo\/image\/\"}}]}<\/script>\n<!-- \/ Yoast SEO Premium plugin. -->","yoast_head_json":{"title":"100 - Jouez sur IPlay","description":"Vos passe-temps incluent-ils l\u2019extermination de petites cr\u00e9atures ? Dans ce cas, essayez-en 100 !","robots":{"index":"index","follow":"follow","max-snippet":"max-snippet:-1","max-image-preview":"max-image-preview:large","max-video-preview":"max-video-preview:-1"},"canonical":"https:\/\/www.iplay.com\/fr\/games\/100-2\/","og_locale":"fr_FR","og_type":"article","og_title":"100","og_description":"Vos passe-temps incluent-ils l\u2019extermination de petites cr\u00e9atures ? Dans ce cas, essayez-en 100 !","og_url":"https:\/\/www.iplay.com\/fr\/games\/100-2\/","og_site_name":"IPlay","article_modified_time":"2026-03-19T16:02:13+00:00","og_image":[{"width":310,"height":310,"url":"https:\/\/www.iplay.com\/wp-content\/uploads\/2024\/07\/310x310-oneHundred.webp","type":"image\/webp"}],"twitter_card":"summary_large_image","twitter_misc":{"Dur\u00e9e de lecture estim\u00e9e":"1 minute"},"schema":{"@context":"https:\/\/schema.org","@graph":[{"@type":"WebPage","@id":"https:\/\/www.iplay.com\/fr\/games\/100-2\/","url":"https:\/\/www.iplay.com\/fr\/games\/100-2\/","name":"100 - Jouez sur IPlay","isPartOf":{"@id":"https:\/\/www.iplay.com\/en\/#website"},"primaryImageOfPage":{"@id":"https:\/\/www.iplay.com\/fr\/games\/100-2\/#primaryimage"},"image":{"@id":"https:\/\/www.iplay.com\/fr\/games\/100-2\/#primaryimage"},"thumbnailUrl":"https:\/\/www.iplay.com\/wp-content\/uploads\/2024\/07\/310x310-oneHundred.webp","datePublished":"2024-07-12T14:06:10+00:00","dateModified":"2026-03-19T16:02:13+00:00","description":"Vos passe-temps incluent-ils l\u2019extermination de petites cr\u00e9atures ? Dans ce cas, essayez-en 100 !","breadcrumb":{"@id":"https:\/\/www.iplay.com\/fr\/games\/100-2\/#breadcrumb"},"inLanguage":"fr-FR","potentialAction":[{"@type":"ReadAction","target":["https:\/\/www.iplay.com\/fr\/games\/100-2\/"]}]},{"@type":"ImageObject","inLanguage":"fr-FR","@id":"https:\/\/www.iplay.com\/fr\/games\/100-2\/#primaryimage","url":"https:\/\/www.iplay.com\/wp-content\/uploads\/2024\/07\/310x310-oneHundred.webp","contentUrl":"https:\/\/www.iplay.com\/wp-content\/uploads\/2024\/07\/310x310-oneHundred.webp","width":310,"height":310},{"@type":"BreadcrumbList","@id":"https:\/\/www.iplay.com\/fr\/games\/100-2\/#breadcrumb","itemListElement":[{"@type":"ListItem","position":1,"name":"Home","item":"https:\/\/www.iplay.com\/fr\/home-page-2\/"},{"@type":"ListItem","position":2,"name":"Shop","item":"https:\/\/www.iplay.com\/en\/shop\/"},{"@type":"ListItem","position":3,"name":"100"}]},{"@type":"WebSite","@id":"https:\/\/www.iplay.com\/en\/#website","url":"https:\/\/www.iplay.com\/en\/","name":"IPlay","description":"The Best Casual Games!","publisher":{"@id":"https:\/\/www.iplay.com\/en\/#organization"},"potentialAction":[{"@type":"SearchAction","target":{"@type":"EntryPoint","urlTemplate":"https:\/\/www.iplay.com\/en\/?s={search_term_string}"},"query-input":{"@type":"PropertyValueSpecification","valueRequired":true,"valueName":"search_term_string"}}],"inLanguage":"fr-FR"},{"@type":"Organization","@id":"https:\/\/www.iplay.com\/en\/#organization","name":"IPlay","url":"https:\/\/www.iplay.com\/en\/","logo":{"@type":"ImageObject","inLanguage":"fr-FR","@id":"https:\/\/www.iplay.com\/en\/#\/schema\/logo\/image\/","url":"https:\/\/www.iplay.com\/wp-content\/uploads\/2023\/11\/Group-6100.svg","contentUrl":"https:\/\/www.iplay.com\/wp-content\/uploads\/2023\/11\/Group-6100.svg","width":98,"height":25,"caption":"IPlay"},"image":{"@id":"https:\/\/www.iplay.com\/en\/#\/schema\/logo\/image\/"}}]}},"_links":{"self":[{"href":"https:\/\/www.iplay.com\/fr\/wp-json\/wp\/v2\/product\/131680","targetHints":{"allow":["GET"]}}],"collection":[{"href":"https:\/\/www.iplay.com\/fr\/wp-json\/wp\/v2\/product"}],"about":[{"href":"https:\/\/www.iplay.com\/fr\/wp-json\/wp\/v2\/types\/product"}],"author":[{"embeddable":true,"href":"https:\/\/www.iplay.com\/fr\/wp-json\/wp\/v2\/users\/333"}],"replies":[{"embeddable":true,"href":"https:\/\/www.iplay.com\/fr\/wp-json\/wp\/v2\/comments?post=131680"}],"wp:featuredmedia":[{"embeddable":true,"href":"https:\/\/www.iplay.com\/fr\/wp-json\/wp\/v2\/media\/130750"}],"wp:attachment":[{"href":"https:\/\/www.iplay.com\/fr\/wp-json\/wp\/v2\/media?parent=131680"}],"wp:term":[{"taxonomy":"product_brand","embeddable":true,"href":"https:\/\/www.iplay.com\/fr\/wp-json\/wp\/v2\/product_brand?post=131680"},{"taxonomy":"product_cat","embeddable":true,"href":"https:\/\/www.iplay.com\/fr\/wp-json\/wp\/v2\/product_cat?post=131680"},{"taxonomy":"product_tag","embeddable":true,"href":"https:\/\/www.iplay.com\/fr\/wp-json\/wp\/v2\/product_tag?post=131680"}],"curies":[{"name":"wp","href":"https:\/\/api.w.org\/{rel}","templated":true}]}}