{"id":131678,"date":"2024-07-12T14:06:10","date_gmt":"2024-07-12T14:06:10","guid":{"rendered":"https:\/\/www.iplay.com\/games\/100\/"},"modified":"2024-07-12T14:06:10","modified_gmt":"2024-07-12T14:06:10","slug":"100","status":"publish","type":"product","link":"https:\/\/www.iplay.com\/fr\/games\/100\/","title":{"rendered":"100%"},"content":{"rendered":"<p>Des cubes de 100&nbsp;% doivent \u00eatre recr\u00e9\u00e9s dans ce jeu de r\u00e9flexion pour prouver l\u2019intelligence !<\/p>\n<p>Si seulement le labo avait \u00e9t\u00e9 mieux gard\u00e9 ! Un intrus est entr\u00e9 au milieu de la nuit et a d\u00e9vers\u00e9 tous les produits chimiques ! <\/p>\n<p>Heureusement, des substances g\u00e9latineuses \u00e9taient en cours de travail, donc tout n\u2019est pas perdu. Il suffit de tra\u00eener les substances sur le sol pour tout remettre en ordre ! <\/p>\n<p>100&nbsp;% est un jeu de r\u00e9flexion et de raisonnement o\u00f9 les cubes doivent \u00eatre recr\u00e9\u00e9s \u00e0 partir de 100&nbsp;%.<\/p>\n<p>Chaque niveau contient plusieurs cubes marqu\u00e9s d\u2019un certain pourcentage.<\/p>\n<p>Ces cubes peuvent glisser horizontalement ou verticalement. Lorsqu\u2019ils se touchent, ils fusionnent et leurs pourcentages s\u2019additionnent. <\/p>\n<p>Lorsqu\u2019un cube 100 % est cr\u00e9\u00e9, il se fige et ne peut pas \u00eatre utilis\u00e9 ou d\u00e9plac\u00e9.<\/p>\n<p>Tous les cubes doivent \u00eatre r\u00e9approvisionn\u00e9s pour atteindre la fin du niveau.<\/p>\n","protected":false},"excerpt":{"rendered":"<p>Des jeux de r\u00e9flexion qui mettront votre cerveau \u00e0 l\u2019\u00e9preuve<\/p>\n","protected":false},"author":333,"featured_media":130755,"comment_status":"open","ping_status":"closed","template":"","meta":{"_acf_changed":false,"inline_featured_image":false},"product_brand":[],"product_cat":[179,193],"product_tag":[285,305,287],"class_list":{"0":"post-131678","1":"product","2":"type-product","3":"status-publish","4":"has-post-thumbnail","6":"product_cat-mobile-games-fr","7":"product_cat-puzzle-fr","8":"product_tag-play-on-mac-fr","9":"product_tag-play-on-mobile-fr","10":"product_tag-play-on-pc-fr","12":"first","13":"instock","14":"shipping-taxable","15":"purchasable","16":"product-type-html5_game"},"acf":[],"yoast_head":"<!-- This site is optimized with the Yoast SEO Premium plugin v25.2 (Yoast SEO v25.2) - https:\/\/yoast.com\/wordpress\/plugins\/seo\/ -->\n<title>100\u00a0% - Des jeux de r\u00e9flexion pour tester votre cerveau<\/title>\n<meta name=\"description\" content=\"Des jeux de r\u00e9flexion qui mettront votre cerveau \u00e0 l\u2019\u00e9preuve\" \/>\n<meta name=\"robots\" content=\"index, follow, max-snippet:-1, max-image-preview:large, max-video-preview:-1\" \/>\n<link rel=\"canonical\" href=\"https:\/\/www.iplay.com\/fr\/games\/100\/\" \/>\n<meta property=\"og:locale\" content=\"fr_FR\" \/>\n<meta property=\"og:type\" content=\"article\" \/>\n<meta property=\"og:title\" content=\"100%\" \/>\n<meta property=\"og:description\" content=\"Des jeux de r\u00e9flexion qui mettront votre cerveau \u00e0 l\u2019\u00e9preuve\" \/>\n<meta property=\"og:url\" content=\"https:\/\/www.iplay.com\/fr\/games\/100\/\" \/>\n<meta property=\"og:site_name\" content=\"IPlay\" \/>\n<meta property=\"og:image\" content=\"https:\/\/www.iplay.com\/wp-content\/uploads\/2024\/07\/310x310-oneHundredPercent.webp\" \/>\n\t<meta property=\"og:image:width\" content=\"310\" \/>\n\t<meta property=\"og:image:height\" content=\"310\" \/>\n\t<meta property=\"og:image:type\" content=\"image\/webp\" \/>\n<meta name=\"twitter:card\" content=\"summary_large_image\" \/>\n<meta name=\"twitter:label1\" content=\"Dur\u00e9e de lecture estim\u00e9e\" \/>\n\t<meta name=\"twitter:data1\" content=\"1 minute\" \/>\n<script type=\"application\/ld+json\" class=\"yoast-schema-graph\">{\"@context\":\"https:\/\/schema.org\",\"@graph\":[{\"@type\":\"WebPage\",\"@id\":\"https:\/\/www.iplay.com\/fr\/games\/100\/\",\"url\":\"https:\/\/www.iplay.com\/fr\/games\/100\/\",\"name\":\"100\u00a0% - Des jeux de r\u00e9flexion pour tester votre cerveau\",\"isPartOf\":{\"@id\":\"https:\/\/www.iplay.com\/en\/#website\"},\"primaryImageOfPage\":{\"@id\":\"https:\/\/www.iplay.com\/fr\/games\/100\/#primaryimage\"},\"image\":{\"@id\":\"https:\/\/www.iplay.com\/fr\/games\/100\/#primaryimage\"},\"thumbnailUrl\":\"https:\/\/www.iplay.com\/wp-content\/uploads\/2024\/07\/310x310-oneHundredPercent.webp\",\"datePublished\":\"2024-07-12T14:06:10+00:00\",\"description\":\"Des jeux de r\u00e9flexion qui mettront votre cerveau \u00e0 l\u2019\u00e9preuve\",\"breadcrumb\":{\"@id\":\"https:\/\/www.iplay.com\/fr\/games\/100\/#breadcrumb\"},\"inLanguage\":\"fr-FR\",\"potentialAction\":[{\"@type\":\"ReadAction\",\"target\":[\"https:\/\/www.iplay.com\/fr\/games\/100\/\"]}]},{\"@type\":\"ImageObject\",\"inLanguage\":\"fr-FR\",\"@id\":\"https:\/\/www.iplay.com\/fr\/games\/100\/#primaryimage\",\"url\":\"https:\/\/www.iplay.com\/wp-content\/uploads\/2024\/07\/310x310-oneHundredPercent.webp\",\"contentUrl\":\"https:\/\/www.iplay.com\/wp-content\/uploads\/2024\/07\/310x310-oneHundredPercent.webp\",\"width\":310,\"height\":310},{\"@type\":\"BreadcrumbList\",\"@id\":\"https:\/\/www.iplay.com\/fr\/games\/100\/#breadcrumb\",\"itemListElement\":[{\"@type\":\"ListItem\",\"position\":1,\"name\":\"Home\",\"item\":\"https:\/\/www.iplay.com\/fr\/home-page-2\/\"},{\"@type\":\"ListItem\",\"position\":2,\"name\":\"Shop\",\"item\":\"https:\/\/www.iplay.com\/en\/shop\/\"},{\"@type\":\"ListItem\",\"position\":3,\"name\":\"100%\"}]},{\"@type\":\"WebSite\",\"@id\":\"https:\/\/www.iplay.com\/en\/#website\",\"url\":\"https:\/\/www.iplay.com\/en\/\",\"name\":\"IPlay\",\"description\":\"The Best Casual Games!\",\"publisher\":{\"@id\":\"https:\/\/www.iplay.com\/en\/#organization\"},\"potentialAction\":[{\"@type\":\"SearchAction\",\"target\":{\"@type\":\"EntryPoint\",\"urlTemplate\":\"https:\/\/www.iplay.com\/en\/?s={search_term_string}\"},\"query-input\":{\"@type\":\"PropertyValueSpecification\",\"valueRequired\":true,\"valueName\":\"search_term_string\"}}],\"inLanguage\":\"fr-FR\"},{\"@type\":\"Organization\",\"@id\":\"https:\/\/www.iplay.com\/en\/#organization\",\"name\":\"IPlay\",\"url\":\"https:\/\/www.iplay.com\/en\/\",\"logo\":{\"@type\":\"ImageObject\",\"inLanguage\":\"fr-FR\",\"@id\":\"https:\/\/www.iplay.com\/en\/#\/schema\/logo\/image\/\",\"url\":\"https:\/\/www.iplay.com\/wp-content\/uploads\/2023\/11\/Group-6100.svg\",\"contentUrl\":\"https:\/\/www.iplay.com\/wp-content\/uploads\/2023\/11\/Group-6100.svg\",\"width\":98,\"height\":25,\"caption\":\"IPlay\"},\"image\":{\"@id\":\"https:\/\/www.iplay.com\/en\/#\/schema\/logo\/image\/\"}}]}<\/script>\n<!-- \/ Yoast SEO Premium plugin. -->","yoast_head_json":{"title":"100\u00a0% - Des jeux de r\u00e9flexion pour tester votre cerveau","description":"Des jeux de r\u00e9flexion qui mettront votre cerveau \u00e0 l\u2019\u00e9preuve","robots":{"index":"index","follow":"follow","max-snippet":"max-snippet:-1","max-image-preview":"max-image-preview:large","max-video-preview":"max-video-preview:-1"},"canonical":"https:\/\/www.iplay.com\/fr\/games\/100\/","og_locale":"fr_FR","og_type":"article","og_title":"100%","og_description":"Des jeux de r\u00e9flexion qui mettront votre cerveau \u00e0 l\u2019\u00e9preuve","og_url":"https:\/\/www.iplay.com\/fr\/games\/100\/","og_site_name":"IPlay","og_image":[{"width":310,"height":310,"url":"https:\/\/www.iplay.com\/wp-content\/uploads\/2024\/07\/310x310-oneHundredPercent.webp","type":"image\/webp"}],"twitter_card":"summary_large_image","twitter_misc":{"Dur\u00e9e de lecture estim\u00e9e":"1 minute"},"schema":{"@context":"https:\/\/schema.org","@graph":[{"@type":"WebPage","@id":"https:\/\/www.iplay.com\/fr\/games\/100\/","url":"https:\/\/www.iplay.com\/fr\/games\/100\/","name":"100\u00a0% - Des jeux de r\u00e9flexion pour tester votre cerveau","isPartOf":{"@id":"https:\/\/www.iplay.com\/en\/#website"},"primaryImageOfPage":{"@id":"https:\/\/www.iplay.com\/fr\/games\/100\/#primaryimage"},"image":{"@id":"https:\/\/www.iplay.com\/fr\/games\/100\/#primaryimage"},"thumbnailUrl":"https:\/\/www.iplay.com\/wp-content\/uploads\/2024\/07\/310x310-oneHundredPercent.webp","datePublished":"2024-07-12T14:06:10+00:00","description":"Des jeux de r\u00e9flexion qui mettront votre cerveau \u00e0 l\u2019\u00e9preuve","breadcrumb":{"@id":"https:\/\/www.iplay.com\/fr\/games\/100\/#breadcrumb"},"inLanguage":"fr-FR","potentialAction":[{"@type":"ReadAction","target":["https:\/\/www.iplay.com\/fr\/games\/100\/"]}]},{"@type":"ImageObject","inLanguage":"fr-FR","@id":"https:\/\/www.iplay.com\/fr\/games\/100\/#primaryimage","url":"https:\/\/www.iplay.com\/wp-content\/uploads\/2024\/07\/310x310-oneHundredPercent.webp","contentUrl":"https:\/\/www.iplay.com\/wp-content\/uploads\/2024\/07\/310x310-oneHundredPercent.webp","width":310,"height":310},{"@type":"BreadcrumbList","@id":"https:\/\/www.iplay.com\/fr\/games\/100\/#breadcrumb","itemListElement":[{"@type":"ListItem","position":1,"name":"Home","item":"https:\/\/www.iplay.com\/fr\/home-page-2\/"},{"@type":"ListItem","position":2,"name":"Shop","item":"https:\/\/www.iplay.com\/en\/shop\/"},{"@type":"ListItem","position":3,"name":"100%"}]},{"@type":"WebSite","@id":"https:\/\/www.iplay.com\/en\/#website","url":"https:\/\/www.iplay.com\/en\/","name":"IPlay","description":"The Best Casual Games!","publisher":{"@id":"https:\/\/www.iplay.com\/en\/#organization"},"potentialAction":[{"@type":"SearchAction","target":{"@type":"EntryPoint","urlTemplate":"https:\/\/www.iplay.com\/en\/?s={search_term_string}"},"query-input":{"@type":"PropertyValueSpecification","valueRequired":true,"valueName":"search_term_string"}}],"inLanguage":"fr-FR"},{"@type":"Organization","@id":"https:\/\/www.iplay.com\/en\/#organization","name":"IPlay","url":"https:\/\/www.iplay.com\/en\/","logo":{"@type":"ImageObject","inLanguage":"fr-FR","@id":"https:\/\/www.iplay.com\/en\/#\/schema\/logo\/image\/","url":"https:\/\/www.iplay.com\/wp-content\/uploads\/2023\/11\/Group-6100.svg","contentUrl":"https:\/\/www.iplay.com\/wp-content\/uploads\/2023\/11\/Group-6100.svg","width":98,"height":25,"caption":"IPlay"},"image":{"@id":"https:\/\/www.iplay.com\/en\/#\/schema\/logo\/image\/"}}]}},"_links":{"self":[{"href":"https:\/\/www.iplay.com\/fr\/wp-json\/wp\/v2\/product\/131678","targetHints":{"allow":["GET"]}}],"collection":[{"href":"https:\/\/www.iplay.com\/fr\/wp-json\/wp\/v2\/product"}],"about":[{"href":"https:\/\/www.iplay.com\/fr\/wp-json\/wp\/v2\/types\/product"}],"author":[{"embeddable":true,"href":"https:\/\/www.iplay.com\/fr\/wp-json\/wp\/v2\/users\/333"}],"replies":[{"embeddable":true,"href":"https:\/\/www.iplay.com\/fr\/wp-json\/wp\/v2\/comments?post=131678"}],"wp:featuredmedia":[{"embeddable":true,"href":"https:\/\/www.iplay.com\/fr\/wp-json\/wp\/v2\/media\/130755"}],"wp:attachment":[{"href":"https:\/\/www.iplay.com\/fr\/wp-json\/wp\/v2\/media?parent=131678"}],"wp:term":[{"taxonomy":"product_brand","embeddable":true,"href":"https:\/\/www.iplay.com\/fr\/wp-json\/wp\/v2\/product_brand?post=131678"},{"taxonomy":"product_cat","embeddable":true,"href":"https:\/\/www.iplay.com\/fr\/wp-json\/wp\/v2\/product_cat?post=131678"},{"taxonomy":"product_tag","embeddable":true,"href":"https:\/\/www.iplay.com\/fr\/wp-json\/wp\/v2\/product_tag?post=131678"}],"curies":[{"name":"wp","href":"https:\/\/api.w.org\/{rel}","templated":true}]}}