{"id":131515,"date":"2023-03-17T00:00:02","date_gmt":"2023-03-17T00:00:02","guid":{"rendered":"https:\/\/www.iplay.com\/games\/crossroad-of-worlds-mirrored-earths-collectors-edition\/"},"modified":"2023-03-17T00:00:02","modified_gmt":"2023-03-17T00:00:02","slug":"crossroad-of-worlds-mirrored-earths-collectors-edition","status":"publish","type":"product","link":"https:\/\/www.iplay.com\/fr\/games\/crossroad-of-worlds-mirrored-earths-collectors-edition\/","title":{"rendered":"Crossroad of Worlds: Mirrored Earths Collector&#8217;s Edition"},"content":{"rendered":"<p>Worlds Tracker a rouvert ses portes ! Une simple affaire prend une tournure inhabituelle lorsqu\u2019un intrus brise la collection de miroirs anciens d\u2019un mus\u00e9e d\u2019art. Lorsque vous enqu\u00eatez sur l\u2019incident \u00e0 la demande de votre oncle, qui poss\u00e8de une agence d\u2019enqu\u00eate, vous d\u00e9couvrez la v\u00e9rit\u00e9 choquante : les anciens miroirs sont des portails vers des univers parall\u00e8les fascinants ! C\u2019est \u00e0 vous de pr\u00e9server les autres univers du chaos caus\u00e9 par les dommages caus\u00e9s par les miroirs et de restaurer la prosp\u00e9rit\u00e9 des plan\u00e8tes \u00e0 l\u2019int\u00e9rieur ! Embarquez pour un voyage magique dans cette aventure remplie d\u2019\u00e9nigmes pour traquer le destructeur du monde et mettre fin \u00e0 la folie !    <\/p>\n<p>&nbsp;<\/p>\n<p>&nbsp;<\/p>\n<p><strong>Fonctionnalit\u00e9s:<\/strong><\/p>\n<p><strong><br \/>\n&#8211; Utilisez des arri\u00e8re-plans \u00e9poustouflants pour garder l\u2019exp\u00e9rience \u00e0 port\u00e9e de main ! Avec le fantastique chapitre suppl\u00e9mentaire, vous pouvez d\u00e9velopper votre histoire et vos capacit\u00e9s !   <\/strong><\/p>\n<p><strong>&#8211; Une s\u00e9lection de concept art vous montrera ce qui se passe dans les coulisses !  <\/strong><\/p>\n<p><strong>&#8211; Un lecteur de musique qui vous permet de revivre votre aventure !<\/strong><\/p>\n","protected":false},"excerpt":{"rendered":"<p>Lancez-vous dans une qu\u00eate fantastique pour traquer l\u2019entit\u00e9 destructrice du monde et mettre fin au chaos !<\/p>\n","protected":false},"author":52,"featured_media":74005,"comment_status":"open","ping_status":"closed","template":"","meta":{"_acf_changed":false,"inline_featured_image":false},"product_brand":[],"product_cat":[165],"product_tag":[287],"class_list":{"0":"post-131515","1":"product","2":"type-product","3":"status-publish","4":"has-post-thumbnail","6":"product_cat-hidden-object-fr","7":"product_tag-play-on-pc-fr","9":"first","10":"instock","11":"shipping-taxable","12":"purchasable","13":"product-type-simple"},"acf":[],"yoast_head":"<!-- This site is optimized with the Yoast SEO Premium plugin v25.2 (Yoast SEO v25.2) - https:\/\/yoast.com\/wordpress\/plugins\/seo\/ -->\n<title>Crossroad of Worlds\u00a0: Mirrored Earths Edition Collector - Fourney pour trouver le destructeur de mondes et arr\u00eater la folie<\/title>\n<meta name=\"description\" content=\"Lancez-vous dans une qu\u00eate fantastique pour traquer l\u2019entit\u00e9 destructrice du monde et mettre fin au chaos !\" \/>\n<meta name=\"robots\" content=\"index, follow, max-snippet:-1, max-image-preview:large, max-video-preview:-1\" \/>\n<link rel=\"canonical\" href=\"https:\/\/www.iplay.com\/fr\/games\/crossroad-of-worlds-mirrored-earths-collectors-edition\/\" \/>\n<meta property=\"og:locale\" content=\"fr_FR\" \/>\n<meta property=\"og:type\" content=\"article\" \/>\n<meta property=\"og:title\" content=\"Crossroad of Worlds: Mirrored Earths Collector&#039;s Edition\" \/>\n<meta property=\"og:description\" content=\"Lancez-vous dans une qu\u00eate fantastique pour traquer l\u2019entit\u00e9 destructrice du monde et mettre fin au chaos !\" \/>\n<meta property=\"og:url\" content=\"https:\/\/www.iplay.com\/fr\/games\/crossroad-of-worlds-mirrored-earths-collectors-edition\/\" \/>\n<meta property=\"og:site_name\" content=\"IPlay\" \/>\n<meta property=\"og:image\" content=\"https:\/\/www.iplay.com\/wp-content\/uploads\/2023\/12\/large_square_tile_image-2119.jpg\" \/>\n\t<meta property=\"og:image:width\" content=\"310\" \/>\n\t<meta property=\"og:image:height\" content=\"310\" \/>\n\t<meta property=\"og:image:type\" content=\"image\/jpeg\" \/>\n<meta name=\"twitter:card\" content=\"summary_large_image\" \/>\n<meta name=\"twitter:label1\" content=\"Dur\u00e9e de lecture estim\u00e9e\" \/>\n\t<meta name=\"twitter:data1\" content=\"1 minute\" \/>\n<script type=\"application\/ld+json\" class=\"yoast-schema-graph\">{\"@context\":\"https:\/\/schema.org\",\"@graph\":[{\"@type\":\"WebPage\",\"@id\":\"https:\/\/www.iplay.com\/fr\/games\/crossroad-of-worlds-mirrored-earths-collectors-edition\/\",\"url\":\"https:\/\/www.iplay.com\/fr\/games\/crossroad-of-worlds-mirrored-earths-collectors-edition\/\",\"name\":\"Crossroad of Worlds\u00a0: Mirrored Earths Edition Collector - Fourney pour trouver le destructeur de mondes et arr\u00eater la folie\",\"isPartOf\":{\"@id\":\"https:\/\/www.iplay.com\/en\/#website\"},\"primaryImageOfPage\":{\"@id\":\"https:\/\/www.iplay.com\/fr\/games\/crossroad-of-worlds-mirrored-earths-collectors-edition\/#primaryimage\"},\"image\":{\"@id\":\"https:\/\/www.iplay.com\/fr\/games\/crossroad-of-worlds-mirrored-earths-collectors-edition\/#primaryimage\"},\"thumbnailUrl\":\"https:\/\/www.iplay.com\/wp-content\/uploads\/2023\/12\/large_square_tile_image-2119.jpg\",\"datePublished\":\"2023-03-17T00:00:02+00:00\",\"description\":\"Lancez-vous dans une qu\u00eate fantastique pour traquer l\u2019entit\u00e9 destructrice du monde et mettre fin au chaos !\",\"breadcrumb\":{\"@id\":\"https:\/\/www.iplay.com\/fr\/games\/crossroad-of-worlds-mirrored-earths-collectors-edition\/#breadcrumb\"},\"inLanguage\":\"fr-FR\",\"potentialAction\":[{\"@type\":\"ReadAction\",\"target\":[\"https:\/\/www.iplay.com\/fr\/games\/crossroad-of-worlds-mirrored-earths-collectors-edition\/\"]}]},{\"@type\":\"ImageObject\",\"inLanguage\":\"fr-FR\",\"@id\":\"https:\/\/www.iplay.com\/fr\/games\/crossroad-of-worlds-mirrored-earths-collectors-edition\/#primaryimage\",\"url\":\"https:\/\/www.iplay.com\/wp-content\/uploads\/2023\/12\/large_square_tile_image-2119.jpg\",\"contentUrl\":\"https:\/\/www.iplay.com\/wp-content\/uploads\/2023\/12\/large_square_tile_image-2119.jpg\",\"width\":310,\"height\":310},{\"@type\":\"BreadcrumbList\",\"@id\":\"https:\/\/www.iplay.com\/fr\/games\/crossroad-of-worlds-mirrored-earths-collectors-edition\/#breadcrumb\",\"itemListElement\":[{\"@type\":\"ListItem\",\"position\":1,\"name\":\"Home\",\"item\":\"https:\/\/www.iplay.com\/fr\/home-page-2\/\"},{\"@type\":\"ListItem\",\"position\":2,\"name\":\"Shop\",\"item\":\"https:\/\/www.iplay.com\/en\/shop\/\"},{\"@type\":\"ListItem\",\"position\":3,\"name\":\"Crossroad of Worlds: Mirrored Earths Collector&#8217;s Edition\"}]},{\"@type\":\"WebSite\",\"@id\":\"https:\/\/www.iplay.com\/en\/#website\",\"url\":\"https:\/\/www.iplay.com\/en\/\",\"name\":\"IPlay\",\"description\":\"The Best Casual Games!\",\"publisher\":{\"@id\":\"https:\/\/www.iplay.com\/en\/#organization\"},\"potentialAction\":[{\"@type\":\"SearchAction\",\"target\":{\"@type\":\"EntryPoint\",\"urlTemplate\":\"https:\/\/www.iplay.com\/en\/?s={search_term_string}\"},\"query-input\":{\"@type\":\"PropertyValueSpecification\",\"valueRequired\":true,\"valueName\":\"search_term_string\"}}],\"inLanguage\":\"fr-FR\"},{\"@type\":\"Organization\",\"@id\":\"https:\/\/www.iplay.com\/en\/#organization\",\"name\":\"IPlay\",\"url\":\"https:\/\/www.iplay.com\/en\/\",\"logo\":{\"@type\":\"ImageObject\",\"inLanguage\":\"fr-FR\",\"@id\":\"https:\/\/www.iplay.com\/en\/#\/schema\/logo\/image\/\",\"url\":\"https:\/\/www.iplay.com\/wp-content\/uploads\/2023\/11\/Group-6100.svg\",\"contentUrl\":\"https:\/\/www.iplay.com\/wp-content\/uploads\/2023\/11\/Group-6100.svg\",\"width\":98,\"height\":25,\"caption\":\"IPlay\"},\"image\":{\"@id\":\"https:\/\/www.iplay.com\/en\/#\/schema\/logo\/image\/\"}}]}<\/script>\n<!-- \/ Yoast SEO Premium plugin. -->","yoast_head_json":{"title":"Crossroad of Worlds\u00a0: Mirrored Earths Edition Collector - Fourney pour trouver le destructeur de mondes et arr\u00eater la folie","description":"Lancez-vous dans une qu\u00eate fantastique pour traquer l\u2019entit\u00e9 destructrice du monde et mettre fin au chaos !","robots":{"index":"index","follow":"follow","max-snippet":"max-snippet:-1","max-image-preview":"max-image-preview:large","max-video-preview":"max-video-preview:-1"},"canonical":"https:\/\/www.iplay.com\/fr\/games\/crossroad-of-worlds-mirrored-earths-collectors-edition\/","og_locale":"fr_FR","og_type":"article","og_title":"Crossroad of Worlds: Mirrored Earths Collector's Edition","og_description":"Lancez-vous dans une qu\u00eate fantastique pour traquer l\u2019entit\u00e9 destructrice du monde et mettre fin au chaos !","og_url":"https:\/\/www.iplay.com\/fr\/games\/crossroad-of-worlds-mirrored-earths-collectors-edition\/","og_site_name":"IPlay","og_image":[{"width":310,"height":310,"url":"https:\/\/www.iplay.com\/wp-content\/uploads\/2023\/12\/large_square_tile_image-2119.jpg","type":"image\/jpeg"}],"twitter_card":"summary_large_image","twitter_misc":{"Dur\u00e9e de lecture estim\u00e9e":"1 minute"},"schema":{"@context":"https:\/\/schema.org","@graph":[{"@type":"WebPage","@id":"https:\/\/www.iplay.com\/fr\/games\/crossroad-of-worlds-mirrored-earths-collectors-edition\/","url":"https:\/\/www.iplay.com\/fr\/games\/crossroad-of-worlds-mirrored-earths-collectors-edition\/","name":"Crossroad of Worlds\u00a0: Mirrored Earths Edition Collector - Fourney pour trouver le destructeur de mondes et arr\u00eater la folie","isPartOf":{"@id":"https:\/\/www.iplay.com\/en\/#website"},"primaryImageOfPage":{"@id":"https:\/\/www.iplay.com\/fr\/games\/crossroad-of-worlds-mirrored-earths-collectors-edition\/#primaryimage"},"image":{"@id":"https:\/\/www.iplay.com\/fr\/games\/crossroad-of-worlds-mirrored-earths-collectors-edition\/#primaryimage"},"thumbnailUrl":"https:\/\/www.iplay.com\/wp-content\/uploads\/2023\/12\/large_square_tile_image-2119.jpg","datePublished":"2023-03-17T00:00:02+00:00","description":"Lancez-vous dans une qu\u00eate fantastique pour traquer l\u2019entit\u00e9 destructrice du monde et mettre fin au chaos !","breadcrumb":{"@id":"https:\/\/www.iplay.com\/fr\/games\/crossroad-of-worlds-mirrored-earths-collectors-edition\/#breadcrumb"},"inLanguage":"fr-FR","potentialAction":[{"@type":"ReadAction","target":["https:\/\/www.iplay.com\/fr\/games\/crossroad-of-worlds-mirrored-earths-collectors-edition\/"]}]},{"@type":"ImageObject","inLanguage":"fr-FR","@id":"https:\/\/www.iplay.com\/fr\/games\/crossroad-of-worlds-mirrored-earths-collectors-edition\/#primaryimage","url":"https:\/\/www.iplay.com\/wp-content\/uploads\/2023\/12\/large_square_tile_image-2119.jpg","contentUrl":"https:\/\/www.iplay.com\/wp-content\/uploads\/2023\/12\/large_square_tile_image-2119.jpg","width":310,"height":310},{"@type":"BreadcrumbList","@id":"https:\/\/www.iplay.com\/fr\/games\/crossroad-of-worlds-mirrored-earths-collectors-edition\/#breadcrumb","itemListElement":[{"@type":"ListItem","position":1,"name":"Home","item":"https:\/\/www.iplay.com\/fr\/home-page-2\/"},{"@type":"ListItem","position":2,"name":"Shop","item":"https:\/\/www.iplay.com\/en\/shop\/"},{"@type":"ListItem","position":3,"name":"Crossroad of Worlds: Mirrored Earths Collector&#8217;s Edition"}]},{"@type":"WebSite","@id":"https:\/\/www.iplay.com\/en\/#website","url":"https:\/\/www.iplay.com\/en\/","name":"IPlay","description":"The Best Casual Games!","publisher":{"@id":"https:\/\/www.iplay.com\/en\/#organization"},"potentialAction":[{"@type":"SearchAction","target":{"@type":"EntryPoint","urlTemplate":"https:\/\/www.iplay.com\/en\/?s={search_term_string}"},"query-input":{"@type":"PropertyValueSpecification","valueRequired":true,"valueName":"search_term_string"}}],"inLanguage":"fr-FR"},{"@type":"Organization","@id":"https:\/\/www.iplay.com\/en\/#organization","name":"IPlay","url":"https:\/\/www.iplay.com\/en\/","logo":{"@type":"ImageObject","inLanguage":"fr-FR","@id":"https:\/\/www.iplay.com\/en\/#\/schema\/logo\/image\/","url":"https:\/\/www.iplay.com\/wp-content\/uploads\/2023\/11\/Group-6100.svg","contentUrl":"https:\/\/www.iplay.com\/wp-content\/uploads\/2023\/11\/Group-6100.svg","width":98,"height":25,"caption":"IPlay"},"image":{"@id":"https:\/\/www.iplay.com\/en\/#\/schema\/logo\/image\/"}}]}},"_links":{"self":[{"href":"https:\/\/www.iplay.com\/fr\/wp-json\/wp\/v2\/product\/131515","targetHints":{"allow":["GET"]}}],"collection":[{"href":"https:\/\/www.iplay.com\/fr\/wp-json\/wp\/v2\/product"}],"about":[{"href":"https:\/\/www.iplay.com\/fr\/wp-json\/wp\/v2\/types\/product"}],"author":[{"embeddable":true,"href":"https:\/\/www.iplay.com\/fr\/wp-json\/wp\/v2\/users\/52"}],"replies":[{"embeddable":true,"href":"https:\/\/www.iplay.com\/fr\/wp-json\/wp\/v2\/comments?post=131515"}],"wp:featuredmedia":[{"embeddable":true,"href":"https:\/\/www.iplay.com\/fr\/wp-json\/wp\/v2\/media\/74005"}],"wp:attachment":[{"href":"https:\/\/www.iplay.com\/fr\/wp-json\/wp\/v2\/media?parent=131515"}],"wp:term":[{"taxonomy":"product_brand","embeddable":true,"href":"https:\/\/www.iplay.com\/fr\/wp-json\/wp\/v2\/product_brand?post=131515"},{"taxonomy":"product_cat","embeddable":true,"href":"https:\/\/www.iplay.com\/fr\/wp-json\/wp\/v2\/product_cat?post=131515"},{"taxonomy":"product_tag","embeddable":true,"href":"https:\/\/www.iplay.com\/fr\/wp-json\/wp\/v2\/product_tag?post=131515"}],"curies":[{"name":"wp","href":"https:\/\/api.w.org\/{rel}","templated":true}]}}