{"id":131431,"date":"2023-04-19T00:00:00","date_gmt":"2023-04-19T00:00:00","guid":{"rendered":"https:\/\/www.iplay.com\/games\/bridge-to-another-world-cursed-clouds-ce\/"},"modified":"2023-04-19T00:00:00","modified_gmt":"2023-04-19T00:00:00","slug":"bridge-to-another-world-cursed-clouds-ce","status":"publish","type":"product","link":"https:\/\/www.iplay.com\/fr\/games\/bridge-to-another-world-cursed-clouds-ce\/","title":{"rendered":"Bridge To Another World: Cursed Clouds CE"},"content":{"rendered":"<p>Prenez votre courage \u00e0 deux mains pour ce voyage passionnant vers un monde lointain ! Savourez le volet le plus r\u00e9cent et d\u00e9routant de la s\u00e9rie Bridge to Another World ! Celestis est une ville magnifique pleine d\u2019animaux sympathiques et bavards, d\u2019\u00eeles flottantes, de paysages \u00e0 couper le souffle et d\u2019habitants curieux. Malheureusement, une terrible mal\u00e9diction, des serpents massifs et destructeurs et des tremblements de terre en grappe arrivent en m\u00eame temps que votre s\u00e9jour ! Naturellement, vous avez fait une entr\u00e9e assez \u00e9nigmatique, et vous avez pu constater qu\u2019une grande partie de cet environnement semble \u00e9trangement famili\u00e8re, mais avec le renard serviable comme guide, vous comprendrez sans aucun doute les choses rapidement ! Apr\u00e8s tout, c\u2019est \u00e0 vous de d\u00e9couvrir un secret important et de sauver la m\u00e9tropole c\u00e9leste dans cette toute nouvelle aventure de puzzle d\u2019objets cach\u00e9s !     <\/p>\n<p>&nbsp;<\/p>\n<p>&nbsp;<\/p>\n<p><strong>Fonctionnalit\u00e9s:<\/strong><\/p>\n<p>&nbsp;<\/p>\n<p>&#8211; Combattez pour enfin lever la mal\u00e9diction de Celestis en affrontant les administrateurs tyranniques en tant que vainqueur !<br \/>\n&#8211; Localisez chaque pi\u00e8ce de puzzle et chaque objet m\u00e9tamorphe, tout en rassemblant des succ\u00e8s pour d\u00e9bloquer un bonus unique !<\/p>\n<p>&#8211; Profitez d\u2019illustrations conceptuelles exclusives, d\u2019\u00e9conomiseurs d\u2019\u00e9cran, de fonds d\u2019\u00e9cran et bien plus encore !<\/p>\n<p>&#8211; L\u2019utilisation du guide de strat\u00e9gie facilitera la navigation sur les \u00eeles flottantes !<\/p>\n","protected":false},"excerpt":{"rendered":"<p>Bienvenue dans la magnifique Celestis&nbsp;! Rassemblez vos forces pour cette aventure int\u00e9ressante dans un royaume \u00e9tranger ! <\/p>\n","protected":false},"author":17,"featured_media":73669,"comment_status":"open","ping_status":"closed","template":"","meta":{"_acf_changed":false,"inline_featured_image":false},"product_brand":[],"product_cat":[165],"product_tag":[287],"class_list":{"0":"post-131431","1":"product","2":"type-product","3":"status-publish","4":"has-post-thumbnail","6":"product_cat-hidden-object-fr","7":"product_tag-play-on-pc-fr","9":"first","10":"instock","11":"shipping-taxable","12":"purchasable","13":"product-type-simple"},"acf":[],"yoast_head":"<!-- This site is optimized with the Yoast SEO Premium plugin v25.2 (Yoast SEO v25.2) - https:\/\/yoast.com\/wordpress\/plugins\/seo\/ -->\n<title>Pont vers un autre monde\u00a0: Nuages Maudits CE - Bienvenue \u00e0 Celestis ! Prenez des forces pour un voyage fascinant<\/title>\n<meta name=\"description\" content=\"Bienvenue dans la magnifique Celestis&nbsp;! Rassemblez vos forces pour cette aventure int\u00e9ressante dans un royaume \u00e9tranger !\" \/>\n<meta name=\"robots\" content=\"index, follow, max-snippet:-1, max-image-preview:large, max-video-preview:-1\" \/>\n<link rel=\"canonical\" href=\"https:\/\/www.iplay.com\/fr\/games\/bridge-to-another-world-cursed-clouds-ce\/\" \/>\n<meta property=\"og:locale\" content=\"fr_FR\" \/>\n<meta property=\"og:type\" content=\"article\" \/>\n<meta property=\"og:title\" content=\"Bridge To Another World: Cursed Clouds CE\" \/>\n<meta property=\"og:description\" content=\"Bienvenue dans la magnifique Celestis&nbsp;! Rassemblez vos forces pour cette aventure int\u00e9ressante dans un royaume \u00e9tranger !\" \/>\n<meta property=\"og:url\" content=\"https:\/\/www.iplay.com\/fr\/games\/bridge-to-another-world-cursed-clouds-ce\/\" \/>\n<meta property=\"og:site_name\" content=\"IPlay\" \/>\n<meta property=\"og:image\" content=\"https:\/\/www.iplay.com\/wp-content\/uploads\/2023\/12\/large_square_tile_image-2097.jpg\" \/>\n\t<meta property=\"og:image:width\" content=\"310\" \/>\n\t<meta property=\"og:image:height\" content=\"310\" \/>\n\t<meta property=\"og:image:type\" content=\"image\/jpeg\" \/>\n<meta name=\"twitter:card\" content=\"summary_large_image\" \/>\n<meta name=\"twitter:label1\" content=\"Dur\u00e9e de lecture estim\u00e9e\" \/>\n\t<meta name=\"twitter:data1\" content=\"1 minute\" \/>\n<script type=\"application\/ld+json\" class=\"yoast-schema-graph\">{\"@context\":\"https:\/\/schema.org\",\"@graph\":[{\"@type\":\"WebPage\",\"@id\":\"https:\/\/www.iplay.com\/fr\/games\/bridge-to-another-world-cursed-clouds-ce\/\",\"url\":\"https:\/\/www.iplay.com\/fr\/games\/bridge-to-another-world-cursed-clouds-ce\/\",\"name\":\"Pont vers un autre monde\u00a0: Nuages Maudits CE - Bienvenue \u00e0 Celestis ! Prenez des forces pour un voyage fascinant\",\"isPartOf\":{\"@id\":\"https:\/\/www.iplay.com\/en\/#website\"},\"primaryImageOfPage\":{\"@id\":\"https:\/\/www.iplay.com\/fr\/games\/bridge-to-another-world-cursed-clouds-ce\/#primaryimage\"},\"image\":{\"@id\":\"https:\/\/www.iplay.com\/fr\/games\/bridge-to-another-world-cursed-clouds-ce\/#primaryimage\"},\"thumbnailUrl\":\"https:\/\/www.iplay.com\/wp-content\/uploads\/2023\/12\/large_square_tile_image-2097.jpg\",\"datePublished\":\"2023-04-19T00:00:00+00:00\",\"description\":\"Bienvenue dans la magnifique Celestis&nbsp;! Rassemblez vos forces pour cette aventure int\u00e9ressante dans un royaume \u00e9tranger !\",\"breadcrumb\":{\"@id\":\"https:\/\/www.iplay.com\/fr\/games\/bridge-to-another-world-cursed-clouds-ce\/#breadcrumb\"},\"inLanguage\":\"fr-FR\",\"potentialAction\":[{\"@type\":\"ReadAction\",\"target\":[\"https:\/\/www.iplay.com\/fr\/games\/bridge-to-another-world-cursed-clouds-ce\/\"]}]},{\"@type\":\"ImageObject\",\"inLanguage\":\"fr-FR\",\"@id\":\"https:\/\/www.iplay.com\/fr\/games\/bridge-to-another-world-cursed-clouds-ce\/#primaryimage\",\"url\":\"https:\/\/www.iplay.com\/wp-content\/uploads\/2023\/12\/large_square_tile_image-2097.jpg\",\"contentUrl\":\"https:\/\/www.iplay.com\/wp-content\/uploads\/2023\/12\/large_square_tile_image-2097.jpg\",\"width\":310,\"height\":310},{\"@type\":\"BreadcrumbList\",\"@id\":\"https:\/\/www.iplay.com\/fr\/games\/bridge-to-another-world-cursed-clouds-ce\/#breadcrumb\",\"itemListElement\":[{\"@type\":\"ListItem\",\"position\":1,\"name\":\"Home\",\"item\":\"https:\/\/www.iplay.com\/fr\/home-page-2\/\"},{\"@type\":\"ListItem\",\"position\":2,\"name\":\"Shop\",\"item\":\"https:\/\/www.iplay.com\/en\/shop\/\"},{\"@type\":\"ListItem\",\"position\":3,\"name\":\"Bridge To Another World: Cursed Clouds CE\"}]},{\"@type\":\"WebSite\",\"@id\":\"https:\/\/www.iplay.com\/en\/#website\",\"url\":\"https:\/\/www.iplay.com\/en\/\",\"name\":\"IPlay\",\"description\":\"The Best Casual Games!\",\"publisher\":{\"@id\":\"https:\/\/www.iplay.com\/en\/#organization\"},\"potentialAction\":[{\"@type\":\"SearchAction\",\"target\":{\"@type\":\"EntryPoint\",\"urlTemplate\":\"https:\/\/www.iplay.com\/en\/?s={search_term_string}\"},\"query-input\":{\"@type\":\"PropertyValueSpecification\",\"valueRequired\":true,\"valueName\":\"search_term_string\"}}],\"inLanguage\":\"fr-FR\"},{\"@type\":\"Organization\",\"@id\":\"https:\/\/www.iplay.com\/en\/#organization\",\"name\":\"IPlay\",\"url\":\"https:\/\/www.iplay.com\/en\/\",\"logo\":{\"@type\":\"ImageObject\",\"inLanguage\":\"fr-FR\",\"@id\":\"https:\/\/www.iplay.com\/en\/#\/schema\/logo\/image\/\",\"url\":\"https:\/\/www.iplay.com\/wp-content\/uploads\/2023\/11\/Group-6100.svg\",\"contentUrl\":\"https:\/\/www.iplay.com\/wp-content\/uploads\/2023\/11\/Group-6100.svg\",\"width\":98,\"height\":25,\"caption\":\"IPlay\"},\"image\":{\"@id\":\"https:\/\/www.iplay.com\/en\/#\/schema\/logo\/image\/\"}}]}<\/script>\n<!-- \/ Yoast SEO Premium plugin. -->","yoast_head_json":{"title":"Pont vers un autre monde\u00a0: Nuages Maudits CE - Bienvenue \u00e0 Celestis ! Prenez des forces pour un voyage fascinant","description":"Bienvenue dans la magnifique Celestis&nbsp;! Rassemblez vos forces pour cette aventure int\u00e9ressante dans un royaume \u00e9tranger !","robots":{"index":"index","follow":"follow","max-snippet":"max-snippet:-1","max-image-preview":"max-image-preview:large","max-video-preview":"max-video-preview:-1"},"canonical":"https:\/\/www.iplay.com\/fr\/games\/bridge-to-another-world-cursed-clouds-ce\/","og_locale":"fr_FR","og_type":"article","og_title":"Bridge To Another World: Cursed Clouds CE","og_description":"Bienvenue dans la magnifique Celestis&nbsp;! Rassemblez vos forces pour cette aventure int\u00e9ressante dans un royaume \u00e9tranger !","og_url":"https:\/\/www.iplay.com\/fr\/games\/bridge-to-another-world-cursed-clouds-ce\/","og_site_name":"IPlay","og_image":[{"width":310,"height":310,"url":"https:\/\/www.iplay.com\/wp-content\/uploads\/2023\/12\/large_square_tile_image-2097.jpg","type":"image\/jpeg"}],"twitter_card":"summary_large_image","twitter_misc":{"Dur\u00e9e de lecture estim\u00e9e":"1 minute"},"schema":{"@context":"https:\/\/schema.org","@graph":[{"@type":"WebPage","@id":"https:\/\/www.iplay.com\/fr\/games\/bridge-to-another-world-cursed-clouds-ce\/","url":"https:\/\/www.iplay.com\/fr\/games\/bridge-to-another-world-cursed-clouds-ce\/","name":"Pont vers un autre monde\u00a0: Nuages Maudits CE - Bienvenue \u00e0 Celestis ! Prenez des forces pour un voyage fascinant","isPartOf":{"@id":"https:\/\/www.iplay.com\/en\/#website"},"primaryImageOfPage":{"@id":"https:\/\/www.iplay.com\/fr\/games\/bridge-to-another-world-cursed-clouds-ce\/#primaryimage"},"image":{"@id":"https:\/\/www.iplay.com\/fr\/games\/bridge-to-another-world-cursed-clouds-ce\/#primaryimage"},"thumbnailUrl":"https:\/\/www.iplay.com\/wp-content\/uploads\/2023\/12\/large_square_tile_image-2097.jpg","datePublished":"2023-04-19T00:00:00+00:00","description":"Bienvenue dans la magnifique Celestis&nbsp;! Rassemblez vos forces pour cette aventure int\u00e9ressante dans un royaume \u00e9tranger !","breadcrumb":{"@id":"https:\/\/www.iplay.com\/fr\/games\/bridge-to-another-world-cursed-clouds-ce\/#breadcrumb"},"inLanguage":"fr-FR","potentialAction":[{"@type":"ReadAction","target":["https:\/\/www.iplay.com\/fr\/games\/bridge-to-another-world-cursed-clouds-ce\/"]}]},{"@type":"ImageObject","inLanguage":"fr-FR","@id":"https:\/\/www.iplay.com\/fr\/games\/bridge-to-another-world-cursed-clouds-ce\/#primaryimage","url":"https:\/\/www.iplay.com\/wp-content\/uploads\/2023\/12\/large_square_tile_image-2097.jpg","contentUrl":"https:\/\/www.iplay.com\/wp-content\/uploads\/2023\/12\/large_square_tile_image-2097.jpg","width":310,"height":310},{"@type":"BreadcrumbList","@id":"https:\/\/www.iplay.com\/fr\/games\/bridge-to-another-world-cursed-clouds-ce\/#breadcrumb","itemListElement":[{"@type":"ListItem","position":1,"name":"Home","item":"https:\/\/www.iplay.com\/fr\/home-page-2\/"},{"@type":"ListItem","position":2,"name":"Shop","item":"https:\/\/www.iplay.com\/en\/shop\/"},{"@type":"ListItem","position":3,"name":"Bridge To Another World: Cursed Clouds CE"}]},{"@type":"WebSite","@id":"https:\/\/www.iplay.com\/en\/#website","url":"https:\/\/www.iplay.com\/en\/","name":"IPlay","description":"The Best Casual Games!","publisher":{"@id":"https:\/\/www.iplay.com\/en\/#organization"},"potentialAction":[{"@type":"SearchAction","target":{"@type":"EntryPoint","urlTemplate":"https:\/\/www.iplay.com\/en\/?s={search_term_string}"},"query-input":{"@type":"PropertyValueSpecification","valueRequired":true,"valueName":"search_term_string"}}],"inLanguage":"fr-FR"},{"@type":"Organization","@id":"https:\/\/www.iplay.com\/en\/#organization","name":"IPlay","url":"https:\/\/www.iplay.com\/en\/","logo":{"@type":"ImageObject","inLanguage":"fr-FR","@id":"https:\/\/www.iplay.com\/en\/#\/schema\/logo\/image\/","url":"https:\/\/www.iplay.com\/wp-content\/uploads\/2023\/11\/Group-6100.svg","contentUrl":"https:\/\/www.iplay.com\/wp-content\/uploads\/2023\/11\/Group-6100.svg","width":98,"height":25,"caption":"IPlay"},"image":{"@id":"https:\/\/www.iplay.com\/en\/#\/schema\/logo\/image\/"}}]}},"_links":{"self":[{"href":"https:\/\/www.iplay.com\/fr\/wp-json\/wp\/v2\/product\/131431","targetHints":{"allow":["GET"]}}],"collection":[{"href":"https:\/\/www.iplay.com\/fr\/wp-json\/wp\/v2\/product"}],"about":[{"href":"https:\/\/www.iplay.com\/fr\/wp-json\/wp\/v2\/types\/product"}],"author":[{"embeddable":true,"href":"https:\/\/www.iplay.com\/fr\/wp-json\/wp\/v2\/users\/17"}],"replies":[{"embeddable":true,"href":"https:\/\/www.iplay.com\/fr\/wp-json\/wp\/v2\/comments?post=131431"}],"wp:featuredmedia":[{"embeddable":true,"href":"https:\/\/www.iplay.com\/fr\/wp-json\/wp\/v2\/media\/73669"}],"wp:attachment":[{"href":"https:\/\/www.iplay.com\/fr\/wp-json\/wp\/v2\/media?parent=131431"}],"wp:term":[{"taxonomy":"product_brand","embeddable":true,"href":"https:\/\/www.iplay.com\/fr\/wp-json\/wp\/v2\/product_brand?post=131431"},{"taxonomy":"product_cat","embeddable":true,"href":"https:\/\/www.iplay.com\/fr\/wp-json\/wp\/v2\/product_cat?post=131431"},{"taxonomy":"product_tag","embeddable":true,"href":"https:\/\/www.iplay.com\/fr\/wp-json\/wp\/v2\/product_tag?post=131431"}],"curies":[{"name":"wp","href":"https:\/\/api.w.org\/{rel}","templated":true}]}}