{"id":131378,"date":"2023-04-25T00:00:00","date_gmt":"2023-04-25T00:00:00","guid":{"rendered":"https:\/\/www.iplay.com\/games\/the-treasures-of-montezuma-4\/"},"modified":"2023-04-25T00:00:00","modified_gmt":"2023-04-25T00:00:00","slug":"the-treasures-of-montezuma-4","status":"publish","type":"product","link":"https:\/\/www.iplay.com\/fr\/games\/the-treasures-of-montezuma-4\/","title":{"rendered":"The Treasures of Montezuma 4"},"content":{"rendered":"<p>Dans les Tr\u00e9sors de Montezuma 4, lib\u00e9rez les pouvoirs des dieux et r\u00e9alisez votre destin ! Il y a tellement de myst\u00e8re et de frisson dans ce nouveau jeu de match-3 ! D\u00e9couvrez l\u2019histoire d\u2019Anna alors qu\u2019elle visite une ruine azt\u00e8que \u00e0 la recherche d\u2019un vieux secret. Il y a une tonne d\u2019\u00e9tapes, trois nouveaux modes de jeu et un combat de boss m\u00e9morable lors de ce voyage ! Vous allez avoir besoin d\u2019un peu de temps pour terminer votre voyage \u00e0 travers la jungle avec trois nouveaux modes de jeu ! Mais n\u2019oubliez pas que vous n\u2019\u00eates pas seul dans cette qu\u00eate ! Profitez de ces puissants totems et assistez \u00e0 la lib\u00e9ration de leur puissante magie ! Construisez et embellissez une ziggourat, faites progresser votre personnage jusqu\u2019au niveau 100 et gagnez tous les troph\u00e9es que vous pouvez trouver en cours de route ! D\u00e9couvrez les myst\u00e8res de l\u2019empereur Montezuma d\u00e8s maintenant !        <\/p>\n<p>&nbsp;<\/p>\n<p><strong>Remarque : ce jeu a \u00e9t\u00e9 mis \u00e0 jour pour mieux fonctionner sur les ordinateurs bas de gamme.<\/strong><\/p>\n<p>&nbsp;<\/p>\n<p>&nbsp;<\/p>\n<p><strong>Fonctionnalit\u00e9s:<\/strong><\/p>\n<p>&nbsp;<\/p>\n<p>&#8211; Trois modes<br \/>\n de jeu enti\u00e8rement nouveaux<br \/>\n&#8211; 98 niveaux en mode Histoire et 69 niveaux<br \/>\n en mode Qu\u00eate- Une bataille de boss \u00e9pique en mode<br \/>\n Histoire- Sept totems puissants et huit bonus uniques- Construisez et d\u00e9corez une ziggourat<br \/>\n&#8211; Am\u00e9liorez votre personnage au niveau 100<br \/>\n&#8211; Une tonne de r\u00e9alisations<\/p>\n","protected":false},"excerpt":{"rendered":"<p>Dans les Tr\u00e9sors de Montezuma 4, lib\u00e9rez les pouvoirs des dieux et r\u00e9alisez votre destin !<\/p>\n","protected":false},"author":8,"featured_media":58789,"comment_status":"open","ping_status":"closed","template":"","meta":{"_acf_changed":false,"inline_featured_image":false},"product_brand":[],"product_cat":[177],"product_tag":[287],"class_list":{"0":"post-131378","1":"product","2":"type-product","3":"status-publish","4":"has-post-thumbnail","6":"product_cat-match-3-fr","7":"product_tag-play-on-pc-fr","9":"first","10":"instock","11":"shipping-taxable","12":"purchasable","13":"product-type-simple"},"acf":[],"yoast_head":"<!-- This site is optimized with the Yoast SEO Premium plugin v25.2 (Yoast SEO v25.2) - https:\/\/yoast.com\/wordpress\/plugins\/seo\/ -->\n<title>The Treasures of Montezuma 4 - Lib\u00e9rez les pouvoirs des dieux dans le captivant Treasures of Montezuma 4<\/title>\n<meta name=\"description\" content=\"Dans les Tr\u00e9sors de Montezuma 4, lib\u00e9rez les pouvoirs des dieux et r\u00e9alisez votre destin !\" \/>\n<meta name=\"robots\" content=\"index, follow, max-snippet:-1, max-image-preview:large, max-video-preview:-1\" \/>\n<link rel=\"canonical\" href=\"https:\/\/www.iplay.com\/fr\/games\/the-treasures-of-montezuma-4\/\" \/>\n<meta property=\"og:locale\" content=\"fr_FR\" \/>\n<meta property=\"og:type\" content=\"article\" \/>\n<meta property=\"og:title\" content=\"The Treasures of Montezuma 4\" \/>\n<meta property=\"og:description\" content=\"Dans les Tr\u00e9sors de Montezuma 4, lib\u00e9rez les pouvoirs des dieux et r\u00e9alisez votre destin !\" \/>\n<meta property=\"og:url\" content=\"https:\/\/www.iplay.com\/fr\/games\/the-treasures-of-montezuma-4\/\" \/>\n<meta property=\"og:site_name\" content=\"IPlay\" \/>\n<meta property=\"og:image\" content=\"https:\/\/www.iplay.com\/wp-content\/uploads\/2023\/12\/large_square_tile_image-1150.jpg\" \/>\n\t<meta property=\"og:image:width\" content=\"310\" \/>\n\t<meta property=\"og:image:height\" content=\"310\" \/>\n\t<meta property=\"og:image:type\" content=\"image\/jpeg\" \/>\n<meta name=\"twitter:card\" content=\"summary_large_image\" \/>\n<meta name=\"twitter:label1\" content=\"Dur\u00e9e de lecture estim\u00e9e\" \/>\n\t<meta name=\"twitter:data1\" content=\"1 minute\" \/>\n<script type=\"application\/ld+json\" class=\"yoast-schema-graph\">{\"@context\":\"https:\/\/schema.org\",\"@graph\":[{\"@type\":\"WebPage\",\"@id\":\"https:\/\/www.iplay.com\/fr\/games\/the-treasures-of-montezuma-4\/\",\"url\":\"https:\/\/www.iplay.com\/fr\/games\/the-treasures-of-montezuma-4\/\",\"name\":\"The Treasures of Montezuma 4 - Lib\u00e9rez les pouvoirs des dieux dans le captivant Treasures of Montezuma 4\",\"isPartOf\":{\"@id\":\"https:\/\/www.iplay.com\/en\/#website\"},\"primaryImageOfPage\":{\"@id\":\"https:\/\/www.iplay.com\/fr\/games\/the-treasures-of-montezuma-4\/#primaryimage\"},\"image\":{\"@id\":\"https:\/\/www.iplay.com\/fr\/games\/the-treasures-of-montezuma-4\/#primaryimage\"},\"thumbnailUrl\":\"https:\/\/www.iplay.com\/wp-content\/uploads\/2023\/12\/large_square_tile_image-1150.jpg\",\"datePublished\":\"2023-04-25T00:00:00+00:00\",\"description\":\"Dans les Tr\u00e9sors de Montezuma 4, lib\u00e9rez les pouvoirs des dieux et r\u00e9alisez votre destin !\",\"breadcrumb\":{\"@id\":\"https:\/\/www.iplay.com\/fr\/games\/the-treasures-of-montezuma-4\/#breadcrumb\"},\"inLanguage\":\"fr-FR\",\"potentialAction\":[{\"@type\":\"ReadAction\",\"target\":[\"https:\/\/www.iplay.com\/fr\/games\/the-treasures-of-montezuma-4\/\"]}]},{\"@type\":\"ImageObject\",\"inLanguage\":\"fr-FR\",\"@id\":\"https:\/\/www.iplay.com\/fr\/games\/the-treasures-of-montezuma-4\/#primaryimage\",\"url\":\"https:\/\/www.iplay.com\/wp-content\/uploads\/2023\/12\/large_square_tile_image-1150.jpg\",\"contentUrl\":\"https:\/\/www.iplay.com\/wp-content\/uploads\/2023\/12\/large_square_tile_image-1150.jpg\",\"width\":310,\"height\":310},{\"@type\":\"BreadcrumbList\",\"@id\":\"https:\/\/www.iplay.com\/fr\/games\/the-treasures-of-montezuma-4\/#breadcrumb\",\"itemListElement\":[{\"@type\":\"ListItem\",\"position\":1,\"name\":\"Home\",\"item\":\"https:\/\/www.iplay.com\/fr\/home-page-2\/\"},{\"@type\":\"ListItem\",\"position\":2,\"name\":\"Shop\",\"item\":\"https:\/\/www.iplay.com\/en\/shop\/\"},{\"@type\":\"ListItem\",\"position\":3,\"name\":\"The Treasures of Montezuma 4\"}]},{\"@type\":\"WebSite\",\"@id\":\"https:\/\/www.iplay.com\/en\/#website\",\"url\":\"https:\/\/www.iplay.com\/en\/\",\"name\":\"IPlay\",\"description\":\"The Best Casual Games!\",\"publisher\":{\"@id\":\"https:\/\/www.iplay.com\/en\/#organization\"},\"potentialAction\":[{\"@type\":\"SearchAction\",\"target\":{\"@type\":\"EntryPoint\",\"urlTemplate\":\"https:\/\/www.iplay.com\/en\/?s={search_term_string}\"},\"query-input\":{\"@type\":\"PropertyValueSpecification\",\"valueRequired\":true,\"valueName\":\"search_term_string\"}}],\"inLanguage\":\"fr-FR\"},{\"@type\":\"Organization\",\"@id\":\"https:\/\/www.iplay.com\/en\/#organization\",\"name\":\"IPlay\",\"url\":\"https:\/\/www.iplay.com\/en\/\",\"logo\":{\"@type\":\"ImageObject\",\"inLanguage\":\"fr-FR\",\"@id\":\"https:\/\/www.iplay.com\/en\/#\/schema\/logo\/image\/\",\"url\":\"https:\/\/www.iplay.com\/wp-content\/uploads\/2023\/11\/Group-6100.svg\",\"contentUrl\":\"https:\/\/www.iplay.com\/wp-content\/uploads\/2023\/11\/Group-6100.svg\",\"width\":98,\"height\":25,\"caption\":\"IPlay\"},\"image\":{\"@id\":\"https:\/\/www.iplay.com\/en\/#\/schema\/logo\/image\/\"}}]}<\/script>\n<!-- \/ Yoast SEO Premium plugin. -->","yoast_head_json":{"title":"The Treasures of Montezuma 4 - Lib\u00e9rez les pouvoirs des dieux dans le captivant Treasures of Montezuma 4","description":"Dans les Tr\u00e9sors de Montezuma 4, lib\u00e9rez les pouvoirs des dieux et r\u00e9alisez votre destin !","robots":{"index":"index","follow":"follow","max-snippet":"max-snippet:-1","max-image-preview":"max-image-preview:large","max-video-preview":"max-video-preview:-1"},"canonical":"https:\/\/www.iplay.com\/fr\/games\/the-treasures-of-montezuma-4\/","og_locale":"fr_FR","og_type":"article","og_title":"The Treasures of Montezuma 4","og_description":"Dans les Tr\u00e9sors de Montezuma 4, lib\u00e9rez les pouvoirs des dieux et r\u00e9alisez votre destin !","og_url":"https:\/\/www.iplay.com\/fr\/games\/the-treasures-of-montezuma-4\/","og_site_name":"IPlay","og_image":[{"width":310,"height":310,"url":"https:\/\/www.iplay.com\/wp-content\/uploads\/2023\/12\/large_square_tile_image-1150.jpg","type":"image\/jpeg"}],"twitter_card":"summary_large_image","twitter_misc":{"Dur\u00e9e de lecture estim\u00e9e":"1 minute"},"schema":{"@context":"https:\/\/schema.org","@graph":[{"@type":"WebPage","@id":"https:\/\/www.iplay.com\/fr\/games\/the-treasures-of-montezuma-4\/","url":"https:\/\/www.iplay.com\/fr\/games\/the-treasures-of-montezuma-4\/","name":"The Treasures of Montezuma 4 - Lib\u00e9rez les pouvoirs des dieux dans le captivant Treasures of Montezuma 4","isPartOf":{"@id":"https:\/\/www.iplay.com\/en\/#website"},"primaryImageOfPage":{"@id":"https:\/\/www.iplay.com\/fr\/games\/the-treasures-of-montezuma-4\/#primaryimage"},"image":{"@id":"https:\/\/www.iplay.com\/fr\/games\/the-treasures-of-montezuma-4\/#primaryimage"},"thumbnailUrl":"https:\/\/www.iplay.com\/wp-content\/uploads\/2023\/12\/large_square_tile_image-1150.jpg","datePublished":"2023-04-25T00:00:00+00:00","description":"Dans les Tr\u00e9sors de Montezuma 4, lib\u00e9rez les pouvoirs des dieux et r\u00e9alisez votre destin !","breadcrumb":{"@id":"https:\/\/www.iplay.com\/fr\/games\/the-treasures-of-montezuma-4\/#breadcrumb"},"inLanguage":"fr-FR","potentialAction":[{"@type":"ReadAction","target":["https:\/\/www.iplay.com\/fr\/games\/the-treasures-of-montezuma-4\/"]}]},{"@type":"ImageObject","inLanguage":"fr-FR","@id":"https:\/\/www.iplay.com\/fr\/games\/the-treasures-of-montezuma-4\/#primaryimage","url":"https:\/\/www.iplay.com\/wp-content\/uploads\/2023\/12\/large_square_tile_image-1150.jpg","contentUrl":"https:\/\/www.iplay.com\/wp-content\/uploads\/2023\/12\/large_square_tile_image-1150.jpg","width":310,"height":310},{"@type":"BreadcrumbList","@id":"https:\/\/www.iplay.com\/fr\/games\/the-treasures-of-montezuma-4\/#breadcrumb","itemListElement":[{"@type":"ListItem","position":1,"name":"Home","item":"https:\/\/www.iplay.com\/fr\/home-page-2\/"},{"@type":"ListItem","position":2,"name":"Shop","item":"https:\/\/www.iplay.com\/en\/shop\/"},{"@type":"ListItem","position":3,"name":"The Treasures of Montezuma 4"}]},{"@type":"WebSite","@id":"https:\/\/www.iplay.com\/en\/#website","url":"https:\/\/www.iplay.com\/en\/","name":"IPlay","description":"The Best Casual Games!","publisher":{"@id":"https:\/\/www.iplay.com\/en\/#organization"},"potentialAction":[{"@type":"SearchAction","target":{"@type":"EntryPoint","urlTemplate":"https:\/\/www.iplay.com\/en\/?s={search_term_string}"},"query-input":{"@type":"PropertyValueSpecification","valueRequired":true,"valueName":"search_term_string"}}],"inLanguage":"fr-FR"},{"@type":"Organization","@id":"https:\/\/www.iplay.com\/en\/#organization","name":"IPlay","url":"https:\/\/www.iplay.com\/en\/","logo":{"@type":"ImageObject","inLanguage":"fr-FR","@id":"https:\/\/www.iplay.com\/en\/#\/schema\/logo\/image\/","url":"https:\/\/www.iplay.com\/wp-content\/uploads\/2023\/11\/Group-6100.svg","contentUrl":"https:\/\/www.iplay.com\/wp-content\/uploads\/2023\/11\/Group-6100.svg","width":98,"height":25,"caption":"IPlay"},"image":{"@id":"https:\/\/www.iplay.com\/en\/#\/schema\/logo\/image\/"}}]}},"_links":{"self":[{"href":"https:\/\/www.iplay.com\/fr\/wp-json\/wp\/v2\/product\/131378","targetHints":{"allow":["GET"]}}],"collection":[{"href":"https:\/\/www.iplay.com\/fr\/wp-json\/wp\/v2\/product"}],"about":[{"href":"https:\/\/www.iplay.com\/fr\/wp-json\/wp\/v2\/types\/product"}],"author":[{"embeddable":true,"href":"https:\/\/www.iplay.com\/fr\/wp-json\/wp\/v2\/users\/8"}],"replies":[{"embeddable":true,"href":"https:\/\/www.iplay.com\/fr\/wp-json\/wp\/v2\/comments?post=131378"}],"wp:featuredmedia":[{"embeddable":true,"href":"https:\/\/www.iplay.com\/fr\/wp-json\/wp\/v2\/media\/58789"}],"wp:attachment":[{"href":"https:\/\/www.iplay.com\/fr\/wp-json\/wp\/v2\/media?parent=131378"}],"wp:term":[{"taxonomy":"product_brand","embeddable":true,"href":"https:\/\/www.iplay.com\/fr\/wp-json\/wp\/v2\/product_brand?post=131378"},{"taxonomy":"product_cat","embeddable":true,"href":"https:\/\/www.iplay.com\/fr\/wp-json\/wp\/v2\/product_cat?post=131378"},{"taxonomy":"product_tag","embeddable":true,"href":"https:\/\/www.iplay.com\/fr\/wp-json\/wp\/v2\/product_tag?post=131378"}],"curies":[{"name":"wp","href":"https:\/\/api.w.org\/{rel}","templated":true}]}}