{"id":131375,"date":"2023-05-02T00:00:00","date_gmt":"2023-05-02T00:00:00","guid":{"rendered":"https:\/\/www.iplay.com\/games\/travel-mosaics-a-paris-tour\/"},"modified":"2023-05-02T00:00:00","modified_gmt":"2023-05-02T00:00:00","slug":"travel-mosaics-a-paris-tour","status":"publish","type":"product","link":"https:\/\/www.iplay.com\/fr\/games\/travel-mosaics-a-paris-tour\/","title":{"rendered":"Travel Mosaics &#8211; A Paris Tour"},"content":{"rendered":"<p>Pour les joueurs de tous \u00e2ges, Travel Mosaics &#8211; A Paris Tour est un jeu immens\u00e9ment engageant, dynamique et \u00e9ducatif. En suivant la famille Walker dans sa visite des attractions touristiques les plus connues et les plus importantes de Paris, vous acquerrez de nouvelles comp\u00e9tences, r\u00e9soudrez des \u00e9nigmes difficiles et rassemblerez des pi\u00e8ces d\u2019or et des souvenirs. Le jeu propose 140 nonogrammes, \u00e9galement appel\u00e9s Picross ou Griddlers, mais contrairement aux nonogrammes traditionnels, ceux du jeu sont cod\u00e9s par couleur. Chaque puzzle rec\u00e8le une image semi-abstraite humoristique. En utilisant vos capacit\u00e9s de d\u00e9duction, terminez le niveau en remplissant les carr\u00e9s avec la couleur appropri\u00e9e et en r\u00e9v\u00e9lant l\u2019image cach\u00e9e derri\u00e8re la grille. Bien qu\u2019il y ait beaucoup d\u2019assistance, pour d\u00e9bloquer les niveaux bonus, vous devez terminer les niveaux sans faire d\u2019erreurs ni utiliser d\u2019aide.     <\/p>\n<p>&nbsp;<\/p>\n<p>&nbsp;<\/p>\n<p><strong>Fonctionnalit\u00e9s:<\/strong><\/p>\n<p>&nbsp;<\/p>\n<p>&#8211; 120 nonogrammes \u00e0 code couleur, 20 nonogrammes bonus et 20 puzzles suppl\u00e9mentaires, des images semi-abstraites amusantes que vous d\u00e9couvrez en terminant chaque niveau et deux modes de difficult\u00e9 pour un jeu occasionnel ou stimulant.<\/p>\n<p>&#8211; Des questions triviales d\u00e9licates sur Paris &#8211; Une visite virtuelle \u00e9tonnante de Paris qui comprend des arr\u00eats dans certaines des principales destinations touristiques de la capitale fran\u00e7aise<\/p>\n<p>&#8211; 120 nonogrammes \u00e0 code couleur, 20 nonogrammes bonus et 20 autres puzzles<\/p>\n<p>&#8211; Des images semi-abstraites agr\u00e9ables que vous d\u00e9couvrez en terminant chaque niveau<\/p>\n<p>&#8211; Deux niveaux de difficult\u00e9 au choix pour un jeu l\u00e9ger ou un d\u00e9fi s\u00e9rieux ! Questions triviales difficiles concernant Paris<\/p>\n","protected":false},"excerpt":{"rendered":"<p>Faites le tour de Paris avec la famille Walker !<\/p>\n","protected":false},"author":14,"featured_media":103618,"comment_status":"open","ping_status":"closed","template":"","meta":{"_acf_changed":false,"inline_featured_image":false},"product_brand":[],"product_cat":[193],"product_tag":[],"class_list":{"0":"post-131375","1":"product","2":"type-product","3":"status-publish","4":"has-post-thumbnail","6":"product_cat-puzzle-fr","8":"first","9":"instock","10":"shipping-taxable","11":"purchasable","12":"product-type-simple"},"acf":[],"yoast_head":"<!-- This site is optimized with the Yoast SEO Premium plugin v25.2 (Yoast SEO v25.2) - https:\/\/yoast.com\/wordpress\/plugins\/seo\/ -->\n<title>Mosa\u00efques de voyage - Une visite de Paris - Rejoignez la famille Walkers pour une visite passionnante de Paris<\/title>\n<meta name=\"description\" content=\"Faites le tour de Paris avec la famille Walker !\" \/>\n<meta name=\"robots\" content=\"index, follow, max-snippet:-1, max-image-preview:large, max-video-preview:-1\" \/>\n<link rel=\"canonical\" href=\"https:\/\/www.iplay.com\/fr\/games\/travel-mosaics-a-paris-tour\/\" \/>\n<meta property=\"og:locale\" content=\"fr_FR\" \/>\n<meta property=\"og:type\" content=\"article\" \/>\n<meta property=\"og:title\" content=\"Travel Mosaics - A Paris Tour\" \/>\n<meta property=\"og:description\" content=\"Faites le tour de Paris avec la famille Walker !\" \/>\n<meta property=\"og:url\" content=\"https:\/\/www.iplay.com\/fr\/games\/travel-mosaics-a-paris-tour\/\" \/>\n<meta property=\"og:site_name\" content=\"IPlay\" \/>\n<meta property=\"og:image\" content=\"https:\/\/www.iplay.com\/wp-content\/uploads\/2023\/12\/large_square_tile_image-3990.jpg\" \/>\n\t<meta property=\"og:image:width\" content=\"310\" \/>\n\t<meta property=\"og:image:height\" content=\"310\" \/>\n\t<meta property=\"og:image:type\" content=\"image\/jpeg\" \/>\n<meta name=\"twitter:card\" content=\"summary_large_image\" \/>\n<meta name=\"twitter:label1\" content=\"Dur\u00e9e de lecture estim\u00e9e\" \/>\n\t<meta name=\"twitter:data1\" content=\"1 minute\" \/>\n<script type=\"application\/ld+json\" class=\"yoast-schema-graph\">{\"@context\":\"https:\/\/schema.org\",\"@graph\":[{\"@type\":\"WebPage\",\"@id\":\"https:\/\/www.iplay.com\/fr\/games\/travel-mosaics-a-paris-tour\/\",\"url\":\"https:\/\/www.iplay.com\/fr\/games\/travel-mosaics-a-paris-tour\/\",\"name\":\"Mosa\u00efques de voyage - Une visite de Paris - Rejoignez la famille Walkers pour une visite passionnante de Paris\",\"isPartOf\":{\"@id\":\"https:\/\/www.iplay.com\/en\/#website\"},\"primaryImageOfPage\":{\"@id\":\"https:\/\/www.iplay.com\/fr\/games\/travel-mosaics-a-paris-tour\/#primaryimage\"},\"image\":{\"@id\":\"https:\/\/www.iplay.com\/fr\/games\/travel-mosaics-a-paris-tour\/#primaryimage\"},\"thumbnailUrl\":\"https:\/\/www.iplay.com\/wp-content\/uploads\/2023\/12\/large_square_tile_image-3990.jpg\",\"datePublished\":\"2023-05-02T00:00:00+00:00\",\"description\":\"Faites le tour de Paris avec la famille Walker !\",\"breadcrumb\":{\"@id\":\"https:\/\/www.iplay.com\/fr\/games\/travel-mosaics-a-paris-tour\/#breadcrumb\"},\"inLanguage\":\"fr-FR\",\"potentialAction\":[{\"@type\":\"ReadAction\",\"target\":[\"https:\/\/www.iplay.com\/fr\/games\/travel-mosaics-a-paris-tour\/\"]}]},{\"@type\":\"ImageObject\",\"inLanguage\":\"fr-FR\",\"@id\":\"https:\/\/www.iplay.com\/fr\/games\/travel-mosaics-a-paris-tour\/#primaryimage\",\"url\":\"https:\/\/www.iplay.com\/wp-content\/uploads\/2023\/12\/large_square_tile_image-3990.jpg\",\"contentUrl\":\"https:\/\/www.iplay.com\/wp-content\/uploads\/2023\/12\/large_square_tile_image-3990.jpg\",\"width\":310,\"height\":310},{\"@type\":\"BreadcrumbList\",\"@id\":\"https:\/\/www.iplay.com\/fr\/games\/travel-mosaics-a-paris-tour\/#breadcrumb\",\"itemListElement\":[{\"@type\":\"ListItem\",\"position\":1,\"name\":\"Home\",\"item\":\"https:\/\/www.iplay.com\/fr\/home-page-2\/\"},{\"@type\":\"ListItem\",\"position\":2,\"name\":\"Shop\",\"item\":\"https:\/\/www.iplay.com\/en\/shop\/\"},{\"@type\":\"ListItem\",\"position\":3,\"name\":\"Travel Mosaics &#8211; A Paris Tour\"}]},{\"@type\":\"WebSite\",\"@id\":\"https:\/\/www.iplay.com\/en\/#website\",\"url\":\"https:\/\/www.iplay.com\/en\/\",\"name\":\"IPlay\",\"description\":\"The Best Casual Games!\",\"publisher\":{\"@id\":\"https:\/\/www.iplay.com\/en\/#organization\"},\"potentialAction\":[{\"@type\":\"SearchAction\",\"target\":{\"@type\":\"EntryPoint\",\"urlTemplate\":\"https:\/\/www.iplay.com\/en\/?s={search_term_string}\"},\"query-input\":{\"@type\":\"PropertyValueSpecification\",\"valueRequired\":true,\"valueName\":\"search_term_string\"}}],\"inLanguage\":\"fr-FR\"},{\"@type\":\"Organization\",\"@id\":\"https:\/\/www.iplay.com\/en\/#organization\",\"name\":\"IPlay\",\"url\":\"https:\/\/www.iplay.com\/en\/\",\"logo\":{\"@type\":\"ImageObject\",\"inLanguage\":\"fr-FR\",\"@id\":\"https:\/\/www.iplay.com\/en\/#\/schema\/logo\/image\/\",\"url\":\"https:\/\/www.iplay.com\/wp-content\/uploads\/2023\/11\/Group-6100.svg\",\"contentUrl\":\"https:\/\/www.iplay.com\/wp-content\/uploads\/2023\/11\/Group-6100.svg\",\"width\":98,\"height\":25,\"caption\":\"IPlay\"},\"image\":{\"@id\":\"https:\/\/www.iplay.com\/en\/#\/schema\/logo\/image\/\"}}]}<\/script>\n<!-- \/ Yoast SEO Premium plugin. -->","yoast_head_json":{"title":"Mosa\u00efques de voyage - Une visite de Paris - Rejoignez la famille Walkers pour une visite passionnante de Paris","description":"Faites le tour de Paris avec la famille Walker !","robots":{"index":"index","follow":"follow","max-snippet":"max-snippet:-1","max-image-preview":"max-image-preview:large","max-video-preview":"max-video-preview:-1"},"canonical":"https:\/\/www.iplay.com\/fr\/games\/travel-mosaics-a-paris-tour\/","og_locale":"fr_FR","og_type":"article","og_title":"Travel Mosaics - A Paris Tour","og_description":"Faites le tour de Paris avec la famille Walker !","og_url":"https:\/\/www.iplay.com\/fr\/games\/travel-mosaics-a-paris-tour\/","og_site_name":"IPlay","og_image":[{"width":310,"height":310,"url":"https:\/\/www.iplay.com\/wp-content\/uploads\/2023\/12\/large_square_tile_image-3990.jpg","type":"image\/jpeg"}],"twitter_card":"summary_large_image","twitter_misc":{"Dur\u00e9e de lecture estim\u00e9e":"1 minute"},"schema":{"@context":"https:\/\/schema.org","@graph":[{"@type":"WebPage","@id":"https:\/\/www.iplay.com\/fr\/games\/travel-mosaics-a-paris-tour\/","url":"https:\/\/www.iplay.com\/fr\/games\/travel-mosaics-a-paris-tour\/","name":"Mosa\u00efques de voyage - Une visite de Paris - Rejoignez la famille Walkers pour une visite passionnante de Paris","isPartOf":{"@id":"https:\/\/www.iplay.com\/en\/#website"},"primaryImageOfPage":{"@id":"https:\/\/www.iplay.com\/fr\/games\/travel-mosaics-a-paris-tour\/#primaryimage"},"image":{"@id":"https:\/\/www.iplay.com\/fr\/games\/travel-mosaics-a-paris-tour\/#primaryimage"},"thumbnailUrl":"https:\/\/www.iplay.com\/wp-content\/uploads\/2023\/12\/large_square_tile_image-3990.jpg","datePublished":"2023-05-02T00:00:00+00:00","description":"Faites le tour de Paris avec la famille Walker !","breadcrumb":{"@id":"https:\/\/www.iplay.com\/fr\/games\/travel-mosaics-a-paris-tour\/#breadcrumb"},"inLanguage":"fr-FR","potentialAction":[{"@type":"ReadAction","target":["https:\/\/www.iplay.com\/fr\/games\/travel-mosaics-a-paris-tour\/"]}]},{"@type":"ImageObject","inLanguage":"fr-FR","@id":"https:\/\/www.iplay.com\/fr\/games\/travel-mosaics-a-paris-tour\/#primaryimage","url":"https:\/\/www.iplay.com\/wp-content\/uploads\/2023\/12\/large_square_tile_image-3990.jpg","contentUrl":"https:\/\/www.iplay.com\/wp-content\/uploads\/2023\/12\/large_square_tile_image-3990.jpg","width":310,"height":310},{"@type":"BreadcrumbList","@id":"https:\/\/www.iplay.com\/fr\/games\/travel-mosaics-a-paris-tour\/#breadcrumb","itemListElement":[{"@type":"ListItem","position":1,"name":"Home","item":"https:\/\/www.iplay.com\/fr\/home-page-2\/"},{"@type":"ListItem","position":2,"name":"Shop","item":"https:\/\/www.iplay.com\/en\/shop\/"},{"@type":"ListItem","position":3,"name":"Travel Mosaics &#8211; A Paris Tour"}]},{"@type":"WebSite","@id":"https:\/\/www.iplay.com\/en\/#website","url":"https:\/\/www.iplay.com\/en\/","name":"IPlay","description":"The Best Casual Games!","publisher":{"@id":"https:\/\/www.iplay.com\/en\/#organization"},"potentialAction":[{"@type":"SearchAction","target":{"@type":"EntryPoint","urlTemplate":"https:\/\/www.iplay.com\/en\/?s={search_term_string}"},"query-input":{"@type":"PropertyValueSpecification","valueRequired":true,"valueName":"search_term_string"}}],"inLanguage":"fr-FR"},{"@type":"Organization","@id":"https:\/\/www.iplay.com\/en\/#organization","name":"IPlay","url":"https:\/\/www.iplay.com\/en\/","logo":{"@type":"ImageObject","inLanguage":"fr-FR","@id":"https:\/\/www.iplay.com\/en\/#\/schema\/logo\/image\/","url":"https:\/\/www.iplay.com\/wp-content\/uploads\/2023\/11\/Group-6100.svg","contentUrl":"https:\/\/www.iplay.com\/wp-content\/uploads\/2023\/11\/Group-6100.svg","width":98,"height":25,"caption":"IPlay"},"image":{"@id":"https:\/\/www.iplay.com\/en\/#\/schema\/logo\/image\/"}}]}},"_links":{"self":[{"href":"https:\/\/www.iplay.com\/fr\/wp-json\/wp\/v2\/product\/131375","targetHints":{"allow":["GET"]}}],"collection":[{"href":"https:\/\/www.iplay.com\/fr\/wp-json\/wp\/v2\/product"}],"about":[{"href":"https:\/\/www.iplay.com\/fr\/wp-json\/wp\/v2\/types\/product"}],"author":[{"embeddable":true,"href":"https:\/\/www.iplay.com\/fr\/wp-json\/wp\/v2\/users\/14"}],"replies":[{"embeddable":true,"href":"https:\/\/www.iplay.com\/fr\/wp-json\/wp\/v2\/comments?post=131375"}],"wp:featuredmedia":[{"embeddable":true,"href":"https:\/\/www.iplay.com\/fr\/wp-json\/wp\/v2\/media\/103618"}],"wp:attachment":[{"href":"https:\/\/www.iplay.com\/fr\/wp-json\/wp\/v2\/media?parent=131375"}],"wp:term":[{"taxonomy":"product_brand","embeddable":true,"href":"https:\/\/www.iplay.com\/fr\/wp-json\/wp\/v2\/product_brand?post=131375"},{"taxonomy":"product_cat","embeddable":true,"href":"https:\/\/www.iplay.com\/fr\/wp-json\/wp\/v2\/product_cat?post=131375"},{"taxonomy":"product_tag","embeddable":true,"href":"https:\/\/www.iplay.com\/fr\/wp-json\/wp\/v2\/product_tag?post=131375"}],"curies":[{"name":"wp","href":"https:\/\/api.w.org\/{rel}","templated":true}]}}