{"id":131337,"date":"2023-05-05T00:00:02","date_gmt":"2023-05-05T00:00:02","guid":{"rendered":"https:\/\/www.iplay.com\/games\/living-legends-the-blue-chamber-collectors-edition\/"},"modified":"2023-05-05T00:00:02","modified_gmt":"2023-05-05T00:00:02","slug":"living-legends-the-blue-chamber-collectors-edition","status":"publish","type":"product","link":"https:\/\/www.iplay.com\/fr\/games\/living-legends-the-blue-chamber-collectors-edition\/","title":{"rendered":"Living Legends: The Blue Chamber Collector&#8217;s Edition"},"content":{"rendered":"<p>La Chambre bleue dans Living Legends est un nouveau meurtre, un myst\u00e8re et une histoire magique captivants ! Quand Alex arrive au ch\u00e2teau du Nid d\u2019oiseau, sa s\u0153ur est partie, et un tableau qui a pris vie attaque son mari et ce n\u2019est que le d\u00e9but ! Aidez Alex \u00e0 surmonter les d\u00e9fis du ch\u00e2teau alors qu\u2019il recherche la v\u00e9rit\u00e9 sur le pass\u00e9 troubl\u00e9 du ch\u00e2teau et les histoires d\u2019une mal\u00e9diction qui y persiste aujourd\u2019hui ! Pour percer le myst\u00e8re et sauver la s\u0153ur d\u2019Alex, vous devrez utiliser toutes les astuces du livre dans ce nouveau jeu d\u2019aventure et de puzzle d\u2019objets cach\u00e9s intriguant !   <\/p>\n<p>&nbsp;<\/p>\n<p>&nbsp;<\/p>\n<p><strong>Fonctionnalit\u00e9s:<\/strong><\/p>\n<p>&nbsp;<\/p>\n<p>&#8211; Aidez la c\u00e9l\u00e8bre artiste, Katrina, \u00e0 surmonter l\u2019horrible mal\u00e9diction jet\u00e9e par les peintures magiques sur son fils, Christian !<br \/>\n&#8211; Rassemblez des objets changeants et des oiseaux mystiques dans chaque sc\u00e9nario ! D\u00e9couvrez le puzzle suppl\u00e9mentaire dans Extras ! Appr\u00e9ciez la bande-son, les \u00e9conomiseurs d\u2019\u00e9cran et les fonds d\u2019\u00e9cran du jeu ! Gardez-en un de chaque genre pour plus tard&nbsp;!<br \/>\n&#8211; Utilisez le guide de strat\u00e9gie pour ne jamais vous perdre !<\/p>\n","protected":false},"excerpt":{"rendered":"<p>Quand l\u2019art est model\u00e9 par la vie ! La seule personne capable de lever la mal\u00e9diction du Ch\u00e2teau du Nid d\u2019Oiseau, c\u2019est vous ! <\/p>\n","protected":false},"author":17,"featured_media":73493,"comment_status":"open","ping_status":"closed","template":"","meta":{"_acf_changed":false,"inline_featured_image":false},"product_brand":[],"product_cat":[165],"product_tag":[287],"class_list":{"0":"post-131337","1":"product","2":"type-product","3":"status-publish","4":"has-post-thumbnail","6":"product_cat-hidden-object-fr","7":"product_tag-play-on-pc-fr","9":"first","10":"instock","11":"shipping-taxable","12":"purchasable","13":"product-type-simple"},"acf":[],"yoast_head":"<!-- This site is optimized with the Yoast SEO Premium plugin v25.2 (Yoast SEO v25.2) - https:\/\/yoast.com\/wordpress\/plugins\/seo\/ -->\n<title>Living Legends\u00a0: La Chambre Bleue Edition Collector - Brisez la mal\u00e9diction du ch\u00e2teau du Nid d\u2019oiseau dans La vie imite l\u2019art<\/title>\n<meta name=\"description\" content=\"Quand l\u2019art est model\u00e9 par la vie ! La seule personne capable de lever la mal\u00e9diction du Ch\u00e2teau du Nid d\u2019Oiseau, c\u2019est vous !\" \/>\n<meta name=\"robots\" content=\"index, follow, max-snippet:-1, max-image-preview:large, max-video-preview:-1\" \/>\n<link rel=\"canonical\" href=\"https:\/\/www.iplay.com\/fr\/games\/living-legends-the-blue-chamber-collectors-edition\/\" \/>\n<meta property=\"og:locale\" content=\"fr_FR\" \/>\n<meta property=\"og:type\" content=\"article\" \/>\n<meta property=\"og:title\" content=\"Living Legends: The Blue Chamber Collector&#039;s Edition\" \/>\n<meta property=\"og:description\" content=\"Quand l\u2019art est model\u00e9 par la vie ! La seule personne capable de lever la mal\u00e9diction du Ch\u00e2teau du Nid d\u2019Oiseau, c\u2019est vous !\" \/>\n<meta property=\"og:url\" content=\"https:\/\/www.iplay.com\/fr\/games\/living-legends-the-blue-chamber-collectors-edition\/\" \/>\n<meta property=\"og:site_name\" content=\"IPlay\" \/>\n<meta property=\"og:image\" content=\"https:\/\/www.iplay.com\/wp-content\/uploads\/2023\/12\/large_square_tile_image-2086.jpg\" \/>\n\t<meta property=\"og:image:width\" content=\"310\" \/>\n\t<meta property=\"og:image:height\" content=\"310\" \/>\n\t<meta property=\"og:image:type\" content=\"image\/jpeg\" \/>\n<meta name=\"twitter:card\" content=\"summary_large_image\" \/>\n<meta name=\"twitter:label1\" content=\"Dur\u00e9e de lecture estim\u00e9e\" \/>\n\t<meta name=\"twitter:data1\" content=\"1 minute\" \/>\n<script type=\"application\/ld+json\" class=\"yoast-schema-graph\">{\"@context\":\"https:\/\/schema.org\",\"@graph\":[{\"@type\":\"WebPage\",\"@id\":\"https:\/\/www.iplay.com\/fr\/games\/living-legends-the-blue-chamber-collectors-edition\/\",\"url\":\"https:\/\/www.iplay.com\/fr\/games\/living-legends-the-blue-chamber-collectors-edition\/\",\"name\":\"Living Legends\u00a0: La Chambre Bleue Edition Collector - Brisez la mal\u00e9diction du ch\u00e2teau du Nid d\u2019oiseau dans La vie imite l\u2019art\",\"isPartOf\":{\"@id\":\"https:\/\/www.iplay.com\/en\/#website\"},\"primaryImageOfPage\":{\"@id\":\"https:\/\/www.iplay.com\/fr\/games\/living-legends-the-blue-chamber-collectors-edition\/#primaryimage\"},\"image\":{\"@id\":\"https:\/\/www.iplay.com\/fr\/games\/living-legends-the-blue-chamber-collectors-edition\/#primaryimage\"},\"thumbnailUrl\":\"https:\/\/www.iplay.com\/wp-content\/uploads\/2023\/12\/large_square_tile_image-2086.jpg\",\"datePublished\":\"2023-05-05T00:00:02+00:00\",\"description\":\"Quand l\u2019art est model\u00e9 par la vie ! La seule personne capable de lever la mal\u00e9diction du Ch\u00e2teau du Nid d\u2019Oiseau, c\u2019est vous !\",\"breadcrumb\":{\"@id\":\"https:\/\/www.iplay.com\/fr\/games\/living-legends-the-blue-chamber-collectors-edition\/#breadcrumb\"},\"inLanguage\":\"fr-FR\",\"potentialAction\":[{\"@type\":\"ReadAction\",\"target\":[\"https:\/\/www.iplay.com\/fr\/games\/living-legends-the-blue-chamber-collectors-edition\/\"]}]},{\"@type\":\"ImageObject\",\"inLanguage\":\"fr-FR\",\"@id\":\"https:\/\/www.iplay.com\/fr\/games\/living-legends-the-blue-chamber-collectors-edition\/#primaryimage\",\"url\":\"https:\/\/www.iplay.com\/wp-content\/uploads\/2023\/12\/large_square_tile_image-2086.jpg\",\"contentUrl\":\"https:\/\/www.iplay.com\/wp-content\/uploads\/2023\/12\/large_square_tile_image-2086.jpg\",\"width\":310,\"height\":310},{\"@type\":\"BreadcrumbList\",\"@id\":\"https:\/\/www.iplay.com\/fr\/games\/living-legends-the-blue-chamber-collectors-edition\/#breadcrumb\",\"itemListElement\":[{\"@type\":\"ListItem\",\"position\":1,\"name\":\"Home\",\"item\":\"https:\/\/www.iplay.com\/fr\/home-page-2\/\"},{\"@type\":\"ListItem\",\"position\":2,\"name\":\"Shop\",\"item\":\"https:\/\/www.iplay.com\/en\/shop\/\"},{\"@type\":\"ListItem\",\"position\":3,\"name\":\"Living Legends: The Blue Chamber Collector&#8217;s Edition\"}]},{\"@type\":\"WebSite\",\"@id\":\"https:\/\/www.iplay.com\/en\/#website\",\"url\":\"https:\/\/www.iplay.com\/en\/\",\"name\":\"IPlay\",\"description\":\"The Best Casual Games!\",\"publisher\":{\"@id\":\"https:\/\/www.iplay.com\/en\/#organization\"},\"potentialAction\":[{\"@type\":\"SearchAction\",\"target\":{\"@type\":\"EntryPoint\",\"urlTemplate\":\"https:\/\/www.iplay.com\/en\/?s={search_term_string}\"},\"query-input\":{\"@type\":\"PropertyValueSpecification\",\"valueRequired\":true,\"valueName\":\"search_term_string\"}}],\"inLanguage\":\"fr-FR\"},{\"@type\":\"Organization\",\"@id\":\"https:\/\/www.iplay.com\/en\/#organization\",\"name\":\"IPlay\",\"url\":\"https:\/\/www.iplay.com\/en\/\",\"logo\":{\"@type\":\"ImageObject\",\"inLanguage\":\"fr-FR\",\"@id\":\"https:\/\/www.iplay.com\/en\/#\/schema\/logo\/image\/\",\"url\":\"https:\/\/www.iplay.com\/wp-content\/uploads\/2023\/11\/Group-6100.svg\",\"contentUrl\":\"https:\/\/www.iplay.com\/wp-content\/uploads\/2023\/11\/Group-6100.svg\",\"width\":98,\"height\":25,\"caption\":\"IPlay\"},\"image\":{\"@id\":\"https:\/\/www.iplay.com\/en\/#\/schema\/logo\/image\/\"}}]}<\/script>\n<!-- \/ Yoast SEO Premium plugin. -->","yoast_head_json":{"title":"Living Legends\u00a0: La Chambre Bleue Edition Collector - Brisez la mal\u00e9diction du ch\u00e2teau du Nid d\u2019oiseau dans La vie imite l\u2019art","description":"Quand l\u2019art est model\u00e9 par la vie ! La seule personne capable de lever la mal\u00e9diction du Ch\u00e2teau du Nid d\u2019Oiseau, c\u2019est vous !","robots":{"index":"index","follow":"follow","max-snippet":"max-snippet:-1","max-image-preview":"max-image-preview:large","max-video-preview":"max-video-preview:-1"},"canonical":"https:\/\/www.iplay.com\/fr\/games\/living-legends-the-blue-chamber-collectors-edition\/","og_locale":"fr_FR","og_type":"article","og_title":"Living Legends: The Blue Chamber Collector's Edition","og_description":"Quand l\u2019art est model\u00e9 par la vie ! La seule personne capable de lever la mal\u00e9diction du Ch\u00e2teau du Nid d\u2019Oiseau, c\u2019est vous !","og_url":"https:\/\/www.iplay.com\/fr\/games\/living-legends-the-blue-chamber-collectors-edition\/","og_site_name":"IPlay","og_image":[{"width":310,"height":310,"url":"https:\/\/www.iplay.com\/wp-content\/uploads\/2023\/12\/large_square_tile_image-2086.jpg","type":"image\/jpeg"}],"twitter_card":"summary_large_image","twitter_misc":{"Dur\u00e9e de lecture estim\u00e9e":"1 minute"},"schema":{"@context":"https:\/\/schema.org","@graph":[{"@type":"WebPage","@id":"https:\/\/www.iplay.com\/fr\/games\/living-legends-the-blue-chamber-collectors-edition\/","url":"https:\/\/www.iplay.com\/fr\/games\/living-legends-the-blue-chamber-collectors-edition\/","name":"Living Legends\u00a0: La Chambre Bleue Edition Collector - Brisez la mal\u00e9diction du ch\u00e2teau du Nid d\u2019oiseau dans La vie imite l\u2019art","isPartOf":{"@id":"https:\/\/www.iplay.com\/en\/#website"},"primaryImageOfPage":{"@id":"https:\/\/www.iplay.com\/fr\/games\/living-legends-the-blue-chamber-collectors-edition\/#primaryimage"},"image":{"@id":"https:\/\/www.iplay.com\/fr\/games\/living-legends-the-blue-chamber-collectors-edition\/#primaryimage"},"thumbnailUrl":"https:\/\/www.iplay.com\/wp-content\/uploads\/2023\/12\/large_square_tile_image-2086.jpg","datePublished":"2023-05-05T00:00:02+00:00","description":"Quand l\u2019art est model\u00e9 par la vie ! La seule personne capable de lever la mal\u00e9diction du Ch\u00e2teau du Nid d\u2019Oiseau, c\u2019est vous !","breadcrumb":{"@id":"https:\/\/www.iplay.com\/fr\/games\/living-legends-the-blue-chamber-collectors-edition\/#breadcrumb"},"inLanguage":"fr-FR","potentialAction":[{"@type":"ReadAction","target":["https:\/\/www.iplay.com\/fr\/games\/living-legends-the-blue-chamber-collectors-edition\/"]}]},{"@type":"ImageObject","inLanguage":"fr-FR","@id":"https:\/\/www.iplay.com\/fr\/games\/living-legends-the-blue-chamber-collectors-edition\/#primaryimage","url":"https:\/\/www.iplay.com\/wp-content\/uploads\/2023\/12\/large_square_tile_image-2086.jpg","contentUrl":"https:\/\/www.iplay.com\/wp-content\/uploads\/2023\/12\/large_square_tile_image-2086.jpg","width":310,"height":310},{"@type":"BreadcrumbList","@id":"https:\/\/www.iplay.com\/fr\/games\/living-legends-the-blue-chamber-collectors-edition\/#breadcrumb","itemListElement":[{"@type":"ListItem","position":1,"name":"Home","item":"https:\/\/www.iplay.com\/fr\/home-page-2\/"},{"@type":"ListItem","position":2,"name":"Shop","item":"https:\/\/www.iplay.com\/en\/shop\/"},{"@type":"ListItem","position":3,"name":"Living Legends: The Blue Chamber Collector&#8217;s Edition"}]},{"@type":"WebSite","@id":"https:\/\/www.iplay.com\/en\/#website","url":"https:\/\/www.iplay.com\/en\/","name":"IPlay","description":"The Best Casual Games!","publisher":{"@id":"https:\/\/www.iplay.com\/en\/#organization"},"potentialAction":[{"@type":"SearchAction","target":{"@type":"EntryPoint","urlTemplate":"https:\/\/www.iplay.com\/en\/?s={search_term_string}"},"query-input":{"@type":"PropertyValueSpecification","valueRequired":true,"valueName":"search_term_string"}}],"inLanguage":"fr-FR"},{"@type":"Organization","@id":"https:\/\/www.iplay.com\/en\/#organization","name":"IPlay","url":"https:\/\/www.iplay.com\/en\/","logo":{"@type":"ImageObject","inLanguage":"fr-FR","@id":"https:\/\/www.iplay.com\/en\/#\/schema\/logo\/image\/","url":"https:\/\/www.iplay.com\/wp-content\/uploads\/2023\/11\/Group-6100.svg","contentUrl":"https:\/\/www.iplay.com\/wp-content\/uploads\/2023\/11\/Group-6100.svg","width":98,"height":25,"caption":"IPlay"},"image":{"@id":"https:\/\/www.iplay.com\/en\/#\/schema\/logo\/image\/"}}]}},"_links":{"self":[{"href":"https:\/\/www.iplay.com\/fr\/wp-json\/wp\/v2\/product\/131337","targetHints":{"allow":["GET"]}}],"collection":[{"href":"https:\/\/www.iplay.com\/fr\/wp-json\/wp\/v2\/product"}],"about":[{"href":"https:\/\/www.iplay.com\/fr\/wp-json\/wp\/v2\/types\/product"}],"author":[{"embeddable":true,"href":"https:\/\/www.iplay.com\/fr\/wp-json\/wp\/v2\/users\/17"}],"replies":[{"embeddable":true,"href":"https:\/\/www.iplay.com\/fr\/wp-json\/wp\/v2\/comments?post=131337"}],"wp:featuredmedia":[{"embeddable":true,"href":"https:\/\/www.iplay.com\/fr\/wp-json\/wp\/v2\/media\/73493"}],"wp:attachment":[{"href":"https:\/\/www.iplay.com\/fr\/wp-json\/wp\/v2\/media?parent=131337"}],"wp:term":[{"taxonomy":"product_brand","embeddable":true,"href":"https:\/\/www.iplay.com\/fr\/wp-json\/wp\/v2\/product_brand?post=131337"},{"taxonomy":"product_cat","embeddable":true,"href":"https:\/\/www.iplay.com\/fr\/wp-json\/wp\/v2\/product_cat?post=131337"},{"taxonomy":"product_tag","embeddable":true,"href":"https:\/\/www.iplay.com\/fr\/wp-json\/wp\/v2\/product_tag?post=131337"}],"curies":[{"name":"wp","href":"https:\/\/api.w.org\/{rel}","templated":true}]}}