{"id":131304,"date":"2025-04-11T08:35:59","date_gmt":"2025-04-11T08:35:59","guid":{"rendered":"https:\/\/www.iplay.com\/games\/pixel-art-78\/"},"modified":"2025-04-11T10:59:06","modified_gmt":"2025-04-11T10:59:06","slug":"pixel-art-78","status":"publish","type":"product","link":"https:\/\/www.iplay.com\/fr\/games\/pixel-art-78\/","title":{"rendered":"Pixel Art 78"},"content":{"rendered":"<p class=\"whitespace-pre-wrap break-words\">Une exp\u00e9rience de peinture num\u00e9rique vraiment apaisante et engageante est fournie par Pixel Art 78, o\u00f9 l\u2019artiste qui sommeille en chaque personne peut \u00eatre lib\u00e9r\u00e9 avec facilit\u00e9. Le stress de la s\u00e9lection des couleurs est \u00e9limin\u00e9 et la cr\u00e9ativit\u00e9 sans effort est accueillie \u00e0 sa place. Une incroyable collection d\u2019images vibrantes et diverses a \u00e9t\u00e9 rassembl\u00e9e, \u00e0 travers laquelle des chefs-d\u2019\u0153uvre prennent vie simplement en suivant le guide num\u00e9rot\u00e9. Qu\u2019il s\u2019agisse d\u2019une exp\u00e9rience artistique ou d\u2019une recherche de d\u00e9tente, un environnement agr\u00e9able et sans pression est offert o\u00f9 l\u2019immersion dans le monde de l\u2019art au pixel pr\u00e8s peut \u00eatre v\u00e9cue. La cr\u00e9ativit\u00e9 peut s\u2019exprimer librement au fur et \u00e0 mesure que le d\u00e9roulement se produit et que chaque image est transform\u00e9e en une \u0153uvre \u00e9poustouflante de beaut\u00e9 num\u00e9rique.    <\/p>\n<p>&nbsp;<\/p>\n<p class=\"text-xl font-bold text-text-100 mt-1 -mb-0.5\"><strong>Fonctionnalit\u00e9s<\/strong><\/p>\n<ul class=\"[&amp;:not(:last-child)_ul]:pb-1 [&amp;:not(:last-child)_ol]:pb-1 list-disc space-y-1.5 pl-7\">\n<li class=\"whitespace-normal break-words\"><strong>Vaste biblioth\u00e8que d\u2019images<\/strong> : 80 images ravissantes ont \u00e9t\u00e9 s\u00e9lectionn\u00e9es pour \u00eatre s\u00e9lectionn\u00e9es, chacune attendant d\u2019\u00eatre \u00e9clair\u00e9e par la touche artistique de l\u2019utilisateur.<\/li>\n<li class=\"whitespace-normal break-words\"><strong>Outils de conception innovants<\/strong> : Les sections d\u2019\u0153uvres d\u2019art peuvent \u00eatre compl\u00e9t\u00e9es facilement gr\u00e2ce \u00e0 l\u2019outil pratique de zone de remplissage, ce qui rend le processus de peinture plus fluide et plus agr\u00e9able.<\/li>\n<li class=\"whitespace-normal break-words\"><strong>Exp\u00e9rience th\u00e9rapeutique<\/strong> : Des heures de divertissement apaisant et m\u00e9ditatif peuvent \u00eatre appr\u00e9ci\u00e9es alors que des cr\u00e9ations color\u00e9es prennent vie un pixel \u00e0 la fois.<\/li>\n<li class=\"whitespace-normal break-words\"><strong>Accessibilit\u00e9 universelle<\/strong> : Le jeu a \u00e9t\u00e9 con\u00e7u pour \u00eatre parfait pour tous les \u00e2ges et tous les niveaux, avec une interface intuitive qui peut \u00eatre navigu\u00e9e par n\u2019importe qui.<\/li>\n<\/ul>\n<p>&nbsp;<\/p>\n<p class=\"whitespace-pre-wrap break-words\">Le voyage de peinture num\u00e9rique dans Pixel Art 78 peut \u00eatre commenc\u00e9 imm\u00e9diatement, o\u00f9 l\u2019expression artistique est simplifi\u00e9e et la joie de la cr\u00e9ation est maximis\u00e9e gr\u00e2ce \u00e0 cette exp\u00e9rience pixel art captivante.<\/p>\n","protected":false},"excerpt":{"rendered":"<p>Cr\u00e9ez de superbes chefs-d\u2019\u0153uvre de pixels avec Pixel Art 78 &#8211; D\u00e9tendez-vous en donnant vie aux images, un pixel \u00e0 la fois &#8211; L\u2019exutoire cr\u00e9atif parfait et sans stress pour les amateurs d\u2019art de tous niveaux.<\/p>\n","protected":false},"author":21,"featured_media":131209,"comment_status":"open","ping_status":"closed","template":"","meta":{"_acf_changed":false,"inline_featured_image":false},"product_brand":[],"product_cat":[183],"product_tag":[279,287],"class_list":{"0":"post-131304","1":"product","2":"type-product","3":"status-publish","4":"has-post-thumbnail","6":"product_cat-paint-by-numbers-series-fr","7":"product_tag-pixel-art-series-fr","8":"product_tag-play-on-pc-fr","10":"first","11":"instock","12":"shipping-taxable","13":"purchasable","14":"product-type-simple"},"acf":[],"yoast_head":"<!-- This site is optimized with the Yoast SEO Premium plugin v25.2 (Yoast SEO v25.2) - https:\/\/yoast.com\/wordpress\/plugins\/seo\/ -->\n<title>Pixel Art 78 : cr\u00e9ez des chefs-d\u2019\u0153uvre sans stress, un pixel \u00e0 la fois<\/title>\n<meta name=\"description\" content=\"Cr\u00e9ez de superbes chefs-d\u2019\u0153uvre de pixels avec Pixel Art 78 - D\u00e9tendez-vous en donnant vie aux images, un pixel \u00e0 la fois - L\u2019exutoire cr\u00e9atif parfait et sans stress pour les amateurs d\u2019art de tous niveaux.\" \/>\n<meta name=\"robots\" content=\"index, follow, max-snippet:-1, max-image-preview:large, max-video-preview:-1\" \/>\n<link rel=\"canonical\" href=\"https:\/\/www.iplay.com\/fr\/games\/pixel-art-78\/\" \/>\n<meta property=\"og:locale\" content=\"fr_FR\" \/>\n<meta property=\"og:type\" content=\"article\" \/>\n<meta property=\"og:title\" content=\"Pixel Art 78\" \/>\n<meta property=\"og:description\" content=\"Cr\u00e9ez de superbes chefs-d\u2019\u0153uvre de pixels avec Pixel Art 78 - D\u00e9tendez-vous en donnant vie aux images, un pixel \u00e0 la fois - L\u2019exutoire cr\u00e9atif parfait et sans stress pour les amateurs d\u2019art de tous niveaux.\" \/>\n<meta property=\"og:url\" content=\"https:\/\/www.iplay.com\/fr\/games\/pixel-art-78\/\" \/>\n<meta property=\"og:site_name\" content=\"IPlay\" \/>\n<meta property=\"article:modified_time\" content=\"2025-04-11T10:59:06+00:00\" \/>\n<meta property=\"og:image\" content=\"https:\/\/www.iplay.com\/wp-content\/uploads\/2025\/04\/pixel_art_78_large_square_tile_image.webp\" \/>\n\t<meta property=\"og:image:width\" content=\"310\" \/>\n\t<meta property=\"og:image:height\" content=\"310\" \/>\n\t<meta property=\"og:image:type\" content=\"image\/webp\" \/>\n<meta name=\"twitter:card\" content=\"summary_large_image\" \/>\n<meta name=\"twitter:label1\" content=\"Dur\u00e9e de lecture estim\u00e9e\" \/>\n\t<meta name=\"twitter:data1\" content=\"2 minutes\" \/>\n<script type=\"application\/ld+json\" class=\"yoast-schema-graph\">{\"@context\":\"https:\/\/schema.org\",\"@graph\":[{\"@type\":\"WebPage\",\"@id\":\"https:\/\/www.iplay.com\/fr\/games\/pixel-art-78\/\",\"url\":\"https:\/\/www.iplay.com\/fr\/games\/pixel-art-78\/\",\"name\":\"Pixel Art 78 : cr\u00e9ez des chefs-d\u2019\u0153uvre sans stress, un pixel \u00e0 la fois\",\"isPartOf\":{\"@id\":\"https:\/\/www.iplay.com\/en\/#website\"},\"primaryImageOfPage\":{\"@id\":\"https:\/\/www.iplay.com\/fr\/games\/pixel-art-78\/#primaryimage\"},\"image\":{\"@id\":\"https:\/\/www.iplay.com\/fr\/games\/pixel-art-78\/#primaryimage\"},\"thumbnailUrl\":\"https:\/\/www.iplay.com\/wp-content\/uploads\/2025\/04\/pixel_art_78_large_square_tile_image.webp\",\"datePublished\":\"2025-04-11T08:35:59+00:00\",\"dateModified\":\"2025-04-11T10:59:06+00:00\",\"description\":\"Cr\u00e9ez de superbes chefs-d\u2019\u0153uvre de pixels avec Pixel Art 78 - D\u00e9tendez-vous en donnant vie aux images, un pixel \u00e0 la fois - L\u2019exutoire cr\u00e9atif parfait et sans stress pour les amateurs d\u2019art de tous niveaux.\",\"breadcrumb\":{\"@id\":\"https:\/\/www.iplay.com\/fr\/games\/pixel-art-78\/#breadcrumb\"},\"inLanguage\":\"fr-FR\",\"potentialAction\":[{\"@type\":\"ReadAction\",\"target\":[\"https:\/\/www.iplay.com\/fr\/games\/pixel-art-78\/\"]}]},{\"@type\":\"ImageObject\",\"inLanguage\":\"fr-FR\",\"@id\":\"https:\/\/www.iplay.com\/fr\/games\/pixel-art-78\/#primaryimage\",\"url\":\"https:\/\/www.iplay.com\/wp-content\/uploads\/2025\/04\/pixel_art_78_large_square_tile_image.webp\",\"contentUrl\":\"https:\/\/www.iplay.com\/wp-content\/uploads\/2025\/04\/pixel_art_78_large_square_tile_image.webp\",\"width\":310,\"height\":310},{\"@type\":\"BreadcrumbList\",\"@id\":\"https:\/\/www.iplay.com\/fr\/games\/pixel-art-78\/#breadcrumb\",\"itemListElement\":[{\"@type\":\"ListItem\",\"position\":1,\"name\":\"Home\",\"item\":\"https:\/\/www.iplay.com\/fr\/home-page-2\/\"},{\"@type\":\"ListItem\",\"position\":2,\"name\":\"Shop\",\"item\":\"https:\/\/www.iplay.com\/en\/shop\/\"},{\"@type\":\"ListItem\",\"position\":3,\"name\":\"Pixel Art 78\"}]},{\"@type\":\"WebSite\",\"@id\":\"https:\/\/www.iplay.com\/en\/#website\",\"url\":\"https:\/\/www.iplay.com\/en\/\",\"name\":\"IPlay\",\"description\":\"The Best Casual Games!\",\"publisher\":{\"@id\":\"https:\/\/www.iplay.com\/en\/#organization\"},\"potentialAction\":[{\"@type\":\"SearchAction\",\"target\":{\"@type\":\"EntryPoint\",\"urlTemplate\":\"https:\/\/www.iplay.com\/en\/?s={search_term_string}\"},\"query-input\":{\"@type\":\"PropertyValueSpecification\",\"valueRequired\":true,\"valueName\":\"search_term_string\"}}],\"inLanguage\":\"fr-FR\"},{\"@type\":\"Organization\",\"@id\":\"https:\/\/www.iplay.com\/en\/#organization\",\"name\":\"IPlay\",\"url\":\"https:\/\/www.iplay.com\/en\/\",\"logo\":{\"@type\":\"ImageObject\",\"inLanguage\":\"fr-FR\",\"@id\":\"https:\/\/www.iplay.com\/en\/#\/schema\/logo\/image\/\",\"url\":\"https:\/\/www.iplay.com\/wp-content\/uploads\/2023\/11\/Group-6100.svg\",\"contentUrl\":\"https:\/\/www.iplay.com\/wp-content\/uploads\/2023\/11\/Group-6100.svg\",\"width\":98,\"height\":25,\"caption\":\"IPlay\"},\"image\":{\"@id\":\"https:\/\/www.iplay.com\/en\/#\/schema\/logo\/image\/\"}}]}<\/script>\n<!-- \/ Yoast SEO Premium plugin. -->","yoast_head_json":{"title":"Pixel Art 78 : cr\u00e9ez des chefs-d\u2019\u0153uvre sans stress, un pixel \u00e0 la fois","description":"Cr\u00e9ez de superbes chefs-d\u2019\u0153uvre de pixels avec Pixel Art 78 - D\u00e9tendez-vous en donnant vie aux images, un pixel \u00e0 la fois - L\u2019exutoire cr\u00e9atif parfait et sans stress pour les amateurs d\u2019art de tous niveaux.","robots":{"index":"index","follow":"follow","max-snippet":"max-snippet:-1","max-image-preview":"max-image-preview:large","max-video-preview":"max-video-preview:-1"},"canonical":"https:\/\/www.iplay.com\/fr\/games\/pixel-art-78\/","og_locale":"fr_FR","og_type":"article","og_title":"Pixel Art 78","og_description":"Cr\u00e9ez de superbes chefs-d\u2019\u0153uvre de pixels avec Pixel Art 78 - D\u00e9tendez-vous en donnant vie aux images, un pixel \u00e0 la fois - L\u2019exutoire cr\u00e9atif parfait et sans stress pour les amateurs d\u2019art de tous niveaux.","og_url":"https:\/\/www.iplay.com\/fr\/games\/pixel-art-78\/","og_site_name":"IPlay","article_modified_time":"2025-04-11T10:59:06+00:00","og_image":[{"width":310,"height":310,"url":"https:\/\/www.iplay.com\/wp-content\/uploads\/2025\/04\/pixel_art_78_large_square_tile_image.webp","type":"image\/webp"}],"twitter_card":"summary_large_image","twitter_misc":{"Dur\u00e9e de lecture estim\u00e9e":"2 minutes"},"schema":{"@context":"https:\/\/schema.org","@graph":[{"@type":"WebPage","@id":"https:\/\/www.iplay.com\/fr\/games\/pixel-art-78\/","url":"https:\/\/www.iplay.com\/fr\/games\/pixel-art-78\/","name":"Pixel Art 78 : cr\u00e9ez des chefs-d\u2019\u0153uvre sans stress, un pixel \u00e0 la fois","isPartOf":{"@id":"https:\/\/www.iplay.com\/en\/#website"},"primaryImageOfPage":{"@id":"https:\/\/www.iplay.com\/fr\/games\/pixel-art-78\/#primaryimage"},"image":{"@id":"https:\/\/www.iplay.com\/fr\/games\/pixel-art-78\/#primaryimage"},"thumbnailUrl":"https:\/\/www.iplay.com\/wp-content\/uploads\/2025\/04\/pixel_art_78_large_square_tile_image.webp","datePublished":"2025-04-11T08:35:59+00:00","dateModified":"2025-04-11T10:59:06+00:00","description":"Cr\u00e9ez de superbes chefs-d\u2019\u0153uvre de pixels avec Pixel Art 78 - D\u00e9tendez-vous en donnant vie aux images, un pixel \u00e0 la fois - L\u2019exutoire cr\u00e9atif parfait et sans stress pour les amateurs d\u2019art de tous niveaux.","breadcrumb":{"@id":"https:\/\/www.iplay.com\/fr\/games\/pixel-art-78\/#breadcrumb"},"inLanguage":"fr-FR","potentialAction":[{"@type":"ReadAction","target":["https:\/\/www.iplay.com\/fr\/games\/pixel-art-78\/"]}]},{"@type":"ImageObject","inLanguage":"fr-FR","@id":"https:\/\/www.iplay.com\/fr\/games\/pixel-art-78\/#primaryimage","url":"https:\/\/www.iplay.com\/wp-content\/uploads\/2025\/04\/pixel_art_78_large_square_tile_image.webp","contentUrl":"https:\/\/www.iplay.com\/wp-content\/uploads\/2025\/04\/pixel_art_78_large_square_tile_image.webp","width":310,"height":310},{"@type":"BreadcrumbList","@id":"https:\/\/www.iplay.com\/fr\/games\/pixel-art-78\/#breadcrumb","itemListElement":[{"@type":"ListItem","position":1,"name":"Home","item":"https:\/\/www.iplay.com\/fr\/home-page-2\/"},{"@type":"ListItem","position":2,"name":"Shop","item":"https:\/\/www.iplay.com\/en\/shop\/"},{"@type":"ListItem","position":3,"name":"Pixel Art 78"}]},{"@type":"WebSite","@id":"https:\/\/www.iplay.com\/en\/#website","url":"https:\/\/www.iplay.com\/en\/","name":"IPlay","description":"The Best Casual Games!","publisher":{"@id":"https:\/\/www.iplay.com\/en\/#organization"},"potentialAction":[{"@type":"SearchAction","target":{"@type":"EntryPoint","urlTemplate":"https:\/\/www.iplay.com\/en\/?s={search_term_string}"},"query-input":{"@type":"PropertyValueSpecification","valueRequired":true,"valueName":"search_term_string"}}],"inLanguage":"fr-FR"},{"@type":"Organization","@id":"https:\/\/www.iplay.com\/en\/#organization","name":"IPlay","url":"https:\/\/www.iplay.com\/en\/","logo":{"@type":"ImageObject","inLanguage":"fr-FR","@id":"https:\/\/www.iplay.com\/en\/#\/schema\/logo\/image\/","url":"https:\/\/www.iplay.com\/wp-content\/uploads\/2023\/11\/Group-6100.svg","contentUrl":"https:\/\/www.iplay.com\/wp-content\/uploads\/2023\/11\/Group-6100.svg","width":98,"height":25,"caption":"IPlay"},"image":{"@id":"https:\/\/www.iplay.com\/en\/#\/schema\/logo\/image\/"}}]}},"_links":{"self":[{"href":"https:\/\/www.iplay.com\/fr\/wp-json\/wp\/v2\/product\/131304","targetHints":{"allow":["GET"]}}],"collection":[{"href":"https:\/\/www.iplay.com\/fr\/wp-json\/wp\/v2\/product"}],"about":[{"href":"https:\/\/www.iplay.com\/fr\/wp-json\/wp\/v2\/types\/product"}],"author":[{"embeddable":true,"href":"https:\/\/www.iplay.com\/fr\/wp-json\/wp\/v2\/users\/21"}],"replies":[{"embeddable":true,"href":"https:\/\/www.iplay.com\/fr\/wp-json\/wp\/v2\/comments?post=131304"}],"wp:featuredmedia":[{"embeddable":true,"href":"https:\/\/www.iplay.com\/fr\/wp-json\/wp\/v2\/media\/131209"}],"wp:attachment":[{"href":"https:\/\/www.iplay.com\/fr\/wp-json\/wp\/v2\/media?parent=131304"}],"wp:term":[{"taxonomy":"product_brand","embeddable":true,"href":"https:\/\/www.iplay.com\/fr\/wp-json\/wp\/v2\/product_brand?post=131304"},{"taxonomy":"product_cat","embeddable":true,"href":"https:\/\/www.iplay.com\/fr\/wp-json\/wp\/v2\/product_cat?post=131304"},{"taxonomy":"product_tag","embeddable":true,"href":"https:\/\/www.iplay.com\/fr\/wp-json\/wp\/v2\/product_tag?post=131304"}],"curies":[{"name":"wp","href":"https:\/\/api.w.org\/{rel}","templated":true}]}}