{"id":131024,"date":"2023-05-26T00:00:01","date_gmt":"2023-05-26T00:00:01","guid":{"rendered":"https:\/\/www.iplay.com\/games\/nature-escapes-3-collectors-edition\/"},"modified":"2023-05-26T00:00:01","modified_gmt":"2023-05-26T00:00:01","slug":"nature-escapes-3-collectors-edition","status":"publish","type":"product","link":"https:\/\/www.iplay.com\/fr\/games\/nature-escapes-3-collectors-edition\/","title":{"rendered":"Nature Escapes 3 Collector&#8217;s Edition"},"content":{"rendered":"<p>\u00c9vasions Nature est de retour&nbsp;! Savourez et d\u00e9couvrez les plantes et les fleurs les plus exquises de la plan\u00e8te. Profitez d\u2019une nouvelle s\u00e9lection de magnifiques jeux d\u2019objets cach\u00e9s tout en vous relaxant sur de la musique relaxante. Participez \u00e0 tous les mini-jeux et concevez votre propre sc\u00e8ne de jardin !   <\/p>\n<p>&nbsp;<\/p>\n<p><strong>Fonctionnalit\u00e9s<\/strong><\/p>\n<p>&nbsp;<\/p>\n<p>&#8211; D\u00e9couvrez un voyage Nature r\u00e9parti sur 24 chapitres !<\/p>\n<p>&#8211; Un total de plus de 70 sc\u00e8nes et mini-jeux HO !<\/p>\n<p>&#8211; Des informations int\u00e9ressantes sur des plantes fascinantes !<\/p>\n<p>&#8211; Admirez des paysages naturels artisanaux \u00e0 couper le souffle !<\/p>\n<p>&#8211; Cr\u00e9ez vos propres accents de paysage de bricolage !<\/p>\n<p>&nbsp;<\/p>\n<p><strong>Caract\u00e9ristiques de l\u2019\u00e9dition collector<\/strong><\/p>\n<p>&nbsp;<\/p>\n<p>&#8211; Douze mini-jeux<\/p>\n<p>&#8211; Fonds d\u2019\u00e9cran disponibles en t\u00e9l\u00e9chargement<\/p>\n<p>&#8211; Un lecteur de musique<\/p>\n<p>&#8211; Plus de fleurs et de plantes<\/p>\n<p>&#8211; Examinez les plantes que les d\u00e9veloppeurs ont.<\/p>\n","protected":false},"excerpt":{"rendered":"<p>D\u00e9couvrez un voyage dans la nature r\u00e9parti sur 24 chapitres et profitez du magnifique et apaisant jeu d\u2019objets cach\u00e9s, Nature Escapes 3 !<\/p>\n","protected":false},"author":18,"featured_media":73317,"comment_status":"open","ping_status":"closed","template":"","meta":{"_acf_changed":false,"inline_featured_image":false},"product_brand":[],"product_cat":[165],"product_tag":[287],"class_list":{"0":"post-131024","1":"product","2":"type-product","3":"status-publish","4":"has-post-thumbnail","6":"product_cat-hidden-object-fr","7":"product_tag-play-on-pc-fr","9":"first","10":"instock","11":"shipping-taxable","12":"purchasable","13":"product-type-simple"},"acf":[],"yoast_head":"<!-- This site is optimized with the Yoast SEO Premium plugin v25.2 (Yoast SEO v25.2) - https:\/\/yoast.com\/wordpress\/plugins\/seo\/ -->\n<title>Nature Escapes 3 Collector\u2019s Edition - Profitez du jeu d\u2019objets cach\u00e9s apaisant Nature Escapes 3<\/title>\n<meta name=\"description\" content=\"D\u00e9couvrez un voyage dans la nature r\u00e9parti sur 24 chapitres et profitez du magnifique et apaisant jeu d\u2019objets cach\u00e9s, Nature Escapes 3 !\" \/>\n<meta name=\"robots\" content=\"index, follow, max-snippet:-1, max-image-preview:large, max-video-preview:-1\" \/>\n<link rel=\"canonical\" href=\"https:\/\/www.iplay.com\/fr\/games\/nature-escapes-3-collectors-edition\/\" \/>\n<meta property=\"og:locale\" content=\"fr_FR\" \/>\n<meta property=\"og:type\" content=\"article\" \/>\n<meta property=\"og:title\" content=\"Nature Escapes 3 Collector&#039;s Edition\" \/>\n<meta property=\"og:description\" content=\"D\u00e9couvrez un voyage dans la nature r\u00e9parti sur 24 chapitres et profitez du magnifique et apaisant jeu d\u2019objets cach\u00e9s, Nature Escapes 3 !\" \/>\n<meta property=\"og:url\" content=\"https:\/\/www.iplay.com\/fr\/games\/nature-escapes-3-collectors-edition\/\" \/>\n<meta property=\"og:site_name\" content=\"IPlay\" \/>\n<meta property=\"og:image\" content=\"https:\/\/www.iplay.com\/wp-content\/uploads\/2023\/12\/large_square_tile_image-2075.jpg\" \/>\n\t<meta property=\"og:image:width\" content=\"310\" \/>\n\t<meta property=\"og:image:height\" content=\"310\" \/>\n\t<meta property=\"og:image:type\" content=\"image\/jpeg\" \/>\n<meta name=\"twitter:card\" content=\"summary_large_image\" \/>\n<meta name=\"twitter:label1\" content=\"Dur\u00e9e de lecture estim\u00e9e\" \/>\n\t<meta name=\"twitter:data1\" content=\"1 minute\" \/>\n<script type=\"application\/ld+json\" class=\"yoast-schema-graph\">{\"@context\":\"https:\/\/schema.org\",\"@graph\":[{\"@type\":\"WebPage\",\"@id\":\"https:\/\/www.iplay.com\/fr\/games\/nature-escapes-3-collectors-edition\/\",\"url\":\"https:\/\/www.iplay.com\/fr\/games\/nature-escapes-3-collectors-edition\/\",\"name\":\"Nature Escapes 3 Collector\u2019s Edition - Profitez du jeu d\u2019objets cach\u00e9s apaisant Nature Escapes 3\",\"isPartOf\":{\"@id\":\"https:\/\/www.iplay.com\/en\/#website\"},\"primaryImageOfPage\":{\"@id\":\"https:\/\/www.iplay.com\/fr\/games\/nature-escapes-3-collectors-edition\/#primaryimage\"},\"image\":{\"@id\":\"https:\/\/www.iplay.com\/fr\/games\/nature-escapes-3-collectors-edition\/#primaryimage\"},\"thumbnailUrl\":\"https:\/\/www.iplay.com\/wp-content\/uploads\/2023\/12\/large_square_tile_image-2075.jpg\",\"datePublished\":\"2023-05-26T00:00:01+00:00\",\"description\":\"D\u00e9couvrez un voyage dans la nature r\u00e9parti sur 24 chapitres et profitez du magnifique et apaisant jeu d\u2019objets cach\u00e9s, Nature Escapes 3 !\",\"breadcrumb\":{\"@id\":\"https:\/\/www.iplay.com\/fr\/games\/nature-escapes-3-collectors-edition\/#breadcrumb\"},\"inLanguage\":\"fr-FR\",\"potentialAction\":[{\"@type\":\"ReadAction\",\"target\":[\"https:\/\/www.iplay.com\/fr\/games\/nature-escapes-3-collectors-edition\/\"]}]},{\"@type\":\"ImageObject\",\"inLanguage\":\"fr-FR\",\"@id\":\"https:\/\/www.iplay.com\/fr\/games\/nature-escapes-3-collectors-edition\/#primaryimage\",\"url\":\"https:\/\/www.iplay.com\/wp-content\/uploads\/2023\/12\/large_square_tile_image-2075.jpg\",\"contentUrl\":\"https:\/\/www.iplay.com\/wp-content\/uploads\/2023\/12\/large_square_tile_image-2075.jpg\",\"width\":310,\"height\":310},{\"@type\":\"BreadcrumbList\",\"@id\":\"https:\/\/www.iplay.com\/fr\/games\/nature-escapes-3-collectors-edition\/#breadcrumb\",\"itemListElement\":[{\"@type\":\"ListItem\",\"position\":1,\"name\":\"Home\",\"item\":\"https:\/\/www.iplay.com\/fr\/home-page-2\/\"},{\"@type\":\"ListItem\",\"position\":2,\"name\":\"Shop\",\"item\":\"https:\/\/www.iplay.com\/en\/shop\/\"},{\"@type\":\"ListItem\",\"position\":3,\"name\":\"Nature Escapes 3 Collector&#8217;s Edition\"}]},{\"@type\":\"WebSite\",\"@id\":\"https:\/\/www.iplay.com\/en\/#website\",\"url\":\"https:\/\/www.iplay.com\/en\/\",\"name\":\"IPlay\",\"description\":\"The Best Casual Games!\",\"publisher\":{\"@id\":\"https:\/\/www.iplay.com\/en\/#organization\"},\"potentialAction\":[{\"@type\":\"SearchAction\",\"target\":{\"@type\":\"EntryPoint\",\"urlTemplate\":\"https:\/\/www.iplay.com\/en\/?s={search_term_string}\"},\"query-input\":{\"@type\":\"PropertyValueSpecification\",\"valueRequired\":true,\"valueName\":\"search_term_string\"}}],\"inLanguage\":\"fr-FR\"},{\"@type\":\"Organization\",\"@id\":\"https:\/\/www.iplay.com\/en\/#organization\",\"name\":\"IPlay\",\"url\":\"https:\/\/www.iplay.com\/en\/\",\"logo\":{\"@type\":\"ImageObject\",\"inLanguage\":\"fr-FR\",\"@id\":\"https:\/\/www.iplay.com\/en\/#\/schema\/logo\/image\/\",\"url\":\"https:\/\/www.iplay.com\/wp-content\/uploads\/2023\/11\/Group-6100.svg\",\"contentUrl\":\"https:\/\/www.iplay.com\/wp-content\/uploads\/2023\/11\/Group-6100.svg\",\"width\":98,\"height\":25,\"caption\":\"IPlay\"},\"image\":{\"@id\":\"https:\/\/www.iplay.com\/en\/#\/schema\/logo\/image\/\"}}]}<\/script>\n<!-- \/ Yoast SEO Premium plugin. -->","yoast_head_json":{"title":"Nature Escapes 3 Collector\u2019s Edition - Profitez du jeu d\u2019objets cach\u00e9s apaisant Nature Escapes 3","description":"D\u00e9couvrez un voyage dans la nature r\u00e9parti sur 24 chapitres et profitez du magnifique et apaisant jeu d\u2019objets cach\u00e9s, Nature Escapes 3 !","robots":{"index":"index","follow":"follow","max-snippet":"max-snippet:-1","max-image-preview":"max-image-preview:large","max-video-preview":"max-video-preview:-1"},"canonical":"https:\/\/www.iplay.com\/fr\/games\/nature-escapes-3-collectors-edition\/","og_locale":"fr_FR","og_type":"article","og_title":"Nature Escapes 3 Collector's Edition","og_description":"D\u00e9couvrez un voyage dans la nature r\u00e9parti sur 24 chapitres et profitez du magnifique et apaisant jeu d\u2019objets cach\u00e9s, Nature Escapes 3 !","og_url":"https:\/\/www.iplay.com\/fr\/games\/nature-escapes-3-collectors-edition\/","og_site_name":"IPlay","og_image":[{"width":310,"height":310,"url":"https:\/\/www.iplay.com\/wp-content\/uploads\/2023\/12\/large_square_tile_image-2075.jpg","type":"image\/jpeg"}],"twitter_card":"summary_large_image","twitter_misc":{"Dur\u00e9e de lecture estim\u00e9e":"1 minute"},"schema":{"@context":"https:\/\/schema.org","@graph":[{"@type":"WebPage","@id":"https:\/\/www.iplay.com\/fr\/games\/nature-escapes-3-collectors-edition\/","url":"https:\/\/www.iplay.com\/fr\/games\/nature-escapes-3-collectors-edition\/","name":"Nature Escapes 3 Collector\u2019s Edition - Profitez du jeu d\u2019objets cach\u00e9s apaisant Nature Escapes 3","isPartOf":{"@id":"https:\/\/www.iplay.com\/en\/#website"},"primaryImageOfPage":{"@id":"https:\/\/www.iplay.com\/fr\/games\/nature-escapes-3-collectors-edition\/#primaryimage"},"image":{"@id":"https:\/\/www.iplay.com\/fr\/games\/nature-escapes-3-collectors-edition\/#primaryimage"},"thumbnailUrl":"https:\/\/www.iplay.com\/wp-content\/uploads\/2023\/12\/large_square_tile_image-2075.jpg","datePublished":"2023-05-26T00:00:01+00:00","description":"D\u00e9couvrez un voyage dans la nature r\u00e9parti sur 24 chapitres et profitez du magnifique et apaisant jeu d\u2019objets cach\u00e9s, Nature Escapes 3 !","breadcrumb":{"@id":"https:\/\/www.iplay.com\/fr\/games\/nature-escapes-3-collectors-edition\/#breadcrumb"},"inLanguage":"fr-FR","potentialAction":[{"@type":"ReadAction","target":["https:\/\/www.iplay.com\/fr\/games\/nature-escapes-3-collectors-edition\/"]}]},{"@type":"ImageObject","inLanguage":"fr-FR","@id":"https:\/\/www.iplay.com\/fr\/games\/nature-escapes-3-collectors-edition\/#primaryimage","url":"https:\/\/www.iplay.com\/wp-content\/uploads\/2023\/12\/large_square_tile_image-2075.jpg","contentUrl":"https:\/\/www.iplay.com\/wp-content\/uploads\/2023\/12\/large_square_tile_image-2075.jpg","width":310,"height":310},{"@type":"BreadcrumbList","@id":"https:\/\/www.iplay.com\/fr\/games\/nature-escapes-3-collectors-edition\/#breadcrumb","itemListElement":[{"@type":"ListItem","position":1,"name":"Home","item":"https:\/\/www.iplay.com\/fr\/home-page-2\/"},{"@type":"ListItem","position":2,"name":"Shop","item":"https:\/\/www.iplay.com\/en\/shop\/"},{"@type":"ListItem","position":3,"name":"Nature Escapes 3 Collector&#8217;s Edition"}]},{"@type":"WebSite","@id":"https:\/\/www.iplay.com\/en\/#website","url":"https:\/\/www.iplay.com\/en\/","name":"IPlay","description":"The Best Casual Games!","publisher":{"@id":"https:\/\/www.iplay.com\/en\/#organization"},"potentialAction":[{"@type":"SearchAction","target":{"@type":"EntryPoint","urlTemplate":"https:\/\/www.iplay.com\/en\/?s={search_term_string}"},"query-input":{"@type":"PropertyValueSpecification","valueRequired":true,"valueName":"search_term_string"}}],"inLanguage":"fr-FR"},{"@type":"Organization","@id":"https:\/\/www.iplay.com\/en\/#organization","name":"IPlay","url":"https:\/\/www.iplay.com\/en\/","logo":{"@type":"ImageObject","inLanguage":"fr-FR","@id":"https:\/\/www.iplay.com\/en\/#\/schema\/logo\/image\/","url":"https:\/\/www.iplay.com\/wp-content\/uploads\/2023\/11\/Group-6100.svg","contentUrl":"https:\/\/www.iplay.com\/wp-content\/uploads\/2023\/11\/Group-6100.svg","width":98,"height":25,"caption":"IPlay"},"image":{"@id":"https:\/\/www.iplay.com\/en\/#\/schema\/logo\/image\/"}}]}},"_links":{"self":[{"href":"https:\/\/www.iplay.com\/fr\/wp-json\/wp\/v2\/product\/131024","targetHints":{"allow":["GET"]}}],"collection":[{"href":"https:\/\/www.iplay.com\/fr\/wp-json\/wp\/v2\/product"}],"about":[{"href":"https:\/\/www.iplay.com\/fr\/wp-json\/wp\/v2\/types\/product"}],"author":[{"embeddable":true,"href":"https:\/\/www.iplay.com\/fr\/wp-json\/wp\/v2\/users\/18"}],"replies":[{"embeddable":true,"href":"https:\/\/www.iplay.com\/fr\/wp-json\/wp\/v2\/comments?post=131024"}],"wp:featuredmedia":[{"embeddable":true,"href":"https:\/\/www.iplay.com\/fr\/wp-json\/wp\/v2\/media\/73317"}],"wp:attachment":[{"href":"https:\/\/www.iplay.com\/fr\/wp-json\/wp\/v2\/media?parent=131024"}],"wp:term":[{"taxonomy":"product_brand","embeddable":true,"href":"https:\/\/www.iplay.com\/fr\/wp-json\/wp\/v2\/product_brand?post=131024"},{"taxonomy":"product_cat","embeddable":true,"href":"https:\/\/www.iplay.com\/fr\/wp-json\/wp\/v2\/product_cat?post=131024"},{"taxonomy":"product_tag","embeddable":true,"href":"https:\/\/www.iplay.com\/fr\/wp-json\/wp\/v2\/product_tag?post=131024"}],"curies":[{"name":"wp","href":"https:\/\/api.w.org\/{rel}","templated":true}]}}