{"id":130421,"date":"2025-04-04T08:30:46","date_gmt":"2025-04-04T08:30:46","guid":{"rendered":"https:\/\/www.iplay.com\/?post_type=product&p=130421"},"modified":"2025-04-02T19:01:51","modified_gmt":"2025-04-02T19:01:51","slug":"argonauts-agency-8-ares-games-collectors-edition","status":"publish","type":"product","link":"https:\/\/www.iplay.com\/fr\/games\/argonauts-agency-8-ares-games-collectors-edition\/","title":{"rendered":"Argonauts Agency 8: Ares Games Collector&#8217;s Edition"},"content":{"rendered":"<p>Un d\u00e9fi extraordinaire est pr\u00e9sent\u00e9 par nul autre que le Dieu de la Guerre lui-m\u00eame dans ce dernier volet de la s\u00e9rie bien-aim\u00e9e. Le duo embl\u00e9matique Jason et Medea est rejoint par les joueurs dans un voyage captivant o\u00f9 le myst\u00e8re d\u2019un artefact vol\u00e9 doit \u00eatre r\u00e9solu.<br \/>\nC\u2019est avec appr\u00e9hension que l\u2019on p\u00e9n\u00e8tre dans la formidable ar\u00e8ne d\u2019Ar\u00e8s, alors que des pi\u00e8ges astucieux, des ennemis redoutables et des secrets divins cach\u00e9s sont rencontr\u00e9s \u00e0 chaque tournant. Des lieux \u00e0 couper le souffle sont explor\u00e9s tout au long de cette aventure \u00e9pique, notamment les impressionnantes Salles dor\u00e9es, la For\u00eat de la Peur et les anciens centres commerciaux anim\u00e9s.<br \/>\nLe destin du monde antique est plac\u00e9 entre vos mains alors que le courage, la strat\u00e9gie et la d\u00e9termination sont mis \u00e0 l\u2019\u00e9preuve jusqu\u2019\u00e0 leurs limites. La v\u00e9rit\u00e9 doit \u00eatre d\u00e9couverte si l\u2019on veut \u00e9carter le p\u00e9ril du monde antique.   <\/p>\n<p>&nbsp;<\/p>\n<p><strong>Caract\u00e9ristiques de l\u2019\u00e9dition collector<\/strong><\/p>\n<ul>\n<li>Des soluces vid\u00e9o compl\u00e8tes sont fournies pour chaque niveau, garantissant qu\u2019aucun obstacle ne reste insurmontable<\/li>\n<li>La riche mythologie grecque prend vie de mani\u00e8re vivante gr\u00e2ce \u00e0 des r\u00e9cits immersifs et des d\u00e9cors authentiques<\/li>\n<li>De nouveaux personnages captivants, dont le redoutable Ar\u00e8s et l\u2019enchanteresse Aphrodite, ajoutent une profondeur remarquable<\/li>\n<li>La bande-son atmosph\u00e9rique pr\u00e9sente des compositions puissantes qui honorent l\u2019intensit\u00e9 d\u2019Ar\u00e8s aux c\u00f4t\u00e9s des m\u00e9lodies sereines d\u2019Aphrodite<\/li>\n<li>Un syst\u00e8me commercial am\u00e9lior\u00e9 avec des possibilit\u00e9s d\u2019\u00e9change de ressources accrues vous attend sur des march\u00e9s am\u00e9lior\u00e9s<\/li>\n<li>La narration de style bande dessin\u00e9e illustre magnifiquement les batailles h\u00e9ro\u00efques de Jason et M\u00e9d\u00e9e \u00e0 travers des visuels captivants<\/li>\n<li>Des m\u00e9canismes de jeu innovants sont introduits alors que le regard attentif d\u2019Ares influence chaque d\u00e9fi unique<\/li>\n<li>De nouveaux environnements \u00e9poustouflants, des grandes ar\u00e8nes aux for\u00eats myst\u00e9rieuses, sont rendus dans des graphismes modernes et r\u00e9alistes<\/li>\n<li>Des qu\u00eates sp\u00e9cialement con\u00e7ues capturent l\u2019esprit l\u00e9gendaire des aventures les plus audacieuses des Argonautes<\/li>\n<\/ul>\n<p>&nbsp;<\/p>\n<p>L\u2019exp\u00e9rience ultime de strat\u00e9gie mythologique est livr\u00e9e dans cette \u00e9dition collector o\u00f9 les dieux et les mortels s\u2019affrontent dans une aventure inoubliable.<\/p>\n","protected":false},"excerpt":{"rendered":"<p>Rejoignez les l\u00e9gendaires Argonautes dans leur qu\u00eate la plus p\u00e9rilleuse \u00e0 travers la Gr\u00e8ce antique, combattez des cr\u00e9atures mythiques, r\u00e9solvez des \u00e9nigmes complexes et exploitez les pouvoirs divins pour emp\u00eacher le chaos alors que le jeu dangereux d\u2019Ar\u00e8s menace le tissu m\u00eame de la civilisation.<\/p>\n","protected":false},"author":13,"featured_media":130238,"comment_status":"open","ping_status":"closed","template":"","meta":{"_acf_changed":false,"inline_featured_image":false},"product_brand":[],"product_cat":[216],"product_tag":[287],"class_list":{"0":"post-130421","1":"product","2":"type-product","3":"status-publish","4":"has-post-thumbnail","6":"product_cat-time-management-fr","7":"product_tag-play-on-pc-fr","9":"first","10":"instock","11":"shipping-taxable","12":"purchasable","13":"product-type-simple"},"acf":[],"yoast_head":"<!-- This site is optimized with the Yoast SEO Premium plugin v25.2 (Yoast SEO v25.2) - https:\/\/yoast.com\/wordpress\/plugins\/seo\/ -->\n<title>Agence Argonautes 8 : l\u2019aventure grecque pour sauver le monde antique<\/title>\n<meta name=\"description\" content=\"Rejoignez les l\u00e9gendaires Argonautes dans leur qu\u00eate la plus p\u00e9rilleuse \u00e0 travers la Gr\u00e8ce antique, combattez des cr\u00e9atures mythiques, r\u00e9solvez des \u00e9nigmes complexes et exploitez les pouvoirs divins pour emp\u00eacher le chaos alors que le jeu dangereux d\u2019Ar\u00e8s menace le tissu m\u00eame de la civilisation.\" \/>\n<meta name=\"robots\" content=\"index, follow, max-snippet:-1, max-image-preview:large, max-video-preview:-1\" \/>\n<link rel=\"canonical\" href=\"https:\/\/www.iplay.com\/en\/?post_type=product&p=130221\" \/>\n<meta property=\"og:locale\" content=\"fr_FR\" \/>\n<meta property=\"og:type\" content=\"article\" \/>\n<meta property=\"og:title\" content=\"Argonauts Agency 8: Ares Games Collector&#039;s Edition\" \/>\n<meta property=\"og:description\" content=\"Rejoignez les l\u00e9gendaires Argonautes dans leur qu\u00eate la plus p\u00e9rilleuse \u00e0 travers la Gr\u00e8ce antique, combattez des cr\u00e9atures mythiques, r\u00e9solvez des \u00e9nigmes complexes et exploitez les pouvoirs divins pour emp\u00eacher le chaos alors que le jeu dangereux d\u2019Ar\u00e8s menace le tissu m\u00eame de la civilisation.\" \/>\n<meta property=\"og:url\" content=\"https:\/\/www.iplay.com\/en\/?post_type=product&amp;p=130221\" \/>\n<meta property=\"og:site_name\" content=\"IPlay\" \/>\n<meta property=\"og:image\" content=\"https:\/\/www.iplay.com\/wp-content\/uploads\/2025\/04\/argonauts_agency_8_ares_games_ce_large_video_screenshot.webp\" \/>\n\t<meta property=\"og:image:width\" content=\"715\" \/>\n\t<meta property=\"og:image:height\" content=\"485\" \/>\n\t<meta property=\"og:image:type\" content=\"image\/webp\" \/>\n<meta name=\"twitter:card\" content=\"summary_large_image\" \/>\n<meta name=\"twitter:label1\" content=\"Dur\u00e9e de lecture estim\u00e9e\" \/>\n\t<meta name=\"twitter:data1\" content=\"2 minutes\" \/>\n<script type=\"application\/ld+json\" class=\"yoast-schema-graph\">{\"@context\":\"https:\/\/schema.org\",\"@graph\":[{\"@type\":\"WebPage\",\"@id\":\"https:\/\/www.iplay.com\/en\/?post_type=product&p=130221\",\"url\":\"https:\/\/www.iplay.com\/en\/?post_type=product&p=130221\",\"name\":\"Agence Argonautes 8 : l\u2019aventure grecque pour sauver le monde antique\",\"isPartOf\":{\"@id\":\"https:\/\/www.iplay.com\/en\/#website\"},\"primaryImageOfPage\":{\"@id\":\"https:\/\/www.iplay.com\/en\/?post_type=product&p=130221#primaryimage\"},\"image\":{\"@id\":\"https:\/\/www.iplay.com\/en\/?post_type=product&p=130221#primaryimage\"},\"thumbnailUrl\":\"https:\/\/www.iplay.com\/wp-content\/uploads\/2025\/04\/argonauts_agency_8_ares_games_ce_large_square_tile_image.webp\",\"datePublished\":\"2025-04-04T08:30:46+00:00\",\"description\":\"Rejoignez les l\u00e9gendaires Argonautes dans leur qu\u00eate la plus p\u00e9rilleuse \u00e0 travers la Gr\u00e8ce antique, combattez des cr\u00e9atures mythiques, r\u00e9solvez des \u00e9nigmes complexes et exploitez les pouvoirs divins pour emp\u00eacher le chaos alors que le jeu dangereux d\u2019Ar\u00e8s menace le tissu m\u00eame de la civilisation.\",\"breadcrumb\":{\"@id\":\"https:\/\/www.iplay.com\/en\/?post_type=product&p=130221#breadcrumb\"},\"inLanguage\":\"fr-FR\",\"potentialAction\":[{\"@type\":\"ReadAction\",\"target\":[\"https:\/\/www.iplay.com\/en\/?post_type=product&p=130221\"]}]},{\"@type\":\"ImageObject\",\"inLanguage\":\"fr-FR\",\"@id\":\"https:\/\/www.iplay.com\/en\/?post_type=product&p=130221#primaryimage\",\"url\":\"https:\/\/www.iplay.com\/wp-content\/uploads\/2025\/04\/argonauts_agency_8_ares_games_ce_large_square_tile_image.webp\",\"contentUrl\":\"https:\/\/www.iplay.com\/wp-content\/uploads\/2025\/04\/argonauts_agency_8_ares_games_ce_large_square_tile_image.webp\",\"width\":310,\"height\":310},{\"@type\":\"BreadcrumbList\",\"@id\":\"https:\/\/www.iplay.com\/en\/?post_type=product&p=130221#breadcrumb\",\"itemListElement\":[{\"@type\":\"ListItem\",\"position\":1,\"name\":\"Home\",\"item\":\"https:\/\/www.iplay.com\/fr\/home-page-2\/\"},{\"@type\":\"ListItem\",\"position\":2,\"name\":\"Shop\",\"item\":\"https:\/\/www.iplay.com\/en\/shop\/\"},{\"@type\":\"ListItem\",\"position\":3,\"name\":\"Argonauts Agency 8: Ares Games Collector&#8217;s Edition\"}]},{\"@type\":\"WebSite\",\"@id\":\"https:\/\/www.iplay.com\/en\/#website\",\"url\":\"https:\/\/www.iplay.com\/en\/\",\"name\":\"IPlay\",\"description\":\"The Best Casual Games!\",\"publisher\":{\"@id\":\"https:\/\/www.iplay.com\/en\/#organization\"},\"potentialAction\":[{\"@type\":\"SearchAction\",\"target\":{\"@type\":\"EntryPoint\",\"urlTemplate\":\"https:\/\/www.iplay.com\/en\/?s={search_term_string}\"},\"query-input\":{\"@type\":\"PropertyValueSpecification\",\"valueRequired\":true,\"valueName\":\"search_term_string\"}}],\"inLanguage\":\"fr-FR\"},{\"@type\":\"Organization\",\"@id\":\"https:\/\/www.iplay.com\/en\/#organization\",\"name\":\"IPlay\",\"url\":\"https:\/\/www.iplay.com\/en\/\",\"logo\":{\"@type\":\"ImageObject\",\"inLanguage\":\"fr-FR\",\"@id\":\"https:\/\/www.iplay.com\/en\/#\/schema\/logo\/image\/\",\"url\":\"https:\/\/www.iplay.com\/wp-content\/uploads\/2023\/11\/Group-6100.svg\",\"contentUrl\":\"https:\/\/www.iplay.com\/wp-content\/uploads\/2023\/11\/Group-6100.svg\",\"width\":98,\"height\":25,\"caption\":\"IPlay\"},\"image\":{\"@id\":\"https:\/\/www.iplay.com\/en\/#\/schema\/logo\/image\/\"}}]}<\/script>\n<!-- \/ Yoast SEO Premium plugin. -->","yoast_head_json":{"title":"Agence Argonautes 8 : l\u2019aventure grecque pour sauver le monde antique","description":"Rejoignez les l\u00e9gendaires Argonautes dans leur qu\u00eate la plus p\u00e9rilleuse \u00e0 travers la Gr\u00e8ce antique, combattez des cr\u00e9atures mythiques, r\u00e9solvez des \u00e9nigmes complexes et exploitez les pouvoirs divins pour emp\u00eacher le chaos alors que le jeu dangereux d\u2019Ar\u00e8s menace le tissu m\u00eame de la civilisation.","robots":{"index":"index","follow":"follow","max-snippet":"max-snippet:-1","max-image-preview":"max-image-preview:large","max-video-preview":"max-video-preview:-1"},"canonical":"https:\/\/www.iplay.com\/en\/?post_type=product&p=130221","og_locale":"fr_FR","og_type":"article","og_title":"Argonauts Agency 8: Ares Games Collector's Edition","og_description":"Rejoignez les l\u00e9gendaires Argonautes dans leur qu\u00eate la plus p\u00e9rilleuse \u00e0 travers la Gr\u00e8ce antique, combattez des cr\u00e9atures mythiques, r\u00e9solvez des \u00e9nigmes complexes et exploitez les pouvoirs divins pour emp\u00eacher le chaos alors que le jeu dangereux d\u2019Ar\u00e8s menace le tissu m\u00eame de la civilisation.","og_url":"https:\/\/www.iplay.com\/en\/?post_type=product&p=130221","og_site_name":"IPlay","og_image":[{"width":715,"height":485,"url":"https:\/\/www.iplay.com\/wp-content\/uploads\/2025\/04\/argonauts_agency_8_ares_games_ce_large_video_screenshot.webp","type":"image\/webp"}],"twitter_card":"summary_large_image","twitter_misc":{"Dur\u00e9e de lecture estim\u00e9e":"2 minutes"},"schema":{"@context":"https:\/\/schema.org","@graph":[{"@type":"WebPage","@id":"https:\/\/www.iplay.com\/en\/?post_type=product&p=130221","url":"https:\/\/www.iplay.com\/en\/?post_type=product&p=130221","name":"Agence Argonautes 8 : l\u2019aventure grecque pour sauver le monde antique","isPartOf":{"@id":"https:\/\/www.iplay.com\/en\/#website"},"primaryImageOfPage":{"@id":"https:\/\/www.iplay.com\/en\/?post_type=product&p=130221#primaryimage"},"image":{"@id":"https:\/\/www.iplay.com\/en\/?post_type=product&p=130221#primaryimage"},"thumbnailUrl":"https:\/\/www.iplay.com\/wp-content\/uploads\/2025\/04\/argonauts_agency_8_ares_games_ce_large_square_tile_image.webp","datePublished":"2025-04-04T08:30:46+00:00","description":"Rejoignez les l\u00e9gendaires Argonautes dans leur qu\u00eate la plus p\u00e9rilleuse \u00e0 travers la Gr\u00e8ce antique, combattez des cr\u00e9atures mythiques, r\u00e9solvez des \u00e9nigmes complexes et exploitez les pouvoirs divins pour emp\u00eacher le chaos alors que le jeu dangereux d\u2019Ar\u00e8s menace le tissu m\u00eame de la civilisation.","breadcrumb":{"@id":"https:\/\/www.iplay.com\/en\/?post_type=product&p=130221#breadcrumb"},"inLanguage":"fr-FR","potentialAction":[{"@type":"ReadAction","target":["https:\/\/www.iplay.com\/en\/?post_type=product&p=130221"]}]},{"@type":"ImageObject","inLanguage":"fr-FR","@id":"https:\/\/www.iplay.com\/en\/?post_type=product&p=130221#primaryimage","url":"https:\/\/www.iplay.com\/wp-content\/uploads\/2025\/04\/argonauts_agency_8_ares_games_ce_large_square_tile_image.webp","contentUrl":"https:\/\/www.iplay.com\/wp-content\/uploads\/2025\/04\/argonauts_agency_8_ares_games_ce_large_square_tile_image.webp","width":310,"height":310},{"@type":"BreadcrumbList","@id":"https:\/\/www.iplay.com\/en\/?post_type=product&p=130221#breadcrumb","itemListElement":[{"@type":"ListItem","position":1,"name":"Home","item":"https:\/\/www.iplay.com\/fr\/home-page-2\/"},{"@type":"ListItem","position":2,"name":"Shop","item":"https:\/\/www.iplay.com\/en\/shop\/"},{"@type":"ListItem","position":3,"name":"Argonauts Agency 8: Ares Games Collector&#8217;s Edition"}]},{"@type":"WebSite","@id":"https:\/\/www.iplay.com\/en\/#website","url":"https:\/\/www.iplay.com\/en\/","name":"IPlay","description":"The Best Casual Games!","publisher":{"@id":"https:\/\/www.iplay.com\/en\/#organization"},"potentialAction":[{"@type":"SearchAction","target":{"@type":"EntryPoint","urlTemplate":"https:\/\/www.iplay.com\/en\/?s={search_term_string}"},"query-input":{"@type":"PropertyValueSpecification","valueRequired":true,"valueName":"search_term_string"}}],"inLanguage":"fr-FR"},{"@type":"Organization","@id":"https:\/\/www.iplay.com\/en\/#organization","name":"IPlay","url":"https:\/\/www.iplay.com\/en\/","logo":{"@type":"ImageObject","inLanguage":"fr-FR","@id":"https:\/\/www.iplay.com\/en\/#\/schema\/logo\/image\/","url":"https:\/\/www.iplay.com\/wp-content\/uploads\/2023\/11\/Group-6100.svg","contentUrl":"https:\/\/www.iplay.com\/wp-content\/uploads\/2023\/11\/Group-6100.svg","width":98,"height":25,"caption":"IPlay"},"image":{"@id":"https:\/\/www.iplay.com\/en\/#\/schema\/logo\/image\/"}}]}},"_links":{"self":[{"href":"https:\/\/www.iplay.com\/fr\/wp-json\/wp\/v2\/product\/130421","targetHints":{"allow":["GET"]}}],"collection":[{"href":"https:\/\/www.iplay.com\/fr\/wp-json\/wp\/v2\/product"}],"about":[{"href":"https:\/\/www.iplay.com\/fr\/wp-json\/wp\/v2\/types\/product"}],"author":[{"embeddable":true,"href":"https:\/\/www.iplay.com\/fr\/wp-json\/wp\/v2\/users\/13"}],"replies":[{"embeddable":true,"href":"https:\/\/www.iplay.com\/fr\/wp-json\/wp\/v2\/comments?post=130421"}],"wp:featuredmedia":[{"embeddable":true,"href":"https:\/\/www.iplay.com\/fr\/wp-json\/wp\/v2\/media\/130238"}],"wp:attachment":[{"href":"https:\/\/www.iplay.com\/fr\/wp-json\/wp\/v2\/media?parent=130421"}],"wp:term":[{"taxonomy":"product_brand","embeddable":true,"href":"https:\/\/www.iplay.com\/fr\/wp-json\/wp\/v2\/product_brand?post=130421"},{"taxonomy":"product_cat","embeddable":true,"href":"https:\/\/www.iplay.com\/fr\/wp-json\/wp\/v2\/product_cat?post=130421"},{"taxonomy":"product_tag","embeddable":true,"href":"https:\/\/www.iplay.com\/fr\/wp-json\/wp\/v2\/product_tag?post=130421"}],"curies":[{"name":"wp","href":"https:\/\/api.w.org\/{rel}","templated":true}]}}