{"id":130396,"date":"2023-07-19T00:00:00","date_gmt":"2023-07-19T00:00:00","guid":{"rendered":"https:\/\/www.iplay.com\/games\/weekend-solitaire-summer-village\/"},"modified":"2025-08-04T12:22:58","modified_gmt":"2025-08-04T12:22:58","slug":"weekend-solitaire-summer-village","status":"publish","type":"product","link":"https:\/\/www.iplay.com\/fr\/games\/weekend-solitaire-summer-village\/","title":{"rendered":"Weekend Solitaire: Summer Village"},"content":{"rendered":"<p>Attaquons-nous au Solitaire Challenge maintenant. Terminez les multiples \u00e9tapes du jeu. Gagnez des combinaisons de cartes difficiles et participez \u00e0 un grand jeu color\u00e9 avec plusieurs niveaux de difficult\u00e9 diff\u00e9rente. Surmontez les obstacles, faites des combos et recevez des r\u00e9compenses.   <\/p>\n<p>&nbsp;<\/p>\n<p>&nbsp;<\/p>\n<p><strong>Fonctionnalit\u00e9s:<\/strong><\/p>\n<p>&nbsp;<\/p>\n<p>&#8211; 130 \u00e9tapes passionnantes avec une animation<br \/>\n accrocheuse &#8211; Dix \u00e0 douze heures de jeu<\/p>\n","protected":false},"excerpt":{"rendered":"<p>Il est temps d\u2019utiliser Weekend Solitaire&nbsp;: Summer Village pour relever le d\u00e9fi Solitaire.<\/p>\n","protected":false},"author":36,"featured_media":72677,"comment_status":"open","ping_status":"closed","template":"","meta":{"_acf_changed":false,"inline_featured_image":false},"product_brand":[],"product_cat":[155,207],"product_tag":[287],"class_list":{"0":"post-130396","1":"product","2":"type-product","3":"status-publish","4":"has-post-thumbnail","6":"product_cat-card-fr-2","7":"product_cat-solitaire-fr","8":"product_tag-play-on-pc-fr","10":"first","11":"instock","12":"shipping-taxable","13":"purchasable","14":"product-type-simple"},"acf":[],"yoast_head":"<!-- This site is optimized with the Yoast SEO Premium plugin v25.2 (Yoast SEO v25.2) - https:\/\/yoast.com\/wordpress\/plugins\/seo\/ -->\n<title>Weekend Solitaire\u00a0: Summer Village - Relevez le d\u00e9fi du solitaire au Village d\u2019\u00e9t\u00e9<\/title>\n<meta name=\"description\" content=\"Il est temps d\u2019utiliser Weekend Solitaire&nbsp;: Summer Village pour relever le d\u00e9fi Solitaire.\" \/>\n<meta name=\"robots\" content=\"index, follow, max-snippet:-1, max-image-preview:large, max-video-preview:-1\" \/>\n<link rel=\"canonical\" href=\"https:\/\/www.iplay.com\/fr\/games\/weekend-solitaire-summer-village\/\" \/>\n<meta property=\"og:locale\" content=\"fr_FR\" \/>\n<meta property=\"og:type\" content=\"article\" \/>\n<meta property=\"og:title\" content=\"Weekend Solitaire: Summer Village\" \/>\n<meta property=\"og:description\" content=\"Il est temps d\u2019utiliser Weekend Solitaire&nbsp;: Summer Village pour relever le d\u00e9fi Solitaire.\" \/>\n<meta property=\"og:url\" content=\"https:\/\/www.iplay.com\/fr\/games\/weekend-solitaire-summer-village\/\" \/>\n<meta property=\"og:site_name\" content=\"IPlay\" \/>\n<meta property=\"article:modified_time\" content=\"2025-08-04T12:22:58+00:00\" \/>\n<meta property=\"og:image\" content=\"https:\/\/www.iplay.com\/wp-content\/uploads\/2023\/12\/large_square_tile_image-2034.jpg\" \/>\n\t<meta property=\"og:image:width\" content=\"310\" \/>\n\t<meta property=\"og:image:height\" content=\"310\" \/>\n\t<meta property=\"og:image:type\" content=\"image\/jpeg\" \/>\n<meta name=\"twitter:card\" content=\"summary_large_image\" \/>\n<script type=\"application\/ld+json\" class=\"yoast-schema-graph\">{\"@context\":\"https:\/\/schema.org\",\"@graph\":[{\"@type\":\"WebPage\",\"@id\":\"https:\/\/www.iplay.com\/fr\/games\/weekend-solitaire-summer-village\/\",\"url\":\"https:\/\/www.iplay.com\/fr\/games\/weekend-solitaire-summer-village\/\",\"name\":\"Weekend Solitaire\u00a0: Summer Village - Relevez le d\u00e9fi du solitaire au Village d\u2019\u00e9t\u00e9\",\"isPartOf\":{\"@id\":\"https:\/\/www.iplay.com\/en\/#website\"},\"primaryImageOfPage\":{\"@id\":\"https:\/\/www.iplay.com\/fr\/games\/weekend-solitaire-summer-village\/#primaryimage\"},\"image\":{\"@id\":\"https:\/\/www.iplay.com\/fr\/games\/weekend-solitaire-summer-village\/#primaryimage\"},\"thumbnailUrl\":\"https:\/\/www.iplay.com\/wp-content\/uploads\/2023\/12\/large_square_tile_image-2034.jpg\",\"datePublished\":\"2023-07-19T00:00:00+00:00\",\"dateModified\":\"2025-08-04T12:22:58+00:00\",\"description\":\"Il est temps d\u2019utiliser Weekend Solitaire&nbsp;: Summer Village pour relever le d\u00e9fi Solitaire.\",\"breadcrumb\":{\"@id\":\"https:\/\/www.iplay.com\/fr\/games\/weekend-solitaire-summer-village\/#breadcrumb\"},\"inLanguage\":\"fr-FR\",\"potentialAction\":[{\"@type\":\"ReadAction\",\"target\":[\"https:\/\/www.iplay.com\/fr\/games\/weekend-solitaire-summer-village\/\"]}]},{\"@type\":\"ImageObject\",\"inLanguage\":\"fr-FR\",\"@id\":\"https:\/\/www.iplay.com\/fr\/games\/weekend-solitaire-summer-village\/#primaryimage\",\"url\":\"https:\/\/www.iplay.com\/wp-content\/uploads\/2023\/12\/large_square_tile_image-2034.jpg\",\"contentUrl\":\"https:\/\/www.iplay.com\/wp-content\/uploads\/2023\/12\/large_square_tile_image-2034.jpg\",\"width\":310,\"height\":310},{\"@type\":\"BreadcrumbList\",\"@id\":\"https:\/\/www.iplay.com\/fr\/games\/weekend-solitaire-summer-village\/#breadcrumb\",\"itemListElement\":[{\"@type\":\"ListItem\",\"position\":1,\"name\":\"Home\",\"item\":\"https:\/\/www.iplay.com\/fr\/home-page-2\/\"},{\"@type\":\"ListItem\",\"position\":2,\"name\":\"Shop\",\"item\":\"https:\/\/www.iplay.com\/en\/shop\/\"},{\"@type\":\"ListItem\",\"position\":3,\"name\":\"Weekend Solitaire: Summer Village\"}]},{\"@type\":\"WebSite\",\"@id\":\"https:\/\/www.iplay.com\/en\/#website\",\"url\":\"https:\/\/www.iplay.com\/en\/\",\"name\":\"IPlay\",\"description\":\"The Best Casual Games!\",\"publisher\":{\"@id\":\"https:\/\/www.iplay.com\/en\/#organization\"},\"potentialAction\":[{\"@type\":\"SearchAction\",\"target\":{\"@type\":\"EntryPoint\",\"urlTemplate\":\"https:\/\/www.iplay.com\/en\/?s={search_term_string}\"},\"query-input\":{\"@type\":\"PropertyValueSpecification\",\"valueRequired\":true,\"valueName\":\"search_term_string\"}}],\"inLanguage\":\"fr-FR\"},{\"@type\":\"Organization\",\"@id\":\"https:\/\/www.iplay.com\/en\/#organization\",\"name\":\"IPlay\",\"url\":\"https:\/\/www.iplay.com\/en\/\",\"logo\":{\"@type\":\"ImageObject\",\"inLanguage\":\"fr-FR\",\"@id\":\"https:\/\/www.iplay.com\/en\/#\/schema\/logo\/image\/\",\"url\":\"https:\/\/www.iplay.com\/wp-content\/uploads\/2023\/11\/Group-6100.svg\",\"contentUrl\":\"https:\/\/www.iplay.com\/wp-content\/uploads\/2023\/11\/Group-6100.svg\",\"width\":98,\"height\":25,\"caption\":\"IPlay\"},\"image\":{\"@id\":\"https:\/\/www.iplay.com\/en\/#\/schema\/logo\/image\/\"}}]}<\/script>\n<!-- \/ Yoast SEO Premium plugin. -->","yoast_head_json":{"title":"Weekend Solitaire\u00a0: Summer Village - Relevez le d\u00e9fi du solitaire au Village d\u2019\u00e9t\u00e9","description":"Il est temps d\u2019utiliser Weekend Solitaire&nbsp;: Summer Village pour relever le d\u00e9fi Solitaire.","robots":{"index":"index","follow":"follow","max-snippet":"max-snippet:-1","max-image-preview":"max-image-preview:large","max-video-preview":"max-video-preview:-1"},"canonical":"https:\/\/www.iplay.com\/fr\/games\/weekend-solitaire-summer-village\/","og_locale":"fr_FR","og_type":"article","og_title":"Weekend Solitaire: Summer Village","og_description":"Il est temps d\u2019utiliser Weekend Solitaire&nbsp;: Summer Village pour relever le d\u00e9fi Solitaire.","og_url":"https:\/\/www.iplay.com\/fr\/games\/weekend-solitaire-summer-village\/","og_site_name":"IPlay","article_modified_time":"2025-08-04T12:22:58+00:00","og_image":[{"width":310,"height":310,"url":"https:\/\/www.iplay.com\/wp-content\/uploads\/2023\/12\/large_square_tile_image-2034.jpg","type":"image\/jpeg"}],"twitter_card":"summary_large_image","schema":{"@context":"https:\/\/schema.org","@graph":[{"@type":"WebPage","@id":"https:\/\/www.iplay.com\/fr\/games\/weekend-solitaire-summer-village\/","url":"https:\/\/www.iplay.com\/fr\/games\/weekend-solitaire-summer-village\/","name":"Weekend Solitaire\u00a0: Summer Village - Relevez le d\u00e9fi du solitaire au Village d\u2019\u00e9t\u00e9","isPartOf":{"@id":"https:\/\/www.iplay.com\/en\/#website"},"primaryImageOfPage":{"@id":"https:\/\/www.iplay.com\/fr\/games\/weekend-solitaire-summer-village\/#primaryimage"},"image":{"@id":"https:\/\/www.iplay.com\/fr\/games\/weekend-solitaire-summer-village\/#primaryimage"},"thumbnailUrl":"https:\/\/www.iplay.com\/wp-content\/uploads\/2023\/12\/large_square_tile_image-2034.jpg","datePublished":"2023-07-19T00:00:00+00:00","dateModified":"2025-08-04T12:22:58+00:00","description":"Il est temps d\u2019utiliser Weekend Solitaire&nbsp;: Summer Village pour relever le d\u00e9fi Solitaire.","breadcrumb":{"@id":"https:\/\/www.iplay.com\/fr\/games\/weekend-solitaire-summer-village\/#breadcrumb"},"inLanguage":"fr-FR","potentialAction":[{"@type":"ReadAction","target":["https:\/\/www.iplay.com\/fr\/games\/weekend-solitaire-summer-village\/"]}]},{"@type":"ImageObject","inLanguage":"fr-FR","@id":"https:\/\/www.iplay.com\/fr\/games\/weekend-solitaire-summer-village\/#primaryimage","url":"https:\/\/www.iplay.com\/wp-content\/uploads\/2023\/12\/large_square_tile_image-2034.jpg","contentUrl":"https:\/\/www.iplay.com\/wp-content\/uploads\/2023\/12\/large_square_tile_image-2034.jpg","width":310,"height":310},{"@type":"BreadcrumbList","@id":"https:\/\/www.iplay.com\/fr\/games\/weekend-solitaire-summer-village\/#breadcrumb","itemListElement":[{"@type":"ListItem","position":1,"name":"Home","item":"https:\/\/www.iplay.com\/fr\/home-page-2\/"},{"@type":"ListItem","position":2,"name":"Shop","item":"https:\/\/www.iplay.com\/en\/shop\/"},{"@type":"ListItem","position":3,"name":"Weekend Solitaire: Summer Village"}]},{"@type":"WebSite","@id":"https:\/\/www.iplay.com\/en\/#website","url":"https:\/\/www.iplay.com\/en\/","name":"IPlay","description":"The Best Casual Games!","publisher":{"@id":"https:\/\/www.iplay.com\/en\/#organization"},"potentialAction":[{"@type":"SearchAction","target":{"@type":"EntryPoint","urlTemplate":"https:\/\/www.iplay.com\/en\/?s={search_term_string}"},"query-input":{"@type":"PropertyValueSpecification","valueRequired":true,"valueName":"search_term_string"}}],"inLanguage":"fr-FR"},{"@type":"Organization","@id":"https:\/\/www.iplay.com\/en\/#organization","name":"IPlay","url":"https:\/\/www.iplay.com\/en\/","logo":{"@type":"ImageObject","inLanguage":"fr-FR","@id":"https:\/\/www.iplay.com\/en\/#\/schema\/logo\/image\/","url":"https:\/\/www.iplay.com\/wp-content\/uploads\/2023\/11\/Group-6100.svg","contentUrl":"https:\/\/www.iplay.com\/wp-content\/uploads\/2023\/11\/Group-6100.svg","width":98,"height":25,"caption":"IPlay"},"image":{"@id":"https:\/\/www.iplay.com\/en\/#\/schema\/logo\/image\/"}}]}},"_links":{"self":[{"href":"https:\/\/www.iplay.com\/fr\/wp-json\/wp\/v2\/product\/130396","targetHints":{"allow":["GET"]}}],"collection":[{"href":"https:\/\/www.iplay.com\/fr\/wp-json\/wp\/v2\/product"}],"about":[{"href":"https:\/\/www.iplay.com\/fr\/wp-json\/wp\/v2\/types\/product"}],"author":[{"embeddable":true,"href":"https:\/\/www.iplay.com\/fr\/wp-json\/wp\/v2\/users\/36"}],"replies":[{"embeddable":true,"href":"https:\/\/www.iplay.com\/fr\/wp-json\/wp\/v2\/comments?post=130396"}],"wp:featuredmedia":[{"embeddable":true,"href":"https:\/\/www.iplay.com\/fr\/wp-json\/wp\/v2\/media\/72677"}],"wp:attachment":[{"href":"https:\/\/www.iplay.com\/fr\/wp-json\/wp\/v2\/media?parent=130396"}],"wp:term":[{"taxonomy":"product_brand","embeddable":true,"href":"https:\/\/www.iplay.com\/fr\/wp-json\/wp\/v2\/product_brand?post=130396"},{"taxonomy":"product_cat","embeddable":true,"href":"https:\/\/www.iplay.com\/fr\/wp-json\/wp\/v2\/product_cat?post=130396"},{"taxonomy":"product_tag","embeddable":true,"href":"https:\/\/www.iplay.com\/fr\/wp-json\/wp\/v2\/product_tag?post=130396"}],"curies":[{"name":"wp","href":"https:\/\/api.w.org\/{rel}","templated":true}]}}