{"id":130353,"date":"2023-07-07T00:00:04","date_gmt":"2023-07-07T00:00:04","guid":{"rendered":"https:\/\/www.iplay.com\/games\/ride-the-rails-5-in-1\/"},"modified":"2023-07-07T00:00:04","modified_gmt":"2023-07-07T00:00:04","slug":"ride-the-rails-5-in-1","status":"publish","type":"product","link":"https:\/\/www.iplay.com\/fr\/games\/ride-the-rails-5-in-1\/","title":{"rendered":"Ride The Rails 5 in 1"},"content":{"rendered":"<p>Un peu d\u2019action Wild West Railroad, \u00eates-vous pr\u00eat ? Avec l\u2019offre group\u00e9e 5 en 1 Ride The Rails, attaquez-vous aux cinq jeux classiques de la s\u00e9rie Golden Rails. Aidez Jack et Jill dans leurs nombreux voyages dans le Far West am\u00e9ricain. Aidez plusieurs communaut\u00e9s dans la construction de leurs chemins de fer, l\u2019Exposition universelle, la livraison du courrier, la participation \u00e0 la ru\u00e9e vers l\u2019or de l\u2019Alaska ou l\u2019introduction de la civilisation dans le Far West. Avec l\u2019ensemble 5-en-1, qui comprend tous les livres Golden Rails en un seul t\u00e9l\u00e9chargement facile, vous pouvez tout accomplir. Enfilez vos Six Guns et chevauchez comme un fou jusqu\u2019\u00e0 la fronti\u00e8re ! Qu\u2019est-ce que t\u2019attends? Les chemins de fer ne vont pas se construire tout seuls ! Les jeux comprennent les cinq titres dans un seul pack, des illustrations et des bandes sonores fantastiques, ainsi que des tr\u00e9sors \u00e0 collectionner enfouis tout au long des jeux.        <\/p>\n<p>&nbsp;<\/p>\n<p>&nbsp;<\/p>\n<p><strong>Fonctionnalit\u00e9s:<\/strong><\/p>\n<p>&#8211; Construisez un chemin de fer d\u2019un oc\u00e9an \u00e0 l\u2019autre<br \/>\n&#8211; Apportez la civilisation \u00e0 la fronti\u00e8re<br \/>\n&#8211; Participez \u00e0 la ru\u00e9e vers<br \/>\n l\u2019or du Klondike- Aidez \u00e0 la construction de l\u2019Exposition<br \/>\n universelle- Relevez le d\u00e9fi de livrer le courrier dans Golden Rails 2&nbsp;: Valuable Package<\/p>\n","protected":false},"excerpt":{"rendered":"<p>Un peu d\u2019action Wild West Railroad, \u00eates-vous pr\u00eat ? Avec Ride The Rails 5 en 1, bougez ! <\/p>\n","protected":false},"author":8,"featured_media":89972,"comment_status":"open","ping_status":"closed","template":"","meta":{"_acf_changed":false,"inline_featured_image":false},"product_brand":[],"product_cat":[216],"product_tag":[258,287],"class_list":{"0":"post-130353","1":"product","2":"type-product","3":"status-publish","4":"has-post-thumbnail","6":"product_cat-time-management-fr","7":"product_tag-golden-rails-series-fr","8":"product_tag-play-on-pc-fr","10":"first","11":"instock","12":"shipping-taxable","13":"purchasable","14":"product-type-simple"},"acf":[],"yoast_head":"<!-- This site is optimized with the Yoast SEO Premium plugin v25.2 (Yoast SEO v25.2) - https:\/\/yoast.com\/wordpress\/plugins\/seo\/ -->\n<title>Ride The Rails 5 en 1 - L\u2019action du Wild West Railroad<\/title>\n<meta name=\"description\" content=\"Un peu d\u2019action Wild West Railroad, \u00eates-vous pr\u00eat ? Avec Ride The Rails 5 en 1, bougez !\" \/>\n<meta name=\"robots\" content=\"index, follow, max-snippet:-1, max-image-preview:large, max-video-preview:-1\" \/>\n<link rel=\"canonical\" href=\"https:\/\/www.iplay.com\/fr\/games\/ride-the-rails-5-in-1\/\" \/>\n<meta property=\"og:locale\" content=\"fr_FR\" \/>\n<meta property=\"og:type\" content=\"article\" \/>\n<meta property=\"og:title\" content=\"Ride The Rails 5 in 1\" \/>\n<meta property=\"og:description\" content=\"Un peu d\u2019action Wild West Railroad, \u00eates-vous pr\u00eat ? Avec Ride The Rails 5 en 1, bougez !\" \/>\n<meta property=\"og:url\" content=\"https:\/\/www.iplay.com\/fr\/games\/ride-the-rails-5-in-1\/\" \/>\n<meta property=\"og:site_name\" content=\"IPlay\" \/>\n<meta property=\"og:image\" content=\"https:\/\/www.iplay.com\/wp-content\/uploads\/2023\/12\/large_square_tile_image-3136.jpg\" \/>\n\t<meta property=\"og:image:width\" content=\"310\" \/>\n\t<meta property=\"og:image:height\" content=\"310\" \/>\n\t<meta property=\"og:image:type\" content=\"image\/jpeg\" \/>\n<meta name=\"twitter:card\" content=\"summary_large_image\" \/>\n<meta name=\"twitter:label1\" content=\"Dur\u00e9e de lecture estim\u00e9e\" \/>\n\t<meta name=\"twitter:data1\" content=\"1 minute\" \/>\n<script type=\"application\/ld+json\" class=\"yoast-schema-graph\">{\"@context\":\"https:\/\/schema.org\",\"@graph\":[{\"@type\":\"WebPage\",\"@id\":\"https:\/\/www.iplay.com\/fr\/games\/ride-the-rails-5-in-1\/\",\"url\":\"https:\/\/www.iplay.com\/fr\/games\/ride-the-rails-5-in-1\/\",\"name\":\"Ride The Rails 5 en 1 - L\u2019action du Wild West Railroad\",\"isPartOf\":{\"@id\":\"https:\/\/www.iplay.com\/en\/#website\"},\"primaryImageOfPage\":{\"@id\":\"https:\/\/www.iplay.com\/fr\/games\/ride-the-rails-5-in-1\/#primaryimage\"},\"image\":{\"@id\":\"https:\/\/www.iplay.com\/fr\/games\/ride-the-rails-5-in-1\/#primaryimage\"},\"thumbnailUrl\":\"https:\/\/www.iplay.com\/wp-content\/uploads\/2023\/12\/large_square_tile_image-3136.jpg\",\"datePublished\":\"2023-07-07T00:00:04+00:00\",\"description\":\"Un peu d\u2019action Wild West Railroad, \u00eates-vous pr\u00eat ? Avec Ride The Rails 5 en 1, bougez !\",\"breadcrumb\":{\"@id\":\"https:\/\/www.iplay.com\/fr\/games\/ride-the-rails-5-in-1\/#breadcrumb\"},\"inLanguage\":\"fr-FR\",\"potentialAction\":[{\"@type\":\"ReadAction\",\"target\":[\"https:\/\/www.iplay.com\/fr\/games\/ride-the-rails-5-in-1\/\"]}]},{\"@type\":\"ImageObject\",\"inLanguage\":\"fr-FR\",\"@id\":\"https:\/\/www.iplay.com\/fr\/games\/ride-the-rails-5-in-1\/#primaryimage\",\"url\":\"https:\/\/www.iplay.com\/wp-content\/uploads\/2023\/12\/large_square_tile_image-3136.jpg\",\"contentUrl\":\"https:\/\/www.iplay.com\/wp-content\/uploads\/2023\/12\/large_square_tile_image-3136.jpg\",\"width\":310,\"height\":310},{\"@type\":\"BreadcrumbList\",\"@id\":\"https:\/\/www.iplay.com\/fr\/games\/ride-the-rails-5-in-1\/#breadcrumb\",\"itemListElement\":[{\"@type\":\"ListItem\",\"position\":1,\"name\":\"Home\",\"item\":\"https:\/\/www.iplay.com\/fr\/home-page-2\/\"},{\"@type\":\"ListItem\",\"position\":2,\"name\":\"Shop\",\"item\":\"https:\/\/www.iplay.com\/en\/shop\/\"},{\"@type\":\"ListItem\",\"position\":3,\"name\":\"Ride The Rails 5 in 1\"}]},{\"@type\":\"WebSite\",\"@id\":\"https:\/\/www.iplay.com\/en\/#website\",\"url\":\"https:\/\/www.iplay.com\/en\/\",\"name\":\"IPlay\",\"description\":\"The Best Casual Games!\",\"publisher\":{\"@id\":\"https:\/\/www.iplay.com\/en\/#organization\"},\"potentialAction\":[{\"@type\":\"SearchAction\",\"target\":{\"@type\":\"EntryPoint\",\"urlTemplate\":\"https:\/\/www.iplay.com\/en\/?s={search_term_string}\"},\"query-input\":{\"@type\":\"PropertyValueSpecification\",\"valueRequired\":true,\"valueName\":\"search_term_string\"}}],\"inLanguage\":\"fr-FR\"},{\"@type\":\"Organization\",\"@id\":\"https:\/\/www.iplay.com\/en\/#organization\",\"name\":\"IPlay\",\"url\":\"https:\/\/www.iplay.com\/en\/\",\"logo\":{\"@type\":\"ImageObject\",\"inLanguage\":\"fr-FR\",\"@id\":\"https:\/\/www.iplay.com\/en\/#\/schema\/logo\/image\/\",\"url\":\"https:\/\/www.iplay.com\/wp-content\/uploads\/2023\/11\/Group-6100.svg\",\"contentUrl\":\"https:\/\/www.iplay.com\/wp-content\/uploads\/2023\/11\/Group-6100.svg\",\"width\":98,\"height\":25,\"caption\":\"IPlay\"},\"image\":{\"@id\":\"https:\/\/www.iplay.com\/en\/#\/schema\/logo\/image\/\"}}]}<\/script>\n<!-- \/ Yoast SEO Premium plugin. -->","yoast_head_json":{"title":"Ride The Rails 5 en 1 - L\u2019action du Wild West Railroad","description":"Un peu d\u2019action Wild West Railroad, \u00eates-vous pr\u00eat ? Avec Ride The Rails 5 en 1, bougez !","robots":{"index":"index","follow":"follow","max-snippet":"max-snippet:-1","max-image-preview":"max-image-preview:large","max-video-preview":"max-video-preview:-1"},"canonical":"https:\/\/www.iplay.com\/fr\/games\/ride-the-rails-5-in-1\/","og_locale":"fr_FR","og_type":"article","og_title":"Ride The Rails 5 in 1","og_description":"Un peu d\u2019action Wild West Railroad, \u00eates-vous pr\u00eat ? Avec Ride The Rails 5 en 1, bougez !","og_url":"https:\/\/www.iplay.com\/fr\/games\/ride-the-rails-5-in-1\/","og_site_name":"IPlay","og_image":[{"width":310,"height":310,"url":"https:\/\/www.iplay.com\/wp-content\/uploads\/2023\/12\/large_square_tile_image-3136.jpg","type":"image\/jpeg"}],"twitter_card":"summary_large_image","twitter_misc":{"Dur\u00e9e de lecture estim\u00e9e":"1 minute"},"schema":{"@context":"https:\/\/schema.org","@graph":[{"@type":"WebPage","@id":"https:\/\/www.iplay.com\/fr\/games\/ride-the-rails-5-in-1\/","url":"https:\/\/www.iplay.com\/fr\/games\/ride-the-rails-5-in-1\/","name":"Ride The Rails 5 en 1 - L\u2019action du Wild West Railroad","isPartOf":{"@id":"https:\/\/www.iplay.com\/en\/#website"},"primaryImageOfPage":{"@id":"https:\/\/www.iplay.com\/fr\/games\/ride-the-rails-5-in-1\/#primaryimage"},"image":{"@id":"https:\/\/www.iplay.com\/fr\/games\/ride-the-rails-5-in-1\/#primaryimage"},"thumbnailUrl":"https:\/\/www.iplay.com\/wp-content\/uploads\/2023\/12\/large_square_tile_image-3136.jpg","datePublished":"2023-07-07T00:00:04+00:00","description":"Un peu d\u2019action Wild West Railroad, \u00eates-vous pr\u00eat ? Avec Ride The Rails 5 en 1, bougez !","breadcrumb":{"@id":"https:\/\/www.iplay.com\/fr\/games\/ride-the-rails-5-in-1\/#breadcrumb"},"inLanguage":"fr-FR","potentialAction":[{"@type":"ReadAction","target":["https:\/\/www.iplay.com\/fr\/games\/ride-the-rails-5-in-1\/"]}]},{"@type":"ImageObject","inLanguage":"fr-FR","@id":"https:\/\/www.iplay.com\/fr\/games\/ride-the-rails-5-in-1\/#primaryimage","url":"https:\/\/www.iplay.com\/wp-content\/uploads\/2023\/12\/large_square_tile_image-3136.jpg","contentUrl":"https:\/\/www.iplay.com\/wp-content\/uploads\/2023\/12\/large_square_tile_image-3136.jpg","width":310,"height":310},{"@type":"BreadcrumbList","@id":"https:\/\/www.iplay.com\/fr\/games\/ride-the-rails-5-in-1\/#breadcrumb","itemListElement":[{"@type":"ListItem","position":1,"name":"Home","item":"https:\/\/www.iplay.com\/fr\/home-page-2\/"},{"@type":"ListItem","position":2,"name":"Shop","item":"https:\/\/www.iplay.com\/en\/shop\/"},{"@type":"ListItem","position":3,"name":"Ride The Rails 5 in 1"}]},{"@type":"WebSite","@id":"https:\/\/www.iplay.com\/en\/#website","url":"https:\/\/www.iplay.com\/en\/","name":"IPlay","description":"The Best Casual Games!","publisher":{"@id":"https:\/\/www.iplay.com\/en\/#organization"},"potentialAction":[{"@type":"SearchAction","target":{"@type":"EntryPoint","urlTemplate":"https:\/\/www.iplay.com\/en\/?s={search_term_string}"},"query-input":{"@type":"PropertyValueSpecification","valueRequired":true,"valueName":"search_term_string"}}],"inLanguage":"fr-FR"},{"@type":"Organization","@id":"https:\/\/www.iplay.com\/en\/#organization","name":"IPlay","url":"https:\/\/www.iplay.com\/en\/","logo":{"@type":"ImageObject","inLanguage":"fr-FR","@id":"https:\/\/www.iplay.com\/en\/#\/schema\/logo\/image\/","url":"https:\/\/www.iplay.com\/wp-content\/uploads\/2023\/11\/Group-6100.svg","contentUrl":"https:\/\/www.iplay.com\/wp-content\/uploads\/2023\/11\/Group-6100.svg","width":98,"height":25,"caption":"IPlay"},"image":{"@id":"https:\/\/www.iplay.com\/en\/#\/schema\/logo\/image\/"}}]}},"_links":{"self":[{"href":"https:\/\/www.iplay.com\/fr\/wp-json\/wp\/v2\/product\/130353","targetHints":{"allow":["GET"]}}],"collection":[{"href":"https:\/\/www.iplay.com\/fr\/wp-json\/wp\/v2\/product"}],"about":[{"href":"https:\/\/www.iplay.com\/fr\/wp-json\/wp\/v2\/types\/product"}],"author":[{"embeddable":true,"href":"https:\/\/www.iplay.com\/fr\/wp-json\/wp\/v2\/users\/8"}],"replies":[{"embeddable":true,"href":"https:\/\/www.iplay.com\/fr\/wp-json\/wp\/v2\/comments?post=130353"}],"wp:featuredmedia":[{"embeddable":true,"href":"https:\/\/www.iplay.com\/fr\/wp-json\/wp\/v2\/media\/89972"}],"wp:attachment":[{"href":"https:\/\/www.iplay.com\/fr\/wp-json\/wp\/v2\/media?parent=130353"}],"wp:term":[{"taxonomy":"product_brand","embeddable":true,"href":"https:\/\/www.iplay.com\/fr\/wp-json\/wp\/v2\/product_brand?post=130353"},{"taxonomy":"product_cat","embeddable":true,"href":"https:\/\/www.iplay.com\/fr\/wp-json\/wp\/v2\/product_cat?post=130353"},{"taxonomy":"product_tag","embeddable":true,"href":"https:\/\/www.iplay.com\/fr\/wp-json\/wp\/v2\/product_tag?post=130353"}],"curies":[{"name":"wp","href":"https:\/\/api.w.org\/{rel}","templated":true}]}}