{"id":130348,"date":"2023-07-07T00:00:01","date_gmt":"2023-07-07T00:00:01","guid":{"rendered":"https:\/\/www.iplay.com\/games\/criminal-archives-alphabetic-murders-ce\/"},"modified":"2023-07-07T00:00:01","modified_gmt":"2023-07-07T00:00:01","slug":"criminal-archives-alphabetic-murders-ce","status":"publish","type":"product","link":"https:\/\/www.iplay.com\/fr\/games\/criminal-archives-alphabetic-murders-ce\/","title":{"rendered":"Criminal Archives: Alphabetic Murders CE"},"content":{"rendered":"<p>Il y a des situations o\u00f9 il se passe beaucoup plus de choses qu\u2019il n\u2019y para\u00eet au premier abord, et les m\u00e9saventures ne sont pas du tout involontaires. Prenez plaisir \u00e0 mener des enqu\u00eates polici\u00e8res intrigantes et d\u00e9couvrez que la capacit\u00e9 d\u2019agir sans r\u00e9fl\u00e9chir pendant plus de cinq secondes et la force de caract\u00e8re distinguent les excellents d\u00e9tectives des mauvais. Poss\u00e9dez-vous ces qualit\u00e9s ? Une agente locale nomm\u00e9e Melinda Watson s\u2019approche de vous pour vous demander de l\u2019aide dans une affaire. D\u00e8s que vous commencez \u00e0 travailler sur l\u2019affaire, vous trouvez de nouvelles preuves qui relient les trois meurtres. Il s\u2019agissait soit d\u2019associ\u00e9s d\u2019affaires, soit de connaissances. Le fait que ces d\u00e9c\u00e8s ne sont pas al\u00e9atoires devient de plus en plus \u00e9vident au fur et \u00e0 mesure que l\u2019on avance. Vous regardez un homme portant un masque entrer par effraction dans la maison de l\u2019une des victimes et prendre ses papiers. Norma, sa femme, est choqu\u00e9e et dit qu\u2019elle ne savait pas que son mari avait des documents aussi importants. \u00cates-vous capable de faire la distinction entre la v\u00e9rit\u00e9 et le mensonge ? Rassemblez vos m\u00e9ninges pour un thriller policier palpitant dans cette toute nouvelle aventure de puzzle d\u2019objets cach\u00e9s !          <\/p>\n<p>&nbsp;<\/p>\n<p>&nbsp;<\/p>\n<p><strong>Fonctionnalit\u00e9s:<\/strong><\/p>\n<p>&nbsp;<\/p>\n<p>&#8211; Chapitre bonus. Vous aurez acc\u00e8s \u00e0 plus de missions qui vous captiveront et mettront \u00e0 l\u2019\u00e9preuve vos talents d\u2019enqu\u00eateur une fois que vous aurez termin\u00e9 l\u2019histoire principale ! Vous devrez faire face \u00e0 l\u2019allergie inattendue d\u2019une personne c\u00e9l\u00e8bre apr\u00e8s avoir essay\u00e9 une robe, en plus de prot\u00e9ger votre amie des accusations infond\u00e9es&nbsp;!  <\/p>\n<p>&#8211; Un large \u00e9ventail de succ\u00e8s ! Pr\u00e9parez-vous \u00e0 des \u00e9nigmes passionnantes, des mini-jeux difficiles et de nombreux objets cach\u00e9s ! Une tonne de prix qui mettront en valeur vos r\u00e9alisations seront \u00e0 vous si vous agissez comme un v\u00e9ritable enqu\u00eateur !  <\/p>\n<p>&#8211; Un sc\u00e9nario captivant ! Investissez votre temps libre dans l\u2019apprentissage du monde des d\u00e9tectives ! Vous ne serez pas d\u00e9\u00e7u par l\u2019intrigue en constante \u00e9volution de l\u2019histoire, l\u2019ambiance, les \u00e9nigmes ou quoi que ce soit d\u2019autre !  <\/p>\n<p>&#8211; Pi\u00e8ces d\u2019appoint ! Explorez chaque lieu anim\u00e9 \u00e0 la recherche de tr\u00e9sors et d\u2019artefacts cach\u00e9s. Montrez \u00e0 quel point vos comp\u00e9tences en recherche sont pr\u00e9cieuses !<\/p>\n","protected":false},"excerpt":{"rendered":"<p>Pr\u00e9parez-vous \u00e0 une histoire polici\u00e8re palpitante ! avec Meurtres alphab\u00e9tiques : Archives criminelles, CE<\/p>\n","protected":false},"author":52,"featured_media":72821,"comment_status":"open","ping_status":"closed","template":"","meta":{"_acf_changed":false,"inline_featured_image":false},"product_brand":[],"product_cat":[165],"product_tag":[287],"class_list":{"0":"post-130348","1":"product","2":"type-product","3":"status-publish","4":"has-post-thumbnail","6":"product_cat-hidden-object-fr","7":"product_tag-play-on-pc-fr","9":"first","10":"instock","11":"shipping-taxable","12":"purchasable","13":"product-type-simple"},"acf":[],"yoast_head":"<!-- This site is optimized with the Yoast SEO Premium plugin v25.2 (Yoast SEO v25.2) - https:\/\/yoast.com\/wordpress\/plugins\/seo\/ -->\n<title>Archives criminelles\u00a0: Meurtres par ordre alphab\u00e9tique CE - Rassemblez votre esprit pour un thriller policier passionnant<\/title>\n<meta name=\"description\" content=\"Pr\u00e9parez-vous \u00e0 une histoire polici\u00e8re palpitante ! avec Meurtres alphab\u00e9tiques : Archives criminelles, CE\" \/>\n<meta name=\"robots\" content=\"index, follow, max-snippet:-1, max-image-preview:large, max-video-preview:-1\" \/>\n<link rel=\"canonical\" href=\"https:\/\/www.iplay.com\/fr\/games\/criminal-archives-alphabetic-murders-ce\/\" \/>\n<meta property=\"og:locale\" content=\"fr_FR\" \/>\n<meta property=\"og:type\" content=\"article\" \/>\n<meta property=\"og:title\" content=\"Criminal Archives: Alphabetic Murders CE\" \/>\n<meta property=\"og:description\" content=\"Pr\u00e9parez-vous \u00e0 une histoire polici\u00e8re palpitante ! avec Meurtres alphab\u00e9tiques : Archives criminelles, CE\" \/>\n<meta property=\"og:url\" content=\"https:\/\/www.iplay.com\/fr\/games\/criminal-archives-alphabetic-murders-ce\/\" \/>\n<meta property=\"og:site_name\" content=\"IPlay\" \/>\n<meta property=\"og:image\" content=\"https:\/\/www.iplay.com\/wp-content\/uploads\/2023\/12\/large_square_tile_image-2043.jpg\" \/>\n\t<meta property=\"og:image:width\" content=\"310\" \/>\n\t<meta property=\"og:image:height\" content=\"310\" \/>\n\t<meta property=\"og:image:type\" content=\"image\/jpeg\" \/>\n<meta name=\"twitter:card\" content=\"summary_large_image\" \/>\n<meta name=\"twitter:label1\" content=\"Dur\u00e9e de lecture estim\u00e9e\" \/>\n\t<meta name=\"twitter:data1\" content=\"2 minutes\" \/>\n<script type=\"application\/ld+json\" class=\"yoast-schema-graph\">{\"@context\":\"https:\/\/schema.org\",\"@graph\":[{\"@type\":\"WebPage\",\"@id\":\"https:\/\/www.iplay.com\/fr\/games\/criminal-archives-alphabetic-murders-ce\/\",\"url\":\"https:\/\/www.iplay.com\/fr\/games\/criminal-archives-alphabetic-murders-ce\/\",\"name\":\"Archives criminelles\u00a0: Meurtres par ordre alphab\u00e9tique CE - Rassemblez votre esprit pour un thriller policier passionnant\",\"isPartOf\":{\"@id\":\"https:\/\/www.iplay.com\/en\/#website\"},\"primaryImageOfPage\":{\"@id\":\"https:\/\/www.iplay.com\/fr\/games\/criminal-archives-alphabetic-murders-ce\/#primaryimage\"},\"image\":{\"@id\":\"https:\/\/www.iplay.com\/fr\/games\/criminal-archives-alphabetic-murders-ce\/#primaryimage\"},\"thumbnailUrl\":\"https:\/\/www.iplay.com\/wp-content\/uploads\/2023\/12\/large_square_tile_image-2043.jpg\",\"datePublished\":\"2023-07-07T00:00:01+00:00\",\"description\":\"Pr\u00e9parez-vous \u00e0 une histoire polici\u00e8re palpitante ! avec Meurtres alphab\u00e9tiques : Archives criminelles, CE\",\"breadcrumb\":{\"@id\":\"https:\/\/www.iplay.com\/fr\/games\/criminal-archives-alphabetic-murders-ce\/#breadcrumb\"},\"inLanguage\":\"fr-FR\",\"potentialAction\":[{\"@type\":\"ReadAction\",\"target\":[\"https:\/\/www.iplay.com\/fr\/games\/criminal-archives-alphabetic-murders-ce\/\"]}]},{\"@type\":\"ImageObject\",\"inLanguage\":\"fr-FR\",\"@id\":\"https:\/\/www.iplay.com\/fr\/games\/criminal-archives-alphabetic-murders-ce\/#primaryimage\",\"url\":\"https:\/\/www.iplay.com\/wp-content\/uploads\/2023\/12\/large_square_tile_image-2043.jpg\",\"contentUrl\":\"https:\/\/www.iplay.com\/wp-content\/uploads\/2023\/12\/large_square_tile_image-2043.jpg\",\"width\":310,\"height\":310},{\"@type\":\"BreadcrumbList\",\"@id\":\"https:\/\/www.iplay.com\/fr\/games\/criminal-archives-alphabetic-murders-ce\/#breadcrumb\",\"itemListElement\":[{\"@type\":\"ListItem\",\"position\":1,\"name\":\"Home\",\"item\":\"https:\/\/www.iplay.com\/fr\/home-page-2\/\"},{\"@type\":\"ListItem\",\"position\":2,\"name\":\"Shop\",\"item\":\"https:\/\/www.iplay.com\/en\/shop\/\"},{\"@type\":\"ListItem\",\"position\":3,\"name\":\"Criminal Archives: Alphabetic Murders CE\"}]},{\"@type\":\"WebSite\",\"@id\":\"https:\/\/www.iplay.com\/en\/#website\",\"url\":\"https:\/\/www.iplay.com\/en\/\",\"name\":\"IPlay\",\"description\":\"The Best Casual Games!\",\"publisher\":{\"@id\":\"https:\/\/www.iplay.com\/en\/#organization\"},\"potentialAction\":[{\"@type\":\"SearchAction\",\"target\":{\"@type\":\"EntryPoint\",\"urlTemplate\":\"https:\/\/www.iplay.com\/en\/?s={search_term_string}\"},\"query-input\":{\"@type\":\"PropertyValueSpecification\",\"valueRequired\":true,\"valueName\":\"search_term_string\"}}],\"inLanguage\":\"fr-FR\"},{\"@type\":\"Organization\",\"@id\":\"https:\/\/www.iplay.com\/en\/#organization\",\"name\":\"IPlay\",\"url\":\"https:\/\/www.iplay.com\/en\/\",\"logo\":{\"@type\":\"ImageObject\",\"inLanguage\":\"fr-FR\",\"@id\":\"https:\/\/www.iplay.com\/en\/#\/schema\/logo\/image\/\",\"url\":\"https:\/\/www.iplay.com\/wp-content\/uploads\/2023\/11\/Group-6100.svg\",\"contentUrl\":\"https:\/\/www.iplay.com\/wp-content\/uploads\/2023\/11\/Group-6100.svg\",\"width\":98,\"height\":25,\"caption\":\"IPlay\"},\"image\":{\"@id\":\"https:\/\/www.iplay.com\/en\/#\/schema\/logo\/image\/\"}}]}<\/script>\n<!-- \/ Yoast SEO Premium plugin. -->","yoast_head_json":{"title":"Archives criminelles\u00a0: Meurtres par ordre alphab\u00e9tique CE - Rassemblez votre esprit pour un thriller policier passionnant","description":"Pr\u00e9parez-vous \u00e0 une histoire polici\u00e8re palpitante ! avec Meurtres alphab\u00e9tiques : Archives criminelles, CE","robots":{"index":"index","follow":"follow","max-snippet":"max-snippet:-1","max-image-preview":"max-image-preview:large","max-video-preview":"max-video-preview:-1"},"canonical":"https:\/\/www.iplay.com\/fr\/games\/criminal-archives-alphabetic-murders-ce\/","og_locale":"fr_FR","og_type":"article","og_title":"Criminal Archives: Alphabetic Murders CE","og_description":"Pr\u00e9parez-vous \u00e0 une histoire polici\u00e8re palpitante ! avec Meurtres alphab\u00e9tiques : Archives criminelles, CE","og_url":"https:\/\/www.iplay.com\/fr\/games\/criminal-archives-alphabetic-murders-ce\/","og_site_name":"IPlay","og_image":[{"width":310,"height":310,"url":"https:\/\/www.iplay.com\/wp-content\/uploads\/2023\/12\/large_square_tile_image-2043.jpg","type":"image\/jpeg"}],"twitter_card":"summary_large_image","twitter_misc":{"Dur\u00e9e de lecture estim\u00e9e":"2 minutes"},"schema":{"@context":"https:\/\/schema.org","@graph":[{"@type":"WebPage","@id":"https:\/\/www.iplay.com\/fr\/games\/criminal-archives-alphabetic-murders-ce\/","url":"https:\/\/www.iplay.com\/fr\/games\/criminal-archives-alphabetic-murders-ce\/","name":"Archives criminelles\u00a0: Meurtres par ordre alphab\u00e9tique CE - Rassemblez votre esprit pour un thriller policier passionnant","isPartOf":{"@id":"https:\/\/www.iplay.com\/en\/#website"},"primaryImageOfPage":{"@id":"https:\/\/www.iplay.com\/fr\/games\/criminal-archives-alphabetic-murders-ce\/#primaryimage"},"image":{"@id":"https:\/\/www.iplay.com\/fr\/games\/criminal-archives-alphabetic-murders-ce\/#primaryimage"},"thumbnailUrl":"https:\/\/www.iplay.com\/wp-content\/uploads\/2023\/12\/large_square_tile_image-2043.jpg","datePublished":"2023-07-07T00:00:01+00:00","description":"Pr\u00e9parez-vous \u00e0 une histoire polici\u00e8re palpitante ! avec Meurtres alphab\u00e9tiques : Archives criminelles, CE","breadcrumb":{"@id":"https:\/\/www.iplay.com\/fr\/games\/criminal-archives-alphabetic-murders-ce\/#breadcrumb"},"inLanguage":"fr-FR","potentialAction":[{"@type":"ReadAction","target":["https:\/\/www.iplay.com\/fr\/games\/criminal-archives-alphabetic-murders-ce\/"]}]},{"@type":"ImageObject","inLanguage":"fr-FR","@id":"https:\/\/www.iplay.com\/fr\/games\/criminal-archives-alphabetic-murders-ce\/#primaryimage","url":"https:\/\/www.iplay.com\/wp-content\/uploads\/2023\/12\/large_square_tile_image-2043.jpg","contentUrl":"https:\/\/www.iplay.com\/wp-content\/uploads\/2023\/12\/large_square_tile_image-2043.jpg","width":310,"height":310},{"@type":"BreadcrumbList","@id":"https:\/\/www.iplay.com\/fr\/games\/criminal-archives-alphabetic-murders-ce\/#breadcrumb","itemListElement":[{"@type":"ListItem","position":1,"name":"Home","item":"https:\/\/www.iplay.com\/fr\/home-page-2\/"},{"@type":"ListItem","position":2,"name":"Shop","item":"https:\/\/www.iplay.com\/en\/shop\/"},{"@type":"ListItem","position":3,"name":"Criminal Archives: Alphabetic Murders CE"}]},{"@type":"WebSite","@id":"https:\/\/www.iplay.com\/en\/#website","url":"https:\/\/www.iplay.com\/en\/","name":"IPlay","description":"The Best Casual Games!","publisher":{"@id":"https:\/\/www.iplay.com\/en\/#organization"},"potentialAction":[{"@type":"SearchAction","target":{"@type":"EntryPoint","urlTemplate":"https:\/\/www.iplay.com\/en\/?s={search_term_string}"},"query-input":{"@type":"PropertyValueSpecification","valueRequired":true,"valueName":"search_term_string"}}],"inLanguage":"fr-FR"},{"@type":"Organization","@id":"https:\/\/www.iplay.com\/en\/#organization","name":"IPlay","url":"https:\/\/www.iplay.com\/en\/","logo":{"@type":"ImageObject","inLanguage":"fr-FR","@id":"https:\/\/www.iplay.com\/en\/#\/schema\/logo\/image\/","url":"https:\/\/www.iplay.com\/wp-content\/uploads\/2023\/11\/Group-6100.svg","contentUrl":"https:\/\/www.iplay.com\/wp-content\/uploads\/2023\/11\/Group-6100.svg","width":98,"height":25,"caption":"IPlay"},"image":{"@id":"https:\/\/www.iplay.com\/en\/#\/schema\/logo\/image\/"}}]}},"_links":{"self":[{"href":"https:\/\/www.iplay.com\/fr\/wp-json\/wp\/v2\/product\/130348","targetHints":{"allow":["GET"]}}],"collection":[{"href":"https:\/\/www.iplay.com\/fr\/wp-json\/wp\/v2\/product"}],"about":[{"href":"https:\/\/www.iplay.com\/fr\/wp-json\/wp\/v2\/types\/product"}],"author":[{"embeddable":true,"href":"https:\/\/www.iplay.com\/fr\/wp-json\/wp\/v2\/users\/52"}],"replies":[{"embeddable":true,"href":"https:\/\/www.iplay.com\/fr\/wp-json\/wp\/v2\/comments?post=130348"}],"wp:featuredmedia":[{"embeddable":true,"href":"https:\/\/www.iplay.com\/fr\/wp-json\/wp\/v2\/media\/72821"}],"wp:attachment":[{"href":"https:\/\/www.iplay.com\/fr\/wp-json\/wp\/v2\/media?parent=130348"}],"wp:term":[{"taxonomy":"product_brand","embeddable":true,"href":"https:\/\/www.iplay.com\/fr\/wp-json\/wp\/v2\/product_brand?post=130348"},{"taxonomy":"product_cat","embeddable":true,"href":"https:\/\/www.iplay.com\/fr\/wp-json\/wp\/v2\/product_cat?post=130348"},{"taxonomy":"product_tag","embeddable":true,"href":"https:\/\/www.iplay.com\/fr\/wp-json\/wp\/v2\/product_tag?post=130348"}],"curies":[{"name":"wp","href":"https:\/\/api.w.org\/{rel}","templated":true}]}}