{"id":130307,"date":"2023-06-28T00:00:00","date_gmt":"2023-06-28T00:00:00","guid":{"rendered":"https:\/\/www.iplay.com\/games\/fairyland-solitaire\/"},"modified":"2025-04-03T21:41:26","modified_gmt":"2025-04-03T21:41:26","slug":"fairyland-solitaire","status":"publish","type":"product","link":"https:\/\/www.iplay.com\/fr\/games\/fairyland-solitaire\/","title":{"rendered":"Fairyland Solitaire"},"content":{"rendered":"<p>Entrez dans le monde fascinant de Fairyland Solitaire pour embarquer dans un voyage fantastique et enchanteur. Entrez dans un monde fantastique plein de surprises o\u00f9 les animaux exotiques errent en libert\u00e9 et les f\u00e9es survolent les bois verdoyants. Mais attention : des gobelins mal\u00e9fiques ont pris les f\u00e9es et plong\u00e9 Fairyland dans les t\u00e9n\u00e8bres. En tant que f\u00e9e courageuse, il est de votre responsabilit\u00e9 de vous lancer dans une exp\u00e9dition solitaire pour lib\u00e9rer les f\u00e9es captur\u00e9es et ramener l\u2019harmonie dans le royaume. Jouez \u00e0 des niveaux captivants, r\u00e9solvez des \u00e9nigmes en solitaire et d\u00e9nichez des tr\u00e9sors cach\u00e9s. D\u00e9couvrez les merveilles de Fairyland tout en explorant des paysages \u00e9tonnants et en rencontrant des individus fascinants. Pouvez-vous rallumer la lumi\u00e8re et emp\u00eacher les gobelins de capturer Fairyland ? Vous d\u00e9tenez le pouvoir de d\u00e9cider du destin de cet univers extraordinaire.       <\/p>\n<p>&nbsp;<\/p>\n<p>&nbsp;<\/p>\n<p><strong>Fonctionnalit\u00e9s:<\/strong><\/p>\n<p>&#8211; Plongez dans une histoire incroyable sur Fairyland qui regorge de rebondissements fascinants. Choisissez parmi quatre degr\u00e9s de difficult\u00e9 diff\u00e9rents en fonction de vos comp\u00e9tences et de votre niveau d\u2019expertise. Engagez-vous dans trois modes de jeu captivants : Match 2, Make 14, One Up One Down et un mode de jeu al\u00e9atoire inattendu. Parmi les mini-jeux attrayants propos\u00e9s, citons Match 3, Jigsaw, Blackjack, Higher or Lower et Find the Object. Vous \u00eates pr\u00eat pour d\u2019intenses batailles de cartes o\u00f9 l\u2019habilet\u00e9 et la strat\u00e9gie vous m\u00e8neront au triomphe.<br \/>\n&#8211; Trouvez des objets cach\u00e9s dans des sections difficiles avec des objets dissimul\u00e9s. Utilisez des bonus, des jokers et des jokers pour am\u00e9liorer votre exp\u00e9rience de jeu. Laissez-vous tenter par les m\u00e9lodies captivantes d\u2019une musique incroyable. Admirez l\u2019environnement \u00e0 couper le souffle qui donne vie \u00e0 Fairyland. Utilisez plusieurs mod\u00e8les de cartes pour ajouter de la personnalit\u00e9 \u00e0 votre rencontre. Trouvez et achetez des objets uniques en vous rendant dans la boutique du jeu.<br \/>\n&#8211; Terminez 200 \u00e9tapes difficiles, chacune avec une combinaison diff\u00e9rente d\u2019obstacles et de prix. Testez vos comp\u00e9tences dans d\u2019\u00e9normes niveaux remplis de cartes qui sont passionnants.<\/p>\n","protected":false},"excerpt":{"rendered":"<p>Entrez dans le monde enchant\u00e9 de Fairyland Solitaire et perdez-vous l\u00e0-bas.<\/p>\n","protected":false},"author":129,"featured_media":72965,"comment_status":"open","ping_status":"closed","template":"","meta":{"_acf_changed":false,"inline_featured_image":false},"product_brand":[],"product_cat":[155,207],"product_tag":[287],"class_list":{"0":"post-130307","1":"product","2":"type-product","3":"status-publish","4":"has-post-thumbnail","6":"product_cat-card-fr-2","7":"product_cat-solitaire-fr","8":"product_tag-play-on-pc-fr","10":"first","11":"instock","12":"shipping-taxable","13":"purchasable","14":"product-type-simple"},"acf":[],"yoast_head":"<!-- This site is optimized with the Yoast SEO Premium plugin v25.2 (Yoast SEO v25.2) - https:\/\/yoast.com\/wordpress\/plugins\/seo\/ -->\n<title>Fairyland Solitaire - Immergez-vous<\/title>\n<meta name=\"description\" content=\"Entrez dans le monde enchant\u00e9 de Fairyland Solitaire et perdez-vous l\u00e0-bas.\" \/>\n<meta name=\"robots\" content=\"index, follow, max-snippet:-1, max-image-preview:large, max-video-preview:-1\" \/>\n<link rel=\"canonical\" href=\"https:\/\/www.iplay.com\/fr\/games\/fairyland-solitaire\/\" \/>\n<meta property=\"og:locale\" content=\"fr_FR\" \/>\n<meta property=\"og:type\" content=\"article\" \/>\n<meta property=\"og:title\" content=\"Fairyland Solitaire\" \/>\n<meta property=\"og:description\" content=\"Entrez dans le monde enchant\u00e9 de Fairyland Solitaire et perdez-vous l\u00e0-bas.\" \/>\n<meta property=\"og:url\" content=\"https:\/\/www.iplay.com\/fr\/games\/fairyland-solitaire\/\" \/>\n<meta property=\"og:site_name\" content=\"IPlay\" \/>\n<meta property=\"article:modified_time\" content=\"2025-04-03T21:41:26+00:00\" \/>\n<meta property=\"og:image\" content=\"https:\/\/www.iplay.com\/wp-content\/uploads\/2023\/12\/large_square_tile_image-2052.jpg\" \/>\n\t<meta property=\"og:image:width\" content=\"310\" \/>\n\t<meta property=\"og:image:height\" content=\"310\" \/>\n\t<meta property=\"og:image:type\" content=\"image\/jpeg\" \/>\n<meta name=\"twitter:card\" content=\"summary_large_image\" \/>\n<meta name=\"twitter:label1\" content=\"Dur\u00e9e de lecture estim\u00e9e\" \/>\n\t<meta name=\"twitter:data1\" content=\"2 minutes\" \/>\n<script type=\"application\/ld+json\" class=\"yoast-schema-graph\">{\"@context\":\"https:\/\/schema.org\",\"@graph\":[{\"@type\":\"WebPage\",\"@id\":\"https:\/\/www.iplay.com\/fr\/games\/fairyland-solitaire\/\",\"url\":\"https:\/\/www.iplay.com\/fr\/games\/fairyland-solitaire\/\",\"name\":\"Fairyland Solitaire - Immergez-vous\",\"isPartOf\":{\"@id\":\"https:\/\/www.iplay.com\/en\/#website\"},\"primaryImageOfPage\":{\"@id\":\"https:\/\/www.iplay.com\/fr\/games\/fairyland-solitaire\/#primaryimage\"},\"image\":{\"@id\":\"https:\/\/www.iplay.com\/fr\/games\/fairyland-solitaire\/#primaryimage\"},\"thumbnailUrl\":\"https:\/\/www.iplay.com\/wp-content\/uploads\/2023\/12\/large_square_tile_image-2052.jpg\",\"datePublished\":\"2023-06-28T00:00:00+00:00\",\"dateModified\":\"2025-04-03T21:41:26+00:00\",\"description\":\"Entrez dans le monde enchant\u00e9 de Fairyland Solitaire et perdez-vous l\u00e0-bas.\",\"breadcrumb\":{\"@id\":\"https:\/\/www.iplay.com\/fr\/games\/fairyland-solitaire\/#breadcrumb\"},\"inLanguage\":\"fr-FR\",\"potentialAction\":[{\"@type\":\"ReadAction\",\"target\":[\"https:\/\/www.iplay.com\/fr\/games\/fairyland-solitaire\/\"]}]},{\"@type\":\"ImageObject\",\"inLanguage\":\"fr-FR\",\"@id\":\"https:\/\/www.iplay.com\/fr\/games\/fairyland-solitaire\/#primaryimage\",\"url\":\"https:\/\/www.iplay.com\/wp-content\/uploads\/2023\/12\/large_square_tile_image-2052.jpg\",\"contentUrl\":\"https:\/\/www.iplay.com\/wp-content\/uploads\/2023\/12\/large_square_tile_image-2052.jpg\",\"width\":310,\"height\":310},{\"@type\":\"BreadcrumbList\",\"@id\":\"https:\/\/www.iplay.com\/fr\/games\/fairyland-solitaire\/#breadcrumb\",\"itemListElement\":[{\"@type\":\"ListItem\",\"position\":1,\"name\":\"Home\",\"item\":\"https:\/\/www.iplay.com\/fr\/home-page-2\/\"},{\"@type\":\"ListItem\",\"position\":2,\"name\":\"Shop\",\"item\":\"https:\/\/www.iplay.com\/en\/shop\/\"},{\"@type\":\"ListItem\",\"position\":3,\"name\":\"Fairyland Solitaire\"}]},{\"@type\":\"WebSite\",\"@id\":\"https:\/\/www.iplay.com\/en\/#website\",\"url\":\"https:\/\/www.iplay.com\/en\/\",\"name\":\"IPlay\",\"description\":\"The Best Casual Games!\",\"publisher\":{\"@id\":\"https:\/\/www.iplay.com\/en\/#organization\"},\"potentialAction\":[{\"@type\":\"SearchAction\",\"target\":{\"@type\":\"EntryPoint\",\"urlTemplate\":\"https:\/\/www.iplay.com\/en\/?s={search_term_string}\"},\"query-input\":{\"@type\":\"PropertyValueSpecification\",\"valueRequired\":true,\"valueName\":\"search_term_string\"}}],\"inLanguage\":\"fr-FR\"},{\"@type\":\"Organization\",\"@id\":\"https:\/\/www.iplay.com\/en\/#organization\",\"name\":\"IPlay\",\"url\":\"https:\/\/www.iplay.com\/en\/\",\"logo\":{\"@type\":\"ImageObject\",\"inLanguage\":\"fr-FR\",\"@id\":\"https:\/\/www.iplay.com\/en\/#\/schema\/logo\/image\/\",\"url\":\"https:\/\/www.iplay.com\/wp-content\/uploads\/2023\/11\/Group-6100.svg\",\"contentUrl\":\"https:\/\/www.iplay.com\/wp-content\/uploads\/2023\/11\/Group-6100.svg\",\"width\":98,\"height\":25,\"caption\":\"IPlay\"},\"image\":{\"@id\":\"https:\/\/www.iplay.com\/en\/#\/schema\/logo\/image\/\"}}]}<\/script>\n<!-- \/ Yoast SEO Premium plugin. -->","yoast_head_json":{"title":"Fairyland Solitaire - Immergez-vous","description":"Entrez dans le monde enchant\u00e9 de Fairyland Solitaire et perdez-vous l\u00e0-bas.","robots":{"index":"index","follow":"follow","max-snippet":"max-snippet:-1","max-image-preview":"max-image-preview:large","max-video-preview":"max-video-preview:-1"},"canonical":"https:\/\/www.iplay.com\/fr\/games\/fairyland-solitaire\/","og_locale":"fr_FR","og_type":"article","og_title":"Fairyland Solitaire","og_description":"Entrez dans le monde enchant\u00e9 de Fairyland Solitaire et perdez-vous l\u00e0-bas.","og_url":"https:\/\/www.iplay.com\/fr\/games\/fairyland-solitaire\/","og_site_name":"IPlay","article_modified_time":"2025-04-03T21:41:26+00:00","og_image":[{"width":310,"height":310,"url":"https:\/\/www.iplay.com\/wp-content\/uploads\/2023\/12\/large_square_tile_image-2052.jpg","type":"image\/jpeg"}],"twitter_card":"summary_large_image","twitter_misc":{"Dur\u00e9e de lecture estim\u00e9e":"2 minutes"},"schema":{"@context":"https:\/\/schema.org","@graph":[{"@type":"WebPage","@id":"https:\/\/www.iplay.com\/fr\/games\/fairyland-solitaire\/","url":"https:\/\/www.iplay.com\/fr\/games\/fairyland-solitaire\/","name":"Fairyland Solitaire - Immergez-vous","isPartOf":{"@id":"https:\/\/www.iplay.com\/en\/#website"},"primaryImageOfPage":{"@id":"https:\/\/www.iplay.com\/fr\/games\/fairyland-solitaire\/#primaryimage"},"image":{"@id":"https:\/\/www.iplay.com\/fr\/games\/fairyland-solitaire\/#primaryimage"},"thumbnailUrl":"https:\/\/www.iplay.com\/wp-content\/uploads\/2023\/12\/large_square_tile_image-2052.jpg","datePublished":"2023-06-28T00:00:00+00:00","dateModified":"2025-04-03T21:41:26+00:00","description":"Entrez dans le monde enchant\u00e9 de Fairyland Solitaire et perdez-vous l\u00e0-bas.","breadcrumb":{"@id":"https:\/\/www.iplay.com\/fr\/games\/fairyland-solitaire\/#breadcrumb"},"inLanguage":"fr-FR","potentialAction":[{"@type":"ReadAction","target":["https:\/\/www.iplay.com\/fr\/games\/fairyland-solitaire\/"]}]},{"@type":"ImageObject","inLanguage":"fr-FR","@id":"https:\/\/www.iplay.com\/fr\/games\/fairyland-solitaire\/#primaryimage","url":"https:\/\/www.iplay.com\/wp-content\/uploads\/2023\/12\/large_square_tile_image-2052.jpg","contentUrl":"https:\/\/www.iplay.com\/wp-content\/uploads\/2023\/12\/large_square_tile_image-2052.jpg","width":310,"height":310},{"@type":"BreadcrumbList","@id":"https:\/\/www.iplay.com\/fr\/games\/fairyland-solitaire\/#breadcrumb","itemListElement":[{"@type":"ListItem","position":1,"name":"Home","item":"https:\/\/www.iplay.com\/fr\/home-page-2\/"},{"@type":"ListItem","position":2,"name":"Shop","item":"https:\/\/www.iplay.com\/en\/shop\/"},{"@type":"ListItem","position":3,"name":"Fairyland Solitaire"}]},{"@type":"WebSite","@id":"https:\/\/www.iplay.com\/en\/#website","url":"https:\/\/www.iplay.com\/en\/","name":"IPlay","description":"The Best Casual Games!","publisher":{"@id":"https:\/\/www.iplay.com\/en\/#organization"},"potentialAction":[{"@type":"SearchAction","target":{"@type":"EntryPoint","urlTemplate":"https:\/\/www.iplay.com\/en\/?s={search_term_string}"},"query-input":{"@type":"PropertyValueSpecification","valueRequired":true,"valueName":"search_term_string"}}],"inLanguage":"fr-FR"},{"@type":"Organization","@id":"https:\/\/www.iplay.com\/en\/#organization","name":"IPlay","url":"https:\/\/www.iplay.com\/en\/","logo":{"@type":"ImageObject","inLanguage":"fr-FR","@id":"https:\/\/www.iplay.com\/en\/#\/schema\/logo\/image\/","url":"https:\/\/www.iplay.com\/wp-content\/uploads\/2023\/11\/Group-6100.svg","contentUrl":"https:\/\/www.iplay.com\/wp-content\/uploads\/2023\/11\/Group-6100.svg","width":98,"height":25,"caption":"IPlay"},"image":{"@id":"https:\/\/www.iplay.com\/en\/#\/schema\/logo\/image\/"}}]}},"_links":{"self":[{"href":"https:\/\/www.iplay.com\/fr\/wp-json\/wp\/v2\/product\/130307","targetHints":{"allow":["GET"]}}],"collection":[{"href":"https:\/\/www.iplay.com\/fr\/wp-json\/wp\/v2\/product"}],"about":[{"href":"https:\/\/www.iplay.com\/fr\/wp-json\/wp\/v2\/types\/product"}],"author":[{"embeddable":true,"href":"https:\/\/www.iplay.com\/fr\/wp-json\/wp\/v2\/users\/129"}],"replies":[{"embeddable":true,"href":"https:\/\/www.iplay.com\/fr\/wp-json\/wp\/v2\/comments?post=130307"}],"wp:featuredmedia":[{"embeddable":true,"href":"https:\/\/www.iplay.com\/fr\/wp-json\/wp\/v2\/media\/72965"}],"wp:attachment":[{"href":"https:\/\/www.iplay.com\/fr\/wp-json\/wp\/v2\/media?parent=130307"}],"wp:term":[{"taxonomy":"product_brand","embeddable":true,"href":"https:\/\/www.iplay.com\/fr\/wp-json\/wp\/v2\/product_brand?post=130307"},{"taxonomy":"product_cat","embeddable":true,"href":"https:\/\/www.iplay.com\/fr\/wp-json\/wp\/v2\/product_cat?post=130307"},{"taxonomy":"product_tag","embeddable":true,"href":"https:\/\/www.iplay.com\/fr\/wp-json\/wp\/v2\/product_tag?post=130307"}],"curies":[{"name":"wp","href":"https:\/\/api.w.org\/{rel}","templated":true}]}}