{"id":130135,"date":"2024-07-05T08:15:50","date_gmt":"2024-07-05T08:15:50","guid":{"rendered":"https:\/\/www.iplay.com\/games\/myth-or-reality-snowbound-secrets-collectors-edition\/"},"modified":"2024-07-05T08:15:50","modified_gmt":"2024-07-05T08:15:50","slug":"myth-or-reality-snowbound-secrets-collectors-edition","status":"publish","type":"product","link":"https:\/\/www.iplay.com\/fr\/games\/myth-or-reality-snowbound-secrets-collectors-edition\/","title":{"rendered":"Myth or Reality: Snowbound Secrets Collector&#8217;s Edition"},"content":{"rendered":"<p>En tant qu\u2019intr\u00e9pide explorateur des mythes, d\u00e9fiant les pr\u00e9jug\u00e9s et protecteur de l\u2019ordre, aucun fant\u00f4me ou monstre ne peut vous \u00e9chapper&nbsp;! La ville de Blue Roche est emp\u00eatr\u00e9e dans un myst\u00e8re : d\u2019\u00e9tranges empreintes de pas, des rapports de t\u00e9moins oculaires d\u2019observations monstrueuses et une aura d\u2019inconnu. C\u2019est \u00e0 vous qu\u2019il incombe de d\u00e9m\u00ealer ces \u00e9nigmes. Sous les couches glaciales de neige et de glace, quelque chose vous attend&#8230; Mais quelle est sa nature ? Est-ce p\u00e9rilleux, vorace ou peut-\u00eatre inopin\u00e9ment b\u00e9nin ? La prudence est de mise, car chaque nouvelle aventure r\u00e9serve des r\u00e9sultats impr\u00e9visibles. La peur obscurcit souvent le jugement, et il est de votre devoir de discerner la v\u00e9rit\u00e9 derri\u00e8re les peurs dans cette pittoresque ville canadienne. Restez vigilants, des yeux vigilants pourraient scruter les collines&nbsp;!       <\/p>\n<p>&nbsp;<\/p>\n<p><strong>Caract\u00e9ristiques de l\u2019\u00e9dition collector :<\/strong><\/p>\n<ul>\n<li>En terminant le jeu, vous d\u00e9bloquez un chapitre bonus exclusif, ce qui prolonge votre voyage.<\/li>\n<li>D\u00e9couvrez et amassez une multitude d\u2019objets suppl\u00e9mentaires, utiles pour acheter des am\u00e9liorations dans le jeu.<\/li>\n<li>Profitez de la possibilit\u00e9 de rejouer \u00e0 vos mini-jeux pr\u00e9f\u00e9r\u00e9s \u00e0 tout moment.<\/li>\n<li>Acc\u00e9dez \u00e0 une collection de fonds d\u2019\u00e9cran t\u00e9l\u00e9chargeables, \u00e0 un lecteur de musique, \u00e0 des illustrations conceptuelles captivantes et bien plus encore pour enrichir votre exp\u00e9rience.<\/li>\n<\/ul>\n","protected":false},"excerpt":{"rendered":"<p>D\u00e9couvrez des mythes, brisez les pr\u00e9jug\u00e9s et faites respecter <strong>l\u2019ordre en tant qu\u2019explorateur dans Mythe ou R\u00e9alit\u00e9 &#8211; Snowbound Secrets Collector\u2019s Edition<\/strong><\/p>\n","protected":false},"author":52,"featured_media":113626,"comment_status":"open","ping_status":"closed","template":"","meta":{"_acf_changed":false,"inline_featured_image":false},"product_brand":[],"product_cat":[148,165],"product_tag":[287],"class_list":{"0":"post-130135","1":"product","2":"type-product","3":"status-publish","4":"has-post-thumbnail","6":"product_cat-adventure-fr","7":"product_cat-hidden-object-fr","8":"product_tag-play-on-pc-fr","10":"first","11":"instock","12":"shipping-taxable","13":"purchasable","14":"product-type-simple"},"acf":[],"yoast_head":"<!-- This site is optimized with the Yoast SEO Premium plugin v25.2 (Yoast SEO v25.2) - https:\/\/yoast.com\/wordpress\/plugins\/seo\/ -->\n<title>Mythe ou r\u00e9alit\u00e9\u00a0: Snowbound Secrets \u00c9dition Collector<\/title>\n<meta name=\"description\" content=\"D\u00e9couvrez des mythes, brisez les pr\u00e9jug\u00e9s et faites respecter l\u2019ordre en tant qu\u2019explorateur dans Mythe ou R\u00e9alit\u00e9 - Snowbound Secrets Collector\u2019s Edition\" \/>\n<meta name=\"robots\" content=\"index, follow, max-snippet:-1, max-image-preview:large, max-video-preview:-1\" \/>\n<link rel=\"canonical\" href=\"https:\/\/www.iplay.com\/fr\/games\/myth-or-reality-snowbound-secrets-collectors-edition\/\" \/>\n<meta property=\"og:locale\" content=\"fr_FR\" \/>\n<meta property=\"og:type\" content=\"article\" \/>\n<meta property=\"og:title\" content=\"Myth or Reality: Snowbound Secrets Collector&#039;s Edition\" \/>\n<meta property=\"og:description\" content=\"D\u00e9couvrez des mythes, brisez les pr\u00e9jug\u00e9s et faites respecter l\u2019ordre en tant qu\u2019explorateur dans Mythe ou R\u00e9alit\u00e9 - Snowbound Secrets Collector\u2019s Edition\" \/>\n<meta property=\"og:url\" content=\"https:\/\/www.iplay.com\/fr\/games\/myth-or-reality-snowbound-secrets-collectors-edition\/\" \/>\n<meta property=\"og:site_name\" content=\"IPlay\" \/>\n<meta property=\"og:image\" content=\"https:\/\/www.iplay.com\/wp-content\/uploads\/2024\/07\/Myth-or-Reality-Snowbound-Secrets-CE_large_square_tile_image.webp\" \/>\n\t<meta property=\"og:image:width\" content=\"715\" \/>\n\t<meta property=\"og:image:height\" content=\"485\" \/>\n\t<meta property=\"og:image:type\" content=\"image\/webp\" \/>\n<meta name=\"twitter:card\" content=\"summary_large_image\" \/>\n<meta name=\"twitter:label1\" content=\"Dur\u00e9e de lecture estim\u00e9e\" \/>\n\t<meta name=\"twitter:data1\" content=\"1 minute\" \/>\n<script type=\"application\/ld+json\" class=\"yoast-schema-graph\">{\"@context\":\"https:\/\/schema.org\",\"@graph\":[{\"@type\":\"WebPage\",\"@id\":\"https:\/\/www.iplay.com\/fr\/games\/myth-or-reality-snowbound-secrets-collectors-edition\/\",\"url\":\"https:\/\/www.iplay.com\/fr\/games\/myth-or-reality-snowbound-secrets-collectors-edition\/\",\"name\":\"Mythe ou r\u00e9alit\u00e9\u00a0: Snowbound Secrets \u00c9dition Collector\",\"isPartOf\":{\"@id\":\"https:\/\/www.iplay.com\/en\/#website\"},\"primaryImageOfPage\":{\"@id\":\"https:\/\/www.iplay.com\/fr\/games\/myth-or-reality-snowbound-secrets-collectors-edition\/#primaryimage\"},\"image\":{\"@id\":\"https:\/\/www.iplay.com\/fr\/games\/myth-or-reality-snowbound-secrets-collectors-edition\/#primaryimage\"},\"thumbnailUrl\":\"https:\/\/www.iplay.com\/wp-content\/uploads\/2024\/07\/Myth-or-Reality-Snowbound-Secrets-CE_large_square_tile_image.webp\",\"datePublished\":\"2024-07-05T08:15:50+00:00\",\"description\":\"D\u00e9couvrez des mythes, brisez les pr\u00e9jug\u00e9s et faites respecter l\u2019ordre en tant qu\u2019explorateur dans Mythe ou R\u00e9alit\u00e9 - Snowbound Secrets Collector\u2019s Edition\",\"breadcrumb\":{\"@id\":\"https:\/\/www.iplay.com\/fr\/games\/myth-or-reality-snowbound-secrets-collectors-edition\/#breadcrumb\"},\"inLanguage\":\"fr-FR\",\"potentialAction\":[{\"@type\":\"ReadAction\",\"target\":[\"https:\/\/www.iplay.com\/fr\/games\/myth-or-reality-snowbound-secrets-collectors-edition\/\"]}]},{\"@type\":\"ImageObject\",\"inLanguage\":\"fr-FR\",\"@id\":\"https:\/\/www.iplay.com\/fr\/games\/myth-or-reality-snowbound-secrets-collectors-edition\/#primaryimage\",\"url\":\"https:\/\/www.iplay.com\/wp-content\/uploads\/2024\/07\/Myth-or-Reality-Snowbound-Secrets-CE_large_square_tile_image.webp\",\"contentUrl\":\"https:\/\/www.iplay.com\/wp-content\/uploads\/2024\/07\/Myth-or-Reality-Snowbound-Secrets-CE_large_square_tile_image.webp\",\"width\":715,\"height\":485},{\"@type\":\"BreadcrumbList\",\"@id\":\"https:\/\/www.iplay.com\/fr\/games\/myth-or-reality-snowbound-secrets-collectors-edition\/#breadcrumb\",\"itemListElement\":[{\"@type\":\"ListItem\",\"position\":1,\"name\":\"Home\",\"item\":\"https:\/\/www.iplay.com\/fr\/home-page-2\/\"},{\"@type\":\"ListItem\",\"position\":2,\"name\":\"Shop\",\"item\":\"https:\/\/www.iplay.com\/en\/shop\/\"},{\"@type\":\"ListItem\",\"position\":3,\"name\":\"Myth or Reality: Snowbound Secrets Collector&#8217;s Edition\"}]},{\"@type\":\"WebSite\",\"@id\":\"https:\/\/www.iplay.com\/en\/#website\",\"url\":\"https:\/\/www.iplay.com\/en\/\",\"name\":\"IPlay\",\"description\":\"The Best Casual Games!\",\"publisher\":{\"@id\":\"https:\/\/www.iplay.com\/en\/#organization\"},\"potentialAction\":[{\"@type\":\"SearchAction\",\"target\":{\"@type\":\"EntryPoint\",\"urlTemplate\":\"https:\/\/www.iplay.com\/en\/?s={search_term_string}\"},\"query-input\":{\"@type\":\"PropertyValueSpecification\",\"valueRequired\":true,\"valueName\":\"search_term_string\"}}],\"inLanguage\":\"fr-FR\"},{\"@type\":\"Organization\",\"@id\":\"https:\/\/www.iplay.com\/en\/#organization\",\"name\":\"IPlay\",\"url\":\"https:\/\/www.iplay.com\/en\/\",\"logo\":{\"@type\":\"ImageObject\",\"inLanguage\":\"fr-FR\",\"@id\":\"https:\/\/www.iplay.com\/en\/#\/schema\/logo\/image\/\",\"url\":\"https:\/\/www.iplay.com\/wp-content\/uploads\/2023\/11\/Group-6100.svg\",\"contentUrl\":\"https:\/\/www.iplay.com\/wp-content\/uploads\/2023\/11\/Group-6100.svg\",\"width\":98,\"height\":25,\"caption\":\"IPlay\"},\"image\":{\"@id\":\"https:\/\/www.iplay.com\/en\/#\/schema\/logo\/image\/\"}}]}<\/script>\n<!-- \/ Yoast SEO Premium plugin. -->","yoast_head_json":{"title":"Mythe ou r\u00e9alit\u00e9\u00a0: Snowbound Secrets \u00c9dition Collector","description":"D\u00e9couvrez des mythes, brisez les pr\u00e9jug\u00e9s et faites respecter l\u2019ordre en tant qu\u2019explorateur dans Mythe ou R\u00e9alit\u00e9 - Snowbound Secrets Collector\u2019s Edition","robots":{"index":"index","follow":"follow","max-snippet":"max-snippet:-1","max-image-preview":"max-image-preview:large","max-video-preview":"max-video-preview:-1"},"canonical":"https:\/\/www.iplay.com\/fr\/games\/myth-or-reality-snowbound-secrets-collectors-edition\/","og_locale":"fr_FR","og_type":"article","og_title":"Myth or Reality: Snowbound Secrets Collector's Edition","og_description":"D\u00e9couvrez des mythes, brisez les pr\u00e9jug\u00e9s et faites respecter l\u2019ordre en tant qu\u2019explorateur dans Mythe ou R\u00e9alit\u00e9 - Snowbound Secrets Collector\u2019s Edition","og_url":"https:\/\/www.iplay.com\/fr\/games\/myth-or-reality-snowbound-secrets-collectors-edition\/","og_site_name":"IPlay","og_image":[{"width":715,"height":485,"url":"https:\/\/www.iplay.com\/wp-content\/uploads\/2024\/07\/Myth-or-Reality-Snowbound-Secrets-CE_large_square_tile_image.webp","type":"image\/webp"}],"twitter_card":"summary_large_image","twitter_misc":{"Dur\u00e9e de lecture estim\u00e9e":"1 minute"},"schema":{"@context":"https:\/\/schema.org","@graph":[{"@type":"WebPage","@id":"https:\/\/www.iplay.com\/fr\/games\/myth-or-reality-snowbound-secrets-collectors-edition\/","url":"https:\/\/www.iplay.com\/fr\/games\/myth-or-reality-snowbound-secrets-collectors-edition\/","name":"Mythe ou r\u00e9alit\u00e9\u00a0: Snowbound Secrets \u00c9dition Collector","isPartOf":{"@id":"https:\/\/www.iplay.com\/en\/#website"},"primaryImageOfPage":{"@id":"https:\/\/www.iplay.com\/fr\/games\/myth-or-reality-snowbound-secrets-collectors-edition\/#primaryimage"},"image":{"@id":"https:\/\/www.iplay.com\/fr\/games\/myth-or-reality-snowbound-secrets-collectors-edition\/#primaryimage"},"thumbnailUrl":"https:\/\/www.iplay.com\/wp-content\/uploads\/2024\/07\/Myth-or-Reality-Snowbound-Secrets-CE_large_square_tile_image.webp","datePublished":"2024-07-05T08:15:50+00:00","description":"D\u00e9couvrez des mythes, brisez les pr\u00e9jug\u00e9s et faites respecter l\u2019ordre en tant qu\u2019explorateur dans Mythe ou R\u00e9alit\u00e9 - Snowbound Secrets Collector\u2019s Edition","breadcrumb":{"@id":"https:\/\/www.iplay.com\/fr\/games\/myth-or-reality-snowbound-secrets-collectors-edition\/#breadcrumb"},"inLanguage":"fr-FR","potentialAction":[{"@type":"ReadAction","target":["https:\/\/www.iplay.com\/fr\/games\/myth-or-reality-snowbound-secrets-collectors-edition\/"]}]},{"@type":"ImageObject","inLanguage":"fr-FR","@id":"https:\/\/www.iplay.com\/fr\/games\/myth-or-reality-snowbound-secrets-collectors-edition\/#primaryimage","url":"https:\/\/www.iplay.com\/wp-content\/uploads\/2024\/07\/Myth-or-Reality-Snowbound-Secrets-CE_large_square_tile_image.webp","contentUrl":"https:\/\/www.iplay.com\/wp-content\/uploads\/2024\/07\/Myth-or-Reality-Snowbound-Secrets-CE_large_square_tile_image.webp","width":715,"height":485},{"@type":"BreadcrumbList","@id":"https:\/\/www.iplay.com\/fr\/games\/myth-or-reality-snowbound-secrets-collectors-edition\/#breadcrumb","itemListElement":[{"@type":"ListItem","position":1,"name":"Home","item":"https:\/\/www.iplay.com\/fr\/home-page-2\/"},{"@type":"ListItem","position":2,"name":"Shop","item":"https:\/\/www.iplay.com\/en\/shop\/"},{"@type":"ListItem","position":3,"name":"Myth or Reality: Snowbound Secrets Collector&#8217;s Edition"}]},{"@type":"WebSite","@id":"https:\/\/www.iplay.com\/en\/#website","url":"https:\/\/www.iplay.com\/en\/","name":"IPlay","description":"The Best Casual Games!","publisher":{"@id":"https:\/\/www.iplay.com\/en\/#organization"},"potentialAction":[{"@type":"SearchAction","target":{"@type":"EntryPoint","urlTemplate":"https:\/\/www.iplay.com\/en\/?s={search_term_string}"},"query-input":{"@type":"PropertyValueSpecification","valueRequired":true,"valueName":"search_term_string"}}],"inLanguage":"fr-FR"},{"@type":"Organization","@id":"https:\/\/www.iplay.com\/en\/#organization","name":"IPlay","url":"https:\/\/www.iplay.com\/en\/","logo":{"@type":"ImageObject","inLanguage":"fr-FR","@id":"https:\/\/www.iplay.com\/en\/#\/schema\/logo\/image\/","url":"https:\/\/www.iplay.com\/wp-content\/uploads\/2023\/11\/Group-6100.svg","contentUrl":"https:\/\/www.iplay.com\/wp-content\/uploads\/2023\/11\/Group-6100.svg","width":98,"height":25,"caption":"IPlay"},"image":{"@id":"https:\/\/www.iplay.com\/en\/#\/schema\/logo\/image\/"}}]}},"_links":{"self":[{"href":"https:\/\/www.iplay.com\/fr\/wp-json\/wp\/v2\/product\/130135","targetHints":{"allow":["GET"]}}],"collection":[{"href":"https:\/\/www.iplay.com\/fr\/wp-json\/wp\/v2\/product"}],"about":[{"href":"https:\/\/www.iplay.com\/fr\/wp-json\/wp\/v2\/types\/product"}],"author":[{"embeddable":true,"href":"https:\/\/www.iplay.com\/fr\/wp-json\/wp\/v2\/users\/52"}],"replies":[{"embeddable":true,"href":"https:\/\/www.iplay.com\/fr\/wp-json\/wp\/v2\/comments?post=130135"}],"wp:featuredmedia":[{"embeddable":true,"href":"https:\/\/www.iplay.com\/fr\/wp-json\/wp\/v2\/media\/113626"}],"wp:attachment":[{"href":"https:\/\/www.iplay.com\/fr\/wp-json\/wp\/v2\/media?parent=130135"}],"wp:term":[{"taxonomy":"product_brand","embeddable":true,"href":"https:\/\/www.iplay.com\/fr\/wp-json\/wp\/v2\/product_brand?post=130135"},{"taxonomy":"product_cat","embeddable":true,"href":"https:\/\/www.iplay.com\/fr\/wp-json\/wp\/v2\/product_cat?post=130135"},{"taxonomy":"product_tag","embeddable":true,"href":"https:\/\/www.iplay.com\/fr\/wp-json\/wp\/v2\/product_tag?post=130135"}],"curies":[{"name":"wp","href":"https:\/\/api.w.org\/{rel}","templated":true}]}}