{"id":130072,"date":"2023-09-13T00:00:00","date_gmt":"2023-09-13T00:00:00","guid":{"rendered":"https:\/\/www.iplay.com\/games\/crossroad-of-worlds-star-riddle-collectors-edition\/"},"modified":"2023-09-13T00:00:00","modified_gmt":"2023-09-13T00:00:00","slug":"crossroad-of-worlds-star-riddle-collectors-edition","status":"publish","type":"product","link":"https:\/\/www.iplay.com\/fr\/games\/crossroad-of-worlds-star-riddle-collectors-edition\/","title":{"rendered":"Crossroad of Worlds: Star Riddle Collector&#8217;s Edition"},"content":{"rendered":"<p>Poursuivez vos recherches et arr\u00eatez le vol d\u2019\u00e9toiles ! Il n\u2019y a pas de paix pour les \u00e9toiles brillantes de la terre. D\u00e9couvrez tous les d\u00e9tails d\u2019un sc\u00e9l\u00e9rat appr\u00e9hend\u00e9 pour d\u00e9terminer qui est vraiment le v\u00e9ritable cerveau derri\u00e8re ce sinistre plan ! Les sc\u00e9narios de recherche d\u2019objets et les mini-jeux. sont les meilleurs de tous les temps dans ce jeu ! Cette fois, nous poursuivons l\u2019enqu\u00eate du d\u00e9tective sur une s\u00e9rie de vols d\u2019\u00e9toiles qui ont eu lieu dans tout l\u2019univers. Nous commen\u00e7ons par interviewer un homme qui avait d\u00e9j\u00e0 \u00e9t\u00e9 arr\u00eat\u00e9. Pourtant, il refuse d\u2019abandonner et ne divulgue pas son employeur. Nous devons faire un s\u00e9rum de v\u00e9rit\u00e9 pour d\u00e9couvrir qui est son employeur, le myst\u00e9rieux roi Jotar. Nous avons entrepris de le localiser sur d\u2019autres plan\u00e8tes, mais c\u2019est une t\u00e2che difficile car c\u2019est un magicien puissant et il n\u2019y a pas beaucoup d\u2019indices sur l\u2019endroit o\u00f9 il se trouve pour le moment. De nombreuses vies sont en danger. peut-\u00eatre m\u00eame le v\u00f4tre. Allez-vous d\u00e9jouer son plan sournois ? Dans cette nouvelle aventure palpitante de puzzle d\u2019objets cach\u00e9s, jetez votre d\u00e9volu sur les \u00e9toiles et rassemblez votre intelligence et votre ruse pour vous lancer dans un voyage d\u2019enqu\u00eate intrigant ! L\u2019une des caract\u00e9ristiques est qu\u2019il peut r\u00e9soudre le probl\u00e8me ! Vous \u00eates-vous d\u00e9j\u00e0 demand\u00e9 ce qui est arriv\u00e9 aux personnages apr\u00e8s vos aventures partag\u00e9es ? Une fois que vous avez termin\u00e9 le jeu principal, vous pouvez acc\u00e9der \u00e0 un chapitre bonus o\u00f9 vous pouvez aider Caitlin \u00e0 d\u00e9couvrir son amant disparu, tout comme vous aidez toujours aux enqu\u00eates ! Terminer des mini-jeux et des casse-t\u00eate vous fera gagner des \u00e9toiles. \u00c0 chaque niveau du jeu, vous devez rassembler des \u00e9toiles afin de passer au suivant. Il y a suffisamment de questions intrigantes pour garder tout le monde int\u00e9ress\u00e9 ! Vive l\u2019aventure ! Pour poursuivre l\u2019enqu\u00eate, cherchez dans une grande vari\u00e9t\u00e9 d\u2019endroits tout ce qui est cach\u00e9 ! Montrez vos capacit\u00e9s de r\u00e9flexion et d\u2019enqu\u00eate, sauvez des plan\u00e8tes et devenez un grand h\u00e9ros !<\/p>\n","protected":false},"excerpt":{"rendered":"<p>Poursuivez vos recherches et arr\u00eatez le vol d\u2019\u00e9toiles ! Dans Star Riddle&nbsp;: Crossroads of Worlds EC <\/p>\n","protected":false},"author":52,"featured_media":72085,"comment_status":"open","ping_status":"closed","template":"","meta":{"_acf_changed":false,"inline_featured_image":false},"product_brand":[],"product_cat":[165],"product_tag":[287],"class_list":{"0":"post-130072","1":"product","2":"type-product","3":"status-publish","4":"has-post-thumbnail","6":"product_cat-hidden-object-fr","7":"product_tag-play-on-pc-fr","9":"first","10":"instock","11":"shipping-taxable","12":"purchasable","13":"product-type-simple"},"acf":[],"yoast_head":"<!-- This site is optimized with the Yoast SEO Premium plugin v25.2 (Yoast SEO v25.2) - https:\/\/yoast.com\/wordpress\/plugins\/seo\/ -->\n<title>Crossroad of Worlds\u00a0: Star Jedusor \u00c9dition Collector - Mettez fin aux vols d\u2019\u00e9toiles dans Crossroad of Worlds<\/title>\n<meta name=\"description\" content=\"Poursuivez vos recherches et arr\u00eatez le vol d\u2019\u00e9toiles ! Dans Star Riddle&nbsp;: Crossroads of Worlds EC\" \/>\n<meta name=\"robots\" content=\"index, follow, max-snippet:-1, max-image-preview:large, max-video-preview:-1\" \/>\n<link rel=\"canonical\" href=\"https:\/\/www.iplay.com\/fr\/games\/crossroad-of-worlds-star-riddle-collectors-edition\/\" \/>\n<meta property=\"og:locale\" content=\"fr_FR\" \/>\n<meta property=\"og:type\" content=\"article\" \/>\n<meta property=\"og:title\" content=\"Crossroad of Worlds: Star Riddle Collector&#039;s Edition\" \/>\n<meta property=\"og:description\" content=\"Poursuivez vos recherches et arr\u00eatez le vol d\u2019\u00e9toiles ! Dans Star Riddle&nbsp;: Crossroads of Worlds EC\" \/>\n<meta property=\"og:url\" content=\"https:\/\/www.iplay.com\/fr\/games\/crossroad-of-worlds-star-riddle-collectors-edition\/\" \/>\n<meta property=\"og:site_name\" content=\"IPlay\" \/>\n<meta property=\"og:image\" content=\"https:\/\/www.iplay.com\/wp-content\/uploads\/2023\/12\/large_square_tile_image-1996.jpg\" \/>\n\t<meta property=\"og:image:width\" content=\"310\" \/>\n\t<meta property=\"og:image:height\" content=\"310\" \/>\n\t<meta property=\"og:image:type\" content=\"image\/jpeg\" \/>\n<meta name=\"twitter:card\" content=\"summary_large_image\" \/>\n<meta name=\"twitter:label1\" content=\"Dur\u00e9e de lecture estim\u00e9e\" \/>\n\t<meta name=\"twitter:data1\" content=\"2 minutes\" \/>\n<script type=\"application\/ld+json\" class=\"yoast-schema-graph\">{\"@context\":\"https:\/\/schema.org\",\"@graph\":[{\"@type\":\"WebPage\",\"@id\":\"https:\/\/www.iplay.com\/fr\/games\/crossroad-of-worlds-star-riddle-collectors-edition\/\",\"url\":\"https:\/\/www.iplay.com\/fr\/games\/crossroad-of-worlds-star-riddle-collectors-edition\/\",\"name\":\"Crossroad of Worlds\u00a0: Star Jedusor \u00c9dition Collector - Mettez fin aux vols d\u2019\u00e9toiles dans Crossroad of Worlds\",\"isPartOf\":{\"@id\":\"https:\/\/www.iplay.com\/en\/#website\"},\"primaryImageOfPage\":{\"@id\":\"https:\/\/www.iplay.com\/fr\/games\/crossroad-of-worlds-star-riddle-collectors-edition\/#primaryimage\"},\"image\":{\"@id\":\"https:\/\/www.iplay.com\/fr\/games\/crossroad-of-worlds-star-riddle-collectors-edition\/#primaryimage\"},\"thumbnailUrl\":\"https:\/\/www.iplay.com\/wp-content\/uploads\/2023\/12\/large_square_tile_image-1996.jpg\",\"datePublished\":\"2023-09-13T00:00:00+00:00\",\"description\":\"Poursuivez vos recherches et arr\u00eatez le vol d\u2019\u00e9toiles ! Dans Star Riddle&nbsp;: Crossroads of Worlds EC\",\"breadcrumb\":{\"@id\":\"https:\/\/www.iplay.com\/fr\/games\/crossroad-of-worlds-star-riddle-collectors-edition\/#breadcrumb\"},\"inLanguage\":\"fr-FR\",\"potentialAction\":[{\"@type\":\"ReadAction\",\"target\":[\"https:\/\/www.iplay.com\/fr\/games\/crossroad-of-worlds-star-riddle-collectors-edition\/\"]}]},{\"@type\":\"ImageObject\",\"inLanguage\":\"fr-FR\",\"@id\":\"https:\/\/www.iplay.com\/fr\/games\/crossroad-of-worlds-star-riddle-collectors-edition\/#primaryimage\",\"url\":\"https:\/\/www.iplay.com\/wp-content\/uploads\/2023\/12\/large_square_tile_image-1996.jpg\",\"contentUrl\":\"https:\/\/www.iplay.com\/wp-content\/uploads\/2023\/12\/large_square_tile_image-1996.jpg\",\"width\":310,\"height\":310},{\"@type\":\"BreadcrumbList\",\"@id\":\"https:\/\/www.iplay.com\/fr\/games\/crossroad-of-worlds-star-riddle-collectors-edition\/#breadcrumb\",\"itemListElement\":[{\"@type\":\"ListItem\",\"position\":1,\"name\":\"Home\",\"item\":\"https:\/\/www.iplay.com\/fr\/home-page-2\/\"},{\"@type\":\"ListItem\",\"position\":2,\"name\":\"Shop\",\"item\":\"https:\/\/www.iplay.com\/en\/shop\/\"},{\"@type\":\"ListItem\",\"position\":3,\"name\":\"Crossroad of Worlds: Star Riddle Collector&#8217;s Edition\"}]},{\"@type\":\"WebSite\",\"@id\":\"https:\/\/www.iplay.com\/en\/#website\",\"url\":\"https:\/\/www.iplay.com\/en\/\",\"name\":\"IPlay\",\"description\":\"The Best Casual Games!\",\"publisher\":{\"@id\":\"https:\/\/www.iplay.com\/en\/#organization\"},\"potentialAction\":[{\"@type\":\"SearchAction\",\"target\":{\"@type\":\"EntryPoint\",\"urlTemplate\":\"https:\/\/www.iplay.com\/en\/?s={search_term_string}\"},\"query-input\":{\"@type\":\"PropertyValueSpecification\",\"valueRequired\":true,\"valueName\":\"search_term_string\"}}],\"inLanguage\":\"fr-FR\"},{\"@type\":\"Organization\",\"@id\":\"https:\/\/www.iplay.com\/en\/#organization\",\"name\":\"IPlay\",\"url\":\"https:\/\/www.iplay.com\/en\/\",\"logo\":{\"@type\":\"ImageObject\",\"inLanguage\":\"fr-FR\",\"@id\":\"https:\/\/www.iplay.com\/en\/#\/schema\/logo\/image\/\",\"url\":\"https:\/\/www.iplay.com\/wp-content\/uploads\/2023\/11\/Group-6100.svg\",\"contentUrl\":\"https:\/\/www.iplay.com\/wp-content\/uploads\/2023\/11\/Group-6100.svg\",\"width\":98,\"height\":25,\"caption\":\"IPlay\"},\"image\":{\"@id\":\"https:\/\/www.iplay.com\/en\/#\/schema\/logo\/image\/\"}}]}<\/script>\n<!-- \/ Yoast SEO Premium plugin. -->","yoast_head_json":{"title":"Crossroad of Worlds\u00a0: Star Jedusor \u00c9dition Collector - Mettez fin aux vols d\u2019\u00e9toiles dans Crossroad of Worlds","description":"Poursuivez vos recherches et arr\u00eatez le vol d\u2019\u00e9toiles ! Dans Star Riddle&nbsp;: Crossroads of Worlds EC","robots":{"index":"index","follow":"follow","max-snippet":"max-snippet:-1","max-image-preview":"max-image-preview:large","max-video-preview":"max-video-preview:-1"},"canonical":"https:\/\/www.iplay.com\/fr\/games\/crossroad-of-worlds-star-riddle-collectors-edition\/","og_locale":"fr_FR","og_type":"article","og_title":"Crossroad of Worlds: Star Riddle Collector's Edition","og_description":"Poursuivez vos recherches et arr\u00eatez le vol d\u2019\u00e9toiles ! Dans Star Riddle&nbsp;: Crossroads of Worlds EC","og_url":"https:\/\/www.iplay.com\/fr\/games\/crossroad-of-worlds-star-riddle-collectors-edition\/","og_site_name":"IPlay","og_image":[{"width":310,"height":310,"url":"https:\/\/www.iplay.com\/wp-content\/uploads\/2023\/12\/large_square_tile_image-1996.jpg","type":"image\/jpeg"}],"twitter_card":"summary_large_image","twitter_misc":{"Dur\u00e9e de lecture estim\u00e9e":"2 minutes"},"schema":{"@context":"https:\/\/schema.org","@graph":[{"@type":"WebPage","@id":"https:\/\/www.iplay.com\/fr\/games\/crossroad-of-worlds-star-riddle-collectors-edition\/","url":"https:\/\/www.iplay.com\/fr\/games\/crossroad-of-worlds-star-riddle-collectors-edition\/","name":"Crossroad of Worlds\u00a0: Star Jedusor \u00c9dition Collector - Mettez fin aux vols d\u2019\u00e9toiles dans Crossroad of Worlds","isPartOf":{"@id":"https:\/\/www.iplay.com\/en\/#website"},"primaryImageOfPage":{"@id":"https:\/\/www.iplay.com\/fr\/games\/crossroad-of-worlds-star-riddle-collectors-edition\/#primaryimage"},"image":{"@id":"https:\/\/www.iplay.com\/fr\/games\/crossroad-of-worlds-star-riddle-collectors-edition\/#primaryimage"},"thumbnailUrl":"https:\/\/www.iplay.com\/wp-content\/uploads\/2023\/12\/large_square_tile_image-1996.jpg","datePublished":"2023-09-13T00:00:00+00:00","description":"Poursuivez vos recherches et arr\u00eatez le vol d\u2019\u00e9toiles ! Dans Star Riddle&nbsp;: Crossroads of Worlds EC","breadcrumb":{"@id":"https:\/\/www.iplay.com\/fr\/games\/crossroad-of-worlds-star-riddle-collectors-edition\/#breadcrumb"},"inLanguage":"fr-FR","potentialAction":[{"@type":"ReadAction","target":["https:\/\/www.iplay.com\/fr\/games\/crossroad-of-worlds-star-riddle-collectors-edition\/"]}]},{"@type":"ImageObject","inLanguage":"fr-FR","@id":"https:\/\/www.iplay.com\/fr\/games\/crossroad-of-worlds-star-riddle-collectors-edition\/#primaryimage","url":"https:\/\/www.iplay.com\/wp-content\/uploads\/2023\/12\/large_square_tile_image-1996.jpg","contentUrl":"https:\/\/www.iplay.com\/wp-content\/uploads\/2023\/12\/large_square_tile_image-1996.jpg","width":310,"height":310},{"@type":"BreadcrumbList","@id":"https:\/\/www.iplay.com\/fr\/games\/crossroad-of-worlds-star-riddle-collectors-edition\/#breadcrumb","itemListElement":[{"@type":"ListItem","position":1,"name":"Home","item":"https:\/\/www.iplay.com\/fr\/home-page-2\/"},{"@type":"ListItem","position":2,"name":"Shop","item":"https:\/\/www.iplay.com\/en\/shop\/"},{"@type":"ListItem","position":3,"name":"Crossroad of Worlds: Star Riddle Collector&#8217;s Edition"}]},{"@type":"WebSite","@id":"https:\/\/www.iplay.com\/en\/#website","url":"https:\/\/www.iplay.com\/en\/","name":"IPlay","description":"The Best Casual Games!","publisher":{"@id":"https:\/\/www.iplay.com\/en\/#organization"},"potentialAction":[{"@type":"SearchAction","target":{"@type":"EntryPoint","urlTemplate":"https:\/\/www.iplay.com\/en\/?s={search_term_string}"},"query-input":{"@type":"PropertyValueSpecification","valueRequired":true,"valueName":"search_term_string"}}],"inLanguage":"fr-FR"},{"@type":"Organization","@id":"https:\/\/www.iplay.com\/en\/#organization","name":"IPlay","url":"https:\/\/www.iplay.com\/en\/","logo":{"@type":"ImageObject","inLanguage":"fr-FR","@id":"https:\/\/www.iplay.com\/en\/#\/schema\/logo\/image\/","url":"https:\/\/www.iplay.com\/wp-content\/uploads\/2023\/11\/Group-6100.svg","contentUrl":"https:\/\/www.iplay.com\/wp-content\/uploads\/2023\/11\/Group-6100.svg","width":98,"height":25,"caption":"IPlay"},"image":{"@id":"https:\/\/www.iplay.com\/en\/#\/schema\/logo\/image\/"}}]}},"_links":{"self":[{"href":"https:\/\/www.iplay.com\/fr\/wp-json\/wp\/v2\/product\/130072","targetHints":{"allow":["GET"]}}],"collection":[{"href":"https:\/\/www.iplay.com\/fr\/wp-json\/wp\/v2\/product"}],"about":[{"href":"https:\/\/www.iplay.com\/fr\/wp-json\/wp\/v2\/types\/product"}],"author":[{"embeddable":true,"href":"https:\/\/www.iplay.com\/fr\/wp-json\/wp\/v2\/users\/52"}],"replies":[{"embeddable":true,"href":"https:\/\/www.iplay.com\/fr\/wp-json\/wp\/v2\/comments?post=130072"}],"wp:featuredmedia":[{"embeddable":true,"href":"https:\/\/www.iplay.com\/fr\/wp-json\/wp\/v2\/media\/72085"}],"wp:attachment":[{"href":"https:\/\/www.iplay.com\/fr\/wp-json\/wp\/v2\/media?parent=130072"}],"wp:term":[{"taxonomy":"product_brand","embeddable":true,"href":"https:\/\/www.iplay.com\/fr\/wp-json\/wp\/v2\/product_brand?post=130072"},{"taxonomy":"product_cat","embeddable":true,"href":"https:\/\/www.iplay.com\/fr\/wp-json\/wp\/v2\/product_cat?post=130072"},{"taxonomy":"product_tag","embeddable":true,"href":"https:\/\/www.iplay.com\/fr\/wp-json\/wp\/v2\/product_tag?post=130072"}],"curies":[{"name":"wp","href":"https:\/\/api.w.org\/{rel}","templated":true}]}}