{"id":130006,"date":"2023-08-21T00:00:00","date_gmt":"2023-08-21T00:00:00","guid":{"rendered":"https:\/\/www.iplay.com\/games\/greatest-dynasties-mahjong\/"},"modified":"2023-08-21T00:00:00","modified_gmt":"2023-08-21T00:00:00","slug":"greatest-dynasties-mahjong","status":"publish","type":"product","link":"https:\/\/www.iplay.com\/fr\/games\/greatest-dynasties-mahjong\/","title":{"rendered":"Greatest Dynasties Mahjong"},"content":{"rendered":"<p>Les plus grandes dynasties ont particip\u00e9 \u00e0 ce jeu ! Tout le monde, des empereurs aux roturiers, a am\u00e9lior\u00e9 son intellect gr\u00e2ce \u00e0 ce jeu. Qui sait si c\u2019\u00e9tait la cl\u00e9 de leur succ\u00e8s ? Il existe pr\u00e8s de 100 dispositions diff\u00e9rentes de jeux de mahjong. Faites un test de r\u00e9flexion int\u00e9ressant. Les plus basiques et les plus traditionnels sont les premiers, suivis des plus \u00e9tonnants \u00e0 th\u00e8me. Jouez dans six mondes de jeu, chacun comportant plusieurs \u00e9tapes difficiles. Des motifs \u00e0 200 jetons et des puzzles \u00e0 plusieurs niveaux ! Mettez vos capacit\u00e9s \u00e0 l\u2019\u00e9preuve !        <\/p>\n<p>&nbsp;<\/p>\n<p>&nbsp;<\/p>\n<p><strong>Fonctionnalit\u00e9s:<\/strong><\/p>\n<p>&nbsp;<\/p>\n<p>&#8211; Collectez des jetons d\u2019or pour terminer les niveaux et d\u00e9verrouiller la zone suivante.<\/p>\n<p>&#8211; Capturez des jetons bonus pour gagner de l\u2019argent bonus et des r\u00e9compenses.<\/p>\n<p>&#8211; Un multiplicateur de combo qui booste les pi\u00e8ces<\/p>\n<p>&#8211; 120 \u00e9tapes<\/p>\n<p>&#8211; 6 lieux<\/p>\n","protected":false},"excerpt":{"rendered":"<p>Avec Greatest Dynasties Mahjong, vous pouvez relever le d\u00e9fi du Mahjong.<\/p>\n","protected":false},"author":13,"featured_media":72341,"comment_status":"open","ping_status":"closed","template":"","meta":{"_acf_changed":false,"inline_featured_image":false},"product_brand":[],"product_cat":[172],"product_tag":[287],"class_list":{"0":"post-130006","1":"product","2":"type-product","3":"status-publish","4":"has-post-thumbnail","6":"product_cat-mahjong-fr","7":"product_tag-play-on-pc-fr","9":"first","10":"instock","11":"shipping-taxable","12":"purchasable","13":"product-type-simple"},"acf":[],"yoast_head":"<!-- This site is optimized with the Yoast SEO Premium plugin v25.2 (Yoast SEO v25.2) - https:\/\/yoast.com\/wordpress\/plugins\/seo\/ -->\n<title>Mahjong des plus grandes dynasties - Vivez le d\u00e9fi du mahjong des plus grandes dynasties<\/title>\n<meta name=\"description\" content=\"Avec Greatest Dynasties Mahjong, vous pouvez relever le d\u00e9fi du Mahjong.\" \/>\n<meta name=\"robots\" content=\"index, follow, max-snippet:-1, max-image-preview:large, max-video-preview:-1\" \/>\n<link rel=\"canonical\" href=\"https:\/\/www.iplay.com\/fr\/games\/greatest-dynasties-mahjong\/\" \/>\n<meta property=\"og:locale\" content=\"fr_FR\" \/>\n<meta property=\"og:type\" content=\"article\" \/>\n<meta property=\"og:title\" content=\"Greatest Dynasties Mahjong\" \/>\n<meta property=\"og:description\" content=\"Avec Greatest Dynasties Mahjong, vous pouvez relever le d\u00e9fi du Mahjong.\" \/>\n<meta property=\"og:url\" content=\"https:\/\/www.iplay.com\/fr\/games\/greatest-dynasties-mahjong\/\" \/>\n<meta property=\"og:site_name\" content=\"IPlay\" \/>\n<meta property=\"og:image\" content=\"https:\/\/www.iplay.com\/wp-content\/uploads\/2023\/12\/large_square_tile_image-2013.jpg\" \/>\n\t<meta property=\"og:image:width\" content=\"310\" \/>\n\t<meta property=\"og:image:height\" content=\"310\" \/>\n\t<meta property=\"og:image:type\" content=\"image\/jpeg\" \/>\n<meta name=\"twitter:card\" content=\"summary_large_image\" \/>\n<meta name=\"twitter:label1\" content=\"Dur\u00e9e de lecture estim\u00e9e\" \/>\n\t<meta name=\"twitter:data1\" content=\"1 minute\" \/>\n<script type=\"application\/ld+json\" class=\"yoast-schema-graph\">{\"@context\":\"https:\/\/schema.org\",\"@graph\":[{\"@type\":\"WebPage\",\"@id\":\"https:\/\/www.iplay.com\/fr\/games\/greatest-dynasties-mahjong\/\",\"url\":\"https:\/\/www.iplay.com\/fr\/games\/greatest-dynasties-mahjong\/\",\"name\":\"Mahjong des plus grandes dynasties - Vivez le d\u00e9fi du mahjong des plus grandes dynasties\",\"isPartOf\":{\"@id\":\"https:\/\/www.iplay.com\/en\/#website\"},\"primaryImageOfPage\":{\"@id\":\"https:\/\/www.iplay.com\/fr\/games\/greatest-dynasties-mahjong\/#primaryimage\"},\"image\":{\"@id\":\"https:\/\/www.iplay.com\/fr\/games\/greatest-dynasties-mahjong\/#primaryimage\"},\"thumbnailUrl\":\"https:\/\/www.iplay.com\/wp-content\/uploads\/2023\/12\/large_square_tile_image-2013.jpg\",\"datePublished\":\"2023-08-21T00:00:00+00:00\",\"description\":\"Avec Greatest Dynasties Mahjong, vous pouvez relever le d\u00e9fi du Mahjong.\",\"breadcrumb\":{\"@id\":\"https:\/\/www.iplay.com\/fr\/games\/greatest-dynasties-mahjong\/#breadcrumb\"},\"inLanguage\":\"fr-FR\",\"potentialAction\":[{\"@type\":\"ReadAction\",\"target\":[\"https:\/\/www.iplay.com\/fr\/games\/greatest-dynasties-mahjong\/\"]}]},{\"@type\":\"ImageObject\",\"inLanguage\":\"fr-FR\",\"@id\":\"https:\/\/www.iplay.com\/fr\/games\/greatest-dynasties-mahjong\/#primaryimage\",\"url\":\"https:\/\/www.iplay.com\/wp-content\/uploads\/2023\/12\/large_square_tile_image-2013.jpg\",\"contentUrl\":\"https:\/\/www.iplay.com\/wp-content\/uploads\/2023\/12\/large_square_tile_image-2013.jpg\",\"width\":310,\"height\":310},{\"@type\":\"BreadcrumbList\",\"@id\":\"https:\/\/www.iplay.com\/fr\/games\/greatest-dynasties-mahjong\/#breadcrumb\",\"itemListElement\":[{\"@type\":\"ListItem\",\"position\":1,\"name\":\"Home\",\"item\":\"https:\/\/www.iplay.com\/fr\/home-page-2\/\"},{\"@type\":\"ListItem\",\"position\":2,\"name\":\"Shop\",\"item\":\"https:\/\/www.iplay.com\/en\/shop\/\"},{\"@type\":\"ListItem\",\"position\":3,\"name\":\"Greatest Dynasties Mahjong\"}]},{\"@type\":\"WebSite\",\"@id\":\"https:\/\/www.iplay.com\/en\/#website\",\"url\":\"https:\/\/www.iplay.com\/en\/\",\"name\":\"IPlay\",\"description\":\"The Best Casual Games!\",\"publisher\":{\"@id\":\"https:\/\/www.iplay.com\/en\/#organization\"},\"potentialAction\":[{\"@type\":\"SearchAction\",\"target\":{\"@type\":\"EntryPoint\",\"urlTemplate\":\"https:\/\/www.iplay.com\/en\/?s={search_term_string}\"},\"query-input\":{\"@type\":\"PropertyValueSpecification\",\"valueRequired\":true,\"valueName\":\"search_term_string\"}}],\"inLanguage\":\"fr-FR\"},{\"@type\":\"Organization\",\"@id\":\"https:\/\/www.iplay.com\/en\/#organization\",\"name\":\"IPlay\",\"url\":\"https:\/\/www.iplay.com\/en\/\",\"logo\":{\"@type\":\"ImageObject\",\"inLanguage\":\"fr-FR\",\"@id\":\"https:\/\/www.iplay.com\/en\/#\/schema\/logo\/image\/\",\"url\":\"https:\/\/www.iplay.com\/wp-content\/uploads\/2023\/11\/Group-6100.svg\",\"contentUrl\":\"https:\/\/www.iplay.com\/wp-content\/uploads\/2023\/11\/Group-6100.svg\",\"width\":98,\"height\":25,\"caption\":\"IPlay\"},\"image\":{\"@id\":\"https:\/\/www.iplay.com\/en\/#\/schema\/logo\/image\/\"}}]}<\/script>\n<!-- \/ Yoast SEO Premium plugin. -->","yoast_head_json":{"title":"Mahjong des plus grandes dynasties - Vivez le d\u00e9fi du mahjong des plus grandes dynasties","description":"Avec Greatest Dynasties Mahjong, vous pouvez relever le d\u00e9fi du Mahjong.","robots":{"index":"index","follow":"follow","max-snippet":"max-snippet:-1","max-image-preview":"max-image-preview:large","max-video-preview":"max-video-preview:-1"},"canonical":"https:\/\/www.iplay.com\/fr\/games\/greatest-dynasties-mahjong\/","og_locale":"fr_FR","og_type":"article","og_title":"Greatest Dynasties Mahjong","og_description":"Avec Greatest Dynasties Mahjong, vous pouvez relever le d\u00e9fi du Mahjong.","og_url":"https:\/\/www.iplay.com\/fr\/games\/greatest-dynasties-mahjong\/","og_site_name":"IPlay","og_image":[{"width":310,"height":310,"url":"https:\/\/www.iplay.com\/wp-content\/uploads\/2023\/12\/large_square_tile_image-2013.jpg","type":"image\/jpeg"}],"twitter_card":"summary_large_image","twitter_misc":{"Dur\u00e9e de lecture estim\u00e9e":"1 minute"},"schema":{"@context":"https:\/\/schema.org","@graph":[{"@type":"WebPage","@id":"https:\/\/www.iplay.com\/fr\/games\/greatest-dynasties-mahjong\/","url":"https:\/\/www.iplay.com\/fr\/games\/greatest-dynasties-mahjong\/","name":"Mahjong des plus grandes dynasties - Vivez le d\u00e9fi du mahjong des plus grandes dynasties","isPartOf":{"@id":"https:\/\/www.iplay.com\/en\/#website"},"primaryImageOfPage":{"@id":"https:\/\/www.iplay.com\/fr\/games\/greatest-dynasties-mahjong\/#primaryimage"},"image":{"@id":"https:\/\/www.iplay.com\/fr\/games\/greatest-dynasties-mahjong\/#primaryimage"},"thumbnailUrl":"https:\/\/www.iplay.com\/wp-content\/uploads\/2023\/12\/large_square_tile_image-2013.jpg","datePublished":"2023-08-21T00:00:00+00:00","description":"Avec Greatest Dynasties Mahjong, vous pouvez relever le d\u00e9fi du Mahjong.","breadcrumb":{"@id":"https:\/\/www.iplay.com\/fr\/games\/greatest-dynasties-mahjong\/#breadcrumb"},"inLanguage":"fr-FR","potentialAction":[{"@type":"ReadAction","target":["https:\/\/www.iplay.com\/fr\/games\/greatest-dynasties-mahjong\/"]}]},{"@type":"ImageObject","inLanguage":"fr-FR","@id":"https:\/\/www.iplay.com\/fr\/games\/greatest-dynasties-mahjong\/#primaryimage","url":"https:\/\/www.iplay.com\/wp-content\/uploads\/2023\/12\/large_square_tile_image-2013.jpg","contentUrl":"https:\/\/www.iplay.com\/wp-content\/uploads\/2023\/12\/large_square_tile_image-2013.jpg","width":310,"height":310},{"@type":"BreadcrumbList","@id":"https:\/\/www.iplay.com\/fr\/games\/greatest-dynasties-mahjong\/#breadcrumb","itemListElement":[{"@type":"ListItem","position":1,"name":"Home","item":"https:\/\/www.iplay.com\/fr\/home-page-2\/"},{"@type":"ListItem","position":2,"name":"Shop","item":"https:\/\/www.iplay.com\/en\/shop\/"},{"@type":"ListItem","position":3,"name":"Greatest Dynasties Mahjong"}]},{"@type":"WebSite","@id":"https:\/\/www.iplay.com\/en\/#website","url":"https:\/\/www.iplay.com\/en\/","name":"IPlay","description":"The Best Casual Games!","publisher":{"@id":"https:\/\/www.iplay.com\/en\/#organization"},"potentialAction":[{"@type":"SearchAction","target":{"@type":"EntryPoint","urlTemplate":"https:\/\/www.iplay.com\/en\/?s={search_term_string}"},"query-input":{"@type":"PropertyValueSpecification","valueRequired":true,"valueName":"search_term_string"}}],"inLanguage":"fr-FR"},{"@type":"Organization","@id":"https:\/\/www.iplay.com\/en\/#organization","name":"IPlay","url":"https:\/\/www.iplay.com\/en\/","logo":{"@type":"ImageObject","inLanguage":"fr-FR","@id":"https:\/\/www.iplay.com\/en\/#\/schema\/logo\/image\/","url":"https:\/\/www.iplay.com\/wp-content\/uploads\/2023\/11\/Group-6100.svg","contentUrl":"https:\/\/www.iplay.com\/wp-content\/uploads\/2023\/11\/Group-6100.svg","width":98,"height":25,"caption":"IPlay"},"image":{"@id":"https:\/\/www.iplay.com\/en\/#\/schema\/logo\/image\/"}}]}},"_links":{"self":[{"href":"https:\/\/www.iplay.com\/fr\/wp-json\/wp\/v2\/product\/130006","targetHints":{"allow":["GET"]}}],"collection":[{"href":"https:\/\/www.iplay.com\/fr\/wp-json\/wp\/v2\/product"}],"about":[{"href":"https:\/\/www.iplay.com\/fr\/wp-json\/wp\/v2\/types\/product"}],"author":[{"embeddable":true,"href":"https:\/\/www.iplay.com\/fr\/wp-json\/wp\/v2\/users\/13"}],"replies":[{"embeddable":true,"href":"https:\/\/www.iplay.com\/fr\/wp-json\/wp\/v2\/comments?post=130006"}],"wp:featuredmedia":[{"embeddable":true,"href":"https:\/\/www.iplay.com\/fr\/wp-json\/wp\/v2\/media\/72341"}],"wp:attachment":[{"href":"https:\/\/www.iplay.com\/fr\/wp-json\/wp\/v2\/media?parent=130006"}],"wp:term":[{"taxonomy":"product_brand","embeddable":true,"href":"https:\/\/www.iplay.com\/fr\/wp-json\/wp\/v2\/product_brand?post=130006"},{"taxonomy":"product_cat","embeddable":true,"href":"https:\/\/www.iplay.com\/fr\/wp-json\/wp\/v2\/product_cat?post=130006"},{"taxonomy":"product_tag","embeddable":true,"href":"https:\/\/www.iplay.com\/fr\/wp-json\/wp\/v2\/product_tag?post=130006"}],"curies":[{"name":"wp","href":"https:\/\/api.w.org\/{rel}","templated":true}]}}