{"id":129972,"date":"2023-08-10T00:00:00","date_gmt":"2023-08-10T00:00:00","guid":{"rendered":"https:\/\/www.iplay.com\/games\/faircrofts-antiques-the-mountaineers-legacy-collectors-edition\/"},"modified":"2023-08-10T00:00:00","modified_gmt":"2023-08-10T00:00:00","slug":"faircrofts-antiques-the-mountaineers-legacy-collectors-edition","status":"publish","type":"product","link":"https:\/\/www.iplay.com\/fr\/games\/faircrofts-antiques-the-mountaineers-legacy-collectors-edition\/","title":{"rendered":"Faircroft&#8217;s Antiques: The Mountaineer&#8217;s Legacy Collectors Edition"},"content":{"rendered":"<p>Mia Faircroft part \u00e0 la recherche d\u2019objets cach\u00e9s ! Elle est envoy\u00e9e dans la paisible station de ski du Mont Cache dans les Alpes pour une nouvelle carri\u00e8re. Mais avec le d\u00e9c\u00e8s d\u2019un citoyen bien connu, la ville a chang\u00e9, et les habitants auront besoin de toute l\u2019aide qu\u2019ils peuvent obtenir ! Alice, la grand-m\u00e8re de Mia, fait \u00e9galement une apparition inattendue ! Dans Faircroft\u2019s Antiques&nbsp;: The Mountaineer\u2019s Legacy, vous pouvez r\u00e9parer des antiquit\u00e9s, d\u00e9couvrir de superbes sc\u00e8nes d\u2019objets cach\u00e9s et redonner la beaut\u00e9 d\u2019une ville !    <\/p>\n<p>&nbsp;<\/p>\n<p>&nbsp;<\/p>\n<p><strong>Fonctionnalit\u00e9s:<\/strong><\/p>\n<p>&nbsp;<\/p>\n<p>&#8211; D\u00e9couvrez des lieux magnifiquement anim\u00e9s et graphiques.<br \/>\n&#8211; Jouez \u00e0 plus de 25 mini-jeux divertissants, chacun avec une superbe antiquit\u00e9 ! D\u00e9couvrez la charmante station de montagne du Mont Cache&nbsp;! Faites connaissance avec les gentils habitants de cette magnifique ville et leurs histoires&nbsp;! Faire revivre un beau quartier tout en pr\u00e9servant un h\u00e9ritage bien respect\u00e9&nbsp;!   <\/p>\n<p>&nbsp;<\/p>\n<p>&nbsp;<\/p>\n<p><strong>Caract\u00e9ristiques de l\u2019\u00e9dition collector :<\/strong><\/p>\n<p>&nbsp;<\/p>\n<p>&#8211; Six chapitres suppl\u00e9mentaires qui sont plac\u00e9s apr\u00e8s la campagne principale !<br \/>\n&#8211; Avec trente nouvelles \u00e9tapes et deux lieux bonus, vous pouvez aider un couple \u00e0 trouver l\u2019amour !<\/p>\n","protected":false},"excerpt":{"rendered":"<p>Embarquez pour un voyage passionnant en haute altitude avec Mia Faircroft !<\/p>\n","protected":false},"author":18,"featured_media":72421,"comment_status":"open","ping_status":"closed","template":"","meta":{"_acf_changed":false,"inline_featured_image":false},"product_brand":[],"product_cat":[165],"product_tag":[287],"class_list":{"0":"post-129972","1":"product","2":"type-product","3":"status-publish","4":"has-post-thumbnail","6":"product_cat-hidden-object-fr","7":"product_tag-play-on-pc-fr","9":"first","10":"instock","11":"shipping-taxable","12":"purchasable","13":"product-type-simple"},"acf":[],"yoast_head":"<!-- This site is optimized with the Yoast SEO Premium plugin v25.2 (Yoast SEO v25.2) - https:\/\/yoast.com\/wordpress\/plugins\/seo\/ -->\n<title>Faircroft\u2019s Antiques\u00a0: The Mountaineer\u2019s Legacy Collectors Edition - L\u2019aventure en haute altitude de Mia vous attend<\/title>\n<meta name=\"description\" content=\"Embarquez pour un voyage passionnant en haute altitude avec Mia Faircroft !\" \/>\n<meta name=\"robots\" content=\"index, follow, max-snippet:-1, max-image-preview:large, max-video-preview:-1\" \/>\n<link rel=\"canonical\" href=\"https:\/\/www.iplay.com\/fr\/games\/faircrofts-antiques-the-mountaineers-legacy-collectors-edition\/\" \/>\n<meta property=\"og:locale\" content=\"fr_FR\" \/>\n<meta property=\"og:type\" content=\"article\" \/>\n<meta property=\"og:title\" content=\"Faircroft&#039;s Antiques: The Mountaineer&#039;s Legacy Collectors Edition\" \/>\n<meta property=\"og:description\" content=\"Embarquez pour un voyage passionnant en haute altitude avec Mia Faircroft !\" \/>\n<meta property=\"og:url\" content=\"https:\/\/www.iplay.com\/fr\/games\/faircrofts-antiques-the-mountaineers-legacy-collectors-edition\/\" \/>\n<meta property=\"og:site_name\" content=\"IPlay\" \/>\n<meta property=\"og:image\" content=\"https:\/\/www.iplay.com\/wp-content\/uploads\/2023\/12\/large_square_tile_image-2018.jpg\" \/>\n\t<meta property=\"og:image:width\" content=\"310\" \/>\n\t<meta property=\"og:image:height\" content=\"310\" \/>\n\t<meta property=\"og:image:type\" content=\"image\/jpeg\" \/>\n<meta name=\"twitter:card\" content=\"summary_large_image\" \/>\n<meta name=\"twitter:label1\" content=\"Dur\u00e9e de lecture estim\u00e9e\" \/>\n\t<meta name=\"twitter:data1\" content=\"1 minute\" \/>\n<script type=\"application\/ld+json\" class=\"yoast-schema-graph\">{\"@context\":\"https:\/\/schema.org\",\"@graph\":[{\"@type\":\"WebPage\",\"@id\":\"https:\/\/www.iplay.com\/fr\/games\/faircrofts-antiques-the-mountaineers-legacy-collectors-edition\/\",\"url\":\"https:\/\/www.iplay.com\/fr\/games\/faircrofts-antiques-the-mountaineers-legacy-collectors-edition\/\",\"name\":\"Faircroft\u2019s Antiques\u00a0: The Mountaineer\u2019s Legacy Collectors Edition - L\u2019aventure en haute altitude de Mia vous attend\",\"isPartOf\":{\"@id\":\"https:\/\/www.iplay.com\/en\/#website\"},\"primaryImageOfPage\":{\"@id\":\"https:\/\/www.iplay.com\/fr\/games\/faircrofts-antiques-the-mountaineers-legacy-collectors-edition\/#primaryimage\"},\"image\":{\"@id\":\"https:\/\/www.iplay.com\/fr\/games\/faircrofts-antiques-the-mountaineers-legacy-collectors-edition\/#primaryimage\"},\"thumbnailUrl\":\"https:\/\/www.iplay.com\/wp-content\/uploads\/2023\/12\/large_square_tile_image-2018.jpg\",\"datePublished\":\"2023-08-10T00:00:00+00:00\",\"description\":\"Embarquez pour un voyage passionnant en haute altitude avec Mia Faircroft !\",\"breadcrumb\":{\"@id\":\"https:\/\/www.iplay.com\/fr\/games\/faircrofts-antiques-the-mountaineers-legacy-collectors-edition\/#breadcrumb\"},\"inLanguage\":\"fr-FR\",\"potentialAction\":[{\"@type\":\"ReadAction\",\"target\":[\"https:\/\/www.iplay.com\/fr\/games\/faircrofts-antiques-the-mountaineers-legacy-collectors-edition\/\"]}]},{\"@type\":\"ImageObject\",\"inLanguage\":\"fr-FR\",\"@id\":\"https:\/\/www.iplay.com\/fr\/games\/faircrofts-antiques-the-mountaineers-legacy-collectors-edition\/#primaryimage\",\"url\":\"https:\/\/www.iplay.com\/wp-content\/uploads\/2023\/12\/large_square_tile_image-2018.jpg\",\"contentUrl\":\"https:\/\/www.iplay.com\/wp-content\/uploads\/2023\/12\/large_square_tile_image-2018.jpg\",\"width\":310,\"height\":310},{\"@type\":\"BreadcrumbList\",\"@id\":\"https:\/\/www.iplay.com\/fr\/games\/faircrofts-antiques-the-mountaineers-legacy-collectors-edition\/#breadcrumb\",\"itemListElement\":[{\"@type\":\"ListItem\",\"position\":1,\"name\":\"Home\",\"item\":\"https:\/\/www.iplay.com\/fr\/home-page-2\/\"},{\"@type\":\"ListItem\",\"position\":2,\"name\":\"Shop\",\"item\":\"https:\/\/www.iplay.com\/en\/shop\/\"},{\"@type\":\"ListItem\",\"position\":3,\"name\":\"Faircroft&#8217;s Antiques: The Mountaineer&#8217;s Legacy Collectors Edition\"}]},{\"@type\":\"WebSite\",\"@id\":\"https:\/\/www.iplay.com\/en\/#website\",\"url\":\"https:\/\/www.iplay.com\/en\/\",\"name\":\"IPlay\",\"description\":\"The Best Casual Games!\",\"publisher\":{\"@id\":\"https:\/\/www.iplay.com\/en\/#organization\"},\"potentialAction\":[{\"@type\":\"SearchAction\",\"target\":{\"@type\":\"EntryPoint\",\"urlTemplate\":\"https:\/\/www.iplay.com\/en\/?s={search_term_string}\"},\"query-input\":{\"@type\":\"PropertyValueSpecification\",\"valueRequired\":true,\"valueName\":\"search_term_string\"}}],\"inLanguage\":\"fr-FR\"},{\"@type\":\"Organization\",\"@id\":\"https:\/\/www.iplay.com\/en\/#organization\",\"name\":\"IPlay\",\"url\":\"https:\/\/www.iplay.com\/en\/\",\"logo\":{\"@type\":\"ImageObject\",\"inLanguage\":\"fr-FR\",\"@id\":\"https:\/\/www.iplay.com\/en\/#\/schema\/logo\/image\/\",\"url\":\"https:\/\/www.iplay.com\/wp-content\/uploads\/2023\/11\/Group-6100.svg\",\"contentUrl\":\"https:\/\/www.iplay.com\/wp-content\/uploads\/2023\/11\/Group-6100.svg\",\"width\":98,\"height\":25,\"caption\":\"IPlay\"},\"image\":{\"@id\":\"https:\/\/www.iplay.com\/en\/#\/schema\/logo\/image\/\"}}]}<\/script>\n<!-- \/ Yoast SEO Premium plugin. -->","yoast_head_json":{"title":"Faircroft\u2019s Antiques\u00a0: The Mountaineer\u2019s Legacy Collectors Edition - L\u2019aventure en haute altitude de Mia vous attend","description":"Embarquez pour un voyage passionnant en haute altitude avec Mia Faircroft !","robots":{"index":"index","follow":"follow","max-snippet":"max-snippet:-1","max-image-preview":"max-image-preview:large","max-video-preview":"max-video-preview:-1"},"canonical":"https:\/\/www.iplay.com\/fr\/games\/faircrofts-antiques-the-mountaineers-legacy-collectors-edition\/","og_locale":"fr_FR","og_type":"article","og_title":"Faircroft's Antiques: The Mountaineer's Legacy Collectors Edition","og_description":"Embarquez pour un voyage passionnant en haute altitude avec Mia Faircroft !","og_url":"https:\/\/www.iplay.com\/fr\/games\/faircrofts-antiques-the-mountaineers-legacy-collectors-edition\/","og_site_name":"IPlay","og_image":[{"width":310,"height":310,"url":"https:\/\/www.iplay.com\/wp-content\/uploads\/2023\/12\/large_square_tile_image-2018.jpg","type":"image\/jpeg"}],"twitter_card":"summary_large_image","twitter_misc":{"Dur\u00e9e de lecture estim\u00e9e":"1 minute"},"schema":{"@context":"https:\/\/schema.org","@graph":[{"@type":"WebPage","@id":"https:\/\/www.iplay.com\/fr\/games\/faircrofts-antiques-the-mountaineers-legacy-collectors-edition\/","url":"https:\/\/www.iplay.com\/fr\/games\/faircrofts-antiques-the-mountaineers-legacy-collectors-edition\/","name":"Faircroft\u2019s Antiques\u00a0: The Mountaineer\u2019s Legacy Collectors Edition - L\u2019aventure en haute altitude de Mia vous attend","isPartOf":{"@id":"https:\/\/www.iplay.com\/en\/#website"},"primaryImageOfPage":{"@id":"https:\/\/www.iplay.com\/fr\/games\/faircrofts-antiques-the-mountaineers-legacy-collectors-edition\/#primaryimage"},"image":{"@id":"https:\/\/www.iplay.com\/fr\/games\/faircrofts-antiques-the-mountaineers-legacy-collectors-edition\/#primaryimage"},"thumbnailUrl":"https:\/\/www.iplay.com\/wp-content\/uploads\/2023\/12\/large_square_tile_image-2018.jpg","datePublished":"2023-08-10T00:00:00+00:00","description":"Embarquez pour un voyage passionnant en haute altitude avec Mia Faircroft !","breadcrumb":{"@id":"https:\/\/www.iplay.com\/fr\/games\/faircrofts-antiques-the-mountaineers-legacy-collectors-edition\/#breadcrumb"},"inLanguage":"fr-FR","potentialAction":[{"@type":"ReadAction","target":["https:\/\/www.iplay.com\/fr\/games\/faircrofts-antiques-the-mountaineers-legacy-collectors-edition\/"]}]},{"@type":"ImageObject","inLanguage":"fr-FR","@id":"https:\/\/www.iplay.com\/fr\/games\/faircrofts-antiques-the-mountaineers-legacy-collectors-edition\/#primaryimage","url":"https:\/\/www.iplay.com\/wp-content\/uploads\/2023\/12\/large_square_tile_image-2018.jpg","contentUrl":"https:\/\/www.iplay.com\/wp-content\/uploads\/2023\/12\/large_square_tile_image-2018.jpg","width":310,"height":310},{"@type":"BreadcrumbList","@id":"https:\/\/www.iplay.com\/fr\/games\/faircrofts-antiques-the-mountaineers-legacy-collectors-edition\/#breadcrumb","itemListElement":[{"@type":"ListItem","position":1,"name":"Home","item":"https:\/\/www.iplay.com\/fr\/home-page-2\/"},{"@type":"ListItem","position":2,"name":"Shop","item":"https:\/\/www.iplay.com\/en\/shop\/"},{"@type":"ListItem","position":3,"name":"Faircroft&#8217;s Antiques: The Mountaineer&#8217;s Legacy Collectors Edition"}]},{"@type":"WebSite","@id":"https:\/\/www.iplay.com\/en\/#website","url":"https:\/\/www.iplay.com\/en\/","name":"IPlay","description":"The Best Casual Games!","publisher":{"@id":"https:\/\/www.iplay.com\/en\/#organization"},"potentialAction":[{"@type":"SearchAction","target":{"@type":"EntryPoint","urlTemplate":"https:\/\/www.iplay.com\/en\/?s={search_term_string}"},"query-input":{"@type":"PropertyValueSpecification","valueRequired":true,"valueName":"search_term_string"}}],"inLanguage":"fr-FR"},{"@type":"Organization","@id":"https:\/\/www.iplay.com\/en\/#organization","name":"IPlay","url":"https:\/\/www.iplay.com\/en\/","logo":{"@type":"ImageObject","inLanguage":"fr-FR","@id":"https:\/\/www.iplay.com\/en\/#\/schema\/logo\/image\/","url":"https:\/\/www.iplay.com\/wp-content\/uploads\/2023\/11\/Group-6100.svg","contentUrl":"https:\/\/www.iplay.com\/wp-content\/uploads\/2023\/11\/Group-6100.svg","width":98,"height":25,"caption":"IPlay"},"image":{"@id":"https:\/\/www.iplay.com\/en\/#\/schema\/logo\/image\/"}}]}},"_links":{"self":[{"href":"https:\/\/www.iplay.com\/fr\/wp-json\/wp\/v2\/product\/129972","targetHints":{"allow":["GET"]}}],"collection":[{"href":"https:\/\/www.iplay.com\/fr\/wp-json\/wp\/v2\/product"}],"about":[{"href":"https:\/\/www.iplay.com\/fr\/wp-json\/wp\/v2\/types\/product"}],"author":[{"embeddable":true,"href":"https:\/\/www.iplay.com\/fr\/wp-json\/wp\/v2\/users\/18"}],"replies":[{"embeddable":true,"href":"https:\/\/www.iplay.com\/fr\/wp-json\/wp\/v2\/comments?post=129972"}],"wp:featuredmedia":[{"embeddable":true,"href":"https:\/\/www.iplay.com\/fr\/wp-json\/wp\/v2\/media\/72421"}],"wp:attachment":[{"href":"https:\/\/www.iplay.com\/fr\/wp-json\/wp\/v2\/media?parent=129972"}],"wp:term":[{"taxonomy":"product_brand","embeddable":true,"href":"https:\/\/www.iplay.com\/fr\/wp-json\/wp\/v2\/product_brand?post=129972"},{"taxonomy":"product_cat","embeddable":true,"href":"https:\/\/www.iplay.com\/fr\/wp-json\/wp\/v2\/product_cat?post=129972"},{"taxonomy":"product_tag","embeddable":true,"href":"https:\/\/www.iplay.com\/fr\/wp-json\/wp\/v2\/product_tag?post=129972"}],"curies":[{"name":"wp","href":"https:\/\/api.w.org\/{rel}","templated":true}]}}