{"id":129874,"date":"2023-11-10T00:00:02","date_gmt":"2023-11-10T00:00:02","guid":{"rendered":"https:\/\/www.iplay.com\/games\/sweet-home-look-and-find-collectors-edition\/"},"modified":"2023-11-10T00:00:02","modified_gmt":"2023-11-10T00:00:02","slug":"sweet-home-look-and-find-collectors-edition","status":"publish","type":"product","link":"https:\/\/www.iplay.com\/fr\/games\/sweet-home-look-and-find-collectors-edition\/","title":{"rendered":"Sweet Home: Look and Find Collector&#8217;s Edition"},"content":{"rendered":"<p>Entrez dans l\u2019ambiance sereine de la maison avec le nouveau jeu passionnant Sweet Home : Look and Find. Plongez dans la joie de la d\u00e9couverte en d\u00e9m\u00ealant des myst\u00e8res, en r\u00e9solvant des \u00e9nigmes et en vous engageant dans des mini-jeux captivants, le tout rehauss\u00e9 d\u2019une qualit\u00e9 et d\u2019une profondeur am\u00e9lior\u00e9es ! Personnalisez votre espace dans Sweet Home&nbsp;: Look and Find en s\u00e9lectionnant \u00e0 la main des accessoires et des meubles suppl\u00e9mentaires. Embellissez votre environnement avec de d\u00e9licieuses d\u00e9corations et cr\u00e9ez un havre de paix confortable. Embarquez pour un voyage exaltant vers divers endroits accueillants : promenez-vous dans les paysages pittoresques, d\u00e9tendez-vous au bord de la piscine et organisez un barbecue dans la cour ! Utilisez vos comp\u00e9tences et vos connaissances pour d\u00e9couvrir tous les objets cach\u00e9s et triompher dans les mini-jeux.     <\/p>\n<p>Fonctionnalit\u00e9s:<\/p>\n<ul>\n<li>Explorez huit lieux suppl\u00e9mentaires regorgeant de tr\u00e9sors cach\u00e9s !<\/li>\n<li>Plongez dans huit nouveaux mini-jeux pour plus d\u2019excitation.<\/li>\n<li>Profitez de huit mini-jeux bonus des sections pr\u00e9c\u00e9dentes pour vous amuser davantage.<\/li>\n<li>D\u00e9corez votre bureau avec de charmants arri\u00e8re-plans.<\/li>\n<li>Personnalisez les appartements avec une gamme de meubles int\u00e9rieurs selon vos go\u00fbts.<\/li>\n<\/ul>\n","protected":false},"excerpt":{"rendered":"<p>Entrez dans l\u2019ambiance sereine de la maison avec Sweet Home : cherchez et trouvez et planifiez votre plaisir d\u2019ameublement.<\/p>\n","protected":false},"author":130,"featured_media":71285,"comment_status":"open","ping_status":"closed","template":"","meta":{"_acf_changed":false,"inline_featured_image":false},"product_brand":[],"product_cat":[165],"product_tag":[287],"class_list":{"0":"post-129874","1":"product","2":"type-product","3":"status-publish","4":"has-post-thumbnail","6":"product_cat-hidden-object-fr","7":"product_tag-play-on-pc-fr","9":"first","10":"instock","11":"shipping-taxable","12":"purchasable","13":"product-type-simple"},"acf":[],"yoast_head":"<!-- This site is optimized with the Yoast SEO Premium plugin v25.2 (Yoast SEO v25.2) - https:\/\/yoast.com\/wordpress\/plugins\/seo\/ -->\n<title>Sweet Home\u00a0: Look and Find Collector\u2019s Edition - D\u00e9tendez-vous avec une recherche d\u2019objets passionnante dans des meubles de maison confortables<\/title>\n<meta name=\"description\" content=\"Entrez dans l\u2019ambiance sereine de la maison avec Sweet Home : cherchez et trouvez et planifiez votre plaisir d\u2019ameublement.\" \/>\n<meta name=\"robots\" content=\"index, follow, max-snippet:-1, max-image-preview:large, max-video-preview:-1\" \/>\n<link rel=\"canonical\" href=\"https:\/\/www.iplay.com\/fr\/games\/sweet-home-look-and-find-collectors-edition\/\" \/>\n<meta property=\"og:locale\" content=\"fr_FR\" \/>\n<meta property=\"og:type\" content=\"article\" \/>\n<meta property=\"og:title\" content=\"Sweet Home: Look and Find Collector&#039;s Edition\" \/>\n<meta property=\"og:description\" content=\"Entrez dans l\u2019ambiance sereine de la maison avec Sweet Home : cherchez et trouvez et planifiez votre plaisir d\u2019ameublement.\" \/>\n<meta property=\"og:url\" content=\"https:\/\/www.iplay.com\/fr\/games\/sweet-home-look-and-find-collectors-edition\/\" \/>\n<meta property=\"og:site_name\" content=\"IPlay\" \/>\n<meta property=\"og:image\" content=\"https:\/\/www.iplay.com\/wp-content\/uploads\/2023\/12\/large_square_tile_image-1945.jpg\" \/>\n\t<meta property=\"og:image:width\" content=\"310\" \/>\n\t<meta property=\"og:image:height\" content=\"310\" \/>\n\t<meta property=\"og:image:type\" content=\"image\/jpeg\" \/>\n<meta name=\"twitter:card\" content=\"summary_large_image\" \/>\n<meta name=\"twitter:label1\" content=\"Dur\u00e9e de lecture estim\u00e9e\" \/>\n\t<meta name=\"twitter:data1\" content=\"1 minute\" \/>\n<script type=\"application\/ld+json\" class=\"yoast-schema-graph\">{\"@context\":\"https:\/\/schema.org\",\"@graph\":[{\"@type\":\"WebPage\",\"@id\":\"https:\/\/www.iplay.com\/fr\/games\/sweet-home-look-and-find-collectors-edition\/\",\"url\":\"https:\/\/www.iplay.com\/fr\/games\/sweet-home-look-and-find-collectors-edition\/\",\"name\":\"Sweet Home\u00a0: Look and Find Collector\u2019s Edition - D\u00e9tendez-vous avec une recherche d\u2019objets passionnante dans des meubles de maison confortables\",\"isPartOf\":{\"@id\":\"https:\/\/www.iplay.com\/en\/#website\"},\"primaryImageOfPage\":{\"@id\":\"https:\/\/www.iplay.com\/fr\/games\/sweet-home-look-and-find-collectors-edition\/#primaryimage\"},\"image\":{\"@id\":\"https:\/\/www.iplay.com\/fr\/games\/sweet-home-look-and-find-collectors-edition\/#primaryimage\"},\"thumbnailUrl\":\"https:\/\/www.iplay.com\/wp-content\/uploads\/2023\/12\/large_square_tile_image-1945.jpg\",\"datePublished\":\"2023-11-10T00:00:02+00:00\",\"description\":\"Entrez dans l\u2019ambiance sereine de la maison avec Sweet Home : cherchez et trouvez et planifiez votre plaisir d\u2019ameublement.\",\"breadcrumb\":{\"@id\":\"https:\/\/www.iplay.com\/fr\/games\/sweet-home-look-and-find-collectors-edition\/#breadcrumb\"},\"inLanguage\":\"fr-FR\",\"potentialAction\":[{\"@type\":\"ReadAction\",\"target\":[\"https:\/\/www.iplay.com\/fr\/games\/sweet-home-look-and-find-collectors-edition\/\"]}]},{\"@type\":\"ImageObject\",\"inLanguage\":\"fr-FR\",\"@id\":\"https:\/\/www.iplay.com\/fr\/games\/sweet-home-look-and-find-collectors-edition\/#primaryimage\",\"url\":\"https:\/\/www.iplay.com\/wp-content\/uploads\/2023\/12\/large_square_tile_image-1945.jpg\",\"contentUrl\":\"https:\/\/www.iplay.com\/wp-content\/uploads\/2023\/12\/large_square_tile_image-1945.jpg\",\"width\":310,\"height\":310},{\"@type\":\"BreadcrumbList\",\"@id\":\"https:\/\/www.iplay.com\/fr\/games\/sweet-home-look-and-find-collectors-edition\/#breadcrumb\",\"itemListElement\":[{\"@type\":\"ListItem\",\"position\":1,\"name\":\"Home\",\"item\":\"https:\/\/www.iplay.com\/fr\/home-page-2\/\"},{\"@type\":\"ListItem\",\"position\":2,\"name\":\"Shop\",\"item\":\"https:\/\/www.iplay.com\/en\/shop\/\"},{\"@type\":\"ListItem\",\"position\":3,\"name\":\"Sweet Home: Look and Find Collector&#8217;s Edition\"}]},{\"@type\":\"WebSite\",\"@id\":\"https:\/\/www.iplay.com\/en\/#website\",\"url\":\"https:\/\/www.iplay.com\/en\/\",\"name\":\"IPlay\",\"description\":\"The Best Casual Games!\",\"publisher\":{\"@id\":\"https:\/\/www.iplay.com\/en\/#organization\"},\"potentialAction\":[{\"@type\":\"SearchAction\",\"target\":{\"@type\":\"EntryPoint\",\"urlTemplate\":\"https:\/\/www.iplay.com\/en\/?s={search_term_string}\"},\"query-input\":{\"@type\":\"PropertyValueSpecification\",\"valueRequired\":true,\"valueName\":\"search_term_string\"}}],\"inLanguage\":\"fr-FR\"},{\"@type\":\"Organization\",\"@id\":\"https:\/\/www.iplay.com\/en\/#organization\",\"name\":\"IPlay\",\"url\":\"https:\/\/www.iplay.com\/en\/\",\"logo\":{\"@type\":\"ImageObject\",\"inLanguage\":\"fr-FR\",\"@id\":\"https:\/\/www.iplay.com\/en\/#\/schema\/logo\/image\/\",\"url\":\"https:\/\/www.iplay.com\/wp-content\/uploads\/2023\/11\/Group-6100.svg\",\"contentUrl\":\"https:\/\/www.iplay.com\/wp-content\/uploads\/2023\/11\/Group-6100.svg\",\"width\":98,\"height\":25,\"caption\":\"IPlay\"},\"image\":{\"@id\":\"https:\/\/www.iplay.com\/en\/#\/schema\/logo\/image\/\"}}]}<\/script>\n<!-- \/ Yoast SEO Premium plugin. -->","yoast_head_json":{"title":"Sweet Home\u00a0: Look and Find Collector\u2019s Edition - D\u00e9tendez-vous avec une recherche d\u2019objets passionnante dans des meubles de maison confortables","description":"Entrez dans l\u2019ambiance sereine de la maison avec Sweet Home : cherchez et trouvez et planifiez votre plaisir d\u2019ameublement.","robots":{"index":"index","follow":"follow","max-snippet":"max-snippet:-1","max-image-preview":"max-image-preview:large","max-video-preview":"max-video-preview:-1"},"canonical":"https:\/\/www.iplay.com\/fr\/games\/sweet-home-look-and-find-collectors-edition\/","og_locale":"fr_FR","og_type":"article","og_title":"Sweet Home: Look and Find Collector's Edition","og_description":"Entrez dans l\u2019ambiance sereine de la maison avec Sweet Home : cherchez et trouvez et planifiez votre plaisir d\u2019ameublement.","og_url":"https:\/\/www.iplay.com\/fr\/games\/sweet-home-look-and-find-collectors-edition\/","og_site_name":"IPlay","og_image":[{"width":310,"height":310,"url":"https:\/\/www.iplay.com\/wp-content\/uploads\/2023\/12\/large_square_tile_image-1945.jpg","type":"image\/jpeg"}],"twitter_card":"summary_large_image","twitter_misc":{"Dur\u00e9e de lecture estim\u00e9e":"1 minute"},"schema":{"@context":"https:\/\/schema.org","@graph":[{"@type":"WebPage","@id":"https:\/\/www.iplay.com\/fr\/games\/sweet-home-look-and-find-collectors-edition\/","url":"https:\/\/www.iplay.com\/fr\/games\/sweet-home-look-and-find-collectors-edition\/","name":"Sweet Home\u00a0: Look and Find Collector\u2019s Edition - D\u00e9tendez-vous avec une recherche d\u2019objets passionnante dans des meubles de maison confortables","isPartOf":{"@id":"https:\/\/www.iplay.com\/en\/#website"},"primaryImageOfPage":{"@id":"https:\/\/www.iplay.com\/fr\/games\/sweet-home-look-and-find-collectors-edition\/#primaryimage"},"image":{"@id":"https:\/\/www.iplay.com\/fr\/games\/sweet-home-look-and-find-collectors-edition\/#primaryimage"},"thumbnailUrl":"https:\/\/www.iplay.com\/wp-content\/uploads\/2023\/12\/large_square_tile_image-1945.jpg","datePublished":"2023-11-10T00:00:02+00:00","description":"Entrez dans l\u2019ambiance sereine de la maison avec Sweet Home : cherchez et trouvez et planifiez votre plaisir d\u2019ameublement.","breadcrumb":{"@id":"https:\/\/www.iplay.com\/fr\/games\/sweet-home-look-and-find-collectors-edition\/#breadcrumb"},"inLanguage":"fr-FR","potentialAction":[{"@type":"ReadAction","target":["https:\/\/www.iplay.com\/fr\/games\/sweet-home-look-and-find-collectors-edition\/"]}]},{"@type":"ImageObject","inLanguage":"fr-FR","@id":"https:\/\/www.iplay.com\/fr\/games\/sweet-home-look-and-find-collectors-edition\/#primaryimage","url":"https:\/\/www.iplay.com\/wp-content\/uploads\/2023\/12\/large_square_tile_image-1945.jpg","contentUrl":"https:\/\/www.iplay.com\/wp-content\/uploads\/2023\/12\/large_square_tile_image-1945.jpg","width":310,"height":310},{"@type":"BreadcrumbList","@id":"https:\/\/www.iplay.com\/fr\/games\/sweet-home-look-and-find-collectors-edition\/#breadcrumb","itemListElement":[{"@type":"ListItem","position":1,"name":"Home","item":"https:\/\/www.iplay.com\/fr\/home-page-2\/"},{"@type":"ListItem","position":2,"name":"Shop","item":"https:\/\/www.iplay.com\/en\/shop\/"},{"@type":"ListItem","position":3,"name":"Sweet Home: Look and Find Collector&#8217;s Edition"}]},{"@type":"WebSite","@id":"https:\/\/www.iplay.com\/en\/#website","url":"https:\/\/www.iplay.com\/en\/","name":"IPlay","description":"The Best Casual Games!","publisher":{"@id":"https:\/\/www.iplay.com\/en\/#organization"},"potentialAction":[{"@type":"SearchAction","target":{"@type":"EntryPoint","urlTemplate":"https:\/\/www.iplay.com\/en\/?s={search_term_string}"},"query-input":{"@type":"PropertyValueSpecification","valueRequired":true,"valueName":"search_term_string"}}],"inLanguage":"fr-FR"},{"@type":"Organization","@id":"https:\/\/www.iplay.com\/en\/#organization","name":"IPlay","url":"https:\/\/www.iplay.com\/en\/","logo":{"@type":"ImageObject","inLanguage":"fr-FR","@id":"https:\/\/www.iplay.com\/en\/#\/schema\/logo\/image\/","url":"https:\/\/www.iplay.com\/wp-content\/uploads\/2023\/11\/Group-6100.svg","contentUrl":"https:\/\/www.iplay.com\/wp-content\/uploads\/2023\/11\/Group-6100.svg","width":98,"height":25,"caption":"IPlay"},"image":{"@id":"https:\/\/www.iplay.com\/en\/#\/schema\/logo\/image\/"}}]}},"_links":{"self":[{"href":"https:\/\/www.iplay.com\/fr\/wp-json\/wp\/v2\/product\/129874","targetHints":{"allow":["GET"]}}],"collection":[{"href":"https:\/\/www.iplay.com\/fr\/wp-json\/wp\/v2\/product"}],"about":[{"href":"https:\/\/www.iplay.com\/fr\/wp-json\/wp\/v2\/types\/product"}],"author":[{"embeddable":true,"href":"https:\/\/www.iplay.com\/fr\/wp-json\/wp\/v2\/users\/130"}],"replies":[{"embeddable":true,"href":"https:\/\/www.iplay.com\/fr\/wp-json\/wp\/v2\/comments?post=129874"}],"wp:featuredmedia":[{"embeddable":true,"href":"https:\/\/www.iplay.com\/fr\/wp-json\/wp\/v2\/media\/71285"}],"wp:attachment":[{"href":"https:\/\/www.iplay.com\/fr\/wp-json\/wp\/v2\/media?parent=129874"}],"wp:term":[{"taxonomy":"product_brand","embeddable":true,"href":"https:\/\/www.iplay.com\/fr\/wp-json\/wp\/v2\/product_brand?post=129874"},{"taxonomy":"product_cat","embeddable":true,"href":"https:\/\/www.iplay.com\/fr\/wp-json\/wp\/v2\/product_cat?post=129874"},{"taxonomy":"product_tag","embeddable":true,"href":"https:\/\/www.iplay.com\/fr\/wp-json\/wp\/v2\/product_tag?post=129874"}],"curies":[{"name":"wp","href":"https:\/\/api.w.org\/{rel}","templated":true}]}}