{"id":129867,"date":"2023-11-10T00:00:00","date_gmt":"2023-11-10T00:00:00","guid":{"rendered":"https:\/\/www.iplay.com\/games\/roads-of-rome-portals-3-collectors-edition\/"},"modified":"2023-11-10T00:00:00","modified_gmt":"2023-11-10T00:00:00","slug":"roads-of-rome-portals-3-collectors-edition","status":"publish","type":"product","link":"https:\/\/www.iplay.com\/fr\/games\/roads-of-rome-portals-3-collectors-edition\/","title":{"rendered":"Roads of Rome: Portals 3 Collector&#8217;s Edition"},"content":{"rendered":"<p>Accompagn\u00e9es d\u2019ouvriers diligents, les vaillantes troupes de Rome poursuivent leur exploration de royaumes myst\u00e9rieux reli\u00e9s par d\u2019anciens portails. \u00c9mergeant du n\u00e9ant avec l\u2019aide des sbires malveillants d\u2019Armagon, ils sont d\u00e9termin\u00e9s \u00e0 vaincre les t\u00e9n\u00e8bres une fois pour toutes. L\u2019\u00e9preuve de force ultime est imminente !  <\/p>\n<p>&nbsp;<\/p>\n<p>Fonctionnalit\u00e9s:<\/p>\n<p>&nbsp;<\/p>\n<ul>\n<li>Plongez dans 40 niveaux vibrants et un niveau bonus palpitant<\/li>\n<li>Faites l\u2019exp\u00e9rience d\u2019un gameplay am\u00e9lior\u00e9 pour une immersion maximale<\/li>\n<li>Choisissez parmi quatre niveaux de difficult\u00e9 en fonction de votre niveau de comp\u00e9tence<\/li>\n<li>Utilisez le mode multi-clic et deux modes de s\u00e9lection d\u2019objets pour un avantage strat\u00e9gique<\/li>\n<li>Conqu\u00e9rez des caches difficiles pour tester vos prouesses<\/li>\n<\/ul>\n<p>&nbsp;<\/p>\n<p>Caract\u00e9ristiques de l\u2019\u00e9dition collector :<\/p>\n<p>&nbsp;<\/p>\n<ul>\n<li>D\u00e9bloquez 8 niveaux suppl\u00e9mentaires pour un jeu prolong\u00e9<\/li>\n<li>D\u00e9corez votre bureau avec des fonds d\u2019\u00e9cran exclusifs<\/li>\n<li>Plongez dans la musique captivante<\/li>\n<li>Naviguez facilement dans tous les niveaux \u00e0 l\u2019aide des cartes de cache<\/li>\n<li>Profitez d\u2019un guidage automatique d\u2019ach\u00e8vement de niveau pour une progression sans faille<\/li>\n<\/ul>\n","protected":false},"excerpt":{"rendered":"<p>Poursuivez les aventures palpitantes des courageux Romains alors qu\u2019ils traversent les myst\u00e9rieux portails de Roads of Rome&nbsp;: Portals 3 Collector\u2019s Edition.<\/p>\n","protected":false},"author":79,"featured_media":71317,"comment_status":"open","ping_status":"closed","template":"","meta":{"_acf_changed":false,"inline_featured_image":false},"product_brand":[],"product_cat":[216],"product_tag":[287],"class_list":{"0":"post-129867","1":"product","2":"type-product","3":"status-publish","4":"has-post-thumbnail","6":"product_cat-time-management-fr","7":"product_tag-play-on-pc-fr","9":"first","10":"instock","11":"shipping-taxable","12":"purchasable","13":"product-type-simple"},"acf":[],"yoast_head":"<!-- This site is optimized with the Yoast SEO Premium plugin v25.2 (Yoast SEO v25.2) - https:\/\/yoast.com\/wordpress\/plugins\/seo\/ -->\n<title>Roads of Rome\u00a0: Portals 3 Collector\u2019s Edition - Les aventures des Romains continuent dans Roads of Rome\u00a0: Portals 3 CE<\/title>\n<meta name=\"description\" content=\"Poursuivez les aventures palpitantes des courageux Romains alors qu\u2019ils traversent les myst\u00e9rieux portails de Roads of Rome&nbsp;: Portals 3 Collector\u2019s Edition.\" \/>\n<meta name=\"robots\" content=\"index, follow, max-snippet:-1, max-image-preview:large, max-video-preview:-1\" \/>\n<link rel=\"canonical\" href=\"https:\/\/www.iplay.com\/fr\/games\/roads-of-rome-portals-3-collectors-edition\/\" \/>\n<meta property=\"og:locale\" content=\"fr_FR\" \/>\n<meta property=\"og:type\" content=\"article\" \/>\n<meta property=\"og:title\" content=\"Roads of Rome: Portals 3 Collector&#039;s Edition\" \/>\n<meta property=\"og:description\" content=\"Poursuivez les aventures palpitantes des courageux Romains alors qu\u2019ils traversent les myst\u00e9rieux portails de Roads of Rome&nbsp;: Portals 3 Collector\u2019s Edition.\" \/>\n<meta property=\"og:url\" content=\"https:\/\/www.iplay.com\/fr\/games\/roads-of-rome-portals-3-collectors-edition\/\" \/>\n<meta property=\"og:site_name\" content=\"IPlay\" \/>\n<meta property=\"og:image\" content=\"https:\/\/www.iplay.com\/wp-content\/uploads\/2023\/12\/large_square_tile_image-1947.jpg\" \/>\n\t<meta property=\"og:image:width\" content=\"310\" \/>\n\t<meta property=\"og:image:height\" content=\"310\" \/>\n\t<meta property=\"og:image:type\" content=\"image\/jpeg\" \/>\n<meta name=\"twitter:card\" content=\"summary_large_image\" \/>\n<meta name=\"twitter:label1\" content=\"Dur\u00e9e de lecture estim\u00e9e\" \/>\n\t<meta name=\"twitter:data1\" content=\"1 minute\" \/>\n<script type=\"application\/ld+json\" class=\"yoast-schema-graph\">{\"@context\":\"https:\/\/schema.org\",\"@graph\":[{\"@type\":\"WebPage\",\"@id\":\"https:\/\/www.iplay.com\/fr\/games\/roads-of-rome-portals-3-collectors-edition\/\",\"url\":\"https:\/\/www.iplay.com\/fr\/games\/roads-of-rome-portals-3-collectors-edition\/\",\"name\":\"Roads of Rome\u00a0: Portals 3 Collector\u2019s Edition - Les aventures des Romains continuent dans Roads of Rome\u00a0: Portals 3 CE\",\"isPartOf\":{\"@id\":\"https:\/\/www.iplay.com\/en\/#website\"},\"primaryImageOfPage\":{\"@id\":\"https:\/\/www.iplay.com\/fr\/games\/roads-of-rome-portals-3-collectors-edition\/#primaryimage\"},\"image\":{\"@id\":\"https:\/\/www.iplay.com\/fr\/games\/roads-of-rome-portals-3-collectors-edition\/#primaryimage\"},\"thumbnailUrl\":\"https:\/\/www.iplay.com\/wp-content\/uploads\/2023\/12\/large_square_tile_image-1947.jpg\",\"datePublished\":\"2023-11-10T00:00:00+00:00\",\"description\":\"Poursuivez les aventures palpitantes des courageux Romains alors qu\u2019ils traversent les myst\u00e9rieux portails de Roads of Rome&nbsp;: Portals 3 Collector\u2019s Edition.\",\"breadcrumb\":{\"@id\":\"https:\/\/www.iplay.com\/fr\/games\/roads-of-rome-portals-3-collectors-edition\/#breadcrumb\"},\"inLanguage\":\"fr-FR\",\"potentialAction\":[{\"@type\":\"ReadAction\",\"target\":[\"https:\/\/www.iplay.com\/fr\/games\/roads-of-rome-portals-3-collectors-edition\/\"]}]},{\"@type\":\"ImageObject\",\"inLanguage\":\"fr-FR\",\"@id\":\"https:\/\/www.iplay.com\/fr\/games\/roads-of-rome-portals-3-collectors-edition\/#primaryimage\",\"url\":\"https:\/\/www.iplay.com\/wp-content\/uploads\/2023\/12\/large_square_tile_image-1947.jpg\",\"contentUrl\":\"https:\/\/www.iplay.com\/wp-content\/uploads\/2023\/12\/large_square_tile_image-1947.jpg\",\"width\":310,\"height\":310},{\"@type\":\"BreadcrumbList\",\"@id\":\"https:\/\/www.iplay.com\/fr\/games\/roads-of-rome-portals-3-collectors-edition\/#breadcrumb\",\"itemListElement\":[{\"@type\":\"ListItem\",\"position\":1,\"name\":\"Home\",\"item\":\"https:\/\/www.iplay.com\/fr\/home-page-2\/\"},{\"@type\":\"ListItem\",\"position\":2,\"name\":\"Shop\",\"item\":\"https:\/\/www.iplay.com\/en\/shop\/\"},{\"@type\":\"ListItem\",\"position\":3,\"name\":\"Roads of Rome: Portals 3 Collector&#8217;s Edition\"}]},{\"@type\":\"WebSite\",\"@id\":\"https:\/\/www.iplay.com\/en\/#website\",\"url\":\"https:\/\/www.iplay.com\/en\/\",\"name\":\"IPlay\",\"description\":\"The Best Casual Games!\",\"publisher\":{\"@id\":\"https:\/\/www.iplay.com\/en\/#organization\"},\"potentialAction\":[{\"@type\":\"SearchAction\",\"target\":{\"@type\":\"EntryPoint\",\"urlTemplate\":\"https:\/\/www.iplay.com\/en\/?s={search_term_string}\"},\"query-input\":{\"@type\":\"PropertyValueSpecification\",\"valueRequired\":true,\"valueName\":\"search_term_string\"}}],\"inLanguage\":\"fr-FR\"},{\"@type\":\"Organization\",\"@id\":\"https:\/\/www.iplay.com\/en\/#organization\",\"name\":\"IPlay\",\"url\":\"https:\/\/www.iplay.com\/en\/\",\"logo\":{\"@type\":\"ImageObject\",\"inLanguage\":\"fr-FR\",\"@id\":\"https:\/\/www.iplay.com\/en\/#\/schema\/logo\/image\/\",\"url\":\"https:\/\/www.iplay.com\/wp-content\/uploads\/2023\/11\/Group-6100.svg\",\"contentUrl\":\"https:\/\/www.iplay.com\/wp-content\/uploads\/2023\/11\/Group-6100.svg\",\"width\":98,\"height\":25,\"caption\":\"IPlay\"},\"image\":{\"@id\":\"https:\/\/www.iplay.com\/en\/#\/schema\/logo\/image\/\"}}]}<\/script>\n<!-- \/ Yoast SEO Premium plugin. -->","yoast_head_json":{"title":"Roads of Rome\u00a0: Portals 3 Collector\u2019s Edition - Les aventures des Romains continuent dans Roads of Rome\u00a0: Portals 3 CE","description":"Poursuivez les aventures palpitantes des courageux Romains alors qu\u2019ils traversent les myst\u00e9rieux portails de Roads of Rome&nbsp;: Portals 3 Collector\u2019s Edition.","robots":{"index":"index","follow":"follow","max-snippet":"max-snippet:-1","max-image-preview":"max-image-preview:large","max-video-preview":"max-video-preview:-1"},"canonical":"https:\/\/www.iplay.com\/fr\/games\/roads-of-rome-portals-3-collectors-edition\/","og_locale":"fr_FR","og_type":"article","og_title":"Roads of Rome: Portals 3 Collector's Edition","og_description":"Poursuivez les aventures palpitantes des courageux Romains alors qu\u2019ils traversent les myst\u00e9rieux portails de Roads of Rome&nbsp;: Portals 3 Collector\u2019s Edition.","og_url":"https:\/\/www.iplay.com\/fr\/games\/roads-of-rome-portals-3-collectors-edition\/","og_site_name":"IPlay","og_image":[{"width":310,"height":310,"url":"https:\/\/www.iplay.com\/wp-content\/uploads\/2023\/12\/large_square_tile_image-1947.jpg","type":"image\/jpeg"}],"twitter_card":"summary_large_image","twitter_misc":{"Dur\u00e9e de lecture estim\u00e9e":"1 minute"},"schema":{"@context":"https:\/\/schema.org","@graph":[{"@type":"WebPage","@id":"https:\/\/www.iplay.com\/fr\/games\/roads-of-rome-portals-3-collectors-edition\/","url":"https:\/\/www.iplay.com\/fr\/games\/roads-of-rome-portals-3-collectors-edition\/","name":"Roads of Rome\u00a0: Portals 3 Collector\u2019s Edition - Les aventures des Romains continuent dans Roads of Rome\u00a0: Portals 3 CE","isPartOf":{"@id":"https:\/\/www.iplay.com\/en\/#website"},"primaryImageOfPage":{"@id":"https:\/\/www.iplay.com\/fr\/games\/roads-of-rome-portals-3-collectors-edition\/#primaryimage"},"image":{"@id":"https:\/\/www.iplay.com\/fr\/games\/roads-of-rome-portals-3-collectors-edition\/#primaryimage"},"thumbnailUrl":"https:\/\/www.iplay.com\/wp-content\/uploads\/2023\/12\/large_square_tile_image-1947.jpg","datePublished":"2023-11-10T00:00:00+00:00","description":"Poursuivez les aventures palpitantes des courageux Romains alors qu\u2019ils traversent les myst\u00e9rieux portails de Roads of Rome&nbsp;: Portals 3 Collector\u2019s Edition.","breadcrumb":{"@id":"https:\/\/www.iplay.com\/fr\/games\/roads-of-rome-portals-3-collectors-edition\/#breadcrumb"},"inLanguage":"fr-FR","potentialAction":[{"@type":"ReadAction","target":["https:\/\/www.iplay.com\/fr\/games\/roads-of-rome-portals-3-collectors-edition\/"]}]},{"@type":"ImageObject","inLanguage":"fr-FR","@id":"https:\/\/www.iplay.com\/fr\/games\/roads-of-rome-portals-3-collectors-edition\/#primaryimage","url":"https:\/\/www.iplay.com\/wp-content\/uploads\/2023\/12\/large_square_tile_image-1947.jpg","contentUrl":"https:\/\/www.iplay.com\/wp-content\/uploads\/2023\/12\/large_square_tile_image-1947.jpg","width":310,"height":310},{"@type":"BreadcrumbList","@id":"https:\/\/www.iplay.com\/fr\/games\/roads-of-rome-portals-3-collectors-edition\/#breadcrumb","itemListElement":[{"@type":"ListItem","position":1,"name":"Home","item":"https:\/\/www.iplay.com\/fr\/home-page-2\/"},{"@type":"ListItem","position":2,"name":"Shop","item":"https:\/\/www.iplay.com\/en\/shop\/"},{"@type":"ListItem","position":3,"name":"Roads of Rome: Portals 3 Collector&#8217;s Edition"}]},{"@type":"WebSite","@id":"https:\/\/www.iplay.com\/en\/#website","url":"https:\/\/www.iplay.com\/en\/","name":"IPlay","description":"The Best Casual Games!","publisher":{"@id":"https:\/\/www.iplay.com\/en\/#organization"},"potentialAction":[{"@type":"SearchAction","target":{"@type":"EntryPoint","urlTemplate":"https:\/\/www.iplay.com\/en\/?s={search_term_string}"},"query-input":{"@type":"PropertyValueSpecification","valueRequired":true,"valueName":"search_term_string"}}],"inLanguage":"fr-FR"},{"@type":"Organization","@id":"https:\/\/www.iplay.com\/en\/#organization","name":"IPlay","url":"https:\/\/www.iplay.com\/en\/","logo":{"@type":"ImageObject","inLanguage":"fr-FR","@id":"https:\/\/www.iplay.com\/en\/#\/schema\/logo\/image\/","url":"https:\/\/www.iplay.com\/wp-content\/uploads\/2023\/11\/Group-6100.svg","contentUrl":"https:\/\/www.iplay.com\/wp-content\/uploads\/2023\/11\/Group-6100.svg","width":98,"height":25,"caption":"IPlay"},"image":{"@id":"https:\/\/www.iplay.com\/en\/#\/schema\/logo\/image\/"}}]}},"_links":{"self":[{"href":"https:\/\/www.iplay.com\/fr\/wp-json\/wp\/v2\/product\/129867","targetHints":{"allow":["GET"]}}],"collection":[{"href":"https:\/\/www.iplay.com\/fr\/wp-json\/wp\/v2\/product"}],"about":[{"href":"https:\/\/www.iplay.com\/fr\/wp-json\/wp\/v2\/types\/product"}],"author":[{"embeddable":true,"href":"https:\/\/www.iplay.com\/fr\/wp-json\/wp\/v2\/users\/79"}],"replies":[{"embeddable":true,"href":"https:\/\/www.iplay.com\/fr\/wp-json\/wp\/v2\/comments?post=129867"}],"wp:featuredmedia":[{"embeddable":true,"href":"https:\/\/www.iplay.com\/fr\/wp-json\/wp\/v2\/media\/71317"}],"wp:attachment":[{"href":"https:\/\/www.iplay.com\/fr\/wp-json\/wp\/v2\/media?parent=129867"}],"wp:term":[{"taxonomy":"product_brand","embeddable":true,"href":"https:\/\/www.iplay.com\/fr\/wp-json\/wp\/v2\/product_brand?post=129867"},{"taxonomy":"product_cat","embeddable":true,"href":"https:\/\/www.iplay.com\/fr\/wp-json\/wp\/v2\/product_cat?post=129867"},{"taxonomy":"product_tag","embeddable":true,"href":"https:\/\/www.iplay.com\/fr\/wp-json\/wp\/v2\/product_tag?post=129867"}],"curies":[{"name":"wp","href":"https:\/\/api.w.org\/{rel}","templated":true}]}}