{"id":129847,"date":"2023-11-03T00:00:01","date_gmt":"2023-11-03T00:00:01","guid":{"rendered":"https:\/\/www.iplay.com\/games\/helga-the-viking-warrior-4-the-battle-for-alfheim\/"},"modified":"2023-11-03T00:00:01","modified_gmt":"2023-11-03T00:00:01","slug":"helga-the-viking-warrior-4-the-battle-for-alfheim","status":"publish","type":"product","link":"https:\/\/www.iplay.com\/fr\/games\/helga-the-viking-warrior-4-the-battle-for-alfheim\/","title":{"rendered":"Helga the Viking Warrior 4: The Battle for Alfheim"},"content":{"rendered":"<p>En tant que vierge de bouclier, Helga \u00e9tait cens\u00e9e entrer au Valhalla et \u00eatre ressuscit\u00e9e aux c\u00f4t\u00e9s des autres soldats tomb\u00e9s au combat, mais elle n\u2019a pas pu le faire. Parce qu\u2019elle soup\u00e7onnait la malhonn\u00eatet\u00e9, Helena \u00e9tait aveugle au complot qui l\u2019entourait jusqu\u2019\u00e0 ce qu\u2019il soit trop tard. En raison de l\u2019invocation magique d\u2019Helga pour ressusciter le monstre Ymir, la plan\u00e8te Alfheim sombre involontairement dans le chaos et la destruction. Elle prend maintenant la d\u00e9cision de se battre aux c\u00f4t\u00e9s des dieux et de faire tout ce qu\u2019il faut pour finalement vaincre Ymir.  <\/p>\n<p>&nbsp;<\/p>\n<p>Fonctionnalit\u00e9s<\/p>\n<p>&nbsp;<\/p>\n<p>R\u00e9solvez trois \u00e9nigmes pour gagner les mat\u00e9riaux dont vous avez besoin pour chaque nouvelle am\u00e9lioration dans ce jeu divertissant.<\/p>\n<p>&nbsp;<\/p>\n<p>D\u00e9bloquez 20 am\u00e9liorations r\u00e9parties sur 5 chapitres pour observer comment l\u2019histoire progresse \u00e0 chaque tour.<\/p>\n<p>&nbsp;<\/p>\n<p>Partez pour une nouvelle aventure avec Helga \u00e0 travers la mythologie nordique, o\u00f9 elle rencontrera Ymir, Thor, Loki et d\u2019autres personnages bien connus.<\/p>\n<p>&nbsp;<\/p>\n<p>Profitez d\u2019une histoire qui r\u00e9invente une mythologie bien connue et aidez Helga \u00e0 r\u00e9tablir l\u2019harmonie chez Alfheim.<\/p>\n","protected":false},"excerpt":{"rendered":"<p>Accompagnez Helga dans sa derni\u00e8re mission pour prot\u00e9ger Alfheim !<\/p>\n","protected":false},"author":42,"featured_media":71397,"comment_status":"open","ping_status":"closed","template":"","meta":{"_acf_changed":false,"inline_featured_image":false},"product_brand":[],"product_cat":[193],"product_tag":[],"class_list":{"0":"post-129847","1":"product","2":"type-product","3":"status-publish","4":"has-post-thumbnail","6":"product_cat-puzzle-fr","8":"first","9":"instock","10":"shipping-taxable","11":"purchasable","12":"product-type-simple"},"acf":[],"yoast_head":"<!-- This site is optimized with the Yoast SEO Premium plugin v25.2 (Yoast SEO v25.2) - https:\/\/yoast.com\/wordpress\/plugins\/seo\/ -->\n<title>Helga the Viking Warrior 4\u00a0: The Battle for Alfheim - Rejoignez Helga dans une qu\u00eate pour prot\u00e9ger Alfheim<\/title>\n<meta name=\"description\" content=\"Accompagnez Helga dans sa derni\u00e8re mission pour prot\u00e9ger Alfheim !\" \/>\n<meta name=\"robots\" content=\"index, follow, max-snippet:-1, max-image-preview:large, max-video-preview:-1\" \/>\n<link rel=\"canonical\" href=\"https:\/\/www.iplay.com\/fr\/games\/helga-the-viking-warrior-4-the-battle-for-alfheim\/\" \/>\n<meta property=\"og:locale\" content=\"fr_FR\" \/>\n<meta property=\"og:type\" content=\"article\" \/>\n<meta property=\"og:title\" content=\"Helga the Viking Warrior 4: The Battle for Alfheim\" \/>\n<meta property=\"og:description\" content=\"Accompagnez Helga dans sa derni\u00e8re mission pour prot\u00e9ger Alfheim !\" \/>\n<meta property=\"og:url\" content=\"https:\/\/www.iplay.com\/fr\/games\/helga-the-viking-warrior-4-the-battle-for-alfheim\/\" \/>\n<meta property=\"og:site_name\" content=\"IPlay\" \/>\n<meta property=\"og:image\" content=\"https:\/\/www.iplay.com\/wp-content\/uploads\/2023\/12\/large_square_tile_image-1952.jpg\" \/>\n\t<meta property=\"og:image:width\" content=\"310\" \/>\n\t<meta property=\"og:image:height\" content=\"310\" \/>\n\t<meta property=\"og:image:type\" content=\"image\/jpeg\" \/>\n<meta name=\"twitter:card\" content=\"summary_large_image\" \/>\n<meta name=\"twitter:label1\" content=\"Dur\u00e9e de lecture estim\u00e9e\" \/>\n\t<meta name=\"twitter:data1\" content=\"1 minute\" \/>\n<script type=\"application\/ld+json\" class=\"yoast-schema-graph\">{\"@context\":\"https:\/\/schema.org\",\"@graph\":[{\"@type\":\"WebPage\",\"@id\":\"https:\/\/www.iplay.com\/fr\/games\/helga-the-viking-warrior-4-the-battle-for-alfheim\/\",\"url\":\"https:\/\/www.iplay.com\/fr\/games\/helga-the-viking-warrior-4-the-battle-for-alfheim\/\",\"name\":\"Helga the Viking Warrior 4\u00a0: The Battle for Alfheim - Rejoignez Helga dans une qu\u00eate pour prot\u00e9ger Alfheim\",\"isPartOf\":{\"@id\":\"https:\/\/www.iplay.com\/en\/#website\"},\"primaryImageOfPage\":{\"@id\":\"https:\/\/www.iplay.com\/fr\/games\/helga-the-viking-warrior-4-the-battle-for-alfheim\/#primaryimage\"},\"image\":{\"@id\":\"https:\/\/www.iplay.com\/fr\/games\/helga-the-viking-warrior-4-the-battle-for-alfheim\/#primaryimage\"},\"thumbnailUrl\":\"https:\/\/www.iplay.com\/wp-content\/uploads\/2023\/12\/large_square_tile_image-1952.jpg\",\"datePublished\":\"2023-11-03T00:00:01+00:00\",\"description\":\"Accompagnez Helga dans sa derni\u00e8re mission pour prot\u00e9ger Alfheim !\",\"breadcrumb\":{\"@id\":\"https:\/\/www.iplay.com\/fr\/games\/helga-the-viking-warrior-4-the-battle-for-alfheim\/#breadcrumb\"},\"inLanguage\":\"fr-FR\",\"potentialAction\":[{\"@type\":\"ReadAction\",\"target\":[\"https:\/\/www.iplay.com\/fr\/games\/helga-the-viking-warrior-4-the-battle-for-alfheim\/\"]}]},{\"@type\":\"ImageObject\",\"inLanguage\":\"fr-FR\",\"@id\":\"https:\/\/www.iplay.com\/fr\/games\/helga-the-viking-warrior-4-the-battle-for-alfheim\/#primaryimage\",\"url\":\"https:\/\/www.iplay.com\/wp-content\/uploads\/2023\/12\/large_square_tile_image-1952.jpg\",\"contentUrl\":\"https:\/\/www.iplay.com\/wp-content\/uploads\/2023\/12\/large_square_tile_image-1952.jpg\",\"width\":310,\"height\":310},{\"@type\":\"BreadcrumbList\",\"@id\":\"https:\/\/www.iplay.com\/fr\/games\/helga-the-viking-warrior-4-the-battle-for-alfheim\/#breadcrumb\",\"itemListElement\":[{\"@type\":\"ListItem\",\"position\":1,\"name\":\"Home\",\"item\":\"https:\/\/www.iplay.com\/fr\/home-page-2\/\"},{\"@type\":\"ListItem\",\"position\":2,\"name\":\"Shop\",\"item\":\"https:\/\/www.iplay.com\/en\/shop\/\"},{\"@type\":\"ListItem\",\"position\":3,\"name\":\"Helga the Viking Warrior 4: The Battle for Alfheim\"}]},{\"@type\":\"WebSite\",\"@id\":\"https:\/\/www.iplay.com\/en\/#website\",\"url\":\"https:\/\/www.iplay.com\/en\/\",\"name\":\"IPlay\",\"description\":\"The Best Casual Games!\",\"publisher\":{\"@id\":\"https:\/\/www.iplay.com\/en\/#organization\"},\"potentialAction\":[{\"@type\":\"SearchAction\",\"target\":{\"@type\":\"EntryPoint\",\"urlTemplate\":\"https:\/\/www.iplay.com\/en\/?s={search_term_string}\"},\"query-input\":{\"@type\":\"PropertyValueSpecification\",\"valueRequired\":true,\"valueName\":\"search_term_string\"}}],\"inLanguage\":\"fr-FR\"},{\"@type\":\"Organization\",\"@id\":\"https:\/\/www.iplay.com\/en\/#organization\",\"name\":\"IPlay\",\"url\":\"https:\/\/www.iplay.com\/en\/\",\"logo\":{\"@type\":\"ImageObject\",\"inLanguage\":\"fr-FR\",\"@id\":\"https:\/\/www.iplay.com\/en\/#\/schema\/logo\/image\/\",\"url\":\"https:\/\/www.iplay.com\/wp-content\/uploads\/2023\/11\/Group-6100.svg\",\"contentUrl\":\"https:\/\/www.iplay.com\/wp-content\/uploads\/2023\/11\/Group-6100.svg\",\"width\":98,\"height\":25,\"caption\":\"IPlay\"},\"image\":{\"@id\":\"https:\/\/www.iplay.com\/en\/#\/schema\/logo\/image\/\"}}]}<\/script>\n<!-- \/ Yoast SEO Premium plugin. -->","yoast_head_json":{"title":"Helga the Viking Warrior 4\u00a0: The Battle for Alfheim - Rejoignez Helga dans une qu\u00eate pour prot\u00e9ger Alfheim","description":"Accompagnez Helga dans sa derni\u00e8re mission pour prot\u00e9ger Alfheim !","robots":{"index":"index","follow":"follow","max-snippet":"max-snippet:-1","max-image-preview":"max-image-preview:large","max-video-preview":"max-video-preview:-1"},"canonical":"https:\/\/www.iplay.com\/fr\/games\/helga-the-viking-warrior-4-the-battle-for-alfheim\/","og_locale":"fr_FR","og_type":"article","og_title":"Helga the Viking Warrior 4: The Battle for Alfheim","og_description":"Accompagnez Helga dans sa derni\u00e8re mission pour prot\u00e9ger Alfheim !","og_url":"https:\/\/www.iplay.com\/fr\/games\/helga-the-viking-warrior-4-the-battle-for-alfheim\/","og_site_name":"IPlay","og_image":[{"width":310,"height":310,"url":"https:\/\/www.iplay.com\/wp-content\/uploads\/2023\/12\/large_square_tile_image-1952.jpg","type":"image\/jpeg"}],"twitter_card":"summary_large_image","twitter_misc":{"Dur\u00e9e de lecture estim\u00e9e":"1 minute"},"schema":{"@context":"https:\/\/schema.org","@graph":[{"@type":"WebPage","@id":"https:\/\/www.iplay.com\/fr\/games\/helga-the-viking-warrior-4-the-battle-for-alfheim\/","url":"https:\/\/www.iplay.com\/fr\/games\/helga-the-viking-warrior-4-the-battle-for-alfheim\/","name":"Helga the Viking Warrior 4\u00a0: The Battle for Alfheim - Rejoignez Helga dans une qu\u00eate pour prot\u00e9ger Alfheim","isPartOf":{"@id":"https:\/\/www.iplay.com\/en\/#website"},"primaryImageOfPage":{"@id":"https:\/\/www.iplay.com\/fr\/games\/helga-the-viking-warrior-4-the-battle-for-alfheim\/#primaryimage"},"image":{"@id":"https:\/\/www.iplay.com\/fr\/games\/helga-the-viking-warrior-4-the-battle-for-alfheim\/#primaryimage"},"thumbnailUrl":"https:\/\/www.iplay.com\/wp-content\/uploads\/2023\/12\/large_square_tile_image-1952.jpg","datePublished":"2023-11-03T00:00:01+00:00","description":"Accompagnez Helga dans sa derni\u00e8re mission pour prot\u00e9ger Alfheim !","breadcrumb":{"@id":"https:\/\/www.iplay.com\/fr\/games\/helga-the-viking-warrior-4-the-battle-for-alfheim\/#breadcrumb"},"inLanguage":"fr-FR","potentialAction":[{"@type":"ReadAction","target":["https:\/\/www.iplay.com\/fr\/games\/helga-the-viking-warrior-4-the-battle-for-alfheim\/"]}]},{"@type":"ImageObject","inLanguage":"fr-FR","@id":"https:\/\/www.iplay.com\/fr\/games\/helga-the-viking-warrior-4-the-battle-for-alfheim\/#primaryimage","url":"https:\/\/www.iplay.com\/wp-content\/uploads\/2023\/12\/large_square_tile_image-1952.jpg","contentUrl":"https:\/\/www.iplay.com\/wp-content\/uploads\/2023\/12\/large_square_tile_image-1952.jpg","width":310,"height":310},{"@type":"BreadcrumbList","@id":"https:\/\/www.iplay.com\/fr\/games\/helga-the-viking-warrior-4-the-battle-for-alfheim\/#breadcrumb","itemListElement":[{"@type":"ListItem","position":1,"name":"Home","item":"https:\/\/www.iplay.com\/fr\/home-page-2\/"},{"@type":"ListItem","position":2,"name":"Shop","item":"https:\/\/www.iplay.com\/en\/shop\/"},{"@type":"ListItem","position":3,"name":"Helga the Viking Warrior 4: The Battle for Alfheim"}]},{"@type":"WebSite","@id":"https:\/\/www.iplay.com\/en\/#website","url":"https:\/\/www.iplay.com\/en\/","name":"IPlay","description":"The Best Casual Games!","publisher":{"@id":"https:\/\/www.iplay.com\/en\/#organization"},"potentialAction":[{"@type":"SearchAction","target":{"@type":"EntryPoint","urlTemplate":"https:\/\/www.iplay.com\/en\/?s={search_term_string}"},"query-input":{"@type":"PropertyValueSpecification","valueRequired":true,"valueName":"search_term_string"}}],"inLanguage":"fr-FR"},{"@type":"Organization","@id":"https:\/\/www.iplay.com\/en\/#organization","name":"IPlay","url":"https:\/\/www.iplay.com\/en\/","logo":{"@type":"ImageObject","inLanguage":"fr-FR","@id":"https:\/\/www.iplay.com\/en\/#\/schema\/logo\/image\/","url":"https:\/\/www.iplay.com\/wp-content\/uploads\/2023\/11\/Group-6100.svg","contentUrl":"https:\/\/www.iplay.com\/wp-content\/uploads\/2023\/11\/Group-6100.svg","width":98,"height":25,"caption":"IPlay"},"image":{"@id":"https:\/\/www.iplay.com\/en\/#\/schema\/logo\/image\/"}}]}},"_links":{"self":[{"href":"https:\/\/www.iplay.com\/fr\/wp-json\/wp\/v2\/product\/129847","targetHints":{"allow":["GET"]}}],"collection":[{"href":"https:\/\/www.iplay.com\/fr\/wp-json\/wp\/v2\/product"}],"about":[{"href":"https:\/\/www.iplay.com\/fr\/wp-json\/wp\/v2\/types\/product"}],"author":[{"embeddable":true,"href":"https:\/\/www.iplay.com\/fr\/wp-json\/wp\/v2\/users\/42"}],"replies":[{"embeddable":true,"href":"https:\/\/www.iplay.com\/fr\/wp-json\/wp\/v2\/comments?post=129847"}],"wp:featuredmedia":[{"embeddable":true,"href":"https:\/\/www.iplay.com\/fr\/wp-json\/wp\/v2\/media\/71397"}],"wp:attachment":[{"href":"https:\/\/www.iplay.com\/fr\/wp-json\/wp\/v2\/media?parent=129847"}],"wp:term":[{"taxonomy":"product_brand","embeddable":true,"href":"https:\/\/www.iplay.com\/fr\/wp-json\/wp\/v2\/product_brand?post=129847"},{"taxonomy":"product_cat","embeddable":true,"href":"https:\/\/www.iplay.com\/fr\/wp-json\/wp\/v2\/product_cat?post=129847"},{"taxonomy":"product_tag","embeddable":true,"href":"https:\/\/www.iplay.com\/fr\/wp-json\/wp\/v2\/product_tag?post=129847"}],"curies":[{"name":"wp","href":"https:\/\/api.w.org\/{rel}","templated":true}]}}