{"id":129846,"date":"2023-11-06T00:00:00","date_gmt":"2023-11-06T00:00:00","guid":{"rendered":"https:\/\/www.iplay.com\/games\/pirates-adventure-solitaire\/"},"modified":"2025-05-13T22:07:18","modified_gmt":"2025-05-13T22:07:18","slug":"pirates-adventure-solitaire","status":"publish","type":"product","link":"https:\/\/www.iplay.com\/fr\/games\/pirates-adventure-solitaire\/","title":{"rendered":"Pirates Adventure Solitaire"},"content":{"rendered":"<p>Un groupe de pirates courageux et leur l\u00e9gendaire chef sont sur le point d\u2019atteindre des richesses insondables ! Mais il n\u2019est pas facile de trouver un tr\u00e9sor. Le capitaine Inigo Martinez et son groupe de pirates ont besoin d\u2019aide. Dans leur mission de trouver un tr\u00e9sor merveilleux, nos marins exp\u00e9riment\u00e9s rencontreront le danger en haute mer, exploreront des r\u00e9gions lointaines et \u00e9nigmatiques des oc\u00e9ans, et bien plus encore. N\u2019oubliez pas : un pirate n\u2019est jamais vaincu ! Pas d\u2019une bataille navale f\u00e9roce, d\u2019un monstre mena\u00e7ant ou d\u2019une violente temp\u00eate ! Jouez \u00e0 200 jeux de solitaire diff\u00e9rents au niveau de difficult\u00e9 de votre choix. Accompagnez les pirates \u00e0 la recherche du tr\u00e9sor l\u00e9gendaire !      <\/p>\n<p><strong>Fonctionnalit\u00e9s:<\/strong><br \/>\n&#8211; Suivez l\u2019histoire de pirates \u00e0 la recherche d\u2019un tr\u00e9sor pr\u00e9cieux !<br \/>\n&#8211; Une forme unique de solitaire comprenant une histoire captivante !<br \/>\n&#8211; Facile \u00e0 comprendre et amusant \u00e0 jouer !<br \/>\n&#8211; Faites le combo le plus fort possible afin de gagner des bonus !<br \/>\n&#8211; Soutien en jeu et incitations pour acc\u00e9l\u00e9rer votre progression !<br \/>\n&#8211; Cherchez la richesse l\u00e9gendaire&nbsp;!200 jeux de solitaire fantastiques et uniques&nbsp;!<br \/>\n&#8211; Cr\u00e9ez-vous des objectifs pour d\u00e9passer les obstacles !<\/p>\n","protected":false},"excerpt":{"rendered":"<p>Un gameplay cr\u00e9atif avec une intrigue myst\u00e9rieuse ! Dans Pirates Adventure Solitaire, enr\u00f4lez-vous dans un gang de pirates ! <\/p>\n","protected":false},"author":39,"featured_media":71381,"comment_status":"open","ping_status":"closed","template":"","meta":{"_acf_changed":false,"inline_featured_image":false},"product_brand":[],"product_cat":[155,207],"product_tag":[287],"class_list":{"0":"post-129846","1":"product","2":"type-product","3":"status-publish","4":"has-post-thumbnail","6":"product_cat-card-fr-2","7":"product_cat-solitaire-fr","8":"product_tag-play-on-pc-fr","10":"first","11":"instock","12":"shipping-taxable","13":"purchasable","14":"product-type-simple"},"acf":[],"yoast_head":"<!-- This site is optimized with the Yoast SEO Premium plugin v25.2 (Yoast SEO v25.2) - https:\/\/yoast.com\/wordpress\/plugins\/seo\/ -->\n<title>Pirates Adventure Solitaire - Explorez un sc\u00e9nario voil\u00e9<\/title>\n<meta name=\"description\" content=\"Un gameplay cr\u00e9atif avec une intrigue myst\u00e9rieuse ! Dans Pirates Adventure Solitaire, enr\u00f4lez-vous dans un gang de pirates !\" \/>\n<meta name=\"robots\" content=\"index, follow, max-snippet:-1, max-image-preview:large, max-video-preview:-1\" \/>\n<link rel=\"canonical\" href=\"https:\/\/www.iplay.com\/fr\/games\/pirates-adventure-solitaire\/\" \/>\n<meta property=\"og:locale\" content=\"fr_FR\" \/>\n<meta property=\"og:type\" content=\"article\" \/>\n<meta property=\"og:title\" content=\"Pirates Adventure Solitaire\" \/>\n<meta property=\"og:description\" content=\"Un gameplay cr\u00e9atif avec une intrigue myst\u00e9rieuse ! Dans Pirates Adventure Solitaire, enr\u00f4lez-vous dans un gang de pirates !\" \/>\n<meta property=\"og:url\" content=\"https:\/\/www.iplay.com\/fr\/games\/pirates-adventure-solitaire\/\" \/>\n<meta property=\"og:site_name\" content=\"IPlay\" \/>\n<meta property=\"article:modified_time\" content=\"2025-05-13T22:07:18+00:00\" \/>\n<meta property=\"og:image\" content=\"https:\/\/www.iplay.com\/wp-content\/uploads\/2023\/12\/large_square_tile_image-1951.jpg\" \/>\n\t<meta property=\"og:image:width\" content=\"310\" \/>\n\t<meta property=\"og:image:height\" content=\"310\" \/>\n\t<meta property=\"og:image:type\" content=\"image\/jpeg\" \/>\n<meta name=\"twitter:card\" content=\"summary_large_image\" \/>\n<meta name=\"twitter:label1\" content=\"Dur\u00e9e de lecture estim\u00e9e\" \/>\n\t<meta name=\"twitter:data1\" content=\"1 minute\" \/>\n<script type=\"application\/ld+json\" class=\"yoast-schema-graph\">{\"@context\":\"https:\/\/schema.org\",\"@graph\":[{\"@type\":\"WebPage\",\"@id\":\"https:\/\/www.iplay.com\/fr\/games\/pirates-adventure-solitaire\/\",\"url\":\"https:\/\/www.iplay.com\/fr\/games\/pirates-adventure-solitaire\/\",\"name\":\"Pirates Adventure Solitaire - Explorez un sc\u00e9nario voil\u00e9\",\"isPartOf\":{\"@id\":\"https:\/\/www.iplay.com\/en\/#website\"},\"primaryImageOfPage\":{\"@id\":\"https:\/\/www.iplay.com\/fr\/games\/pirates-adventure-solitaire\/#primaryimage\"},\"image\":{\"@id\":\"https:\/\/www.iplay.com\/fr\/games\/pirates-adventure-solitaire\/#primaryimage\"},\"thumbnailUrl\":\"https:\/\/www.iplay.com\/wp-content\/uploads\/2023\/12\/large_square_tile_image-1951.jpg\",\"datePublished\":\"2023-11-06T00:00:00+00:00\",\"dateModified\":\"2025-05-13T22:07:18+00:00\",\"description\":\"Un gameplay cr\u00e9atif avec une intrigue myst\u00e9rieuse ! Dans Pirates Adventure Solitaire, enr\u00f4lez-vous dans un gang de pirates !\",\"breadcrumb\":{\"@id\":\"https:\/\/www.iplay.com\/fr\/games\/pirates-adventure-solitaire\/#breadcrumb\"},\"inLanguage\":\"fr-FR\",\"potentialAction\":[{\"@type\":\"ReadAction\",\"target\":[\"https:\/\/www.iplay.com\/fr\/games\/pirates-adventure-solitaire\/\"]}]},{\"@type\":\"ImageObject\",\"inLanguage\":\"fr-FR\",\"@id\":\"https:\/\/www.iplay.com\/fr\/games\/pirates-adventure-solitaire\/#primaryimage\",\"url\":\"https:\/\/www.iplay.com\/wp-content\/uploads\/2023\/12\/large_square_tile_image-1951.jpg\",\"contentUrl\":\"https:\/\/www.iplay.com\/wp-content\/uploads\/2023\/12\/large_square_tile_image-1951.jpg\",\"width\":310,\"height\":310},{\"@type\":\"BreadcrumbList\",\"@id\":\"https:\/\/www.iplay.com\/fr\/games\/pirates-adventure-solitaire\/#breadcrumb\",\"itemListElement\":[{\"@type\":\"ListItem\",\"position\":1,\"name\":\"Home\",\"item\":\"https:\/\/www.iplay.com\/fr\/home-page-2\/\"},{\"@type\":\"ListItem\",\"position\":2,\"name\":\"Shop\",\"item\":\"https:\/\/www.iplay.com\/en\/shop\/\"},{\"@type\":\"ListItem\",\"position\":3,\"name\":\"Pirates Adventure Solitaire\"}]},{\"@type\":\"WebSite\",\"@id\":\"https:\/\/www.iplay.com\/en\/#website\",\"url\":\"https:\/\/www.iplay.com\/en\/\",\"name\":\"IPlay\",\"description\":\"The Best Casual Games!\",\"publisher\":{\"@id\":\"https:\/\/www.iplay.com\/en\/#organization\"},\"potentialAction\":[{\"@type\":\"SearchAction\",\"target\":{\"@type\":\"EntryPoint\",\"urlTemplate\":\"https:\/\/www.iplay.com\/en\/?s={search_term_string}\"},\"query-input\":{\"@type\":\"PropertyValueSpecification\",\"valueRequired\":true,\"valueName\":\"search_term_string\"}}],\"inLanguage\":\"fr-FR\"},{\"@type\":\"Organization\",\"@id\":\"https:\/\/www.iplay.com\/en\/#organization\",\"name\":\"IPlay\",\"url\":\"https:\/\/www.iplay.com\/en\/\",\"logo\":{\"@type\":\"ImageObject\",\"inLanguage\":\"fr-FR\",\"@id\":\"https:\/\/www.iplay.com\/en\/#\/schema\/logo\/image\/\",\"url\":\"https:\/\/www.iplay.com\/wp-content\/uploads\/2023\/11\/Group-6100.svg\",\"contentUrl\":\"https:\/\/www.iplay.com\/wp-content\/uploads\/2023\/11\/Group-6100.svg\",\"width\":98,\"height\":25,\"caption\":\"IPlay\"},\"image\":{\"@id\":\"https:\/\/www.iplay.com\/en\/#\/schema\/logo\/image\/\"}}]}<\/script>\n<!-- \/ Yoast SEO Premium plugin. -->","yoast_head_json":{"title":"Pirates Adventure Solitaire - Explorez un sc\u00e9nario voil\u00e9","description":"Un gameplay cr\u00e9atif avec une intrigue myst\u00e9rieuse ! Dans Pirates Adventure Solitaire, enr\u00f4lez-vous dans un gang de pirates !","robots":{"index":"index","follow":"follow","max-snippet":"max-snippet:-1","max-image-preview":"max-image-preview:large","max-video-preview":"max-video-preview:-1"},"canonical":"https:\/\/www.iplay.com\/fr\/games\/pirates-adventure-solitaire\/","og_locale":"fr_FR","og_type":"article","og_title":"Pirates Adventure Solitaire","og_description":"Un gameplay cr\u00e9atif avec une intrigue myst\u00e9rieuse ! Dans Pirates Adventure Solitaire, enr\u00f4lez-vous dans un gang de pirates !","og_url":"https:\/\/www.iplay.com\/fr\/games\/pirates-adventure-solitaire\/","og_site_name":"IPlay","article_modified_time":"2025-05-13T22:07:18+00:00","og_image":[{"width":310,"height":310,"url":"https:\/\/www.iplay.com\/wp-content\/uploads\/2023\/12\/large_square_tile_image-1951.jpg","type":"image\/jpeg"}],"twitter_card":"summary_large_image","twitter_misc":{"Dur\u00e9e de lecture estim\u00e9e":"1 minute"},"schema":{"@context":"https:\/\/schema.org","@graph":[{"@type":"WebPage","@id":"https:\/\/www.iplay.com\/fr\/games\/pirates-adventure-solitaire\/","url":"https:\/\/www.iplay.com\/fr\/games\/pirates-adventure-solitaire\/","name":"Pirates Adventure Solitaire - Explorez un sc\u00e9nario voil\u00e9","isPartOf":{"@id":"https:\/\/www.iplay.com\/en\/#website"},"primaryImageOfPage":{"@id":"https:\/\/www.iplay.com\/fr\/games\/pirates-adventure-solitaire\/#primaryimage"},"image":{"@id":"https:\/\/www.iplay.com\/fr\/games\/pirates-adventure-solitaire\/#primaryimage"},"thumbnailUrl":"https:\/\/www.iplay.com\/wp-content\/uploads\/2023\/12\/large_square_tile_image-1951.jpg","datePublished":"2023-11-06T00:00:00+00:00","dateModified":"2025-05-13T22:07:18+00:00","description":"Un gameplay cr\u00e9atif avec une intrigue myst\u00e9rieuse ! Dans Pirates Adventure Solitaire, enr\u00f4lez-vous dans un gang de pirates !","breadcrumb":{"@id":"https:\/\/www.iplay.com\/fr\/games\/pirates-adventure-solitaire\/#breadcrumb"},"inLanguage":"fr-FR","potentialAction":[{"@type":"ReadAction","target":["https:\/\/www.iplay.com\/fr\/games\/pirates-adventure-solitaire\/"]}]},{"@type":"ImageObject","inLanguage":"fr-FR","@id":"https:\/\/www.iplay.com\/fr\/games\/pirates-adventure-solitaire\/#primaryimage","url":"https:\/\/www.iplay.com\/wp-content\/uploads\/2023\/12\/large_square_tile_image-1951.jpg","contentUrl":"https:\/\/www.iplay.com\/wp-content\/uploads\/2023\/12\/large_square_tile_image-1951.jpg","width":310,"height":310},{"@type":"BreadcrumbList","@id":"https:\/\/www.iplay.com\/fr\/games\/pirates-adventure-solitaire\/#breadcrumb","itemListElement":[{"@type":"ListItem","position":1,"name":"Home","item":"https:\/\/www.iplay.com\/fr\/home-page-2\/"},{"@type":"ListItem","position":2,"name":"Shop","item":"https:\/\/www.iplay.com\/en\/shop\/"},{"@type":"ListItem","position":3,"name":"Pirates Adventure Solitaire"}]},{"@type":"WebSite","@id":"https:\/\/www.iplay.com\/en\/#website","url":"https:\/\/www.iplay.com\/en\/","name":"IPlay","description":"The Best Casual Games!","publisher":{"@id":"https:\/\/www.iplay.com\/en\/#organization"},"potentialAction":[{"@type":"SearchAction","target":{"@type":"EntryPoint","urlTemplate":"https:\/\/www.iplay.com\/en\/?s={search_term_string}"},"query-input":{"@type":"PropertyValueSpecification","valueRequired":true,"valueName":"search_term_string"}}],"inLanguage":"fr-FR"},{"@type":"Organization","@id":"https:\/\/www.iplay.com\/en\/#organization","name":"IPlay","url":"https:\/\/www.iplay.com\/en\/","logo":{"@type":"ImageObject","inLanguage":"fr-FR","@id":"https:\/\/www.iplay.com\/en\/#\/schema\/logo\/image\/","url":"https:\/\/www.iplay.com\/wp-content\/uploads\/2023\/11\/Group-6100.svg","contentUrl":"https:\/\/www.iplay.com\/wp-content\/uploads\/2023\/11\/Group-6100.svg","width":98,"height":25,"caption":"IPlay"},"image":{"@id":"https:\/\/www.iplay.com\/en\/#\/schema\/logo\/image\/"}}]}},"_links":{"self":[{"href":"https:\/\/www.iplay.com\/fr\/wp-json\/wp\/v2\/product\/129846","targetHints":{"allow":["GET"]}}],"collection":[{"href":"https:\/\/www.iplay.com\/fr\/wp-json\/wp\/v2\/product"}],"about":[{"href":"https:\/\/www.iplay.com\/fr\/wp-json\/wp\/v2\/types\/product"}],"author":[{"embeddable":true,"href":"https:\/\/www.iplay.com\/fr\/wp-json\/wp\/v2\/users\/39"}],"replies":[{"embeddable":true,"href":"https:\/\/www.iplay.com\/fr\/wp-json\/wp\/v2\/comments?post=129846"}],"wp:featuredmedia":[{"embeddable":true,"href":"https:\/\/www.iplay.com\/fr\/wp-json\/wp\/v2\/media\/71381"}],"wp:attachment":[{"href":"https:\/\/www.iplay.com\/fr\/wp-json\/wp\/v2\/media?parent=129846"}],"wp:term":[{"taxonomy":"product_brand","embeddable":true,"href":"https:\/\/www.iplay.com\/fr\/wp-json\/wp\/v2\/product_brand?post=129846"},{"taxonomy":"product_cat","embeddable":true,"href":"https:\/\/www.iplay.com\/fr\/wp-json\/wp\/v2\/product_cat?post=129846"},{"taxonomy":"product_tag","embeddable":true,"href":"https:\/\/www.iplay.com\/fr\/wp-json\/wp\/v2\/product_tag?post=129846"}],"curies":[{"name":"wp","href":"https:\/\/api.w.org\/{rel}","templated":true}]}}