{"id":129840,"date":"2023-11-03T00:00:00","date_gmt":"2023-11-03T00:00:00","guid":{"rendered":"https:\/\/www.iplay.com\/games\/detective-agency-grey-tie-2-collectors-edition\/"},"modified":"2023-11-03T00:00:00","modified_gmt":"2023-11-03T00:00:00","slug":"detective-agency-grey-tie-2-collectors-edition","status":"publish","type":"product","link":"https:\/\/www.iplay.com\/fr\/games\/detective-agency-grey-tie-2-collectors-edition\/","title":{"rendered":"Detective Agency: Grey Tie 2 &#8211; Collector&#8217;s Edition"},"content":{"rendered":"<p>L\u2019\u00c9dition Collector de Detective Agency&nbsp;: Grey Tie 2 propose des d\u00e9cors magnifiques, une tonne de techniques de recherche d\u2019objets int\u00e9ressantes et de tout nouveaux mini-jeux. Dans cette intrigue polici\u00e8re intrigante, vous aiderez les enqu\u00eateurs \u00e0 trouver une photo vol\u00e9e et \u00e0 r\u00e9soudre le crime. Amanda et son assistante, toutes deux enqu\u00eatrices chevronn\u00e9es, se chargent de l\u2019affaire. Vous rencontrerez un artiste nomm\u00e9 Jovanni Rosen \u00e0 votre arriv\u00e9e en France, et il vous suppliera de trouver son chef-d\u2019\u0153uvre. Vous d\u00e9couvrirez plusieurs endroits cach\u00e9s au cours de votre voyage. Vous pourriez rencontrer des cons\u00e9quences inattendues en poursuivant le voleur. Une fois que vous entrez dans le march\u00e9 noir, vous trouverez un certain nombre d\u2019appareils int\u00e9ressants con\u00e7us sp\u00e9cialement pour les criminels. Suivez le contrevenant pas \u00e0 pas pour tomber dans le pi\u00e8ge astucieux qu\u2019il vous a tendu !       <\/p>\n<p>&nbsp;<\/p>\n<p><strong>Fonctionnalit\u00e9s:<\/strong><\/p>\n<p>&#8211; Huit endroits suppl\u00e9mentaires avec des tonnes de choses \u00e0 d\u00e9couvrir !<br \/>\n&#8211; Il y a 8 autres mini-jeux \u00e0 terminer !<br \/>\n&#8211; Images de bureau t\u00e9l\u00e9chargeables !<br \/>\n&#8211; Jouez la bande originale du film !<br \/>\n&#8211; \u00c9largissez votre collection de preuves convaincantes ! Il y a 12 mini-jeux suppl\u00e9mentaires pour les joueurs parmi vous !<\/p>\n","protected":false},"excerpt":{"rendered":"<p>R\u00e9solvez les \u00e9nigmes et enqu\u00eatez sur le vol d\u2019un tableau c\u00e9l\u00e8bre.<\/p>\n","protected":false},"author":130,"featured_media":71429,"comment_status":"open","ping_status":"closed","template":"","meta":{"_acf_changed":false,"inline_featured_image":false},"product_brand":[],"product_cat":[165],"product_tag":[287],"class_list":{"0":"post-129840","1":"product","2":"type-product","3":"status-publish","4":"has-post-thumbnail","6":"product_cat-hidden-object-fr","7":"product_tag-play-on-pc-fr","9":"first","10":"instock","11":"shipping-taxable","12":"purchasable","13":"product-type-simple"},"acf":[],"yoast_head":"<!-- This site is optimized with the Yoast SEO Premium plugin v25.2 (Yoast SEO v25.2) - https:\/\/yoast.com\/wordpress\/plugins\/seo\/ -->\n<title>Detective Agency\u00a0: Grey Tie 2 - \u00c9dition Collector - R\u00e9solvez des \u00e9nigmes et r\u00e9cup\u00e9rez un chef-d\u2019\u0153uvre vol\u00e9<\/title>\n<meta name=\"description\" content=\"R\u00e9solvez les \u00e9nigmes et enqu\u00eatez sur le vol d\u2019un tableau c\u00e9l\u00e8bre.\" \/>\n<meta name=\"robots\" content=\"index, follow, max-snippet:-1, max-image-preview:large, max-video-preview:-1\" \/>\n<link rel=\"canonical\" href=\"https:\/\/www.iplay.com\/fr\/games\/detective-agency-grey-tie-2-collectors-edition\/\" \/>\n<meta property=\"og:locale\" content=\"fr_FR\" \/>\n<meta property=\"og:type\" content=\"article\" \/>\n<meta property=\"og:title\" content=\"Detective Agency: Grey Tie 2 - Collector&#039;s Edition\" \/>\n<meta property=\"og:description\" content=\"R\u00e9solvez les \u00e9nigmes et enqu\u00eatez sur le vol d\u2019un tableau c\u00e9l\u00e8bre.\" \/>\n<meta property=\"og:url\" content=\"https:\/\/www.iplay.com\/fr\/games\/detective-agency-grey-tie-2-collectors-edition\/\" \/>\n<meta property=\"og:site_name\" content=\"IPlay\" \/>\n<meta property=\"og:image\" content=\"https:\/\/www.iplay.com\/wp-content\/uploads\/2023\/12\/large_square_tile_image-1954.jpg\" \/>\n\t<meta property=\"og:image:width\" content=\"310\" \/>\n\t<meta property=\"og:image:height\" content=\"310\" \/>\n\t<meta property=\"og:image:type\" content=\"image\/jpeg\" \/>\n<meta name=\"twitter:card\" content=\"summary_large_image\" \/>\n<meta name=\"twitter:label1\" content=\"Dur\u00e9e de lecture estim\u00e9e\" \/>\n\t<meta name=\"twitter:data1\" content=\"1 minute\" \/>\n<script type=\"application\/ld+json\" class=\"yoast-schema-graph\">{\"@context\":\"https:\/\/schema.org\",\"@graph\":[{\"@type\":\"WebPage\",\"@id\":\"https:\/\/www.iplay.com\/fr\/games\/detective-agency-grey-tie-2-collectors-edition\/\",\"url\":\"https:\/\/www.iplay.com\/fr\/games\/detective-agency-grey-tie-2-collectors-edition\/\",\"name\":\"Detective Agency\u00a0: Grey Tie 2 - \u00c9dition Collector - R\u00e9solvez des \u00e9nigmes et r\u00e9cup\u00e9rez un chef-d\u2019\u0153uvre vol\u00e9\",\"isPartOf\":{\"@id\":\"https:\/\/www.iplay.com\/en\/#website\"},\"primaryImageOfPage\":{\"@id\":\"https:\/\/www.iplay.com\/fr\/games\/detective-agency-grey-tie-2-collectors-edition\/#primaryimage\"},\"image\":{\"@id\":\"https:\/\/www.iplay.com\/fr\/games\/detective-agency-grey-tie-2-collectors-edition\/#primaryimage\"},\"thumbnailUrl\":\"https:\/\/www.iplay.com\/wp-content\/uploads\/2023\/12\/large_square_tile_image-1954.jpg\",\"datePublished\":\"2023-11-03T00:00:00+00:00\",\"description\":\"R\u00e9solvez les \u00e9nigmes et enqu\u00eatez sur le vol d\u2019un tableau c\u00e9l\u00e8bre.\",\"breadcrumb\":{\"@id\":\"https:\/\/www.iplay.com\/fr\/games\/detective-agency-grey-tie-2-collectors-edition\/#breadcrumb\"},\"inLanguage\":\"fr-FR\",\"potentialAction\":[{\"@type\":\"ReadAction\",\"target\":[\"https:\/\/www.iplay.com\/fr\/games\/detective-agency-grey-tie-2-collectors-edition\/\"]}]},{\"@type\":\"ImageObject\",\"inLanguage\":\"fr-FR\",\"@id\":\"https:\/\/www.iplay.com\/fr\/games\/detective-agency-grey-tie-2-collectors-edition\/#primaryimage\",\"url\":\"https:\/\/www.iplay.com\/wp-content\/uploads\/2023\/12\/large_square_tile_image-1954.jpg\",\"contentUrl\":\"https:\/\/www.iplay.com\/wp-content\/uploads\/2023\/12\/large_square_tile_image-1954.jpg\",\"width\":310,\"height\":310},{\"@type\":\"BreadcrumbList\",\"@id\":\"https:\/\/www.iplay.com\/fr\/games\/detective-agency-grey-tie-2-collectors-edition\/#breadcrumb\",\"itemListElement\":[{\"@type\":\"ListItem\",\"position\":1,\"name\":\"Home\",\"item\":\"https:\/\/www.iplay.com\/fr\/home-page-2\/\"},{\"@type\":\"ListItem\",\"position\":2,\"name\":\"Shop\",\"item\":\"https:\/\/www.iplay.com\/en\/shop\/\"},{\"@type\":\"ListItem\",\"position\":3,\"name\":\"Detective Agency: Grey Tie 2 &#8211; Collector&#8217;s Edition\"}]},{\"@type\":\"WebSite\",\"@id\":\"https:\/\/www.iplay.com\/en\/#website\",\"url\":\"https:\/\/www.iplay.com\/en\/\",\"name\":\"IPlay\",\"description\":\"The Best Casual Games!\",\"publisher\":{\"@id\":\"https:\/\/www.iplay.com\/en\/#organization\"},\"potentialAction\":[{\"@type\":\"SearchAction\",\"target\":{\"@type\":\"EntryPoint\",\"urlTemplate\":\"https:\/\/www.iplay.com\/en\/?s={search_term_string}\"},\"query-input\":{\"@type\":\"PropertyValueSpecification\",\"valueRequired\":true,\"valueName\":\"search_term_string\"}}],\"inLanguage\":\"fr-FR\"},{\"@type\":\"Organization\",\"@id\":\"https:\/\/www.iplay.com\/en\/#organization\",\"name\":\"IPlay\",\"url\":\"https:\/\/www.iplay.com\/en\/\",\"logo\":{\"@type\":\"ImageObject\",\"inLanguage\":\"fr-FR\",\"@id\":\"https:\/\/www.iplay.com\/en\/#\/schema\/logo\/image\/\",\"url\":\"https:\/\/www.iplay.com\/wp-content\/uploads\/2023\/11\/Group-6100.svg\",\"contentUrl\":\"https:\/\/www.iplay.com\/wp-content\/uploads\/2023\/11\/Group-6100.svg\",\"width\":98,\"height\":25,\"caption\":\"IPlay\"},\"image\":{\"@id\":\"https:\/\/www.iplay.com\/en\/#\/schema\/logo\/image\/\"}}]}<\/script>\n<!-- \/ Yoast SEO Premium plugin. -->","yoast_head_json":{"title":"Detective Agency\u00a0: Grey Tie 2 - \u00c9dition Collector - R\u00e9solvez des \u00e9nigmes et r\u00e9cup\u00e9rez un chef-d\u2019\u0153uvre vol\u00e9","description":"R\u00e9solvez les \u00e9nigmes et enqu\u00eatez sur le vol d\u2019un tableau c\u00e9l\u00e8bre.","robots":{"index":"index","follow":"follow","max-snippet":"max-snippet:-1","max-image-preview":"max-image-preview:large","max-video-preview":"max-video-preview:-1"},"canonical":"https:\/\/www.iplay.com\/fr\/games\/detective-agency-grey-tie-2-collectors-edition\/","og_locale":"fr_FR","og_type":"article","og_title":"Detective Agency: Grey Tie 2 - Collector's Edition","og_description":"R\u00e9solvez les \u00e9nigmes et enqu\u00eatez sur le vol d\u2019un tableau c\u00e9l\u00e8bre.","og_url":"https:\/\/www.iplay.com\/fr\/games\/detective-agency-grey-tie-2-collectors-edition\/","og_site_name":"IPlay","og_image":[{"width":310,"height":310,"url":"https:\/\/www.iplay.com\/wp-content\/uploads\/2023\/12\/large_square_tile_image-1954.jpg","type":"image\/jpeg"}],"twitter_card":"summary_large_image","twitter_misc":{"Dur\u00e9e de lecture estim\u00e9e":"1 minute"},"schema":{"@context":"https:\/\/schema.org","@graph":[{"@type":"WebPage","@id":"https:\/\/www.iplay.com\/fr\/games\/detective-agency-grey-tie-2-collectors-edition\/","url":"https:\/\/www.iplay.com\/fr\/games\/detective-agency-grey-tie-2-collectors-edition\/","name":"Detective Agency\u00a0: Grey Tie 2 - \u00c9dition Collector - R\u00e9solvez des \u00e9nigmes et r\u00e9cup\u00e9rez un chef-d\u2019\u0153uvre vol\u00e9","isPartOf":{"@id":"https:\/\/www.iplay.com\/en\/#website"},"primaryImageOfPage":{"@id":"https:\/\/www.iplay.com\/fr\/games\/detective-agency-grey-tie-2-collectors-edition\/#primaryimage"},"image":{"@id":"https:\/\/www.iplay.com\/fr\/games\/detective-agency-grey-tie-2-collectors-edition\/#primaryimage"},"thumbnailUrl":"https:\/\/www.iplay.com\/wp-content\/uploads\/2023\/12\/large_square_tile_image-1954.jpg","datePublished":"2023-11-03T00:00:00+00:00","description":"R\u00e9solvez les \u00e9nigmes et enqu\u00eatez sur le vol d\u2019un tableau c\u00e9l\u00e8bre.","breadcrumb":{"@id":"https:\/\/www.iplay.com\/fr\/games\/detective-agency-grey-tie-2-collectors-edition\/#breadcrumb"},"inLanguage":"fr-FR","potentialAction":[{"@type":"ReadAction","target":["https:\/\/www.iplay.com\/fr\/games\/detective-agency-grey-tie-2-collectors-edition\/"]}]},{"@type":"ImageObject","inLanguage":"fr-FR","@id":"https:\/\/www.iplay.com\/fr\/games\/detective-agency-grey-tie-2-collectors-edition\/#primaryimage","url":"https:\/\/www.iplay.com\/wp-content\/uploads\/2023\/12\/large_square_tile_image-1954.jpg","contentUrl":"https:\/\/www.iplay.com\/wp-content\/uploads\/2023\/12\/large_square_tile_image-1954.jpg","width":310,"height":310},{"@type":"BreadcrumbList","@id":"https:\/\/www.iplay.com\/fr\/games\/detective-agency-grey-tie-2-collectors-edition\/#breadcrumb","itemListElement":[{"@type":"ListItem","position":1,"name":"Home","item":"https:\/\/www.iplay.com\/fr\/home-page-2\/"},{"@type":"ListItem","position":2,"name":"Shop","item":"https:\/\/www.iplay.com\/en\/shop\/"},{"@type":"ListItem","position":3,"name":"Detective Agency: Grey Tie 2 &#8211; Collector&#8217;s Edition"}]},{"@type":"WebSite","@id":"https:\/\/www.iplay.com\/en\/#website","url":"https:\/\/www.iplay.com\/en\/","name":"IPlay","description":"The Best Casual Games!","publisher":{"@id":"https:\/\/www.iplay.com\/en\/#organization"},"potentialAction":[{"@type":"SearchAction","target":{"@type":"EntryPoint","urlTemplate":"https:\/\/www.iplay.com\/en\/?s={search_term_string}"},"query-input":{"@type":"PropertyValueSpecification","valueRequired":true,"valueName":"search_term_string"}}],"inLanguage":"fr-FR"},{"@type":"Organization","@id":"https:\/\/www.iplay.com\/en\/#organization","name":"IPlay","url":"https:\/\/www.iplay.com\/en\/","logo":{"@type":"ImageObject","inLanguage":"fr-FR","@id":"https:\/\/www.iplay.com\/en\/#\/schema\/logo\/image\/","url":"https:\/\/www.iplay.com\/wp-content\/uploads\/2023\/11\/Group-6100.svg","contentUrl":"https:\/\/www.iplay.com\/wp-content\/uploads\/2023\/11\/Group-6100.svg","width":98,"height":25,"caption":"IPlay"},"image":{"@id":"https:\/\/www.iplay.com\/en\/#\/schema\/logo\/image\/"}}]}},"_links":{"self":[{"href":"https:\/\/www.iplay.com\/fr\/wp-json\/wp\/v2\/product\/129840","targetHints":{"allow":["GET"]}}],"collection":[{"href":"https:\/\/www.iplay.com\/fr\/wp-json\/wp\/v2\/product"}],"about":[{"href":"https:\/\/www.iplay.com\/fr\/wp-json\/wp\/v2\/types\/product"}],"author":[{"embeddable":true,"href":"https:\/\/www.iplay.com\/fr\/wp-json\/wp\/v2\/users\/130"}],"replies":[{"embeddable":true,"href":"https:\/\/www.iplay.com\/fr\/wp-json\/wp\/v2\/comments?post=129840"}],"wp:featuredmedia":[{"embeddable":true,"href":"https:\/\/www.iplay.com\/fr\/wp-json\/wp\/v2\/media\/71429"}],"wp:attachment":[{"href":"https:\/\/www.iplay.com\/fr\/wp-json\/wp\/v2\/media?parent=129840"}],"wp:term":[{"taxonomy":"product_brand","embeddable":true,"href":"https:\/\/www.iplay.com\/fr\/wp-json\/wp\/v2\/product_brand?post=129840"},{"taxonomy":"product_cat","embeddable":true,"href":"https:\/\/www.iplay.com\/fr\/wp-json\/wp\/v2\/product_cat?post=129840"},{"taxonomy":"product_tag","embeddable":true,"href":"https:\/\/www.iplay.com\/fr\/wp-json\/wp\/v2\/product_tag?post=129840"}],"curies":[{"name":"wp","href":"https:\/\/api.w.org\/{rel}","templated":true}]}}