{"id":129811,"date":"2023-10-27T00:00:01","date_gmt":"2023-10-27T00:00:01","guid":{"rendered":"https:\/\/www.iplay.com\/games\/shopping-clutter-24-draculas-summerhouse\/"},"modified":"2023-10-27T00:00:01","modified_gmt":"2023-10-27T00:00:01","slug":"shopping-clutter-24-draculas-summerhouse","status":"publish","type":"product","link":"https:\/\/www.iplay.com\/fr\/games\/shopping-clutter-24-draculas-summerhouse\/","title":{"rendered":"Shopping Clutter 24: Dracula&#8217;s Summerhouse"},"content":{"rendered":"<p>Le magasin d\u2019antiquit\u00e9s bien-aim\u00e9 de M. Rat a des difficult\u00e9s financi\u00e8res. Derni\u00e8rement, les habitants de la ville ont cess\u00e9 de l\u2019appr\u00e9cier et n\u2019ach\u00e8tent presque jamais rien. M. Rat a d\u00e9cid\u00e9 de les attirer avec une campagne de marketing b\u00e2cl\u00e9e. Horrible dans tous les sens du terme. Pour Halloween, il a l\u2019intention de transformer l\u2019entreprise en ch\u00e2teau du comte Dracula. Tante Sheep pense que son mari a l\u2019air bien avec cette attitude pour une raison quelconque. Pour trouver quoi que ce soit au milieu de l\u2019agitation et de la confusion d\u2019avant Halloween, le repaire de Dracula a besoin de beaucoup de trucs de vampires, de goodies, de monstres et d\u2019un individu talentueux ! Allez-vous construire le repaire parfait de Dracula et emp\u00eacher le pr\u00e9cieux magasin d\u2019antiquit\u00e9s du pauvre oncle Rat de faire faillite en m\u00eame temps ? Il promet sinc\u00e8rement de ne pas vous casser le cou en signe de gratitude.        <\/p>\n<p>&nbsp;<\/p>\n<p><strong>Fonctionnalit\u00e9s:<\/strong><\/p>\n<p>&#8211; De tout nouveaux jouets sur le th\u00e8me d\u2019Halloween sont disponibles !<br \/>\n&#8211; Il y a 140 puzzles d\u2019encombrement en plus de 20 puzzles bonus.<br \/>\n&#8211; Des chefs-d\u2019\u0153uvre de musique et de bruits paisibles pour un gameplay agr\u00e9able.<br \/>\n&#8211; Des graphismes color\u00e9s et de vraies difficult\u00e9s pour tous les amateurs de puzzles.<br \/>\n&#8211; Oncle Rat et tante Sheep d\u00e9cident de r\u00e9gler la situation eux-m\u00eames.<br \/>\n&#8211; Les Walkers font de br\u00e8ves apparitions !<br \/>\n&#8211; M. et Mme Dracula, des momies, une v\u00e9ritable horreur et des histoires de vampires intrigantes !<br \/>\n&#8211; Visitez le ch\u00e2teau de Dracula pour \u00e9viter la mort !<\/p>\n","protected":false},"excerpt":{"rendered":"<p>Aidez M. Rat \u00e0 transformer son magasin d\u2019antiquit\u00e9s en ch\u00e2teau de Dracula !<\/p>\n","protected":false},"author":14,"featured_media":71509,"comment_status":"open","ping_status":"closed","template":"","meta":{"_acf_changed":false,"inline_featured_image":false},"product_brand":[],"product_cat":[165],"product_tag":[287],"class_list":{"0":"post-129811","1":"product","2":"type-product","3":"status-publish","4":"has-post-thumbnail","6":"product_cat-hidden-object-fr","7":"product_tag-play-on-pc-fr","9":"first","10":"instock","11":"shipping-taxable","12":"purchasable","13":"product-type-simple"},"acf":[],"yoast_head":"<!-- This site is optimized with the Yoast SEO Premium plugin v25.2 (Yoast SEO v25.2) - https:\/\/yoast.com\/wordpress\/plugins\/seo\/ -->\n<title>Shopping Clutter 24\u00a0: Dracula\u2019s Summerhouse - Aidez M. Rat \u00e0 g\u00e9rer le ch\u00e2teau de Dracula avec des t\u00e2ches surnaturelles<\/title>\n<meta name=\"description\" content=\"Aidez M. Rat \u00e0 transformer son magasin d\u2019antiquit\u00e9s en ch\u00e2teau de Dracula !\" \/>\n<meta name=\"robots\" content=\"index, follow, max-snippet:-1, max-image-preview:large, max-video-preview:-1\" \/>\n<link rel=\"canonical\" href=\"https:\/\/www.iplay.com\/fr\/games\/shopping-clutter-24-draculas-summerhouse\/\" \/>\n<meta property=\"og:locale\" content=\"fr_FR\" \/>\n<meta property=\"og:type\" content=\"article\" \/>\n<meta property=\"og:title\" content=\"Shopping Clutter 24: Dracula&#039;s Summerhouse\" \/>\n<meta property=\"og:description\" content=\"Aidez M. Rat \u00e0 transformer son magasin d\u2019antiquit\u00e9s en ch\u00e2teau de Dracula !\" \/>\n<meta property=\"og:url\" content=\"https:\/\/www.iplay.com\/fr\/games\/shopping-clutter-24-draculas-summerhouse\/\" \/>\n<meta property=\"og:site_name\" content=\"IPlay\" \/>\n<meta property=\"og:image\" content=\"https:\/\/www.iplay.com\/wp-content\/uploads\/2023\/12\/large_square_tile_image-1959.jpg\" \/>\n\t<meta property=\"og:image:width\" content=\"310\" \/>\n\t<meta property=\"og:image:height\" content=\"310\" \/>\n\t<meta property=\"og:image:type\" content=\"image\/jpeg\" \/>\n<meta name=\"twitter:card\" content=\"summary_large_image\" \/>\n<meta name=\"twitter:label1\" content=\"Dur\u00e9e de lecture estim\u00e9e\" \/>\n\t<meta name=\"twitter:data1\" content=\"1 minute\" \/>\n<script type=\"application\/ld+json\" class=\"yoast-schema-graph\">{\"@context\":\"https:\/\/schema.org\",\"@graph\":[{\"@type\":\"WebPage\",\"@id\":\"https:\/\/www.iplay.com\/fr\/games\/shopping-clutter-24-draculas-summerhouse\/\",\"url\":\"https:\/\/www.iplay.com\/fr\/games\/shopping-clutter-24-draculas-summerhouse\/\",\"name\":\"Shopping Clutter 24\u00a0: Dracula\u2019s Summerhouse - Aidez M. Rat \u00e0 g\u00e9rer le ch\u00e2teau de Dracula avec des t\u00e2ches surnaturelles\",\"isPartOf\":{\"@id\":\"https:\/\/www.iplay.com\/en\/#website\"},\"primaryImageOfPage\":{\"@id\":\"https:\/\/www.iplay.com\/fr\/games\/shopping-clutter-24-draculas-summerhouse\/#primaryimage\"},\"image\":{\"@id\":\"https:\/\/www.iplay.com\/fr\/games\/shopping-clutter-24-draculas-summerhouse\/#primaryimage\"},\"thumbnailUrl\":\"https:\/\/www.iplay.com\/wp-content\/uploads\/2023\/12\/large_square_tile_image-1959.jpg\",\"datePublished\":\"2023-10-27T00:00:01+00:00\",\"description\":\"Aidez M. Rat \u00e0 transformer son magasin d\u2019antiquit\u00e9s en ch\u00e2teau de Dracula !\",\"breadcrumb\":{\"@id\":\"https:\/\/www.iplay.com\/fr\/games\/shopping-clutter-24-draculas-summerhouse\/#breadcrumb\"},\"inLanguage\":\"fr-FR\",\"potentialAction\":[{\"@type\":\"ReadAction\",\"target\":[\"https:\/\/www.iplay.com\/fr\/games\/shopping-clutter-24-draculas-summerhouse\/\"]}]},{\"@type\":\"ImageObject\",\"inLanguage\":\"fr-FR\",\"@id\":\"https:\/\/www.iplay.com\/fr\/games\/shopping-clutter-24-draculas-summerhouse\/#primaryimage\",\"url\":\"https:\/\/www.iplay.com\/wp-content\/uploads\/2023\/12\/large_square_tile_image-1959.jpg\",\"contentUrl\":\"https:\/\/www.iplay.com\/wp-content\/uploads\/2023\/12\/large_square_tile_image-1959.jpg\",\"width\":310,\"height\":310},{\"@type\":\"BreadcrumbList\",\"@id\":\"https:\/\/www.iplay.com\/fr\/games\/shopping-clutter-24-draculas-summerhouse\/#breadcrumb\",\"itemListElement\":[{\"@type\":\"ListItem\",\"position\":1,\"name\":\"Home\",\"item\":\"https:\/\/www.iplay.com\/fr\/home-page-2\/\"},{\"@type\":\"ListItem\",\"position\":2,\"name\":\"Shop\",\"item\":\"https:\/\/www.iplay.com\/en\/shop\/\"},{\"@type\":\"ListItem\",\"position\":3,\"name\":\"Shopping Clutter 24: Dracula&#8217;s Summerhouse\"}]},{\"@type\":\"WebSite\",\"@id\":\"https:\/\/www.iplay.com\/en\/#website\",\"url\":\"https:\/\/www.iplay.com\/en\/\",\"name\":\"IPlay\",\"description\":\"The Best Casual Games!\",\"publisher\":{\"@id\":\"https:\/\/www.iplay.com\/en\/#organization\"},\"potentialAction\":[{\"@type\":\"SearchAction\",\"target\":{\"@type\":\"EntryPoint\",\"urlTemplate\":\"https:\/\/www.iplay.com\/en\/?s={search_term_string}\"},\"query-input\":{\"@type\":\"PropertyValueSpecification\",\"valueRequired\":true,\"valueName\":\"search_term_string\"}}],\"inLanguage\":\"fr-FR\"},{\"@type\":\"Organization\",\"@id\":\"https:\/\/www.iplay.com\/en\/#organization\",\"name\":\"IPlay\",\"url\":\"https:\/\/www.iplay.com\/en\/\",\"logo\":{\"@type\":\"ImageObject\",\"inLanguage\":\"fr-FR\",\"@id\":\"https:\/\/www.iplay.com\/en\/#\/schema\/logo\/image\/\",\"url\":\"https:\/\/www.iplay.com\/wp-content\/uploads\/2023\/11\/Group-6100.svg\",\"contentUrl\":\"https:\/\/www.iplay.com\/wp-content\/uploads\/2023\/11\/Group-6100.svg\",\"width\":98,\"height\":25,\"caption\":\"IPlay\"},\"image\":{\"@id\":\"https:\/\/www.iplay.com\/en\/#\/schema\/logo\/image\/\"}}]}<\/script>\n<!-- \/ Yoast SEO Premium plugin. -->","yoast_head_json":{"title":"Shopping Clutter 24\u00a0: Dracula\u2019s Summerhouse - Aidez M. Rat \u00e0 g\u00e9rer le ch\u00e2teau de Dracula avec des t\u00e2ches surnaturelles","description":"Aidez M. Rat \u00e0 transformer son magasin d\u2019antiquit\u00e9s en ch\u00e2teau de Dracula !","robots":{"index":"index","follow":"follow","max-snippet":"max-snippet:-1","max-image-preview":"max-image-preview:large","max-video-preview":"max-video-preview:-1"},"canonical":"https:\/\/www.iplay.com\/fr\/games\/shopping-clutter-24-draculas-summerhouse\/","og_locale":"fr_FR","og_type":"article","og_title":"Shopping Clutter 24: Dracula's Summerhouse","og_description":"Aidez M. Rat \u00e0 transformer son magasin d\u2019antiquit\u00e9s en ch\u00e2teau de Dracula !","og_url":"https:\/\/www.iplay.com\/fr\/games\/shopping-clutter-24-draculas-summerhouse\/","og_site_name":"IPlay","og_image":[{"width":310,"height":310,"url":"https:\/\/www.iplay.com\/wp-content\/uploads\/2023\/12\/large_square_tile_image-1959.jpg","type":"image\/jpeg"}],"twitter_card":"summary_large_image","twitter_misc":{"Dur\u00e9e de lecture estim\u00e9e":"1 minute"},"schema":{"@context":"https:\/\/schema.org","@graph":[{"@type":"WebPage","@id":"https:\/\/www.iplay.com\/fr\/games\/shopping-clutter-24-draculas-summerhouse\/","url":"https:\/\/www.iplay.com\/fr\/games\/shopping-clutter-24-draculas-summerhouse\/","name":"Shopping Clutter 24\u00a0: Dracula\u2019s Summerhouse - Aidez M. Rat \u00e0 g\u00e9rer le ch\u00e2teau de Dracula avec des t\u00e2ches surnaturelles","isPartOf":{"@id":"https:\/\/www.iplay.com\/en\/#website"},"primaryImageOfPage":{"@id":"https:\/\/www.iplay.com\/fr\/games\/shopping-clutter-24-draculas-summerhouse\/#primaryimage"},"image":{"@id":"https:\/\/www.iplay.com\/fr\/games\/shopping-clutter-24-draculas-summerhouse\/#primaryimage"},"thumbnailUrl":"https:\/\/www.iplay.com\/wp-content\/uploads\/2023\/12\/large_square_tile_image-1959.jpg","datePublished":"2023-10-27T00:00:01+00:00","description":"Aidez M. Rat \u00e0 transformer son magasin d\u2019antiquit\u00e9s en ch\u00e2teau de Dracula !","breadcrumb":{"@id":"https:\/\/www.iplay.com\/fr\/games\/shopping-clutter-24-draculas-summerhouse\/#breadcrumb"},"inLanguage":"fr-FR","potentialAction":[{"@type":"ReadAction","target":["https:\/\/www.iplay.com\/fr\/games\/shopping-clutter-24-draculas-summerhouse\/"]}]},{"@type":"ImageObject","inLanguage":"fr-FR","@id":"https:\/\/www.iplay.com\/fr\/games\/shopping-clutter-24-draculas-summerhouse\/#primaryimage","url":"https:\/\/www.iplay.com\/wp-content\/uploads\/2023\/12\/large_square_tile_image-1959.jpg","contentUrl":"https:\/\/www.iplay.com\/wp-content\/uploads\/2023\/12\/large_square_tile_image-1959.jpg","width":310,"height":310},{"@type":"BreadcrumbList","@id":"https:\/\/www.iplay.com\/fr\/games\/shopping-clutter-24-draculas-summerhouse\/#breadcrumb","itemListElement":[{"@type":"ListItem","position":1,"name":"Home","item":"https:\/\/www.iplay.com\/fr\/home-page-2\/"},{"@type":"ListItem","position":2,"name":"Shop","item":"https:\/\/www.iplay.com\/en\/shop\/"},{"@type":"ListItem","position":3,"name":"Shopping Clutter 24: Dracula&#8217;s Summerhouse"}]},{"@type":"WebSite","@id":"https:\/\/www.iplay.com\/en\/#website","url":"https:\/\/www.iplay.com\/en\/","name":"IPlay","description":"The Best Casual Games!","publisher":{"@id":"https:\/\/www.iplay.com\/en\/#organization"},"potentialAction":[{"@type":"SearchAction","target":{"@type":"EntryPoint","urlTemplate":"https:\/\/www.iplay.com\/en\/?s={search_term_string}"},"query-input":{"@type":"PropertyValueSpecification","valueRequired":true,"valueName":"search_term_string"}}],"inLanguage":"fr-FR"},{"@type":"Organization","@id":"https:\/\/www.iplay.com\/en\/#organization","name":"IPlay","url":"https:\/\/www.iplay.com\/en\/","logo":{"@type":"ImageObject","inLanguage":"fr-FR","@id":"https:\/\/www.iplay.com\/en\/#\/schema\/logo\/image\/","url":"https:\/\/www.iplay.com\/wp-content\/uploads\/2023\/11\/Group-6100.svg","contentUrl":"https:\/\/www.iplay.com\/wp-content\/uploads\/2023\/11\/Group-6100.svg","width":98,"height":25,"caption":"IPlay"},"image":{"@id":"https:\/\/www.iplay.com\/en\/#\/schema\/logo\/image\/"}}]}},"_links":{"self":[{"href":"https:\/\/www.iplay.com\/fr\/wp-json\/wp\/v2\/product\/129811","targetHints":{"allow":["GET"]}}],"collection":[{"href":"https:\/\/www.iplay.com\/fr\/wp-json\/wp\/v2\/product"}],"about":[{"href":"https:\/\/www.iplay.com\/fr\/wp-json\/wp\/v2\/types\/product"}],"author":[{"embeddable":true,"href":"https:\/\/www.iplay.com\/fr\/wp-json\/wp\/v2\/users\/14"}],"replies":[{"embeddable":true,"href":"https:\/\/www.iplay.com\/fr\/wp-json\/wp\/v2\/comments?post=129811"}],"wp:featuredmedia":[{"embeddable":true,"href":"https:\/\/www.iplay.com\/fr\/wp-json\/wp\/v2\/media\/71509"}],"wp:attachment":[{"href":"https:\/\/www.iplay.com\/fr\/wp-json\/wp\/v2\/media?parent=129811"}],"wp:term":[{"taxonomy":"product_brand","embeddable":true,"href":"https:\/\/www.iplay.com\/fr\/wp-json\/wp\/v2\/product_brand?post=129811"},{"taxonomy":"product_cat","embeddable":true,"href":"https:\/\/www.iplay.com\/fr\/wp-json\/wp\/v2\/product_cat?post=129811"},{"taxonomy":"product_tag","embeddable":true,"href":"https:\/\/www.iplay.com\/fr\/wp-json\/wp\/v2\/product_tag?post=129811"}],"curies":[{"name":"wp","href":"https:\/\/api.w.org\/{rel}","templated":true}]}}