{"id":129791,"date":"2023-10-23T00:00:00","date_gmt":"2023-10-23T00:00:00","guid":{"rendered":"https:\/\/www.iplay.com\/games\/halloween-trouble-5\/"},"modified":"2023-10-23T00:00:00","modified_gmt":"2023-10-23T00:00:00","slug":"halloween-trouble-5","status":"publish","type":"product","link":"https:\/\/www.iplay.com\/fr\/games\/halloween-trouble-5\/","title":{"rendered":"Halloween Trouble 5"},"content":{"rendered":"<p>Pr\u00e9parez-vous \u00e0 une exp\u00e9rience de Match-3 effrayante pas comme les autresHalloween Trouble 5 ! Entrez dans le monde \u00e9trange des chocs et des terreurs, o\u00f9 il y a beaucoup d\u2019\u00e9nigmes et o\u00f9 il est difficile de dire ce qui est bon et ce qui est mauvais. Vous vous retrouvez dans l\u2019\u00e9nigmatique manoir d\u2019Halloween dans le prochain \u00e9pisode de la s\u00e9rie Halloween Troubleun lieu plein de secrets, de terreurs et d\u2019\u00e9v\u00e9nements inexpliqu\u00e9s. Lorsque vous arrivez, vous constatez que l\u2019endroit est anormalement silencieux et que vos amis ont disparu de la vue.   <\/p>\n<p>&nbsp;<\/p>\n<p><strong>Fonctionnalit\u00e9s<\/strong><\/p>\n<p>&nbsp;<\/p>\n<p>Obtenez des prix et de l\u2019or.<\/p>\n<p>D\u00e9guisez-vous pour Halloween&nbsp;!<\/p>\n<p>R\u00e9cit merveilleux !<\/p>\n<p>Le Match 3 est un jeu facile \u00e0 prendre en main, mais difficile \u00e0 ma\u00eetriser.<\/p>\n<p>Comprend des mini-jeux de puzzle, de m\u00e9moire, de curseur et de joint de tuyaux.<\/p>\n<p>100 \u00e9tapes de rencontres divertissantes.<\/p>\n","protected":false},"excerpt":{"rendered":"<p>Participez \u00e0 une aventure remplie de surprises, d\u2019excitation et d\u2019\u00e9nigmes difficiles !<\/p>\n","protected":false},"author":19,"featured_media":71589,"comment_status":"open","ping_status":"closed","template":"","meta":{"_acf_changed":false,"inline_featured_image":false},"product_brand":[],"product_cat":[193],"product_tag":[],"class_list":{"0":"post-129791","1":"product","2":"type-product","3":"status-publish","4":"has-post-thumbnail","6":"product_cat-puzzle-fr","8":"first","9":"instock","10":"shipping-taxable","11":"purchasable","12":"product-type-simple"},"acf":[],"yoast_head":"<!-- This site is optimized with the Yoast SEO Premium plugin v25.2 (Yoast SEO v25.2) - https:\/\/yoast.com\/wordpress\/plugins\/seo\/ -->\n<title>Halloween Trouble 5 - Embarquez pour un voyage rempli de frayeurs et d\u2019\u00e9nigmes<\/title>\n<meta name=\"description\" content=\"Participez \u00e0 une aventure remplie de surprises, d\u2019excitation et d\u2019\u00e9nigmes difficiles !\" \/>\n<meta name=\"robots\" content=\"index, follow, max-snippet:-1, max-image-preview:large, max-video-preview:-1\" \/>\n<link rel=\"canonical\" href=\"https:\/\/www.iplay.com\/fr\/games\/halloween-trouble-5\/\" \/>\n<meta property=\"og:locale\" content=\"fr_FR\" \/>\n<meta property=\"og:type\" content=\"article\" \/>\n<meta property=\"og:title\" content=\"Halloween Trouble 5\" \/>\n<meta property=\"og:description\" content=\"Participez \u00e0 une aventure remplie de surprises, d\u2019excitation et d\u2019\u00e9nigmes difficiles !\" \/>\n<meta property=\"og:url\" content=\"https:\/\/www.iplay.com\/fr\/games\/halloween-trouble-5\/\" \/>\n<meta property=\"og:site_name\" content=\"IPlay\" \/>\n<meta property=\"og:image\" content=\"https:\/\/www.iplay.com\/wp-content\/uploads\/2023\/12\/large_square_tile_image-1964.jpg\" \/>\n\t<meta property=\"og:image:width\" content=\"310\" \/>\n\t<meta property=\"og:image:height\" content=\"310\" \/>\n\t<meta property=\"og:image:type\" content=\"image\/jpeg\" \/>\n<meta name=\"twitter:card\" content=\"summary_large_image\" \/>\n<meta name=\"twitter:label1\" content=\"Dur\u00e9e de lecture estim\u00e9e\" \/>\n\t<meta name=\"twitter:data1\" content=\"1 minute\" \/>\n<script type=\"application\/ld+json\" class=\"yoast-schema-graph\">{\"@context\":\"https:\/\/schema.org\",\"@graph\":[{\"@type\":\"WebPage\",\"@id\":\"https:\/\/www.iplay.com\/fr\/games\/halloween-trouble-5\/\",\"url\":\"https:\/\/www.iplay.com\/fr\/games\/halloween-trouble-5\/\",\"name\":\"Halloween Trouble 5 - Embarquez pour un voyage rempli de frayeurs et d\u2019\u00e9nigmes\",\"isPartOf\":{\"@id\":\"https:\/\/www.iplay.com\/en\/#website\"},\"primaryImageOfPage\":{\"@id\":\"https:\/\/www.iplay.com\/fr\/games\/halloween-trouble-5\/#primaryimage\"},\"image\":{\"@id\":\"https:\/\/www.iplay.com\/fr\/games\/halloween-trouble-5\/#primaryimage\"},\"thumbnailUrl\":\"https:\/\/www.iplay.com\/wp-content\/uploads\/2023\/12\/large_square_tile_image-1964.jpg\",\"datePublished\":\"2023-10-23T00:00:00+00:00\",\"description\":\"Participez \u00e0 une aventure remplie de surprises, d\u2019excitation et d\u2019\u00e9nigmes difficiles !\",\"breadcrumb\":{\"@id\":\"https:\/\/www.iplay.com\/fr\/games\/halloween-trouble-5\/#breadcrumb\"},\"inLanguage\":\"fr-FR\",\"potentialAction\":[{\"@type\":\"ReadAction\",\"target\":[\"https:\/\/www.iplay.com\/fr\/games\/halloween-trouble-5\/\"]}]},{\"@type\":\"ImageObject\",\"inLanguage\":\"fr-FR\",\"@id\":\"https:\/\/www.iplay.com\/fr\/games\/halloween-trouble-5\/#primaryimage\",\"url\":\"https:\/\/www.iplay.com\/wp-content\/uploads\/2023\/12\/large_square_tile_image-1964.jpg\",\"contentUrl\":\"https:\/\/www.iplay.com\/wp-content\/uploads\/2023\/12\/large_square_tile_image-1964.jpg\",\"width\":310,\"height\":310},{\"@type\":\"BreadcrumbList\",\"@id\":\"https:\/\/www.iplay.com\/fr\/games\/halloween-trouble-5\/#breadcrumb\",\"itemListElement\":[{\"@type\":\"ListItem\",\"position\":1,\"name\":\"Home\",\"item\":\"https:\/\/www.iplay.com\/fr\/home-page-2\/\"},{\"@type\":\"ListItem\",\"position\":2,\"name\":\"Shop\",\"item\":\"https:\/\/www.iplay.com\/en\/shop\/\"},{\"@type\":\"ListItem\",\"position\":3,\"name\":\"Halloween Trouble 5\"}]},{\"@type\":\"WebSite\",\"@id\":\"https:\/\/www.iplay.com\/en\/#website\",\"url\":\"https:\/\/www.iplay.com\/en\/\",\"name\":\"IPlay\",\"description\":\"The Best Casual Games!\",\"publisher\":{\"@id\":\"https:\/\/www.iplay.com\/en\/#organization\"},\"potentialAction\":[{\"@type\":\"SearchAction\",\"target\":{\"@type\":\"EntryPoint\",\"urlTemplate\":\"https:\/\/www.iplay.com\/en\/?s={search_term_string}\"},\"query-input\":{\"@type\":\"PropertyValueSpecification\",\"valueRequired\":true,\"valueName\":\"search_term_string\"}}],\"inLanguage\":\"fr-FR\"},{\"@type\":\"Organization\",\"@id\":\"https:\/\/www.iplay.com\/en\/#organization\",\"name\":\"IPlay\",\"url\":\"https:\/\/www.iplay.com\/en\/\",\"logo\":{\"@type\":\"ImageObject\",\"inLanguage\":\"fr-FR\",\"@id\":\"https:\/\/www.iplay.com\/en\/#\/schema\/logo\/image\/\",\"url\":\"https:\/\/www.iplay.com\/wp-content\/uploads\/2023\/11\/Group-6100.svg\",\"contentUrl\":\"https:\/\/www.iplay.com\/wp-content\/uploads\/2023\/11\/Group-6100.svg\",\"width\":98,\"height\":25,\"caption\":\"IPlay\"},\"image\":{\"@id\":\"https:\/\/www.iplay.com\/en\/#\/schema\/logo\/image\/\"}}]}<\/script>\n<!-- \/ Yoast SEO Premium plugin. -->","yoast_head_json":{"title":"Halloween Trouble 5 - Embarquez pour un voyage rempli de frayeurs et d\u2019\u00e9nigmes","description":"Participez \u00e0 une aventure remplie de surprises, d\u2019excitation et d\u2019\u00e9nigmes difficiles !","robots":{"index":"index","follow":"follow","max-snippet":"max-snippet:-1","max-image-preview":"max-image-preview:large","max-video-preview":"max-video-preview:-1"},"canonical":"https:\/\/www.iplay.com\/fr\/games\/halloween-trouble-5\/","og_locale":"fr_FR","og_type":"article","og_title":"Halloween Trouble 5","og_description":"Participez \u00e0 une aventure remplie de surprises, d\u2019excitation et d\u2019\u00e9nigmes difficiles !","og_url":"https:\/\/www.iplay.com\/fr\/games\/halloween-trouble-5\/","og_site_name":"IPlay","og_image":[{"width":310,"height":310,"url":"https:\/\/www.iplay.com\/wp-content\/uploads\/2023\/12\/large_square_tile_image-1964.jpg","type":"image\/jpeg"}],"twitter_card":"summary_large_image","twitter_misc":{"Dur\u00e9e de lecture estim\u00e9e":"1 minute"},"schema":{"@context":"https:\/\/schema.org","@graph":[{"@type":"WebPage","@id":"https:\/\/www.iplay.com\/fr\/games\/halloween-trouble-5\/","url":"https:\/\/www.iplay.com\/fr\/games\/halloween-trouble-5\/","name":"Halloween Trouble 5 - Embarquez pour un voyage rempli de frayeurs et d\u2019\u00e9nigmes","isPartOf":{"@id":"https:\/\/www.iplay.com\/en\/#website"},"primaryImageOfPage":{"@id":"https:\/\/www.iplay.com\/fr\/games\/halloween-trouble-5\/#primaryimage"},"image":{"@id":"https:\/\/www.iplay.com\/fr\/games\/halloween-trouble-5\/#primaryimage"},"thumbnailUrl":"https:\/\/www.iplay.com\/wp-content\/uploads\/2023\/12\/large_square_tile_image-1964.jpg","datePublished":"2023-10-23T00:00:00+00:00","description":"Participez \u00e0 une aventure remplie de surprises, d\u2019excitation et d\u2019\u00e9nigmes difficiles !","breadcrumb":{"@id":"https:\/\/www.iplay.com\/fr\/games\/halloween-trouble-5\/#breadcrumb"},"inLanguage":"fr-FR","potentialAction":[{"@type":"ReadAction","target":["https:\/\/www.iplay.com\/fr\/games\/halloween-trouble-5\/"]}]},{"@type":"ImageObject","inLanguage":"fr-FR","@id":"https:\/\/www.iplay.com\/fr\/games\/halloween-trouble-5\/#primaryimage","url":"https:\/\/www.iplay.com\/wp-content\/uploads\/2023\/12\/large_square_tile_image-1964.jpg","contentUrl":"https:\/\/www.iplay.com\/wp-content\/uploads\/2023\/12\/large_square_tile_image-1964.jpg","width":310,"height":310},{"@type":"BreadcrumbList","@id":"https:\/\/www.iplay.com\/fr\/games\/halloween-trouble-5\/#breadcrumb","itemListElement":[{"@type":"ListItem","position":1,"name":"Home","item":"https:\/\/www.iplay.com\/fr\/home-page-2\/"},{"@type":"ListItem","position":2,"name":"Shop","item":"https:\/\/www.iplay.com\/en\/shop\/"},{"@type":"ListItem","position":3,"name":"Halloween Trouble 5"}]},{"@type":"WebSite","@id":"https:\/\/www.iplay.com\/en\/#website","url":"https:\/\/www.iplay.com\/en\/","name":"IPlay","description":"The Best Casual Games!","publisher":{"@id":"https:\/\/www.iplay.com\/en\/#organization"},"potentialAction":[{"@type":"SearchAction","target":{"@type":"EntryPoint","urlTemplate":"https:\/\/www.iplay.com\/en\/?s={search_term_string}"},"query-input":{"@type":"PropertyValueSpecification","valueRequired":true,"valueName":"search_term_string"}}],"inLanguage":"fr-FR"},{"@type":"Organization","@id":"https:\/\/www.iplay.com\/en\/#organization","name":"IPlay","url":"https:\/\/www.iplay.com\/en\/","logo":{"@type":"ImageObject","inLanguage":"fr-FR","@id":"https:\/\/www.iplay.com\/en\/#\/schema\/logo\/image\/","url":"https:\/\/www.iplay.com\/wp-content\/uploads\/2023\/11\/Group-6100.svg","contentUrl":"https:\/\/www.iplay.com\/wp-content\/uploads\/2023\/11\/Group-6100.svg","width":98,"height":25,"caption":"IPlay"},"image":{"@id":"https:\/\/www.iplay.com\/en\/#\/schema\/logo\/image\/"}}]}},"_links":{"self":[{"href":"https:\/\/www.iplay.com\/fr\/wp-json\/wp\/v2\/product\/129791","targetHints":{"allow":["GET"]}}],"collection":[{"href":"https:\/\/www.iplay.com\/fr\/wp-json\/wp\/v2\/product"}],"about":[{"href":"https:\/\/www.iplay.com\/fr\/wp-json\/wp\/v2\/types\/product"}],"author":[{"embeddable":true,"href":"https:\/\/www.iplay.com\/fr\/wp-json\/wp\/v2\/users\/19"}],"replies":[{"embeddable":true,"href":"https:\/\/www.iplay.com\/fr\/wp-json\/wp\/v2\/comments?post=129791"}],"wp:featuredmedia":[{"embeddable":true,"href":"https:\/\/www.iplay.com\/fr\/wp-json\/wp\/v2\/media\/71589"}],"wp:attachment":[{"href":"https:\/\/www.iplay.com\/fr\/wp-json\/wp\/v2\/media?parent=129791"}],"wp:term":[{"taxonomy":"product_brand","embeddable":true,"href":"https:\/\/www.iplay.com\/fr\/wp-json\/wp\/v2\/product_brand?post=129791"},{"taxonomy":"product_cat","embeddable":true,"href":"https:\/\/www.iplay.com\/fr\/wp-json\/wp\/v2\/product_cat?post=129791"},{"taxonomy":"product_tag","embeddable":true,"href":"https:\/\/www.iplay.com\/fr\/wp-json\/wp\/v2\/product_tag?post=129791"}],"curies":[{"name":"wp","href":"https:\/\/api.w.org\/{rel}","templated":true}]}}