{"id":129779,"date":"2023-10-17T00:00:00","date_gmt":"2023-10-17T00:00:00","guid":{"rendered":"https:\/\/www.iplay.com\/games\/secrets-of-magic-3-happy-halloween\/"},"modified":"2023-10-17T00:00:00","modified_gmt":"2023-10-17T00:00:00","slug":"secrets-of-magic-3-happy-halloween","status":"publish","type":"product","link":"https:\/\/www.iplay.com\/fr\/games\/secrets-of-magic-3-happy-halloween\/","title":{"rendered":"Secrets of Magic 3: Happy Halloween"},"content":{"rendered":"<p>Victoria a accept\u00e9 un poste d\u2019enseignante \u00e0 la Mystic Academy of Magic, et elle a besoin de votre talent artistique pour l\u2019aider \u00e0 d\u00e9corer l\u2019\u00e9cole pour Halloween. Au fur et \u00e0 mesure que vous avancez dans le jeu, vous pourrez vous frayer un chemin \u00e0 travers une aventure passionnante et terrifiante o\u00f9 vous devrez conqu\u00e9rir des obstacles difficiles, utiliser des bonus pour vous aider \u00e0 gagner de l\u2019or afin que vous puissiez acheter de fantastiques objets de d\u00e9coration d\u2019Halloween et d\u00e9bloquer de nouveaux objets. \u00cates-vous pr\u00eat \u00e0 relever cette t\u00e2che \u00e9trange ?  <\/p>\n<p>&nbsp;<\/p>\n<p><strong>Fonctionnalit\u00e9s<\/strong><\/p>\n<p>&#8211; Profitez d\u2019une vari\u00e9t\u00e9 de modes de jeu et de modes<br \/>\n de difficult\u00e9- Planifiez vos mouvements, faites la course contre la montre ou jouez-le d\u00e9tendu-<br \/>\n Collectez de l\u2019or pour acheter des objets<br \/>\n de d\u00e9coration d\u2019Halloween- Obstacles difficiles et bonus sympas<\/p>\n","protected":false},"excerpt":{"rendered":"<p>Aidez Victoria \u00e0 cr\u00e9er l\u2019exposition d\u2019Halloween la plus \u00e9tonnante de tous les temps.<\/p>\n","protected":false},"author":22,"featured_media":98800,"comment_status":"open","ping_status":"closed","template":"","meta":{"_acf_changed":false,"inline_featured_image":false},"product_brand":[],"product_cat":[177],"product_tag":[287],"class_list":{"0":"post-129779","1":"product","2":"type-product","3":"status-publish","4":"has-post-thumbnail","6":"product_cat-match-3-fr","7":"product_tag-play-on-pc-fr","9":"first","10":"instock","11":"shipping-taxable","12":"purchasable","13":"product-type-simple"},"acf":[],"yoast_head":"<!-- This site is optimized with the Yoast SEO Premium plugin v25.2 (Yoast SEO v25.2) - https:\/\/yoast.com\/wordpress\/plugins\/seo\/ -->\n<title>Secrets of Magic 3 - Joyeux Halloween - Aidez Victoria \u00e0 cr\u00e9er l\u2019affichage ultime d\u2019Halloween<\/title>\n<meta name=\"description\" content=\"Aidez Victoria \u00e0 cr\u00e9er l\u2019exposition d\u2019Halloween la plus \u00e9tonnante de tous les temps.\" \/>\n<meta name=\"robots\" content=\"index, follow, max-snippet:-1, max-image-preview:large, max-video-preview:-1\" \/>\n<link rel=\"canonical\" href=\"https:\/\/www.iplay.com\/fr\/games\/secrets-of-magic-3-happy-halloween\/\" \/>\n<meta property=\"og:locale\" content=\"fr_FR\" \/>\n<meta property=\"og:type\" content=\"article\" \/>\n<meta property=\"og:title\" content=\"Secrets of Magic 3: Happy Halloween\" \/>\n<meta property=\"og:description\" content=\"Aidez Victoria \u00e0 cr\u00e9er l\u2019exposition d\u2019Halloween la plus \u00e9tonnante de tous les temps.\" \/>\n<meta property=\"og:url\" content=\"https:\/\/www.iplay.com\/fr\/games\/secrets-of-magic-3-happy-halloween\/\" \/>\n<meta property=\"og:site_name\" content=\"IPlay\" \/>\n<meta property=\"og:image\" content=\"https:\/\/www.iplay.com\/wp-content\/uploads\/2023\/12\/large_square_tile_image-3681.jpg\" \/>\n\t<meta property=\"og:image:width\" content=\"310\" \/>\n\t<meta property=\"og:image:height\" content=\"310\" \/>\n\t<meta property=\"og:image:type\" content=\"image\/jpeg\" \/>\n<meta name=\"twitter:card\" content=\"summary_large_image\" \/>\n<meta name=\"twitter:label1\" content=\"Dur\u00e9e de lecture estim\u00e9e\" \/>\n\t<meta name=\"twitter:data1\" content=\"1 minute\" \/>\n<script type=\"application\/ld+json\" class=\"yoast-schema-graph\">{\"@context\":\"https:\/\/schema.org\",\"@graph\":[{\"@type\":\"WebPage\",\"@id\":\"https:\/\/www.iplay.com\/fr\/games\/secrets-of-magic-3-happy-halloween\/\",\"url\":\"https:\/\/www.iplay.com\/fr\/games\/secrets-of-magic-3-happy-halloween\/\",\"name\":\"Secrets of Magic 3 - Joyeux Halloween - Aidez Victoria \u00e0 cr\u00e9er l\u2019affichage ultime d\u2019Halloween\",\"isPartOf\":{\"@id\":\"https:\/\/www.iplay.com\/en\/#website\"},\"primaryImageOfPage\":{\"@id\":\"https:\/\/www.iplay.com\/fr\/games\/secrets-of-magic-3-happy-halloween\/#primaryimage\"},\"image\":{\"@id\":\"https:\/\/www.iplay.com\/fr\/games\/secrets-of-magic-3-happy-halloween\/#primaryimage\"},\"thumbnailUrl\":\"https:\/\/www.iplay.com\/wp-content\/uploads\/2023\/12\/large_square_tile_image-3681.jpg\",\"datePublished\":\"2023-10-17T00:00:00+00:00\",\"description\":\"Aidez Victoria \u00e0 cr\u00e9er l\u2019exposition d\u2019Halloween la plus \u00e9tonnante de tous les temps.\",\"breadcrumb\":{\"@id\":\"https:\/\/www.iplay.com\/fr\/games\/secrets-of-magic-3-happy-halloween\/#breadcrumb\"},\"inLanguage\":\"fr-FR\",\"potentialAction\":[{\"@type\":\"ReadAction\",\"target\":[\"https:\/\/www.iplay.com\/fr\/games\/secrets-of-magic-3-happy-halloween\/\"]}]},{\"@type\":\"ImageObject\",\"inLanguage\":\"fr-FR\",\"@id\":\"https:\/\/www.iplay.com\/fr\/games\/secrets-of-magic-3-happy-halloween\/#primaryimage\",\"url\":\"https:\/\/www.iplay.com\/wp-content\/uploads\/2023\/12\/large_square_tile_image-3681.jpg\",\"contentUrl\":\"https:\/\/www.iplay.com\/wp-content\/uploads\/2023\/12\/large_square_tile_image-3681.jpg\",\"width\":310,\"height\":310},{\"@type\":\"BreadcrumbList\",\"@id\":\"https:\/\/www.iplay.com\/fr\/games\/secrets-of-magic-3-happy-halloween\/#breadcrumb\",\"itemListElement\":[{\"@type\":\"ListItem\",\"position\":1,\"name\":\"Home\",\"item\":\"https:\/\/www.iplay.com\/fr\/home-page-2\/\"},{\"@type\":\"ListItem\",\"position\":2,\"name\":\"Shop\",\"item\":\"https:\/\/www.iplay.com\/en\/shop\/\"},{\"@type\":\"ListItem\",\"position\":3,\"name\":\"Secrets of Magic 3: Happy Halloween\"}]},{\"@type\":\"WebSite\",\"@id\":\"https:\/\/www.iplay.com\/en\/#website\",\"url\":\"https:\/\/www.iplay.com\/en\/\",\"name\":\"IPlay\",\"description\":\"The Best Casual Games!\",\"publisher\":{\"@id\":\"https:\/\/www.iplay.com\/en\/#organization\"},\"potentialAction\":[{\"@type\":\"SearchAction\",\"target\":{\"@type\":\"EntryPoint\",\"urlTemplate\":\"https:\/\/www.iplay.com\/en\/?s={search_term_string}\"},\"query-input\":{\"@type\":\"PropertyValueSpecification\",\"valueRequired\":true,\"valueName\":\"search_term_string\"}}],\"inLanguage\":\"fr-FR\"},{\"@type\":\"Organization\",\"@id\":\"https:\/\/www.iplay.com\/en\/#organization\",\"name\":\"IPlay\",\"url\":\"https:\/\/www.iplay.com\/en\/\",\"logo\":{\"@type\":\"ImageObject\",\"inLanguage\":\"fr-FR\",\"@id\":\"https:\/\/www.iplay.com\/en\/#\/schema\/logo\/image\/\",\"url\":\"https:\/\/www.iplay.com\/wp-content\/uploads\/2023\/11\/Group-6100.svg\",\"contentUrl\":\"https:\/\/www.iplay.com\/wp-content\/uploads\/2023\/11\/Group-6100.svg\",\"width\":98,\"height\":25,\"caption\":\"IPlay\"},\"image\":{\"@id\":\"https:\/\/www.iplay.com\/en\/#\/schema\/logo\/image\/\"}}]}<\/script>\n<!-- \/ Yoast SEO Premium plugin. -->","yoast_head_json":{"title":"Secrets of Magic 3 - Joyeux Halloween - Aidez Victoria \u00e0 cr\u00e9er l\u2019affichage ultime d\u2019Halloween","description":"Aidez Victoria \u00e0 cr\u00e9er l\u2019exposition d\u2019Halloween la plus \u00e9tonnante de tous les temps.","robots":{"index":"index","follow":"follow","max-snippet":"max-snippet:-1","max-image-preview":"max-image-preview:large","max-video-preview":"max-video-preview:-1"},"canonical":"https:\/\/www.iplay.com\/fr\/games\/secrets-of-magic-3-happy-halloween\/","og_locale":"fr_FR","og_type":"article","og_title":"Secrets of Magic 3: Happy Halloween","og_description":"Aidez Victoria \u00e0 cr\u00e9er l\u2019exposition d\u2019Halloween la plus \u00e9tonnante de tous les temps.","og_url":"https:\/\/www.iplay.com\/fr\/games\/secrets-of-magic-3-happy-halloween\/","og_site_name":"IPlay","og_image":[{"width":310,"height":310,"url":"https:\/\/www.iplay.com\/wp-content\/uploads\/2023\/12\/large_square_tile_image-3681.jpg","type":"image\/jpeg"}],"twitter_card":"summary_large_image","twitter_misc":{"Dur\u00e9e de lecture estim\u00e9e":"1 minute"},"schema":{"@context":"https:\/\/schema.org","@graph":[{"@type":"WebPage","@id":"https:\/\/www.iplay.com\/fr\/games\/secrets-of-magic-3-happy-halloween\/","url":"https:\/\/www.iplay.com\/fr\/games\/secrets-of-magic-3-happy-halloween\/","name":"Secrets of Magic 3 - Joyeux Halloween - Aidez Victoria \u00e0 cr\u00e9er l\u2019affichage ultime d\u2019Halloween","isPartOf":{"@id":"https:\/\/www.iplay.com\/en\/#website"},"primaryImageOfPage":{"@id":"https:\/\/www.iplay.com\/fr\/games\/secrets-of-magic-3-happy-halloween\/#primaryimage"},"image":{"@id":"https:\/\/www.iplay.com\/fr\/games\/secrets-of-magic-3-happy-halloween\/#primaryimage"},"thumbnailUrl":"https:\/\/www.iplay.com\/wp-content\/uploads\/2023\/12\/large_square_tile_image-3681.jpg","datePublished":"2023-10-17T00:00:00+00:00","description":"Aidez Victoria \u00e0 cr\u00e9er l\u2019exposition d\u2019Halloween la plus \u00e9tonnante de tous les temps.","breadcrumb":{"@id":"https:\/\/www.iplay.com\/fr\/games\/secrets-of-magic-3-happy-halloween\/#breadcrumb"},"inLanguage":"fr-FR","potentialAction":[{"@type":"ReadAction","target":["https:\/\/www.iplay.com\/fr\/games\/secrets-of-magic-3-happy-halloween\/"]}]},{"@type":"ImageObject","inLanguage":"fr-FR","@id":"https:\/\/www.iplay.com\/fr\/games\/secrets-of-magic-3-happy-halloween\/#primaryimage","url":"https:\/\/www.iplay.com\/wp-content\/uploads\/2023\/12\/large_square_tile_image-3681.jpg","contentUrl":"https:\/\/www.iplay.com\/wp-content\/uploads\/2023\/12\/large_square_tile_image-3681.jpg","width":310,"height":310},{"@type":"BreadcrumbList","@id":"https:\/\/www.iplay.com\/fr\/games\/secrets-of-magic-3-happy-halloween\/#breadcrumb","itemListElement":[{"@type":"ListItem","position":1,"name":"Home","item":"https:\/\/www.iplay.com\/fr\/home-page-2\/"},{"@type":"ListItem","position":2,"name":"Shop","item":"https:\/\/www.iplay.com\/en\/shop\/"},{"@type":"ListItem","position":3,"name":"Secrets of Magic 3: Happy Halloween"}]},{"@type":"WebSite","@id":"https:\/\/www.iplay.com\/en\/#website","url":"https:\/\/www.iplay.com\/en\/","name":"IPlay","description":"The Best Casual Games!","publisher":{"@id":"https:\/\/www.iplay.com\/en\/#organization"},"potentialAction":[{"@type":"SearchAction","target":{"@type":"EntryPoint","urlTemplate":"https:\/\/www.iplay.com\/en\/?s={search_term_string}"},"query-input":{"@type":"PropertyValueSpecification","valueRequired":true,"valueName":"search_term_string"}}],"inLanguage":"fr-FR"},{"@type":"Organization","@id":"https:\/\/www.iplay.com\/en\/#organization","name":"IPlay","url":"https:\/\/www.iplay.com\/en\/","logo":{"@type":"ImageObject","inLanguage":"fr-FR","@id":"https:\/\/www.iplay.com\/en\/#\/schema\/logo\/image\/","url":"https:\/\/www.iplay.com\/wp-content\/uploads\/2023\/11\/Group-6100.svg","contentUrl":"https:\/\/www.iplay.com\/wp-content\/uploads\/2023\/11\/Group-6100.svg","width":98,"height":25,"caption":"IPlay"},"image":{"@id":"https:\/\/www.iplay.com\/en\/#\/schema\/logo\/image\/"}}]}},"_links":{"self":[{"href":"https:\/\/www.iplay.com\/fr\/wp-json\/wp\/v2\/product\/129779","targetHints":{"allow":["GET"]}}],"collection":[{"href":"https:\/\/www.iplay.com\/fr\/wp-json\/wp\/v2\/product"}],"about":[{"href":"https:\/\/www.iplay.com\/fr\/wp-json\/wp\/v2\/types\/product"}],"author":[{"embeddable":true,"href":"https:\/\/www.iplay.com\/fr\/wp-json\/wp\/v2\/users\/22"}],"replies":[{"embeddable":true,"href":"https:\/\/www.iplay.com\/fr\/wp-json\/wp\/v2\/comments?post=129779"}],"wp:featuredmedia":[{"embeddable":true,"href":"https:\/\/www.iplay.com\/fr\/wp-json\/wp\/v2\/media\/98800"}],"wp:attachment":[{"href":"https:\/\/www.iplay.com\/fr\/wp-json\/wp\/v2\/media?parent=129779"}],"wp:term":[{"taxonomy":"product_brand","embeddable":true,"href":"https:\/\/www.iplay.com\/fr\/wp-json\/wp\/v2\/product_brand?post=129779"},{"taxonomy":"product_cat","embeddable":true,"href":"https:\/\/www.iplay.com\/fr\/wp-json\/wp\/v2\/product_cat?post=129779"},{"taxonomy":"product_tag","embeddable":true,"href":"https:\/\/www.iplay.com\/fr\/wp-json\/wp\/v2\/product_tag?post=129779"}],"curies":[{"name":"wp","href":"https:\/\/api.w.org\/{rel}","templated":true}]}}